{"id":80923,"date":"2022-11-23T21:28:09","date_gmt":"2022-11-23T20:28:09","guid":{"rendered":"https:\/\/onlinelotto365.com\/?page_id=80923"},"modified":"2022-11-23T21:28:30","modified_gmt":"2022-11-23T20:28:30","slug":"oz-lotto","status":"publish","type":"page","link":"https:\/\/onlinelotto365.com\/da\/vindende-numre\/oz-lotto\/","title":{"rendered":"Vindende numre fra Oz Lotto"},"content":{"rendered":"<p>Der er masser af internationale lotterimuligheder tilg\u00e6ngelige p\u00e5 vores hjemmeside, og n\u00e5r du spiller disse spil, vil du gerne sikre dig, at du kan se de vindende numre. En m\u00e5de er ved hj\u00e6lp af en avis, men det kan v\u00e6re sv\u00e6rt at finde Oz Lotto-resultater i avisen. En anden mulighed er p\u00e5 tv, men det kan ogs\u00e5 v\u00e6re en vanskelig situation for de fleste mennesker at finde den rigtige kanal til at se tegningen eller se resultaterne.<\/p>\n<p>Dern\u00e6st kan du tjekke det officielle websted for Oz Lotto og se, om du kan f\u00e5 resultaterne der. Nogle spil lader dig se lodtr\u00e6kningen live p\u00e5 deres hjemmeside. Men husk p\u00e5, at dette ikke er muligt med alle lottospil, og du kan finde dig selv uden denne mulighed.<br \/>\n<a href=\"https:\/\/redfoxlotto.com\/play\/oz-lotto\/?ref=a8564250a2&amp;medium=ol365\" target=\"_blank\" rel=\"noopener noreferrer\"><img decoding=\"async\" class=\"aligncenter\" src=\"https:\/\/redfoxlotto.com\/image?size=8&amp;lottery=oz-lotto\" alt=\"Oz Lotto\" \/><\/a><br \/>\nEfter at tr\u00e6kningen har fundet sted, kan du nogle gange lave en s\u00f8gning p\u00e5 YouTube efter resultaterne af den seneste Oz Lotto-tr\u00e6kning. Disse er heller ikke altid tilg\u00e6ngelige, men nogle gange er der nogen, der l\u00e6gger en video af live-tr\u00e6kningen eller tallene op.<\/p>\n<p>Det bedste du kan g\u00f8re, hvis du vil have de seneste vindertal, er dog at tjekke vores hjemmeside og vores side med lotto resultater. Det er der, hvor vi l\u00e6gger resultaterne for hvert eneste lottospil, som du kan k\u00f8be p\u00e5 vores hjemmeside, s\u00e5 du ved, hvor du skal kigge.<\/p>\n<h2>S\u00e5dan finder du ud af, om din online-lodseddel har vundet<\/h2>\n<p>For dem, der har k\u00f8bt lodder til et af de spil, som vi tilbyder, kan du logge ind p\u00e5 din konto og g\u00e5 til den side, hvor dine lodder er gemt. Denne side vil give dig alle de oplysninger, du har brug for. Du vil kunne se dine lottokuponer samt de vindende numre.<br \/>\nHvis du er heldig nok til at matche nogle numre, vil du ogs\u00e5 se de numre, der matcher, fremh\u00e6vet p\u00e5 din sk\u00e6rm. Og du kan kontrollere m\u00e6ngden af matchede numre og hvilken gevinst du har vundet. Hvis det er mindre end 2.500 \u20ac, kan du se p\u00e5 din konto og finde den direkte p\u00e5 din spillerkonto, s\u00e5 snart resultaterne er bekr\u00e6ftet.<\/p>\n<h2>Oz Lotto resultatarkiv<\/h2>\n<p>For dem, der \u00f8nsker at se p\u00e5 \u00e6ldre numre fra Oz Lotto eller andre lotterispil, kan du nemt finde arkivet linket til enhver side, hvor de aktuelle numre vises. Dette g\u00f8r det nemmere for dig at finde de numre, som du leder efter for at hj\u00e6lpe dig med fremtidige valg.<\/p>\n<h2>Min kupon har vundet, hvad sker der nu?<\/h2>\n<p><img loading=\"lazy\" decoding=\"async\" class=\"alignright wp-image-3624\" src=\"https:\/\/onlinelotto365.com\/wp-content\/uploads\/2020\/11\/online_lottery-74-200x300.jpg\" alt=\"oz lotto vindende numre\" width=\"123\" height=\"185\" srcset=\"https:\/\/onlinelotto365.com\/wp-content\/uploads\/2020\/11\/online_lottery-74-200x300.jpg 200w, https:\/\/onlinelotto365.com\/wp-content\/uploads\/2020\/11\/online_lottery-74.jpg 320w\" sizes=\"auto, (max-width: 123px) 100vw, 123px\" \/> Vi har allerede talt om, hvordan du kan f\u00e5 din gevinst, hvis din kupon matcher de vindende numre, men lad os ogs\u00e5 se lidt n\u00e6rmere p\u00e5 det. Hvis du har en kupon med en v\u00e6rdi p\u00e5 under 2.500 \u20ac, vil du se pengene automatisk blive tilf\u00f8jet til din konto, s\u00e5 snart de vindende numre er blevet bekr\u00e6ftet.<\/p>\n<p>Hvis du derefter har mindst \u20ac10 p\u00e5 din konto, kan du h\u00e6ve pengene ved hj\u00e6lp af en hvilken som helst betalingsmetode, som du allerede har brugt p\u00e5 din konto. Du skal blot udfylde et par formularer for at bekr\u00e6fte din identitet, og dine penge vil v\u00e6re p\u00e5 din konto i l\u00f8bet af ingen tid. Eller du kan lade dem blive hvor de er, og bruge dem til at k\u00f8be endnu flere billetter senere.<\/p>\n","protected":false},"excerpt":{"rendered":"<p>Der er masser af internationale lotterimuligheder tilg\u00e6ngelige p\u00e5 vores hjemmeside, og n\u00e5r du spiller disse spil, vil du gerne sikre dig, at du kan se de vindende numre. En m\u00e5de er ved hj\u00e6lp af en avis, men det kan v\u00e6re sv\u00e6rt at finde Oz Lotto-resultater i avisen. En anden mulighed er p\u00e5 tv, men det [&hellip;]<\/p>\n","protected":false},"author":1,"featured_media":0,"parent":5826,"menu_order":14,"comment_status":"closed","ping_status":"closed","template":"template-rightsidebar.php","meta":{"_et_pb_use_builder":"","_et_pb_old_content":"","_et_gb_content_width":"","exclude_from_search":false,"footnotes":""},"class_list":["post-80923","page","type-page","status-publish","hentry"],"yoast_head":"<!-- This site is optimized with the Yoast SEO plugin v23.4 - https:\/\/yoast.com\/wordpress\/plugins\/seo\/ -->\n<title>Oz Lotto-tr\u00e6kningsresultater og pr\u00e6mier<\/title>\n<meta name=\"description\" content=\"Leder du efter tr\u00e6kningsresultaterne for Oz Lotto? Her er de vindende numre\" \/>\n<meta name=\"robots\" content=\"index, follow, max-snippet:-1, max-image-preview:large, max-video-preview:-1\" \/>\n<link rel=\"canonical\" href=\"https:\/\/onlinelotto365.com\/da\/vindende-numre\/oz-lotto\/\" \/>\n<meta property=\"og:locale\" content=\"da_DK\" \/>\n<meta property=\"og:type\" content=\"article\" \/>\n<meta property=\"og:title\" content=\"Oz Lotto-tr\u00e6kningsresultater og pr\u00e6mier\" \/>\n<meta property=\"og:description\" content=\"Leder du efter tr\u00e6kningsresultaterne for Oz Lotto? Her er de vindende numre\" \/>\n<meta property=\"og:url\" content=\"https:\/\/onlinelotto365.com\/da\/vindende-numre\/oz-lotto\/\" \/>\n<meta property=\"og:site_name\" content=\"OnlineLotto365\" \/>\n<meta property=\"article:modified_time\" content=\"2022-11-23T20:28:30+00:00\" \/>\n<meta property=\"og:image\" content=\"https:\/\/redfoxlotto.com\/image?size=8&amp;lottery=oz-lotto\" \/>\n<meta name=\"twitter:card\" content=\"summary_large_image\" \/>\n<meta name=\"twitter:label1\" content=\"Estimeret l\u00e6setid\" \/>\n\t<meta name=\"twitter:data1\" content=\"3 minutter\" \/>\n<script type=\"application\/ld+json\" class=\"yoast-schema-graph\">{\"@context\":\"https:\/\/schema.org\",\"@graph\":[{\"@type\":\"WebPage\",\"@id\":\"https:\/\/onlinelotto365.com\/da\/vindende-numre\/oz-lotto\/\",\"url\":\"https:\/\/onlinelotto365.com\/da\/vindende-numre\/oz-lotto\/\",\"name\":\"Oz Lotto-tr\u00e6kningsresultater og pr\u00e6mier\",\"isPartOf\":{\"@id\":\"https:\/\/onlinelotto365.com\/da\/#website\"},\"primaryImageOfPage\":{\"@id\":\"https:\/\/onlinelotto365.com\/da\/vindende-numre\/oz-lotto\/#primaryimage\"},\"image\":{\"@id\":\"https:\/\/onlinelotto365.com\/da\/vindende-numre\/oz-lotto\/#primaryimage\"},\"thumbnailUrl\":\"https:\/\/redfoxlotto.com\/image?size=8&amp;lottery=oz-lotto\",\"datePublished\":\"2022-11-23T20:28:09+00:00\",\"dateModified\":\"2022-11-23T20:28:30+00:00\",\"description\":\"Leder du efter tr\u00e6kningsresultaterne for Oz Lotto? Her er de vindende numre\",\"breadcrumb\":{\"@id\":\"https:\/\/onlinelotto365.com\/da\/vindende-numre\/oz-lotto\/#breadcrumb\"},\"inLanguage\":\"da-DK\",\"potentialAction\":[{\"@type\":\"ReadAction\",\"target\":[\"https:\/\/onlinelotto365.com\/da\/vindende-numre\/oz-lotto\/\"]}]},{\"@type\":\"ImageObject\",\"inLanguage\":\"da-DK\",\"@id\":\"https:\/\/onlinelotto365.com\/da\/vindende-numre\/oz-lotto\/#primaryimage\",\"url\":\"https:\/\/redfoxlotto.com\/image?size=8&amp;lottery=oz-lotto\",\"contentUrl\":\"https:\/\/redfoxlotto.com\/image?size=8&amp;lottery=oz-lotto\"},{\"@type\":\"BreadcrumbList\",\"@id\":\"https:\/\/onlinelotto365.com\/da\/vindende-numre\/oz-lotto\/#breadcrumb\",\"itemListElement\":[{\"@type\":\"ListItem\",\"position\":1,\"name\":\"Home\",\"item\":\"https:\/\/onlinelotto365.com\/da\/\"},{\"@type\":\"ListItem\",\"position\":2,\"name\":\"F\u00e5 vindertal og resultater for de seneste lotteriudtr\u00e6kninger\",\"item\":\"https:\/\/onlinelotto365.com\/da\/vindende-numre\/\"},{\"@type\":\"ListItem\",\"position\":3,\"name\":\"Vindende numre fra Oz Lotto\"}]},{\"@type\":\"WebSite\",\"@id\":\"https:\/\/onlinelotto365.com\/da\/#website\",\"url\":\"https:\/\/onlinelotto365.com\/da\/\",\"name\":\"OnlineLotto365\",\"description\":\"\",\"potentialAction\":[{\"@type\":\"SearchAction\",\"target\":{\"@type\":\"EntryPoint\",\"urlTemplate\":\"https:\/\/onlinelotto365.com\/da\/?s={search_term_string}\"},\"query-input\":{\"@type\":\"PropertyValueSpecification\",\"valueRequired\":true,\"valueName\":\"search_term_string\"}}],\"inLanguage\":\"da-DK\"}]}<\/script>\n<!-- \/ Yoast SEO plugin. -->","yoast_head_json":{"title":"Oz Lotto-tr\u00e6kningsresultater og pr\u00e6mier","description":"Leder du efter tr\u00e6kningsresultaterne for Oz Lotto? Her er de vindende numre","robots":{"index":"index","follow":"follow","max-snippet":"max-snippet:-1","max-image-preview":"max-image-preview:large","max-video-preview":"max-video-preview:-1"},"canonical":"https:\/\/onlinelotto365.com\/da\/vindende-numre\/oz-lotto\/","og_locale":"da_DK","og_type":"article","og_title":"Oz Lotto-tr\u00e6kningsresultater og pr\u00e6mier","og_description":"Leder du efter tr\u00e6kningsresultaterne for Oz Lotto? Her er de vindende numre","og_url":"https:\/\/onlinelotto365.com\/da\/vindende-numre\/oz-lotto\/","og_site_name":"OnlineLotto365","article_modified_time":"2022-11-23T20:28:30+00:00","og_image":[{"url":"https:\/\/redfoxlotto.com\/image?size=8&amp;lottery=oz-lotto"}],"twitter_card":"summary_large_image","twitter_misc":{"Estimeret l\u00e6setid":"3 minutter"},"schema":{"@context":"https:\/\/schema.org","@graph":[{"@type":"WebPage","@id":"https:\/\/onlinelotto365.com\/da\/vindende-numre\/oz-lotto\/","url":"https:\/\/onlinelotto365.com\/da\/vindende-numre\/oz-lotto\/","name":"Oz Lotto-tr\u00e6kningsresultater og pr\u00e6mier","isPartOf":{"@id":"https:\/\/onlinelotto365.com\/da\/#website"},"primaryImageOfPage":{"@id":"https:\/\/onlinelotto365.com\/da\/vindende-numre\/oz-lotto\/#primaryimage"},"image":{"@id":"https:\/\/onlinelotto365.com\/da\/vindende-numre\/oz-lotto\/#primaryimage"},"thumbnailUrl":"https:\/\/redfoxlotto.com\/image?size=8&amp;lottery=oz-lotto","datePublished":"2022-11-23T20:28:09+00:00","dateModified":"2022-11-23T20:28:30+00:00","description":"Leder du efter tr\u00e6kningsresultaterne for Oz Lotto? Her er de vindende numre","breadcrumb":{"@id":"https:\/\/onlinelotto365.com\/da\/vindende-numre\/oz-lotto\/#breadcrumb"},"inLanguage":"da-DK","potentialAction":[{"@type":"ReadAction","target":["https:\/\/onlinelotto365.com\/da\/vindende-numre\/oz-lotto\/"]}]},{"@type":"ImageObject","inLanguage":"da-DK","@id":"https:\/\/onlinelotto365.com\/da\/vindende-numre\/oz-lotto\/#primaryimage","url":"https:\/\/redfoxlotto.com\/image?size=8&amp;lottery=oz-lotto","contentUrl":"https:\/\/redfoxlotto.com\/image?size=8&amp;lottery=oz-lotto"},{"@type":"BreadcrumbList","@id":"https:\/\/onlinelotto365.com\/da\/vindende-numre\/oz-lotto\/#breadcrumb","itemListElement":[{"@type":"ListItem","position":1,"name":"Home","item":"https:\/\/onlinelotto365.com\/da\/"},{"@type":"ListItem","position":2,"name":"F\u00e5 vindertal og resultater for de seneste lotteriudtr\u00e6kninger","item":"https:\/\/onlinelotto365.com\/da\/vindende-numre\/"},{"@type":"ListItem","position":3,"name":"Vindende numre fra Oz Lotto"}]},{"@type":"WebSite","@id":"https:\/\/onlinelotto365.com\/da\/#website","url":"https:\/\/onlinelotto365.com\/da\/","name":"OnlineLotto365","description":"","potentialAction":[{"@type":"SearchAction","target":{"@type":"EntryPoint","urlTemplate":"https:\/\/onlinelotto365.com\/da\/?s={search_term_string}"},"query-input":{"@type":"PropertyValueSpecification","valueRequired":true,"valueName":"search_term_string"}}],"inLanguage":"da-DK"}]}},"_links":{"self":[{"href":"https:\/\/onlinelotto365.com\/da\/wp-json\/wp\/v2\/pages\/80923","targetHints":{"allow":["GET"]}}],"collection":[{"href":"https:\/\/onlinelotto365.com\/da\/wp-json\/wp\/v2\/pages"}],"about":[{"href":"https:\/\/onlinelotto365.com\/da\/wp-json\/wp\/v2\/types\/page"}],"author":[{"embeddable":true,"href":"https:\/\/onlinelotto365.com\/da\/wp-json\/wp\/v2\/users\/1"}],"replies":[{"embeddable":true,"href":"https:\/\/onlinelotto365.com\/da\/wp-json\/wp\/v2\/comments?post=80923"}],"version-history":[{"count":0,"href":"https:\/\/onlinelotto365.com\/da\/wp-json\/wp\/v2\/pages\/80923\/revisions"}],"up":[{"embeddable":true,"href":"https:\/\/onlinelotto365.com\/da\/wp-json\/wp\/v2\/pages\/5826"}],"wp:attachment":[{"href":"https:\/\/onlinelotto365.com\/da\/wp-json\/wp\/v2\/media?parent=80923"}],"curies":[{"name":"wp","href":"https:\/\/api.w.org\/{rel}","templated":true}]}}