{"id":80956,"date":"2022-11-23T22:44:04","date_gmt":"2022-11-23T21:44:04","guid":{"rendered":"https:\/\/onlinelotto365.com\/?page_id=80956"},"modified":"2022-11-23T22:44:04","modified_gmt":"2022-11-23T21:44:04","slug":"saturday-lotto-australia","status":"publish","type":"page","link":"https:\/\/onlinelotto365.com\/da\/vindende-numre\/saturday-lotto-australia\/","title":{"rendered":"Kontroller de vindende numre og bel\u00f8b for l\u00f8rdag Lotto Australia"},"content":{"rendered":"<p>Der er masser af forskellige internationale spil tilg\u00e6ngelige p\u00e5 vores hjemmeside, og vi ved, at du gerne vil kunne f\u00e5 de vindende tal s\u00e5 hurtigt som muligt. Avisen er generelt ikke et godt sted at finde vindernumre til l\u00f8rdags Lotto Australia. Det er heller ikke s\u00e6rlig godt at kigge p\u00e5 tv-kanaler og h\u00e5be p\u00e5 at finde det rigtige til dette spil. S\u00e5 hvor skal du g\u00e5 hen for at f\u00e5 dine resultater?<br \/>\n<a href=\"https:\/\/redfoxlotto.com\/play\/saturday-lotto-au\/?ref=a8564250a2&amp;medium=ol365\" target=\"_blank\" rel=\"noopener noreferrer\"><img decoding=\"async\" class=\"aligncenter\" src=\"https:\/\/redfoxlotto.com\/image?size=8&amp;lottery=saturday-lotto-au\" alt=\"L\u00f8rdag Lotto Australien\" \/><\/a><\/p>\n<p>Lotteriets hjemmeside er et sted at kigge. Nogle lotterispil tilbyder live-transmissioner af deres tr\u00e6kninger, men l\u00f8rdagslotto Australien er m\u00e5ske ikke et af dem. Du skal tjekke hjemmesiden for at v\u00e6re sikker, og s\u00e5 skal du s\u00f8rge for, at du ser med p\u00e5 det rigtige tidspunkt, hvis de tilbyder lodtr\u00e6kningen live.<br \/>\nEndelig kan du m\u00e5ske, hvis tr\u00e6kningen allerede er blevet gennemf\u00f8rt, foretage en s\u00f8gning p\u00e5 YouTube for at finde de resultater, som nogen allerede har offentliggjort. De har m\u00e5ske en video af den live-tegning, som du kan l\u00e6gge igennem.<\/p>\n<p>Den nemmeste m\u00e5de for dig at f\u00e5 de resultater, du leder efter, er dog at g\u00e5 direkte tilbage til vores websted. Det er der, du finder alle tallene for l\u00f8rdagens Lotto Australien samt alle andre spil, som du \u00f8nsker at spille. Numrene er tilg\u00e6ngelige p\u00e5 vores side med lotteriresultater og er nemme at finde.<\/p>\n<h2>S\u00e5dan finder du ud af, om din online-lodseddel har vundet<\/h2>\n<p>Alle, der allerede har k\u00f8bt lodder til Saturday Lotto Australia p\u00e5 vores hjemmeside, vil have det endnu nemmere, fordi du bare kan g\u00e5 ind p\u00e5 din konto. Log ind og se p\u00e5 den side, hvor dine lodder er gemt. Du vil ikke kun finde dine lottotal, men ogs\u00e5 vindernumrene for alle de spil, du har spillet.<\/p>\n<p>Derfra kan du kigge efter matches, som vi markerer for dig i forskellige farver. P\u00e5 den m\u00e5de kan du se, hvor meget du har vundet, og du kan se, hvor pengene er p\u00e5 din konto. Hvis det er mindre end 2.500 \u20ac, s\u00e6tter vi dem allerede direkte ind p\u00e5 kontoen for dig, s\u00e5 du beh\u00f8ver ikke at g\u00f8re noget.<\/p>\n<h2>L\u00f8rdag Lotto Australia resultatarkiv<\/h2>\n<p>For dem, der \u00f8nsker at sl\u00e5 \u00e6ldre numre op for l\u00f8rdags Lotto Australien, beh\u00f8ver du ikke at bekymre dig om noget. Vi s\u00f8rger for, at arkiverne er nemme at finde ved at vedh\u00e6fte dem til enhver side, hvor vi viser de aktuelle lotto resultater. P\u00e5 den m\u00e5de kan du tjekke alle de numre, du \u00f8nsker, selv fra lang tid siden.<\/p>\n<h2>Min lottokupon har vundet, hvad sker der nu?<\/h2>\n<p><img loading=\"lazy\" decoding=\"async\" class=\"alignright wp-image-3649\" src=\"https:\/\/onlinelotto365.com\/wp-content\/uploads\/2020\/11\/online_lottery-90-300x225.jpg\" alt=\"vindernumre l\u00f8rdag lotto australien\" width=\"207\" height=\"155\" srcset=\"https:\/\/onlinelotto365.com\/wp-content\/uploads\/2020\/11\/online_lottery-90-300x225.jpg 300w, https:\/\/onlinelotto365.com\/wp-content\/uploads\/2020\/11\/online_lottery-90.jpg 320w\" sizes=\"auto, (max-width: 207px) 100vw, 207px\" \/><br \/>\nVi har allerede talt om de gevinster, som du kan f\u00e5 fra dine lottokuponer. Hvis disse gevinster er mindre end 2.500 \u20ac, beh\u00f8ver du ikke at g\u00f8re noget for at g\u00f8re krav p\u00e5 dem. Vi s\u00e6tter pengene ind p\u00e5 din spillerkonto for dig med det samme. Hvis gevinsterne er p\u00e5 over 2.500 \u20ac, hj\u00e6lper vi dig gennem processen med at kr\u00e6ve dem.<\/p>\n<p>Husk ogs\u00e5 p\u00e5, at du kan h\u00e6ve alle penge p\u00e5 din konto, s\u00e5 l\u00e6nge der er mindst \u20ac10 p\u00e5 kontoen. Det eneste du skal g\u00f8re er at v\u00e6lge en betalingsmetode, som du har brugt p\u00e5 kontoen f\u00f8r, og udfylde et par verifikationsformularer til vores betalingsprocessor.<\/p>\n","protected":false},"excerpt":{"rendered":"<p>Der er masser af forskellige internationale spil tilg\u00e6ngelige p\u00e5 vores hjemmeside, og vi ved, at du gerne vil kunne f\u00e5 de vindende tal s\u00e5 hurtigt som muligt. Avisen er generelt ikke et godt sted at finde vindernumre til l\u00f8rdags Lotto Australia. Det er heller ikke s\u00e6rlig godt at kigge p\u00e5 tv-kanaler og h\u00e5be p\u00e5 at [&hellip;]<\/p>\n","protected":false},"author":1,"featured_media":0,"parent":5826,"menu_order":15,"comment_status":"closed","ping_status":"closed","template":"saturday-lotto-results.php","meta":{"_et_pb_use_builder":"","_et_pb_old_content":"","_et_gb_content_width":"","exclude_from_search":false,"footnotes":""},"class_list":["post-80956","page","type-page","status-publish","hentry"],"yoast_head":"<!-- This site is optimized with the Yoast SEO plugin v23.4 - https:\/\/yoast.com\/wordpress\/plugins\/seo\/ -->\n<title>Kontroller de vindende numre og bel\u00f8b for l\u00f8rdag Lotto Australien<\/title>\n<meta name=\"description\" content=\"Tr\u00e6kningsresultater, vindertal l\u00f8rdag lotto Australien, plus resultater arkiv\" \/>\n<meta name=\"robots\" content=\"index, follow, max-snippet:-1, max-image-preview:large, max-video-preview:-1\" \/>\n<link rel=\"canonical\" href=\"https:\/\/onlinelotto365.com\/da\/vindende-numre\/saturday-lotto-australia\/\" \/>\n<meta property=\"og:locale\" content=\"da_DK\" \/>\n<meta property=\"og:type\" content=\"article\" \/>\n<meta property=\"og:title\" content=\"Kontroller de vindende numre og bel\u00f8b for l\u00f8rdag Lotto Australien\" \/>\n<meta property=\"og:description\" content=\"Tr\u00e6kningsresultater, vindertal l\u00f8rdag lotto Australien, plus resultater arkiv\" \/>\n<meta property=\"og:url\" content=\"https:\/\/onlinelotto365.com\/da\/vindende-numre\/saturday-lotto-australia\/\" \/>\n<meta property=\"og:site_name\" content=\"OnlineLotto365\" \/>\n<meta property=\"og:image\" content=\"https:\/\/redfoxlotto.com\/image?size=8&amp;lottery=saturday-lotto-au\" \/>\n<meta name=\"twitter:card\" content=\"summary_large_image\" \/>\n<meta name=\"twitter:label1\" content=\"Estimeret l\u00e6setid\" \/>\n\t<meta name=\"twitter:data1\" content=\"3 minutter\" \/>\n<script type=\"application\/ld+json\" class=\"yoast-schema-graph\">{\"@context\":\"https:\/\/schema.org\",\"@graph\":[{\"@type\":\"WebPage\",\"@id\":\"https:\/\/onlinelotto365.com\/da\/vindende-numre\/saturday-lotto-australia\/\",\"url\":\"https:\/\/onlinelotto365.com\/da\/vindende-numre\/saturday-lotto-australia\/\",\"name\":\"Kontroller de vindende numre og bel\u00f8b for l\u00f8rdag Lotto Australien\",\"isPartOf\":{\"@id\":\"https:\/\/onlinelotto365.com\/da\/#website\"},\"primaryImageOfPage\":{\"@id\":\"https:\/\/onlinelotto365.com\/da\/vindende-numre\/saturday-lotto-australia\/#primaryimage\"},\"image\":{\"@id\":\"https:\/\/onlinelotto365.com\/da\/vindende-numre\/saturday-lotto-australia\/#primaryimage\"},\"thumbnailUrl\":\"https:\/\/redfoxlotto.com\/image?size=8&amp;lottery=saturday-lotto-au\",\"datePublished\":\"2022-11-23T21:44:04+00:00\",\"dateModified\":\"2022-11-23T21:44:04+00:00\",\"description\":\"Tr\u00e6kningsresultater, vindertal l\u00f8rdag lotto Australien, plus resultater arkiv\",\"breadcrumb\":{\"@id\":\"https:\/\/onlinelotto365.com\/da\/vindende-numre\/saturday-lotto-australia\/#breadcrumb\"},\"inLanguage\":\"da-DK\",\"potentialAction\":[{\"@type\":\"ReadAction\",\"target\":[\"https:\/\/onlinelotto365.com\/da\/vindende-numre\/saturday-lotto-australia\/\"]}]},{\"@type\":\"ImageObject\",\"inLanguage\":\"da-DK\",\"@id\":\"https:\/\/onlinelotto365.com\/da\/vindende-numre\/saturday-lotto-australia\/#primaryimage\",\"url\":\"https:\/\/redfoxlotto.com\/image?size=8&amp;lottery=saturday-lotto-au\",\"contentUrl\":\"https:\/\/redfoxlotto.com\/image?size=8&amp;lottery=saturday-lotto-au\"},{\"@type\":\"BreadcrumbList\",\"@id\":\"https:\/\/onlinelotto365.com\/da\/vindende-numre\/saturday-lotto-australia\/#breadcrumb\",\"itemListElement\":[{\"@type\":\"ListItem\",\"position\":1,\"name\":\"Home\",\"item\":\"https:\/\/onlinelotto365.com\/da\/\"},{\"@type\":\"ListItem\",\"position\":2,\"name\":\"F\u00e5 vindertal og resultater for de seneste lotteriudtr\u00e6kninger\",\"item\":\"https:\/\/onlinelotto365.com\/da\/vindende-numre\/\"},{\"@type\":\"ListItem\",\"position\":3,\"name\":\"Kontroller de vindende numre og bel\u00f8b for l\u00f8rdag Lotto Australia\"}]},{\"@type\":\"WebSite\",\"@id\":\"https:\/\/onlinelotto365.com\/da\/#website\",\"url\":\"https:\/\/onlinelotto365.com\/da\/\",\"name\":\"OnlineLotto365\",\"description\":\"\",\"potentialAction\":[{\"@type\":\"SearchAction\",\"target\":{\"@type\":\"EntryPoint\",\"urlTemplate\":\"https:\/\/onlinelotto365.com\/da\/?s={search_term_string}\"},\"query-input\":{\"@type\":\"PropertyValueSpecification\",\"valueRequired\":true,\"valueName\":\"search_term_string\"}}],\"inLanguage\":\"da-DK\"}]}<\/script>\n<!-- \/ Yoast SEO plugin. -->","yoast_head_json":{"title":"Kontroller de vindende numre og bel\u00f8b for l\u00f8rdag Lotto Australien","description":"Tr\u00e6kningsresultater, vindertal l\u00f8rdag lotto Australien, plus resultater arkiv","robots":{"index":"index","follow":"follow","max-snippet":"max-snippet:-1","max-image-preview":"max-image-preview:large","max-video-preview":"max-video-preview:-1"},"canonical":"https:\/\/onlinelotto365.com\/da\/vindende-numre\/saturday-lotto-australia\/","og_locale":"da_DK","og_type":"article","og_title":"Kontroller de vindende numre og bel\u00f8b for l\u00f8rdag Lotto Australien","og_description":"Tr\u00e6kningsresultater, vindertal l\u00f8rdag lotto Australien, plus resultater arkiv","og_url":"https:\/\/onlinelotto365.com\/da\/vindende-numre\/saturday-lotto-australia\/","og_site_name":"OnlineLotto365","og_image":[{"url":"https:\/\/redfoxlotto.com\/image?size=8&amp;lottery=saturday-lotto-au"}],"twitter_card":"summary_large_image","twitter_misc":{"Estimeret l\u00e6setid":"3 minutter"},"schema":{"@context":"https:\/\/schema.org","@graph":[{"@type":"WebPage","@id":"https:\/\/onlinelotto365.com\/da\/vindende-numre\/saturday-lotto-australia\/","url":"https:\/\/onlinelotto365.com\/da\/vindende-numre\/saturday-lotto-australia\/","name":"Kontroller de vindende numre og bel\u00f8b for l\u00f8rdag Lotto Australien","isPartOf":{"@id":"https:\/\/onlinelotto365.com\/da\/#website"},"primaryImageOfPage":{"@id":"https:\/\/onlinelotto365.com\/da\/vindende-numre\/saturday-lotto-australia\/#primaryimage"},"image":{"@id":"https:\/\/onlinelotto365.com\/da\/vindende-numre\/saturday-lotto-australia\/#primaryimage"},"thumbnailUrl":"https:\/\/redfoxlotto.com\/image?size=8&amp;lottery=saturday-lotto-au","datePublished":"2022-11-23T21:44:04+00:00","dateModified":"2022-11-23T21:44:04+00:00","description":"Tr\u00e6kningsresultater, vindertal l\u00f8rdag lotto Australien, plus resultater arkiv","breadcrumb":{"@id":"https:\/\/onlinelotto365.com\/da\/vindende-numre\/saturday-lotto-australia\/#breadcrumb"},"inLanguage":"da-DK","potentialAction":[{"@type":"ReadAction","target":["https:\/\/onlinelotto365.com\/da\/vindende-numre\/saturday-lotto-australia\/"]}]},{"@type":"ImageObject","inLanguage":"da-DK","@id":"https:\/\/onlinelotto365.com\/da\/vindende-numre\/saturday-lotto-australia\/#primaryimage","url":"https:\/\/redfoxlotto.com\/image?size=8&amp;lottery=saturday-lotto-au","contentUrl":"https:\/\/redfoxlotto.com\/image?size=8&amp;lottery=saturday-lotto-au"},{"@type":"BreadcrumbList","@id":"https:\/\/onlinelotto365.com\/da\/vindende-numre\/saturday-lotto-australia\/#breadcrumb","itemListElement":[{"@type":"ListItem","position":1,"name":"Home","item":"https:\/\/onlinelotto365.com\/da\/"},{"@type":"ListItem","position":2,"name":"F\u00e5 vindertal og resultater for de seneste lotteriudtr\u00e6kninger","item":"https:\/\/onlinelotto365.com\/da\/vindende-numre\/"},{"@type":"ListItem","position":3,"name":"Kontroller de vindende numre og bel\u00f8b for l\u00f8rdag Lotto Australia"}]},{"@type":"WebSite","@id":"https:\/\/onlinelotto365.com\/da\/#website","url":"https:\/\/onlinelotto365.com\/da\/","name":"OnlineLotto365","description":"","potentialAction":[{"@type":"SearchAction","target":{"@type":"EntryPoint","urlTemplate":"https:\/\/onlinelotto365.com\/da\/?s={search_term_string}"},"query-input":{"@type":"PropertyValueSpecification","valueRequired":true,"valueName":"search_term_string"}}],"inLanguage":"da-DK"}]}},"_links":{"self":[{"href":"https:\/\/onlinelotto365.com\/da\/wp-json\/wp\/v2\/pages\/80956","targetHints":{"allow":["GET"]}}],"collection":[{"href":"https:\/\/onlinelotto365.com\/da\/wp-json\/wp\/v2\/pages"}],"about":[{"href":"https:\/\/onlinelotto365.com\/da\/wp-json\/wp\/v2\/types\/page"}],"author":[{"embeddable":true,"href":"https:\/\/onlinelotto365.com\/da\/wp-json\/wp\/v2\/users\/1"}],"replies":[{"embeddable":true,"href":"https:\/\/onlinelotto365.com\/da\/wp-json\/wp\/v2\/comments?post=80956"}],"version-history":[{"count":0,"href":"https:\/\/onlinelotto365.com\/da\/wp-json\/wp\/v2\/pages\/80956\/revisions"}],"up":[{"embeddable":true,"href":"https:\/\/onlinelotto365.com\/da\/wp-json\/wp\/v2\/pages\/5826"}],"wp:attachment":[{"href":"https:\/\/onlinelotto365.com\/da\/wp-json\/wp\/v2\/media?parent=80956"}],"curies":[{"name":"wp","href":"https:\/\/api.w.org\/{rel}","templated":true}]}}