{"id":80988,"date":"2022-11-25T09:43:53","date_gmt":"2022-11-25T08:43:53","guid":{"rendered":"https:\/\/onlinelotto365.com\/?page_id=80988"},"modified":"2022-11-25T09:43:53","modified_gmt":"2022-11-25T08:43:53","slug":"mon-wed-lotto","status":"publish","type":"page","link":"https:\/\/onlinelotto365.com\/da\/vindende-numre\/mon-wed-lotto\/","title":{"rendered":"Alle mandag og onsdag Lotto Australien resultater"},"content":{"rendered":"<p>Der findes masser af forskellige internationale spil, som du kan spille, n\u00e5r det g\u00e6lder lotteri. Og du \u00f8nsker at kunne f\u00e5 resultaterne for dem s\u00e5 hurtigt som muligt. En m\u00e5de at g\u00f8re det p\u00e5 er at kigge efter en avis, der tilbyder Mon &amp; Wed Lotto Australia vindertal. Men de kan v\u00e6re sv\u00e6re at finde. En anden mulighed er tv&#8217;et, men disse kanaler kan ogs\u00e5 v\u00e6re sv\u00e6re. Hvad s\u00e5 hvis du ikke \u00f8nsker at lave en masse research?<br \/>\n<a href=\"https:\/\/redfoxlotto.com\/play\/monday-wednesday-lotto-au\/?ref=a8564250a2&amp;medium=ol365\" target=\"_blank\" rel=\"noopener noreferrer\"><img decoding=\"async\" class=\"aligncenter\" src=\"https:\/\/redfoxlotto.com\/image?size=8&amp;lottery=monday-wednesday-lotto-au\" alt=\"Mon &amp;amp; Wed Lotto Australien\" \/><\/a><\/p>\n<p>Tjek Mon &amp; Wed Lotto Australia-webstedet for at se, om de tilbyder live-tr\u00e6kninger. Live-tr\u00e6kninger for ethvert spil kan v\u00e6re meget sjovt, fordi de giver dig en hel masse \u00f8jeblikkelig sp\u00e6nding, mens du ser med. Men det er ikke alle spil, der tilbyder disse former for lodtr\u00e6kninger. Du skal sikre dig, at Mon &amp; Wed Lotto er et af dem, der har det tilg\u00e6ngeligt.<\/p>\n<p>Dern\u00e6st kan du v\u00e6lge at tjekke YouTube for at se, om resultaterne kan findes der. Du vil m\u00e5ske blive overrasket over, hvordan nogle mennesker l\u00e6gger resultaterne for tr\u00e6kninger eller endda livevideoer af tr\u00e6kningerne for stort set alle spil ud.<\/p>\n<p>Langt den nemmeste mulighed for dig vil dog v\u00e6re at kigge p\u00e5 vores hjemmeside. Vi tilbyder alle vindernumre og pr\u00e6miebel\u00f8b for hvert spil, som du kan k\u00f8be p\u00e5 vores hjemmeside. Det g\u00f8r det meget nemmere for dig at f\u00e5 resultaterne \u00e9t sted og s\u00e5 hurtigt, som du \u00f8nsker det.<\/p>\n<h2>S\u00e5dan finder du ud af, om din onlinebillet har vundet<\/h2>\n<p>Den endnu bedre nyhed er, at hvis du har k\u00f8bt en kupon til Mon &amp; Wed Lotto Australia hos os, kan du g\u00e5 direkte til din spillerkonto for at f\u00e5 resultaterne. Du finder de billetter, du har k\u00f8bt der, samt de vindende numre for alle de spil, som du har valgt at spille.<\/p>\n<p>Du vil kunne se de numre, du har valgt, som matcher de numre, der blev trukket, og alle penge, som du har vundet, der er mindre end 2.500 \u20ac, vil automatisk blive tilf\u00f8jet til din konto. Hvad kunne v\u00e6re nemmere end det?<\/p>\n<h2>Arkiv med resultater fra Lotto Australia mandag og onsdag<\/h2>\n<p>Enhver side p\u00e5 vores websted, der viser de seneste Mon &amp; Wed Lotto Australia-resultater, viser ogs\u00e5 \u00e6ldre numre, som du m\u00e5ske vil tjekke ud. Disse kan hj\u00e6lpe dig, n\u00e5r du skal v\u00e6lge de numre, du vil spille n\u00e6ste gang du k\u00f8ber en kupon.<\/p>\n<h2>Min kupon har vundet, hvad sker der nu?<\/h2>\n<p><img loading=\"lazy\" decoding=\"async\" class=\"alignright wp-image-3542\" src=\"https:\/\/onlinelotto365.com\/wp-content\/uploads\/2020\/11\/online_lottery-154-300x200.jpg\" alt=\" Mon &amp;amp; Wed Lotto vindernumre\" width=\"197\" height=\"131\" srcset=\"https:\/\/onlinelotto365.com\/wp-content\/uploads\/2020\/11\/online_lottery-154-300x200.jpg 300w, https:\/\/onlinelotto365.com\/wp-content\/uploads\/2020\/11\/online_lottery-154.jpg 320w\" sizes=\"auto, (max-width: 197px) 100vw, 197px\" \/><br \/>\nHvis du har vundet p\u00e5 din kupon, skal du blot se p\u00e5, hvor meget du er berettiget til. Hvis det er mindre end 2.500 \u20ac, s\u00f8rger vi for at f\u00e5 det bekr\u00e6ftet og sat ind p\u00e5 din konto s\u00e5 hurtigt som muligt. Hvis du s\u00e5 har mindst 10 \u20ac p\u00e5 din konto, kan du h\u00e6ve dem til en hvilken som helst betalingsmetode, som du tidligere har brugt p\u00e5 din konto. Du skal blot s\u00f8rge for et par dokumenter, som vil lade vores betalingsbehandler vide, hvem du er, og at du er berettiget til pengene. Hvis du har mindre end 10 \u20ac, eller hvis du v\u00e6lger at lade pengene blive st\u00e5ende p\u00e5 din konto, kan du bruge dem til at k\u00f8be flere billetter.<\/p>\n","protected":false},"excerpt":{"rendered":"<p>Der findes masser af forskellige internationale spil, som du kan spille, n\u00e5r det g\u00e6lder lotteri. Og du \u00f8nsker at kunne f\u00e5 resultaterne for dem s\u00e5 hurtigt som muligt. En m\u00e5de at g\u00f8re det p\u00e5 er at kigge efter en avis, der tilbyder Mon &amp; Wed Lotto Australia vindertal. Men de kan v\u00e6re sv\u00e6re at finde. [&hellip;]<\/p>\n","protected":false},"author":1,"featured_media":0,"parent":5826,"menu_order":16,"comment_status":"closed","ping_status":"closed","template":"template-rightsidebar.php","meta":{"_et_pb_use_builder":"","_et_pb_old_content":"","_et_gb_content_width":"","exclude_from_search":false,"footnotes":""},"class_list":["post-80988","page","type-page","status-publish","hentry"],"yoast_head":"<!-- This site is optimized with the Yoast SEO plugin v23.4 - https:\/\/yoast.com\/wordpress\/plugins\/seo\/ -->\n<title>Mon &amp; Wed Lotto Australien vindende numre<\/title>\n<meta name=\"description\" content=\"Vores hjemmeside giver dig de seneste vindernumre og bel\u00f8b for Mon &amp; Wed lotto\" \/>\n<meta name=\"robots\" content=\"index, follow, max-snippet:-1, max-image-preview:large, max-video-preview:-1\" \/>\n<link rel=\"canonical\" href=\"https:\/\/onlinelotto365.com\/da\/vindende-numre\/mon-wed-lotto\/\" \/>\n<meta property=\"og:locale\" content=\"da_DK\" \/>\n<meta property=\"og:type\" content=\"article\" \/>\n<meta property=\"og:title\" content=\"Mon &amp; Wed Lotto Australien vindende numre\" \/>\n<meta property=\"og:description\" content=\"Vores hjemmeside giver dig de seneste vindernumre og bel\u00f8b for Mon &amp; Wed lotto\" \/>\n<meta property=\"og:url\" content=\"https:\/\/onlinelotto365.com\/da\/vindende-numre\/mon-wed-lotto\/\" \/>\n<meta property=\"og:site_name\" content=\"OnlineLotto365\" \/>\n<meta property=\"og:image\" content=\"https:\/\/redfoxlotto.com\/image?size=8&amp;lottery=monday-wednesday-lotto-au\" \/>\n<meta name=\"twitter:card\" content=\"summary_large_image\" \/>\n<meta name=\"twitter:label1\" content=\"Estimeret l\u00e6setid\" \/>\n\t<meta name=\"twitter:data1\" content=\"3 minutter\" \/>\n<script type=\"application\/ld+json\" class=\"yoast-schema-graph\">{\"@context\":\"https:\/\/schema.org\",\"@graph\":[{\"@type\":\"WebPage\",\"@id\":\"https:\/\/onlinelotto365.com\/da\/vindende-numre\/mon-wed-lotto\/\",\"url\":\"https:\/\/onlinelotto365.com\/da\/vindende-numre\/mon-wed-lotto\/\",\"name\":\"Mon & Wed Lotto Australien vindende numre\",\"isPartOf\":{\"@id\":\"https:\/\/onlinelotto365.com\/da\/#website\"},\"primaryImageOfPage\":{\"@id\":\"https:\/\/onlinelotto365.com\/da\/vindende-numre\/mon-wed-lotto\/#primaryimage\"},\"image\":{\"@id\":\"https:\/\/onlinelotto365.com\/da\/vindende-numre\/mon-wed-lotto\/#primaryimage\"},\"thumbnailUrl\":\"https:\/\/redfoxlotto.com\/image?size=8&amp;lottery=monday-wednesday-lotto-au\",\"datePublished\":\"2022-11-25T08:43:53+00:00\",\"dateModified\":\"2022-11-25T08:43:53+00:00\",\"description\":\"Vores hjemmeside giver dig de seneste vindernumre og bel\u00f8b for Mon & Wed lotto\",\"breadcrumb\":{\"@id\":\"https:\/\/onlinelotto365.com\/da\/vindende-numre\/mon-wed-lotto\/#breadcrumb\"},\"inLanguage\":\"da-DK\",\"potentialAction\":[{\"@type\":\"ReadAction\",\"target\":[\"https:\/\/onlinelotto365.com\/da\/vindende-numre\/mon-wed-lotto\/\"]}]},{\"@type\":\"ImageObject\",\"inLanguage\":\"da-DK\",\"@id\":\"https:\/\/onlinelotto365.com\/da\/vindende-numre\/mon-wed-lotto\/#primaryimage\",\"url\":\"https:\/\/redfoxlotto.com\/image?size=8&amp;lottery=monday-wednesday-lotto-au\",\"contentUrl\":\"https:\/\/redfoxlotto.com\/image?size=8&amp;lottery=monday-wednesday-lotto-au\"},{\"@type\":\"BreadcrumbList\",\"@id\":\"https:\/\/onlinelotto365.com\/da\/vindende-numre\/mon-wed-lotto\/#breadcrumb\",\"itemListElement\":[{\"@type\":\"ListItem\",\"position\":1,\"name\":\"Home\",\"item\":\"https:\/\/onlinelotto365.com\/da\/\"},{\"@type\":\"ListItem\",\"position\":2,\"name\":\"F\u00e5 vindertal og resultater for de seneste lotteriudtr\u00e6kninger\",\"item\":\"https:\/\/onlinelotto365.com\/da\/vindende-numre\/\"},{\"@type\":\"ListItem\",\"position\":3,\"name\":\"Alle mandag og onsdag Lotto Australien resultater\"}]},{\"@type\":\"WebSite\",\"@id\":\"https:\/\/onlinelotto365.com\/da\/#website\",\"url\":\"https:\/\/onlinelotto365.com\/da\/\",\"name\":\"OnlineLotto365\",\"description\":\"\",\"potentialAction\":[{\"@type\":\"SearchAction\",\"target\":{\"@type\":\"EntryPoint\",\"urlTemplate\":\"https:\/\/onlinelotto365.com\/da\/?s={search_term_string}\"},\"query-input\":{\"@type\":\"PropertyValueSpecification\",\"valueRequired\":true,\"valueName\":\"search_term_string\"}}],\"inLanguage\":\"da-DK\"}]}<\/script>\n<!-- \/ Yoast SEO plugin. -->","yoast_head_json":{"title":"Mon & Wed Lotto Australien vindende numre","description":"Vores hjemmeside giver dig de seneste vindernumre og bel\u00f8b for Mon & Wed lotto","robots":{"index":"index","follow":"follow","max-snippet":"max-snippet:-1","max-image-preview":"max-image-preview:large","max-video-preview":"max-video-preview:-1"},"canonical":"https:\/\/onlinelotto365.com\/da\/vindende-numre\/mon-wed-lotto\/","og_locale":"da_DK","og_type":"article","og_title":"Mon & Wed Lotto Australien vindende numre","og_description":"Vores hjemmeside giver dig de seneste vindernumre og bel\u00f8b for Mon & Wed lotto","og_url":"https:\/\/onlinelotto365.com\/da\/vindende-numre\/mon-wed-lotto\/","og_site_name":"OnlineLotto365","og_image":[{"url":"https:\/\/redfoxlotto.com\/image?size=8&amp;lottery=monday-wednesday-lotto-au"}],"twitter_card":"summary_large_image","twitter_misc":{"Estimeret l\u00e6setid":"3 minutter"},"schema":{"@context":"https:\/\/schema.org","@graph":[{"@type":"WebPage","@id":"https:\/\/onlinelotto365.com\/da\/vindende-numre\/mon-wed-lotto\/","url":"https:\/\/onlinelotto365.com\/da\/vindende-numre\/mon-wed-lotto\/","name":"Mon & Wed Lotto Australien vindende numre","isPartOf":{"@id":"https:\/\/onlinelotto365.com\/da\/#website"},"primaryImageOfPage":{"@id":"https:\/\/onlinelotto365.com\/da\/vindende-numre\/mon-wed-lotto\/#primaryimage"},"image":{"@id":"https:\/\/onlinelotto365.com\/da\/vindende-numre\/mon-wed-lotto\/#primaryimage"},"thumbnailUrl":"https:\/\/redfoxlotto.com\/image?size=8&amp;lottery=monday-wednesday-lotto-au","datePublished":"2022-11-25T08:43:53+00:00","dateModified":"2022-11-25T08:43:53+00:00","description":"Vores hjemmeside giver dig de seneste vindernumre og bel\u00f8b for Mon & Wed lotto","breadcrumb":{"@id":"https:\/\/onlinelotto365.com\/da\/vindende-numre\/mon-wed-lotto\/#breadcrumb"},"inLanguage":"da-DK","potentialAction":[{"@type":"ReadAction","target":["https:\/\/onlinelotto365.com\/da\/vindende-numre\/mon-wed-lotto\/"]}]},{"@type":"ImageObject","inLanguage":"da-DK","@id":"https:\/\/onlinelotto365.com\/da\/vindende-numre\/mon-wed-lotto\/#primaryimage","url":"https:\/\/redfoxlotto.com\/image?size=8&amp;lottery=monday-wednesday-lotto-au","contentUrl":"https:\/\/redfoxlotto.com\/image?size=8&amp;lottery=monday-wednesday-lotto-au"},{"@type":"BreadcrumbList","@id":"https:\/\/onlinelotto365.com\/da\/vindende-numre\/mon-wed-lotto\/#breadcrumb","itemListElement":[{"@type":"ListItem","position":1,"name":"Home","item":"https:\/\/onlinelotto365.com\/da\/"},{"@type":"ListItem","position":2,"name":"F\u00e5 vindertal og resultater for de seneste lotteriudtr\u00e6kninger","item":"https:\/\/onlinelotto365.com\/da\/vindende-numre\/"},{"@type":"ListItem","position":3,"name":"Alle mandag og onsdag Lotto Australien resultater"}]},{"@type":"WebSite","@id":"https:\/\/onlinelotto365.com\/da\/#website","url":"https:\/\/onlinelotto365.com\/da\/","name":"OnlineLotto365","description":"","potentialAction":[{"@type":"SearchAction","target":{"@type":"EntryPoint","urlTemplate":"https:\/\/onlinelotto365.com\/da\/?s={search_term_string}"},"query-input":{"@type":"PropertyValueSpecification","valueRequired":true,"valueName":"search_term_string"}}],"inLanguage":"da-DK"}]}},"_links":{"self":[{"href":"https:\/\/onlinelotto365.com\/da\/wp-json\/wp\/v2\/pages\/80988","targetHints":{"allow":["GET"]}}],"collection":[{"href":"https:\/\/onlinelotto365.com\/da\/wp-json\/wp\/v2\/pages"}],"about":[{"href":"https:\/\/onlinelotto365.com\/da\/wp-json\/wp\/v2\/types\/page"}],"author":[{"embeddable":true,"href":"https:\/\/onlinelotto365.com\/da\/wp-json\/wp\/v2\/users\/1"}],"replies":[{"embeddable":true,"href":"https:\/\/onlinelotto365.com\/da\/wp-json\/wp\/v2\/comments?post=80988"}],"version-history":[{"count":0,"href":"https:\/\/onlinelotto365.com\/da\/wp-json\/wp\/v2\/pages\/80988\/revisions"}],"up":[{"embeddable":true,"href":"https:\/\/onlinelotto365.com\/da\/wp-json\/wp\/v2\/pages\/5826"}],"wp:attachment":[{"href":"https:\/\/onlinelotto365.com\/da\/wp-json\/wp\/v2\/media?parent=80988"}],"curies":[{"name":"wp","href":"https:\/\/api.w.org\/{rel}","templated":true}]}}