{"id":81138,"date":"2022-11-25T14:06:24","date_gmt":"2022-11-25T13:06:24","guid":{"rendered":"https:\/\/onlinelotto365.com\/?page_id=81138"},"modified":"2022-11-25T14:06:24","modified_gmt":"2022-11-25T13:06:24","slug":"vindertal","status":"publish","type":"page","link":"https:\/\/onlinelotto365.com\/da\/vindende-numre\/vindertal\/","title":{"rendered":"Se de vindende Eurojackpot-numre her"},"content":{"rendered":"<p>Der er mange forskellige internationale lotterier tilg\u00e6ngelige p\u00e5 vores websted, hvilket betyder, at det kan v\u00e6re sv\u00e6rt for nogle at finde numre og resultater. Og n\u00e5r det drejer sig om at finde tallene andre steder, kan det v\u00e6re endnu v\u00e6rre. Du vil sandsynligvis ikke finde Eurojackpot-resultaterne i din lokale avis, og de kan ogs\u00e5 v\u00e6re sv\u00e6re at finde i tv. Is\u00e6r fordi de ofte ikke bliver sendt live.<br \/>\n<a href=\"https:\/\/redfoxlotto.com\/play\/eurojackpot\/?ref=a8564250a2&amp;medium=ol365\" target=\"_blank\" rel=\"noopener noreferrer\"><img decoding=\"async\" class=\"aligncenter\" src=\"https:\/\/redfoxlotto.com\/image?size=8&amp;lottery=eurojackpot\" alt=\"eurojackpot\" \/><\/a><br \/>\nDu kan ogs\u00e5 tjekke Eurojackpot-lotteriets hjemmeside, som giver dig adgang til en live-transmission af resultaterne og lodtr\u00e6kningen. Det kan v\u00e6re meget sjovt og giver dig mulighed for at vide, om du har vundet meget hurtigere. Men det er ikke altid muligt, og du skal have den rigtige timing.<\/p>\n<p>Hvis du leder efter tallene efter tr\u00e6kningen, kan du altid tjekke p\u00e5 YouTube for at se, om tr\u00e6kningen er tilg\u00e6ngelig, eller om nogen har en video med vindertallene.<\/p>\n<p>Den nemmeste m\u00e5de at finde de vindende numre og endda se alle pr\u00e6mier og resultater p\u00e5 er at bes\u00f8ge vores websted p\u00e5 siden med lotteriresultater p\u00e5 vores side med lotteriresultater. Der finder du alle vindernumre fra Eurojackpot og alle de andre spil, som vi tilbyder.<\/p>\n<h2>S\u00e5dan ved du, om du har vundet<\/h2>\n<p>Har du k\u00f8bt en kupon til Eurojackpot? Hvis du gjorde, beh\u00f8ver du ikke engang at g\u00e5 til resultatsiden. Du skal bare g\u00e5 ind p\u00e5 din konto, og du vil se de vindende numre lige ved siden af din billet. Du vil endda kunne se, hvilke numre der var rigtige, og hvilke der ikke var rigtige, og se, hvor meget du har vundet som f\u00f8lge heraf. Hvis du har vundet mindre end 2.500 \u20ac, vil pengene blive indsat p\u00e5 din konto med det samme, s\u00e5 snart lottotalene er bekr\u00e6ftet.<\/p>\n<p>Vores websted viser dig resultaterne af den seneste Eurojackpot, men giver dig ogs\u00e5 mange muligheder for at tjekke \u00e6ldre tr\u00e6kninger. S\u00e5 du kan tjekke \u00e6ldre lodder, eller hvis du leder efter de bedste numre at pr\u00f8ve n\u00e6ste gang du k\u00f8ber et lod. Faktisk er dette en af de mest popul\u00e6re lotteristrategier, som folk bruger.<\/p>\n<h2>Min lod har vundet, hvad sker der s\u00e5 nu?<\/h2>\n<p>Vi har allerede talt om gevinster under 2.500 euro. Disse gevinster bliver straks sat ind p\u00e5 din konto, og du kan derefter v\u00e6lge at k\u00f8be flere lodder eller h\u00e6ve alle eller en del af pengene. Det eneste du skal g\u00f8re er at s\u00f8rge for, at du har mindst 10 euro p\u00e5 din konto for at kunne h\u00e6ve dem med den metode, du v\u00e6lger.<\/p>\n<p>Du kan v\u00e6lge at h\u00e6ve pengene til din bankkonto eller dit kreditkort, og vi g\u00f8r det ogs\u00e5 nemt for dig. Vi \u00f8nsker, at du skal kunne f\u00e5 dine penge, men vi er n\u00f8dt til at tage et par skridt for at f\u00e5 pengene ind p\u00e5 din konto. Online pengeoverf\u00f8rsler er trods alt underlagt strenge regler.<\/p>\n","protected":false},"excerpt":{"rendered":"<p>Der er mange forskellige internationale lotterier tilg\u00e6ngelige p\u00e5 vores websted, hvilket betyder, at det kan v\u00e6re sv\u00e6rt for nogle at finde numre og resultater. Og n\u00e5r det drejer sig om at finde tallene andre steder, kan det v\u00e6re endnu v\u00e6rre. Du vil sandsynligvis ikke finde Eurojackpot-resultaterne i din lokale avis, og de kan ogs\u00e5 v\u00e6re [&hellip;]<\/p>\n","protected":false},"author":1,"featured_media":0,"parent":5826,"menu_order":0,"comment_status":"closed","ping_status":"closed","template":"eurojackpot-results.php","meta":{"_et_pb_use_builder":"","_et_pb_old_content":"","_et_gb_content_width":"","exclude_from_search":false,"footnotes":""},"class_list":["post-81138","page","type-page","status-publish","hentry"],"yoast_head":"<!-- This site is optimized with the Yoast SEO plugin v23.4 - https:\/\/yoast.com\/wordpress\/plugins\/seo\/ -->\n<title>Vindernumre Eurojackpot | Tjek tr\u00e6kningsresultater og gevinster for Eurojackpot her<\/title>\n<meta name=\"description\" content=\"Vi offentligg\u00f8r Eurojackpot-resultater og vindernumre samt et arkiv for tidligere tr\u00e6kninger\" \/>\n<meta name=\"robots\" content=\"index, follow, max-snippet:-1, max-image-preview:large, max-video-preview:-1\" \/>\n<link rel=\"canonical\" href=\"https:\/\/onlinelotto365.com\/da\/vindende-numre\/vindertal\/\" \/>\n<meta property=\"og:locale\" content=\"da_DK\" \/>\n<meta property=\"og:type\" content=\"article\" \/>\n<meta property=\"og:title\" content=\"Vindernumre Eurojackpot | Tjek tr\u00e6kningsresultater og gevinster for Eurojackpot her\" \/>\n<meta property=\"og:description\" content=\"Vi offentligg\u00f8r Eurojackpot-resultater og vindernumre samt et arkiv for tidligere tr\u00e6kninger\" \/>\n<meta property=\"og:url\" content=\"https:\/\/onlinelotto365.com\/da\/vindende-numre\/vindertal\/\" \/>\n<meta property=\"og:site_name\" content=\"OnlineLotto365\" \/>\n<meta property=\"og:image\" content=\"https:\/\/redfoxlotto.com\/image?size=8&amp;lottery=eurojackpot\" \/>\n<meta name=\"twitter:card\" content=\"summary_large_image\" \/>\n<meta name=\"twitter:label1\" content=\"Estimeret l\u00e6setid\" \/>\n\t<meta name=\"twitter:data1\" content=\"3 minutter\" \/>\n<script type=\"application\/ld+json\" class=\"yoast-schema-graph\">{\"@context\":\"https:\/\/schema.org\",\"@graph\":[{\"@type\":\"WebPage\",\"@id\":\"https:\/\/onlinelotto365.com\/da\/vindende-numre\/vindertal\/\",\"url\":\"https:\/\/onlinelotto365.com\/da\/vindende-numre\/vindertal\/\",\"name\":\"Vindernumre Eurojackpot | Tjek tr\u00e6kningsresultater og gevinster for Eurojackpot her\",\"isPartOf\":{\"@id\":\"https:\/\/onlinelotto365.com\/da\/#website\"},\"primaryImageOfPage\":{\"@id\":\"https:\/\/onlinelotto365.com\/da\/vindende-numre\/vindertal\/#primaryimage\"},\"image\":{\"@id\":\"https:\/\/onlinelotto365.com\/da\/vindende-numre\/vindertal\/#primaryimage\"},\"thumbnailUrl\":\"https:\/\/redfoxlotto.com\/image?size=8&amp;lottery=eurojackpot\",\"datePublished\":\"2022-11-25T13:06:24+00:00\",\"dateModified\":\"2022-11-25T13:06:24+00:00\",\"description\":\"Vi offentligg\u00f8r Eurojackpot-resultater og vindernumre samt et arkiv for tidligere tr\u00e6kninger\",\"breadcrumb\":{\"@id\":\"https:\/\/onlinelotto365.com\/da\/vindende-numre\/vindertal\/#breadcrumb\"},\"inLanguage\":\"da-DK\",\"potentialAction\":[{\"@type\":\"ReadAction\",\"target\":[\"https:\/\/onlinelotto365.com\/da\/vindende-numre\/vindertal\/\"]}]},{\"@type\":\"ImageObject\",\"inLanguage\":\"da-DK\",\"@id\":\"https:\/\/onlinelotto365.com\/da\/vindende-numre\/vindertal\/#primaryimage\",\"url\":\"https:\/\/redfoxlotto.com\/image?size=8&amp;lottery=eurojackpot\",\"contentUrl\":\"https:\/\/redfoxlotto.com\/image?size=8&amp;lottery=eurojackpot\"},{\"@type\":\"BreadcrumbList\",\"@id\":\"https:\/\/onlinelotto365.com\/da\/vindende-numre\/vindertal\/#breadcrumb\",\"itemListElement\":[{\"@type\":\"ListItem\",\"position\":1,\"name\":\"Home\",\"item\":\"https:\/\/onlinelotto365.com\/da\/\"},{\"@type\":\"ListItem\",\"position\":2,\"name\":\"F\u00e5 vindertal og resultater for de seneste lotteriudtr\u00e6kninger\",\"item\":\"https:\/\/onlinelotto365.com\/da\/vindende-numre\/\"},{\"@type\":\"ListItem\",\"position\":3,\"name\":\"Se de vindende Eurojackpot-numre her\"}]},{\"@type\":\"WebSite\",\"@id\":\"https:\/\/onlinelotto365.com\/da\/#website\",\"url\":\"https:\/\/onlinelotto365.com\/da\/\",\"name\":\"OnlineLotto365\",\"description\":\"\",\"potentialAction\":[{\"@type\":\"SearchAction\",\"target\":{\"@type\":\"EntryPoint\",\"urlTemplate\":\"https:\/\/onlinelotto365.com\/da\/?s={search_term_string}\"},\"query-input\":{\"@type\":\"PropertyValueSpecification\",\"valueRequired\":true,\"valueName\":\"search_term_string\"}}],\"inLanguage\":\"da-DK\"}]}<\/script>\n<!-- \/ Yoast SEO plugin. -->","yoast_head_json":{"title":"Vindernumre Eurojackpot | Tjek tr\u00e6kningsresultater og gevinster for Eurojackpot her","description":"Vi offentligg\u00f8r Eurojackpot-resultater og vindernumre samt et arkiv for tidligere tr\u00e6kninger","robots":{"index":"index","follow":"follow","max-snippet":"max-snippet:-1","max-image-preview":"max-image-preview:large","max-video-preview":"max-video-preview:-1"},"canonical":"https:\/\/onlinelotto365.com\/da\/vindende-numre\/vindertal\/","og_locale":"da_DK","og_type":"article","og_title":"Vindernumre Eurojackpot | Tjek tr\u00e6kningsresultater og gevinster for Eurojackpot her","og_description":"Vi offentligg\u00f8r Eurojackpot-resultater og vindernumre samt et arkiv for tidligere tr\u00e6kninger","og_url":"https:\/\/onlinelotto365.com\/da\/vindende-numre\/vindertal\/","og_site_name":"OnlineLotto365","og_image":[{"url":"https:\/\/redfoxlotto.com\/image?size=8&amp;lottery=eurojackpot"}],"twitter_card":"summary_large_image","twitter_misc":{"Estimeret l\u00e6setid":"3 minutter"},"schema":{"@context":"https:\/\/schema.org","@graph":[{"@type":"WebPage","@id":"https:\/\/onlinelotto365.com\/da\/vindende-numre\/vindertal\/","url":"https:\/\/onlinelotto365.com\/da\/vindende-numre\/vindertal\/","name":"Vindernumre Eurojackpot | Tjek tr\u00e6kningsresultater og gevinster for Eurojackpot her","isPartOf":{"@id":"https:\/\/onlinelotto365.com\/da\/#website"},"primaryImageOfPage":{"@id":"https:\/\/onlinelotto365.com\/da\/vindende-numre\/vindertal\/#primaryimage"},"image":{"@id":"https:\/\/onlinelotto365.com\/da\/vindende-numre\/vindertal\/#primaryimage"},"thumbnailUrl":"https:\/\/redfoxlotto.com\/image?size=8&amp;lottery=eurojackpot","datePublished":"2022-11-25T13:06:24+00:00","dateModified":"2022-11-25T13:06:24+00:00","description":"Vi offentligg\u00f8r Eurojackpot-resultater og vindernumre samt et arkiv for tidligere tr\u00e6kninger","breadcrumb":{"@id":"https:\/\/onlinelotto365.com\/da\/vindende-numre\/vindertal\/#breadcrumb"},"inLanguage":"da-DK","potentialAction":[{"@type":"ReadAction","target":["https:\/\/onlinelotto365.com\/da\/vindende-numre\/vindertal\/"]}]},{"@type":"ImageObject","inLanguage":"da-DK","@id":"https:\/\/onlinelotto365.com\/da\/vindende-numre\/vindertal\/#primaryimage","url":"https:\/\/redfoxlotto.com\/image?size=8&amp;lottery=eurojackpot","contentUrl":"https:\/\/redfoxlotto.com\/image?size=8&amp;lottery=eurojackpot"},{"@type":"BreadcrumbList","@id":"https:\/\/onlinelotto365.com\/da\/vindende-numre\/vindertal\/#breadcrumb","itemListElement":[{"@type":"ListItem","position":1,"name":"Home","item":"https:\/\/onlinelotto365.com\/da\/"},{"@type":"ListItem","position":2,"name":"F\u00e5 vindertal og resultater for de seneste lotteriudtr\u00e6kninger","item":"https:\/\/onlinelotto365.com\/da\/vindende-numre\/"},{"@type":"ListItem","position":3,"name":"Se de vindende Eurojackpot-numre her"}]},{"@type":"WebSite","@id":"https:\/\/onlinelotto365.com\/da\/#website","url":"https:\/\/onlinelotto365.com\/da\/","name":"OnlineLotto365","description":"","potentialAction":[{"@type":"SearchAction","target":{"@type":"EntryPoint","urlTemplate":"https:\/\/onlinelotto365.com\/da\/?s={search_term_string}"},"query-input":{"@type":"PropertyValueSpecification","valueRequired":true,"valueName":"search_term_string"}}],"inLanguage":"da-DK"}]}},"_links":{"self":[{"href":"https:\/\/onlinelotto365.com\/da\/wp-json\/wp\/v2\/pages\/81138","targetHints":{"allow":["GET"]}}],"collection":[{"href":"https:\/\/onlinelotto365.com\/da\/wp-json\/wp\/v2\/pages"}],"about":[{"href":"https:\/\/onlinelotto365.com\/da\/wp-json\/wp\/v2\/types\/page"}],"author":[{"embeddable":true,"href":"https:\/\/onlinelotto365.com\/da\/wp-json\/wp\/v2\/users\/1"}],"replies":[{"embeddable":true,"href":"https:\/\/onlinelotto365.com\/da\/wp-json\/wp\/v2\/comments?post=81138"}],"version-history":[{"count":0,"href":"https:\/\/onlinelotto365.com\/da\/wp-json\/wp\/v2\/pages\/81138\/revisions"}],"up":[{"embeddable":true,"href":"https:\/\/onlinelotto365.com\/da\/wp-json\/wp\/v2\/pages\/5826"}],"wp:attachment":[{"href":"https:\/\/onlinelotto365.com\/da\/wp-json\/wp\/v2\/media?parent=81138"}],"curies":[{"name":"wp","href":"https:\/\/api.w.org\/{rel}","templated":true}]}}