{"id":84211,"date":"2023-09-28T08:06:37","date_gmt":"2023-09-28T07:06:37","guid":{"rendered":"https:\/\/onlinelotto365.com\/vindende-numre\/tjek-eurojackpot-vindertallene-her"},"modified":"2023-09-28T08:06:37","modified_gmt":"2023-09-28T07:06:37","slug":"tjek-eurojackpot-vindertallene-her","status":"publish","type":"page","link":"https:\/\/onlinelotto365.com\/da\/vindende-numre\/tjek-eurojackpot-vindertallene-her\/","title":{"rendered":"Tjek Eurojackpot-vindertallene her"},"content":{"rendered":"<p>Der er mange forskellige internationale lotterier tilg\u00e6ngelige p\u00e5 vores hjemmeside, hvilket betyder, at det kan v\u00e6re sv\u00e6rt for nogle at finde tallene og resultaterne. Og n\u00e5r det g\u00e6lder om at finde tallene andre steder, kan det v\u00e6re endnu v\u00e6rre. Du vil sandsynligvis ikke finde Eurojackpot-resultaterne i din lokale avis, og de kan ogs\u00e5 v\u00e6re sv\u00e6re at finde p\u00e5 tv. Is\u00e6r fordi de ofte ikke sendes live.<\/p>\n<p>Du kan ogs\u00e5 tjekke Eurojackpot-lotteriets hjemmeside, som giver dig adgang til en live-udsendelse af resultaterne og tr\u00e6kningen. Det kan v\u00e6re meget sjovt, og du f\u00e5r meget hurtigere at vide, om du har vundet. Men det er ikke altid muligt, og du bliver n\u00f8dt til at have den rigtige timing.<\/p>\n<p>Hvis du leder efter tallene efter lodtr\u00e6kningen, kan du altid tjekke YouTube for at se, om lodtr\u00e6kningen er tilg\u00e6ngelig, eller om nogen har en video med vindertallene.<\/p>\n<p>Den nemmeste m\u00e5de at finde vindertallene p\u00e5, og endda at se alle pr\u00e6mier og resultater, er at bes\u00f8ge vores hjemmeside p\u00e5 siden med lotteriresultater p\u00e5 vores side med lotteriresultater. Der finder du alle de vindende numre fra Eurojackpot og alle de andre spil, vi tilbyder.<\/p>\n<h2>S\u00e5dan ved du, om du har vundet<\/h2>\n<p><img decoding=\"async\" class=\"aligncenter\" src=\"https:\/\/redfoxlotto.com\/image?size=8&amp;lottery=eurojackpot\" alt=\"eurojackpot\" \/><br \/>\nHar du k\u00f8bt en kupon til Eurojackpot? Hvis du har, beh\u00f8ver du ikke engang at g\u00e5 til resultatsiden. Bare g\u00e5 ind p\u00e5 din konto, og du vil se vindertallene lige ved siden af din kupon. Du kan endda se, hvilke tal der var rigtige, og hvilke der ikke var, og hvor meget du har vundet. Hvis du har vundet mindre end \u20ac2.500, vil pengene blive indsat p\u00e5 din konto med det samme, s\u00e5 snart lotterinumrene er bekr\u00e6ftet.<\/p>\n<p>Vores hjemmeside vil vise dig resultaterne af den seneste Eurojackpot, men vil ogs\u00e5 give dig mange muligheder for at tjekke \u00e6ldre tr\u00e6kninger. S\u00e5 du kan tjekke \u00e6ldre kuponer, eller hvis du leder efter de bedste tal til at pr\u00f8ve n\u00e6ste gang, du k\u00f8ber en kupon. Faktisk er dette en af de mest popul\u00e6re lotteristrategier, som folk bruger.<\/p>\n<h2>Min kupon har vundet, hvad sker der nu?<\/h2>\n<p><img loading=\"lazy\" decoding=\"async\" class=\"alignright wp-image-25127\" src=\"https:\/\/onlinelotto365.com\/wp-content\/uploads\/2021\/01\/lottery_balls1-300x160-1.jpg\" alt=\"Eurojackpot winning numbers\" width=\"265\" height=\"142\" \/><br \/>\nVi har allerede talt om pr\u00e6mier under 2.500 euro. Disse pr\u00e6mier bliver straks sat ind p\u00e5 din konto, og du kan derefter v\u00e6lge at k\u00f8be flere lodder eller h\u00e6ve alle eller en del af pengene. Det eneste, du skal g\u00f8re, er at s\u00f8rge for, at du har mindst 10 euro p\u00e5 din konto, s\u00e5 du kan h\u00e6ve dem p\u00e5 den m\u00e5de, du \u00f8nsker.<\/p>\n<p>Du kan v\u00e6lge at h\u00e6ve pengene til din bankkonto eller dit kreditkort, og vi g\u00f8r det ogs\u00e5 nemt for dig. Vi \u00f8nsker, at du skal kunne f\u00e5 dine penge, men vi er n\u00f8dt til at tage et par skridt for at f\u00e5 pengene ind p\u00e5 din konto. N\u00e5r alt kommer til alt, er online pengeoverf\u00f8rsler underlagt strenge regler.<\/p>\n","protected":false},"excerpt":{"rendered":"<p>Der er mange forskellige internationale lotterier tilg\u00e6ngelige p\u00e5 vores hjemmeside, hvilket betyder, at det kan v\u00e6re sv\u00e6rt for nogle at finde tallene og resultaterne. Og n\u00e5r det g\u00e6lder om at finde tallene andre steder, kan det v\u00e6re endnu v\u00e6rre. Du vil sandsynligvis ikke finde Eurojackpot-resultaterne i din lokale avis, og de kan ogs\u00e5 v\u00e6re sv\u00e6re [&hellip;]<\/p>\n","protected":false},"author":1,"featured_media":0,"parent":5826,"menu_order":4,"comment_status":"closed","ping_status":"closed","template":"eurojackpot-results.php","meta":{"_et_pb_use_builder":"","_et_pb_old_content":"","_et_gb_content_width":"","exclude_from_search":false,"footnotes":""},"class_list":["post-84211","page","type-page","status-publish","hentry"],"yoast_head":"<!-- This site is optimized with the Yoast SEO plugin v23.4 - https:\/\/yoast.com\/wordpress\/plugins\/seo\/ -->\n<title>Vindertal Eurojackpot | Tjek tr\u00e6kningsresultater og gevinster for Eurojackpot her<\/title>\n<meta name=\"description\" content=\"Vi offentligg\u00f8r Eurojackpot-resultater og vindende numre, plus et arkiv for tidligere tr\u00e6kninger\" \/>\n<meta name=\"robots\" content=\"index, follow, max-snippet:-1, max-image-preview:large, max-video-preview:-1\" \/>\n<link rel=\"canonical\" href=\"https:\/\/onlinelotto365.com\/da\/vindende-numre\/tjek-eurojackpot-vindertallene-her\/\" \/>\n<meta property=\"og:locale\" content=\"da_DK\" \/>\n<meta property=\"og:type\" content=\"article\" \/>\n<meta property=\"og:title\" content=\"Vindertal Eurojackpot | Tjek tr\u00e6kningsresultater og gevinster for Eurojackpot her\" \/>\n<meta property=\"og:description\" content=\"Vi offentligg\u00f8r Eurojackpot-resultater og vindende numre, plus et arkiv for tidligere tr\u00e6kninger\" \/>\n<meta property=\"og:url\" content=\"https:\/\/onlinelotto365.com\/da\/vindende-numre\/tjek-eurojackpot-vindertallene-her\/\" \/>\n<meta property=\"og:site_name\" content=\"OnlineLotto365\" \/>\n<meta property=\"og:image\" content=\"https:\/\/redfoxlotto.com\/image?size=8&amp;lottery=eurojackpot\" \/>\n<meta name=\"twitter:card\" content=\"summary_large_image\" \/>\n<meta name=\"twitter:label1\" content=\"Estimeret l\u00e6setid\" \/>\n\t<meta name=\"twitter:data1\" content=\"2 minutter\" \/>\n<script type=\"application\/ld+json\" class=\"yoast-schema-graph\">{\"@context\":\"https:\/\/schema.org\",\"@graph\":[{\"@type\":\"WebPage\",\"@id\":\"https:\/\/onlinelotto365.com\/da\/vindende-numre\/tjek-eurojackpot-vindertallene-her\/\",\"url\":\"https:\/\/onlinelotto365.com\/da\/vindende-numre\/tjek-eurojackpot-vindertallene-her\/\",\"name\":\"Vindertal Eurojackpot | Tjek tr\u00e6kningsresultater og gevinster for Eurojackpot her\",\"isPartOf\":{\"@id\":\"https:\/\/onlinelotto365.com\/da\/#website\"},\"primaryImageOfPage\":{\"@id\":\"https:\/\/onlinelotto365.com\/da\/vindende-numre\/tjek-eurojackpot-vindertallene-her\/#primaryimage\"},\"image\":{\"@id\":\"https:\/\/onlinelotto365.com\/da\/vindende-numre\/tjek-eurojackpot-vindertallene-her\/#primaryimage\"},\"thumbnailUrl\":\"https:\/\/redfoxlotto.com\/image?size=8&amp;lottery=eurojackpot\",\"datePublished\":\"2023-09-28T07:06:37+00:00\",\"dateModified\":\"2023-09-28T07:06:37+00:00\",\"description\":\"Vi offentligg\u00f8r Eurojackpot-resultater og vindende numre, plus et arkiv for tidligere tr\u00e6kninger\",\"breadcrumb\":{\"@id\":\"https:\/\/onlinelotto365.com\/da\/vindende-numre\/tjek-eurojackpot-vindertallene-her\/#breadcrumb\"},\"inLanguage\":\"da-DK\",\"potentialAction\":[{\"@type\":\"ReadAction\",\"target\":[\"https:\/\/onlinelotto365.com\/da\/vindende-numre\/tjek-eurojackpot-vindertallene-her\/\"]}]},{\"@type\":\"ImageObject\",\"inLanguage\":\"da-DK\",\"@id\":\"https:\/\/onlinelotto365.com\/da\/vindende-numre\/tjek-eurojackpot-vindertallene-her\/#primaryimage\",\"url\":\"https:\/\/redfoxlotto.com\/image?size=8&amp;lottery=eurojackpot\",\"contentUrl\":\"https:\/\/redfoxlotto.com\/image?size=8&amp;lottery=eurojackpot\"},{\"@type\":\"BreadcrumbList\",\"@id\":\"https:\/\/onlinelotto365.com\/da\/vindende-numre\/tjek-eurojackpot-vindertallene-her\/#breadcrumb\",\"itemListElement\":[{\"@type\":\"ListItem\",\"position\":1,\"name\":\"Home\",\"item\":\"https:\/\/onlinelotto365.com\/da\/\"},{\"@type\":\"ListItem\",\"position\":2,\"name\":\"F\u00e5 vindertal og resultater for de seneste lotteriudtr\u00e6kninger\",\"item\":\"https:\/\/onlinelotto365.com\/da\/vindende-numre\/\"},{\"@type\":\"ListItem\",\"position\":3,\"name\":\"Tjek Eurojackpot-vindertallene her\"}]},{\"@type\":\"WebSite\",\"@id\":\"https:\/\/onlinelotto365.com\/da\/#website\",\"url\":\"https:\/\/onlinelotto365.com\/da\/\",\"name\":\"OnlineLotto365\",\"description\":\"\",\"potentialAction\":[{\"@type\":\"SearchAction\",\"target\":{\"@type\":\"EntryPoint\",\"urlTemplate\":\"https:\/\/onlinelotto365.com\/da\/?s={search_term_string}\"},\"query-input\":{\"@type\":\"PropertyValueSpecification\",\"valueRequired\":true,\"valueName\":\"search_term_string\"}}],\"inLanguage\":\"da-DK\"}]}<\/script>\n<!-- \/ Yoast SEO plugin. -->","yoast_head_json":{"title":"Vindertal Eurojackpot | Tjek tr\u00e6kningsresultater og gevinster for Eurojackpot her","description":"Vi offentligg\u00f8r Eurojackpot-resultater og vindende numre, plus et arkiv for tidligere tr\u00e6kninger","robots":{"index":"index","follow":"follow","max-snippet":"max-snippet:-1","max-image-preview":"max-image-preview:large","max-video-preview":"max-video-preview:-1"},"canonical":"https:\/\/onlinelotto365.com\/da\/vindende-numre\/tjek-eurojackpot-vindertallene-her\/","og_locale":"da_DK","og_type":"article","og_title":"Vindertal Eurojackpot | Tjek tr\u00e6kningsresultater og gevinster for Eurojackpot her","og_description":"Vi offentligg\u00f8r Eurojackpot-resultater og vindende numre, plus et arkiv for tidligere tr\u00e6kninger","og_url":"https:\/\/onlinelotto365.com\/da\/vindende-numre\/tjek-eurojackpot-vindertallene-her\/","og_site_name":"OnlineLotto365","og_image":[{"url":"https:\/\/redfoxlotto.com\/image?size=8&amp;lottery=eurojackpot"}],"twitter_card":"summary_large_image","twitter_misc":{"Estimeret l\u00e6setid":"2 minutter"},"schema":{"@context":"https:\/\/schema.org","@graph":[{"@type":"WebPage","@id":"https:\/\/onlinelotto365.com\/da\/vindende-numre\/tjek-eurojackpot-vindertallene-her\/","url":"https:\/\/onlinelotto365.com\/da\/vindende-numre\/tjek-eurojackpot-vindertallene-her\/","name":"Vindertal Eurojackpot | Tjek tr\u00e6kningsresultater og gevinster for Eurojackpot her","isPartOf":{"@id":"https:\/\/onlinelotto365.com\/da\/#website"},"primaryImageOfPage":{"@id":"https:\/\/onlinelotto365.com\/da\/vindende-numre\/tjek-eurojackpot-vindertallene-her\/#primaryimage"},"image":{"@id":"https:\/\/onlinelotto365.com\/da\/vindende-numre\/tjek-eurojackpot-vindertallene-her\/#primaryimage"},"thumbnailUrl":"https:\/\/redfoxlotto.com\/image?size=8&amp;lottery=eurojackpot","datePublished":"2023-09-28T07:06:37+00:00","dateModified":"2023-09-28T07:06:37+00:00","description":"Vi offentligg\u00f8r Eurojackpot-resultater og vindende numre, plus et arkiv for tidligere tr\u00e6kninger","breadcrumb":{"@id":"https:\/\/onlinelotto365.com\/da\/vindende-numre\/tjek-eurojackpot-vindertallene-her\/#breadcrumb"},"inLanguage":"da-DK","potentialAction":[{"@type":"ReadAction","target":["https:\/\/onlinelotto365.com\/da\/vindende-numre\/tjek-eurojackpot-vindertallene-her\/"]}]},{"@type":"ImageObject","inLanguage":"da-DK","@id":"https:\/\/onlinelotto365.com\/da\/vindende-numre\/tjek-eurojackpot-vindertallene-her\/#primaryimage","url":"https:\/\/redfoxlotto.com\/image?size=8&amp;lottery=eurojackpot","contentUrl":"https:\/\/redfoxlotto.com\/image?size=8&amp;lottery=eurojackpot"},{"@type":"BreadcrumbList","@id":"https:\/\/onlinelotto365.com\/da\/vindende-numre\/tjek-eurojackpot-vindertallene-her\/#breadcrumb","itemListElement":[{"@type":"ListItem","position":1,"name":"Home","item":"https:\/\/onlinelotto365.com\/da\/"},{"@type":"ListItem","position":2,"name":"F\u00e5 vindertal og resultater for de seneste lotteriudtr\u00e6kninger","item":"https:\/\/onlinelotto365.com\/da\/vindende-numre\/"},{"@type":"ListItem","position":3,"name":"Tjek Eurojackpot-vindertallene her"}]},{"@type":"WebSite","@id":"https:\/\/onlinelotto365.com\/da\/#website","url":"https:\/\/onlinelotto365.com\/da\/","name":"OnlineLotto365","description":"","potentialAction":[{"@type":"SearchAction","target":{"@type":"EntryPoint","urlTemplate":"https:\/\/onlinelotto365.com\/da\/?s={search_term_string}"},"query-input":{"@type":"PropertyValueSpecification","valueRequired":true,"valueName":"search_term_string"}}],"inLanguage":"da-DK"}]}},"_links":{"self":[{"href":"https:\/\/onlinelotto365.com\/da\/wp-json\/wp\/v2\/pages\/84211","targetHints":{"allow":["GET"]}}],"collection":[{"href":"https:\/\/onlinelotto365.com\/da\/wp-json\/wp\/v2\/pages"}],"about":[{"href":"https:\/\/onlinelotto365.com\/da\/wp-json\/wp\/v2\/types\/page"}],"author":[{"embeddable":true,"href":"https:\/\/onlinelotto365.com\/da\/wp-json\/wp\/v2\/users\/1"}],"replies":[{"embeddable":true,"href":"https:\/\/onlinelotto365.com\/da\/wp-json\/wp\/v2\/comments?post=84211"}],"version-history":[{"count":0,"href":"https:\/\/onlinelotto365.com\/da\/wp-json\/wp\/v2\/pages\/84211\/revisions"}],"up":[{"embeddable":true,"href":"https:\/\/onlinelotto365.com\/da\/wp-json\/wp\/v2\/pages\/5826"}],"wp:attachment":[{"href":"https:\/\/onlinelotto365.com\/da\/wp-json\/wp\/v2\/media?parent=84211"}],"curies":[{"name":"wp","href":"https:\/\/api.w.org\/{rel}","templated":true}]}}