{"id":84434,"date":"2023-10-03T12:50:03","date_gmt":"2023-10-03T11:50:03","guid":{"rendered":"https:\/\/onlinelotto365.com\/ofte-stillede-spoergsmaal"},"modified":"2023-10-03T12:50:03","modified_gmt":"2023-10-03T11:50:03","slug":"ofte-stillede-spoergsmaal","status":"publish","type":"page","link":"https:\/\/onlinelotto365.com\/da\/ofte-stillede-spoergsmaal\/","title":{"rendered":"OFTE STILLEDE SP\u00d8RGSM\u00c5L"},"content":{"rendered":"<h1>Ofte stillede sp\u00f8rgsm\u00e5l om onlinelotteri<\/h1>\n<p>Her kan du finde svarene p\u00e5 de oftest stillede sp\u00f8rgsm\u00e5l om, hvordan online-lotteritjenesten fungerer.<\/p>\n<p>Hvordan f\u00e5r jeg mine lodder?<\/p>\n<p>En af vores agenter p\u00e5 stedet k\u00f8ber lodsedlen i dit navn og p\u00e5 dine vegne. Derefter bliver kuponen scannet og uploadet til din kundekonto. Vi sender dig en e-mail, n\u00e5r du vinder, og vores service inkluderer, at du f\u00e5r din gevinst (se nedenfor for detaljer). du vinder ogs\u00e5.<\/p>\n<p>Hvad er fordelene ved at spille internationale lotterier online gennem os?<\/p>\n<ul>\n<li>du kan v\u00e6lge mellem mange lotterier, og der er altid en stor jackpot i vente<\/li>\n<li>du f\u00e5r en rigtig kupon<\/li>\n<li>du kan spille, uanset hvor du er<\/li>\n<li>du kan nemt betale online, vi har en r\u00e6kke muligheder, herunder kreditkort<\/li>\n<li>dine mindre gevinster p\u00e5 op til \u20ac2500 krediteres din spillerkonto med det samme<\/li>\n<li>for gevinster p\u00e5 mere end 2.500 \u20ac h\u00e5ndterer vi din udbetaling direkte fra lotteriet, uden beregning.<\/li>\n<\/ul>\n<p>Hvem kan spille i lotterierne?<\/p>\n<p>Alle kan spille &#8211; men du skal v\u00e6re \u00e6ldre end 18 \u00e5r for at spille i lotteriet.<\/p>\n<p>Kan jeg spille et lotteri fra et andet land?<\/p>\n<p>Ja, det kan du. Uanset hvilket land du bor i, kan du deltage i alle de lotterier, der vises p\u00e5 vores hjemmeside.<\/p>\n<p>Kan jeg selv bestemme mine lottotal?<\/p>\n<p>Ja, du kan v\u00e6lge tal manuelt, eller du kan bruge funktionen &#8220;Quick Pick&#8221; og generere tal tilf\u00e6ldigt.<\/p>\n<p>Hvordan f\u00e5r jeg min lottokupon?<\/p>\n<p>N\u00e5r du har betalt, f\u00e5r du en e-mail med en bekr\u00e6ftelse p\u00e5 k\u00f8bet. De numre, du valgte, vil v\u00e6re synlige p\u00e5 din konto. Det er klart, at processen med at k\u00f8be og scanne tager et stykke tid, men 2 eller 3 timer senere vil du kunne finde den scannede kupon, n\u00e5r du logger ind p\u00e5 din konto.<\/p>\n<p>Hvordan kan jeg betale for mine lottokuponer?<\/p>\n<p>Vi har forskellige betalingsmuligheder til dig, herunder betaling med kreditkort, \u00f8jeblikkelig bankoverf\u00f8rsel, forskellige kryptovalutaer og meget mere.<br \/>\nDu kan ogs\u00e5 indbetale penge p\u00e5 din spillerkonto f\u00f8rst og derefter bruge din nye saldo til at k\u00f8be kuponer, n\u00e5r du vil. At have en saldo g\u00f8r betalingsprocessen meget hurtigere!<\/p>\n<p>Opkr\u00e6ver I en kommission, hvis jeg vinder?<\/p>\n<p>Nej, det g\u00f8r vi ikke. Alle dine gevinster bliver fuldt udbetalt uden gebyrer, bortset fra bankoverf\u00f8rselsgebyrer i nogle tilf\u00e6lde.<\/p>\n<p>Hvordan finder jeg ud af, om jeg har vundet?<\/p>\n<p>F\u00f8rst sender vi dig en e-mail, der fort\u00e6ller dig om din gevinst. Du kan ogs\u00e5 altid logge ind p\u00e5 din konto og tjekke afsnittet &#8220;Mine billetter&#8221; og tjekke status for dine billetter der. Opdateringer med vindertallene for alle lotterier kan findes p\u00e5 vores hjemmeside.<\/p>\n<p>Hvordan bliver jeg betalt, hvis jeg vinder?<\/p>\n<p>Hvis du vinder en pr\u00e6mie p\u00e5 op til \u20ac2500, vil den \u00f8jeblikkeligt blive krediteret din spillerkonto. Hvis gevinsten er st\u00f8rre, sender vi dig en indbetalingsblanket p\u00e5 e-mail. Du skal identificere dig og give nogle grundl\u00e6ggende oplysninger, f.eks. hvordan du gerne vil have pengene udbetalt. Vi pr\u00e6senterer derefter dit krav for lotteriselskabet. Lotteriselskabet betaler dig derefter direkte.<br \/>\nHvis du foretr\u00e6kker det, kan du ogs\u00e5 hente din kupon p\u00e5 et af vores agentkontorer og derefter aflevere den personligt til lotteriet.<\/p>\n<p>Er jeres service virkelig lovlig?<\/p>\n<p>Ja, absolut. Det er som at v\u00e6re p\u00e5 ferie i det land, hvor lotteriet finder sted, og du k\u00f8ber selv en kupon. Hvis lodsedlen vinder, har du samme krav p\u00e5 gevinsten som alle andre.<\/p>\n<p>Hvordan ved jeg, at en lodseddel bliver k\u00f8bt p\u00e5 mine vegne?<\/p>\n<p>N\u00e5r du har betalt for din lodseddel, vil du f\u00f8rst modtage en betalingsbekr\u00e6ftelse. Lidt senere vil du kunne se scanningen af din lodseddel i kundeomr\u00e5det p\u00e5 vores hjemmeside.<\/p>\n","protected":false},"excerpt":{"rendered":"<p>Ofte stillede sp\u00f8rgsm\u00e5l om onlinelotteri Her kan du finde svarene p\u00e5 de oftest stillede sp\u00f8rgsm\u00e5l om, hvordan online-lotteritjenesten fungerer. Hvordan f\u00e5r jeg mine lodder? En af vores agenter p\u00e5 stedet k\u00f8ber lodsedlen i dit navn og p\u00e5 dine vegne. Derefter bliver kuponen scannet og uploadet til din kundekonto. Vi sender dig en e-mail, n\u00e5r du [&hellip;]<\/p>\n","protected":false},"author":1,"featured_media":0,"parent":0,"menu_order":50,"comment_status":"closed","ping_status":"closed","template":"","meta":{"_et_pb_use_builder":"","_et_pb_old_content":"","_et_gb_content_width":"","exclude_from_search":false,"footnotes":""},"class_list":["post-84434","page","type-page","status-publish","hentry"],"yoast_head":"<!-- This site is optimized with the Yoast SEO plugin v23.4 - https:\/\/yoast.com\/wordpress\/plugins\/seo\/ -->\n<title>Svar p\u00e5 de mest almindelige sp\u00f8rgsm\u00e5l om vores online lotteriservice<\/title>\n<meta name=\"description\" content=\"Vil du vide mere om, hvordan vores online lotteribudstjeneste fungerer? Find svar p\u00e5 de mest almindelige sp\u00f8rgsm\u00e5l her\" \/>\n<meta name=\"robots\" content=\"index, follow, max-snippet:-1, max-image-preview:large, max-video-preview:-1\" \/>\n<link rel=\"canonical\" href=\"https:\/\/onlinelotto365.com\/da\/ofte-stillede-spoergsmaal\/\" \/>\n<meta property=\"og:locale\" content=\"da_DK\" \/>\n<meta property=\"og:type\" content=\"article\" \/>\n<meta property=\"og:title\" content=\"Svar p\u00e5 de mest almindelige sp\u00f8rgsm\u00e5l om vores online lotteriservice\" \/>\n<meta property=\"og:description\" content=\"Vil du vide mere om, hvordan vores online lotteribudstjeneste fungerer? Find svar p\u00e5 de mest almindelige sp\u00f8rgsm\u00e5l her\" \/>\n<meta property=\"og:url\" content=\"https:\/\/onlinelotto365.com\/da\/ofte-stillede-spoergsmaal\/\" \/>\n<meta property=\"og:site_name\" content=\"OnlineLotto365\" \/>\n<meta name=\"twitter:card\" content=\"summary_large_image\" \/>\n<meta name=\"twitter:label1\" content=\"Estimeret l\u00e6setid\" \/>\n\t<meta name=\"twitter:data1\" content=\"3 minutter\" \/>\n<script type=\"application\/ld+json\" class=\"yoast-schema-graph\">{\"@context\":\"https:\/\/schema.org\",\"@graph\":[{\"@type\":\"WebPage\",\"@id\":\"https:\/\/onlinelotto365.com\/da\/ofte-stillede-spoergsmaal\/\",\"url\":\"https:\/\/onlinelotto365.com\/da\/ofte-stillede-spoergsmaal\/\",\"name\":\"Svar p\u00e5 de mest almindelige sp\u00f8rgsm\u00e5l om vores online lotteriservice\",\"isPartOf\":{\"@id\":\"https:\/\/onlinelotto365.com\/da\/#website\"},\"datePublished\":\"2023-10-03T11:50:03+00:00\",\"dateModified\":\"2023-10-03T11:50:03+00:00\",\"description\":\"Vil du vide mere om, hvordan vores online lotteribudstjeneste fungerer? Find svar p\u00e5 de mest almindelige sp\u00f8rgsm\u00e5l her\",\"breadcrumb\":{\"@id\":\"https:\/\/onlinelotto365.com\/da\/ofte-stillede-spoergsmaal\/#breadcrumb\"},\"inLanguage\":\"da-DK\",\"potentialAction\":[{\"@type\":\"ReadAction\",\"target\":[\"https:\/\/onlinelotto365.com\/da\/ofte-stillede-spoergsmaal\/\"]}]},{\"@type\":\"BreadcrumbList\",\"@id\":\"https:\/\/onlinelotto365.com\/da\/ofte-stillede-spoergsmaal\/#breadcrumb\",\"itemListElement\":[{\"@type\":\"ListItem\",\"position\":1,\"name\":\"Home\",\"item\":\"https:\/\/onlinelotto365.com\/da\/\"},{\"@type\":\"ListItem\",\"position\":2,\"name\":\"OFTE STILLEDE SP\u00d8RGSM\u00c5L\"}]},{\"@type\":\"WebSite\",\"@id\":\"https:\/\/onlinelotto365.com\/da\/#website\",\"url\":\"https:\/\/onlinelotto365.com\/da\/\",\"name\":\"OnlineLotto365\",\"description\":\"\",\"potentialAction\":[{\"@type\":\"SearchAction\",\"target\":{\"@type\":\"EntryPoint\",\"urlTemplate\":\"https:\/\/onlinelotto365.com\/da\/?s={search_term_string}\"},\"query-input\":{\"@type\":\"PropertyValueSpecification\",\"valueRequired\":true,\"valueName\":\"search_term_string\"}}],\"inLanguage\":\"da-DK\"}]}<\/script>\n<!-- \/ Yoast SEO plugin. -->","yoast_head_json":{"title":"Svar p\u00e5 de mest almindelige sp\u00f8rgsm\u00e5l om vores online lotteriservice","description":"Vil du vide mere om, hvordan vores online lotteribudstjeneste fungerer? Find svar p\u00e5 de mest almindelige sp\u00f8rgsm\u00e5l her","robots":{"index":"index","follow":"follow","max-snippet":"max-snippet:-1","max-image-preview":"max-image-preview:large","max-video-preview":"max-video-preview:-1"},"canonical":"https:\/\/onlinelotto365.com\/da\/ofte-stillede-spoergsmaal\/","og_locale":"da_DK","og_type":"article","og_title":"Svar p\u00e5 de mest almindelige sp\u00f8rgsm\u00e5l om vores online lotteriservice","og_description":"Vil du vide mere om, hvordan vores online lotteribudstjeneste fungerer? Find svar p\u00e5 de mest almindelige sp\u00f8rgsm\u00e5l her","og_url":"https:\/\/onlinelotto365.com\/da\/ofte-stillede-spoergsmaal\/","og_site_name":"OnlineLotto365","twitter_card":"summary_large_image","twitter_misc":{"Estimeret l\u00e6setid":"3 minutter"},"schema":{"@context":"https:\/\/schema.org","@graph":[{"@type":"WebPage","@id":"https:\/\/onlinelotto365.com\/da\/ofte-stillede-spoergsmaal\/","url":"https:\/\/onlinelotto365.com\/da\/ofte-stillede-spoergsmaal\/","name":"Svar p\u00e5 de mest almindelige sp\u00f8rgsm\u00e5l om vores online lotteriservice","isPartOf":{"@id":"https:\/\/onlinelotto365.com\/da\/#website"},"datePublished":"2023-10-03T11:50:03+00:00","dateModified":"2023-10-03T11:50:03+00:00","description":"Vil du vide mere om, hvordan vores online lotteribudstjeneste fungerer? Find svar p\u00e5 de mest almindelige sp\u00f8rgsm\u00e5l her","breadcrumb":{"@id":"https:\/\/onlinelotto365.com\/da\/ofte-stillede-spoergsmaal\/#breadcrumb"},"inLanguage":"da-DK","potentialAction":[{"@type":"ReadAction","target":["https:\/\/onlinelotto365.com\/da\/ofte-stillede-spoergsmaal\/"]}]},{"@type":"BreadcrumbList","@id":"https:\/\/onlinelotto365.com\/da\/ofte-stillede-spoergsmaal\/#breadcrumb","itemListElement":[{"@type":"ListItem","position":1,"name":"Home","item":"https:\/\/onlinelotto365.com\/da\/"},{"@type":"ListItem","position":2,"name":"OFTE STILLEDE SP\u00d8RGSM\u00c5L"}]},{"@type":"WebSite","@id":"https:\/\/onlinelotto365.com\/da\/#website","url":"https:\/\/onlinelotto365.com\/da\/","name":"OnlineLotto365","description":"","potentialAction":[{"@type":"SearchAction","target":{"@type":"EntryPoint","urlTemplate":"https:\/\/onlinelotto365.com\/da\/?s={search_term_string}"},"query-input":{"@type":"PropertyValueSpecification","valueRequired":true,"valueName":"search_term_string"}}],"inLanguage":"da-DK"}]}},"_links":{"self":[{"href":"https:\/\/onlinelotto365.com\/da\/wp-json\/wp\/v2\/pages\/84434","targetHints":{"allow":["GET"]}}],"collection":[{"href":"https:\/\/onlinelotto365.com\/da\/wp-json\/wp\/v2\/pages"}],"about":[{"href":"https:\/\/onlinelotto365.com\/da\/wp-json\/wp\/v2\/types\/page"}],"author":[{"embeddable":true,"href":"https:\/\/onlinelotto365.com\/da\/wp-json\/wp\/v2\/users\/1"}],"replies":[{"embeddable":true,"href":"https:\/\/onlinelotto365.com\/da\/wp-json\/wp\/v2\/comments?post=84434"}],"version-history":[{"count":0,"href":"https:\/\/onlinelotto365.com\/da\/wp-json\/wp\/v2\/pages\/84434\/revisions"}],"wp:attachment":[{"href":"https:\/\/onlinelotto365.com\/da\/wp-json\/wp\/v2\/media?parent=84434"}],"curies":[{"name":"wp","href":"https:\/\/api.w.org\/{rel}","templated":true}]}}