{"id":9554,"date":"2020-12-13T12:41:21","date_gmt":"2020-12-13T11:41:21","guid":{"rendered":"http:\/\/onlinelotto365.net\/?page_id=9554"},"modified":"2022-11-08T10:50:34","modified_gmt":"2022-11-08T09:50:34","slug":"powerball","status":"publish","type":"page","link":"https:\/\/onlinelotto365.com\/da\/spille\/powerball\/","title":{"rendered":"Hvordan kan folk, der bor i Danmark, spille Powerball online?"},"content":{"rendered":"<p>Det er faktisk ret enkelt at spille Powerball online, ogs\u00e5 selvom du bor i Danmark. Og det er faktisk meget praktisk.<\/p>\n<p>S\u00f8rg for at du v\u00e6lger, det korrekte lotteri, nemlig Powerball. Derefter v\u00e6lger du dine tal.<br \/>\n<a href=\"https:\/\/redfoxlotto.com\/play\/powerball\/?ref=a8564250a2&amp;medium=ol365\" target=\"_blank\" rel=\"noopener noreferrer\"><img loading=\"lazy\" decoding=\"async\" class=\"aligncenter\" src=\"https:\/\/redfoxlotto.com\/image?size=8&amp;lottery=powerball\" alt=\"powerball\" width=\"793\" height=\"98\" \/><\/a><\/p>\n<p>Der er ogs\u00e5 en metode, som mange, der spiller, kan lide at bruge &#8211; quickpick funktionen. Der skal du bare klikke p\u00e5 quickpick knappen, s\u00e5 v\u00e6lger hjemmesiden nogle tilf\u00e6ldige tal for dig.<\/p>\n<p>N\u00e5r du er f\u00e6rdig med at v\u00e6lge tal til Powerball, kan du v\u00e6lge et andet lotteri, hvor du v\u00e6lger flere lodsedler og l\u00e6gger dem i kurven. N\u00e5r du er f\u00e6rdig, klikker du for at komme til kassen og betale sikkert for dine lodsedler. P\u00e5 det tidspunkt bliver du n\u00f8dt til at oprette en konto hos os. Du kan selvf\u00f8lgelig ogs\u00e5 oprette kontoen f\u00f8rst og derefter begynde processen med at bestille lodsedler.<\/p>\n<p>Efter du opretter din konto, skal din tilmelding p\u00e5 vores hjemmeside bekr\u00e6ftes. Vi sender dig en bekr\u00e6ftelsesmail med et link. Det er en god ide at markere vores mailadresse som betroet afsender. Dette sikrer, at du faktisk modtager vigtige meddelelser, som fx underretninger om gevinster. Dette er en af fordelene ved at spille Powerball online \u2013 du g\u00e5r aldrig glip af en gevinst, for du f\u00e5r altid besked af os.<\/p>\n<p>Vores tjeneste har virkelig bragt lotterispil ind i det 21. \u00e5rhundrede, og dette er det st\u00f8rste, der er sket for lotterierne, siden man f\u00f8rst begyndte at s\u00e6lge lodsedler. Hvis du ikke benytter dig af denne online tjeneste, g\u00e5r du virkelig glip af mange fantastiske lotterier, der venter p\u00e5 dig derude.<\/p>\n<h2>Om Powerball<\/h2>\n<p><img loading=\"lazy\" decoding=\"async\" class=\"size-medium wp-image-1521 alignright\" src=\"https:\/\/onlinelotto365.com\/wp-content\/uploads\/2020\/11\/online_lottery-133-300x212.jpg\" alt=\"powerball usa fra Danmark\" width=\"300\" height=\"212\" \/><\/p>\n<ul>\n<li>Lande: USA<\/li>\n<li>Talr\u00e6kke for hovedtal: 69<\/li>\n<li>Du v\u00e6lger: 5<\/li>\n<li>Talr\u00e6kke for ekstra tal: 26<\/li>\n<li>Du v\u00e6lger: 1<\/li>\n<li>Udtr\u00e6kningsdage\/-tider: onsdag og l\u00f8rdag, kl. 21.00 EST, +1 dag 3.00 CET<\/li>\n<li>Minimum jackpot: 40 millioner dollars<\/li>\n<li>Loft over jackpotten: intet<\/li>\n<li>Sandsynlighed for at vinde Powerball jackpotten: 1 i 175.223.510<\/li>\n<li>Sandsynlighed for gevinst p\u00e5 2. niveau: 1 i 5.006.386<\/li>\n<li>Sandsynlighed for gevinst p\u00e5 hvilket som helst niveau: 1 i 24,87<\/li>\n<li>Antal gevinstniveauer: 9<\/li>\n<\/ul>\n<h2>Bedste egenskaber ved Powerball<\/h2>\n<p>Uanset hvor store dine dr\u00f8mme er, kan Powerball Lotto f\u00e5 dem alle til at g\u00e5 i opfyldelse, og lidt til. Med jackpotter, der j\u00e6vnligt n\u00e5r op i flere hundrede millioner dollars, kan man i hvert fald sige, at der kan vindes enorme pengesummer.<\/p>\n<p>Hver gang der ikke er nogen, der vinder jackpotten, vokser den, ofte til hundrede millioner, to hundrede millioner og sommetider endda tre hundrede millioner. Jeg tror, de fleste af os kan blive enige om, at selv et minimum p\u00e5 40 millioner dollars ville v\u00e6re nok til at opfylde vores vildeste dr\u00f8mme, men hvad lotterier ang\u00e5r \u2013 jo st\u00f8rre, desto bedre. S\u00e5 hvis du er som de fleste, og du elsker at spille stort, er det her helt sikkert lotteriet for dig.<\/p>\n<h2>Hvad du ellers har brug for at vide om at spille Powerball online<\/h2>\n<p>Powerball tilbyder jackpotvindere to m\u00e5der at f\u00e5 gevinster udbetalt p\u00e5. Du kan enten f\u00e5 et samlet bel\u00f8b nu, eller ogs\u00e5 kan du f\u00e5 langt flere penge ved at modtage dem i 30 \u00e5rlige udbetalinger.<\/p>\n<h2>S\u00e5dan tjekker du Powerball resultater fra Danmark<\/h2>\n<p>Der er flere m\u00e5der, hvorp\u00e5 man kan tjekke vindertal og resultater for Powerball fra Danmark. Men hvis du har spillet Powerball online, er den letteste m\u00e5de at komme her tilbage, hvor du har k\u00f8bt lodsedlen. P\u00e5 din konto kan du sammenligne dine tal med tallene fra den seneste udtr\u00e6kning. Du modtager ogs\u00e5 underretning via mail, n\u00e5r der er gevinst p\u00e5 en af dine lodsedler.<\/p>\n<h2>Du har spillet Powerball online og vundet \u2013 hvad sker der nu?<\/h2>\n<p>Vores service omfatter h\u00e5ndtering af udbetalingerne for dig. Du beh\u00f8ver ikke at bekymre dig om at blive betalt. Og vi opkr\u00e6ver ikke nogen provision p\u00e5 dine gevinster.<\/p>\n<p>Proceduren afh\u00e6nger af, hvor meget du har vundet. Hvis du har vundet et bel\u00f8b p\u00e5 2.500 \u20ac eller mindre, f\u00e5r du dette bel\u00f8b krediteret din konto hos os. Du kan udbetale det eller lade det st\u00e5 p\u00e5 din konto og bruge det til at spille flere online-lotterisedler.<\/p>\n<p>Hvis du vinder et st\u00f8rre bel\u00f8b, sender vi dig en kravformular pr. e-mail. Du skal s\u00e5 udfylde nogle personlige oplysninger, herunder hvordan du gerne vil have pengene udbetalt. Der er to muligheder: bankoverf\u00f8rsel eller check. Vi videresender kravformularen til lotterikommissionen, og de udbetaler dig i henhold til dine instruktioner.<\/p>\n","protected":false},"excerpt":{"rendered":"<p>Det er faktisk ret enkelt at spille Powerball online, ogs\u00e5 selvom du bor i Danmark. Og det er faktisk meget praktisk. S\u00f8rg for at du v\u00e6lger, det korrekte lotteri, nemlig Powerball. Derefter v\u00e6lger du dine tal. Der er ogs\u00e5 en metode, som mange, der spiller, kan lide at bruge &#8211; quickpick funktionen. Der skal du [&hellip;]<\/p>\n","protected":false},"author":1,"featured_media":0,"parent":5013,"menu_order":1,"comment_status":"closed","ping_status":"closed","template":"powerball-usa.php","meta":{"_et_pb_use_builder":"","_et_pb_old_content":"","_et_gb_content_width":"","exclude_from_search":false,"footnotes":""},"class_list":["post-9554","page","type-page","status-publish","hentry"],"yoast_head":"<!-- This site is optimized with the Yoast SEO plugin v23.4 - https:\/\/yoast.com\/wordpress\/plugins\/seo\/ -->\n<title>Spil Powerball online fra Danmark | Kan jeg vinde i Powerball fra Danmark<\/title>\n<meta name=\"description\" content=\"Spil Powerball Lotto her \u2013 det st\u00f8rste lotteri i USA, tilg\u00e6ngeligt fra Danmark og alle andre lande\" \/>\n<meta name=\"robots\" content=\"index, follow, max-snippet:-1, max-image-preview:large, max-video-preview:-1\" \/>\n<link rel=\"canonical\" href=\"https:\/\/onlinelotto365.com\/da\/spille\/powerball\/\" \/>\n<meta property=\"og:locale\" content=\"da_DK\" \/>\n<meta property=\"og:type\" content=\"article\" \/>\n<meta property=\"og:title\" content=\"Spil Powerball online fra Danmark | Kan jeg vinde i Powerball fra Danmark\" \/>\n<meta property=\"og:description\" content=\"Spil Powerball Lotto her \u2013 det st\u00f8rste lotteri i USA, tilg\u00e6ngeligt fra Danmark og alle andre lande\" \/>\n<meta property=\"og:url\" content=\"https:\/\/onlinelotto365.com\/da\/spille\/powerball\/\" \/>\n<meta property=\"og:site_name\" content=\"OnlineLotto365\" \/>\n<meta property=\"article:modified_time\" content=\"2022-11-08T09:50:34+00:00\" \/>\n<meta property=\"og:image\" content=\"https:\/\/redfoxlotto.com\/image?size=8&amp;lottery=powerball\" \/>\n<meta name=\"twitter:card\" content=\"summary_large_image\" \/>\n<meta name=\"twitter:label1\" content=\"Estimeret l\u00e6setid\" \/>\n\t<meta name=\"twitter:data1\" content=\"4 minutter\" \/>\n<script type=\"application\/ld+json\" class=\"yoast-schema-graph\">{\"@context\":\"https:\/\/schema.org\",\"@graph\":[{\"@type\":\"WebPage\",\"@id\":\"https:\/\/onlinelotto365.com\/da\/spille\/powerball\/\",\"url\":\"https:\/\/onlinelotto365.com\/da\/spille\/powerball\/\",\"name\":\"Spil Powerball online fra Danmark | Kan jeg vinde i Powerball fra Danmark\",\"isPartOf\":{\"@id\":\"https:\/\/onlinelotto365.com\/da\/#website\"},\"primaryImageOfPage\":{\"@id\":\"https:\/\/onlinelotto365.com\/da\/spille\/powerball\/#primaryimage\"},\"image\":{\"@id\":\"https:\/\/onlinelotto365.com\/da\/spille\/powerball\/#primaryimage\"},\"thumbnailUrl\":\"https:\/\/redfoxlotto.com\/image?size=8&amp;lottery=powerball\",\"datePublished\":\"2020-12-13T11:41:21+00:00\",\"dateModified\":\"2022-11-08T09:50:34+00:00\",\"description\":\"Spil Powerball Lotto her \u2013 det st\u00f8rste lotteri i USA, tilg\u00e6ngeligt fra Danmark og alle andre lande\",\"breadcrumb\":{\"@id\":\"https:\/\/onlinelotto365.com\/da\/spille\/powerball\/#breadcrumb\"},\"inLanguage\":\"da-DK\",\"potentialAction\":[{\"@type\":\"ReadAction\",\"target\":[\"https:\/\/onlinelotto365.com\/da\/spille\/powerball\/\"]}]},{\"@type\":\"ImageObject\",\"inLanguage\":\"da-DK\",\"@id\":\"https:\/\/onlinelotto365.com\/da\/spille\/powerball\/#primaryimage\",\"url\":\"https:\/\/redfoxlotto.com\/image?size=8&amp;lottery=powerball\",\"contentUrl\":\"https:\/\/redfoxlotto.com\/image?size=8&amp;lottery=powerball\"},{\"@type\":\"BreadcrumbList\",\"@id\":\"https:\/\/onlinelotto365.com\/da\/spille\/powerball\/#breadcrumb\",\"itemListElement\":[{\"@type\":\"ListItem\",\"position\":1,\"name\":\"Home\",\"item\":\"https:\/\/onlinelotto365.com\/da\/\"},{\"@type\":\"ListItem\",\"position\":2,\"name\":\"Alt, hvad du skal vide om dine muligheder for at spille de bedste lotterier online\",\"item\":\"https:\/\/onlinelotto365.com\/da\/spille\/\"},{\"@type\":\"ListItem\",\"position\":3,\"name\":\"Hvordan kan folk, der bor i Danmark, spille Powerball online?\"}]},{\"@type\":\"WebSite\",\"@id\":\"https:\/\/onlinelotto365.com\/da\/#website\",\"url\":\"https:\/\/onlinelotto365.com\/da\/\",\"name\":\"OnlineLotto365\",\"description\":\"\",\"potentialAction\":[{\"@type\":\"SearchAction\",\"target\":{\"@type\":\"EntryPoint\",\"urlTemplate\":\"https:\/\/onlinelotto365.com\/da\/?s={search_term_string}\"},\"query-input\":{\"@type\":\"PropertyValueSpecification\",\"valueRequired\":true,\"valueName\":\"search_term_string\"}}],\"inLanguage\":\"da-DK\"}]}<\/script>\n<!-- \/ Yoast SEO plugin. -->","yoast_head_json":{"title":"Spil Powerball online fra Danmark | Kan jeg vinde i Powerball fra Danmark","description":"Spil Powerball Lotto her \u2013 det st\u00f8rste lotteri i USA, tilg\u00e6ngeligt fra Danmark og alle andre lande","robots":{"index":"index","follow":"follow","max-snippet":"max-snippet:-1","max-image-preview":"max-image-preview:large","max-video-preview":"max-video-preview:-1"},"canonical":"https:\/\/onlinelotto365.com\/da\/spille\/powerball\/","og_locale":"da_DK","og_type":"article","og_title":"Spil Powerball online fra Danmark | Kan jeg vinde i Powerball fra Danmark","og_description":"Spil Powerball Lotto her \u2013 det st\u00f8rste lotteri i USA, tilg\u00e6ngeligt fra Danmark og alle andre lande","og_url":"https:\/\/onlinelotto365.com\/da\/spille\/powerball\/","og_site_name":"OnlineLotto365","article_modified_time":"2022-11-08T09:50:34+00:00","og_image":[{"url":"https:\/\/redfoxlotto.com\/image?size=8&amp;lottery=powerball"}],"twitter_card":"summary_large_image","twitter_misc":{"Estimeret l\u00e6setid":"4 minutter"},"schema":{"@context":"https:\/\/schema.org","@graph":[{"@type":"WebPage","@id":"https:\/\/onlinelotto365.com\/da\/spille\/powerball\/","url":"https:\/\/onlinelotto365.com\/da\/spille\/powerball\/","name":"Spil Powerball online fra Danmark | Kan jeg vinde i Powerball fra Danmark","isPartOf":{"@id":"https:\/\/onlinelotto365.com\/da\/#website"},"primaryImageOfPage":{"@id":"https:\/\/onlinelotto365.com\/da\/spille\/powerball\/#primaryimage"},"image":{"@id":"https:\/\/onlinelotto365.com\/da\/spille\/powerball\/#primaryimage"},"thumbnailUrl":"https:\/\/redfoxlotto.com\/image?size=8&amp;lottery=powerball","datePublished":"2020-12-13T11:41:21+00:00","dateModified":"2022-11-08T09:50:34+00:00","description":"Spil Powerball Lotto her \u2013 det st\u00f8rste lotteri i USA, tilg\u00e6ngeligt fra Danmark og alle andre lande","breadcrumb":{"@id":"https:\/\/onlinelotto365.com\/da\/spille\/powerball\/#breadcrumb"},"inLanguage":"da-DK","potentialAction":[{"@type":"ReadAction","target":["https:\/\/onlinelotto365.com\/da\/spille\/powerball\/"]}]},{"@type":"ImageObject","inLanguage":"da-DK","@id":"https:\/\/onlinelotto365.com\/da\/spille\/powerball\/#primaryimage","url":"https:\/\/redfoxlotto.com\/image?size=8&amp;lottery=powerball","contentUrl":"https:\/\/redfoxlotto.com\/image?size=8&amp;lottery=powerball"},{"@type":"BreadcrumbList","@id":"https:\/\/onlinelotto365.com\/da\/spille\/powerball\/#breadcrumb","itemListElement":[{"@type":"ListItem","position":1,"name":"Home","item":"https:\/\/onlinelotto365.com\/da\/"},{"@type":"ListItem","position":2,"name":"Alt, hvad du skal vide om dine muligheder for at spille de bedste lotterier online","item":"https:\/\/onlinelotto365.com\/da\/spille\/"},{"@type":"ListItem","position":3,"name":"Hvordan kan folk, der bor i Danmark, spille Powerball online?"}]},{"@type":"WebSite","@id":"https:\/\/onlinelotto365.com\/da\/#website","url":"https:\/\/onlinelotto365.com\/da\/","name":"OnlineLotto365","description":"","potentialAction":[{"@type":"SearchAction","target":{"@type":"EntryPoint","urlTemplate":"https:\/\/onlinelotto365.com\/da\/?s={search_term_string}"},"query-input":{"@type":"PropertyValueSpecification","valueRequired":true,"valueName":"search_term_string"}}],"inLanguage":"da-DK"}]}},"_links":{"self":[{"href":"https:\/\/onlinelotto365.com\/da\/wp-json\/wp\/v2\/pages\/9554","targetHints":{"allow":["GET"]}}],"collection":[{"href":"https:\/\/onlinelotto365.com\/da\/wp-json\/wp\/v2\/pages"}],"about":[{"href":"https:\/\/onlinelotto365.com\/da\/wp-json\/wp\/v2\/types\/page"}],"author":[{"embeddable":true,"href":"https:\/\/onlinelotto365.com\/da\/wp-json\/wp\/v2\/users\/1"}],"replies":[{"embeddable":true,"href":"https:\/\/onlinelotto365.com\/da\/wp-json\/wp\/v2\/comments?post=9554"}],"version-history":[{"count":0,"href":"https:\/\/onlinelotto365.com\/da\/wp-json\/wp\/v2\/pages\/9554\/revisions"}],"up":[{"embeddable":true,"href":"https:\/\/onlinelotto365.com\/da\/wp-json\/wp\/v2\/pages\/5013"}],"wp:attachment":[{"href":"https:\/\/onlinelotto365.com\/da\/wp-json\/wp\/v2\/media?parent=9554"}],"curies":[{"name":"wp","href":"https:\/\/api.w.org\/{rel}","templated":true}]}}