{"id":10855,"date":"2020-12-18T08:25:01","date_gmt":"2020-12-18T07:25:01","guid":{"rendered":"http:\/\/onlinelotto365.net\/?page_id=10855"},"modified":"2020-12-30T10:30:58","modified_gmt":"2020-12-30T09:30:58","slug":"saturday-lotto-australia","status":"publish","type":"page","link":"https:\/\/onlinelotto365.com\/de\/lose-kaufen\/saturday-lotto-australia\/","title":{"rendered":"Wie man Samstags-Lose f\u00fcr Australien online kauft"},"content":{"rendered":"<p>Wenn Sie sich nicht ganz sicher waren, wie Sie Samstagslotto-Deutschland-Scheine online kaufen k\u00f6nnen, dann sollten Sie sich diese <strong>Schritt-f\u00fcr-Schritt-Anleitung ansehen, die Ihnen dabei helfen soll, schnell ans Ziel zu kommen<\/strong>. Sie m\u00fcssen sich um nichts k\u00fcmmern, denn wir helfen Ihnen dabei.<\/p>\n<ul>\n<li>Gehen Sie auf die Seite f\u00fcr das Samstagslotto Australien und w\u00e4hlen Sie die Zahlen aus, die Sie auf jedem Ihrer Scheine spielen m\u00f6chten<\/li>\n<li>Hinzuf\u00fcgen weiterer Scheine f\u00fcr das gleiche Spiel oder f\u00fcr verschiedene Spiele<\/li>\n<li>Gehen Sie zur Option &#8222;Jetzt bezahlen&#8220;<\/li>\n<li>Loggen Sie sich in Ihr aktuelles Konto ein oder w\u00e4hlen Sie die Option zur Registrierung eines neuen Kontos und folgen Sie den Anweisungen<\/li>\n<li>F\u00fcr neue Konten stellen Sie sicher, dass Sie in Ihrem E-Mail-Posteingang eine Best\u00e4tigungs-E-Mail mit einem Verifizierungslink finden<\/li>\n<li>\u00dcberpr\u00fcfen Sie Ihren Spam-Ordner, wenn Sie die Best\u00e4tigungs-E-Mail nicht sehen und klicken Sie auf den Link<\/li>\n<li>Gehen Sie zu Ihrem Einkaufswagen<\/li>\n<li>W\u00e4hlen Sie die Zahlungsoption, die Sie verwenden m\u00f6chten, und gehen Sie durch den Zahlungsvorgang<\/li>\n<\/ul>\n<p><a href=\"https:\/\/redfoxlotto.com\/de\/spielen\/saturday-lotto-au\/?ref=a8564250a2&amp;medium=ol365\" target=\"_blank\" rel=\"noopener noreferrer\"><img decoding=\"async\" class=\"aligncenter\" src=\"https:\/\/redfoxlotto.com\/image?size=8&amp;lottery=saturday-lotto-au\" alt=\"Saturday Lotto Australia\" \/><\/a><\/p>\n<h2>Wie Sie Ihr Samstagslotto Australien-Ticket online bezahlen<\/h2>\n<p>Sie k\u00f6nnen eine von <strong>vielen verschiedenen sicheren Zahlungsoptionen<\/strong> verwenden, wenn Sie Ihren n\u00e4chsten Lottoschein bei uns von Deutschland aus kaufen m\u00f6chten.<br \/>\nW\u00e4hlen Sie aus diesen verschiedenen Optionen:<\/p>\n<ul>\n<li>Bezahlen Sie die Bestellung direkt \u00fcber Ihre bevorzugte Zahlungsmethode<\/li>\n<li>Zahlen Sie Geld auf Ihr Konto ein und nutzen Sie es f\u00fcr den Kauf von Losen<\/li>\n<\/ul>\n<p>Stellen Sie sicher, dass Sie mehr als genug Geld f\u00fcr den Kauf hinzuf\u00fcgen, wenn Sie sich entscheiden, Geld auf Ihr Konto einzuzahlen.<\/p>\n<h2>Mehr Informationen \u00fcber Samstagslotto Australien<\/h2>\n<ul>\n<li>Land: Australien<\/li>\n<li>Hauptnummernbereich: 45<\/li>\n<li>Sie w\u00e4hlen: 6<\/li>\n<li>Ziehungstage, Stunden: Samstag, 21:30 GMT+11, 10:30 CET<\/li>\n<li>Minimaler Jackpot: AU$ 5 Millionen<\/li>\n<li>Maximaler Jackpot: AU$ 150 Millionen<\/li>\n<li>Wahrscheinlichkeit, den Jackpot zu gewinnen: 1 zu 8145060<\/li>\n<li>Wahrscheinlichkeit eines Stufe-2-Gewinns: 1 zu 678755<\/li>\n<li>Wahrscheinlichkeit, in jeder Stufe zu gewinnen: 1 zu 85,44<\/li>\n<li>Anzahl der Gewinnstufen: 6<\/li>\n<\/ul>\n<h2>Vorteile des Online-Kaufs von Lottoscheinen f\u00fcr Samstag Australien<\/h2>\n<ul>\n<li>Sie erhalten die gew\u00fcnschten Spielscheine und m\u00fcssen nicht vor die T\u00fcr gehen<img loading=\"lazy\" decoding=\"async\" class=\"alignright wp-image-3694\" src=\"https:\/\/onlinelotto365.com\/wp-content\/uploads\/2020\/11\/online_lottery-11-300x300.jpeg\" alt=\"scheine samstagslotto online kaufen\" width=\"187\" height=\"187\" srcset=\"https:\/\/onlinelotto365.com\/wp-content\/uploads\/2020\/11\/online_lottery-11-300x300.jpeg 300w, https:\/\/onlinelotto365.com\/wp-content\/uploads\/2020\/11\/online_lottery-11-100x100.jpeg 100w, https:\/\/onlinelotto365.com\/wp-content\/uploads\/2020\/11\/online_lottery-11-150x150.jpeg 150w, https:\/\/onlinelotto365.com\/wp-content\/uploads\/2020\/11\/online_lottery-11.jpeg 480w\" sizes=\"auto, (max-width: 187px) 100vw, 187px\" \/><\/li>\n<li>W\u00e4hlen Sie aus vielen verschiedenen Lottospielen<\/li>\n<li>Sichern Sie sich eine <strong>bessere Gewinnchance<\/strong>, indem Sie auf die gr\u00f6\u00dften Jackpots setzen<\/li>\n<li>Zahlen Sie Ihr Geld auf ein Konto ein und bezahlen Sie dann Ihre Tickets<\/li>\n<li>Behalten Sie ganz einfach den \u00dcberblick \u00fcber Ihre Tickets<\/li>\n<li>Erhalten Sie jedes Mal eine Gewinnbenachrichtigung<\/li>\n<li>Nutzen Sie eine Schnellauswahl, um Tickets zu erhalten, ohne Zahlen zu ziehen<\/li>\n<\/ul>\n<h2>Ist es legal, Saturday Lotto Australia-Scheine online zu kaufen?<\/h2>\n<p>Vielleicht sind Sie nerv\u00f6s dar\u00fcber, ob es in Ihrem Wohnsitzland \u00fcberhaupt legal ist, auf diese Weise <strong>Lottoscheine zu kaufen<\/strong>, w\u00e4hrend Sie einen Wohnsitz in Deutschland haben. Nun, Sie brauchen sich keine Sorgen zu machen, denn wir k\u00fcmmern uns darum, dass alles legal ist, je nach dem Land, in dem die Lose gekauft werden, einschlie\u00dflich dem Land, in dem die Lotterie ihren Sitz hat. Sie m\u00fcssen sich um nichts weiter k\u00fcmmern, als sicherzustellen, dass Sie legal alt genug sind, um die Lose zu kaufen. Sie m\u00fcssen 18 Jahre alt sein, um unsere Website nutzen zu k\u00f6nnen.<\/p>\n<h2>Wie werde ich bezahlt, wenn ich bei Saturday Lotto Australia online gewinne?<\/h2>\n<p>Wir wissen, dass Sie nicht m\u00f6chten, dass irgendjemand einen Anteil an Ihrem Gewinn erh\u00e4lt und deshalb stellen wir sicher, dass wir dies nicht tun. Sie werden uns niemals eine Provision zahlen, wenn Sie Ihre Lieblingslotteriespiele gewinnen. Und Sie m\u00fcssen sich auch keine Sorgen dar\u00fcber machen, dass Sie uns eine Provision auf Gewinne zahlen.<\/p>\n<p>Das einzige Mal, dass Sie eine Geb\u00fchr zahlen, ist, wenn Sie sich daf\u00fcr entscheiden, Ihre <a href=\"https:\/\/onlinelotto365.com\/de\/gewinnzahlen\">Lotteriegewinne<\/a> per Bank\u00fcberweisung zu \u00fcberweisen, zum Beispiel an eine Bank in Deutschland. Bei diesen \u00dcberweisungen k\u00f6nnen manchmal Geb\u00fchren anfallen, da die Banken f\u00fcr internationale \u00dcberweisungen Geb\u00fchren erheben. Diese Geb\u00fchren werden unter Umst\u00e4nden an Sie weitergegeben und von Ihrem Gewinn abgezogen.<br \/>\n<strong>Wenn es darum geht, ausgezahlt zu werden, m\u00fcssen Sie nur daran denken:<\/strong><\/p>\n<ul>\n<li>Auszahlungen unter \u20ac2500 werden auf Ihr Konto \u00fcberwiesen. Sie m\u00fcssen nichts tun, weil wir das alles f\u00fcr Sie erledigen.<\/li>\n<li>Zahlungen \u00fcber \u20ac2500 werden per Bank\u00fcberweisung oder Scheck ausgezahlt. Sie werden von unserem Support-Team kontaktiert, um ein Formular auszuf\u00fcllen, das uns mitteilt, wie wir Ihnen das Geld zukommen lassen k\u00f6nnen. Dann m\u00fcssen Sie nur noch ein paar Tage warten, bis es bei Ihnen ist.<\/li>\n<\/ul>\n","protected":false},"excerpt":{"rendered":"<p>Wenn Sie sich nicht ganz sicher waren, wie Sie Samstagslotto-Deutschland-Scheine online kaufen k\u00f6nnen, dann sollten Sie sich diese Schritt-f\u00fcr-Schritt-Anleitung ansehen, die Ihnen dabei helfen soll, schnell ans Ziel zu kommen. Sie m\u00fcssen sich um nichts k\u00fcmmern, denn wir helfen Ihnen dabei. Gehen Sie auf die Seite f\u00fcr das Samstagslotto Australien und w\u00e4hlen Sie die Zahlen [&hellip;]<\/p>\n","protected":false},"author":1,"featured_media":0,"parent":3805,"menu_order":15,"comment_status":"closed","ping_status":"closed","template":"saturday-lotto-info.php","meta":{"_et_pb_use_builder":"","_et_pb_old_content":"","_et_gb_content_width":"","exclude_from_search":false,"footnotes":""},"class_list":["post-10855","page","type-page","status-publish","hentry"],"yoast_head":"<!-- This site is optimized with the Yoast SEO plugin v23.4 - https:\/\/yoast.com\/wordpress\/plugins\/seo\/ -->\n<title>Wie erhalte ich Lose f\u00fcr Saturday Lotto Australia, wenn ich in Deutschland wohnhaft bin?<\/title>\n<meta name=\"description\" content=\"In Deutschland ans\u00e4ssige Personen k\u00f6nnen jetzt Lose f\u00fcr das Samstagslotto Australien kaufen\" \/>\n<meta name=\"robots\" content=\"index, follow, max-snippet:-1, max-image-preview:large, max-video-preview:-1\" \/>\n<link rel=\"canonical\" href=\"https:\/\/onlinelotto365.com\/de\/lose-kaufen\/saturday-lotto-australia\/\" \/>\n<meta property=\"og:locale\" content=\"de_DE\" \/>\n<meta property=\"og:type\" content=\"article\" \/>\n<meta property=\"og:title\" content=\"Wie erhalte ich Lose f\u00fcr Saturday Lotto Australia, wenn ich in Deutschland wohnhaft bin?\" \/>\n<meta property=\"og:description\" content=\"In Deutschland ans\u00e4ssige Personen k\u00f6nnen jetzt Lose f\u00fcr das Samstagslotto Australien kaufen\" \/>\n<meta property=\"og:url\" content=\"https:\/\/onlinelotto365.com\/de\/lose-kaufen\/saturday-lotto-australia\/\" \/>\n<meta property=\"og:site_name\" content=\"OnlineLotto365\" \/>\n<meta property=\"article:modified_time\" content=\"2020-12-30T09:30:58+00:00\" \/>\n<meta property=\"og:image\" content=\"https:\/\/redfoxlotto.com\/image?size=8&amp;lottery=saturday-lotto-au\" \/>\n<meta name=\"twitter:card\" content=\"summary_large_image\" \/>\n<meta name=\"twitter:label1\" content=\"Gesch\u00e4tzte Lesezeit\" \/>\n\t<meta name=\"twitter:data1\" content=\"4\u00a0Minuten\" \/>\n<script type=\"application\/ld+json\" class=\"yoast-schema-graph\">{\"@context\":\"https:\/\/schema.org\",\"@graph\":[{\"@type\":\"WebPage\",\"@id\":\"https:\/\/onlinelotto365.com\/de\/lose-kaufen\/saturday-lotto-australia\/\",\"url\":\"https:\/\/onlinelotto365.com\/de\/lose-kaufen\/saturday-lotto-australia\/\",\"name\":\"Wie erhalte ich Lose f\u00fcr Saturday Lotto Australia, wenn ich in Deutschland wohnhaft bin?\",\"isPartOf\":{\"@id\":\"https:\/\/onlinelotto365.com\/de\/#website\"},\"primaryImageOfPage\":{\"@id\":\"https:\/\/onlinelotto365.com\/de\/lose-kaufen\/saturday-lotto-australia\/#primaryimage\"},\"image\":{\"@id\":\"https:\/\/onlinelotto365.com\/de\/lose-kaufen\/saturday-lotto-australia\/#primaryimage\"},\"thumbnailUrl\":\"https:\/\/redfoxlotto.com\/image?size=8&amp;lottery=saturday-lotto-au\",\"datePublished\":\"2020-12-18T07:25:01+00:00\",\"dateModified\":\"2020-12-30T09:30:58+00:00\",\"description\":\"In Deutschland ans\u00e4ssige Personen k\u00f6nnen jetzt Lose f\u00fcr das Samstagslotto Australien kaufen\",\"breadcrumb\":{\"@id\":\"https:\/\/onlinelotto365.com\/de\/lose-kaufen\/saturday-lotto-australia\/#breadcrumb\"},\"inLanguage\":\"de\",\"potentialAction\":[{\"@type\":\"ReadAction\",\"target\":[\"https:\/\/onlinelotto365.com\/de\/lose-kaufen\/saturday-lotto-australia\/\"]}]},{\"@type\":\"ImageObject\",\"inLanguage\":\"de\",\"@id\":\"https:\/\/onlinelotto365.com\/de\/lose-kaufen\/saturday-lotto-australia\/#primaryimage\",\"url\":\"https:\/\/redfoxlotto.com\/image?size=8&amp;lottery=saturday-lotto-au\",\"contentUrl\":\"https:\/\/redfoxlotto.com\/image?size=8&amp;lottery=saturday-lotto-au\"},{\"@type\":\"BreadcrumbList\",\"@id\":\"https:\/\/onlinelotto365.com\/de\/lose-kaufen\/saturday-lotto-australia\/#breadcrumb\",\"itemListElement\":[{\"@type\":\"ListItem\",\"position\":1,\"name\":\"Home\",\"item\":\"https:\/\/onlinelotto365.com\/de\/\"},{\"@type\":\"ListItem\",\"position\":2,\"name\":\"Warum es sinnvoller ist, Lotterielose online zu kaufen\",\"item\":\"https:\/\/onlinelotto365.com\/de\/lose-kaufen\/\"},{\"@type\":\"ListItem\",\"position\":3,\"name\":\"Wie man Samstags-Lose f\u00fcr Australien online kauft\"}]},{\"@type\":\"WebSite\",\"@id\":\"https:\/\/onlinelotto365.com\/de\/#website\",\"url\":\"https:\/\/onlinelotto365.com\/de\/\",\"name\":\"OnlineLotto365\",\"description\":\"\",\"potentialAction\":[{\"@type\":\"SearchAction\",\"target\":{\"@type\":\"EntryPoint\",\"urlTemplate\":\"https:\/\/onlinelotto365.com\/de\/?s={search_term_string}\"},\"query-input\":{\"@type\":\"PropertyValueSpecification\",\"valueRequired\":true,\"valueName\":\"search_term_string\"}}],\"inLanguage\":\"de\"}]}<\/script>\n<!-- \/ Yoast SEO plugin. -->","yoast_head_json":{"title":"Wie erhalte ich Lose f\u00fcr Saturday Lotto Australia, wenn ich in Deutschland wohnhaft bin?","description":"In Deutschland ans\u00e4ssige Personen k\u00f6nnen jetzt Lose f\u00fcr das Samstagslotto Australien kaufen","robots":{"index":"index","follow":"follow","max-snippet":"max-snippet:-1","max-image-preview":"max-image-preview:large","max-video-preview":"max-video-preview:-1"},"canonical":"https:\/\/onlinelotto365.com\/de\/lose-kaufen\/saturday-lotto-australia\/","og_locale":"de_DE","og_type":"article","og_title":"Wie erhalte ich Lose f\u00fcr Saturday Lotto Australia, wenn ich in Deutschland wohnhaft bin?","og_description":"In Deutschland ans\u00e4ssige Personen k\u00f6nnen jetzt Lose f\u00fcr das Samstagslotto Australien kaufen","og_url":"https:\/\/onlinelotto365.com\/de\/lose-kaufen\/saturday-lotto-australia\/","og_site_name":"OnlineLotto365","article_modified_time":"2020-12-30T09:30:58+00:00","og_image":[{"url":"https:\/\/redfoxlotto.com\/image?size=8&amp;lottery=saturday-lotto-au"}],"twitter_card":"summary_large_image","twitter_misc":{"Gesch\u00e4tzte Lesezeit":"4\u00a0Minuten"},"schema":{"@context":"https:\/\/schema.org","@graph":[{"@type":"WebPage","@id":"https:\/\/onlinelotto365.com\/de\/lose-kaufen\/saturday-lotto-australia\/","url":"https:\/\/onlinelotto365.com\/de\/lose-kaufen\/saturday-lotto-australia\/","name":"Wie erhalte ich Lose f\u00fcr Saturday Lotto Australia, wenn ich in Deutschland wohnhaft bin?","isPartOf":{"@id":"https:\/\/onlinelotto365.com\/de\/#website"},"primaryImageOfPage":{"@id":"https:\/\/onlinelotto365.com\/de\/lose-kaufen\/saturday-lotto-australia\/#primaryimage"},"image":{"@id":"https:\/\/onlinelotto365.com\/de\/lose-kaufen\/saturday-lotto-australia\/#primaryimage"},"thumbnailUrl":"https:\/\/redfoxlotto.com\/image?size=8&amp;lottery=saturday-lotto-au","datePublished":"2020-12-18T07:25:01+00:00","dateModified":"2020-12-30T09:30:58+00:00","description":"In Deutschland ans\u00e4ssige Personen k\u00f6nnen jetzt Lose f\u00fcr das Samstagslotto Australien kaufen","breadcrumb":{"@id":"https:\/\/onlinelotto365.com\/de\/lose-kaufen\/saturday-lotto-australia\/#breadcrumb"},"inLanguage":"de","potentialAction":[{"@type":"ReadAction","target":["https:\/\/onlinelotto365.com\/de\/lose-kaufen\/saturday-lotto-australia\/"]}]},{"@type":"ImageObject","inLanguage":"de","@id":"https:\/\/onlinelotto365.com\/de\/lose-kaufen\/saturday-lotto-australia\/#primaryimage","url":"https:\/\/redfoxlotto.com\/image?size=8&amp;lottery=saturday-lotto-au","contentUrl":"https:\/\/redfoxlotto.com\/image?size=8&amp;lottery=saturday-lotto-au"},{"@type":"BreadcrumbList","@id":"https:\/\/onlinelotto365.com\/de\/lose-kaufen\/saturday-lotto-australia\/#breadcrumb","itemListElement":[{"@type":"ListItem","position":1,"name":"Home","item":"https:\/\/onlinelotto365.com\/de\/"},{"@type":"ListItem","position":2,"name":"Warum es sinnvoller ist, Lotterielose online zu kaufen","item":"https:\/\/onlinelotto365.com\/de\/lose-kaufen\/"},{"@type":"ListItem","position":3,"name":"Wie man Samstags-Lose f\u00fcr Australien online kauft"}]},{"@type":"WebSite","@id":"https:\/\/onlinelotto365.com\/de\/#website","url":"https:\/\/onlinelotto365.com\/de\/","name":"OnlineLotto365","description":"","potentialAction":[{"@type":"SearchAction","target":{"@type":"EntryPoint","urlTemplate":"https:\/\/onlinelotto365.com\/de\/?s={search_term_string}"},"query-input":{"@type":"PropertyValueSpecification","valueRequired":true,"valueName":"search_term_string"}}],"inLanguage":"de"}]}},"_links":{"self":[{"href":"https:\/\/onlinelotto365.com\/de\/wp-json\/wp\/v2\/pages\/10855","targetHints":{"allow":["GET"]}}],"collection":[{"href":"https:\/\/onlinelotto365.com\/de\/wp-json\/wp\/v2\/pages"}],"about":[{"href":"https:\/\/onlinelotto365.com\/de\/wp-json\/wp\/v2\/types\/page"}],"author":[{"embeddable":true,"href":"https:\/\/onlinelotto365.com\/de\/wp-json\/wp\/v2\/users\/1"}],"replies":[{"embeddable":true,"href":"https:\/\/onlinelotto365.com\/de\/wp-json\/wp\/v2\/comments?post=10855"}],"version-history":[{"count":0,"href":"https:\/\/onlinelotto365.com\/de\/wp-json\/wp\/v2\/pages\/10855\/revisions"}],"up":[{"embeddable":true,"href":"https:\/\/onlinelotto365.com\/de\/wp-json\/wp\/v2\/pages\/3805"}],"wp:attachment":[{"href":"https:\/\/onlinelotto365.com\/de\/wp-json\/wp\/v2\/media?parent=10855"}],"curies":[{"name":"wp","href":"https:\/\/api.w.org\/{rel}","templated":true}]}}