{"id":11253,"date":"2020-12-19T09:11:06","date_gmt":"2020-12-19T08:11:06","guid":{"rendered":"http:\/\/onlinelotto365.net\/?page_id=11253"},"modified":"2021-01-07T15:02:03","modified_gmt":"2021-01-07T14:02:03","slug":"powerball","status":"publish","type":"page","link":"https:\/\/onlinelotto365.com\/de\/spielen\/powerball\/","title":{"rendered":"Wie k\u00f6nnen Einwohner Deutschlands Powerball online spielen?"},"content":{"rendered":"<p>Es ist eigentlich <strong>ganz einfach, Powerball online zu spielen,<\/strong> auch wenn Sie in Deutschland sind. Und es ist auch ziemlich bequem.<\/p>\n<p>Stellen Sie sicher, dass Sie die richtige Lotterie ausgew\u00e4hlt haben, n\u00e4mlich Powerball. Dann w\u00e4hlen Sie Ihre Zahlen aus. Wenn Sie versuchen, zu viele Zahlen zu tippen oder nicht genug Zahlen ausgew\u00e4hlt haben, wird das System Sie auffordern, weniger oder mehr Zahlen zu tippen.<\/p>\n<p>Es gibt auch eine Methode, die viele Spieler gerne verwenden &#8211; die Schnellwahlfunktion. Alles, was Sie tun m\u00fcssen, ist, auf die Schnellwahl-Schaltfl\u00e4che zu klicken, und die Website wird einige Zahlen nach dem Zufallsprinzip f\u00fcr Sie ausw\u00e4hlen. Sie k\u00f6nnen diese Zahlen immer noch manuell bearbeiten, wenn Sie sie nicht m\u00f6gen. Oder Sie k\u00f6nnen einige Ihrer Lieblingszahlen manuell ausw\u00e4hlen und den Rest vom Zufallszahlengenerator f\u00fcr Sie ausw\u00e4hlen lassen.<\/p>\n<p>Sobald Sie mit der Auswahl der Zahlen f\u00fcr Powerball fertig sind, k\u00f6nnen Sie <strong>eine andere Lotterie ausw\u00e4hlen, weitere Lottoscheine spielen<\/strong> und diese zu Ihrer Bestellung hinzuf\u00fcgen. Wenn Sie fertig sind, klicken Sie auf &#8222;Zur Kasse gehen&#8220; und bezahlen Sie sicher f\u00fcr Ihre Scheine. Zu diesem Zeitpunkt m\u00fcssen Sie ein Konto bei uns erstellen. Nat\u00fcrlich k\u00f6nnen Sie auch zuerst Ihr Konto erstellen und dann den Prozess der <a href=\"https:\/\/onlinelotto365.com\/de\/lose-kaufen\">Bestellung Ihrer Tickets<\/a> beginnen.<\/p>\n<p><a href=\"https:\/\/redfoxlotto.com\/de\/spielen\/powerball\/?ref=a8564250a2&amp;medium=ol365\" target=\"_blank\" rel=\"noopener noreferrer\"><img loading=\"lazy\" decoding=\"async\" class=\"aligncenter\" src=\"https:\/\/redfoxlotto.com\/image?size=8&amp;lottery=powerball\" alt=\"powerball\" width=\"793\" height=\"98\" \/><\/a><\/p>\n<p>Nachdem Sie Ihr Konto erstellt haben, muss Ihre Registrierung auf unserer Seite verifiziert werden. Wir werden Ihnen eine Verifizierungs-E-Mail mit einem Link schicken, den Sie anklicken m\u00fcssen, um Ihre E-Mail-Adresse zu verifizieren. Bitte \u00fcberpr\u00fcfen Sie unbedingt Ihren Spam-Ordner. Es w\u00e4re ratsam, unsere E-Mail-Adresse als vertrauensw\u00fcrdigen Absender zu markieren. Damit stellen Sie sicher, dass wichtige Nachrichten wie Gewinnbenachrichtigungen Sie auch tats\u00e4chlich erreichen. Das ist einer der Vorteile, wenn Sie Powerball online spielen &#8211; Sie werden nie einen Gewinn verpassen, weil Sie immer von uns benachrichtigt werden.<\/p>\n<p>Alles, was Sie tun m\u00fcssen, ist, ein kostenloses Konto einzurichten, Ihre Auswahl zu treffen, eine der zahlreichen bequemen Zahlungsoptionen zu w\u00e4hlen, und wir erledigen den Rest.<br \/>\n<strong>Dies hat das Lottospielen wirklich ins 21. Jahrhundert gebracht,<\/strong> und dies ist die gr\u00f6\u00dfte Sache, die den Lotterien passiert ist, seit die ersten Lose in den Verkauf gingen. Wenn Sie diesen Service nicht nutzen, verpassen Sie wirklich all die gro\u00dfartige Lotterie-Action, die da drau\u00dfen auf Sie wartet.<\/p>\n<h2>\u00dcber Powerball<\/h2>\n<ul>\n<li>Land: USA<\/li>\n<li>Hauptnummernbereich: 69<\/li>\n<li>Sie w\u00e4hlen: 5<\/li>\n<li>Zusatzzahlenbereich: 26<\/li>\n<li>Sie w\u00e4hlen aus: 1<\/li>\n<li>Ziehungstage, Stunden: Mittwoch, Samstag, 21:00 EST, +1 Tag 3:00 CET<\/li>\n<li>Minimaljackpot: $ 40 Millionen<\/li>\n<li>H\u00f6chstjackpot: keiner<\/li>\n<li>Wahrscheinlichkeit, den Jackpot zu gewinnen: 1 zu 175.223.510<\/li>\n<li>Wahrscheinlichkeit eines Stufe-2-Gewinns: 1 zu 5.006.386<\/li>\n<li>Wahrscheinlichkeit, in jeder Stufe zu gewinnen: 1 in 24,87<\/li>\n<li>Anzahl der Gewinnstufen: 9<\/li>\n<\/ul>\n<p>Das Powerball Lotto wird von Lotterie-Einzelh\u00e4ndlern in 41 verschiedenen Bundesstaaten der Vereinigten Staaten angeboten. Bei einer so gro\u00dfen Bev\u00f6lkerungsbasis, auf die man zur\u00fcckgreifen kann, und wenn man bedenkt, <a href=\"https:\/\/onlinelotto365.com\/de\/news\/holen-sie-sich-tickets-fuer-die-usa-lotterie-online\">wie beliebt Lotterien in den USA sind<\/a>, ist es kein Wunder, warum diese Lotterie so gro\u00df ist und so hohe Gewinne bietet. Diese Lotterie ist in der Tat so gro\u00df, dass der zweite Preis eine Million Dollar ist, wobei normalerweise mehrere Personen bei jeder Ziehung, die zweimal pro Woche stattfindet, gewinnen. Allerdings ist der Gewinn einer Million Dollar nicht der Grund, warum die meisten Leute diese Lotterie spielen, da sie Tr\u00e4ume haben, die viel gr\u00f6\u00dfer sind als das.<\/p>\n<h2>Beste Eigenschaften von Powerball<\/h2>\n<p>Egal wie gro\u00df Ihre Tr\u00e4ume sind, das Powerball Lotto hat die Macht, sie alle zu erf\u00fcllen, und dann noch einige mehr. Mit <strong>Jackpots, die regelm\u00e4\u00dfig in den Hunderten von Millionen Dollar<\/strong> liegen, ist dies definitiv das, was man eine gigantische Menge an Geld nennen w\u00fcrde, die es zu gewinnen gilt.<\/p>\n<p>Powerball Lotto begann historisch mit 20 Millionen Dollar, und obwohl dies definitiv ein sehr netter Batzen Kleingeld ist, haben sie vor kurzem das Minimum auf einen noch aufregenderen Betrag von 40 Millionen Dollar angehoben. Noch bevor es also zu verr\u00fcckten Zahlen kommt, wie es bei dieser Mega-Lotterie oft der Fall ist, ist der kleinstm\u00f6gliche Jackpot bereits der, f\u00fcr den wir uns anstellen wollen.<br \/>\nJedes Mal, wenn es keinen Jackpot-Gewinner gibt, w\u00e4chst der Jackpot, oft auf hundert Millionen, zweihundert Millionen und manchmal sogar dreihundert Millionen. Ich denke, dass die meisten von uns zustimmen w\u00fcrden, dass sogar ein Minimum von 40 Millionen Dollar ausreichen w\u00fcrde, um all unsere Fantasien auszuleben, aber wenn es um Lotterien geht, je gr\u00f6\u00dfer, desto besser. Wenn Sie also wie die meisten Menschen sind und Gr\u00f6\u00dferes lieben, ist dies definitiv etwas f\u00fcr Sie.<\/p>\n<h2>Was Sie sonst noch \u00fcber Powerball online spielen wissen m\u00fcssen<\/h2>\n<p>Powerball bietet Jackpot-Gewinnern zwei M\u00f6glichkeiten, ihren Gewinn ausgezahlt zu bekommen. Sie k\u00f6nnen <strong>entweder eine Pauschalzahlung jetzt nehmen<\/strong>, oder Sie k\u00f6nnen viel mehr Geld nehmen, indem Sie <strong>es in 30 j\u00e4hrlichen Raten erhalten.<\/strong> Jede Rate ist so gestaffelt, dass sie sich der Inflation anpasst, was bedeutet, dass Ihre gro\u00dfe Zahlung im Jahr 1 auch in den kommenden Jahren ihren Wert behalten wird.<\/p>\n<p>Wenn Sie gewinnen, m\u00fcssen Sie sich entscheiden, welche Zahlungsart Sie w\u00e4hlen m\u00f6chten, aber eines ist sicher, dies wird bei weitem die angenehmste Entscheidung sein, die Sie jemals in Ihrem Leben treffen werden. Sie haben 60 Tage Zeit, um sich zu entscheiden. Das gibt Ihnen gen\u00fcgend Zeit, um sich professionell beraten zu lassen und dar\u00fcber nachzudenken und zu tr\u00e4umen, was Sie mit all dem Geld machen werden.<\/p>\n<h2>Wie Sie die Powerball-Ergebnisse \u00fcberpr\u00fcfen k\u00f6nnen<\/h2>\n<p>Es gibt eine Reihe von <a href=\"https:\/\/onlinelotto365.com\/de\/gewinnzahlen\/powerball\">M\u00f6glichkeiten, die Gewinnzahlen und Ergebnisse von Powerball<\/a> von Deutschland aus zu \u00fcberpr\u00fcfen. Wenn Sie Powerball online gespielt haben, ist der einfachste Weg, dorthin zur\u00fcckzukehren, wo Sie Ihren Schein gekauft haben. In Ihrem Konto k\u00f6nnen Sie dann Ihre Zahlen mit den Zahlen der letzten Ziehung vergleichen. Sie erhalten auch eine E-Mail-Nachricht, wenn eines Ihrer Tickets etwas gewonnen hat.<\/p>\n<h2>Sie haben Powerball online gespielt und gewonnen &#8211; wie geht es weiter?<\/h2>\n<p><strong>Unser Service beinhaltet die Abwicklung der Auszahlungen f\u00fcr Sie<\/strong>. Sie m\u00fcssen sich nicht um die Auszahlung k\u00fcmmern. Und wir berechnen keine Provision auf Ihren Gewinn.<\/p>\n<p>Das Verfahren h\u00e4ngt davon ab, wie viel Sie gewonnen haben. Wenn Sie einen Betrag von \u20ac2500 oder weniger gewonnen haben, dann bekommen Sie diesen Betrag auf Ihr Konto bei uns gutgeschrieben. Sie k\u00f6nnen ihn abheben oder ihn auf Ihrem Konto belassen und f\u00fcr weitere Online-Lotteriespiele verwenden.<\/p>\n<p>Wenn Sie einen gr\u00f6\u00dferen Betrag gewinnen, senden wir Ihnen ein Antragsformular per E-Mail zu. Sie m\u00fcssen dann einige pers\u00f6nliche Informationen ausf\u00fcllen, u.a. wie Sie die Auszahlung erhalten m\u00f6chten. Es gibt zwei M\u00f6glichkeiten: Bank\u00fcberweisung oder Scheck. Wir werden das Anspruchsformular an die Lotteriekommission weiterleiten und diese wird Sie gem\u00e4\u00df Ihren Anweisungen auszahlen.<\/p>\n<p>&nbsp;<\/p>\n","protected":false},"excerpt":{"rendered":"<p>Es ist eigentlich ganz einfach, Powerball online zu spielen, auch wenn Sie in Deutschland sind. Und es ist auch ziemlich bequem. Stellen Sie sicher, dass Sie die richtige Lotterie ausgew\u00e4hlt haben, n\u00e4mlich Powerball. Dann w\u00e4hlen Sie Ihre Zahlen aus. Wenn Sie versuchen, zu viele Zahlen zu tippen oder nicht genug Zahlen ausgew\u00e4hlt haben, wird das [&hellip;]<\/p>\n","protected":false},"author":1,"featured_media":0,"parent":5018,"menu_order":1,"comment_status":"closed","ping_status":"closed","template":"powerball-usa.php","meta":{"_et_pb_use_builder":"","_et_pb_old_content":"","_et_gb_content_width":"","exclude_from_search":false,"footnotes":""},"class_list":["post-11253","page","type-page","status-publish","hentry"],"yoast_head":"<!-- This site is optimized with the Yoast SEO plugin v23.4 - https:\/\/yoast.com\/wordpress\/plugins\/seo\/ -->\n<title>Spielen Sie Powerball online aus Deutschland | Kann ich Powerball aus Deutschland gewinnen?<\/title>\n<meta name=\"description\" content=\"Spielen Sie hier Powerball Lotto - die gr\u00f6\u00dfte US-Lotterie, online verf\u00fcgbar von Deutschland und jedem anderen Land\" \/>\n<meta name=\"robots\" content=\"index, follow, max-snippet:-1, max-image-preview:large, max-video-preview:-1\" \/>\n<link rel=\"canonical\" href=\"https:\/\/onlinelotto365.com\/de\/spielen\/powerball\/\" \/>\n<meta property=\"og:locale\" content=\"de_DE\" \/>\n<meta property=\"og:type\" content=\"article\" \/>\n<meta property=\"og:title\" content=\"Spielen Sie Powerball online aus Deutschland | Kann ich Powerball aus Deutschland gewinnen?\" \/>\n<meta property=\"og:description\" content=\"Spielen Sie hier Powerball Lotto - die gr\u00f6\u00dfte US-Lotterie, online verf\u00fcgbar von Deutschland und jedem anderen Land\" \/>\n<meta property=\"og:url\" content=\"https:\/\/onlinelotto365.com\/de\/spielen\/powerball\/\" \/>\n<meta property=\"og:site_name\" content=\"OnlineLotto365\" \/>\n<meta property=\"article:modified_time\" content=\"2021-01-07T14:02:03+00:00\" \/>\n<meta property=\"og:image\" content=\"https:\/\/redfoxlotto.com\/image?size=8&amp;lottery=powerball\" \/>\n<meta name=\"twitter:card\" content=\"summary_large_image\" \/>\n<meta name=\"twitter:label1\" content=\"Gesch\u00e4tzte Lesezeit\" \/>\n\t<meta name=\"twitter:data1\" content=\"6\u00a0Minuten\" \/>\n<script type=\"application\/ld+json\" class=\"yoast-schema-graph\">{\"@context\":\"https:\/\/schema.org\",\"@graph\":[{\"@type\":\"WebPage\",\"@id\":\"https:\/\/onlinelotto365.com\/de\/spielen\/powerball\/\",\"url\":\"https:\/\/onlinelotto365.com\/de\/spielen\/powerball\/\",\"name\":\"Spielen Sie Powerball online aus Deutschland | Kann ich Powerball aus Deutschland gewinnen?\",\"isPartOf\":{\"@id\":\"https:\/\/onlinelotto365.com\/de\/#website\"},\"primaryImageOfPage\":{\"@id\":\"https:\/\/onlinelotto365.com\/de\/spielen\/powerball\/#primaryimage\"},\"image\":{\"@id\":\"https:\/\/onlinelotto365.com\/de\/spielen\/powerball\/#primaryimage\"},\"thumbnailUrl\":\"https:\/\/redfoxlotto.com\/image?size=8&amp;lottery=powerball\",\"datePublished\":\"2020-12-19T08:11:06+00:00\",\"dateModified\":\"2021-01-07T14:02:03+00:00\",\"description\":\"Spielen Sie hier Powerball Lotto - die gr\u00f6\u00dfte US-Lotterie, online verf\u00fcgbar von Deutschland und jedem anderen Land\",\"breadcrumb\":{\"@id\":\"https:\/\/onlinelotto365.com\/de\/spielen\/powerball\/#breadcrumb\"},\"inLanguage\":\"de\",\"potentialAction\":[{\"@type\":\"ReadAction\",\"target\":[\"https:\/\/onlinelotto365.com\/de\/spielen\/powerball\/\"]}]},{\"@type\":\"ImageObject\",\"inLanguage\":\"de\",\"@id\":\"https:\/\/onlinelotto365.com\/de\/spielen\/powerball\/#primaryimage\",\"url\":\"https:\/\/redfoxlotto.com\/image?size=8&amp;lottery=powerball\",\"contentUrl\":\"https:\/\/redfoxlotto.com\/image?size=8&amp;lottery=powerball\"},{\"@type\":\"BreadcrumbList\",\"@id\":\"https:\/\/onlinelotto365.com\/de\/spielen\/powerball\/#breadcrumb\",\"itemListElement\":[{\"@type\":\"ListItem\",\"position\":1,\"name\":\"Home\",\"item\":\"https:\/\/onlinelotto365.com\/de\/\"},{\"@type\":\"ListItem\",\"position\":2,\"name\":\"Alles, was Sie wissen m\u00fcssen, um die besten Lotterien online zu spielen\",\"item\":\"https:\/\/onlinelotto365.com\/de\/spielen\/\"},{\"@type\":\"ListItem\",\"position\":3,\"name\":\"Wie k\u00f6nnen Einwohner Deutschlands Powerball online spielen?\"}]},{\"@type\":\"WebSite\",\"@id\":\"https:\/\/onlinelotto365.com\/de\/#website\",\"url\":\"https:\/\/onlinelotto365.com\/de\/\",\"name\":\"OnlineLotto365\",\"description\":\"\",\"potentialAction\":[{\"@type\":\"SearchAction\",\"target\":{\"@type\":\"EntryPoint\",\"urlTemplate\":\"https:\/\/onlinelotto365.com\/de\/?s={search_term_string}\"},\"query-input\":{\"@type\":\"PropertyValueSpecification\",\"valueRequired\":true,\"valueName\":\"search_term_string\"}}],\"inLanguage\":\"de\"}]}<\/script>\n<!-- \/ Yoast SEO plugin. -->","yoast_head_json":{"title":"Spielen Sie Powerball online aus Deutschland | Kann ich Powerball aus Deutschland gewinnen?","description":"Spielen Sie hier Powerball Lotto - die gr\u00f6\u00dfte US-Lotterie, online verf\u00fcgbar von Deutschland und jedem anderen Land","robots":{"index":"index","follow":"follow","max-snippet":"max-snippet:-1","max-image-preview":"max-image-preview:large","max-video-preview":"max-video-preview:-1"},"canonical":"https:\/\/onlinelotto365.com\/de\/spielen\/powerball\/","og_locale":"de_DE","og_type":"article","og_title":"Spielen Sie Powerball online aus Deutschland | Kann ich Powerball aus Deutschland gewinnen?","og_description":"Spielen Sie hier Powerball Lotto - die gr\u00f6\u00dfte US-Lotterie, online verf\u00fcgbar von Deutschland und jedem anderen Land","og_url":"https:\/\/onlinelotto365.com\/de\/spielen\/powerball\/","og_site_name":"OnlineLotto365","article_modified_time":"2021-01-07T14:02:03+00:00","og_image":[{"url":"https:\/\/redfoxlotto.com\/image?size=8&amp;lottery=powerball"}],"twitter_card":"summary_large_image","twitter_misc":{"Gesch\u00e4tzte Lesezeit":"6\u00a0Minuten"},"schema":{"@context":"https:\/\/schema.org","@graph":[{"@type":"WebPage","@id":"https:\/\/onlinelotto365.com\/de\/spielen\/powerball\/","url":"https:\/\/onlinelotto365.com\/de\/spielen\/powerball\/","name":"Spielen Sie Powerball online aus Deutschland | Kann ich Powerball aus Deutschland gewinnen?","isPartOf":{"@id":"https:\/\/onlinelotto365.com\/de\/#website"},"primaryImageOfPage":{"@id":"https:\/\/onlinelotto365.com\/de\/spielen\/powerball\/#primaryimage"},"image":{"@id":"https:\/\/onlinelotto365.com\/de\/spielen\/powerball\/#primaryimage"},"thumbnailUrl":"https:\/\/redfoxlotto.com\/image?size=8&amp;lottery=powerball","datePublished":"2020-12-19T08:11:06+00:00","dateModified":"2021-01-07T14:02:03+00:00","description":"Spielen Sie hier Powerball Lotto - die gr\u00f6\u00dfte US-Lotterie, online verf\u00fcgbar von Deutschland und jedem anderen Land","breadcrumb":{"@id":"https:\/\/onlinelotto365.com\/de\/spielen\/powerball\/#breadcrumb"},"inLanguage":"de","potentialAction":[{"@type":"ReadAction","target":["https:\/\/onlinelotto365.com\/de\/spielen\/powerball\/"]}]},{"@type":"ImageObject","inLanguage":"de","@id":"https:\/\/onlinelotto365.com\/de\/spielen\/powerball\/#primaryimage","url":"https:\/\/redfoxlotto.com\/image?size=8&amp;lottery=powerball","contentUrl":"https:\/\/redfoxlotto.com\/image?size=8&amp;lottery=powerball"},{"@type":"BreadcrumbList","@id":"https:\/\/onlinelotto365.com\/de\/spielen\/powerball\/#breadcrumb","itemListElement":[{"@type":"ListItem","position":1,"name":"Home","item":"https:\/\/onlinelotto365.com\/de\/"},{"@type":"ListItem","position":2,"name":"Alles, was Sie wissen m\u00fcssen, um die besten Lotterien online zu spielen","item":"https:\/\/onlinelotto365.com\/de\/spielen\/"},{"@type":"ListItem","position":3,"name":"Wie k\u00f6nnen Einwohner Deutschlands Powerball online spielen?"}]},{"@type":"WebSite","@id":"https:\/\/onlinelotto365.com\/de\/#website","url":"https:\/\/onlinelotto365.com\/de\/","name":"OnlineLotto365","description":"","potentialAction":[{"@type":"SearchAction","target":{"@type":"EntryPoint","urlTemplate":"https:\/\/onlinelotto365.com\/de\/?s={search_term_string}"},"query-input":{"@type":"PropertyValueSpecification","valueRequired":true,"valueName":"search_term_string"}}],"inLanguage":"de"}]}},"_links":{"self":[{"href":"https:\/\/onlinelotto365.com\/de\/wp-json\/wp\/v2\/pages\/11253","targetHints":{"allow":["GET"]}}],"collection":[{"href":"https:\/\/onlinelotto365.com\/de\/wp-json\/wp\/v2\/pages"}],"about":[{"href":"https:\/\/onlinelotto365.com\/de\/wp-json\/wp\/v2\/types\/page"}],"author":[{"embeddable":true,"href":"https:\/\/onlinelotto365.com\/de\/wp-json\/wp\/v2\/users\/1"}],"replies":[{"embeddable":true,"href":"https:\/\/onlinelotto365.com\/de\/wp-json\/wp\/v2\/comments?post=11253"}],"version-history":[{"count":0,"href":"https:\/\/onlinelotto365.com\/de\/wp-json\/wp\/v2\/pages\/11253\/revisions"}],"up":[{"embeddable":true,"href":"https:\/\/onlinelotto365.com\/de\/wp-json\/wp\/v2\/pages\/5018"}],"wp:attachment":[{"href":"https:\/\/onlinelotto365.com\/de\/wp-json\/wp\/v2\/media?parent=11253"}],"curies":[{"name":"wp","href":"https:\/\/api.w.org\/{rel}","templated":true}]}}