{"id":11258,"date":"2020-12-19T09:12:37","date_gmt":"2020-12-19T08:12:37","guid":{"rendered":"http:\/\/onlinelotto365.net\/?page_id=11258"},"modified":"2021-01-07T15:06:13","modified_gmt":"2021-01-07T14:06:13","slug":"mega-millions","status":"publish","type":"page","link":"https:\/\/onlinelotto365.com\/de\/spielen\/mega-millions\/","title":{"rendered":"Mega-Millionen online"},"content":{"rendered":"<h2>\u00dcber Mega Millions<\/h2>\n<p>Dies ist wahrscheinlich die ber\u00fchmteste Lotterie der Welt. Mit der M\u00f6glichkeit, Mega Millions online zu spielen, wird f\u00fcr viele Lottobegeisterte ein Traum wahr. Wenn Sie in Deutschland leben, k\u00f6nnen Sie Mega Millions trotzdem mit einem Online-Schein spielen. Unser Service ist vollkommen legal und wir geben Ihnen die M\u00f6glichkeit, an dieser Mega-Lotterie aus den USA teilzunehmen.<\/p>\n<p><a href=\"https:\/\/redfoxlotto.com\/de\/spielen\/mega-millions\/?ref=a8564250a2&amp;medium=ol365\" target=\"_blank\" rel=\"noopener noreferrer\"><img decoding=\"async\" class=\"aligncenter\" src=\"https:\/\/redfoxlotto.com\/image?size=8&amp;lottery=mega-millions\" alt=\"mega millions\" \/><\/a><\/p>\n<ul>\n<li>Land: USA<\/li>\n<li>Hauptnummernbereich: 70<\/li>\n<li>Sie m\u00fcssen w\u00e4hlen: 5<\/li>\n<li>Zusatznummernbereich: 25<\/li>\n<li>Sie m\u00fcssen w\u00e4hlen: 1<\/li>\n<li>Tage, Stunden der Ziehungen: Dienstag, Freitag, , 21:00 EST &#8211; +1 Tag 3:00 CET<\/li>\n<li>Jackpot beginnt bei: $ 40 Millionen<\/li>\n<li>Jackpot ist gedeckelt bei: keine<\/li>\n<li>Wahrscheinlichkeit, den Jackpot zu gewinnen: 1 zu 175711536<\/li>\n<li>Wahrscheinlichkeit, den zweiten Preis zu gewinnen: 1 zu 3819816<\/li>\n<li>Wahrscheinlichkeit, einen beliebigen Preis zu gewinnen: 1 zu 24,12<\/li>\n<li>Anzahl der Preiskategorien: 9<\/li>\n<\/ul>\n<h2>Beste Eigenschaften von Mega Millions<\/h2>\n<p>Die Hauptattraktion von Mega Millions ist nat\u00fcrlich die Gr\u00f6\u00dfe der Jackpots. Der Mega Millions-Jackpot kann nie niedriger als 40 Millionen Dollar sein. Jedes Mal, wenn jemand den Jackpot gewinnt, beginnt er von diesem Mindestbetrag von $40 Millionen aus neu. Mit zwei Ziehungen pro Woche w\u00e4chst der Mega Millions-Jackpot recht schnell. In den USA spielen Millionen von Menschen Woche f\u00fcr Woche Mega Millions, und viele Menschen aus anderen L\u00e4ndern wie Deutschland spielen Mega Millions auch online.<\/p>\n<p>Es ist also normal, dass der Mega Millions-Jackpot nach jeder Ziehung um $10 Millionen w\u00e4chst (es sei denn, jemand gewinnt den Jackpot). Das macht etwa $20 Millionen pro Woche, da es zwei Ziehungen pro Woche gibt.<\/p>\n<p>Und sobald der Jackpot \u00fcber 100 Millionen Dollar angewachsen ist, werden sogar noch mehr Scheine verkauft, sowohl in Lotto-Gesch\u00e4ften als auch an Online-Spieler. Bei vielen Gelegenheiten hat der Jackpot Betr\u00e4ge von $400 Millionen und mehr erreicht. Und von diesem Zeitpunkt an ist ein w\u00f6chentlicher Zuwachs von $100 Millionen aufgrund der explodierenden Ticketverk\u00e4ufe normal. Der aktuelle Rekord-Jackpot steht bei $1500 Millionen (ja, $1,5 Milliarden!).<\/p>\n<h2>Wie Sie die Mega Millions-Ergebnisse \u00fcberpr\u00fcfen k\u00f6nnen<\/h2>\n<p>Wenn Sie in Deutschland oder in einem anderen Land au\u00dferhalb der USA leben, dann werden Sie die <a href=\"https:\/\/onlinelotto365.com\/de\/gewinnzahlen\">Gewinnzahlen<\/a> h\u00f6chstwahrscheinlich nicht von Ihrem lokalen Radio- oder Fernsehsender erfahren k\u00f6nnen. Sie k\u00f6nnten die offizielle Website von Mega Millions besuchen, aber es gibt eine viel einfachere L\u00f6sung f\u00fcr Sie. Kommen Sie einfach zur\u00fcck auf unsere Website und werfen Sie einen Blick auf unsere Ergebnisseite. Wir ver\u00f6ffentlichen hier die Ergebnisse f\u00fcr alle Lotterien. Die Gewinnzahlen werden Minuten nach den Ziehungen angezeigt.<\/p>\n<p>Wir schicken Ihnen auch eine E-Mail mit einer Gewinnbenachrichtigung &#8211; wenn Sie online gespielt haben und ein Ticket f\u00fcr Mega Millions in Ihrem Konto haben.<\/p>\n<p>Au\u00dferdem k\u00f6nnen Sie Ihre pers\u00f6nlichen Lotterieergebnisse in Ihrem Spielerkonto \u00fcberpr\u00fcfen. Sobald Sie Mega Millions online auf unserer Website gespielt haben, wird der Schein oder die Scheine, die Sie gespielt haben, in Ihrem Konto gespeichert. Und nach der Ziehung k\u00f6nnen Sie dorthin zur\u00fcckgehen und sofort <a href=\"https:\/\/onlinelotto365.com\/de\/gewinnzahlen\/mega-millions\">Ihren Mega Millions-Schein mit den aktuellen Gewinnzahlen vergleichen<\/a>.<\/p>\n<h2>Sie haben Mega Millions online gespielt und gewonnen &#8211; wie geht es weiter?<\/h2>\n<p>Wenn Sie einen gr\u00f6\u00dferen Preis gewonnen haben, m\u00fcssen Sie eine Nachricht an unser Support-Team schicken &#8211; obwohl diese Ihnen wahrscheinlich schon eine Nachricht mit Anweisungen zum weiteren Vorgehen geschickt haben. Als n\u00e4chstes m\u00fcssen Sie ein von uns bereitgestelltes Formular ausf\u00fcllen. Unser Serviceteam wird Ihr Formular an die Lotteriekommission senden. Das Formular enth\u00e4lt auch Angaben zu Ihrem Bankkonto oder Ihrer physischen Adresse in Deutschland (oder wo auch immer Sie leben), und Ihre W\u00fcnsche bez\u00fcglich der Zahlungsmethode werden ebenfalls von Ihnen in diesem Formular festgelegt. Innerhalb weniger Tage erhalten Sie Ihr Geld auf dem von Ihnen gew\u00e4hlten Zahlungsweg.<\/p>\n<p>Und wenn Sie einen kleineren Geldbetrag gewinnen (bis zu \u20ac2500, um genau zu sein), erfolgt die Auszahlung sogar noch schneller. Diese Art von Gewinn wird sofort auf Ihr Spielerkonto \u00fcberwiesen &#8211; \u00fcberpr\u00fcfen Sie einfach Ihr Spielerguthaben. Dann k\u00f6nnen Sie entscheiden, ob Sie das Geld dort belassen und damit <a href=\"https:\/\/onlinelotto365.com\/de\/spielen\">weiterhin Lotterien<\/a> (oder Mega Millions) online spielen wollen, oder ob Sie eine Auszahlung veranlassen wollen. F\u00fcr diese Auszahlung k\u00f6nnen Sie jede Methode verwenden, mit der Sie zuvor online gespielt haben. Aufgrund von Geldw\u00e4schebestimmungen ben\u00f6tigen wir eine Art von Ausweis, um Ihre pers\u00f6nlichen Daten zu verifizieren. Unser Support wird Ihnen erkl\u00e4ren, was wir f\u00fcr diesen Verifizierungsprozess ben\u00f6tigen. Sobald wir<\/p>\n<p>&nbsp;<\/p>\n","protected":false},"excerpt":{"rendered":"<p>\u00dcber Mega Millions Dies ist wahrscheinlich die ber\u00fchmteste Lotterie der Welt. Mit der M\u00f6glichkeit, Mega Millions online zu spielen, wird f\u00fcr viele Lottobegeisterte ein Traum wahr. Wenn Sie in Deutschland leben, k\u00f6nnen Sie Mega Millions trotzdem mit einem Online-Schein spielen. Unser Service ist vollkommen legal und wir geben Ihnen die M\u00f6glichkeit, an dieser Mega-Lotterie aus [&hellip;]<\/p>\n","protected":false},"author":1,"featured_media":0,"parent":5018,"menu_order":2,"comment_status":"closed","ping_status":"closed","template":"megamillion.php","meta":{"_et_pb_use_builder":"","_et_pb_old_content":"","_et_gb_content_width":"","exclude_from_search":false,"footnotes":""},"class_list":["post-11258","page","type-page","status-publish","hentry"],"yoast_head":"<!-- This site is optimized with the Yoast SEO plugin v23.4 - https:\/\/yoast.com\/wordpress\/plugins\/seo\/ -->\n<title>Spielen Sie Mega Millions USA online | Wie in Deutschland ans\u00e4ssige Personen legal an Mega Millions teilnehmen k\u00f6nnen<\/title>\n<meta name=\"description\" content=\"Jetzt k\u00f6nnen Sie auch Mega Millions spielen - unser Online-Dienst erm\u00f6glicht Ihnen den Bezug von Mega Millions-Lose aus Deutschland\" \/>\n<meta name=\"robots\" content=\"index, follow, max-snippet:-1, max-image-preview:large, max-video-preview:-1\" \/>\n<link rel=\"canonical\" href=\"https:\/\/onlinelotto365.com\/de\/spielen\/mega-millions\/\" \/>\n<meta property=\"og:locale\" content=\"de_DE\" \/>\n<meta property=\"og:type\" content=\"article\" \/>\n<meta property=\"og:title\" content=\"Spielen Sie Mega Millions USA online | Wie in Deutschland ans\u00e4ssige Personen legal an Mega Millions teilnehmen k\u00f6nnen\" \/>\n<meta property=\"og:description\" content=\"Jetzt k\u00f6nnen Sie auch Mega Millions spielen - unser Online-Dienst erm\u00f6glicht Ihnen den Bezug von Mega Millions-Lose aus Deutschland\" \/>\n<meta property=\"og:url\" content=\"https:\/\/onlinelotto365.com\/de\/spielen\/mega-millions\/\" \/>\n<meta property=\"og:site_name\" content=\"OnlineLotto365\" \/>\n<meta property=\"article:modified_time\" content=\"2021-01-07T14:06:13+00:00\" \/>\n<meta property=\"og:image\" content=\"https:\/\/redfoxlotto.com\/image?size=8&amp;lottery=mega-millions\" \/>\n<meta name=\"twitter:card\" content=\"summary_large_image\" \/>\n<meta name=\"twitter:label1\" content=\"Gesch\u00e4tzte Lesezeit\" \/>\n\t<meta name=\"twitter:data1\" content=\"4\u00a0Minuten\" \/>\n<script type=\"application\/ld+json\" class=\"yoast-schema-graph\">{\"@context\":\"https:\/\/schema.org\",\"@graph\":[{\"@type\":\"WebPage\",\"@id\":\"https:\/\/onlinelotto365.com\/de\/spielen\/mega-millions\/\",\"url\":\"https:\/\/onlinelotto365.com\/de\/spielen\/mega-millions\/\",\"name\":\"Spielen Sie Mega Millions USA online | Wie in Deutschland ans\u00e4ssige Personen legal an Mega Millions teilnehmen k\u00f6nnen\",\"isPartOf\":{\"@id\":\"https:\/\/onlinelotto365.com\/de\/#website\"},\"primaryImageOfPage\":{\"@id\":\"https:\/\/onlinelotto365.com\/de\/spielen\/mega-millions\/#primaryimage\"},\"image\":{\"@id\":\"https:\/\/onlinelotto365.com\/de\/spielen\/mega-millions\/#primaryimage\"},\"thumbnailUrl\":\"https:\/\/redfoxlotto.com\/image?size=8&amp;lottery=mega-millions\",\"datePublished\":\"2020-12-19T08:12:37+00:00\",\"dateModified\":\"2021-01-07T14:06:13+00:00\",\"description\":\"Jetzt k\u00f6nnen Sie auch Mega Millions spielen - unser Online-Dienst erm\u00f6glicht Ihnen den Bezug von Mega Millions-Lose aus Deutschland\",\"breadcrumb\":{\"@id\":\"https:\/\/onlinelotto365.com\/de\/spielen\/mega-millions\/#breadcrumb\"},\"inLanguage\":\"de\",\"potentialAction\":[{\"@type\":\"ReadAction\",\"target\":[\"https:\/\/onlinelotto365.com\/de\/spielen\/mega-millions\/\"]}]},{\"@type\":\"ImageObject\",\"inLanguage\":\"de\",\"@id\":\"https:\/\/onlinelotto365.com\/de\/spielen\/mega-millions\/#primaryimage\",\"url\":\"https:\/\/redfoxlotto.com\/image?size=8&amp;lottery=mega-millions\",\"contentUrl\":\"https:\/\/redfoxlotto.com\/image?size=8&amp;lottery=mega-millions\"},{\"@type\":\"BreadcrumbList\",\"@id\":\"https:\/\/onlinelotto365.com\/de\/spielen\/mega-millions\/#breadcrumb\",\"itemListElement\":[{\"@type\":\"ListItem\",\"position\":1,\"name\":\"Home\",\"item\":\"https:\/\/onlinelotto365.com\/de\/\"},{\"@type\":\"ListItem\",\"position\":2,\"name\":\"Alles, was Sie wissen m\u00fcssen, um die besten Lotterien online zu spielen\",\"item\":\"https:\/\/onlinelotto365.com\/de\/spielen\/\"},{\"@type\":\"ListItem\",\"position\":3,\"name\":\"Mega-Millionen online\"}]},{\"@type\":\"WebSite\",\"@id\":\"https:\/\/onlinelotto365.com\/de\/#website\",\"url\":\"https:\/\/onlinelotto365.com\/de\/\",\"name\":\"OnlineLotto365\",\"description\":\"\",\"potentialAction\":[{\"@type\":\"SearchAction\",\"target\":{\"@type\":\"EntryPoint\",\"urlTemplate\":\"https:\/\/onlinelotto365.com\/de\/?s={search_term_string}\"},\"query-input\":{\"@type\":\"PropertyValueSpecification\",\"valueRequired\":true,\"valueName\":\"search_term_string\"}}],\"inLanguage\":\"de\"}]}<\/script>\n<!-- \/ Yoast SEO plugin. -->","yoast_head_json":{"title":"Spielen Sie Mega Millions USA online | Wie in Deutschland ans\u00e4ssige Personen legal an Mega Millions teilnehmen k\u00f6nnen","description":"Jetzt k\u00f6nnen Sie auch Mega Millions spielen - unser Online-Dienst erm\u00f6glicht Ihnen den Bezug von Mega Millions-Lose aus Deutschland","robots":{"index":"index","follow":"follow","max-snippet":"max-snippet:-1","max-image-preview":"max-image-preview:large","max-video-preview":"max-video-preview:-1"},"canonical":"https:\/\/onlinelotto365.com\/de\/spielen\/mega-millions\/","og_locale":"de_DE","og_type":"article","og_title":"Spielen Sie Mega Millions USA online | Wie in Deutschland ans\u00e4ssige Personen legal an Mega Millions teilnehmen k\u00f6nnen","og_description":"Jetzt k\u00f6nnen Sie auch Mega Millions spielen - unser Online-Dienst erm\u00f6glicht Ihnen den Bezug von Mega Millions-Lose aus Deutschland","og_url":"https:\/\/onlinelotto365.com\/de\/spielen\/mega-millions\/","og_site_name":"OnlineLotto365","article_modified_time":"2021-01-07T14:06:13+00:00","og_image":[{"url":"https:\/\/redfoxlotto.com\/image?size=8&amp;lottery=mega-millions"}],"twitter_card":"summary_large_image","twitter_misc":{"Gesch\u00e4tzte Lesezeit":"4\u00a0Minuten"},"schema":{"@context":"https:\/\/schema.org","@graph":[{"@type":"WebPage","@id":"https:\/\/onlinelotto365.com\/de\/spielen\/mega-millions\/","url":"https:\/\/onlinelotto365.com\/de\/spielen\/mega-millions\/","name":"Spielen Sie Mega Millions USA online | Wie in Deutschland ans\u00e4ssige Personen legal an Mega Millions teilnehmen k\u00f6nnen","isPartOf":{"@id":"https:\/\/onlinelotto365.com\/de\/#website"},"primaryImageOfPage":{"@id":"https:\/\/onlinelotto365.com\/de\/spielen\/mega-millions\/#primaryimage"},"image":{"@id":"https:\/\/onlinelotto365.com\/de\/spielen\/mega-millions\/#primaryimage"},"thumbnailUrl":"https:\/\/redfoxlotto.com\/image?size=8&amp;lottery=mega-millions","datePublished":"2020-12-19T08:12:37+00:00","dateModified":"2021-01-07T14:06:13+00:00","description":"Jetzt k\u00f6nnen Sie auch Mega Millions spielen - unser Online-Dienst erm\u00f6glicht Ihnen den Bezug von Mega Millions-Lose aus Deutschland","breadcrumb":{"@id":"https:\/\/onlinelotto365.com\/de\/spielen\/mega-millions\/#breadcrumb"},"inLanguage":"de","potentialAction":[{"@type":"ReadAction","target":["https:\/\/onlinelotto365.com\/de\/spielen\/mega-millions\/"]}]},{"@type":"ImageObject","inLanguage":"de","@id":"https:\/\/onlinelotto365.com\/de\/spielen\/mega-millions\/#primaryimage","url":"https:\/\/redfoxlotto.com\/image?size=8&amp;lottery=mega-millions","contentUrl":"https:\/\/redfoxlotto.com\/image?size=8&amp;lottery=mega-millions"},{"@type":"BreadcrumbList","@id":"https:\/\/onlinelotto365.com\/de\/spielen\/mega-millions\/#breadcrumb","itemListElement":[{"@type":"ListItem","position":1,"name":"Home","item":"https:\/\/onlinelotto365.com\/de\/"},{"@type":"ListItem","position":2,"name":"Alles, was Sie wissen m\u00fcssen, um die besten Lotterien online zu spielen","item":"https:\/\/onlinelotto365.com\/de\/spielen\/"},{"@type":"ListItem","position":3,"name":"Mega-Millionen online"}]},{"@type":"WebSite","@id":"https:\/\/onlinelotto365.com\/de\/#website","url":"https:\/\/onlinelotto365.com\/de\/","name":"OnlineLotto365","description":"","potentialAction":[{"@type":"SearchAction","target":{"@type":"EntryPoint","urlTemplate":"https:\/\/onlinelotto365.com\/de\/?s={search_term_string}"},"query-input":{"@type":"PropertyValueSpecification","valueRequired":true,"valueName":"search_term_string"}}],"inLanguage":"de"}]}},"_links":{"self":[{"href":"https:\/\/onlinelotto365.com\/de\/wp-json\/wp\/v2\/pages\/11258","targetHints":{"allow":["GET"]}}],"collection":[{"href":"https:\/\/onlinelotto365.com\/de\/wp-json\/wp\/v2\/pages"}],"about":[{"href":"https:\/\/onlinelotto365.com\/de\/wp-json\/wp\/v2\/types\/page"}],"author":[{"embeddable":true,"href":"https:\/\/onlinelotto365.com\/de\/wp-json\/wp\/v2\/users\/1"}],"replies":[{"embeddable":true,"href":"https:\/\/onlinelotto365.com\/de\/wp-json\/wp\/v2\/comments?post=11258"}],"version-history":[{"count":0,"href":"https:\/\/onlinelotto365.com\/de\/wp-json\/wp\/v2\/pages\/11258\/revisions"}],"up":[{"embeddable":true,"href":"https:\/\/onlinelotto365.com\/de\/wp-json\/wp\/v2\/pages\/5018"}],"wp:attachment":[{"href":"https:\/\/onlinelotto365.com\/de\/wp-json\/wp\/v2\/media?parent=11258"}],"curies":[{"name":"wp","href":"https:\/\/api.w.org\/{rel}","templated":true}]}}