{"id":11261,"date":"2020-12-19T09:14:28","date_gmt":"2020-12-19T08:14:28","guid":{"rendered":"http:\/\/onlinelotto365.net\/?page_id=11261"},"modified":"2021-01-07T15:08:36","modified_gmt":"2021-01-07T14:08:36","slug":"euromillions","status":"publish","type":"page","link":"https:\/\/onlinelotto365.com\/de\/spielen\/euromillions\/","title":{"rendered":"EuroMillions ist Europas gr\u00f6\u00dfte Lotterie"},"content":{"rendered":"<p>Die EuroMillionen begannen 2004 als Kooperation zwischen den nationalen Lotteriebetreibern Frankreichs, Spaniens und Gro\u00dfbritanniens. Es dauerte ganze zehn Jahre, um die Vereinbarung zwischen den L\u00e4ndern auszuarbeiten, und als sie einmal begonnen hatte, war sie definitiv sehr gut organisiert, wie es auch heute noch der Fall ist.<\/p>\n<p>Der Plan war, den Lottospielern in diesen drei L\u00e4ndern <strong>die M\u00f6glichkeit zu bieten, um viel gr\u00f6\u00dfere Jackpots<\/strong> zu spielen, als es bisher m\u00f6glich war. Da riesige Jackpots die Spannung hier am meisten ankurbeln, war die Erwartung, dass dieses neue Lotto ein gro\u00dfer Hit sein w\u00fcrde und Woche f\u00fcr Woche fantastische Jackpots generieren w\u00fcrde. Genau das ist passiert.<\/p>\n<p>Als der Erfolg der Lotterie wuchs, wurden weitere L\u00e4nder in die Partnerschaft aufgenommen, und heute nehmen insgesamt neun verschiedene L\u00e4nder daran teil. Die Jackpots geh\u00f6ren immer zu den gr\u00f6\u00dften, die es weltweit gibt, sie beginnen bei 17 Millionen Euro und wachsen von da an.<\/p>\n<h2>Sie m\u00fcssen in keinem dieser L\u00e4nder mehr wohnen, um diese Lotterie zu spielen<\/h2>\n<p>Da EuroMillions in der Vergangenheit nur in neun ausgew\u00e4hlten <a href=\"https:\/\/onlinelotto365.com\/de\/news\/mindestalter-fuer-den-kauf-von-lottoscheinen\">europ\u00e4ischen L\u00e4ndern<\/a> angeboten wurde, hatten die meisten von uns hier das Nachsehen, was die M\u00f6glichkeit angeht, es zu spielen. In der Tat war das Spielen dieser Lotterie f\u00fcr den Rest von uns nicht einmal eine \u00dcberlegung, bis vor kurzem jedenfalls.<br \/>\n<a href=\"https:\/\/redfoxlotto.com\/de\/spielen\/euromillions\/?ref=a8564250a2&amp;medium=ol365\" target=\"_blank\" rel=\"noopener noreferrer\"><img loading=\"lazy\" decoding=\"async\" class=\"aligncenter\" src=\"https:\/\/redfoxlotto.com\/image?size=8&amp;lottery=euromillions\" alt=\"Euromillions\" width=\"720\" height=\"90\" \/><\/a><\/p>\n<p>Versierte Lottospieler aus Deutschland und anderswo, die Eingeweihten unter uns, wissen inzwischen, dass physische Barrieren in der Welt der Lotterien nicht mehr existieren. In gewissem Sinne gibt es sie sogar noch, denn Sie m\u00fcssen Ihre Lottoscheine f\u00fcr die EuroMillionen und andere Lotterien aus aller Welt immer noch kaufen. Nat\u00fcrlich werden Sie nicht zweimal pro Woche aus Deutschland anreisen, um Ihre Scheine zu kaufen, denn das w\u00fcrde eine l\u00e4cherliche Menge an Zeit und Geld kosten. Sie k\u00f6nnten jemanden anheuern, der in den L\u00e4ndern lebt, aus denen Sie <a href=\"https:\/\/onlinelotto365.com\/de\/lose-kaufen\">Lottoscheine<\/a> kaufen m\u00f6chten, aber das w\u00fcrde mehr Wissen und M\u00fche erfordern, als die meisten Leute jemals aufbringen w\u00fcrden.<\/p>\n<p>Die Antwort ist, sie einfach online zu kaufen, direkt von zu Hause aus, und einen gesch\u00e4tzten und vertrauensw\u00fcrdigen Service zu haben, der sich um alle Ihre Bed\u00fcrfnisse k\u00fcmmert, einschlie\u00dflich des Kaufs Ihrer Scheine in Ihrem Namen, der Verwahrung Ihrer Scheine f\u00fcr Sie, der \u00dcberpr\u00fcfung Ihrer Zahlen und der Benachrichtigung im Falle eines Gewinns und der Unterst\u00fctzung bei der Einl\u00f6sung Ihres Gewinns.<\/p>\n<p>Dieser neue Service l\u00e4sst die Tr\u00e4ume der Menschen wahr werden &#8211; in der Lage zu sein, ihre Lottoscheine online zu kaufen und alles f\u00fcr sie erledigen zu lassen, ist nun Realit\u00e4t geworden. Sie k\u00f6nnen nicht nur ganz bequem alle EuroMillions-Scheine kaufen, sondern wir bieten auch den Online-Kauf von Scheinen f\u00fcr alle gro\u00dfen und beliebten Lottoziehungen der Welt an.<\/p>\n<h2>Wie Sie Ihren Euromillions-Schein online bezahlen<\/h2>\n<p>Es gibt mehrere Zahlungsoptionen, einschlie\u00dflich Bank\u00fcberweisung, Kreditkarte und Bitcoin oder andere Kryptow\u00e4hrungen. Unsere digitalen Verschl\u00fcsselungsprotokolle gew\u00e4hrleisten die Sicherheit Ihrer Daten.<\/p>\n<p>Sie k\u00f6nnen w\u00e4hlen, ob Sie direkt bezahlen oder einen beliebigen Betrag einzahlen und das Guthaben sp\u00e4ter auf Ihrem Kundenkonto verwenden, um so viele Online-Tickets zu kaufen, wie Sie m\u00f6chten.<\/p>\n<h2>Mehr Infos zu Euromillions<\/h2>\n<ul>\n<li>Die Lotterie findet wo statt: verschiedene europ\u00e4ische L\u00e4nder<\/li>\n<li>Wie viele Hauptzahlen zur Auswahl stehen: 50<\/li>\n<li>Sie m\u00fcssen w\u00e4hlen: 5<\/li>\n<li>Wie viele Zusatzzahlen zur Auswahl stehen: 12<\/li>\n<li>Sie m\u00fcssen w\u00e4hlen: 2<\/li>\n<li>Ziehungstage, Stunden: Dienstag, Freitag 19:30 GMT &#8211; 20:30 CET<\/li>\n<li>Minimaler Jackpot: 17 Millionen \u20ac<\/li>\n<li>Maximaler Jackpotbetrag: \u20ac 190 Millionen<\/li>\n<li>M\u00f6gliche Zahlenkombinationen f\u00fcr einen Jackpot-Gewinn: 1 zu 186.450.880<\/li>\n<li>M\u00f6gliche Zahlenkombination f\u00fcr einen Tier 2 Gewinn: 1 zu 2.118.760<\/li>\n<li>Wahrscheinlichkeit, in jeder Stufe zu gewinnen: 1 zu 12,98<\/li>\n<li>Wie viele Gewinnstufen: 13<\/li>\n<li>Sonderauslosungen bei Euromillions: dreimal pro Jahr, der Jackpot ist auf 140 Millionen Euro festgelegt<\/li>\n<\/ul>\n<p>Sobald der Jackpot 190 Millionen Euro erreicht, wird er gedeckelt und die anderen Preise werden weiter erh\u00f6ht. Die Organisatoren der Lotterie halten diese Gr\u00f6\u00dfe des Jackpots f\u00fcr gro\u00df genug, wie es scheint, und es ist definitiv mehr als genug Geld, um jeden von uns zufriedenzustellen. Sie denken jedoch, dass sie zu diesem Zeitpunkt mehr als genug Aufregung f\u00fcr den Jackpot aufgebaut haben und nun k\u00f6nnen sie das Gleiche mit den anderen Preisen tun. Aber die Preise auf den unteren Ebenen werden viel gr\u00f6\u00dfer sein, nachdem der Jackpot gedeckelt ist. Das bedeutet, dass zu diesem Zeitpunkt die <a href=\"http:\/\/onlinelotto365.com\/de\">Lotterie noch attraktiver wird<\/a>. Schlie\u00dflich sind die Chancen, einen Preis der zweiten Ebene zu gewinnen, im Vergleich zur Wahrscheinlichkeit, den Jackpot zu knacken, deutlich besser.<\/p>\n<p>Au\u00dferdem bietet Euromillions dreimal im Jahr eine sogenannte Superziehung an. Das bedeutet, dass sie den Jackpot einfach auf 130 Millionen \u20ac festsetzen. Und er kann sogar noch gr\u00f6\u00dfer werden, wenn niemand ihn gewinnt.<\/p>\n<h2>Wie Sie die Powerball-Ergebnisse \u00fcberpr\u00fcfen k\u00f6nnen<\/h2>\n<p>Sie k\u00f6nnen unsere Website erneut besuchen, um <a href=\"https:\/\/onlinelotto365.com\/de\/news\/lotto-los-online-pruefen\">Ihre Tickets zu \u00fcberpr\u00fcfen<\/a>, oder wenn Sie es vorziehen, k\u00f6nnen Sie einfach auf die E-Mail warten, die wir Ihnen schicken, wenn Sie gewinnen. Je nachdem, wie hoch Ihr Gewinn ist, werden wir Sie dann beraten und Ihnen bei der Abholung helfen.<\/p>\n<h2>Sie haben Euromillions online gespielt und gewonnen &#8211; wie geht es weiter?<\/h2>\n<p>Es gibt insgesamt 13 verschiedene Gewinnaussch\u00fcttungen bei diesem Lotto-Event, angefangen von der \u00dcbereinstimmung mit nur zwei der 5 Hauptzahlen bis hin zur \u00dcbereinstimmung mit allen 5 plus den beiden Gl\u00fcckszahlen und dem Gewinn der Jackpot-Summe. Abgesehen von den gigantischen Jackpotbetr\u00e4gen bietet <strong>EuroMillionen<\/strong> seinen Spielern auch eine gr\u00f6\u00dfere Chance auf eine Auszahlung, als man sie normalerweise bei gro\u00dfen Lotterien sieht.<\/p>\n<p>Die Ziehungen finden zweimal pro Woche, dienstags und freitags, um 21 Uhr britischer Zeit statt. Die Spieler w\u00e4hlen 5 Zahlen von 1 bis 50, sowie 2 Gl\u00fcckssternzahlen von 1 bis 11. Wir bieten den Spielern die M\u00f6glichkeit, entweder ihre eigenen Zahlen zu w\u00e4hlen oder den Computer zuf\u00e4llige Zahlen ausw\u00e4hlen zu lassen.<\/p>\n<h2>Jetzt, wo Sie Bescheid wissen, haben Sie die Macht<\/h2>\n<p>Nicht l\u00e4nger sind wir von gro\u00dfen Lotterien wie den EuroMillionen ausgeschlossen, nur weil wir dort leben. Wir k\u00f6nnen jetzt jeden Lottoschein kaufen, den wir wollen, sogar von Deutschland aus, und niemand kann uns daran hindern. Das Internet hat die Welt wirklich ge\u00f6ffnet, und jetzt hat sich das endlich auch auf Lotterien ausgeweitet. Unser Warten hat nun ein Ende.<\/p>\n<p>Bei so viel Lotterieaufregung, die jetzt so leicht verf\u00fcgbar ist, gibt es \u00fcberhaupt keinen guten Grund, uns den Spa\u00df zu verweigern, der uns bevorsteht.<\/p>\n","protected":false},"excerpt":{"rendered":"<p>Die EuroMillionen begannen 2004 als Kooperation zwischen den nationalen Lotteriebetreibern Frankreichs, Spaniens und Gro\u00dfbritanniens. Es dauerte ganze zehn Jahre, um die Vereinbarung zwischen den L\u00e4ndern auszuarbeiten, und als sie einmal begonnen hatte, war sie definitiv sehr gut organisiert, wie es auch heute noch der Fall ist. Der Plan war, den Lottospielern in diesen drei L\u00e4ndern [&hellip;]<\/p>\n","protected":false},"author":1,"featured_media":0,"parent":5018,"menu_order":3,"comment_status":"closed","ping_status":"closed","template":"euromillions.php","meta":{"_et_pb_use_builder":"","_et_pb_old_content":"","_et_gb_content_width":"","exclude_from_search":false,"footnotes":""},"class_list":["post-11261","page","type-page","status-publish","hentry"],"yoast_head":"<!-- This site is optimized with the Yoast SEO plugin v23.4 - https:\/\/yoast.com\/wordpress\/plugins\/seo\/ -->\n<title>Spielen Sie Euromillions online von Deutschland aus | \u00dcber Euromillions, wie Sie online Lose bekommen<\/title>\n<meta name=\"description\" content=\"Spielen Sie EuroMillions Lotto, mit einem Online-Schein, auch aus Deutschland.\" \/>\n<meta name=\"robots\" content=\"index, follow, max-snippet:-1, max-image-preview:large, max-video-preview:-1\" \/>\n<link rel=\"canonical\" href=\"https:\/\/onlinelotto365.com\/de\/spielen\/euromillions\/\" \/>\n<meta property=\"og:locale\" content=\"de_DE\" \/>\n<meta property=\"og:type\" content=\"article\" \/>\n<meta property=\"og:title\" content=\"Spielen Sie Euromillions online von Deutschland aus | \u00dcber Euromillions, wie Sie online Lose bekommen\" \/>\n<meta property=\"og:description\" content=\"Spielen Sie EuroMillions Lotto, mit einem Online-Schein, auch aus Deutschland.\" \/>\n<meta property=\"og:url\" content=\"https:\/\/onlinelotto365.com\/de\/spielen\/euromillions\/\" \/>\n<meta property=\"og:site_name\" content=\"OnlineLotto365\" \/>\n<meta property=\"article:modified_time\" content=\"2021-01-07T14:08:36+00:00\" \/>\n<meta property=\"og:image\" content=\"https:\/\/redfoxlotto.com\/image?size=8&amp;lottery=euromillions\" \/>\n<meta name=\"twitter:card\" content=\"summary_large_image\" \/>\n<meta name=\"twitter:label1\" content=\"Gesch\u00e4tzte Lesezeit\" \/>\n\t<meta name=\"twitter:data1\" content=\"5\u00a0Minuten\" \/>\n<script type=\"application\/ld+json\" class=\"yoast-schema-graph\">{\"@context\":\"https:\/\/schema.org\",\"@graph\":[{\"@type\":\"WebPage\",\"@id\":\"https:\/\/onlinelotto365.com\/de\/spielen\/euromillions\/\",\"url\":\"https:\/\/onlinelotto365.com\/de\/spielen\/euromillions\/\",\"name\":\"Spielen Sie Euromillions online von Deutschland aus | \u00dcber Euromillions, wie Sie online Lose bekommen\",\"isPartOf\":{\"@id\":\"https:\/\/onlinelotto365.com\/de\/#website\"},\"primaryImageOfPage\":{\"@id\":\"https:\/\/onlinelotto365.com\/de\/spielen\/euromillions\/#primaryimage\"},\"image\":{\"@id\":\"https:\/\/onlinelotto365.com\/de\/spielen\/euromillions\/#primaryimage\"},\"thumbnailUrl\":\"https:\/\/redfoxlotto.com\/image?size=8&amp;lottery=euromillions\",\"datePublished\":\"2020-12-19T08:14:28+00:00\",\"dateModified\":\"2021-01-07T14:08:36+00:00\",\"description\":\"Spielen Sie EuroMillions Lotto, mit einem Online-Schein, auch aus Deutschland.\",\"breadcrumb\":{\"@id\":\"https:\/\/onlinelotto365.com\/de\/spielen\/euromillions\/#breadcrumb\"},\"inLanguage\":\"de\",\"potentialAction\":[{\"@type\":\"ReadAction\",\"target\":[\"https:\/\/onlinelotto365.com\/de\/spielen\/euromillions\/\"]}]},{\"@type\":\"ImageObject\",\"inLanguage\":\"de\",\"@id\":\"https:\/\/onlinelotto365.com\/de\/spielen\/euromillions\/#primaryimage\",\"url\":\"https:\/\/redfoxlotto.com\/image?size=8&amp;lottery=euromillions\",\"contentUrl\":\"https:\/\/redfoxlotto.com\/image?size=8&amp;lottery=euromillions\"},{\"@type\":\"BreadcrumbList\",\"@id\":\"https:\/\/onlinelotto365.com\/de\/spielen\/euromillions\/#breadcrumb\",\"itemListElement\":[{\"@type\":\"ListItem\",\"position\":1,\"name\":\"Home\",\"item\":\"https:\/\/onlinelotto365.com\/de\/\"},{\"@type\":\"ListItem\",\"position\":2,\"name\":\"Alles, was Sie wissen m\u00fcssen, um die besten Lotterien online zu spielen\",\"item\":\"https:\/\/onlinelotto365.com\/de\/spielen\/\"},{\"@type\":\"ListItem\",\"position\":3,\"name\":\"EuroMillions ist Europas gr\u00f6\u00dfte Lotterie\"}]},{\"@type\":\"WebSite\",\"@id\":\"https:\/\/onlinelotto365.com\/de\/#website\",\"url\":\"https:\/\/onlinelotto365.com\/de\/\",\"name\":\"OnlineLotto365\",\"description\":\"\",\"potentialAction\":[{\"@type\":\"SearchAction\",\"target\":{\"@type\":\"EntryPoint\",\"urlTemplate\":\"https:\/\/onlinelotto365.com\/de\/?s={search_term_string}\"},\"query-input\":{\"@type\":\"PropertyValueSpecification\",\"valueRequired\":true,\"valueName\":\"search_term_string\"}}],\"inLanguage\":\"de\"}]}<\/script>\n<!-- \/ Yoast SEO plugin. -->","yoast_head_json":{"title":"Spielen Sie Euromillions online von Deutschland aus | \u00dcber Euromillions, wie Sie online Lose bekommen","description":"Spielen Sie EuroMillions Lotto, mit einem Online-Schein, auch aus Deutschland.","robots":{"index":"index","follow":"follow","max-snippet":"max-snippet:-1","max-image-preview":"max-image-preview:large","max-video-preview":"max-video-preview:-1"},"canonical":"https:\/\/onlinelotto365.com\/de\/spielen\/euromillions\/","og_locale":"de_DE","og_type":"article","og_title":"Spielen Sie Euromillions online von Deutschland aus | \u00dcber Euromillions, wie Sie online Lose bekommen","og_description":"Spielen Sie EuroMillions Lotto, mit einem Online-Schein, auch aus Deutschland.","og_url":"https:\/\/onlinelotto365.com\/de\/spielen\/euromillions\/","og_site_name":"OnlineLotto365","article_modified_time":"2021-01-07T14:08:36+00:00","og_image":[{"url":"https:\/\/redfoxlotto.com\/image?size=8&amp;lottery=euromillions"}],"twitter_card":"summary_large_image","twitter_misc":{"Gesch\u00e4tzte Lesezeit":"5\u00a0Minuten"},"schema":{"@context":"https:\/\/schema.org","@graph":[{"@type":"WebPage","@id":"https:\/\/onlinelotto365.com\/de\/spielen\/euromillions\/","url":"https:\/\/onlinelotto365.com\/de\/spielen\/euromillions\/","name":"Spielen Sie Euromillions online von Deutschland aus | \u00dcber Euromillions, wie Sie online Lose bekommen","isPartOf":{"@id":"https:\/\/onlinelotto365.com\/de\/#website"},"primaryImageOfPage":{"@id":"https:\/\/onlinelotto365.com\/de\/spielen\/euromillions\/#primaryimage"},"image":{"@id":"https:\/\/onlinelotto365.com\/de\/spielen\/euromillions\/#primaryimage"},"thumbnailUrl":"https:\/\/redfoxlotto.com\/image?size=8&amp;lottery=euromillions","datePublished":"2020-12-19T08:14:28+00:00","dateModified":"2021-01-07T14:08:36+00:00","description":"Spielen Sie EuroMillions Lotto, mit einem Online-Schein, auch aus Deutschland.","breadcrumb":{"@id":"https:\/\/onlinelotto365.com\/de\/spielen\/euromillions\/#breadcrumb"},"inLanguage":"de","potentialAction":[{"@type":"ReadAction","target":["https:\/\/onlinelotto365.com\/de\/spielen\/euromillions\/"]}]},{"@type":"ImageObject","inLanguage":"de","@id":"https:\/\/onlinelotto365.com\/de\/spielen\/euromillions\/#primaryimage","url":"https:\/\/redfoxlotto.com\/image?size=8&amp;lottery=euromillions","contentUrl":"https:\/\/redfoxlotto.com\/image?size=8&amp;lottery=euromillions"},{"@type":"BreadcrumbList","@id":"https:\/\/onlinelotto365.com\/de\/spielen\/euromillions\/#breadcrumb","itemListElement":[{"@type":"ListItem","position":1,"name":"Home","item":"https:\/\/onlinelotto365.com\/de\/"},{"@type":"ListItem","position":2,"name":"Alles, was Sie wissen m\u00fcssen, um die besten Lotterien online zu spielen","item":"https:\/\/onlinelotto365.com\/de\/spielen\/"},{"@type":"ListItem","position":3,"name":"EuroMillions ist Europas gr\u00f6\u00dfte Lotterie"}]},{"@type":"WebSite","@id":"https:\/\/onlinelotto365.com\/de\/#website","url":"https:\/\/onlinelotto365.com\/de\/","name":"OnlineLotto365","description":"","potentialAction":[{"@type":"SearchAction","target":{"@type":"EntryPoint","urlTemplate":"https:\/\/onlinelotto365.com\/de\/?s={search_term_string}"},"query-input":{"@type":"PropertyValueSpecification","valueRequired":true,"valueName":"search_term_string"}}],"inLanguage":"de"}]}},"_links":{"self":[{"href":"https:\/\/onlinelotto365.com\/de\/wp-json\/wp\/v2\/pages\/11261","targetHints":{"allow":["GET"]}}],"collection":[{"href":"https:\/\/onlinelotto365.com\/de\/wp-json\/wp\/v2\/pages"}],"about":[{"href":"https:\/\/onlinelotto365.com\/de\/wp-json\/wp\/v2\/types\/page"}],"author":[{"embeddable":true,"href":"https:\/\/onlinelotto365.com\/de\/wp-json\/wp\/v2\/users\/1"}],"replies":[{"embeddable":true,"href":"https:\/\/onlinelotto365.com\/de\/wp-json\/wp\/v2\/comments?post=11261"}],"version-history":[{"count":0,"href":"https:\/\/onlinelotto365.com\/de\/wp-json\/wp\/v2\/pages\/11261\/revisions"}],"up":[{"embeddable":true,"href":"https:\/\/onlinelotto365.com\/de\/wp-json\/wp\/v2\/pages\/5018"}],"wp:attachment":[{"href":"https:\/\/onlinelotto365.com\/de\/wp-json\/wp\/v2\/media?parent=11261"}],"curies":[{"name":"wp","href":"https:\/\/api.w.org\/{rel}","templated":true}]}}