{"id":11264,"date":"2020-12-19T09:15:26","date_gmt":"2020-12-19T08:15:26","guid":{"rendered":"http:\/\/onlinelotto365.net\/?page_id=11264"},"modified":"2021-01-06T11:39:30","modified_gmt":"2021-01-06T10:39:30","slug":"eurojackpot","status":"publish","type":"page","link":"https:\/\/onlinelotto365.com\/de\/spielen\/eurojackpot\/","title":{"rendered":"Mit einem Online-Ticket Eurojackpot spielen"},"content":{"rendered":"<h2>\u00dcber Eurojackpot<\/h2>\n<p>Diese europ\u00e4ische Lotterie wurde durch die Zusammenarbeit einer Reihe von europ\u00e4ischen Lotteriebeh\u00f6rden geschaffen. Derzeit k\u00f6nnen Sie Eurojackpot mit Spielscheinen spielen, die in Ihrem \u00f6rtlichen Lotteriegesch\u00e4ft erh\u00e4ltlich sind, wenn Sie in einem der teilnehmenden L\u00e4nder leben. Diese L\u00e4nder sind Kroatien, die Tschechische Republik, D\u00e4nemark, Estland, Finnland, Deutschland, Ungarn, Island, Italien, Lettland, Litauen, Norwegen, Polen, Slowakei, Slowenien, Spanien, Schweden und die Niederlande.<br \/>\n<a href=\"https:\/\/redfoxlotto.com\/de\/spielen\/eurojackpot\/?ref=a8564250a2&amp;medium=ol365\" target=\"_blank\" rel=\"noopener noreferrer\"><img decoding=\"async\" class=\"aligncenter\" src=\"https:\/\/redfoxlotto.com\/image?size=8&amp;lottery=eurojackpot\" alt=\"Eurojackpot\" \/><\/a><\/p>\n<p>Wenn Sie in einem Land leben, das nicht auf der Liste steht, bleibt Ihnen nur die M\u00f6glichkeit, Eurojackpot online zu spielen. Sobald Sie diese Option entdeckt haben, werden Sie sehen, dass es noch viele weitere M\u00f6glichkeiten gibt. Unsere Website macht es Ihnen nicht nur leicht, Eurojackpot online zu spielen. Wir geben Ihnen auch Zugang zu anderen <a href=\"http:\/\/onlinelotto365.com\/de\">weltklasse Lotterien mit riesigen Jackpots<\/a>.<\/p>\n<ul>\n<li>Land: diverse europ\u00e4ische L\u00e4nder, siehe oben<\/li>\n<li>Hauptnummernbereich: 50<\/li>\n<li>Sie m\u00fcssen w\u00e4hlen: 5<\/li>\n<li>Zusatznummernbereich: 10<\/li>\n<li>Sie m\u00fcssen w\u00e4hlen: 2<\/li>\n<li>Tage, Zeiten der Ziehungen: Freitag, , , 21:00 Uhr MEZ &#8211; 21:00 Uhr MEZ<\/li>\n<li>Jackpot beginnt bei: \u20ac 10 Millionen<\/li>\n<li>Jackpot ist gedeckelt bei: \u20ac 90 Mio.<\/li>\n<li>Wahrscheinlichkeit, den Jackpot zu gewinnen: 1 zu 135600640<\/li>\n<li>Chance, den zweiten Preis zu gewinnen: 1 zu 2118760<\/li>\n<li>Wahrscheinlichkeit, einen beliebigen Preis zu gewinnen: 1 zu 26,39<\/li>\n<li>Anzahl der Preiskategorien: 12<\/li>\n<\/ul>\n<h2>Beste Eigenschaften von Eurojackpot<\/h2>\n<p>Als erstes f\u00e4llt auf, dass der Jackpot immer mit einem Betrag von mindestens 10 Millionen Euro startet. Sie sollten aber auch beachten, dass die zweite Gewinnstufe ebenfalls recht attraktiv ist und deutlich bessere Gewinnchancen hat. Um den zweiten Preis zu gewinnen, m\u00fcssen Sie alle 5 Hauptzahlen richtig haben, plus eine der beiden Zusatzzahlen. Die Chancen daf\u00fcr stehen ungef\u00e4hr 1 zu 2 Millionen, und wenn Sie diesen Preis gewinnen, erhalten Sie in der Regel eine Auszahlung zwischen \u20ac100.000 und \u20ac500.000. Das ist sicherlich ein guter Grund, Eurojackpot online zu spielen.<\/p>\n<p>Aber der Hauptgrund, warum Sie Eurojackpot immer im Auge behalten sollten, ist, was passiert, wenn der Jackpot \u20ac90 Millionen erreicht, was normalerweise ein paar Mal pro Jahr passiert. Sobald der Jackpot die 40-Millionen-Euro-Grenze \u00fcberschritten hat, neigt er dazu, ziemlich schnell zu wachsen, weil mehr Leute Eurojackpot spielen und mehr Tickets verkauft werden. Was passiert also, wenn er seine Obergrenze von 90 Millionen Euro erreicht?<\/p>\n<p>Zu diesem Zeitpunkt werden alle zus\u00e4tzlichen Gelder, die von den Spielern ausgegeben werden, den Jackpot nicht erh\u00f6hen. Stattdessen flie\u00dfen diese Gelder in die zweite Gewinnklasse \u00fcber. Bei der n\u00e4chsten Ziehung k\u00f6nnen Sie also nicht nur bei Eurojackpot online um den 90-Millionen-Euro-Jackpot spielen, sondern Sie k\u00f6nnen auch mit einer viel gr\u00f6\u00dferen Auszahlung rechnen, wenn Sie in der zweiten Gewinnklasse gewinnen. Und solange der 90-Millionen-Euro-Jackpot nicht geknackt ist, kann der Preis der zweiten Stufe zwar gewonnen werden, aber bei jeder Ziehung kommt neues Geld hinzu.<\/p>\n<h2>Wie Sie die Eurojackpot-Ergebnisse \u00fcberpr\u00fcfen k\u00f6nnen<\/h2>\n<p><a href=\"https:\/\/onlinelotto365.com\/de\/gewinnzahlen\/euromillions\">Pr\u00fcfen Sie die Ergebnisse<\/a> entweder auf einer der offiziellen Lotterie-Webseiten eines teilnehmenden Landes, oder noch bequemer, besuchen Sie unsere Webseite, auf der Sie die aktuellen Ergebnisse der spektakul\u00e4rsten Lotterien der Welt finden. Und nat\u00fcrlich haben Sie neben der M\u00f6glichkeit, Eurojackpot online zu spielen, auch die Option, einfach die Lotterie auszuw\u00e4hlen, die aktuell den h\u00f6chsten Jackpot hat, und diese Lotterie online zu spielen.<\/p>\n<h2>Sie haben Eurojackpot online gespielt und gewonnen &#8211; wie geht es weiter?<\/h2>\n<p>Nachdem Sie erfahren haben, dass Sie bei Eurojackpot etwas gewonnen haben, erhalten Sie auch eine E-Mail-Benachrichtigung von uns. Wir benachrichtigen unsere Gewinner immer, so dass keine Chance besteht, dass Sie einen Gewinn verpassen. Und bei allen kleineren Gewinnen (kleiner oder gleich \u20ac2500), finden Sie das gewonnene Geld bereits auf Ihrem Spielerkonto. Das Geld steht Ihnen kurz nach der Ziehung zur Auszahlung zur Verf\u00fcgung. Nat\u00fcrlich k\u00f6nnen Sie sich auch daf\u00fcr entscheiden, keine Auszahlung vorzunehmen oder eine Auszahlung eines Teilbetrags Ihres Guthabens zu beantragen. Was auch immer Ihr Guthaben danach ist, k\u00f6nnen Sie dann verwenden, um Online-Lotto zu spielen und <a href=\"https:\/\/onlinelotto365.com\/de\/lose-kaufen\">neue Scheine zu kaufen<\/a>.<\/p>\n","protected":false},"excerpt":{"rendered":"<p>\u00dcber Eurojackpot Diese europ\u00e4ische Lotterie wurde durch die Zusammenarbeit einer Reihe von europ\u00e4ischen Lotteriebeh\u00f6rden geschaffen. Derzeit k\u00f6nnen Sie Eurojackpot mit Spielscheinen spielen, die in Ihrem \u00f6rtlichen Lotteriegesch\u00e4ft erh\u00e4ltlich sind, wenn Sie in einem der teilnehmenden L\u00e4nder leben. Diese L\u00e4nder sind Kroatien, die Tschechische Republik, D\u00e4nemark, Estland, Finnland, Deutschland, Ungarn, Island, Italien, Lettland, Litauen, Norwegen, Polen, [&hellip;]<\/p>\n","protected":false},"author":1,"featured_media":0,"parent":5018,"menu_order":4,"comment_status":"closed","ping_status":"closed","template":"eurojackpot.php","meta":{"_et_pb_use_builder":"","_et_pb_old_content":"","_et_gb_content_width":"","exclude_from_search":false,"footnotes":""},"class_list":["post-11264","page","type-page","status-publish","hentry"],"yoast_head":"<!-- This site is optimized with the Yoast SEO plugin v23.4 - https:\/\/yoast.com\/wordpress\/plugins\/seo\/ -->\n<title>Spielen Sie hier online Eurojackpot<\/title>\n<meta name=\"description\" content=\"Die legale und einfache Art, den Eurojackpot online und von Deutschland aus zu spielen\" \/>\n<meta name=\"robots\" content=\"index, follow, max-snippet:-1, max-image-preview:large, max-video-preview:-1\" \/>\n<link rel=\"canonical\" href=\"https:\/\/onlinelotto365.com\/de\/spielen\/eurojackpot\/\" \/>\n<meta property=\"og:locale\" content=\"de_DE\" \/>\n<meta property=\"og:type\" content=\"article\" \/>\n<meta property=\"og:title\" content=\"Spielen Sie hier online Eurojackpot\" \/>\n<meta property=\"og:description\" content=\"Die legale und einfache Art, den Eurojackpot online und von Deutschland aus zu spielen\" \/>\n<meta property=\"og:url\" content=\"https:\/\/onlinelotto365.com\/de\/spielen\/eurojackpot\/\" \/>\n<meta property=\"og:site_name\" content=\"OnlineLotto365\" \/>\n<meta property=\"article:modified_time\" content=\"2021-01-06T10:39:30+00:00\" \/>\n<meta property=\"og:image\" content=\"https:\/\/redfoxlotto.com\/image?size=8&amp;lottery=eurojackpot\" \/>\n<meta name=\"twitter:card\" content=\"summary_large_image\" \/>\n<meta name=\"twitter:label1\" content=\"Gesch\u00e4tzte Lesezeit\" \/>\n\t<meta name=\"twitter:data1\" content=\"3\u00a0Minuten\" \/>\n<script type=\"application\/ld+json\" class=\"yoast-schema-graph\">{\"@context\":\"https:\/\/schema.org\",\"@graph\":[{\"@type\":\"WebPage\",\"@id\":\"https:\/\/onlinelotto365.com\/de\/spielen\/eurojackpot\/\",\"url\":\"https:\/\/onlinelotto365.com\/de\/spielen\/eurojackpot\/\",\"name\":\"Spielen Sie hier online Eurojackpot\",\"isPartOf\":{\"@id\":\"https:\/\/onlinelotto365.com\/de\/#website\"},\"primaryImageOfPage\":{\"@id\":\"https:\/\/onlinelotto365.com\/de\/spielen\/eurojackpot\/#primaryimage\"},\"image\":{\"@id\":\"https:\/\/onlinelotto365.com\/de\/spielen\/eurojackpot\/#primaryimage\"},\"thumbnailUrl\":\"https:\/\/redfoxlotto.com\/image?size=8&amp;lottery=eurojackpot\",\"datePublished\":\"2020-12-19T08:15:26+00:00\",\"dateModified\":\"2021-01-06T10:39:30+00:00\",\"description\":\"Die legale und einfache Art, den Eurojackpot online und von Deutschland aus zu spielen\",\"breadcrumb\":{\"@id\":\"https:\/\/onlinelotto365.com\/de\/spielen\/eurojackpot\/#breadcrumb\"},\"inLanguage\":\"de\",\"potentialAction\":[{\"@type\":\"ReadAction\",\"target\":[\"https:\/\/onlinelotto365.com\/de\/spielen\/eurojackpot\/\"]}]},{\"@type\":\"ImageObject\",\"inLanguage\":\"de\",\"@id\":\"https:\/\/onlinelotto365.com\/de\/spielen\/eurojackpot\/#primaryimage\",\"url\":\"https:\/\/redfoxlotto.com\/image?size=8&amp;lottery=eurojackpot\",\"contentUrl\":\"https:\/\/redfoxlotto.com\/image?size=8&amp;lottery=eurojackpot\"},{\"@type\":\"BreadcrumbList\",\"@id\":\"https:\/\/onlinelotto365.com\/de\/spielen\/eurojackpot\/#breadcrumb\",\"itemListElement\":[{\"@type\":\"ListItem\",\"position\":1,\"name\":\"Home\",\"item\":\"https:\/\/onlinelotto365.com\/de\/\"},{\"@type\":\"ListItem\",\"position\":2,\"name\":\"Alles, was Sie wissen m\u00fcssen, um die besten Lotterien online zu spielen\",\"item\":\"https:\/\/onlinelotto365.com\/de\/spielen\/\"},{\"@type\":\"ListItem\",\"position\":3,\"name\":\"Mit einem Online-Ticket Eurojackpot spielen\"}]},{\"@type\":\"WebSite\",\"@id\":\"https:\/\/onlinelotto365.com\/de\/#website\",\"url\":\"https:\/\/onlinelotto365.com\/de\/\",\"name\":\"OnlineLotto365\",\"description\":\"\",\"potentialAction\":[{\"@type\":\"SearchAction\",\"target\":{\"@type\":\"EntryPoint\",\"urlTemplate\":\"https:\/\/onlinelotto365.com\/de\/?s={search_term_string}\"},\"query-input\":{\"@type\":\"PropertyValueSpecification\",\"valueRequired\":true,\"valueName\":\"search_term_string\"}}],\"inLanguage\":\"de\"}]}<\/script>\n<!-- \/ Yoast SEO plugin. -->","yoast_head_json":{"title":"Spielen Sie hier online Eurojackpot","description":"Die legale und einfache Art, den Eurojackpot online und von Deutschland aus zu spielen","robots":{"index":"index","follow":"follow","max-snippet":"max-snippet:-1","max-image-preview":"max-image-preview:large","max-video-preview":"max-video-preview:-1"},"canonical":"https:\/\/onlinelotto365.com\/de\/spielen\/eurojackpot\/","og_locale":"de_DE","og_type":"article","og_title":"Spielen Sie hier online Eurojackpot","og_description":"Die legale und einfache Art, den Eurojackpot online und von Deutschland aus zu spielen","og_url":"https:\/\/onlinelotto365.com\/de\/spielen\/eurojackpot\/","og_site_name":"OnlineLotto365","article_modified_time":"2021-01-06T10:39:30+00:00","og_image":[{"url":"https:\/\/redfoxlotto.com\/image?size=8&amp;lottery=eurojackpot"}],"twitter_card":"summary_large_image","twitter_misc":{"Gesch\u00e4tzte Lesezeit":"3\u00a0Minuten"},"schema":{"@context":"https:\/\/schema.org","@graph":[{"@type":"WebPage","@id":"https:\/\/onlinelotto365.com\/de\/spielen\/eurojackpot\/","url":"https:\/\/onlinelotto365.com\/de\/spielen\/eurojackpot\/","name":"Spielen Sie hier online Eurojackpot","isPartOf":{"@id":"https:\/\/onlinelotto365.com\/de\/#website"},"primaryImageOfPage":{"@id":"https:\/\/onlinelotto365.com\/de\/spielen\/eurojackpot\/#primaryimage"},"image":{"@id":"https:\/\/onlinelotto365.com\/de\/spielen\/eurojackpot\/#primaryimage"},"thumbnailUrl":"https:\/\/redfoxlotto.com\/image?size=8&amp;lottery=eurojackpot","datePublished":"2020-12-19T08:15:26+00:00","dateModified":"2021-01-06T10:39:30+00:00","description":"Die legale und einfache Art, den Eurojackpot online und von Deutschland aus zu spielen","breadcrumb":{"@id":"https:\/\/onlinelotto365.com\/de\/spielen\/eurojackpot\/#breadcrumb"},"inLanguage":"de","potentialAction":[{"@type":"ReadAction","target":["https:\/\/onlinelotto365.com\/de\/spielen\/eurojackpot\/"]}]},{"@type":"ImageObject","inLanguage":"de","@id":"https:\/\/onlinelotto365.com\/de\/spielen\/eurojackpot\/#primaryimage","url":"https:\/\/redfoxlotto.com\/image?size=8&amp;lottery=eurojackpot","contentUrl":"https:\/\/redfoxlotto.com\/image?size=8&amp;lottery=eurojackpot"},{"@type":"BreadcrumbList","@id":"https:\/\/onlinelotto365.com\/de\/spielen\/eurojackpot\/#breadcrumb","itemListElement":[{"@type":"ListItem","position":1,"name":"Home","item":"https:\/\/onlinelotto365.com\/de\/"},{"@type":"ListItem","position":2,"name":"Alles, was Sie wissen m\u00fcssen, um die besten Lotterien online zu spielen","item":"https:\/\/onlinelotto365.com\/de\/spielen\/"},{"@type":"ListItem","position":3,"name":"Mit einem Online-Ticket Eurojackpot spielen"}]},{"@type":"WebSite","@id":"https:\/\/onlinelotto365.com\/de\/#website","url":"https:\/\/onlinelotto365.com\/de\/","name":"OnlineLotto365","description":"","potentialAction":[{"@type":"SearchAction","target":{"@type":"EntryPoint","urlTemplate":"https:\/\/onlinelotto365.com\/de\/?s={search_term_string}"},"query-input":{"@type":"PropertyValueSpecification","valueRequired":true,"valueName":"search_term_string"}}],"inLanguage":"de"}]}},"_links":{"self":[{"href":"https:\/\/onlinelotto365.com\/de\/wp-json\/wp\/v2\/pages\/11264","targetHints":{"allow":["GET"]}}],"collection":[{"href":"https:\/\/onlinelotto365.com\/de\/wp-json\/wp\/v2\/pages"}],"about":[{"href":"https:\/\/onlinelotto365.com\/de\/wp-json\/wp\/v2\/types\/page"}],"author":[{"embeddable":true,"href":"https:\/\/onlinelotto365.com\/de\/wp-json\/wp\/v2\/users\/1"}],"replies":[{"embeddable":true,"href":"https:\/\/onlinelotto365.com\/de\/wp-json\/wp\/v2\/comments?post=11264"}],"version-history":[{"count":0,"href":"https:\/\/onlinelotto365.com\/de\/wp-json\/wp\/v2\/pages\/11264\/revisions"}],"up":[{"embeddable":true,"href":"https:\/\/onlinelotto365.com\/de\/wp-json\/wp\/v2\/pages\/5018"}],"wp:attachment":[{"href":"https:\/\/onlinelotto365.com\/de\/wp-json\/wp\/v2\/media?parent=11264"}],"curies":[{"name":"wp","href":"https:\/\/api.w.org\/{rel}","templated":true}]}}