{"id":11266,"date":"2020-12-19T09:17:10","date_gmt":"2020-12-19T08:17:10","guid":{"rendered":"http:\/\/onlinelotto365.net\/?page_id=11266"},"modified":"2021-01-06T11:39:43","modified_gmt":"2021-01-06T10:39:43","slug":"superenalotto","status":"publish","type":"page","link":"https:\/\/onlinelotto365.com\/de\/spielen\/superenalotto\/","title":{"rendered":"Holen Sie sich Ihre Superenalotto-Lose von \u00fcberall"},"content":{"rendered":"<p>Seit Jahren sehnen sich Menschen danach, Lotterien in anderen Teilen der Welt zu spielen. Die Herausforderung dabei war nicht wirklich die mangelnde Bereitschaft der verschiedenen <a href=\"https:\/\/onlinelotto365.com\/de\/news\/wie-man-internationales-lotto-spielt\">Lotterien<\/a>, internationale Lottospieler zu akzeptieren. Es war, dass Sie sich physisch in dem Land oder der Region befinden m\u00fcssen, in der die Lotterie stattfindet, um richtig spielen zu k\u00f6nnen.<\/p>\n<p>F\u00fcr den Anfang m\u00fcssen Sie <strong>eine Lottoannahmestelle besuchen, die die Lotterie verkauft, f\u00fcr die Sie Spielscheine kaufen m\u00f6chten.<\/strong> Das bedeutet also, dass Sie in dem Land sind, nicht nur einmal, sondern jedes Mal, wenn Sie Spielscheine kaufen m\u00f6chten. Das bedeutet also, eine Reise von Deutschland nach Italien zu machen, um Lottoscheine f\u00fcr die drei Ziehungen zu kaufen, die das Superenalotto jede Woche durchf\u00fchrt.<\/p>\n<p>Man muss also entweder dorthin ziehen oder jemanden in Italien anstellen, der das f\u00fcr einen erledigt. Das ist etwas, wozu wir einfach nicht in der Lage sind. Wenn Sie schon dabei sind, m\u00fcssten Sie auch in allen anderen L\u00e4ndern, in denen es gro\u00dfe Lotterien gibt, Leute anheuern, die das f\u00fcr Sie erledigen. Das w\u00fcrde ein Verm\u00f6gen kosten.<\/p>\n<p>Aber es gibt jetzt eine tolle Alternative &#8211; <strong>spielen Sie einfach online hier auf unserer Seite!<\/strong><\/p>\n<p><a href=\"https:\/\/redfoxlotto.com\/de\/superenalotto\/?ref=a8564250a2&amp;medium=ol365\" target=\"_blank\" rel=\"noopener noreferrer\"><img decoding=\"async\" class=\"aligncenter\" src=\"https:\/\/redfoxlotto.com\/image?size=8&amp;lottery=superenalotto\" alt=\" superenalotto \" \/><\/a><\/p>\n<h2>Wir haben alle Ihre Lotto-Bed\u00fcrfnisse abgedeckt<\/h2>\n<p>Wir haben alles ausgekl\u00fcgelt, wie Sie zus\u00e4tzlich zu allen <a href=\"https:\/\/onlinelotto365.com\/de\/lose-kaufen\">anderen gro\u00dfen Lotterien<\/a> der Welt auch beim Superenalotto mitspielen k\u00f6nnen. Sie kaufen bei uns einfach die gew\u00fcnschten Lottoscheine online und von Deutschland aus, und wir erledigen den Rest f\u00fcr Sie.<\/p>\n<p>Wir kaufen die Scheine in Ihrem Namen und im Gegensatz zu normalen Lottoscheinen, die von demjenigen eingel\u00f6st werden k\u00f6nnen, der sie besitzt, halten wir sie f\u00fcr Sie. Dann \u00fcberwachen wir die Ziehungen f\u00fcr Sie, so dass Sie sich nicht darum k\u00fcmmern m\u00fcssen, wenn Sie es nicht wollen, und benachrichtigen Sie jedes Mal, wenn Sie gewinnen.<\/p>\n<h2>Mehr Infos \u00fcber Superenalotto<\/h2>\n<ul>\n<li>Die Lotterie findet wo statt: Italien<\/li>\n<li>Wie viele Hauptnummern zur Auswahl stehen: 90<\/li>\n<li>Sie m\u00fcssen w\u00e4hlen: 6<\/li>\n<li>Wie viele Zusatznummern zur Auswahl stehen: keine<\/li>\n<li>Sie m\u00fcssen w\u00e4hlen: keine<\/li>\n<li>Ziehungstage, Stunden: Dienstag, Donnerstag, Samstag, 19:00 GMT, 21:00 CET<\/li>\n<li>Minimaler Jackpot: 2 Millionen \u20ac<\/li>\n<li>Maximaler Jackpot-Betrag: keiner<\/li>\n<li>M\u00f6gliche Zahlenkombination f\u00fcr einen Jackpot-Gewinn: 1 zu 622.614.630<\/li>\n<li>M\u00f6gliche Zahlenkombination f\u00fcr einen Tier 2 Gewinn: 1 zu 103.769.105<\/li>\n<li>Wahrscheinlichkeit, in jeder Stufe zu gewinnen: 1 zu 20,58<\/li>\n<li>Wie viele Gewinnstufen: v<\/li>\n<\/ul>\n<p>Um das Superenalotto zu spielen, w\u00e4hlen Sie 6 Zahlen aus insgesamt 90 m\u00f6glichen Zahlen. Au\u00dferdem m\u00fcssen Sie eine so genannte Jolly-Zahl aus den 90 Zahlen w\u00e4hlen.<\/p>\n<p><strong>Um den Jackpot zu gewinnen,<\/strong> m\u00fcssen Sie alle 6 Ihrer regul\u00e4ren Zahlen \u00fcbereinstimmen. Wenn Sie 5 plus die Jolly-Zahl treffen, gewinnen Sie den zweiten Preis. Bei 5 Zahlen ohne die Jolly-Zahl erhalten Sie den dritten Preis, bei 4 richtigen Zahlen den vierten Preis und bei nur 3 Zahlen erhalten Sie ebenfalls eine Auszahlung.<\/p>\n<p>Die Ziehungen finden 3 Mal pro Woche statt, dienstags, donnerstags und samstags um 20 Uhr italienischer Zeit. Wir bieten Ihnen einen laufenden Countdown bis zur n\u00e4chsten Ziehung f\u00fcr das Superenalotto zus\u00e4tzlich zu allen anderen gro\u00dfen Lotterien, die sie online Tickets anbieten, so dass Sie immer wissen, wie viel Zeit Sie noch haben.<\/p>\n<h2>Vorteile, Superenalotto online zu spielen<\/h2>\n<p>Viele globale Lotterie <strong>Spieler w\u00e4hlen gerne mehrere Lotterien zum Spielen<\/strong>, vor allem da jede von ihnen regelm\u00e4\u00dfig gro\u00dfe Jackpots bietet. Tats\u00e4chlich ist es so, dass je mehr Ziehungen man mitspielt, desto besser.<\/p>\n<p>Auch wenn die Jackpots beim Superenalotto nicht mit einigen der gr\u00f6\u00dferen Lotterien da drau\u00dfen vergleichbar sind, wie z.B. den <a href=\"https:\/\/onlinelotto365.com\/de\/lose-kaufen\/euromillions\">EuroMillions<\/a>, dem <a href=\"https:\/\/onlinelotto365.com\/de\/lose-kaufen\/euromillions\">Powerball<\/a> oder <a href=\"https:\/\/onlinelotto365.com\/de\/lose-kaufen\/mega-millions\">Mega Millions<\/a>, werden Sie diese trotzdem spielen wollen. Das Superenalotto ist allerdings keine kleine Kartoffel, mit typischen Jackpots, die oft im zweistelligen Millionenbereich liegen. Mit den zus\u00e4tzlichen 3 Ziehungen pro Woche, die das Superenalotto bietet, haben Sie also 3 Ziehungen pro Woche mehr Spa\u00df, als wenn Sie nicht mitspielen.<\/p>\n<p>Mit 3 zus\u00e4tzlichen Chancen auf einen gro\u00dfen Gewinn ist es also nicht schwer zu verstehen, warum so viele Menschen in Deutschland diese Lotterie m\u00f6gen. Angesichts der Tatsache, dass Sie Ihre Lose jetzt bequem online kaufen k\u00f6nnen, gibt es eigentlich keinen guten Grund, nicht zu spielen. Ihr Geld auf mehrere Lotterien zu verteilen, ist das, worum es geht, und das erh\u00f6ht die Spannung, die Sie beim Lottospielen jetzt haben, erheblich.<\/p>\n<p>Wenn Sie also Lust auf <strong>mehr Spa\u00df am Lottospielen<\/strong> haben, und ich wei\u00df, dass Sie das haben, dann k\u00f6nnen Sie jetzt sofort loslegen.<\/p>\n<h2>Wie werde ich bezahlt, wenn ich Superenalotto online gewinne?<\/h2>\n<p>Wir bieten Ihnen die gesamte Unterst\u00fctzung, die Sie f\u00fcr die Einl\u00f6sung Ihrer Spielscheine ben\u00f6tigen, von der Abholung kleinerer Gewinne und der sofortigen Gutschrift auf Ihr Konto bei uns bis hin zur Abholung und Zusendung aller Formulare, die f\u00fcr gr\u00f6\u00dfere Gewinne oder sogar Jackpots ben\u00f6tigt werden. Sie brauchen sich hier also keine Sorgen zu machen, denn es handelt sich um ein <strong>Vollservice-Angebot mit erstklassigem Service<\/strong> und Behandlung f\u00fcr unsere Kunden aus Deutschland und anderen L\u00e4ndern.<\/p>\n","protected":false},"excerpt":{"rendered":"<p>Seit Jahren sehnen sich Menschen danach, Lotterien in anderen Teilen der Welt zu spielen. Die Herausforderung dabei war nicht wirklich die mangelnde Bereitschaft der verschiedenen Lotterien, internationale Lottospieler zu akzeptieren. Es war, dass Sie sich physisch in dem Land oder der Region befinden m\u00fcssen, in der die Lotterie stattfindet, um richtig spielen zu k\u00f6nnen. F\u00fcr [&hellip;]<\/p>\n","protected":false},"author":1,"featured_media":0,"parent":5018,"menu_order":5,"comment_status":"closed","ping_status":"closed","template":"superenalotto.php","meta":{"_et_pb_use_builder":"","_et_pb_old_content":"","_et_gb_content_width":"","exclude_from_search":false,"footnotes":""},"class_list":["post-11266","page","type-page","status-publish","hentry"],"yoast_head":"<!-- This site is optimized with the Yoast SEO plugin v23.4 - https:\/\/yoast.com\/wordpress\/plugins\/seo\/ -->\n<title>Spielen Sie Superenalotto Italien online von Deutschland aus | Wie Sie Superena-Lose online kaufen<\/title>\n<meta name=\"description\" content=\"Dieser italienische Lotto-Jackpot kann jetzt von jedermann und \u00fcberall gewonnen werden - spielen Sie jetzt den Superenalotto-Online-Schein\" \/>\n<meta name=\"robots\" content=\"index, follow, max-snippet:-1, max-image-preview:large, max-video-preview:-1\" \/>\n<link rel=\"canonical\" href=\"https:\/\/onlinelotto365.com\/de\/spielen\/superenalotto\/\" \/>\n<meta property=\"og:locale\" content=\"de_DE\" \/>\n<meta property=\"og:type\" content=\"article\" \/>\n<meta property=\"og:title\" content=\"Spielen Sie Superenalotto Italien online von Deutschland aus | Wie Sie Superena-Lose online kaufen\" \/>\n<meta property=\"og:description\" content=\"Dieser italienische Lotto-Jackpot kann jetzt von jedermann und \u00fcberall gewonnen werden - spielen Sie jetzt den Superenalotto-Online-Schein\" \/>\n<meta property=\"og:url\" content=\"https:\/\/onlinelotto365.com\/de\/spielen\/superenalotto\/\" \/>\n<meta property=\"og:site_name\" content=\"OnlineLotto365\" \/>\n<meta property=\"article:modified_time\" content=\"2021-01-06T10:39:43+00:00\" \/>\n<meta property=\"og:image\" content=\"https:\/\/redfoxlotto.com\/image?size=8&amp;lottery=superenalotto\" \/>\n<meta name=\"twitter:card\" content=\"summary_large_image\" \/>\n<meta name=\"twitter:label1\" content=\"Gesch\u00e4tzte Lesezeit\" \/>\n\t<meta name=\"twitter:data1\" content=\"4\u00a0Minuten\" \/>\n<script type=\"application\/ld+json\" class=\"yoast-schema-graph\">{\"@context\":\"https:\/\/schema.org\",\"@graph\":[{\"@type\":\"WebPage\",\"@id\":\"https:\/\/onlinelotto365.com\/de\/spielen\/superenalotto\/\",\"url\":\"https:\/\/onlinelotto365.com\/de\/spielen\/superenalotto\/\",\"name\":\"Spielen Sie Superenalotto Italien online von Deutschland aus | Wie Sie Superena-Lose online kaufen\",\"isPartOf\":{\"@id\":\"https:\/\/onlinelotto365.com\/de\/#website\"},\"primaryImageOfPage\":{\"@id\":\"https:\/\/onlinelotto365.com\/de\/spielen\/superenalotto\/#primaryimage\"},\"image\":{\"@id\":\"https:\/\/onlinelotto365.com\/de\/spielen\/superenalotto\/#primaryimage\"},\"thumbnailUrl\":\"https:\/\/redfoxlotto.com\/image?size=8&amp;lottery=superenalotto\",\"datePublished\":\"2020-12-19T08:17:10+00:00\",\"dateModified\":\"2021-01-06T10:39:43+00:00\",\"description\":\"Dieser italienische Lotto-Jackpot kann jetzt von jedermann und \u00fcberall gewonnen werden - spielen Sie jetzt den Superenalotto-Online-Schein\",\"breadcrumb\":{\"@id\":\"https:\/\/onlinelotto365.com\/de\/spielen\/superenalotto\/#breadcrumb\"},\"inLanguage\":\"de\",\"potentialAction\":[{\"@type\":\"ReadAction\",\"target\":[\"https:\/\/onlinelotto365.com\/de\/spielen\/superenalotto\/\"]}]},{\"@type\":\"ImageObject\",\"inLanguage\":\"de\",\"@id\":\"https:\/\/onlinelotto365.com\/de\/spielen\/superenalotto\/#primaryimage\",\"url\":\"https:\/\/redfoxlotto.com\/image?size=8&amp;lottery=superenalotto\",\"contentUrl\":\"https:\/\/redfoxlotto.com\/image?size=8&amp;lottery=superenalotto\"},{\"@type\":\"BreadcrumbList\",\"@id\":\"https:\/\/onlinelotto365.com\/de\/spielen\/superenalotto\/#breadcrumb\",\"itemListElement\":[{\"@type\":\"ListItem\",\"position\":1,\"name\":\"Home\",\"item\":\"https:\/\/onlinelotto365.com\/de\/\"},{\"@type\":\"ListItem\",\"position\":2,\"name\":\"Alles, was Sie wissen m\u00fcssen, um die besten Lotterien online zu spielen\",\"item\":\"https:\/\/onlinelotto365.com\/de\/spielen\/\"},{\"@type\":\"ListItem\",\"position\":3,\"name\":\"Holen Sie sich Ihre Superenalotto-Lose von \u00fcberall\"}]},{\"@type\":\"WebSite\",\"@id\":\"https:\/\/onlinelotto365.com\/de\/#website\",\"url\":\"https:\/\/onlinelotto365.com\/de\/\",\"name\":\"OnlineLotto365\",\"description\":\"\",\"potentialAction\":[{\"@type\":\"SearchAction\",\"target\":{\"@type\":\"EntryPoint\",\"urlTemplate\":\"https:\/\/onlinelotto365.com\/de\/?s={search_term_string}\"},\"query-input\":{\"@type\":\"PropertyValueSpecification\",\"valueRequired\":true,\"valueName\":\"search_term_string\"}}],\"inLanguage\":\"de\"}]}<\/script>\n<!-- \/ Yoast SEO plugin. -->","yoast_head_json":{"title":"Spielen Sie Superenalotto Italien online von Deutschland aus | Wie Sie Superena-Lose online kaufen","description":"Dieser italienische Lotto-Jackpot kann jetzt von jedermann und \u00fcberall gewonnen werden - spielen Sie jetzt den Superenalotto-Online-Schein","robots":{"index":"index","follow":"follow","max-snippet":"max-snippet:-1","max-image-preview":"max-image-preview:large","max-video-preview":"max-video-preview:-1"},"canonical":"https:\/\/onlinelotto365.com\/de\/spielen\/superenalotto\/","og_locale":"de_DE","og_type":"article","og_title":"Spielen Sie Superenalotto Italien online von Deutschland aus | Wie Sie Superena-Lose online kaufen","og_description":"Dieser italienische Lotto-Jackpot kann jetzt von jedermann und \u00fcberall gewonnen werden - spielen Sie jetzt den Superenalotto-Online-Schein","og_url":"https:\/\/onlinelotto365.com\/de\/spielen\/superenalotto\/","og_site_name":"OnlineLotto365","article_modified_time":"2021-01-06T10:39:43+00:00","og_image":[{"url":"https:\/\/redfoxlotto.com\/image?size=8&amp;lottery=superenalotto"}],"twitter_card":"summary_large_image","twitter_misc":{"Gesch\u00e4tzte Lesezeit":"4\u00a0Minuten"},"schema":{"@context":"https:\/\/schema.org","@graph":[{"@type":"WebPage","@id":"https:\/\/onlinelotto365.com\/de\/spielen\/superenalotto\/","url":"https:\/\/onlinelotto365.com\/de\/spielen\/superenalotto\/","name":"Spielen Sie Superenalotto Italien online von Deutschland aus | Wie Sie Superena-Lose online kaufen","isPartOf":{"@id":"https:\/\/onlinelotto365.com\/de\/#website"},"primaryImageOfPage":{"@id":"https:\/\/onlinelotto365.com\/de\/spielen\/superenalotto\/#primaryimage"},"image":{"@id":"https:\/\/onlinelotto365.com\/de\/spielen\/superenalotto\/#primaryimage"},"thumbnailUrl":"https:\/\/redfoxlotto.com\/image?size=8&amp;lottery=superenalotto","datePublished":"2020-12-19T08:17:10+00:00","dateModified":"2021-01-06T10:39:43+00:00","description":"Dieser italienische Lotto-Jackpot kann jetzt von jedermann und \u00fcberall gewonnen werden - spielen Sie jetzt den Superenalotto-Online-Schein","breadcrumb":{"@id":"https:\/\/onlinelotto365.com\/de\/spielen\/superenalotto\/#breadcrumb"},"inLanguage":"de","potentialAction":[{"@type":"ReadAction","target":["https:\/\/onlinelotto365.com\/de\/spielen\/superenalotto\/"]}]},{"@type":"ImageObject","inLanguage":"de","@id":"https:\/\/onlinelotto365.com\/de\/spielen\/superenalotto\/#primaryimage","url":"https:\/\/redfoxlotto.com\/image?size=8&amp;lottery=superenalotto","contentUrl":"https:\/\/redfoxlotto.com\/image?size=8&amp;lottery=superenalotto"},{"@type":"BreadcrumbList","@id":"https:\/\/onlinelotto365.com\/de\/spielen\/superenalotto\/#breadcrumb","itemListElement":[{"@type":"ListItem","position":1,"name":"Home","item":"https:\/\/onlinelotto365.com\/de\/"},{"@type":"ListItem","position":2,"name":"Alles, was Sie wissen m\u00fcssen, um die besten Lotterien online zu spielen","item":"https:\/\/onlinelotto365.com\/de\/spielen\/"},{"@type":"ListItem","position":3,"name":"Holen Sie sich Ihre Superenalotto-Lose von \u00fcberall"}]},{"@type":"WebSite","@id":"https:\/\/onlinelotto365.com\/de\/#website","url":"https:\/\/onlinelotto365.com\/de\/","name":"OnlineLotto365","description":"","potentialAction":[{"@type":"SearchAction","target":{"@type":"EntryPoint","urlTemplate":"https:\/\/onlinelotto365.com\/de\/?s={search_term_string}"},"query-input":{"@type":"PropertyValueSpecification","valueRequired":true,"valueName":"search_term_string"}}],"inLanguage":"de"}]}},"_links":{"self":[{"href":"https:\/\/onlinelotto365.com\/de\/wp-json\/wp\/v2\/pages\/11266","targetHints":{"allow":["GET"]}}],"collection":[{"href":"https:\/\/onlinelotto365.com\/de\/wp-json\/wp\/v2\/pages"}],"about":[{"href":"https:\/\/onlinelotto365.com\/de\/wp-json\/wp\/v2\/types\/page"}],"author":[{"embeddable":true,"href":"https:\/\/onlinelotto365.com\/de\/wp-json\/wp\/v2\/users\/1"}],"replies":[{"embeddable":true,"href":"https:\/\/onlinelotto365.com\/de\/wp-json\/wp\/v2\/comments?post=11266"}],"version-history":[{"count":0,"href":"https:\/\/onlinelotto365.com\/de\/wp-json\/wp\/v2\/pages\/11266\/revisions"}],"up":[{"embeddable":true,"href":"https:\/\/onlinelotto365.com\/de\/wp-json\/wp\/v2\/pages\/5018"}],"wp:attachment":[{"href":"https:\/\/onlinelotto365.com\/de\/wp-json\/wp\/v2\/media?parent=11266"}],"curies":[{"name":"wp","href":"https:\/\/api.w.org\/{rel}","templated":true}]}}