{"id":11269,"date":"2020-12-19T09:18:32","date_gmt":"2020-12-19T08:18:32","guid":{"rendered":"http:\/\/onlinelotto365.net\/?page_id=11269"},"modified":"2022-11-09T09:06:17","modified_gmt":"2022-11-09T08:06:17","slug":"el-gordo","status":"publish","type":"page","link":"https:\/\/onlinelotto365.com\/de\/spielen\/el-gordo\/","title":{"rendered":"Wie k\u00f6nnen in Deutschland ans\u00e4ssige Personen an El Gordo teilnehmen?"},"content":{"rendered":"<p>Wenn Sie in Spanien leben, dann muss ich Ihnen nicht sagen, wie spannend das El Gordo Lotto ist. Allerdings leben die meisten Lottospieler nicht dort, und die meisten haben noch nie von <strong>Spaniens gr\u00f6\u00dfter Lotterie<\/strong> geh\u00f6rt. Bis vor kurzem spielte das auch keine Rolle, da man es sowieso nicht spielen konnte, da Spanien der einzige Ort war, an dem man Lose daf\u00fcr kaufen konnte.<\/p>\n<p>Durch die Magie des Internets k\u00f6nnen heutzutage \u00fcber 150.000 Spieler aus \u00fcber 140 L\u00e4ndern, darunter auch Deutschland, in den Genuss kommen, <strong>El Gordo online zu spielen<\/strong>. Alles, was Sie jetzt tun m\u00fcssen, um Tickets zu kaufen, ist zu wissen, wo man sie online kaufen kann. Dabei sind wir Ihnen gerne behilflich.<\/p>\n<p>Unser gro\u00dfartiger neuer Service erm\u00f6glicht es Ihnen nicht nur, Spielscheine f\u00fcr das El Gordo-Lotto online zu kaufen, sondern Sie k\u00f6nnen auch Spielscheine f\u00fcr alle anderen gro\u00dfen Lotterien der Welt online erwerben. Wir machen dies alles unglaublich einfach f\u00fcr Sie, und innerhalb weniger Minuten k\u00f6nnen Sie so viele Scheine f\u00fcr die n\u00e4chste Ziehung abholen, wie Sie m\u00f6chten, zus\u00e4tzlich zu jedem anderen gro\u00dfen Lotterieschein, den Sie m\u00f6chten.<\/p>\n<p>Durch unseren Online-Service ist der <strong>Spa\u00df am Lottospielen<\/strong> also auf epische Ausma\u00dfe angewachsen. Nehmen Sie, wie viel Spa\u00df Ihnen das Lotto jetzt macht, und multiplizieren Sie das mit dem Zehn- oder Zwanzigfachen, und stellen Sie sich vor, wie das sein w\u00fcrde. Dann registrieren Sie einfach ein Konto hier und machen Sie sich bereit, das alles wahr werden zu lassen.<\/p>\n<p><a href=\"https:\/\/redfoxlotto.com\/de\/spielen\/el-gordo-primitiva\/?ref=a8564250a2&amp;medium=ol365\" target=\"_blank\" rel=\"noopener noreferrer\"><img decoding=\"async\" class=\"aligncenter\" src=\"https:\/\/redfoxlotto.com\/image?size=8&amp;lottery=el-gordo-primitiva\" alt=\"el gordo la primitiva\" \/><\/a><\/p>\n<h2>El Gordo bedeutet das gro\u00dfe Los<\/h2>\n<p>Die Jackpots von El Gordo sind alle riesig, und das ist etwas, was alle Lottospieler absolut lieben. Vorbei sind die Zeiten, in denen man eine ganze Weile warten musste, in der Hoffnung, dass der Jackpot seiner Lieblingslotterie w\u00e4chst und w\u00e4chst, bis er endlich gro\u00df genug ist, dass die Leute \u00fcber sich selbst herfallen, um <a href=\"https:\/\/onlinelotto365.com\/de\/lose-kaufen\">Scheine zu kaufen<\/a>. Nun, es gibt viele Lotterien auf der ganzen Welt, die mit enormen Jackpots beginnen und nur immer enormer werden. Diese Lotterie ist definitiv eine davon. Zum Beispiel liegt der aktuelle Jackpot zum Zeitpunkt dieses Schreibens bei 23 Millionen Euro.<\/p>\n<p>Und wenn Sie gro\u00dfe Jackpots wie diesen lieben, wie wir es sicher alle tun, gibt es noch viel mehr f\u00fcr Sie, wo das herkommt, mit einigen sogar <a href=\"https:\/\/onlinelotto365.com\/de\/news\/die-besten-lotterien-der-welt\">viel gr\u00f6\u00dferen Jackpots<\/a>. Es geht jedoch nicht darum, nur eine zu spielen, Sie werden mindestens <strong>mehrere dieser Lotterien spielen wollen<\/strong>, und El Gordo ist sicherlich eine, die es wert ist, gespielt zu werden.<\/p>\n<h2>\u00dcber El Gordo<\/h2>\n<ul>\n<li>Land: Spanien<\/li>\n<li><span style=\"font-size: 16px;\">Hauptnummernbereich: 54<\/span><\/li>\n<li>Sie w\u00e4hlen: 5<\/li>\n<li>Zusatzzahlenbereich: keine<\/li>\n<li>Sie w\u00e4hlen aus: keine<\/li>\n<li>Ziehungstage, Stunden: Sonntag, 21:30 Uhr MEZ, 21:30 Uhr MEZ<\/li>\n<li>Minimaljackpot: 4 Millionen \u20ac<\/li>\n<li>H\u00f6chstjackpot: kein Maximum<\/li>\n<li>Wahrscheinlichkeit, den Jackpot zu gewinnen: 1 zu 31.625.100<\/li>\n<li>Wahrscheinlichkeit eines Stufe-2-Gewinns: 1 zu 3.513.900<\/li>\n<li>Wahrscheinlichkeit, in einer beliebigen Stufe zu gewinnen: 1 zu 6,16<\/li>\n<li>Besondere Ereignisse f\u00fcr El Gordo: Weihnachtsspezial<\/li>\n<\/ul>\n<p>Wie bei vielen gro\u00dfen Lotterien besteht die Ziehung aus zwei Teilen. Im ersten Teil m\u00fcssen Sie 5 Zahlen aus 54 Zahlen ziehen. Wenn Sie das schaffen, wartet bereits ein sehr gro\u00dfer Preis auf Sie. Wenn Sie dann sowohl Ihre 5 Zahlen als auch Ihre Schl\u00fcsselzahl zwischen 1 und 9 treffen, haben Sie es geschafft und den gro\u00dfen Jackpot geknackt.<\/p>\n<p>Es gibt insgesamt 9 verschiedene Gewinnkategorien bei El Gordo, beginnend mit der einfachen \u00dcbereinstimmung der entscheidenden Zahl zwischen 1 und 9 bis hin zum gro\u00dfen Gewinn. Obwohl wir also alle wirklich die Jackpots gewinnen wollen, ist es sicherlich sch\u00f6n, wenn Sie einen Preis in beliebiger H\u00f6he gewinnen, und Spaniens beliebteste Lotterie gibt Ihnen eine noch bessere Chance, dies zu schaffen als einige andere Lotterien.<\/p>\n<p>Au\u00dferdem sind <a href=\"https:\/\/onlinelotto365.com\/de\/news\/welche-lotterien-und-laender-erheben-steuern-auf-gewinne\"><strong>Lotteriegewinne in Spanien steuerfrei<\/strong><\/a>, im Gegensatz zu einigen anderen L\u00e4ndern. Je nachdem, wo Sie leben, m\u00fcssen Sie Ihren Gewinn bei der Regierung anmelden oder auch nicht, aber mancherorts werden bei Lotteriegewinnen Steuern einbehalten, auch wenn Lotteriegewinne in Ihrem Land steuerfrei sein m\u00f6gen. Sie k\u00f6nnen sich dieses Geld zwar zur\u00fcckholen, aber das ist eine Unannehmlichkeit, \u00fcber die Sie sich bei El Gordo keine Gedanken machen m\u00fcssen.<\/p>\n<p>Aber selbst in L\u00e4ndern, in denen dies der Fall ist, wird Ihnen das Geld, das Sie im Voraus mit oder ohne Steuereinbehalt erhalten, ohnehin f\u00fcr eine lange Zeit reichen, wenn Sie den Jackpot knacken, also sollte Sie das nicht wirklich beunruhigen. Ebenso wenig sollten Sie eine Reise nach Spanien machen m\u00fcssen, um Ihre Millionen abzuholen. Sie werden wahrscheinlich noch viel mehr reisen, und Sie k\u00f6nnten mit dieser Reise Ihre Karriere als Jetsetter beginnen.<\/p>\n<h2>Warum El Gordo verpassen, wenn Sie es jetzt nicht tun m\u00fcssen?<\/h2>\n<p>Jahrelang hatten Sie eine gute Ausrede, das El Gordo Lotto nicht zu spielen, weil Sie in Deutschland und nicht in Spanien leben. Das ist aber zum Gl\u00fcck nicht mehr der Fall. Wer wei\u00df, wie viel Geld Sie h\u00e4tten gewinnen k\u00f6nnen, wenn Sie diese und alle anderen gro\u00dfen Lotterien der Welt die ganze Zeit \u00fcber gespielt h\u00e4tten?<\/p>\n<p>Nun, dar\u00fcber brauchen Sie sich nicht mehr zu wundern, denn wir bringen El Gordo jetzt direkt zu Ihnen nach Hause, genau dorthin, wo Sie gerade sitzen. Ich wei\u00df, dass Sie <strong>Lotto spielen<\/strong> lieben, sonst w\u00fcrden Sie dies nicht lesen. Warum g\u00f6nnen Sie sich nicht gleich jetzt einen El Gordo-Lottoschein? Wenn Sie schon dabei sind, warum schauen Sie sich nicht auch alles andere an, was wir Ihnen zu bieten haben?<\/p>\n<h2>Wie Sie die El Gordo-Ergebnisse \u00fcberpr\u00fcfen k\u00f6nnen<\/h2>\n<p>Sie k\u00f6nnen hierher zur\u00fcckkommen, um <a href=\"https:\/\/onlinelotto365.com\/de\/spielen\/el-gordo\">die Gewinnzahlen zu \u00fcberpr\u00fcfen<\/a> und sie mit Ihren El Gordo-Tickets zu vergleichen. Wir zeigen Ihnen die aktuellen Gewinnzahlen Seite an Seite mit den Zahlen Ihres eigenen Scheins. Nat\u00fcrlich k\u00f6nnen Sie auch sehen, wie viel Sie gewonnen haben, wenn Sie gewonnen haben.<\/p>\n<p>Die Auszahlung Ihres Gewinns auf Ihr Konto ist ebenfalls Teil unseres Services. Wie Sie bezahlt werden, h\u00e4ngt davon ab, wie viel Sie gewonnen haben. Wir nehmen kein Geld von Ihren Gewinnen f\u00fcr diesen Service.<\/p>\n","protected":false},"excerpt":{"rendered":"<p>Wenn Sie in Spanien leben, dann muss ich Ihnen nicht sagen, wie spannend das El Gordo Lotto ist. Allerdings leben die meisten Lottospieler nicht dort, und die meisten haben noch nie von Spaniens gr\u00f6\u00dfter Lotterie geh\u00f6rt. Bis vor kurzem spielte das auch keine Rolle, da man es sowieso nicht spielen konnte, da Spanien der einzige [&hellip;]<\/p>\n","protected":false},"author":1,"featured_media":0,"parent":5018,"menu_order":6,"comment_status":"closed","ping_status":"closed","template":"el-gordo.php","meta":{"_et_pb_use_builder":"","_et_pb_old_content":"","_et_gb_content_width":"","exclude_from_search":false,"footnotes":""},"class_list":["post-11269","page","type-page","status-publish","hentry"],"yoast_head":"<!-- This site is optimized with the Yoast SEO plugin v23.4 - https:\/\/yoast.com\/wordpress\/plugins\/seo\/ -->\n<title>Spielen Sie El Gordo online von Deutschland aus | Kann ich an El Gordo teilnehmen, wenn ich in Deutschland lebe?<\/title>\n<meta name=\"description\" content=\"Spielen Sie hier El Gordo Lotto - Spaniens gr\u00f6\u00dfte Lotterie, online verf\u00fcgbar von Deutschland\" \/>\n<meta name=\"robots\" content=\"index, follow, max-snippet:-1, max-image-preview:large, max-video-preview:-1\" \/>\n<link rel=\"canonical\" href=\"https:\/\/onlinelotto365.com\/de\/spielen\/el-gordo\/\" \/>\n<meta property=\"og:locale\" content=\"de_DE\" \/>\n<meta property=\"og:type\" content=\"article\" \/>\n<meta property=\"og:title\" content=\"Spielen Sie El Gordo online von Deutschland aus | Kann ich an El Gordo teilnehmen, wenn ich in Deutschland lebe?\" \/>\n<meta property=\"og:description\" content=\"Spielen Sie hier El Gordo Lotto - Spaniens gr\u00f6\u00dfte Lotterie, online verf\u00fcgbar von Deutschland\" \/>\n<meta property=\"og:url\" content=\"https:\/\/onlinelotto365.com\/de\/spielen\/el-gordo\/\" \/>\n<meta property=\"og:site_name\" content=\"OnlineLotto365\" \/>\n<meta property=\"article:modified_time\" content=\"2022-11-09T08:06:17+00:00\" \/>\n<meta property=\"og:image\" content=\"https:\/\/redfoxlotto.com\/image?size=8&amp;lottery=el-gordo-primitiva\" \/>\n<meta name=\"twitter:card\" content=\"summary_large_image\" \/>\n<meta name=\"twitter:label1\" content=\"Gesch\u00e4tzte Lesezeit\" \/>\n\t<meta name=\"twitter:data1\" content=\"5\u00a0Minuten\" \/>\n<script type=\"application\/ld+json\" class=\"yoast-schema-graph\">{\"@context\":\"https:\/\/schema.org\",\"@graph\":[{\"@type\":\"WebPage\",\"@id\":\"https:\/\/onlinelotto365.com\/de\/spielen\/el-gordo\/\",\"url\":\"https:\/\/onlinelotto365.com\/de\/spielen\/el-gordo\/\",\"name\":\"Spielen Sie El Gordo online von Deutschland aus | Kann ich an El Gordo teilnehmen, wenn ich in Deutschland lebe?\",\"isPartOf\":{\"@id\":\"https:\/\/onlinelotto365.com\/de\/#website\"},\"primaryImageOfPage\":{\"@id\":\"https:\/\/onlinelotto365.com\/de\/spielen\/el-gordo\/#primaryimage\"},\"image\":{\"@id\":\"https:\/\/onlinelotto365.com\/de\/spielen\/el-gordo\/#primaryimage\"},\"thumbnailUrl\":\"https:\/\/redfoxlotto.com\/image?size=8&amp;lottery=el-gordo-primitiva\",\"datePublished\":\"2020-12-19T08:18:32+00:00\",\"dateModified\":\"2022-11-09T08:06:17+00:00\",\"description\":\"Spielen Sie hier El Gordo Lotto - Spaniens gr\u00f6\u00dfte Lotterie, online verf\u00fcgbar von Deutschland\",\"breadcrumb\":{\"@id\":\"https:\/\/onlinelotto365.com\/de\/spielen\/el-gordo\/#breadcrumb\"},\"inLanguage\":\"de\",\"potentialAction\":[{\"@type\":\"ReadAction\",\"target\":[\"https:\/\/onlinelotto365.com\/de\/spielen\/el-gordo\/\"]}]},{\"@type\":\"ImageObject\",\"inLanguage\":\"de\",\"@id\":\"https:\/\/onlinelotto365.com\/de\/spielen\/el-gordo\/#primaryimage\",\"url\":\"https:\/\/redfoxlotto.com\/image?size=8&amp;lottery=el-gordo-primitiva\",\"contentUrl\":\"https:\/\/redfoxlotto.com\/image?size=8&amp;lottery=el-gordo-primitiva\"},{\"@type\":\"BreadcrumbList\",\"@id\":\"https:\/\/onlinelotto365.com\/de\/spielen\/el-gordo\/#breadcrumb\",\"itemListElement\":[{\"@type\":\"ListItem\",\"position\":1,\"name\":\"Home\",\"item\":\"https:\/\/onlinelotto365.com\/de\/\"},{\"@type\":\"ListItem\",\"position\":2,\"name\":\"Alles, was Sie wissen m\u00fcssen, um die besten Lotterien online zu spielen\",\"item\":\"https:\/\/onlinelotto365.com\/de\/spielen\/\"},{\"@type\":\"ListItem\",\"position\":3,\"name\":\"Wie k\u00f6nnen in Deutschland ans\u00e4ssige Personen an El Gordo teilnehmen?\"}]},{\"@type\":\"WebSite\",\"@id\":\"https:\/\/onlinelotto365.com\/de\/#website\",\"url\":\"https:\/\/onlinelotto365.com\/de\/\",\"name\":\"OnlineLotto365\",\"description\":\"\",\"potentialAction\":[{\"@type\":\"SearchAction\",\"target\":{\"@type\":\"EntryPoint\",\"urlTemplate\":\"https:\/\/onlinelotto365.com\/de\/?s={search_term_string}\"},\"query-input\":{\"@type\":\"PropertyValueSpecification\",\"valueRequired\":true,\"valueName\":\"search_term_string\"}}],\"inLanguage\":\"de\"}]}<\/script>\n<!-- \/ Yoast SEO plugin. -->","yoast_head_json":{"title":"Spielen Sie El Gordo online von Deutschland aus | Kann ich an El Gordo teilnehmen, wenn ich in Deutschland lebe?","description":"Spielen Sie hier El Gordo Lotto - Spaniens gr\u00f6\u00dfte Lotterie, online verf\u00fcgbar von Deutschland","robots":{"index":"index","follow":"follow","max-snippet":"max-snippet:-1","max-image-preview":"max-image-preview:large","max-video-preview":"max-video-preview:-1"},"canonical":"https:\/\/onlinelotto365.com\/de\/spielen\/el-gordo\/","og_locale":"de_DE","og_type":"article","og_title":"Spielen Sie El Gordo online von Deutschland aus | Kann ich an El Gordo teilnehmen, wenn ich in Deutschland lebe?","og_description":"Spielen Sie hier El Gordo Lotto - Spaniens gr\u00f6\u00dfte Lotterie, online verf\u00fcgbar von Deutschland","og_url":"https:\/\/onlinelotto365.com\/de\/spielen\/el-gordo\/","og_site_name":"OnlineLotto365","article_modified_time":"2022-11-09T08:06:17+00:00","og_image":[{"url":"https:\/\/redfoxlotto.com\/image?size=8&amp;lottery=el-gordo-primitiva"}],"twitter_card":"summary_large_image","twitter_misc":{"Gesch\u00e4tzte Lesezeit":"5\u00a0Minuten"},"schema":{"@context":"https:\/\/schema.org","@graph":[{"@type":"WebPage","@id":"https:\/\/onlinelotto365.com\/de\/spielen\/el-gordo\/","url":"https:\/\/onlinelotto365.com\/de\/spielen\/el-gordo\/","name":"Spielen Sie El Gordo online von Deutschland aus | Kann ich an El Gordo teilnehmen, wenn ich in Deutschland lebe?","isPartOf":{"@id":"https:\/\/onlinelotto365.com\/de\/#website"},"primaryImageOfPage":{"@id":"https:\/\/onlinelotto365.com\/de\/spielen\/el-gordo\/#primaryimage"},"image":{"@id":"https:\/\/onlinelotto365.com\/de\/spielen\/el-gordo\/#primaryimage"},"thumbnailUrl":"https:\/\/redfoxlotto.com\/image?size=8&amp;lottery=el-gordo-primitiva","datePublished":"2020-12-19T08:18:32+00:00","dateModified":"2022-11-09T08:06:17+00:00","description":"Spielen Sie hier El Gordo Lotto - Spaniens gr\u00f6\u00dfte Lotterie, online verf\u00fcgbar von Deutschland","breadcrumb":{"@id":"https:\/\/onlinelotto365.com\/de\/spielen\/el-gordo\/#breadcrumb"},"inLanguage":"de","potentialAction":[{"@type":"ReadAction","target":["https:\/\/onlinelotto365.com\/de\/spielen\/el-gordo\/"]}]},{"@type":"ImageObject","inLanguage":"de","@id":"https:\/\/onlinelotto365.com\/de\/spielen\/el-gordo\/#primaryimage","url":"https:\/\/redfoxlotto.com\/image?size=8&amp;lottery=el-gordo-primitiva","contentUrl":"https:\/\/redfoxlotto.com\/image?size=8&amp;lottery=el-gordo-primitiva"},{"@type":"BreadcrumbList","@id":"https:\/\/onlinelotto365.com\/de\/spielen\/el-gordo\/#breadcrumb","itemListElement":[{"@type":"ListItem","position":1,"name":"Home","item":"https:\/\/onlinelotto365.com\/de\/"},{"@type":"ListItem","position":2,"name":"Alles, was Sie wissen m\u00fcssen, um die besten Lotterien online zu spielen","item":"https:\/\/onlinelotto365.com\/de\/spielen\/"},{"@type":"ListItem","position":3,"name":"Wie k\u00f6nnen in Deutschland ans\u00e4ssige Personen an El Gordo teilnehmen?"}]},{"@type":"WebSite","@id":"https:\/\/onlinelotto365.com\/de\/#website","url":"https:\/\/onlinelotto365.com\/de\/","name":"OnlineLotto365","description":"","potentialAction":[{"@type":"SearchAction","target":{"@type":"EntryPoint","urlTemplate":"https:\/\/onlinelotto365.com\/de\/?s={search_term_string}"},"query-input":{"@type":"PropertyValueSpecification","valueRequired":true,"valueName":"search_term_string"}}],"inLanguage":"de"}]}},"_links":{"self":[{"href":"https:\/\/onlinelotto365.com\/de\/wp-json\/wp\/v2\/pages\/11269","targetHints":{"allow":["GET"]}}],"collection":[{"href":"https:\/\/onlinelotto365.com\/de\/wp-json\/wp\/v2\/pages"}],"about":[{"href":"https:\/\/onlinelotto365.com\/de\/wp-json\/wp\/v2\/types\/page"}],"author":[{"embeddable":true,"href":"https:\/\/onlinelotto365.com\/de\/wp-json\/wp\/v2\/users\/1"}],"replies":[{"embeddable":true,"href":"https:\/\/onlinelotto365.com\/de\/wp-json\/wp\/v2\/comments?post=11269"}],"version-history":[{"count":0,"href":"https:\/\/onlinelotto365.com\/de\/wp-json\/wp\/v2\/pages\/11269\/revisions"}],"up":[{"embeddable":true,"href":"https:\/\/onlinelotto365.com\/de\/wp-json\/wp\/v2\/pages\/5018"}],"wp:attachment":[{"href":"https:\/\/onlinelotto365.com\/de\/wp-json\/wp\/v2\/media?parent=11269"}],"curies":[{"name":"wp","href":"https:\/\/api.w.org\/{rel}","templated":true}]}}