{"id":11272,"date":"2020-12-19T09:19:43","date_gmt":"2020-12-19T08:19:43","guid":{"rendered":"http:\/\/onlinelotto365.net\/?page_id=11272"},"modified":"2020-12-30T10:01:46","modified_gmt":"2020-12-30T09:01:46","slug":"la-primitiva","status":"publish","type":"page","link":"https:\/\/onlinelotto365.com\/de\/spielen\/la-primitiva\/","title":{"rendered":"Wie spielt man die spanische Lotterie La Primitiva"},"content":{"rendered":"<p>\u00dcber La Primitiva<\/p>\n<p>Diese Lotterie aus Spanien ist auch als El Gordo bekannt, obwohl dies irref\u00fchrend ist. Tats\u00e4chlich ist El Gordo der Spitzname der Weihnachtsausgabe der La Primitiva-Lotterie. W\u00e4hrend Sie La Primitiva das ganze Jahr \u00fcber spielen k\u00f6nnen, wird El Gordo nur zu Weihnachten angeboten. La Primitiva kann von Einwohnern Gro\u00dfbritanniens online \u00fcber unsere Website gespielt werden.<\/p>\n<p>Es gibt zwei Ziehungen pro Woche f\u00fcr La Primitiva. Die Chancen, den Jackpot zu gewinnen, sind relativ hoch, da es keine Zusatzzahlen gibt.<\/p>\n<p>Land: Spanien<br \/>\nHauptzahlenbereich: 49<br \/>\nSie m\u00fcssen w\u00e4hlen: 6<br \/>\nExtra Nummernbereich:<br \/>\nSie m\u00fcssen ausw\u00e4hlen: 1<br \/>\nTage, Stunden der Ziehungen: Donnerstag, Samstag, 21:30 CET &#8211; 21:30 CET<br \/>\nJackpot beginnt bei: \u20ac 2 Millionen<br \/>\nJackpot ist gedeckelt bei: keine<br \/>\nChance, den Jackpot zu gewinnen: 1 zu 15537573<br \/>\nChance, einen zweiten Preis zu gewinnen: 1 zu 542008<br \/>\nChance, einen beliebigen Preis zu gewinnen: 1 zu 8,43<br \/>\nAnzahl der Preiskategorien: 9<br \/>\nBeste Eigenschaften von La Primitiva<\/p>\n<p>Wie bereits erw\u00e4hnt, bedeutet die Tatsache, dass Sie nur 6 Zahlen aus 49 und keine Zusatzzahlen spielen m\u00fcssen, dass Ihre Chancen, den Jackpot zu gewinnen, tats\u00e4chlich recht gut sind.<\/p>\n<p>Wie Sie die La Primitiva-Ergebnisse \u00fcberpr\u00fcfen k\u00f6nnen<\/p>\n<p>Wenn Sie Ihren Schein online aus Deutschland oder einem anderen Land au\u00dferhalb Spaniens gekauft haben, kann es schwierig sein, die Gewinnzahlen und die Gewinnbetr\u00e4ge zu finden. Aber hier auf unserer Website ver\u00f6ffentlichen wir die Ergebnisse direkt nach der Ziehung der La Primitiva-Lottozahlen. Sie k\u00f6nnen Ihren Schein sogar in Ihrem Spielerkonto einsehen, wo Sie sofort sehen k\u00f6nnen, welche Zahlen aus Ihrem Lottoschein mit den Ziehungsergebnissen \u00fcbereinstimmen.<\/p>\n<p>Sie haben La Primitiva online gespielt und gewonnen &#8211; wie geht es weiter?<\/p>\n<p>Wenn Sie mit Ihrem Spielschein einen Preis unter 2500 \u20ac gewonnen haben, befindet sich dieser Gewinnbetrag direkt nach der Ziehung auf Ihrem Spielerkonto. Wenn Sie einen h\u00f6heren Preis gewonnen haben, kontaktieren Sie bitte unser Service-Team. Sie werden Ihnen helfen, eine Auszahlung einzurichten, entweder direkt auf Ihr Bankkonto oder per Scheck.<\/p>\n","protected":false},"excerpt":{"rendered":"<p>\u00dcber La Primitiva Diese Lotterie aus Spanien ist auch als El Gordo bekannt, obwohl dies irref\u00fchrend ist. Tats\u00e4chlich ist El Gordo der Spitzname der Weihnachtsausgabe der La Primitiva-Lotterie. W\u00e4hrend Sie La Primitiva das ganze Jahr \u00fcber spielen k\u00f6nnen, wird El Gordo nur zu Weihnachten angeboten. La Primitiva kann von Einwohnern Gro\u00dfbritanniens online \u00fcber unsere Website [&hellip;]<\/p>\n","protected":false},"author":1,"featured_media":0,"parent":5018,"menu_order":7,"comment_status":"closed","ping_status":"closed","template":"la-primitiva.php","meta":{"_et_pb_use_builder":"","_et_pb_old_content":"","_et_gb_content_width":"","exclude_from_search":false,"footnotes":""},"class_list":["post-11272","page","type-page","status-publish","hentry"],"yoast_head":"<!-- This site is optimized with the Yoast SEO plugin v23.4 - https:\/\/yoast.com\/wordpress\/plugins\/seo\/ -->\n<title>Spielen Sie La Primitiva Spanien online | La Primitiva aus Deutschland<\/title>\n<meta name=\"description\" content=\"Die spanische Lotterie La Primitiva kann jetzt von Deutschland aus online gespielt werden\" \/>\n<meta name=\"robots\" content=\"index, follow, max-snippet:-1, max-image-preview:large, max-video-preview:-1\" \/>\n<link rel=\"canonical\" href=\"https:\/\/onlinelotto365.com\/de\/spielen\/la-primitiva\/\" \/>\n<meta property=\"og:locale\" content=\"de_DE\" \/>\n<meta property=\"og:type\" content=\"article\" \/>\n<meta property=\"og:title\" content=\"Spielen Sie La Primitiva Spanien online | La Primitiva aus Deutschland\" \/>\n<meta property=\"og:description\" content=\"Die spanische Lotterie La Primitiva kann jetzt von Deutschland aus online gespielt werden\" \/>\n<meta property=\"og:url\" content=\"https:\/\/onlinelotto365.com\/de\/spielen\/la-primitiva\/\" \/>\n<meta property=\"og:site_name\" content=\"OnlineLotto365\" \/>\n<meta property=\"article:modified_time\" content=\"2020-12-30T09:01:46+00:00\" \/>\n<meta name=\"twitter:card\" content=\"summary_large_image\" \/>\n<meta name=\"twitter:label1\" content=\"Gesch\u00e4tzte Lesezeit\" \/>\n\t<meta name=\"twitter:data1\" content=\"2\u00a0Minuten\" \/>\n<script type=\"application\/ld+json\" class=\"yoast-schema-graph\">{\"@context\":\"https:\/\/schema.org\",\"@graph\":[{\"@type\":\"WebPage\",\"@id\":\"https:\/\/onlinelotto365.com\/de\/spielen\/la-primitiva\/\",\"url\":\"https:\/\/onlinelotto365.com\/de\/spielen\/la-primitiva\/\",\"name\":\"Spielen Sie La Primitiva Spanien online | La Primitiva aus Deutschland\",\"isPartOf\":{\"@id\":\"https:\/\/onlinelotto365.com\/de\/#website\"},\"datePublished\":\"2020-12-19T08:19:43+00:00\",\"dateModified\":\"2020-12-30T09:01:46+00:00\",\"description\":\"Die spanische Lotterie La Primitiva kann jetzt von Deutschland aus online gespielt werden\",\"breadcrumb\":{\"@id\":\"https:\/\/onlinelotto365.com\/de\/spielen\/la-primitiva\/#breadcrumb\"},\"inLanguage\":\"de\",\"potentialAction\":[{\"@type\":\"ReadAction\",\"target\":[\"https:\/\/onlinelotto365.com\/de\/spielen\/la-primitiva\/\"]}]},{\"@type\":\"BreadcrumbList\",\"@id\":\"https:\/\/onlinelotto365.com\/de\/spielen\/la-primitiva\/#breadcrumb\",\"itemListElement\":[{\"@type\":\"ListItem\",\"position\":1,\"name\":\"Home\",\"item\":\"https:\/\/onlinelotto365.com\/de\/\"},{\"@type\":\"ListItem\",\"position\":2,\"name\":\"Alles, was Sie wissen m\u00fcssen, um die besten Lotterien online zu spielen\",\"item\":\"https:\/\/onlinelotto365.com\/de\/spielen\/\"},{\"@type\":\"ListItem\",\"position\":3,\"name\":\"Wie spielt man die spanische Lotterie La Primitiva\"}]},{\"@type\":\"WebSite\",\"@id\":\"https:\/\/onlinelotto365.com\/de\/#website\",\"url\":\"https:\/\/onlinelotto365.com\/de\/\",\"name\":\"OnlineLotto365\",\"description\":\"\",\"potentialAction\":[{\"@type\":\"SearchAction\",\"target\":{\"@type\":\"EntryPoint\",\"urlTemplate\":\"https:\/\/onlinelotto365.com\/de\/?s={search_term_string}\"},\"query-input\":{\"@type\":\"PropertyValueSpecification\",\"valueRequired\":true,\"valueName\":\"search_term_string\"}}],\"inLanguage\":\"de\"}]}<\/script>\n<!-- \/ Yoast SEO plugin. -->","yoast_head_json":{"title":"Spielen Sie La Primitiva Spanien online | La Primitiva aus Deutschland","description":"Die spanische Lotterie La Primitiva kann jetzt von Deutschland aus online gespielt werden","robots":{"index":"index","follow":"follow","max-snippet":"max-snippet:-1","max-image-preview":"max-image-preview:large","max-video-preview":"max-video-preview:-1"},"canonical":"https:\/\/onlinelotto365.com\/de\/spielen\/la-primitiva\/","og_locale":"de_DE","og_type":"article","og_title":"Spielen Sie La Primitiva Spanien online | La Primitiva aus Deutschland","og_description":"Die spanische Lotterie La Primitiva kann jetzt von Deutschland aus online gespielt werden","og_url":"https:\/\/onlinelotto365.com\/de\/spielen\/la-primitiva\/","og_site_name":"OnlineLotto365","article_modified_time":"2020-12-30T09:01:46+00:00","twitter_card":"summary_large_image","twitter_misc":{"Gesch\u00e4tzte Lesezeit":"2\u00a0Minuten"},"schema":{"@context":"https:\/\/schema.org","@graph":[{"@type":"WebPage","@id":"https:\/\/onlinelotto365.com\/de\/spielen\/la-primitiva\/","url":"https:\/\/onlinelotto365.com\/de\/spielen\/la-primitiva\/","name":"Spielen Sie La Primitiva Spanien online | La Primitiva aus Deutschland","isPartOf":{"@id":"https:\/\/onlinelotto365.com\/de\/#website"},"datePublished":"2020-12-19T08:19:43+00:00","dateModified":"2020-12-30T09:01:46+00:00","description":"Die spanische Lotterie La Primitiva kann jetzt von Deutschland aus online gespielt werden","breadcrumb":{"@id":"https:\/\/onlinelotto365.com\/de\/spielen\/la-primitiva\/#breadcrumb"},"inLanguage":"de","potentialAction":[{"@type":"ReadAction","target":["https:\/\/onlinelotto365.com\/de\/spielen\/la-primitiva\/"]}]},{"@type":"BreadcrumbList","@id":"https:\/\/onlinelotto365.com\/de\/spielen\/la-primitiva\/#breadcrumb","itemListElement":[{"@type":"ListItem","position":1,"name":"Home","item":"https:\/\/onlinelotto365.com\/de\/"},{"@type":"ListItem","position":2,"name":"Alles, was Sie wissen m\u00fcssen, um die besten Lotterien online zu spielen","item":"https:\/\/onlinelotto365.com\/de\/spielen\/"},{"@type":"ListItem","position":3,"name":"Wie spielt man die spanische Lotterie La Primitiva"}]},{"@type":"WebSite","@id":"https:\/\/onlinelotto365.com\/de\/#website","url":"https:\/\/onlinelotto365.com\/de\/","name":"OnlineLotto365","description":"","potentialAction":[{"@type":"SearchAction","target":{"@type":"EntryPoint","urlTemplate":"https:\/\/onlinelotto365.com\/de\/?s={search_term_string}"},"query-input":{"@type":"PropertyValueSpecification","valueRequired":true,"valueName":"search_term_string"}}],"inLanguage":"de"}]}},"_links":{"self":[{"href":"https:\/\/onlinelotto365.com\/de\/wp-json\/wp\/v2\/pages\/11272","targetHints":{"allow":["GET"]}}],"collection":[{"href":"https:\/\/onlinelotto365.com\/de\/wp-json\/wp\/v2\/pages"}],"about":[{"href":"https:\/\/onlinelotto365.com\/de\/wp-json\/wp\/v2\/types\/page"}],"author":[{"embeddable":true,"href":"https:\/\/onlinelotto365.com\/de\/wp-json\/wp\/v2\/users\/1"}],"replies":[{"embeddable":true,"href":"https:\/\/onlinelotto365.com\/de\/wp-json\/wp\/v2\/comments?post=11272"}],"version-history":[{"count":0,"href":"https:\/\/onlinelotto365.com\/de\/wp-json\/wp\/v2\/pages\/11272\/revisions"}],"up":[{"embeddable":true,"href":"https:\/\/onlinelotto365.com\/de\/wp-json\/wp\/v2\/pages\/5018"}],"wp:attachment":[{"href":"https:\/\/onlinelotto365.com\/de\/wp-json\/wp\/v2\/media?parent=11272"}],"curies":[{"name":"wp","href":"https:\/\/api.w.org\/{rel}","templated":true}]}}