{"id":11274,"date":"2020-12-19T09:20:52","date_gmt":"2020-12-19T08:20:52","guid":{"rendered":"http:\/\/onlinelotto365.net\/?page_id=11274"},"modified":"2021-01-07T15:10:22","modified_gmt":"2021-01-07T14:10:22","slug":"bonoloto","status":"publish","type":"page","link":"https:\/\/onlinelotto365.com\/de\/spielen\/bonoloto\/","title":{"rendered":"Bonoloto jetzt \u00fcberall erh\u00e4ltlich"},"content":{"rendered":"<h2>Wie spiele ich BonoLoto online<\/h2>\n<p>BonoLoto zu spielen ist einfacher, als Sie vielleicht denken. Alles, was Sie tun m\u00fcssen, ist zu wissen, wo Sie loslegen und <strong>wo Sie Ihre Tickets kaufen k\u00f6nnen<\/strong>. Und der beste Ort, an dem Sie genau das tun k\u00f6nnen, ist mit uns und ein paar einfachen Schritten.<\/p>\n<p>Unser System sorgt daf\u00fcr, dass Sie von Anfang bis Ende betreut werden. Alles, was Sie tun m\u00fcssen, ist <strong>ein v\u00f6llig kostenloses Konto einzurichten<\/strong> und schon sind Sie auf dem Weg. Sie k\u00f6nnen aus all den verschiedenen Lotto-Spielen, die wir anbieten, w\u00e4hlen und die Scheine und spezifischen Zahlen ausw\u00e4hlen, die Sie m\u00f6chten. Dann k\u00f6nnen Sie mit Ihrer bevorzugten Zahlungsmethode bezahlen und schon sind Sie fertig.<\/p>\n<p>Alles, was Sie tun m\u00fcssen, ist einen <a href=\"https:\/\/onlinelotto365.com\/de\/lose-kaufen\">Blick auf die verschiedenen Lotto-Spiele zu werfen, die wir zur Verf\u00fcgung haben<\/a> und das richtige auszuw\u00e4hlen (BonoLoto). Von dort aus w\u00e4hlen Sie die Zahlen aus, die Sie spielen m\u00f6chten. Wenn Sie zu viele oder zu wenige Zahlen ausw\u00e4hlen, macht das nichts, unser System wird Sie darauf hinweisen, was Sie tun m\u00fcssen, damit Sie Ihren Schein korrigieren k\u00f6nnen. Oder Sie entscheiden sich daf\u00fcr, dass der Computer Ihnen die Zahlen zuf\u00e4llig zuweist.<\/p>\n<p>Sobald Sie die gew\u00fcnschten Tickets f\u00fcr BonoLoto haben, k\u00f6nnen Sie auch Tickets von anderen Spielen hinzuf\u00fcgen. Es wird super einfach sein und dauert nur ein paar Minuten. Sie warten auf Ihre Verifizierungs-E-Mail in der E-Mail, die Sie uns zur Verf\u00fcgung gestellt haben, und Sie klicken auf den Link. Das ist alles, was es braucht, und Ihr Konto wird eingerichtet. Auf diese Weise k\u00f6nnen Sie weiterhin Tickets kaufen.<\/p>\n<p>Achten Sie auf den Verifizierungslink in Ihrem regul\u00e4ren E-Mail-Posteingang sowie in Ihrem Spam-Ordner, nur um sicherzugehen. Wenn wir nicht in Ihrem Adressbuch sind, sehen Sie die E-Mail m\u00f6glicherweise nicht in Ihrem regul\u00e4ren Kontoordner.<br \/>\n<a href=\"https:\/\/redfoxlotto.com\/de\/spielen\/bonoloto\/?ref=a8564250a2&amp;medium=ol365\" target=\"_blank\" rel=\"noopener noreferrer\"><img decoding=\"async\" class=\"aligncenter\" src=\"https:\/\/redfoxlotto.com\/image?size=8&amp;lottery=bonoloto\" alt=\"Bono Lotto\" \/><\/a><\/p>\n<h2>\u00dcber BonoLoto<\/h2>\n<ul>\n<li style=\"list-style-type: none;\">\n<ul>\n<li>Land: Spanien<\/li>\n<li>Hauptnummernbereich: 49<\/li>\n<li>Sie m\u00fcssen w\u00e4hlen: 6<\/li>\n<li>Tage, Zeiten der Ziehungen: t\u00e4glich au\u00dfer sonntags, 21:30 Uhr MEZ &#8211; 21:30 Uhr MEZ<\/li>\n<li>Jackpot beginnt bei: \u20ac400.000<\/li>\n<li>Jackpot ist gedeckelt bei: keine<\/li>\n<li>Wahrscheinlichkeit, den Jackpot zu gewinnen: 1 zu 13983816<\/li>\n<li>Wahrscheinlichkeit, den zweiten Preis zu gewinnen: 1 zu 2330636<\/li>\n<li>Wahrscheinlichkeit, einen beliebigen Preis zu gewinnen: 1 zu 8,43<\/li>\n<li>Anzahl der Preiskategorien: 6<\/li>\n<\/ul>\n<\/li>\n<\/ul>\n<h2>Beste Eigenschaften von BonoLoto<\/h2>\n<p>BonoLoto gibt es schon eine ganze Weile, und es hat in dieser Zeit eine ganze Reihe von Preisen vergeben. Noch besser ist, dass es jede Woche vier verschiedene Ziehungen gibt und urspr\u00fcnglich als erschwingliche Option gedacht war. Das ist es immer noch und Sie k\u00f6nnen einen Anteil von 55% der Einnahmen an den Gesamtpreisen gewinnen.<\/p>\n<h2>Wie Sie die BonoLoto-Ergebnisse \u00fcberpr\u00fcfen<img loading=\"lazy\" decoding=\"async\" class=\"alignright wp-image-3656\" src=\"https:\/\/onlinelotto365.com\/wp-content\/uploads\/2020\/11\/online_lottery-16-300x200.jpg\" alt=\"play bonoloto online\" width=\"215\" height=\"143\" srcset=\"https:\/\/onlinelotto365.com\/wp-content\/uploads\/2020\/11\/online_lottery-16-300x200.jpg 300w, https:\/\/onlinelotto365.com\/wp-content\/uploads\/2020\/11\/online_lottery-16.jpg 320w\" sizes=\"auto, (max-width: 215px) 100vw, 215px\" \/><\/h2>\n<p>Sind Sie bereit zu sehen, was die <a href=\"https:\/\/onlinelotto365.com\/de\/gewinnzahlen\">Gewinnzahlen<\/a> f\u00fcr BonoLoto sind? Nun, das ist eigentlich ganz einfach, denn alles, was Sie tun m\u00fcssen, ist auf die offizielle BonoLoto-Website zu gehen. Sie k\u00f6nnen aber auch in Ihren lokalen Zeitungen und Fernsehsendern nachsehen. Diese Stellen berichten alle \u00fcber die Gewinnzahlen.<br \/>\nAber der beste Ort ist definitiv der Ort, an dem Sie Ihr Ticket gekauft haben, n\u00e4mlich genau hier. Hier k\u00f6nnen Sie sowohl die Gewinnzahlen als auch Ihre eigenen Zahlen sehen und wie sie im Vergleich stehen. Auf diese Weise k\u00f6nnen Sie auch Ihren Gewinn sofort sehen.<\/p>\n<h2>Sie haben BonoLoto online gespielt und gewonnen &#8211; wie geht es weiter?<\/h2>\n<ul>\n<li>Wenn Sie weniger als \u20ac2500 gewinnen, m\u00fcssen Sie nichts tun. Denn wir fordern das Geld f\u00fcr Sie ein und zahlen es direkt auf Ihr Konto ein. Dort steht es Ihnen zur Verf\u00fcgung, wann und wie immer Sie wollen. Oder Sie k\u00f6nnen es auf Ihr normales Bankkonto abheben, wenn Sie mindestens 10 \u20ac haben.<\/li>\n<li>Wenn Sie mehr als \u20ac2500 gewonnen haben, m\u00fcssen Sie warten, bis Sie von unserem Support-Team h\u00f6ren, weil es ein wenig mehr Aufwand bedeutet, bis Sie Ihren Gewinn erhalten. Zum Gl\u00fcck helfen wir Ihnen bei dem Prozess und lassen Sie sofort loslegen, damit Sie Ihr Geld per Scheck oder direkt auf Ihr Konto geschickt bekommen.<\/li>\n<\/ul>\n","protected":false},"excerpt":{"rendered":"<p>Wie spiele ich BonoLoto online BonoLoto zu spielen ist einfacher, als Sie vielleicht denken. Alles, was Sie tun m\u00fcssen, ist zu wissen, wo Sie loslegen und wo Sie Ihre Tickets kaufen k\u00f6nnen. Und der beste Ort, an dem Sie genau das tun k\u00f6nnen, ist mit uns und ein paar einfachen Schritten. Unser System sorgt daf\u00fcr, [&hellip;]<\/p>\n","protected":false},"author":1,"featured_media":0,"parent":5018,"menu_order":8,"comment_status":"closed","ping_status":"closed","template":"","meta":{"_et_pb_use_builder":"","_et_pb_old_content":"","_et_gb_content_width":"","exclude_from_search":false,"footnotes":""},"class_list":["post-11274","page","type-page","status-publish","hentry"],"yoast_head":"<!-- This site is optimized with the Yoast SEO plugin v23.4 - https:\/\/yoast.com\/wordpress\/plugins\/seo\/ -->\n<title>Wie man BonoLoto spielt, wenn man in Deutschland lebt<\/title>\n<meta name=\"description\" content=\"Bestellen Sie legal Lose f\u00fcr das Bonoloto-Spiel hier auf unserer Website\" \/>\n<meta name=\"robots\" content=\"index, follow, max-snippet:-1, max-image-preview:large, max-video-preview:-1\" \/>\n<link rel=\"canonical\" href=\"https:\/\/onlinelotto365.com\/de\/spielen\/bonoloto\/\" \/>\n<meta property=\"og:locale\" content=\"de_DE\" \/>\n<meta property=\"og:type\" content=\"article\" \/>\n<meta property=\"og:title\" content=\"Wie man BonoLoto spielt, wenn man in Deutschland lebt\" \/>\n<meta property=\"og:description\" content=\"Bestellen Sie legal Lose f\u00fcr das Bonoloto-Spiel hier auf unserer Website\" \/>\n<meta property=\"og:url\" content=\"https:\/\/onlinelotto365.com\/de\/spielen\/bonoloto\/\" \/>\n<meta property=\"og:site_name\" content=\"OnlineLotto365\" \/>\n<meta property=\"article:modified_time\" content=\"2021-01-07T14:10:22+00:00\" \/>\n<meta property=\"og:image\" content=\"https:\/\/redfoxlotto.com\/image?size=8&amp;lottery=bonoloto\" \/>\n<meta name=\"twitter:card\" content=\"summary_large_image\" \/>\n<meta name=\"twitter:label1\" content=\"Gesch\u00e4tzte Lesezeit\" \/>\n\t<meta name=\"twitter:data1\" content=\"3\u00a0Minuten\" \/>\n<script type=\"application\/ld+json\" class=\"yoast-schema-graph\">{\"@context\":\"https:\/\/schema.org\",\"@graph\":[{\"@type\":\"WebPage\",\"@id\":\"https:\/\/onlinelotto365.com\/de\/spielen\/bonoloto\/\",\"url\":\"https:\/\/onlinelotto365.com\/de\/spielen\/bonoloto\/\",\"name\":\"Wie man BonoLoto spielt, wenn man in Deutschland lebt\",\"isPartOf\":{\"@id\":\"https:\/\/onlinelotto365.com\/de\/#website\"},\"primaryImageOfPage\":{\"@id\":\"https:\/\/onlinelotto365.com\/de\/spielen\/bonoloto\/#primaryimage\"},\"image\":{\"@id\":\"https:\/\/onlinelotto365.com\/de\/spielen\/bonoloto\/#primaryimage\"},\"thumbnailUrl\":\"https:\/\/redfoxlotto.com\/image?size=8&amp;lottery=bonoloto\",\"datePublished\":\"2020-12-19T08:20:52+00:00\",\"dateModified\":\"2021-01-07T14:10:22+00:00\",\"description\":\"Bestellen Sie legal Lose f\u00fcr das Bonoloto-Spiel hier auf unserer Website\",\"breadcrumb\":{\"@id\":\"https:\/\/onlinelotto365.com\/de\/spielen\/bonoloto\/#breadcrumb\"},\"inLanguage\":\"de\",\"potentialAction\":[{\"@type\":\"ReadAction\",\"target\":[\"https:\/\/onlinelotto365.com\/de\/spielen\/bonoloto\/\"]}]},{\"@type\":\"ImageObject\",\"inLanguage\":\"de\",\"@id\":\"https:\/\/onlinelotto365.com\/de\/spielen\/bonoloto\/#primaryimage\",\"url\":\"https:\/\/redfoxlotto.com\/image?size=8&amp;lottery=bonoloto\",\"contentUrl\":\"https:\/\/redfoxlotto.com\/image?size=8&amp;lottery=bonoloto\"},{\"@type\":\"BreadcrumbList\",\"@id\":\"https:\/\/onlinelotto365.com\/de\/spielen\/bonoloto\/#breadcrumb\",\"itemListElement\":[{\"@type\":\"ListItem\",\"position\":1,\"name\":\"Home\",\"item\":\"https:\/\/onlinelotto365.com\/de\/\"},{\"@type\":\"ListItem\",\"position\":2,\"name\":\"Alles, was Sie wissen m\u00fcssen, um die besten Lotterien online zu spielen\",\"item\":\"https:\/\/onlinelotto365.com\/de\/spielen\/\"},{\"@type\":\"ListItem\",\"position\":3,\"name\":\"Bonoloto jetzt \u00fcberall erh\u00e4ltlich\"}]},{\"@type\":\"WebSite\",\"@id\":\"https:\/\/onlinelotto365.com\/de\/#website\",\"url\":\"https:\/\/onlinelotto365.com\/de\/\",\"name\":\"OnlineLotto365\",\"description\":\"\",\"potentialAction\":[{\"@type\":\"SearchAction\",\"target\":{\"@type\":\"EntryPoint\",\"urlTemplate\":\"https:\/\/onlinelotto365.com\/de\/?s={search_term_string}\"},\"query-input\":{\"@type\":\"PropertyValueSpecification\",\"valueRequired\":true,\"valueName\":\"search_term_string\"}}],\"inLanguage\":\"de\"}]}<\/script>\n<!-- \/ Yoast SEO plugin. -->","yoast_head_json":{"title":"Wie man BonoLoto spielt, wenn man in Deutschland lebt","description":"Bestellen Sie legal Lose f\u00fcr das Bonoloto-Spiel hier auf unserer Website","robots":{"index":"index","follow":"follow","max-snippet":"max-snippet:-1","max-image-preview":"max-image-preview:large","max-video-preview":"max-video-preview:-1"},"canonical":"https:\/\/onlinelotto365.com\/de\/spielen\/bonoloto\/","og_locale":"de_DE","og_type":"article","og_title":"Wie man BonoLoto spielt, wenn man in Deutschland lebt","og_description":"Bestellen Sie legal Lose f\u00fcr das Bonoloto-Spiel hier auf unserer Website","og_url":"https:\/\/onlinelotto365.com\/de\/spielen\/bonoloto\/","og_site_name":"OnlineLotto365","article_modified_time":"2021-01-07T14:10:22+00:00","og_image":[{"url":"https:\/\/redfoxlotto.com\/image?size=8&amp;lottery=bonoloto"}],"twitter_card":"summary_large_image","twitter_misc":{"Gesch\u00e4tzte Lesezeit":"3\u00a0Minuten"},"schema":{"@context":"https:\/\/schema.org","@graph":[{"@type":"WebPage","@id":"https:\/\/onlinelotto365.com\/de\/spielen\/bonoloto\/","url":"https:\/\/onlinelotto365.com\/de\/spielen\/bonoloto\/","name":"Wie man BonoLoto spielt, wenn man in Deutschland lebt","isPartOf":{"@id":"https:\/\/onlinelotto365.com\/de\/#website"},"primaryImageOfPage":{"@id":"https:\/\/onlinelotto365.com\/de\/spielen\/bonoloto\/#primaryimage"},"image":{"@id":"https:\/\/onlinelotto365.com\/de\/spielen\/bonoloto\/#primaryimage"},"thumbnailUrl":"https:\/\/redfoxlotto.com\/image?size=8&amp;lottery=bonoloto","datePublished":"2020-12-19T08:20:52+00:00","dateModified":"2021-01-07T14:10:22+00:00","description":"Bestellen Sie legal Lose f\u00fcr das Bonoloto-Spiel hier auf unserer Website","breadcrumb":{"@id":"https:\/\/onlinelotto365.com\/de\/spielen\/bonoloto\/#breadcrumb"},"inLanguage":"de","potentialAction":[{"@type":"ReadAction","target":["https:\/\/onlinelotto365.com\/de\/spielen\/bonoloto\/"]}]},{"@type":"ImageObject","inLanguage":"de","@id":"https:\/\/onlinelotto365.com\/de\/spielen\/bonoloto\/#primaryimage","url":"https:\/\/redfoxlotto.com\/image?size=8&amp;lottery=bonoloto","contentUrl":"https:\/\/redfoxlotto.com\/image?size=8&amp;lottery=bonoloto"},{"@type":"BreadcrumbList","@id":"https:\/\/onlinelotto365.com\/de\/spielen\/bonoloto\/#breadcrumb","itemListElement":[{"@type":"ListItem","position":1,"name":"Home","item":"https:\/\/onlinelotto365.com\/de\/"},{"@type":"ListItem","position":2,"name":"Alles, was Sie wissen m\u00fcssen, um die besten Lotterien online zu spielen","item":"https:\/\/onlinelotto365.com\/de\/spielen\/"},{"@type":"ListItem","position":3,"name":"Bonoloto jetzt \u00fcberall erh\u00e4ltlich"}]},{"@type":"WebSite","@id":"https:\/\/onlinelotto365.com\/de\/#website","url":"https:\/\/onlinelotto365.com\/de\/","name":"OnlineLotto365","description":"","potentialAction":[{"@type":"SearchAction","target":{"@type":"EntryPoint","urlTemplate":"https:\/\/onlinelotto365.com\/de\/?s={search_term_string}"},"query-input":{"@type":"PropertyValueSpecification","valueRequired":true,"valueName":"search_term_string"}}],"inLanguage":"de"}]}},"_links":{"self":[{"href":"https:\/\/onlinelotto365.com\/de\/wp-json\/wp\/v2\/pages\/11274","targetHints":{"allow":["GET"]}}],"collection":[{"href":"https:\/\/onlinelotto365.com\/de\/wp-json\/wp\/v2\/pages"}],"about":[{"href":"https:\/\/onlinelotto365.com\/de\/wp-json\/wp\/v2\/types\/page"}],"author":[{"embeddable":true,"href":"https:\/\/onlinelotto365.com\/de\/wp-json\/wp\/v2\/users\/1"}],"replies":[{"embeddable":true,"href":"https:\/\/onlinelotto365.com\/de\/wp-json\/wp\/v2\/comments?post=11274"}],"version-history":[{"count":0,"href":"https:\/\/onlinelotto365.com\/de\/wp-json\/wp\/v2\/pages\/11274\/revisions"}],"up":[{"embeddable":true,"href":"https:\/\/onlinelotto365.com\/de\/wp-json\/wp\/v2\/pages\/5018"}],"wp:attachment":[{"href":"https:\/\/onlinelotto365.com\/de\/wp-json\/wp\/v2\/media?parent=11274"}],"curies":[{"name":"wp","href":"https:\/\/api.w.org\/{rel}","templated":true}]}}