{"id":11276,"date":"2020-12-19T09:21:52","date_gmt":"2020-12-19T08:21:52","guid":{"rendered":"http:\/\/onlinelotto365.net\/?page_id=11276"},"modified":"2021-01-07T15:02:19","modified_gmt":"2021-01-07T14:02:19","slug":"uk-lottery","status":"publish","type":"page","link":"https:\/\/onlinelotto365.com\/de\/spielen\/uk-lottery\/","title":{"rendered":"Wie k\u00f6nnen Einwohner Deutschlands online UK Lottery spielen?"},"content":{"rendered":"<h2>\u00dcber die UK Lotterie<\/h2>\n<p>Mit sechs Zahlen, die Sie aus 59 ausw\u00e4hlen m\u00fcssen, und keinen Zusatzzahlen, sind die Gewinnchancen im Vergleich zu <a href=\"https:\/\/onlinelotto365.com\/de\/spielen\/powerball\">Powerball<\/a> oder <a href=\"https:\/\/onlinelotto365.com\/de\/gewinnzahlen\/mega-millions\">Mega Millions<\/a> in Ordnung. Wenn Sie 5 von 6 Zahlen richtig haben, gewinnen Sie garantiert 2,5 Millionen britische Pfund, und mit allen sechs Zahlen sind Sie ein Jackpot-Gewinner. <strong>Wenn Sie nicht im Vereinigten K\u00f6nigreich leben, ist das Online-Spielen \u00fcber unseren Service Ihre einzige M\u00f6glichkeit, um teilzunehmen.<\/strong><\/p>\n<ul>\n<li>Land: UK<\/li>\n<li>Hauptnummernbereich: 59<\/li>\n<li>Sie w\u00e4hlen: 6<\/li>\n<li>Zusatzzahlenbereich: keine<\/li>\n<li>Sie w\u00e4hlen: keine<\/li>\n<li>Ziehungstage, Stunden: Mittwoch, Samstag 19:30 UTC, 19:30 CET<\/li>\n<li>Minimaler Jackpot: GBP 2,5 Millionen<\/li>\n<li>Maximaler Jackpot: GBP 22 Millionen<\/li>\n<li>Wahrscheinlichkeit, den Jackpot zu gewinnen: 1 zu 45.057.474<\/li>\n<li>Wahrscheinlichkeit eines Stufe-2-Gewinns: 1 zu 7.509.579<\/li>\n<li>Wahrscheinlichkeit f\u00fcr einen Gewinn in jeder Stufe: 1 zu 9,27<\/li>\n<li>Anzahl der Gewinnstufen: 6<\/li>\n<\/ul>\n<p><a href=\"https:\/\/redfoxlotto.com\/de\/spielen\/lotto-uk\/?ref=a8564250a2&amp;medium=ol365\" target=\"_blank\" rel=\"noopener noreferrer\"><img loading=\"lazy\" decoding=\"async\" class=\"aligncenter\" src=\"https:\/\/redfoxlotto.com\/image?size=8&amp;lottery=lotto-uk\" alt=\"UK lottery\" width=\"720\" height=\"90\" \/><\/a><\/p>\n<h2>Warum sind die Jackpots der britischen Lotterie in der Regel eher niedrig?<\/h2>\n<p>Nun, das liegt an der einfachen Tatsache, dass der Jackpot bei der deutschen Lotterie nur 5 Mal gew\u00fcrfelt werden kann. Danach kann der Jackpot gewonnen werden, indem man nur 5 von six Zahlen auf seinem Lottoschein hat. Unter Ber\u00fccksichtigung dieser Regel w\u00e4re es sinnvoll, diese Lotterie immer dann zu spielen, wenn der Jackpot nicht f\u00fcnfmal hintereinander geknackt wurde. Zu diesem Zeitpunkt haben Sie viel bessere Chancen, den Hauptpreis zu gewinnen. Dieser Hauptgewinn sollte gro\u00df genug sein, um Sie in eine Position zu bringen, in der Sie sich f\u00fcr den Rest Ihres Lebens keine Sorgen mehr um Geld machen m\u00fcssen.<\/p>\n<p>Es besteht jedoch eine gute Chance, dass nach f\u00fcnf Rollovers der <a href=\"https:\/\/onlinelotto365.com\/de\/news\/groesste-lotterie-jackpots-in-der-geschichte\">Jackpot<\/a> zwischen mehreren Gewinnern aufgeteilt werden muss. Mit den niedrigeren Quoten und mehr Spielern, kann es mehr als einen Gewinner f\u00fcr die zweite Gewinnstufe geben.<\/p>\n<h2>M\u00f6chten Sie den Jackpot nicht aufteilen?<\/h2>\n<p>Es gibt eine Lotterie-Strategie, um zu vermeiden, dass der Hauptgewinn geteilt wird: W\u00e4hlen Sie eine <strong>Zahlenkombination, bei der es weniger wahrscheinlich ist, dass sie auch von anderen Spielern gew\u00e4hlt wird<\/strong>. Verwenden Sie zum Beispiel weniger Zahlen zwischen 1 und 31 (es gibt zu viele Spieler, die ihr Geburtsdatum als Gl\u00fcckszahl verwenden), oder verwenden Sie 3 Zahlen zwischen 30 und 40 und drei Zahlen zwischen 50 und 56. Lassen Sie Ihrer Fantasie freien Lauf und denken Sie sich weitere &#8222;ungerade&#8220; Zahlen aus.<\/p>\n","protected":false},"excerpt":{"rendered":"<p>\u00dcber die UK Lotterie Mit sechs Zahlen, die Sie aus 59 ausw\u00e4hlen m\u00fcssen, und keinen Zusatzzahlen, sind die Gewinnchancen im Vergleich zu Powerball oder Mega Millions in Ordnung. Wenn Sie 5 von 6 Zahlen richtig haben, gewinnen Sie garantiert 2,5 Millionen britische Pfund, und mit allen sechs Zahlen sind Sie ein Jackpot-Gewinner. Wenn Sie nicht [&hellip;]<\/p>\n","protected":false},"author":1,"featured_media":0,"parent":5018,"menu_order":9,"comment_status":"closed","ping_status":"closed","template":"lotto-uk.php","meta":{"_et_pb_use_builder":"","_et_pb_old_content":"","_et_gb_content_width":"","exclude_from_search":false,"footnotes":""},"class_list":["post-11276","page","type-page","status-publish","hentry"],"yoast_head":"<!-- This site is optimized with the Yoast SEO plugin v23.4 - https:\/\/yoast.com\/wordpress\/plugins\/seo\/ -->\n<title>UK Lottery online von Deutschland aus spielen | Kann ich am UK Lotto teilnehmen, wenn ich in Deutschland lebe?<\/title>\n<meta name=\"description\" content=\"Die Teilnahme an der britischen Lotterie aus anderen L\u00e4ndern wie Deutschland ist jetzt mit unserem Online-Dienst einfach\" \/>\n<meta name=\"robots\" content=\"index, follow, max-snippet:-1, max-image-preview:large, max-video-preview:-1\" \/>\n<link rel=\"canonical\" href=\"https:\/\/onlinelotto365.com\/de\/spielen\/uk-lottery\/\" \/>\n<meta property=\"og:locale\" content=\"de_DE\" \/>\n<meta property=\"og:type\" content=\"article\" \/>\n<meta property=\"og:title\" content=\"UK Lottery online von Deutschland aus spielen | Kann ich am UK Lotto teilnehmen, wenn ich in Deutschland lebe?\" \/>\n<meta property=\"og:description\" content=\"Die Teilnahme an der britischen Lotterie aus anderen L\u00e4ndern wie Deutschland ist jetzt mit unserem Online-Dienst einfach\" \/>\n<meta property=\"og:url\" content=\"https:\/\/onlinelotto365.com\/de\/spielen\/uk-lottery\/\" \/>\n<meta property=\"og:site_name\" content=\"OnlineLotto365\" \/>\n<meta property=\"article:modified_time\" content=\"2021-01-07T14:02:19+00:00\" \/>\n<meta property=\"og:image\" content=\"https:\/\/redfoxlotto.com\/image?size=8&amp;lottery=lotto-uk\" \/>\n<meta name=\"twitter:card\" content=\"summary_large_image\" \/>\n<meta name=\"twitter:label1\" content=\"Gesch\u00e4tzte Lesezeit\" \/>\n\t<meta name=\"twitter:data1\" content=\"2\u00a0Minuten\" \/>\n<script type=\"application\/ld+json\" class=\"yoast-schema-graph\">{\"@context\":\"https:\/\/schema.org\",\"@graph\":[{\"@type\":\"WebPage\",\"@id\":\"https:\/\/onlinelotto365.com\/de\/spielen\/uk-lottery\/\",\"url\":\"https:\/\/onlinelotto365.com\/de\/spielen\/uk-lottery\/\",\"name\":\"UK Lottery online von Deutschland aus spielen | Kann ich am UK Lotto teilnehmen, wenn ich in Deutschland lebe?\",\"isPartOf\":{\"@id\":\"https:\/\/onlinelotto365.com\/de\/#website\"},\"primaryImageOfPage\":{\"@id\":\"https:\/\/onlinelotto365.com\/de\/spielen\/uk-lottery\/#primaryimage\"},\"image\":{\"@id\":\"https:\/\/onlinelotto365.com\/de\/spielen\/uk-lottery\/#primaryimage\"},\"thumbnailUrl\":\"https:\/\/redfoxlotto.com\/image?size=8&amp;lottery=lotto-uk\",\"datePublished\":\"2020-12-19T08:21:52+00:00\",\"dateModified\":\"2021-01-07T14:02:19+00:00\",\"description\":\"Die Teilnahme an der britischen Lotterie aus anderen L\u00e4ndern wie Deutschland ist jetzt mit unserem Online-Dienst einfach\",\"breadcrumb\":{\"@id\":\"https:\/\/onlinelotto365.com\/de\/spielen\/uk-lottery\/#breadcrumb\"},\"inLanguage\":\"de\",\"potentialAction\":[{\"@type\":\"ReadAction\",\"target\":[\"https:\/\/onlinelotto365.com\/de\/spielen\/uk-lottery\/\"]}]},{\"@type\":\"ImageObject\",\"inLanguage\":\"de\",\"@id\":\"https:\/\/onlinelotto365.com\/de\/spielen\/uk-lottery\/#primaryimage\",\"url\":\"https:\/\/redfoxlotto.com\/image?size=8&amp;lottery=lotto-uk\",\"contentUrl\":\"https:\/\/redfoxlotto.com\/image?size=8&amp;lottery=lotto-uk\"},{\"@type\":\"BreadcrumbList\",\"@id\":\"https:\/\/onlinelotto365.com\/de\/spielen\/uk-lottery\/#breadcrumb\",\"itemListElement\":[{\"@type\":\"ListItem\",\"position\":1,\"name\":\"Home\",\"item\":\"https:\/\/onlinelotto365.com\/de\/\"},{\"@type\":\"ListItem\",\"position\":2,\"name\":\"Alles, was Sie wissen m\u00fcssen, um die besten Lotterien online zu spielen\",\"item\":\"https:\/\/onlinelotto365.com\/de\/spielen\/\"},{\"@type\":\"ListItem\",\"position\":3,\"name\":\"Wie k\u00f6nnen Einwohner Deutschlands online UK Lottery spielen?\"}]},{\"@type\":\"WebSite\",\"@id\":\"https:\/\/onlinelotto365.com\/de\/#website\",\"url\":\"https:\/\/onlinelotto365.com\/de\/\",\"name\":\"OnlineLotto365\",\"description\":\"\",\"potentialAction\":[{\"@type\":\"SearchAction\",\"target\":{\"@type\":\"EntryPoint\",\"urlTemplate\":\"https:\/\/onlinelotto365.com\/de\/?s={search_term_string}\"},\"query-input\":{\"@type\":\"PropertyValueSpecification\",\"valueRequired\":true,\"valueName\":\"search_term_string\"}}],\"inLanguage\":\"de\"}]}<\/script>\n<!-- \/ Yoast SEO plugin. -->","yoast_head_json":{"title":"UK Lottery online von Deutschland aus spielen | Kann ich am UK Lotto teilnehmen, wenn ich in Deutschland lebe?","description":"Die Teilnahme an der britischen Lotterie aus anderen L\u00e4ndern wie Deutschland ist jetzt mit unserem Online-Dienst einfach","robots":{"index":"index","follow":"follow","max-snippet":"max-snippet:-1","max-image-preview":"max-image-preview:large","max-video-preview":"max-video-preview:-1"},"canonical":"https:\/\/onlinelotto365.com\/de\/spielen\/uk-lottery\/","og_locale":"de_DE","og_type":"article","og_title":"UK Lottery online von Deutschland aus spielen | Kann ich am UK Lotto teilnehmen, wenn ich in Deutschland lebe?","og_description":"Die Teilnahme an der britischen Lotterie aus anderen L\u00e4ndern wie Deutschland ist jetzt mit unserem Online-Dienst einfach","og_url":"https:\/\/onlinelotto365.com\/de\/spielen\/uk-lottery\/","og_site_name":"OnlineLotto365","article_modified_time":"2021-01-07T14:02:19+00:00","og_image":[{"url":"https:\/\/redfoxlotto.com\/image?size=8&amp;lottery=lotto-uk"}],"twitter_card":"summary_large_image","twitter_misc":{"Gesch\u00e4tzte Lesezeit":"2\u00a0Minuten"},"schema":{"@context":"https:\/\/schema.org","@graph":[{"@type":"WebPage","@id":"https:\/\/onlinelotto365.com\/de\/spielen\/uk-lottery\/","url":"https:\/\/onlinelotto365.com\/de\/spielen\/uk-lottery\/","name":"UK Lottery online von Deutschland aus spielen | Kann ich am UK Lotto teilnehmen, wenn ich in Deutschland lebe?","isPartOf":{"@id":"https:\/\/onlinelotto365.com\/de\/#website"},"primaryImageOfPage":{"@id":"https:\/\/onlinelotto365.com\/de\/spielen\/uk-lottery\/#primaryimage"},"image":{"@id":"https:\/\/onlinelotto365.com\/de\/spielen\/uk-lottery\/#primaryimage"},"thumbnailUrl":"https:\/\/redfoxlotto.com\/image?size=8&amp;lottery=lotto-uk","datePublished":"2020-12-19T08:21:52+00:00","dateModified":"2021-01-07T14:02:19+00:00","description":"Die Teilnahme an der britischen Lotterie aus anderen L\u00e4ndern wie Deutschland ist jetzt mit unserem Online-Dienst einfach","breadcrumb":{"@id":"https:\/\/onlinelotto365.com\/de\/spielen\/uk-lottery\/#breadcrumb"},"inLanguage":"de","potentialAction":[{"@type":"ReadAction","target":["https:\/\/onlinelotto365.com\/de\/spielen\/uk-lottery\/"]}]},{"@type":"ImageObject","inLanguage":"de","@id":"https:\/\/onlinelotto365.com\/de\/spielen\/uk-lottery\/#primaryimage","url":"https:\/\/redfoxlotto.com\/image?size=8&amp;lottery=lotto-uk","contentUrl":"https:\/\/redfoxlotto.com\/image?size=8&amp;lottery=lotto-uk"},{"@type":"BreadcrumbList","@id":"https:\/\/onlinelotto365.com\/de\/spielen\/uk-lottery\/#breadcrumb","itemListElement":[{"@type":"ListItem","position":1,"name":"Home","item":"https:\/\/onlinelotto365.com\/de\/"},{"@type":"ListItem","position":2,"name":"Alles, was Sie wissen m\u00fcssen, um die besten Lotterien online zu spielen","item":"https:\/\/onlinelotto365.com\/de\/spielen\/"},{"@type":"ListItem","position":3,"name":"Wie k\u00f6nnen Einwohner Deutschlands online UK Lottery spielen?"}]},{"@type":"WebSite","@id":"https:\/\/onlinelotto365.com\/de\/#website","url":"https:\/\/onlinelotto365.com\/de\/","name":"OnlineLotto365","description":"","potentialAction":[{"@type":"SearchAction","target":{"@type":"EntryPoint","urlTemplate":"https:\/\/onlinelotto365.com\/de\/?s={search_term_string}"},"query-input":{"@type":"PropertyValueSpecification","valueRequired":true,"valueName":"search_term_string"}}],"inLanguage":"de"}]}},"_links":{"self":[{"href":"https:\/\/onlinelotto365.com\/de\/wp-json\/wp\/v2\/pages\/11276","targetHints":{"allow":["GET"]}}],"collection":[{"href":"https:\/\/onlinelotto365.com\/de\/wp-json\/wp\/v2\/pages"}],"about":[{"href":"https:\/\/onlinelotto365.com\/de\/wp-json\/wp\/v2\/types\/page"}],"author":[{"embeddable":true,"href":"https:\/\/onlinelotto365.com\/de\/wp-json\/wp\/v2\/users\/1"}],"replies":[{"embeddable":true,"href":"https:\/\/onlinelotto365.com\/de\/wp-json\/wp\/v2\/comments?post=11276"}],"version-history":[{"count":0,"href":"https:\/\/onlinelotto365.com\/de\/wp-json\/wp\/v2\/pages\/11276\/revisions"}],"up":[{"embeddable":true,"href":"https:\/\/onlinelotto365.com\/de\/wp-json\/wp\/v2\/pages\/5018"}],"wp:attachment":[{"href":"https:\/\/onlinelotto365.com\/de\/wp-json\/wp\/v2\/media?parent=11276"}],"curies":[{"name":"wp","href":"https:\/\/api.w.org\/{rel}","templated":true}]}}