{"id":11278,"date":"2020-12-19T09:23:04","date_gmt":"2020-12-19T08:23:04","guid":{"rendered":"http:\/\/onlinelotto365.net\/?page_id=11278"},"modified":"2023-09-04T06:07:44","modified_gmt":"2023-09-04T05:07:44","slug":"set-for-life","status":"publish","type":"page","link":"https:\/\/onlinelotto365.com\/de\/spielen\/set-for-life\/","title":{"rendered":"Ist es m\u00f6glich, Set for life Lotto online zu spielen?"},"content":{"rendered":"<p>Wussten Sie, dass Sie mit der Set for Life-Lotterie die Chance haben, <strong>jeden Monat 10.000 \u00a3 zu gewinnen?<\/strong> Wenn Sie daran interessiert sind, Ihr Gl\u00fcck in einer Lotterie zu versuchen, ist die Set for Life-Lotterie eine fantastische M\u00f6glichkeit, damit zu beginnen. Die Set for Life-Lotterie ist daf\u00fcr bekannt, das einzige Spiel zu sein, bei dem Sie in sieben aufeinanderfolgenden t\u00e4glichen Ziehungen Zahlen spielen k\u00f6nnen. Das bedeutet ganz einfach, dass Sie an jedem Tag der Woche eine gro\u00dfe Chance haben, den Jackpot zu knacken.<\/p>\n<p>Hier werden Sie mehr \u00fcber Set for Life erfahren und verstehen, warum viele Menschen diese Lotterie immer wieder spielen.<\/p>\n<p>Set for Life wurde von der Nationallotterie veranstaltet und verdient den Titel, das erste Rentenlotteriespiel Deutschlands zu sein. Die Lotterie gibt den Spielern die Chance, eine monatliche Zahlung von \u00a310.000 f\u00fcr einen Zeitraum von 30 Jahren zu gewinnen.<\/p>\n<p>Und obwohl es sich um eine britische Lotterie handelt, k\u00f6nnen Sie <strong>Set for life online von Deutschland aus spielen.<\/strong> Unser <a href=\"https:\/\/onlinelotto365.com\/de\/news\/ticketservice-fuer-internationale-lotterien\">Online-Scheinservice f\u00fcr globale Lotterien<\/a> erm\u00f6glicht Spielern aus aller Welt die Teilnahme an den besten Lotterien mit den gr\u00f6\u00dften Jackpots.<\/p>\n<p><a href=\"https:\/\/redfoxlotto.com\/de\/spielen\/set-for-life-uk\/?ref=a8564250a2&amp;medium=ol365\" target=\"_blank\" rel=\"noopener noreferrer\"><img decoding=\"async\" class=\"aligncenter\" src=\"https:\/\/redfoxlotto.com\/image?size=8&amp;lottery=set-for-life-uk\" alt=\"&quot;Set\" \/><\/a><\/p>\n<h2>\u00dcber Set for life lotto<\/h2>\n<ul>\n<li>Land: Vereinigtes K\u00f6nigreich<\/li>\n<li>Hauptnummernbereich: 45<\/li>\n<li>Sie w\u00e4hlen: 5<\/li>\n<li>Zusatzzahlenbereich: 10<\/li>\n<li>Sie w\u00e4hlen: 1<\/li>\n<li>Ziehungstage, Stunden: Montag, Donnerstag, 20:00 GMT, 21:00 CET<\/li>\n<li>Minimaler Jackpot: keiner<\/li>\n<li>Maximaler Jackpot: keiner<\/li>\n<li>Wahrscheinlichkeit, den Jackpot zu gewinnen: 1 zu 15.339.390<\/li>\n<li>Wahrscheinlichkeit eines Stufe-2-Gewinns: 1 zu 1.704.377<\/li>\n<li>Wahrscheinlichkeit f\u00fcr einen Gewinn in jeder Stufe: 1 zu 12,4<\/li>\n<li>Anzahl der Gewinnstufen: 8<\/li>\n<\/ul>\n<p>Wie andere Lotterien in Gro\u00dfbritannien auch, ist das Set for Life ein Ziehungsspiel. Wenn Sie die Lotterie spielen, m\u00fcssen Sie <strong>f\u00fcnf Zahlen aus dem Tippbereich von 1 bis 47 ausw\u00e4hlen, darunter eine &#8222;Life Ball&#8220;-Zahl von 1 &#8211; 10<\/strong>. Sobald Sie Ihre f\u00fcnf Zahlen und die &#8222;Life Ball&#8220;-Zahl gew\u00e4hlt haben, haben Sie die Chance, einen Gesamt-Jackpot von 10.000 Pfund pro Monat zu gewinnen.<\/p>\n<h2>Set for Life Ziehung<\/h2>\n<p>Die Lotterie Set for Life l\u00e4uft jeden Montag und Donnerstag, und in Gro\u00dfbritannien k\u00f6nnen Spieler <a href=\"https:\/\/onlinelotto365.com\/de\/lose-kaufen\">Lottoscheine<\/a> in ihrem \u00f6rtlichen Lotto-Shop kaufen. Die Ziehung schlie\u00dft jeden Abend um 21 Uhr OST. Die neuesten Ergebnisse des Set for Life sind in der Regel am Tag der Ziehung um 21:45 Uhr GMT verf\u00fcgbar. Bitte beachten Sie, dass die Dividenden f\u00fcr jedes Spiel kurz nach der Ziehung aktualisiert werden. Au\u00dferdem sind die Dividenden-Updates in der Regel am Morgen nach der Lotto-Ziehung f\u00fcr die \u00d6ffentlichkeit verf\u00fcgbar.<\/p>\n<h2>Wie man bei der Set for Life Lotterie gewinnt<\/h2>\n<p>Der Hauptpreis der Set for Life Lotterie bietet eine monatliche Zahlung von 10.000 \u00a3 und vier Spieler haben bei jeder Ziehung die Chance, den Preis zu gewinnen. Damit Sie den Jackpot-Preis gewinnen k\u00f6nnen, m\u00fcssen Ihre Zahlen mit den acht Gewinnzahlen w\u00e4hrend des einzelnen Sets \u00fcbereinstimmen. Das bedeutet, dass es bei der Set for Life-Lotterie insgesamt acht Gewinnklassen gibt. Sie haben die Chance, einen Preis mit vier Gewinnzahlen zu gewinnen, einschlie\u00dflich einer Bonuszahl in jedem Set.<\/p>\n<p><strong>Set for Life bietet g\u00fcnstige Chancen auf den Gewinn des Jackpots<\/strong>. Bei anderen Preisen, die eine \u00dcbereinstimmung von einer oder mehreren Zahlen erfordern, haben Sie beispielsweise eine Gewinnchance von 1 zu 12, was gerade einmal \u00a35 entsprechen w\u00fcrde.<\/p>\n<p>Wenn Sie also Ihr Gl\u00fcck sp\u00fcren k\u00f6nnen, lohnt es sich, ein Set for Life-Ticket zu kaufen! Wir bieten Ihnen ein <a href=\"https:\/\/onlinelotto365.com\/de\/spielen\">breites Angebot an internationalen Lotterien, die Sie von Deutschland aus spielen k\u00f6nnen<\/a>, f\u00fcr Jackpots mit Gewinnen in dreistelliger Millionenh\u00f6he.<\/p>\n","protected":false},"excerpt":{"rendered":"<p>Wussten Sie, dass Sie mit der Set for Life-Lotterie die Chance haben, jeden Monat 10.000 \u00a3 zu gewinnen? Wenn Sie daran interessiert sind, Ihr Gl\u00fcck in einer Lotterie zu versuchen, ist die Set for Life-Lotterie eine fantastische M\u00f6glichkeit, damit zu beginnen. Die Set for Life-Lotterie ist daf\u00fcr bekannt, das einzige Spiel zu sein, bei dem [&hellip;]<\/p>\n","protected":false},"author":1,"featured_media":0,"parent":5018,"menu_order":10,"comment_status":"closed","ping_status":"closed","template":"set-for-life.php","meta":{"_et_pb_use_builder":"","_et_pb_old_content":"","_et_gb_content_width":"","exclude_from_search":false,"footnotes":""},"class_list":["post-11278","page","type-page","status-publish","hentry"],"yoast_head":"<!-- This site is optimized with the Yoast SEO plugin v23.4 - https:\/\/yoast.com\/wordpress\/plugins\/seo\/ -->\n<title>So spielen Sie Set for life Lotto online aus Deutschland<\/title>\n<meta name=\"description\" content=\"Kaufen Sie die Online-Scheine von Set for life lotto, wenn Sie in Deutschland ans\u00e4ssig sind\" \/>\n<meta name=\"robots\" content=\"index, follow, max-snippet:-1, max-image-preview:large, max-video-preview:-1\" \/>\n<link rel=\"canonical\" href=\"https:\/\/onlinelotto365.com\/de\/spielen\/set-for-life\/\" \/>\n<meta property=\"og:locale\" content=\"de_DE\" \/>\n<meta property=\"og:type\" content=\"article\" \/>\n<meta property=\"og:title\" content=\"So spielen Sie Set for life Lotto online aus Deutschland\" \/>\n<meta property=\"og:description\" content=\"Kaufen Sie die Online-Scheine von Set for life lotto, wenn Sie in Deutschland ans\u00e4ssig sind\" \/>\n<meta property=\"og:url\" content=\"https:\/\/onlinelotto365.com\/de\/spielen\/set-for-life\/\" \/>\n<meta property=\"og:site_name\" content=\"OnlineLotto365\" \/>\n<meta property=\"article:modified_time\" content=\"2023-09-04T05:07:44+00:00\" \/>\n<meta property=\"og:image\" content=\"https:\/\/redfoxlotto.com\/image?size=8&amp;lottery=set-for-life-uk\" \/>\n<meta name=\"twitter:card\" content=\"summary_large_image\" \/>\n<meta name=\"twitter:label1\" content=\"Gesch\u00e4tzte Lesezeit\" \/>\n\t<meta name=\"twitter:data1\" content=\"3\u00a0Minuten\" \/>\n<script type=\"application\/ld+json\" class=\"yoast-schema-graph\">{\"@context\":\"https:\/\/schema.org\",\"@graph\":[{\"@type\":\"WebPage\",\"@id\":\"https:\/\/onlinelotto365.com\/de\/spielen\/set-for-life\/\",\"url\":\"https:\/\/onlinelotto365.com\/de\/spielen\/set-for-life\/\",\"name\":\"So spielen Sie Set for life Lotto online aus Deutschland\",\"isPartOf\":{\"@id\":\"https:\/\/onlinelotto365.com\/de\/#website\"},\"primaryImageOfPage\":{\"@id\":\"https:\/\/onlinelotto365.com\/de\/spielen\/set-for-life\/#primaryimage\"},\"image\":{\"@id\":\"https:\/\/onlinelotto365.com\/de\/spielen\/set-for-life\/#primaryimage\"},\"thumbnailUrl\":\"https:\/\/redfoxlotto.com\/image?size=8&amp;lottery=set-for-life-uk\",\"datePublished\":\"2020-12-19T08:23:04+00:00\",\"dateModified\":\"2023-09-04T05:07:44+00:00\",\"description\":\"Kaufen Sie die Online-Scheine von Set for life lotto, wenn Sie in Deutschland ans\u00e4ssig sind\",\"breadcrumb\":{\"@id\":\"https:\/\/onlinelotto365.com\/de\/spielen\/set-for-life\/#breadcrumb\"},\"inLanguage\":\"de\",\"potentialAction\":[{\"@type\":\"ReadAction\",\"target\":[\"https:\/\/onlinelotto365.com\/de\/spielen\/set-for-life\/\"]}]},{\"@type\":\"ImageObject\",\"inLanguage\":\"de\",\"@id\":\"https:\/\/onlinelotto365.com\/de\/spielen\/set-for-life\/#primaryimage\",\"url\":\"https:\/\/redfoxlotto.com\/image?size=8&amp;lottery=set-for-life-uk\",\"contentUrl\":\"https:\/\/redfoxlotto.com\/image?size=8&amp;lottery=set-for-life-uk\"},{\"@type\":\"BreadcrumbList\",\"@id\":\"https:\/\/onlinelotto365.com\/de\/spielen\/set-for-life\/#breadcrumb\",\"itemListElement\":[{\"@type\":\"ListItem\",\"position\":1,\"name\":\"Home\",\"item\":\"https:\/\/onlinelotto365.com\/de\/\"},{\"@type\":\"ListItem\",\"position\":2,\"name\":\"Alles, was Sie wissen m\u00fcssen, um die besten Lotterien online zu spielen\",\"item\":\"https:\/\/onlinelotto365.com\/de\/spielen\/\"},{\"@type\":\"ListItem\",\"position\":3,\"name\":\"Ist es m\u00f6glich, Set for life Lotto online zu spielen?\"}]},{\"@type\":\"WebSite\",\"@id\":\"https:\/\/onlinelotto365.com\/de\/#website\",\"url\":\"https:\/\/onlinelotto365.com\/de\/\",\"name\":\"OnlineLotto365\",\"description\":\"\",\"potentialAction\":[{\"@type\":\"SearchAction\",\"target\":{\"@type\":\"EntryPoint\",\"urlTemplate\":\"https:\/\/onlinelotto365.com\/de\/?s={search_term_string}\"},\"query-input\":{\"@type\":\"PropertyValueSpecification\",\"valueRequired\":true,\"valueName\":\"search_term_string\"}}],\"inLanguage\":\"de\"}]}<\/script>\n<!-- \/ Yoast SEO plugin. -->","yoast_head_json":{"title":"So spielen Sie Set for life Lotto online aus Deutschland","description":"Kaufen Sie die Online-Scheine von Set for life lotto, wenn Sie in Deutschland ans\u00e4ssig sind","robots":{"index":"index","follow":"follow","max-snippet":"max-snippet:-1","max-image-preview":"max-image-preview:large","max-video-preview":"max-video-preview:-1"},"canonical":"https:\/\/onlinelotto365.com\/de\/spielen\/set-for-life\/","og_locale":"de_DE","og_type":"article","og_title":"So spielen Sie Set for life Lotto online aus Deutschland","og_description":"Kaufen Sie die Online-Scheine von Set for life lotto, wenn Sie in Deutschland ans\u00e4ssig sind","og_url":"https:\/\/onlinelotto365.com\/de\/spielen\/set-for-life\/","og_site_name":"OnlineLotto365","article_modified_time":"2023-09-04T05:07:44+00:00","og_image":[{"url":"https:\/\/redfoxlotto.com\/image?size=8&amp;lottery=set-for-life-uk"}],"twitter_card":"summary_large_image","twitter_misc":{"Gesch\u00e4tzte Lesezeit":"3\u00a0Minuten"},"schema":{"@context":"https:\/\/schema.org","@graph":[{"@type":"WebPage","@id":"https:\/\/onlinelotto365.com\/de\/spielen\/set-for-life\/","url":"https:\/\/onlinelotto365.com\/de\/spielen\/set-for-life\/","name":"So spielen Sie Set for life Lotto online aus Deutschland","isPartOf":{"@id":"https:\/\/onlinelotto365.com\/de\/#website"},"primaryImageOfPage":{"@id":"https:\/\/onlinelotto365.com\/de\/spielen\/set-for-life\/#primaryimage"},"image":{"@id":"https:\/\/onlinelotto365.com\/de\/spielen\/set-for-life\/#primaryimage"},"thumbnailUrl":"https:\/\/redfoxlotto.com\/image?size=8&amp;lottery=set-for-life-uk","datePublished":"2020-12-19T08:23:04+00:00","dateModified":"2023-09-04T05:07:44+00:00","description":"Kaufen Sie die Online-Scheine von Set for life lotto, wenn Sie in Deutschland ans\u00e4ssig sind","breadcrumb":{"@id":"https:\/\/onlinelotto365.com\/de\/spielen\/set-for-life\/#breadcrumb"},"inLanguage":"de","potentialAction":[{"@type":"ReadAction","target":["https:\/\/onlinelotto365.com\/de\/spielen\/set-for-life\/"]}]},{"@type":"ImageObject","inLanguage":"de","@id":"https:\/\/onlinelotto365.com\/de\/spielen\/set-for-life\/#primaryimage","url":"https:\/\/redfoxlotto.com\/image?size=8&amp;lottery=set-for-life-uk","contentUrl":"https:\/\/redfoxlotto.com\/image?size=8&amp;lottery=set-for-life-uk"},{"@type":"BreadcrumbList","@id":"https:\/\/onlinelotto365.com\/de\/spielen\/set-for-life\/#breadcrumb","itemListElement":[{"@type":"ListItem","position":1,"name":"Home","item":"https:\/\/onlinelotto365.com\/de\/"},{"@type":"ListItem","position":2,"name":"Alles, was Sie wissen m\u00fcssen, um die besten Lotterien online zu spielen","item":"https:\/\/onlinelotto365.com\/de\/spielen\/"},{"@type":"ListItem","position":3,"name":"Ist es m\u00f6glich, Set for life Lotto online zu spielen?"}]},{"@type":"WebSite","@id":"https:\/\/onlinelotto365.com\/de\/#website","url":"https:\/\/onlinelotto365.com\/de\/","name":"OnlineLotto365","description":"","potentialAction":[{"@type":"SearchAction","target":{"@type":"EntryPoint","urlTemplate":"https:\/\/onlinelotto365.com\/de\/?s={search_term_string}"},"query-input":{"@type":"PropertyValueSpecification","valueRequired":true,"valueName":"search_term_string"}}],"inLanguage":"de"}]}},"_links":{"self":[{"href":"https:\/\/onlinelotto365.com\/de\/wp-json\/wp\/v2\/pages\/11278","targetHints":{"allow":["GET"]}}],"collection":[{"href":"https:\/\/onlinelotto365.com\/de\/wp-json\/wp\/v2\/pages"}],"about":[{"href":"https:\/\/onlinelotto365.com\/de\/wp-json\/wp\/v2\/types\/page"}],"author":[{"embeddable":true,"href":"https:\/\/onlinelotto365.com\/de\/wp-json\/wp\/v2\/users\/1"}],"replies":[{"embeddable":true,"href":"https:\/\/onlinelotto365.com\/de\/wp-json\/wp\/v2\/comments?post=11278"}],"version-history":[{"count":0,"href":"https:\/\/onlinelotto365.com\/de\/wp-json\/wp\/v2\/pages\/11278\/revisions"}],"up":[{"embeddable":true,"href":"https:\/\/onlinelotto365.com\/de\/wp-json\/wp\/v2\/pages\/5018"}],"wp:attachment":[{"href":"https:\/\/onlinelotto365.com\/de\/wp-json\/wp\/v2\/media?parent=11278"}],"curies":[{"name":"wp","href":"https:\/\/api.w.org\/{rel}","templated":true}]}}