{"id":11282,"date":"2020-12-19T09:24:19","date_gmt":"2020-12-19T08:24:19","guid":{"rendered":"http:\/\/onlinelotto365.net\/?page_id=11282"},"modified":"2021-01-07T15:10:39","modified_gmt":"2021-01-07T14:10:39","slug":"german-lotto","status":"publish","type":"page","link":"https:\/\/onlinelotto365.com\/de\/spielen\/german-lotto\/","title":{"rendered":"Aus anderen L\u00e4ndern am deutschen Lotto teilnehmen"},"content":{"rendered":"<p>Das deutsche Lotto ist eine der <strong>weltweit am l\u00e4ngsten laufenden Lotterien<\/strong>, da es seit \u00fcber <strong>50 Jahren<\/strong> stattfindet. Sie k\u00f6nnen darauf wetten, dass ihnen all diese Erfahrung sehr gut dient, und sie sind eines der gr\u00f6\u00dferen europ\u00e4ischen L\u00e4nder, die ihre eigene nationale Lotterie behalten, anstatt sich mit der EuroMillions-Lotterie zusammenzuschlie\u00dfen. Die Deutschen sind also stolz auf ihr deutsches Lotto, was sie auch sein sollten.<\/p>\n<p>Wenn Sie jedoch in Deutschland leben und trotzdem das deutsche Lotto spielen m\u00f6chten, oder eine <strong>andere <a href=\"http:\/\/onlinelotto365.com\/de\">gro\u00dfe Lotterie aus der ganzen Welt<\/a><\/strong>, dann gibt es nichts mehr, was Sie daran hindert. Alles, was Sie in diesen Tagen tun m\u00fcssen, ist, Ihre Tickets online zu kaufen. Wenn Sie aus Deutschland kommen, k\u00f6nnen Sie sogar Scheine f\u00fcr das deutsche Lotto auch online kaufen.<\/p>\n<p>Nat\u00fcrlich m\u00fcssen Sie wissen, <strong>wo Sie Ihre Lottoscheine auf diese Weise kaufen k\u00f6nnen<\/strong>, und da kommen wir ins Spiel. Wir betreiben diesen <a href=\"https:\/\/onlinelotto365.com\/de\/news\/ticketservice-fuer-internationale-lotterien\">Online-Lottoscheinservice<\/a> nun schon eine ganze Weile. Wie Sie sich vielleicht vorstellen k\u00f6nnen, ist dies die gr\u00f6\u00dfte Sache, die dem Lottospiel seit der Erfindung der Lotterie passiert ist.<\/p>\n<p>&nbsp;<\/p>\n<h2>Sie sind nicht mehr nur auf die Lotterie in Ihrem Gebiet beschr\u00e4nkt<\/h2>\n<p>Wenn Sie wie die meisten Lottospieler sind, wollen Sie die gro\u00dfen Lotterien spielen, und wenn Sie die Wahl haben, wollen Sie mehr als nur eine spielen. Bis vor Kurzem war dies jedoch nicht m\u00f6glich. Die Leute haben sich allerdings gefragt, warum das nicht geht, zum Beispiel, warum man <a href=\"https:\/\/onlinelotto365.com\/de\/lose-kaufen\">so ziemlich alles online kaufen kann, au\u00dfer Lottoscheine<\/a>?<\/p>\n<p>Das erforderte ein Netzwerk von Leuten, die das f\u00fcr unsere Kunden erledigen sollten, was bedeutete, dass wir rausgehen und die Lose f\u00fcr jeden kaufen mussten, in vielen verschiedenen L\u00e4ndern. Dazu geh\u00f6rte auch, die Erfahrungen der Kunden vom Zeitpunkt des Verkaufs an zu verwalten und die Art von gro\u00dfartigem Service zu bieten, den die Leute erwarten.<\/p>\n<h2>\u00dcber das Deutsche Lotto<\/h2>\n<ul>\n<li>Land: Deutschland<\/li>\n<li>Hauptnummernbereich: 49<\/li>\n<li>Sie w\u00e4hlen: 6<\/li>\n<li>Zusatzzahlenbereich: keine<\/li>\n<li>Sie w\u00e4hlen aus: keine<\/li>\n<li>Ziehungstage, Stunden: Samstag, 20:25 Uhr MEZ, 20:25 Uhr MEZ<\/li>\n<li>Minimaljackpot: 1 Million \u20ac<\/li>\n<li>H\u00f6chstjackpot: keine Begrenzung<\/li>\n<li>Wahrscheinlichkeit, den Jackpot zu gewinnen: 1 zu 125.854.344<\/li>\n<li>Wahrscheinlichkeit eines Stufe-2-Gewinns: 1 zu 13.983.816<\/li>\n<li>Wahrscheinlichkeit f\u00fcr einen Gewinn in jeder Stufe: 1 zu 31<\/li>\n<li>Anzahl der Gewinnstufen: 9<\/li>\n<\/ul>\n<p>Alle Lotterien, die wir Ihnen zur Verf\u00fcgung stellen, sind erstklassige Gro\u00dflotterien, so auch das deutsche Lotto. Um das deutsche Lotto zu spielen, w\u00e4hlen Sie 6 Zahlen aus 49 m\u00f6glichen, zusammen mit einer Bonuszahl von 1 bis 9.\u00a0Wenn Sie erfolgreich alle 6 Zahlen plus die Bonuszahl getroffen haben, werden Sie bald eine Reise nach Deutschland machen, um mehrere Millionen Euro oder mehr abzuholen.<\/p>\n<p>Aufgrund der geringeren Anzahl an Kugeln in der Trommel im Vergleich zu vielen anderen gro\u00dfen Lotterien sind <a href=\"https:\/\/onlinelotto365.com\/de\/news\/berechnen-sie-die-gewinnchancen-fuer-jede-lotterie\">Ihre Chancen auf den Jackpot<\/a> im deutschen Lotto definitiv h\u00f6her. Nat\u00fcrlich gibt es beim Deutschen Lotto, wie bei allen Lotterien, neben dem Jackpot noch weitere Gewinne, und zwar insgesamt 7 Nebengewinne neben dem Jackpot. Wenn Sie nur 3 der Zahlen richtig tippen, werden Sie ausgezahlt.<\/p>\n<h2>Lassen Sie uns Ihr F\u00fchrer zum deutschen Lotto und dar\u00fcber hinaus sein<\/h2>\n<p>Wenn man bedenkt, wie beliebt Lotterien auf der ganzen Welt sind, ist es der Traum eines jeden Lottospielers, Zugang zu all den guten Lotterien zu haben. Warum nur eine spielen, wenn Sie stattdessen so viele spielen k\u00f6nnen, wie Sie wollen? Warum sich mit einer oder zwei Ziehungen pro Woche zufrieden geben, wenn Sie Dutzende haben k\u00f6nnen, wenn Sie wollen? Warum sich mit dem Gang ins Gesch\u00e4ft herumschlagen, wenn Sie alle Lottoscheine, die Sie wollen, online kaufen k\u00f6nnen?<\/p>\n<h2>Sie haben deutsches Lotto online gespielt und gewonnen &#8211; wie geht es weiter?<\/h2>\n<p>Wir unterst\u00fctzen Sie bei jedem Schritt, von der E-Mail-Best\u00e4tigung Ihres Kaufs \u00fcber die Benachrichtigung per E-Mail, wenn Sie gewonnen haben, <strong>bis hin zur Unterst\u00fctzung bei der Einl\u00f6sung des gewonnenen Geldes<\/strong>. Es ist alles unglaublich einfach.<\/p>\n","protected":false},"excerpt":{"rendered":"<p>Das deutsche Lotto ist eine der weltweit am l\u00e4ngsten laufenden Lotterien, da es seit \u00fcber 50 Jahren stattfindet. Sie k\u00f6nnen darauf wetten, dass ihnen all diese Erfahrung sehr gut dient, und sie sind eines der gr\u00f6\u00dferen europ\u00e4ischen L\u00e4nder, die ihre eigene nationale Lotterie behalten, anstatt sich mit der EuroMillions-Lotterie zusammenzuschlie\u00dfen. Die Deutschen sind also stolz [&hellip;]<\/p>\n","protected":false},"author":1,"featured_media":0,"parent":5018,"menu_order":11,"comment_status":"closed","ping_status":"closed","template":"lotto-german.php","meta":{"_et_pb_use_builder":"","_et_pb_old_content":"","_et_gb_content_width":"","exclude_from_search":false,"footnotes":""},"class_list":["post-11282","page","type-page","status-publish","hentry"],"yoast_head":"<!-- This site is optimized with the Yoast SEO plugin v23.4 - https:\/\/yoast.com\/wordpress\/plugins\/seo\/ -->\n<title>Deutsches Lotto online von Deutschland aus spielen | Kann ich am deutschen Lotto teilnehmen, wenn ich in Deutschland lebe?<\/title>\n<meta name=\"description\" content=\"Spielen Sie hier deutsches Lotto - unser Online-Scheindienst macht es von Deutschland aus m\u00f6glich\" \/>\n<meta name=\"robots\" content=\"index, follow, max-snippet:-1, max-image-preview:large, max-video-preview:-1\" \/>\n<link rel=\"canonical\" href=\"https:\/\/onlinelotto365.com\/de\/spielen\/german-lotto\/\" \/>\n<meta property=\"og:locale\" content=\"de_DE\" \/>\n<meta property=\"og:type\" content=\"article\" \/>\n<meta property=\"og:title\" content=\"Deutsches Lotto online von Deutschland aus spielen | Kann ich am deutschen Lotto teilnehmen, wenn ich in Deutschland lebe?\" \/>\n<meta property=\"og:description\" content=\"Spielen Sie hier deutsches Lotto - unser Online-Scheindienst macht es von Deutschland aus m\u00f6glich\" \/>\n<meta property=\"og:url\" content=\"https:\/\/onlinelotto365.com\/de\/spielen\/german-lotto\/\" \/>\n<meta property=\"og:site_name\" content=\"OnlineLotto365\" \/>\n<meta property=\"article:modified_time\" content=\"2021-01-07T14:10:39+00:00\" \/>\n<meta name=\"twitter:card\" content=\"summary_large_image\" \/>\n<meta name=\"twitter:label1\" content=\"Gesch\u00e4tzte Lesezeit\" \/>\n\t<meta name=\"twitter:data1\" content=\"3\u00a0Minuten\" \/>\n<script type=\"application\/ld+json\" class=\"yoast-schema-graph\">{\"@context\":\"https:\/\/schema.org\",\"@graph\":[{\"@type\":\"WebPage\",\"@id\":\"https:\/\/onlinelotto365.com\/de\/spielen\/german-lotto\/\",\"url\":\"https:\/\/onlinelotto365.com\/de\/spielen\/german-lotto\/\",\"name\":\"Deutsches Lotto online von Deutschland aus spielen | Kann ich am deutschen Lotto teilnehmen, wenn ich in Deutschland lebe?\",\"isPartOf\":{\"@id\":\"https:\/\/onlinelotto365.com\/de\/#website\"},\"datePublished\":\"2020-12-19T08:24:19+00:00\",\"dateModified\":\"2021-01-07T14:10:39+00:00\",\"description\":\"Spielen Sie hier deutsches Lotto - unser Online-Scheindienst macht es von Deutschland aus m\u00f6glich\",\"breadcrumb\":{\"@id\":\"https:\/\/onlinelotto365.com\/de\/spielen\/german-lotto\/#breadcrumb\"},\"inLanguage\":\"de\",\"potentialAction\":[{\"@type\":\"ReadAction\",\"target\":[\"https:\/\/onlinelotto365.com\/de\/spielen\/german-lotto\/\"]}]},{\"@type\":\"BreadcrumbList\",\"@id\":\"https:\/\/onlinelotto365.com\/de\/spielen\/german-lotto\/#breadcrumb\",\"itemListElement\":[{\"@type\":\"ListItem\",\"position\":1,\"name\":\"Home\",\"item\":\"https:\/\/onlinelotto365.com\/de\/\"},{\"@type\":\"ListItem\",\"position\":2,\"name\":\"Alles, was Sie wissen m\u00fcssen, um die besten Lotterien online zu spielen\",\"item\":\"https:\/\/onlinelotto365.com\/de\/spielen\/\"},{\"@type\":\"ListItem\",\"position\":3,\"name\":\"Aus anderen L\u00e4ndern am deutschen Lotto teilnehmen\"}]},{\"@type\":\"WebSite\",\"@id\":\"https:\/\/onlinelotto365.com\/de\/#website\",\"url\":\"https:\/\/onlinelotto365.com\/de\/\",\"name\":\"OnlineLotto365\",\"description\":\"\",\"potentialAction\":[{\"@type\":\"SearchAction\",\"target\":{\"@type\":\"EntryPoint\",\"urlTemplate\":\"https:\/\/onlinelotto365.com\/de\/?s={search_term_string}\"},\"query-input\":{\"@type\":\"PropertyValueSpecification\",\"valueRequired\":true,\"valueName\":\"search_term_string\"}}],\"inLanguage\":\"de\"}]}<\/script>\n<!-- \/ Yoast SEO plugin. -->","yoast_head_json":{"title":"Deutsches Lotto online von Deutschland aus spielen | Kann ich am deutschen Lotto teilnehmen, wenn ich in Deutschland lebe?","description":"Spielen Sie hier deutsches Lotto - unser Online-Scheindienst macht es von Deutschland aus m\u00f6glich","robots":{"index":"index","follow":"follow","max-snippet":"max-snippet:-1","max-image-preview":"max-image-preview:large","max-video-preview":"max-video-preview:-1"},"canonical":"https:\/\/onlinelotto365.com\/de\/spielen\/german-lotto\/","og_locale":"de_DE","og_type":"article","og_title":"Deutsches Lotto online von Deutschland aus spielen | Kann ich am deutschen Lotto teilnehmen, wenn ich in Deutschland lebe?","og_description":"Spielen Sie hier deutsches Lotto - unser Online-Scheindienst macht es von Deutschland aus m\u00f6glich","og_url":"https:\/\/onlinelotto365.com\/de\/spielen\/german-lotto\/","og_site_name":"OnlineLotto365","article_modified_time":"2021-01-07T14:10:39+00:00","twitter_card":"summary_large_image","twitter_misc":{"Gesch\u00e4tzte Lesezeit":"3\u00a0Minuten"},"schema":{"@context":"https:\/\/schema.org","@graph":[{"@type":"WebPage","@id":"https:\/\/onlinelotto365.com\/de\/spielen\/german-lotto\/","url":"https:\/\/onlinelotto365.com\/de\/spielen\/german-lotto\/","name":"Deutsches Lotto online von Deutschland aus spielen | Kann ich am deutschen Lotto teilnehmen, wenn ich in Deutschland lebe?","isPartOf":{"@id":"https:\/\/onlinelotto365.com\/de\/#website"},"datePublished":"2020-12-19T08:24:19+00:00","dateModified":"2021-01-07T14:10:39+00:00","description":"Spielen Sie hier deutsches Lotto - unser Online-Scheindienst macht es von Deutschland aus m\u00f6glich","breadcrumb":{"@id":"https:\/\/onlinelotto365.com\/de\/spielen\/german-lotto\/#breadcrumb"},"inLanguage":"de","potentialAction":[{"@type":"ReadAction","target":["https:\/\/onlinelotto365.com\/de\/spielen\/german-lotto\/"]}]},{"@type":"BreadcrumbList","@id":"https:\/\/onlinelotto365.com\/de\/spielen\/german-lotto\/#breadcrumb","itemListElement":[{"@type":"ListItem","position":1,"name":"Home","item":"https:\/\/onlinelotto365.com\/de\/"},{"@type":"ListItem","position":2,"name":"Alles, was Sie wissen m\u00fcssen, um die besten Lotterien online zu spielen","item":"https:\/\/onlinelotto365.com\/de\/spielen\/"},{"@type":"ListItem","position":3,"name":"Aus anderen L\u00e4ndern am deutschen Lotto teilnehmen"}]},{"@type":"WebSite","@id":"https:\/\/onlinelotto365.com\/de\/#website","url":"https:\/\/onlinelotto365.com\/de\/","name":"OnlineLotto365","description":"","potentialAction":[{"@type":"SearchAction","target":{"@type":"EntryPoint","urlTemplate":"https:\/\/onlinelotto365.com\/de\/?s={search_term_string}"},"query-input":{"@type":"PropertyValueSpecification","valueRequired":true,"valueName":"search_term_string"}}],"inLanguage":"de"}]}},"_links":{"self":[{"href":"https:\/\/onlinelotto365.com\/de\/wp-json\/wp\/v2\/pages\/11282","targetHints":{"allow":["GET"]}}],"collection":[{"href":"https:\/\/onlinelotto365.com\/de\/wp-json\/wp\/v2\/pages"}],"about":[{"href":"https:\/\/onlinelotto365.com\/de\/wp-json\/wp\/v2\/types\/page"}],"author":[{"embeddable":true,"href":"https:\/\/onlinelotto365.com\/de\/wp-json\/wp\/v2\/users\/1"}],"replies":[{"embeddable":true,"href":"https:\/\/onlinelotto365.com\/de\/wp-json\/wp\/v2\/comments?post=11282"}],"version-history":[{"count":0,"href":"https:\/\/onlinelotto365.com\/de\/wp-json\/wp\/v2\/pages\/11282\/revisions"}],"up":[{"embeddable":true,"href":"https:\/\/onlinelotto365.com\/de\/wp-json\/wp\/v2\/pages\/5018"}],"wp:attachment":[{"href":"https:\/\/onlinelotto365.com\/de\/wp-json\/wp\/v2\/media?parent=11282"}],"curies":[{"name":"wp","href":"https:\/\/api.w.org\/{rel}","templated":true}]}}