{"id":11291,"date":"2020-12-19T09:28:23","date_gmt":"2020-12-19T08:28:23","guid":{"rendered":"http:\/\/onlinelotto365.net\/?page_id=11291"},"modified":"2021-01-07T15:03:55","modified_gmt":"2021-01-07T14:03:55","slug":"powerball-australia","status":"publish","type":"page","link":"https:\/\/onlinelotto365.com\/de\/spielen\/powerball-australia\/","title":{"rendered":"Powerball Australien &#8211; Sie sind nicht l\u00e4nger auf Ihre britischen Lotterien beschr\u00e4nkt"},"content":{"rendered":"<h2>Wie man Powerball Australia online spielen kann<\/h2>\n<p>Es ist eigentlich <strong>ganz einfach, Powerball Australia online zu spielen<\/strong>, auch wenn Sie in Deutschland sind. Und es ist auch ganz bequem, denn Sie sind bereits hier, wo Sie mit wenigen Mausklicks Ihre Tickets bekommen.<\/p>\n<p>Alles, was Sie tun m\u00fcssen, ist <strong>ein kostenloses Konto einzurichten<\/strong>, Ihre Auswahl zu treffen, eine der zahlreichen bequemen Zahlungsoptionen zu w\u00e4hlen, und wir erledigen den Rest.<\/p>\n<p>Stellen Sie sicher, dass Sie auf die richtige Lotterie klicken, n\u00e4mlich Powerball Australia. Dann w\u00e4hlen Sie Ihre Zahlen aus. Wenn Sie versuchen, zu viele Zahlen zu w\u00e4hlen oder nicht gen\u00fcgend Zahlen ausgew\u00e4hlt haben, fordert das System Sie auf, weniger oder mehr Zahlen zu w\u00e4hlen. Sie k\u00f6nnen auch auf die Schaltfl\u00e4che &#8222;Schnellauswahl&#8220; klicken, und die Website wird <strong>einige Zahlen nach dem Zufallsprinzip<\/strong> f\u00fcr Sie ausw\u00e4hlen. Sie k\u00f6nnen diese Zahlen immer noch manuell bearbeiten, wenn Sie sie nicht m\u00f6gen.<\/p>\n<p>Es gibt auch eine Methode, die viele Spieler gerne benutzen &#8211; die Quick Pick-Funktion. Oder Sie verwenden einige Ihrer Lieblingszahlen manuell und lassen den Zufallszahlengenerator den Rest f\u00fcr Sie ausw\u00e4hlen.<\/p>\n<p>Danach k\u00f6nnen Sie eine andere Lotterie ausw\u00e4hlen, weitere Lottoscheine spielen und diese zu Ihrer Bestellung hinzuf\u00fcgen. Klicken Sie dann zur Kasse und bezahlen Sie Ihre Scheine sicher. Zu diesem Zeitpunkt m\u00fcssen Sie ein Konto bei uns erstellen. Nat\u00fcrlich k\u00f6nnen Sie auch zuerst Ihr Konto erstellen und dann den Bestellvorgang f\u00fcr Ihre Lose starten.<\/p>\n<p>Nachdem Sie Ihr Konto erstellt haben, senden wir Ihnen eine Best\u00e4tigungs-E-Mail mit einem Link, den Sie anklicken m\u00fcssen. Bitte \u00fcberpr\u00fcfen Sie unbedingt Ihren Spam-Ordner auf diese E-Mail. Es w\u00e4re ratsam, unsere E-Mail-Adresse als vertrauensw\u00fcrdigen Absender zu markieren. Damit stellen Sie sicher, dass wichtige Nachrichten wie Gewinnbenachrichtigungen Sie auch tats\u00e4chlich erreichen.<\/p>\n<p><a href=\"https:\/\/redfoxlotto.com\/de\/spielen\/powerball-au\/?ref=a8564250a2&amp;medium=ol365\" target=\"_blank\" rel=\"noopener noreferrer\"><img decoding=\"async\" class=\"aligncenter\" src=\"https:\/\/redfoxlotto.com\/image?size=8&amp;lottery=powerball-au\" alt=\"Powerball Germany\" \/><\/a><\/p>\n<h2>\u00dcber Powerball Australien<\/h2>\n<ul>\n<li>Land: Australien<\/li>\n<li>Hauptnummernbereich: 35<\/li>\n<li>Sie m\u00fcssen w\u00e4hlen: 7<\/li>\n<li>Zusatzzahlenbereich: 20<\/li>\n<li>Sie m\u00fcssen w\u00e4hlen: 1<\/li>\n<li>Tage, Zeiten der Ziehungen: Donnerstag, 21:30 GMT+11, 10:30 CET<\/li>\n<li>Jackpot beginnt bei: AU$ 3 Millionen<\/li>\n<li>Jackpot ist gedeckelt bei: AU$ 150 Millionen<\/li>\n<li>Chance, den Jackpot zu gewinnen: 1 zu 134.490.400<\/li>\n<li>Wahrscheinlichkeit, einen zweiten Preis zu gewinnen: 1 zu 7.078.443<\/li>\n<li>Chance, einen beliebigen Preis zu gewinnen: 1 zu 24,87<\/li>\n<li>Anzahl der Preiskategorien: 7<\/li>\n<\/ul>\n<h2>Wie Sie die Ergebnisse von Powerball Australia \u00fcberpr\u00fcfen k\u00f6nnen<\/h2>\n<p>Sie k\u00f6nnen eine Reihe von <a href=\"https:\/\/onlinelotto365.com\/de\/gewinnzahlen\">Methoden verwenden, um Ihre Ergebnisse zu \u00fcberpr\u00fcfen.<\/a> Sie finden diese auf der offiziellen Website der Lotterie. Bei einigen Lotterien k\u00f6nnen Sie die Gewinnzahlen in Ihrer lokalen Zeitung finden, oder ein Fernsehsender \u00fcbertr\u00e4gt sie vielleicht. Am einfachsten ist es jedoch, wenn Sie zu unserer Website zur\u00fcckkehren und<a href=\"https:\/\/onlinelotto365.com\/de\/news\/lotto-los-online-pruefen\">hier die aktuellen Gewinnzahlen<\/a> \u00fcberpr\u00fcfen. Sobald Sie in Ihrem Konto eingeloggt sind, k\u00f6nnen Sie <strong>die Zahlen, die Sie gespielt haben, mit den Zahlen der Ziehung vergleichen<\/strong>. Und Sie k\u00f6nnen sofort sehen, wie viel Sie gewonnen haben.<\/p>\n<h2>Sie haben Powerball Australia online gespielt und gewonnen &#8211; wie geht es weiter?<\/h2>\n<p>Zun\u00e4chst sollten Sie \u00fcberpr\u00fcfen, wie viel Sie gewonnen haben. Wenn der Gewinn weniger als \u20ac2500 betr\u00e4gt, wird Ihnen der <strong>Betrag auf Ihrem Spielerkonto gutgeschrieben<\/strong>. Sie haben die Wahl, ihn f\u00fcr den Kauf weiterer Tickets zu verwenden, oder, wenn Sie das bevorzugen, k\u00f6nnen Sie ihn abheben. Beachten Sie, dass die Auszahlungsoption nur sichtbar ist, wenn Ihr Kontostand mindestens 10 \u20ac betr\u00e4gt.<\/p>\n<p>Bei Gewinnen \u00fcber \u20ac2500 wird sich unser Support mit Ihnen in Verbindung setzen. Sie m\u00fcssen ein Antragsformular ausf\u00fcllen, das wir dann an die Lotteriekommission schicken. Dann erhalten Sie Ihren Gewinn entweder per Bank\u00fcberweisung oder Scheck, je nach Ihren W\u00fcnschen.<\/p>\n","protected":false},"excerpt":{"rendered":"<p>Wie man Powerball Australia online spielen kann Es ist eigentlich ganz einfach, Powerball Australia online zu spielen, auch wenn Sie in Deutschland sind. Und es ist auch ganz bequem, denn Sie sind bereits hier, wo Sie mit wenigen Mausklicks Ihre Tickets bekommen. Alles, was Sie tun m\u00fcssen, ist ein kostenloses Konto einzurichten, Ihre Auswahl zu [&hellip;]<\/p>\n","protected":false},"author":1,"featured_media":0,"parent":5018,"menu_order":13,"comment_status":"closed","ping_status":"closed","template":"powerball-au.php","meta":{"_et_pb_use_builder":"","_et_pb_old_content":"","_et_gb_content_width":"","exclude_from_search":false,"footnotes":""},"class_list":["post-11291","page","type-page","status-publish","hentry"],"yoast_head":"<!-- This site is optimized with the Yoast SEO plugin v23.4 - https:\/\/yoast.com\/wordpress\/plugins\/seo\/ -->\n<title>Spielen Sie Powerball Australien online von Deutschland aus<\/title>\n<meta name=\"description\" content=\"Spielen Sie Powerball Australia gleich hier - die gr\u00f6\u00dften Lotterien der Welt, online verf\u00fcgbar von Deutschland aus\" \/>\n<meta name=\"robots\" content=\"index, follow, max-snippet:-1, max-image-preview:large, max-video-preview:-1\" \/>\n<link rel=\"canonical\" href=\"https:\/\/onlinelotto365.com\/de\/spielen\/powerball-australia\/\" \/>\n<meta property=\"og:locale\" content=\"de_DE\" \/>\n<meta property=\"og:type\" content=\"article\" \/>\n<meta property=\"og:title\" content=\"Spielen Sie Powerball Australien online von Deutschland aus\" \/>\n<meta property=\"og:description\" content=\"Spielen Sie Powerball Australia gleich hier - die gr\u00f6\u00dften Lotterien der Welt, online verf\u00fcgbar von Deutschland aus\" \/>\n<meta property=\"og:url\" content=\"https:\/\/onlinelotto365.com\/de\/spielen\/powerball-australia\/\" \/>\n<meta property=\"og:site_name\" content=\"OnlineLotto365\" \/>\n<meta property=\"article:modified_time\" content=\"2021-01-07T14:03:55+00:00\" \/>\n<meta property=\"og:image\" content=\"https:\/\/redfoxlotto.com\/image?size=8&amp;lottery=powerball-au\" \/>\n<meta name=\"twitter:card\" content=\"summary_large_image\" \/>\n<meta name=\"twitter:label1\" content=\"Gesch\u00e4tzte Lesezeit\" \/>\n\t<meta name=\"twitter:data1\" content=\"3\u00a0Minuten\" \/>\n<script type=\"application\/ld+json\" class=\"yoast-schema-graph\">{\"@context\":\"https:\/\/schema.org\",\"@graph\":[{\"@type\":\"WebPage\",\"@id\":\"https:\/\/onlinelotto365.com\/de\/spielen\/powerball-australia\/\",\"url\":\"https:\/\/onlinelotto365.com\/de\/spielen\/powerball-australia\/\",\"name\":\"Spielen Sie Powerball Australien online von Deutschland aus\",\"isPartOf\":{\"@id\":\"https:\/\/onlinelotto365.com\/de\/#website\"},\"primaryImageOfPage\":{\"@id\":\"https:\/\/onlinelotto365.com\/de\/spielen\/powerball-australia\/#primaryimage\"},\"image\":{\"@id\":\"https:\/\/onlinelotto365.com\/de\/spielen\/powerball-australia\/#primaryimage\"},\"thumbnailUrl\":\"https:\/\/redfoxlotto.com\/image?size=8&amp;lottery=powerball-au\",\"datePublished\":\"2020-12-19T08:28:23+00:00\",\"dateModified\":\"2021-01-07T14:03:55+00:00\",\"description\":\"Spielen Sie Powerball Australia gleich hier - die gr\u00f6\u00dften Lotterien der Welt, online verf\u00fcgbar von Deutschland aus\",\"breadcrumb\":{\"@id\":\"https:\/\/onlinelotto365.com\/de\/spielen\/powerball-australia\/#breadcrumb\"},\"inLanguage\":\"de\",\"potentialAction\":[{\"@type\":\"ReadAction\",\"target\":[\"https:\/\/onlinelotto365.com\/de\/spielen\/powerball-australia\/\"]}]},{\"@type\":\"ImageObject\",\"inLanguage\":\"de\",\"@id\":\"https:\/\/onlinelotto365.com\/de\/spielen\/powerball-australia\/#primaryimage\",\"url\":\"https:\/\/redfoxlotto.com\/image?size=8&amp;lottery=powerball-au\",\"contentUrl\":\"https:\/\/redfoxlotto.com\/image?size=8&amp;lottery=powerball-au\"},{\"@type\":\"BreadcrumbList\",\"@id\":\"https:\/\/onlinelotto365.com\/de\/spielen\/powerball-australia\/#breadcrumb\",\"itemListElement\":[{\"@type\":\"ListItem\",\"position\":1,\"name\":\"Home\",\"item\":\"https:\/\/onlinelotto365.com\/de\/\"},{\"@type\":\"ListItem\",\"position\":2,\"name\":\"Alles, was Sie wissen m\u00fcssen, um die besten Lotterien online zu spielen\",\"item\":\"https:\/\/onlinelotto365.com\/de\/spielen\/\"},{\"@type\":\"ListItem\",\"position\":3,\"name\":\"Powerball Australien &#8211; Sie sind nicht l\u00e4nger auf Ihre britischen Lotterien beschr\u00e4nkt\"}]},{\"@type\":\"WebSite\",\"@id\":\"https:\/\/onlinelotto365.com\/de\/#website\",\"url\":\"https:\/\/onlinelotto365.com\/de\/\",\"name\":\"OnlineLotto365\",\"description\":\"\",\"potentialAction\":[{\"@type\":\"SearchAction\",\"target\":{\"@type\":\"EntryPoint\",\"urlTemplate\":\"https:\/\/onlinelotto365.com\/de\/?s={search_term_string}\"},\"query-input\":{\"@type\":\"PropertyValueSpecification\",\"valueRequired\":true,\"valueName\":\"search_term_string\"}}],\"inLanguage\":\"de\"}]}<\/script>\n<!-- \/ Yoast SEO plugin. -->","yoast_head_json":{"title":"Spielen Sie Powerball Australien online von Deutschland aus","description":"Spielen Sie Powerball Australia gleich hier - die gr\u00f6\u00dften Lotterien der Welt, online verf\u00fcgbar von Deutschland aus","robots":{"index":"index","follow":"follow","max-snippet":"max-snippet:-1","max-image-preview":"max-image-preview:large","max-video-preview":"max-video-preview:-1"},"canonical":"https:\/\/onlinelotto365.com\/de\/spielen\/powerball-australia\/","og_locale":"de_DE","og_type":"article","og_title":"Spielen Sie Powerball Australien online von Deutschland aus","og_description":"Spielen Sie Powerball Australia gleich hier - die gr\u00f6\u00dften Lotterien der Welt, online verf\u00fcgbar von Deutschland aus","og_url":"https:\/\/onlinelotto365.com\/de\/spielen\/powerball-australia\/","og_site_name":"OnlineLotto365","article_modified_time":"2021-01-07T14:03:55+00:00","og_image":[{"url":"https:\/\/redfoxlotto.com\/image?size=8&amp;lottery=powerball-au"}],"twitter_card":"summary_large_image","twitter_misc":{"Gesch\u00e4tzte Lesezeit":"3\u00a0Minuten"},"schema":{"@context":"https:\/\/schema.org","@graph":[{"@type":"WebPage","@id":"https:\/\/onlinelotto365.com\/de\/spielen\/powerball-australia\/","url":"https:\/\/onlinelotto365.com\/de\/spielen\/powerball-australia\/","name":"Spielen Sie Powerball Australien online von Deutschland aus","isPartOf":{"@id":"https:\/\/onlinelotto365.com\/de\/#website"},"primaryImageOfPage":{"@id":"https:\/\/onlinelotto365.com\/de\/spielen\/powerball-australia\/#primaryimage"},"image":{"@id":"https:\/\/onlinelotto365.com\/de\/spielen\/powerball-australia\/#primaryimage"},"thumbnailUrl":"https:\/\/redfoxlotto.com\/image?size=8&amp;lottery=powerball-au","datePublished":"2020-12-19T08:28:23+00:00","dateModified":"2021-01-07T14:03:55+00:00","description":"Spielen Sie Powerball Australia gleich hier - die gr\u00f6\u00dften Lotterien der Welt, online verf\u00fcgbar von Deutschland aus","breadcrumb":{"@id":"https:\/\/onlinelotto365.com\/de\/spielen\/powerball-australia\/#breadcrumb"},"inLanguage":"de","potentialAction":[{"@type":"ReadAction","target":["https:\/\/onlinelotto365.com\/de\/spielen\/powerball-australia\/"]}]},{"@type":"ImageObject","inLanguage":"de","@id":"https:\/\/onlinelotto365.com\/de\/spielen\/powerball-australia\/#primaryimage","url":"https:\/\/redfoxlotto.com\/image?size=8&amp;lottery=powerball-au","contentUrl":"https:\/\/redfoxlotto.com\/image?size=8&amp;lottery=powerball-au"},{"@type":"BreadcrumbList","@id":"https:\/\/onlinelotto365.com\/de\/spielen\/powerball-australia\/#breadcrumb","itemListElement":[{"@type":"ListItem","position":1,"name":"Home","item":"https:\/\/onlinelotto365.com\/de\/"},{"@type":"ListItem","position":2,"name":"Alles, was Sie wissen m\u00fcssen, um die besten Lotterien online zu spielen","item":"https:\/\/onlinelotto365.com\/de\/spielen\/"},{"@type":"ListItem","position":3,"name":"Powerball Australien &#8211; Sie sind nicht l\u00e4nger auf Ihre britischen Lotterien beschr\u00e4nkt"}]},{"@type":"WebSite","@id":"https:\/\/onlinelotto365.com\/de\/#website","url":"https:\/\/onlinelotto365.com\/de\/","name":"OnlineLotto365","description":"","potentialAction":[{"@type":"SearchAction","target":{"@type":"EntryPoint","urlTemplate":"https:\/\/onlinelotto365.com\/de\/?s={search_term_string}"},"query-input":{"@type":"PropertyValueSpecification","valueRequired":true,"valueName":"search_term_string"}}],"inLanguage":"de"}]}},"_links":{"self":[{"href":"https:\/\/onlinelotto365.com\/de\/wp-json\/wp\/v2\/pages\/11291","targetHints":{"allow":["GET"]}}],"collection":[{"href":"https:\/\/onlinelotto365.com\/de\/wp-json\/wp\/v2\/pages"}],"about":[{"href":"https:\/\/onlinelotto365.com\/de\/wp-json\/wp\/v2\/types\/page"}],"author":[{"embeddable":true,"href":"https:\/\/onlinelotto365.com\/de\/wp-json\/wp\/v2\/users\/1"}],"replies":[{"embeddable":true,"href":"https:\/\/onlinelotto365.com\/de\/wp-json\/wp\/v2\/comments?post=11291"}],"version-history":[{"count":0,"href":"https:\/\/onlinelotto365.com\/de\/wp-json\/wp\/v2\/pages\/11291\/revisions"}],"up":[{"embeddable":true,"href":"https:\/\/onlinelotto365.com\/de\/wp-json\/wp\/v2\/pages\/5018"}],"wp:attachment":[{"href":"https:\/\/onlinelotto365.com\/de\/wp-json\/wp\/v2\/media?parent=11291"}],"curies":[{"name":"wp","href":"https:\/\/api.w.org\/{rel}","templated":true}]}}