{"id":11295,"date":"2020-12-19T09:29:29","date_gmt":"2020-12-19T08:29:29","guid":{"rendered":"http:\/\/onlinelotto365.net\/?page_id=11295"},"modified":"2021-01-07T15:05:22","modified_gmt":"2021-01-07T14:05:22","slug":"oz-lotto","status":"publish","type":"page","link":"https:\/\/onlinelotto365.com\/de\/spielen\/oz-lotto\/","title":{"rendered":"Oz-Lotto zu spielen ist nur eine der Optionen f\u00fcr Lotterie-Fans aus Deutschland"},"content":{"rendered":"<h2>Wie spielt man Oz Lotto online<\/h2>\n<p>Ob Sie in Australien leben oder nicht, Sie k\u00f6nnen <strong>Oz Lotto online spielen<\/strong> mit Leichtigkeit. Denn alles, was Sie tun m\u00fcssen, ist, die richtige Seite auf unserer Website zu finden, ein paar Kn\u00f6pfe zu klicken, und ehe Sie sich versehen, haben Sie die gew\u00fcnschten Scheine.<\/p>\n<p>Noch besser: Sie richten einfach ein v\u00f6llig kostenloses Konto ein, <a href=\"https:\/\/onlinelotto365.com\/de\/spielen\">w\u00e4hlen die gew\u00fcnschten Tickets<\/a> und Nummern aus, w\u00e4hlen die f\u00fcr Sie beste Zahlungsoption aus und schon sind Sie fertig. Es ist wirklich so einfach.<\/p>\n<p>Wenn Sie bereit sind, loszulegen, m\u00fcssen Sie als erstes das gew\u00fcnschte Lotto ausw\u00e4hlen. In diesem Fall sehen Sie sich Oz Lotto an. Sobald Sie drin sind, w\u00e4hlen Sie einfach die Zahlen aus, die Sie spielen m\u00f6chten. Sie m\u00fcssen sich nicht einmal Gedanken dar\u00fcber machen, dass Sie Ihre Zahlen falsch w\u00e4hlen, denn das System wird Sie wissen lassen, was Sie brauchen.<\/p>\n<p>Das gilt auch f\u00fcr die Anzahl der Zahlen. Au\u00dferdem k\u00f6nnen Sie eine Schnellauswahl treffen, damit der Computer Ihre Zahlen zuf\u00e4llig ausw\u00e4hlt, und diese Zahlen dann auch bearbeiten.<br \/>\nSobald Sie die gew\u00fcnschten Spielscheine f\u00fcr Oz Lotto haben, k\u00f6nnen Sie w\u00e4hlen, ob Sie noch mehr Spielscheine hinzuf\u00fcgen m\u00f6chten, ein anderes Spiel ausw\u00e4hlen und diese Spielscheine hinzuf\u00fcgen m\u00f6chten oder ob Sie Ihre Spielscheine einfach zu einem Kaufauftrag hinzuf\u00fcgen m\u00f6chten. Gehen Sie zur Kasse und bezahlen Sie von Deutschland aus mit Ihrer bevorzugten Zahlungsmethode und schon sind Sie startklar. Allerdings m\u00fcssen Sie nat\u00fcrlich ein Konto erstellen, um den gesamten Bestellvorgang zu durchlaufen.<\/p>\n<p>Das Anlegen des Kontos ist einfach, und Sie erhalten sofort eine Best\u00e4tigungs-E-Mail und einen Link. Auf diese Weise k\u00f6nnen Sie direkt mit dem <a href=\"https:\/\/onlinelotto365.com\/de\/lose-kaufen\">Kauf der Tickets<\/a> beginnen, ohne warten zu m\u00fcssen. Stellen Sie nur sicher, dass Sie Ihren Posteingang und Ihren Spam-Ordner \u00fcberpr\u00fcfen, denn ohne Best\u00e4tigung k\u00f6nnen Sie Ihre Tickets nicht erhalten. Sie werden in k\u00fcrzester Zeit startklar sein.<br \/>\n<a href=\"https:\/\/redfoxlotto.com\/de\/spielen\/oz-lotto\/?ref=a8564250a2&amp;medium=ol365\" target=\"_blank\" rel=\"noopener noreferrer\"><img decoding=\"async\" class=\"aligncenter\" src=\"https:\/\/redfoxlotto.com\/image?size=8&amp;lottery=oz-lotto\" alt=\"Oz Lotto\" \/><\/a><\/p>\n<h2>\u00dcber Oz Lotto<\/h2>\n<ul>\n<li style=\"list-style-type: none;\">\n<ul>\n<li>Land: Australien<\/li>\n<li>Hauptnummernbereich: 45<\/li>\n<li>Sie m\u00fcssen w\u00e4hlen: 7<\/li>\n<li>Tage, Zeiten der Ziehungen: Dienstag, 21:30 GMT+11 &#8211; 10:30 CET<\/li>\n<li>Jackpot beginnt bei: AU$ 2 Millionen<\/li>\n<li>Jackpot ist gedeckelt bei: keine<\/li>\n<li>Wahrscheinlichkeit, den Jackpot zu gewinnen: 1 zu 45379620<\/li>\n<li>Wahrscheinlichkeit, den zweiten Preis zu gewinnen: 1 zu 3241401<\/li>\n<li>Wahrscheinlichkeit, einen beliebigen Preis zu gewinnen: 1 zu 54,59<\/li>\n<li>Anzahl der Preiskategorien: 7<\/li>\n<\/ul>\n<\/li>\n<\/ul>\n<h2>Beste Eigenschaften von Oz Lotto<\/h2>\n<p>Oz Lotto gibt Lotto-Fans aus Deutschland die <strong>M\u00f6glichkeit, in sieben verschiedenen Divisionen<\/strong> zu gewinnen, was Ihre Chancen auf einen gro\u00dfen Gewinn erh\u00f6ht. Nicht nur das, aber wenn Sie in der Division 1 gewinnen, haben Sie die Garantie, einen Preis von 2 Millionen Dollar zu teilen, und oft viel h\u00f6her. Das bedeutet, dass Sie kein Problem haben werden, etwas Gro\u00dfes zu gewinnen oder zumindest einen Anteil an einem der gro\u00dfen Preisoptionen zu bekommen.<\/p>\n<h2>Wie Sie die Ergebnisse des Oz Lotto \u00fcberpr\u00fcfen k\u00f6nnen<\/h2>\n<p>Es gibt viele M\u00f6glichkeiten, <a href=\"https:\/\/onlinelotto365.com\/de\/gewinnzahlen\">die Gewinnzahlen<\/a> f\u00fcr Oz Lotto zu \u00fcberpr\u00fcfen. Die erste ist, auf die offizielle Website zu gehen oder die lokalen Lotterien \u00fcber Ihre eigene Zeitung oder Ihren Lieblingsnachrichtensender zu \u00fcberpr\u00fcfen. Aber das funktioniert nur, wenn das Spiel lokal ist. Und der beste Weg, wie Sie Ihre Lottozahlen bekommen, ist, indem Sie direkt zu unserer Seite zur\u00fcckkommen.<br \/>\nSchlie\u00dflich haben Sie Ihre Scheine hier gekauft, warum also nicht? Sie k\u00f6nnen sich direkt in Ihr Konto einloggen und Ihre Zahlen mit den Gewinnzahlen vergleichen, um zu sehen, wie viel Sie gewonnen haben.<\/p>\n<h2>Sie sind ein Oz Lotto-Gewinner! &#8211; Was nun?<img loading=\"lazy\" decoding=\"async\" class=\"alignright wp-image-3635\" src=\"https:\/\/onlinelotto365.com\/wp-content\/uploads\/2020\/11\/online_lottery-123-300x300.jpg\" alt=\"play oz lotto online\" width=\"228\" height=\"228\" srcset=\"https:\/\/onlinelotto365.com\/wp-content\/uploads\/2020\/11\/online_lottery-123-300x300.jpg 300w, https:\/\/onlinelotto365.com\/wp-content\/uploads\/2020\/11\/online_lottery-123-100x100.jpg 100w, https:\/\/onlinelotto365.com\/wp-content\/uploads\/2020\/11\/online_lottery-123-150x150.jpg 150w, https:\/\/onlinelotto365.com\/wp-content\/uploads\/2020\/11\/online_lottery-123.jpg 320w\" sizes=\"auto, (max-width: 228px) 100vw, 228px\" \/><\/h2>\n<p>Das erste, was Sie wissen wollen, ist, wie viel Sie bekommen werden. Schlie\u00dflich m\u00f6chte jeder \u00fcber seinen Gewinn Bescheid wissen, richtig? Wenn Sie weniger als \u20ac2500 gewonnen haben, m\u00fcssen Sie nichts tun. Wir k\u00fcmmern uns um die Auszahlung des Gewinns und \u00fcberweisen ihn direkt auf Ihr Online-Konto. Von dort aus k\u00f6nnen Sie ihn abheben, neue Lose kaufen oder alles andere tun, was Sie m\u00f6chten, solange Sie \u00fcber 10 \u20ac liegen.<\/p>\n<p>Wenn Sie mehr als \u20ac2500 gewonnen haben, ist der Prozess etwas komplizierter, aber keine Sorge, wir helfen Ihnen dabei. Wir werden uns mit Ihnen in Verbindung setzen und Ihnen eine Kopie des Antragsformulars zukommen lassen, das an die Lotteriekommission geschickt werden muss. Sobald Sie es ausgef\u00fcllt haben, werden Sie in der Lage sein, Ihren Gewinn zu erhalten, entsprechend dem, was Sie auf dem Papier eingereicht haben. Sie k\u00f6nnen einen Scheck oder eine Bank\u00fcberweisung erhalten.<\/p>\n","protected":false},"excerpt":{"rendered":"<p>Wie spielt man Oz Lotto online Ob Sie in Australien leben oder nicht, Sie k\u00f6nnen Oz Lotto online spielen mit Leichtigkeit. Denn alles, was Sie tun m\u00fcssen, ist, die richtige Seite auf unserer Website zu finden, ein paar Kn\u00f6pfe zu klicken, und ehe Sie sich versehen, haben Sie die gew\u00fcnschten Scheine. Noch besser: Sie richten [&hellip;]<\/p>\n","protected":false},"author":1,"featured_media":0,"parent":5018,"menu_order":14,"comment_status":"closed","ping_status":"closed","template":"template-rightsidebar.php","meta":{"_et_pb_use_builder":"","_et_pb_old_content":"","_et_gb_content_width":"","exclude_from_search":false,"footnotes":""},"class_list":["post-11295","page","type-page","status-publish","hentry"],"yoast_head":"<!-- This site is optimized with the Yoast SEO plugin v23.4 - https:\/\/yoast.com\/wordpress\/plugins\/seo\/ -->\n<title>Spielen Sie gleich hier Oz Lotto - die gr\u00f6\u00dften Lotterien der Welt, online verf\u00fcgbar von Deutschland aus<\/title>\n<meta name=\"description\" content=\"Spielen Sie viele internationale Lotterien online, einschlie\u00dflich OzLotto\" \/>\n<meta name=\"robots\" content=\"index, follow, max-snippet:-1, max-image-preview:large, max-video-preview:-1\" \/>\n<link rel=\"canonical\" href=\"https:\/\/onlinelotto365.com\/de\/spielen\/oz-lotto\/\" \/>\n<meta property=\"og:locale\" content=\"de_DE\" \/>\n<meta property=\"og:type\" content=\"article\" \/>\n<meta property=\"og:title\" content=\"Spielen Sie gleich hier Oz Lotto - die gr\u00f6\u00dften Lotterien der Welt, online verf\u00fcgbar von Deutschland aus\" \/>\n<meta property=\"og:description\" content=\"Spielen Sie viele internationale Lotterien online, einschlie\u00dflich OzLotto\" \/>\n<meta property=\"og:url\" content=\"https:\/\/onlinelotto365.com\/de\/spielen\/oz-lotto\/\" \/>\n<meta property=\"og:site_name\" content=\"OnlineLotto365\" \/>\n<meta property=\"article:modified_time\" content=\"2021-01-07T14:05:22+00:00\" \/>\n<meta property=\"og:image\" content=\"https:\/\/redfoxlotto.com\/image?size=8&amp;lottery=oz-lotto\" \/>\n<meta name=\"twitter:card\" content=\"summary_large_image\" \/>\n<meta name=\"twitter:label1\" content=\"Gesch\u00e4tzte Lesezeit\" \/>\n\t<meta name=\"twitter:data1\" content=\"4\u00a0Minuten\" \/>\n<script type=\"application\/ld+json\" class=\"yoast-schema-graph\">{\"@context\":\"https:\/\/schema.org\",\"@graph\":[{\"@type\":\"WebPage\",\"@id\":\"https:\/\/onlinelotto365.com\/de\/spielen\/oz-lotto\/\",\"url\":\"https:\/\/onlinelotto365.com\/de\/spielen\/oz-lotto\/\",\"name\":\"Spielen Sie gleich hier Oz Lotto - die gr\u00f6\u00dften Lotterien der Welt, online verf\u00fcgbar von Deutschland aus\",\"isPartOf\":{\"@id\":\"https:\/\/onlinelotto365.com\/de\/#website\"},\"primaryImageOfPage\":{\"@id\":\"https:\/\/onlinelotto365.com\/de\/spielen\/oz-lotto\/#primaryimage\"},\"image\":{\"@id\":\"https:\/\/onlinelotto365.com\/de\/spielen\/oz-lotto\/#primaryimage\"},\"thumbnailUrl\":\"https:\/\/redfoxlotto.com\/image?size=8&amp;lottery=oz-lotto\",\"datePublished\":\"2020-12-19T08:29:29+00:00\",\"dateModified\":\"2021-01-07T14:05:22+00:00\",\"description\":\"Spielen Sie viele internationale Lotterien online, einschlie\u00dflich OzLotto\",\"breadcrumb\":{\"@id\":\"https:\/\/onlinelotto365.com\/de\/spielen\/oz-lotto\/#breadcrumb\"},\"inLanguage\":\"de\",\"potentialAction\":[{\"@type\":\"ReadAction\",\"target\":[\"https:\/\/onlinelotto365.com\/de\/spielen\/oz-lotto\/\"]}]},{\"@type\":\"ImageObject\",\"inLanguage\":\"de\",\"@id\":\"https:\/\/onlinelotto365.com\/de\/spielen\/oz-lotto\/#primaryimage\",\"url\":\"https:\/\/redfoxlotto.com\/image?size=8&amp;lottery=oz-lotto\",\"contentUrl\":\"https:\/\/redfoxlotto.com\/image?size=8&amp;lottery=oz-lotto\"},{\"@type\":\"BreadcrumbList\",\"@id\":\"https:\/\/onlinelotto365.com\/de\/spielen\/oz-lotto\/#breadcrumb\",\"itemListElement\":[{\"@type\":\"ListItem\",\"position\":1,\"name\":\"Home\",\"item\":\"https:\/\/onlinelotto365.com\/de\/\"},{\"@type\":\"ListItem\",\"position\":2,\"name\":\"Alles, was Sie wissen m\u00fcssen, um die besten Lotterien online zu spielen\",\"item\":\"https:\/\/onlinelotto365.com\/de\/spielen\/\"},{\"@type\":\"ListItem\",\"position\":3,\"name\":\"Oz-Lotto zu spielen ist nur eine der Optionen f\u00fcr Lotterie-Fans aus Deutschland\"}]},{\"@type\":\"WebSite\",\"@id\":\"https:\/\/onlinelotto365.com\/de\/#website\",\"url\":\"https:\/\/onlinelotto365.com\/de\/\",\"name\":\"OnlineLotto365\",\"description\":\"\",\"potentialAction\":[{\"@type\":\"SearchAction\",\"target\":{\"@type\":\"EntryPoint\",\"urlTemplate\":\"https:\/\/onlinelotto365.com\/de\/?s={search_term_string}\"},\"query-input\":{\"@type\":\"PropertyValueSpecification\",\"valueRequired\":true,\"valueName\":\"search_term_string\"}}],\"inLanguage\":\"de\"}]}<\/script>\n<!-- \/ Yoast SEO plugin. -->","yoast_head_json":{"title":"Spielen Sie gleich hier Oz Lotto - die gr\u00f6\u00dften Lotterien der Welt, online verf\u00fcgbar von Deutschland aus","description":"Spielen Sie viele internationale Lotterien online, einschlie\u00dflich OzLotto","robots":{"index":"index","follow":"follow","max-snippet":"max-snippet:-1","max-image-preview":"max-image-preview:large","max-video-preview":"max-video-preview:-1"},"canonical":"https:\/\/onlinelotto365.com\/de\/spielen\/oz-lotto\/","og_locale":"de_DE","og_type":"article","og_title":"Spielen Sie gleich hier Oz Lotto - die gr\u00f6\u00dften Lotterien der Welt, online verf\u00fcgbar von Deutschland aus","og_description":"Spielen Sie viele internationale Lotterien online, einschlie\u00dflich OzLotto","og_url":"https:\/\/onlinelotto365.com\/de\/spielen\/oz-lotto\/","og_site_name":"OnlineLotto365","article_modified_time":"2021-01-07T14:05:22+00:00","og_image":[{"url":"https:\/\/redfoxlotto.com\/image?size=8&amp;lottery=oz-lotto"}],"twitter_card":"summary_large_image","twitter_misc":{"Gesch\u00e4tzte Lesezeit":"4\u00a0Minuten"},"schema":{"@context":"https:\/\/schema.org","@graph":[{"@type":"WebPage","@id":"https:\/\/onlinelotto365.com\/de\/spielen\/oz-lotto\/","url":"https:\/\/onlinelotto365.com\/de\/spielen\/oz-lotto\/","name":"Spielen Sie gleich hier Oz Lotto - die gr\u00f6\u00dften Lotterien der Welt, online verf\u00fcgbar von Deutschland aus","isPartOf":{"@id":"https:\/\/onlinelotto365.com\/de\/#website"},"primaryImageOfPage":{"@id":"https:\/\/onlinelotto365.com\/de\/spielen\/oz-lotto\/#primaryimage"},"image":{"@id":"https:\/\/onlinelotto365.com\/de\/spielen\/oz-lotto\/#primaryimage"},"thumbnailUrl":"https:\/\/redfoxlotto.com\/image?size=8&amp;lottery=oz-lotto","datePublished":"2020-12-19T08:29:29+00:00","dateModified":"2021-01-07T14:05:22+00:00","description":"Spielen Sie viele internationale Lotterien online, einschlie\u00dflich OzLotto","breadcrumb":{"@id":"https:\/\/onlinelotto365.com\/de\/spielen\/oz-lotto\/#breadcrumb"},"inLanguage":"de","potentialAction":[{"@type":"ReadAction","target":["https:\/\/onlinelotto365.com\/de\/spielen\/oz-lotto\/"]}]},{"@type":"ImageObject","inLanguage":"de","@id":"https:\/\/onlinelotto365.com\/de\/spielen\/oz-lotto\/#primaryimage","url":"https:\/\/redfoxlotto.com\/image?size=8&amp;lottery=oz-lotto","contentUrl":"https:\/\/redfoxlotto.com\/image?size=8&amp;lottery=oz-lotto"},{"@type":"BreadcrumbList","@id":"https:\/\/onlinelotto365.com\/de\/spielen\/oz-lotto\/#breadcrumb","itemListElement":[{"@type":"ListItem","position":1,"name":"Home","item":"https:\/\/onlinelotto365.com\/de\/"},{"@type":"ListItem","position":2,"name":"Alles, was Sie wissen m\u00fcssen, um die besten Lotterien online zu spielen","item":"https:\/\/onlinelotto365.com\/de\/spielen\/"},{"@type":"ListItem","position":3,"name":"Oz-Lotto zu spielen ist nur eine der Optionen f\u00fcr Lotterie-Fans aus Deutschland"}]},{"@type":"WebSite","@id":"https:\/\/onlinelotto365.com\/de\/#website","url":"https:\/\/onlinelotto365.com\/de\/","name":"OnlineLotto365","description":"","potentialAction":[{"@type":"SearchAction","target":{"@type":"EntryPoint","urlTemplate":"https:\/\/onlinelotto365.com\/de\/?s={search_term_string}"},"query-input":{"@type":"PropertyValueSpecification","valueRequired":true,"valueName":"search_term_string"}}],"inLanguage":"de"}]}},"_links":{"self":[{"href":"https:\/\/onlinelotto365.com\/de\/wp-json\/wp\/v2\/pages\/11295","targetHints":{"allow":["GET"]}}],"collection":[{"href":"https:\/\/onlinelotto365.com\/de\/wp-json\/wp\/v2\/pages"}],"about":[{"href":"https:\/\/onlinelotto365.com\/de\/wp-json\/wp\/v2\/types\/page"}],"author":[{"embeddable":true,"href":"https:\/\/onlinelotto365.com\/de\/wp-json\/wp\/v2\/users\/1"}],"replies":[{"embeddable":true,"href":"https:\/\/onlinelotto365.com\/de\/wp-json\/wp\/v2\/comments?post=11295"}],"version-history":[{"count":0,"href":"https:\/\/onlinelotto365.com\/de\/wp-json\/wp\/v2\/pages\/11295\/revisions"}],"up":[{"embeddable":true,"href":"https:\/\/onlinelotto365.com\/de\/wp-json\/wp\/v2\/pages\/5018"}],"wp:attachment":[{"href":"https:\/\/onlinelotto365.com\/de\/wp-json\/wp\/v2\/media?parent=11295"}],"curies":[{"name":"wp","href":"https:\/\/api.w.org\/{rel}","templated":true}]}}