{"id":11297,"date":"2020-12-19T09:30:45","date_gmt":"2020-12-19T08:30:45","guid":{"rendered":"http:\/\/onlinelotto365.net\/?page_id=11297"},"modified":"2021-01-07T15:03:32","modified_gmt":"2021-01-07T14:03:32","slug":"saturday-lotto-australia","status":"publish","type":"page","link":"https:\/\/onlinelotto365.com\/de\/spielen\/saturday-lotto-australia\/","title":{"rendered":"Samstags Lotto Australien spielen ist nur eine der Optionen f\u00fcr Lotterie-Fans aus Deutschland"},"content":{"rendered":"<h2>Wie man Samstagslotto Australien online spielt<\/h2>\n<p>Wenn Sie <strong>in Deutschland<\/strong> oder anderswo leben, werden Sie feststellen, dass es nicht so schwierig ist, wie Sie vielleicht denken, <strong>Samstagslotto Australien<\/strong> zu spielen. Au\u00dferdem haben Sie die M\u00f6glichkeit, die gew\u00fcnschten Scheine zu bekommen, ohne viel Zeit daf\u00fcr aufwenden zu m\u00fcssen, was k\u00f6nnte besser sein als das?<\/p>\n<p>Nun, die Tatsache, dass wir Ihnen auf dem Weg dorthin helfen werden, wird definitiv auch ein gro\u00dfer Vorteil sein. Sie k\u00f6nnen alle Optionen ausw\u00e4hlen, die Sie m\u00f6chten, Ihr Konto erstellen, Ihre Tickets kaufen und alles andere, was Sie brauchen, mit Ihrer bevorzugten Zahlungsmethode in k\u00fcrzester Zeit. Und wir sorgen daf\u00fcr, dass die Tickets f\u00fcr Sie bereitstehen, wenn die Ziehung kommt.<\/p>\n<p>Alles, was Sie tun m\u00fcssen, ist, sich die verschiedenen <a href=\"http:\/\/onlinelotto365.com\/de\">Lottooptionen<\/a> anzusehen und Samstagslotto Deutschland auszuw\u00e4hlen. Sobald Sie dies getan haben, erhalten Sie die M\u00f6glichkeit, Ihre Zahlen f\u00fcr jeden gew\u00fcnschten Schein auszuw\u00e4hlen.<br \/>\nMachen Sie sich keine Sorgen, dass Sie die falsche Anzahl an Zahlen ausw\u00e4hlen, denn <strong>das System wird Sie leiten<\/strong>, um genau die richtige Anzahl zu erhalten. Und wenn Sie sich nicht ganz sicher sind, welche Zahlen Sie haben m\u00f6chten, k\u00f6nnen Sie einfach eine Schnellauswahl treffen, damit der Computer die Zahlen f\u00fcr Sie ausw\u00e4hlt.<\/p>\n<p>Sobald Sie Ihre Tickets haben, k\u00f6nnen Sie weitere hinzuf\u00fcgen, Tickets f\u00fcr ein anderes Spiel ausw\u00e4hlen oder einfach Ihre Bestellung erg\u00e4nzen und den Kauf abschlie\u00dfen. Der Bestellvorgang ist so einfach wie m\u00f6glich gestaltet, so dass Sie Ihre Tickets im Handumdrehen bezahlen und sich auf den Weg machen k\u00f6nnen. Alles, was Sie tun m\u00fcssen, ist Ihr Konto zu erstellen.<\/p>\n<p>Das Erstellen eines Kontos ist ein Kinderspiel, da wir nicht viele Informationen ben\u00f6tigen. Und dann schicken wir Ihnen eine Best\u00e4tigungs-E-Mail, damit Sie Ihr Konto abschlie\u00dfen k\u00f6nnen. Denken Sie daran, dass sie in Ihrem Spam-Ordner landen k\u00f6nnte (was bedeutet, dass Sie uns zu Ihrem Adressbuch hinzuf\u00fcgen m\u00fcssen). Damit haben Sie ein Konto und die <strong>M\u00f6glichkeit, weitere Tickets zu kaufen, wann immer Sie wollen.<\/strong><br \/>\n<a href=\"https:\/\/redfoxlotto.com\/de\/spielen\/saturday-lotto-au\/?ref=a8564250a2&amp;medium=ol365\" target=\"_blank\" rel=\"noopener noreferrer\"><img decoding=\"async\" class=\"aligncenter\" src=\"https:\/\/redfoxlotto.com\/image?size=8&amp;lottery=saturday-lotto-au\" alt=\"Saturday Lotto Australia\" \/><\/a><\/p>\n<h2>\u00dcber Samstagslotto Australien<\/h2>\n<ul>\n<li style=\"list-style-type: none;\">\n<ul>\n<li>Land: Deutschland<\/li>\n<li>Hauptnummernbereich: 45<\/li>\n<li>Sie m\u00fcssen w\u00e4hlen: 6<\/li>\n<li>Tage, Zeiten der Ziehungen: Samstag, 21:30 GMT+11 &#8211; 10:30 CET<\/li>\n<li>Jackpot beginnt bei: AU$ 5 Millionen<\/li>\n<li>Jackpot ist gedeckelt bei: AU$ 150 Millionen<\/li>\n<li>Wahrscheinlichkeit, den Jackpot zu gewinnen: 1 zu 8145060<\/li>\n<li>Wahrscheinlichkeit, den zweiten Preis zu gewinnen: 1 zu 678755<\/li>\n<li>Wahrscheinlichkeit, einen beliebigen Preis zu gewinnen: 1 zu 85,44<\/li>\n<li>Anzahl der Preiskategorien: 6<\/li>\n<\/ul>\n<\/li>\n<\/ul>\n<h2>Beste Eigenschaften von Samstagslotto Deutschland<\/h2>\n<p>Beim Samstagslotto Australien gibt es jede Menge Gewinnchancen und Jackpots von mehreren Millionen. Noch besser ist, dass es in jeder Ziehung Hunderttausende von Gewinnern gibt. Sie k\u00f6nnten einen kleinen Preis von weniger als $10 gewinnen oder Sie k\u00f6nnten gro\u00dfe Preise gewinnen, die Hunderttausende von Dollar betragen. Alles, was Sie tun m\u00fcssen, ist, die richtigen Zahlen zu tippen.<\/p>\n<h2>Wie Sie die Ergebnisse des Samstagslottos in Australien \u00fcberpr\u00fcfen<\/h2>\n<p>Wenn es an der Zeit ist, die Ergebnisse des Samstagslottos Deutschland zu \u00fcberpr\u00fcfen, haben Sie mehrere verschiedene M\u00f6glichkeiten. Die erste ist, einen Blick auf die offizielle Website der Lotterie zu werfen. Dort werden die <a href=\"https:\/\/onlinelotto365.com\/de\/gewinnzahlen\">Gewinnzahlen<\/a> immer nach der Ziehung ver\u00f6ffentlicht.<br \/>\nSie k\u00f6nnen aber auch in lokalen Zeitungen und Fernsehsendern nachsehen, wenn Sie vor Ort leben. Wenn Sie in Deutschland leben, ist es nat\u00fcrlich am einfachsten und besten, wenn Sie zu unserer Website zur\u00fcckkehren und sich in Ihr Konto einloggen. Von dort aus k\u00f6nnen Sie die letzten Gewinnzahlen sehen und sie mit Ihren eigenen vergleichen.<\/p>\n<h2>Sie haben Samstag Lotto Australien online gespielt und gewonnen &#8211; wie geht es weiter?<\/h2>\n<p>Haben Sie bei der letzten Ziehung etwas gewonnen? Wenn ja, werden Sie wissen wollen, wie viel und das wird sich darauf auswirken, wie Sie Ihr Geld bekommen. Jeder Betrag unter \u20ac2500 kann direkt auf Ihr Konto eingezahlt werden, und das wird es auch. Das bedeutet, dass Sie damit tun k\u00f6nnen, was immer Sie wollen, von der Abhebung (wenn es \u00fcber \u20ac10 ist), bis zum Kauf von ein paar mehr Tickets f\u00fcr dieses oder jedes andere Spiel, das Sie wollen.<br \/>\nWenn Sie hingegen das Gl\u00fcck hatten, mehr als \u20ac2500 zu gewinnen, helfen wir Ihnen bei der Auszahlung Ihres Gewinns, was etwas mehr Aufwand erfordert. F\u00fcr diesen Prozess m\u00fcssen Sie ein Antragsformular f\u00fcr die Lotteriekommission ausf\u00fcllen und entscheiden, ob Sie Ihr Geld per Bank\u00fcberweisung oder per Scheck erhalten m\u00f6chten. Das ist ganz Ihnen \u00fcberlassen.<\/p>\n","protected":false},"excerpt":{"rendered":"<p>Wie man Samstagslotto Australien online spielt Wenn Sie in Deutschland oder anderswo leben, werden Sie feststellen, dass es nicht so schwierig ist, wie Sie vielleicht denken, Samstagslotto Australien zu spielen. Au\u00dferdem haben Sie die M\u00f6glichkeit, die gew\u00fcnschten Scheine zu bekommen, ohne viel Zeit daf\u00fcr aufwenden zu m\u00fcssen, was k\u00f6nnte besser sein als das? Nun, die [&hellip;]<\/p>\n","protected":false},"author":1,"featured_media":0,"parent":5018,"menu_order":15,"comment_status":"closed","ping_status":"closed","template":"saturday-lotto.php","meta":{"_et_pb_use_builder":"","_et_pb_old_content":"","_et_gb_content_width":"","exclude_from_search":false,"footnotes":""},"class_list":["post-11297","page","type-page","status-publish","hentry"],"yoast_head":"<!-- This site is optimized with the Yoast SEO plugin v23.4 - https:\/\/yoast.com\/wordpress\/plugins\/seo\/ -->\n<title>Unser Service erm\u00f6glicht es Ihnen, von Deutschland aus online Samstags-Lotto Australien zu spielen<\/title>\n<meta name=\"description\" content=\"Auch in Australien gibt es Samstags-Lotto - spielen Sie es jetzt online\" \/>\n<meta name=\"robots\" content=\"index, follow, max-snippet:-1, max-image-preview:large, max-video-preview:-1\" \/>\n<link rel=\"canonical\" href=\"https:\/\/onlinelotto365.com\/de\/spielen\/saturday-lotto-australia\/\" \/>\n<meta property=\"og:locale\" content=\"de_DE\" \/>\n<meta property=\"og:type\" content=\"article\" \/>\n<meta property=\"og:title\" content=\"Unser Service erm\u00f6glicht es Ihnen, von Deutschland aus online Samstags-Lotto Australien zu spielen\" \/>\n<meta property=\"og:description\" content=\"Auch in Australien gibt es Samstags-Lotto - spielen Sie es jetzt online\" \/>\n<meta property=\"og:url\" content=\"https:\/\/onlinelotto365.com\/de\/spielen\/saturday-lotto-australia\/\" \/>\n<meta property=\"og:site_name\" content=\"OnlineLotto365\" \/>\n<meta property=\"article:modified_time\" content=\"2021-01-07T14:03:32+00:00\" \/>\n<meta property=\"og:image\" content=\"https:\/\/redfoxlotto.com\/image?size=8&amp;lottery=saturday-lotto-au\" \/>\n<meta name=\"twitter:card\" content=\"summary_large_image\" \/>\n<meta name=\"twitter:label1\" content=\"Gesch\u00e4tzte Lesezeit\" \/>\n\t<meta name=\"twitter:data1\" content=\"4\u00a0Minuten\" \/>\n<script type=\"application\/ld+json\" class=\"yoast-schema-graph\">{\"@context\":\"https:\/\/schema.org\",\"@graph\":[{\"@type\":\"WebPage\",\"@id\":\"https:\/\/onlinelotto365.com\/de\/spielen\/saturday-lotto-australia\/\",\"url\":\"https:\/\/onlinelotto365.com\/de\/spielen\/saturday-lotto-australia\/\",\"name\":\"Unser Service erm\u00f6glicht es Ihnen, von Deutschland aus online Samstags-Lotto Australien zu spielen\",\"isPartOf\":{\"@id\":\"https:\/\/onlinelotto365.com\/de\/#website\"},\"primaryImageOfPage\":{\"@id\":\"https:\/\/onlinelotto365.com\/de\/spielen\/saturday-lotto-australia\/#primaryimage\"},\"image\":{\"@id\":\"https:\/\/onlinelotto365.com\/de\/spielen\/saturday-lotto-australia\/#primaryimage\"},\"thumbnailUrl\":\"https:\/\/redfoxlotto.com\/image?size=8&amp;lottery=saturday-lotto-au\",\"datePublished\":\"2020-12-19T08:30:45+00:00\",\"dateModified\":\"2021-01-07T14:03:32+00:00\",\"description\":\"Auch in Australien gibt es Samstags-Lotto - spielen Sie es jetzt online\",\"breadcrumb\":{\"@id\":\"https:\/\/onlinelotto365.com\/de\/spielen\/saturday-lotto-australia\/#breadcrumb\"},\"inLanguage\":\"de\",\"potentialAction\":[{\"@type\":\"ReadAction\",\"target\":[\"https:\/\/onlinelotto365.com\/de\/spielen\/saturday-lotto-australia\/\"]}]},{\"@type\":\"ImageObject\",\"inLanguage\":\"de\",\"@id\":\"https:\/\/onlinelotto365.com\/de\/spielen\/saturday-lotto-australia\/#primaryimage\",\"url\":\"https:\/\/redfoxlotto.com\/image?size=8&amp;lottery=saturday-lotto-au\",\"contentUrl\":\"https:\/\/redfoxlotto.com\/image?size=8&amp;lottery=saturday-lotto-au\"},{\"@type\":\"BreadcrumbList\",\"@id\":\"https:\/\/onlinelotto365.com\/de\/spielen\/saturday-lotto-australia\/#breadcrumb\",\"itemListElement\":[{\"@type\":\"ListItem\",\"position\":1,\"name\":\"Home\",\"item\":\"https:\/\/onlinelotto365.com\/de\/\"},{\"@type\":\"ListItem\",\"position\":2,\"name\":\"Alles, was Sie wissen m\u00fcssen, um die besten Lotterien online zu spielen\",\"item\":\"https:\/\/onlinelotto365.com\/de\/spielen\/\"},{\"@type\":\"ListItem\",\"position\":3,\"name\":\"Samstags Lotto Australien spielen ist nur eine der Optionen f\u00fcr Lotterie-Fans aus Deutschland\"}]},{\"@type\":\"WebSite\",\"@id\":\"https:\/\/onlinelotto365.com\/de\/#website\",\"url\":\"https:\/\/onlinelotto365.com\/de\/\",\"name\":\"OnlineLotto365\",\"description\":\"\",\"potentialAction\":[{\"@type\":\"SearchAction\",\"target\":{\"@type\":\"EntryPoint\",\"urlTemplate\":\"https:\/\/onlinelotto365.com\/de\/?s={search_term_string}\"},\"query-input\":{\"@type\":\"PropertyValueSpecification\",\"valueRequired\":true,\"valueName\":\"search_term_string\"}}],\"inLanguage\":\"de\"}]}<\/script>\n<!-- \/ Yoast SEO plugin. -->","yoast_head_json":{"title":"Unser Service erm\u00f6glicht es Ihnen, von Deutschland aus online Samstags-Lotto Australien zu spielen","description":"Auch in Australien gibt es Samstags-Lotto - spielen Sie es jetzt online","robots":{"index":"index","follow":"follow","max-snippet":"max-snippet:-1","max-image-preview":"max-image-preview:large","max-video-preview":"max-video-preview:-1"},"canonical":"https:\/\/onlinelotto365.com\/de\/spielen\/saturday-lotto-australia\/","og_locale":"de_DE","og_type":"article","og_title":"Unser Service erm\u00f6glicht es Ihnen, von Deutschland aus online Samstags-Lotto Australien zu spielen","og_description":"Auch in Australien gibt es Samstags-Lotto - spielen Sie es jetzt online","og_url":"https:\/\/onlinelotto365.com\/de\/spielen\/saturday-lotto-australia\/","og_site_name":"OnlineLotto365","article_modified_time":"2021-01-07T14:03:32+00:00","og_image":[{"url":"https:\/\/redfoxlotto.com\/image?size=8&amp;lottery=saturday-lotto-au"}],"twitter_card":"summary_large_image","twitter_misc":{"Gesch\u00e4tzte Lesezeit":"4\u00a0Minuten"},"schema":{"@context":"https:\/\/schema.org","@graph":[{"@type":"WebPage","@id":"https:\/\/onlinelotto365.com\/de\/spielen\/saturday-lotto-australia\/","url":"https:\/\/onlinelotto365.com\/de\/spielen\/saturday-lotto-australia\/","name":"Unser Service erm\u00f6glicht es Ihnen, von Deutschland aus online Samstags-Lotto Australien zu spielen","isPartOf":{"@id":"https:\/\/onlinelotto365.com\/de\/#website"},"primaryImageOfPage":{"@id":"https:\/\/onlinelotto365.com\/de\/spielen\/saturday-lotto-australia\/#primaryimage"},"image":{"@id":"https:\/\/onlinelotto365.com\/de\/spielen\/saturday-lotto-australia\/#primaryimage"},"thumbnailUrl":"https:\/\/redfoxlotto.com\/image?size=8&amp;lottery=saturday-lotto-au","datePublished":"2020-12-19T08:30:45+00:00","dateModified":"2021-01-07T14:03:32+00:00","description":"Auch in Australien gibt es Samstags-Lotto - spielen Sie es jetzt online","breadcrumb":{"@id":"https:\/\/onlinelotto365.com\/de\/spielen\/saturday-lotto-australia\/#breadcrumb"},"inLanguage":"de","potentialAction":[{"@type":"ReadAction","target":["https:\/\/onlinelotto365.com\/de\/spielen\/saturday-lotto-australia\/"]}]},{"@type":"ImageObject","inLanguage":"de","@id":"https:\/\/onlinelotto365.com\/de\/spielen\/saturday-lotto-australia\/#primaryimage","url":"https:\/\/redfoxlotto.com\/image?size=8&amp;lottery=saturday-lotto-au","contentUrl":"https:\/\/redfoxlotto.com\/image?size=8&amp;lottery=saturday-lotto-au"},{"@type":"BreadcrumbList","@id":"https:\/\/onlinelotto365.com\/de\/spielen\/saturday-lotto-australia\/#breadcrumb","itemListElement":[{"@type":"ListItem","position":1,"name":"Home","item":"https:\/\/onlinelotto365.com\/de\/"},{"@type":"ListItem","position":2,"name":"Alles, was Sie wissen m\u00fcssen, um die besten Lotterien online zu spielen","item":"https:\/\/onlinelotto365.com\/de\/spielen\/"},{"@type":"ListItem","position":3,"name":"Samstags Lotto Australien spielen ist nur eine der Optionen f\u00fcr Lotterie-Fans aus Deutschland"}]},{"@type":"WebSite","@id":"https:\/\/onlinelotto365.com\/de\/#website","url":"https:\/\/onlinelotto365.com\/de\/","name":"OnlineLotto365","description":"","potentialAction":[{"@type":"SearchAction","target":{"@type":"EntryPoint","urlTemplate":"https:\/\/onlinelotto365.com\/de\/?s={search_term_string}"},"query-input":{"@type":"PropertyValueSpecification","valueRequired":true,"valueName":"search_term_string"}}],"inLanguage":"de"}]}},"_links":{"self":[{"href":"https:\/\/onlinelotto365.com\/de\/wp-json\/wp\/v2\/pages\/11297","targetHints":{"allow":["GET"]}}],"collection":[{"href":"https:\/\/onlinelotto365.com\/de\/wp-json\/wp\/v2\/pages"}],"about":[{"href":"https:\/\/onlinelotto365.com\/de\/wp-json\/wp\/v2\/types\/page"}],"author":[{"embeddable":true,"href":"https:\/\/onlinelotto365.com\/de\/wp-json\/wp\/v2\/users\/1"}],"replies":[{"embeddable":true,"href":"https:\/\/onlinelotto365.com\/de\/wp-json\/wp\/v2\/comments?post=11297"}],"version-history":[{"count":0,"href":"https:\/\/onlinelotto365.com\/de\/wp-json\/wp\/v2\/pages\/11297\/revisions"}],"up":[{"embeddable":true,"href":"https:\/\/onlinelotto365.com\/de\/wp-json\/wp\/v2\/pages\/5018"}],"wp:attachment":[{"href":"https:\/\/onlinelotto365.com\/de\/wp-json\/wp\/v2\/media?parent=11297"}],"curies":[{"name":"wp","href":"https:\/\/api.w.org\/{rel}","templated":true}]}}