{"id":11301,"date":"2020-12-19T09:32:32","date_gmt":"2020-12-19T08:32:32","guid":{"rendered":"http:\/\/onlinelotto365.net\/?page_id=11301"},"modified":"2021-01-06T11:41:56","modified_gmt":"2021-01-06T10:41:56","slug":"mon-wed-lotto-australia","status":"publish","type":"page","link":"https:\/\/onlinelotto365.com\/de\/spielen\/mon-wed-lotto-australia\/","title":{"rendered":"Mon &#038; Wed Lotto spielen Australien ist nur eine der Optionen f\u00fcr Lotterie-Fans aus Deutschland"},"content":{"rendered":"<h2>Wie man Mon &amp; Wed Lotto Australien online spielt<\/h2>\n<p>Wenn Sie in Deutschland sind, muss es nicht schwierig sein, Mon &amp; Wed Lotto Deutschland online zu spielen. Alles, was Sie tun m\u00fcssen, ist herauszufinden, wie Sie es machen und wie Sie die Scheine, die Sie f\u00fcr die n\u00e4chste Ziehung haben m\u00f6chten, bekommen. Wir k\u00f6nnen Ihnen dabei helfen.<\/p>\n<p>Unser System sorgt daf\u00fcr, dass Sie den ganzen Weg \u00fcber auf dem richtigen Weg sind. Alles, was Sie tun m\u00fcssen, ist Ihr Konto zu erstellen, die gew\u00fcnschten Lose und Nummern auszuw\u00e4hlen und diese dann mit Ihrer bevorzugten Zahlungsmethode zu bezahlen. Und schon sind Sie startklar und warten auf die n\u00e4chste Ziehung, damit Sie Ihre Tickets \u00fcberpr\u00fcfen k\u00f6nnen.<\/p>\n<p>Wenn Sie bereit sind, <a href=\"https:\/\/onlinelotto365.com\/de\/lose-kaufen\">die ersten Tickets abzuholen<\/a>, m\u00fcssen Sie nur noch das richtige Spiel ausw\u00e4hlen. In diesem Fall handelt es sich um das Mon &amp; Wed Lotto Australia. W\u00e4hlen Sie also das richtige Spiel und beginnen Sie mit der Ziehung Ihrer Zahlen.<br \/>\nOder w\u00e4hlen Sie eine Schnellwahl, bei der der Computer zuf\u00e4llige Zahlen f\u00fcr Sie ausw\u00e4hlt. Sie k\u00f6nnen diese Zahlen sogar noch anpassen, wenn Sie Ihre Meinung \u00e4ndern, so dass Sie f\u00fcr jede Ziehung die Zahlen bekommen, die Sie wollen.<\/p>\n<p>Sobald Sie Ihre <a href=\"https:\/\/onlinelotto365.com\/de\/gewinnzahlen\/mon-wed-lotto\">Mon &amp; Wed Lotto Australia Zahlen<\/a> ausgew\u00e4hlt haben, k\u00f6nnen Sie einige Scheine f\u00fcr andere Spiele, die Sie spielen m\u00f6chten, ausw\u00e4hlen und zur Kasse gehen. Der Kassiervorgang ist sicher und stellt auch sicher, dass Sie derjenige sind, der die Scheine kauft. Sie m\u00fcssen Ihr Konto verifizieren (und eines erstellen) und dann k\u00f6nnen Sie anfangen, die gew\u00fcnschten Tickets zu kaufen.<\/p>\n<p>Erstellen Sie einfach ein Konto mit Ihren pers\u00f6nlichen Daten und klicken Sie auf den Link in der Verifizierungs-E-Mail, die wir Ihnen schicken. Sie k\u00f6nnte sich in Ihrem Spam-Ordner befinden, wenn Sie uns noch nicht zu Ihrem Adressbuch hinzugef\u00fcgt haben, also achten Sie auf diese E-Mail. Von dort aus ist Ihr Konto bereit und Sie k\u00f6nnen mit dem Kauf der gew\u00fcnschten Tickets beginnen.<br \/>\n<a href=\"https:\/\/redfoxlotto.com\/de\/spielen\/monday-wednesday-lotto-au\/?ref=a8564250a2&amp;medium=ol365\" target=\"_blank\" rel=\"noopener noreferrer\"><img decoding=\"async\" class=\"aligncenter\" src=\"https:\/\/redfoxlotto.com\/image?size=8&amp;lottery=monday-wednesday-lotto-au\" alt=\"Mon &amp; Wed Lotto Australia\" \/><\/a><\/p>\n<h2>\u00dcber Mon &amp; Wed Lotto Australia<\/h2>\n<ul>\n<li style=\"list-style-type: none;\">\n<ul>\n<li>Land: Australien<\/li>\n<li>Hauptnummernbereich: 45<\/li>\n<li>Sie m\u00fcssen w\u00e4hlen: 6<\/li>\n<li>Tage, Zeiten der Ziehungen: Montag, Mittwoch, 21:30 GMT+11 &#8211; 10:30 CET<\/li>\n<li>Jackpot beginnt bei: AU$ 2,5 Millionen<\/li>\n<li>Jackpot ist gedeckelt bei: fester Jackpot<\/li>\n<li>Wahrscheinlichkeit, den Jackpot zu gewinnen: 1 zu 8145060<\/li>\n<li>Wahrscheinlichkeit, den zweiten Preis zu gewinnen: 1 zu 678755<\/li>\n<li>Wahrscheinlichkeit, einen beliebigen Preis zu gewinnen: 1 zu 85,44<\/li>\n<li>Anzahl der Preiskategorien: 6<\/li>\n<\/ul>\n<\/li>\n<\/ul>\n<h2>Beste Eigenschaften von Mon &amp; Wed Lotto Australia<\/h2>\n<p>Zweimal pro Woche gezogen, gibt Ihnen das Mon &amp; Wed Lotto Australia die Chance auf einen Anteil an Millionengewinnen. Und alles, was Sie tun m\u00fcssen, ist, die Chance zu nutzen und sich in den Gewinnpool der Division 1 zu bringen. Man wei\u00df nie, was man mitnehmen k\u00f6nnte.<\/p>\n<h2>Wie Sie die Mon &amp; Wed Lotto Australia Ergebnisse \u00fcberpr\u00fcfen<\/h2>\n<p>Wenn es darum geht, die Ergebnisse zu \u00fcberpr\u00fcfen, werden Sie vielleicht \u00fcberrascht sein, zu wie vielen Stellen Sie gehen k\u00f6nnen. Sie k\u00f6nnen auf der Website der Lotterie nachsehen, um die Zahlen direkt nach der Ziehung zu finden. Sie k\u00f6nnen auch lokale Zeitungen und Fernsehsender nach der Ziehung \u00fcberpr\u00fcfen.<br \/>\nAber wenn Sie Ihre Ergebnisse schnell und einfach von Deutschland aus erhalten m\u00f6chten, sollten Sie auf der Website nachsehen, wo Sie Ihre Scheine gekauft haben. <strong>Dort finden Sie nicht nur die Gewinnzahlen, sondern auch einen Vergleich mit Ihren Zahlen.<\/strong><\/p>\n<h2>Sie haben Mon &amp; Wed Lotto Australia online gespielt und gewonnen &#8211; wie geht es weiter?<\/h2>\n<p>Sehen Sie sich die Gewinnzahlen an, Ihre Zahlen und wie viel Sie beim Spiel gewonnen haben. Wenn Sie weniger als \u20ac2500 gewonnen haben, m\u00fcssen Sie nichts weiter tun. Das Geld wird bereits auf Ihrem Konto sein.<br \/>\nUnd sobald es auf Ihrem Konto ist, m\u00fcssen Sie es nur noch abheben (wenn es \u00fcber 10 \u20ac liegt) oder es f\u00fcr weitere Lottoscheine ausgeben. Sie k\u00f6nnen das Geld so lange auf Ihrem Konto lassen, wie Sie wollen, es ist also immer da.<br \/>\nWenn Sie Gl\u00fcck haben und mehr als \u20ac2500 gewinnen, werden Sie eine Nachricht von unserem Support-Team erhalten. Sie werden Ihnen helfen, Ihre n\u00e4chsten Schritte herauszufinden, einschlie\u00dflich des Ausf\u00fcllens eines Antragsformulars, um Ihre Gewinne zu erhalten. Und dann wird Ihr Geld direkt auf Ihr Bankkonto eingezahlt oder per Scheck an Sie geschickt.<\/p>\n","protected":false},"excerpt":{"rendered":"<p>Wie man Mon &amp; Wed Lotto Australien online spielt Wenn Sie in Deutschland sind, muss es nicht schwierig sein, Mon &amp; Wed Lotto Deutschland online zu spielen. Alles, was Sie tun m\u00fcssen, ist herauszufinden, wie Sie es machen und wie Sie die Scheine, die Sie f\u00fcr die n\u00e4chste Ziehung haben m\u00f6chten, bekommen. Wir k\u00f6nnen Ihnen [&hellip;]<\/p>\n","protected":false},"author":1,"featured_media":0,"parent":5018,"menu_order":16,"comment_status":"closed","ping_status":"closed","template":"template-rightsidebar.php","meta":{"_et_pb_use_builder":"","_et_pb_old_content":"","_et_gb_content_width":"","exclude_from_search":false,"footnotes":""},"class_list":["post-11301","page","type-page","status-publish","hentry"],"yoast_head":"<!-- This site is optimized with the Yoast SEO plugin v23.4 - https:\/\/yoast.com\/wordpress\/plugins\/seo\/ -->\n<title>Am Mon &amp; Wed Lotto Australien auch von Deutschland aus teilnehmen<\/title>\n<meta name=\"description\" content=\"Wollen Sie Australisches Mon &amp; Wed-Lotto spielen? Holen Sie sich hier Lose!\" \/>\n<meta name=\"robots\" content=\"index, follow, max-snippet:-1, max-image-preview:large, max-video-preview:-1\" \/>\n<link rel=\"canonical\" href=\"https:\/\/onlinelotto365.com\/de\/spielen\/mon-wed-lotto-australia\/\" \/>\n<meta property=\"og:locale\" content=\"de_DE\" \/>\n<meta property=\"og:type\" content=\"article\" \/>\n<meta property=\"og:title\" content=\"Am Mon &amp; Wed Lotto Australien auch von Deutschland aus teilnehmen\" \/>\n<meta property=\"og:description\" content=\"Wollen Sie Australisches Mon &amp; Wed-Lotto spielen? Holen Sie sich hier Lose!\" \/>\n<meta property=\"og:url\" content=\"https:\/\/onlinelotto365.com\/de\/spielen\/mon-wed-lotto-australia\/\" \/>\n<meta property=\"og:site_name\" content=\"OnlineLotto365\" \/>\n<meta property=\"article:modified_time\" content=\"2021-01-06T10:41:56+00:00\" \/>\n<meta property=\"og:image\" content=\"https:\/\/redfoxlotto.com\/image?size=8&amp;lottery=monday-wednesday-lotto-au\" \/>\n<meta name=\"twitter:card\" content=\"summary_large_image\" \/>\n<meta name=\"twitter:label1\" content=\"Gesch\u00e4tzte Lesezeit\" \/>\n\t<meta name=\"twitter:data1\" content=\"4\u00a0Minuten\" \/>\n<script type=\"application\/ld+json\" class=\"yoast-schema-graph\">{\"@context\":\"https:\/\/schema.org\",\"@graph\":[{\"@type\":\"WebPage\",\"@id\":\"https:\/\/onlinelotto365.com\/de\/spielen\/mon-wed-lotto-australia\/\",\"url\":\"https:\/\/onlinelotto365.com\/de\/spielen\/mon-wed-lotto-australia\/\",\"name\":\"Am Mon & Wed Lotto Australien auch von Deutschland aus teilnehmen\",\"isPartOf\":{\"@id\":\"https:\/\/onlinelotto365.com\/de\/#website\"},\"primaryImageOfPage\":{\"@id\":\"https:\/\/onlinelotto365.com\/de\/spielen\/mon-wed-lotto-australia\/#primaryimage\"},\"image\":{\"@id\":\"https:\/\/onlinelotto365.com\/de\/spielen\/mon-wed-lotto-australia\/#primaryimage\"},\"thumbnailUrl\":\"https:\/\/redfoxlotto.com\/image?size=8&amp;lottery=monday-wednesday-lotto-au\",\"datePublished\":\"2020-12-19T08:32:32+00:00\",\"dateModified\":\"2021-01-06T10:41:56+00:00\",\"description\":\"Wollen Sie Australisches Mon & Wed-Lotto spielen? Holen Sie sich hier Lose!\",\"breadcrumb\":{\"@id\":\"https:\/\/onlinelotto365.com\/de\/spielen\/mon-wed-lotto-australia\/#breadcrumb\"},\"inLanguage\":\"de\",\"potentialAction\":[{\"@type\":\"ReadAction\",\"target\":[\"https:\/\/onlinelotto365.com\/de\/spielen\/mon-wed-lotto-australia\/\"]}]},{\"@type\":\"ImageObject\",\"inLanguage\":\"de\",\"@id\":\"https:\/\/onlinelotto365.com\/de\/spielen\/mon-wed-lotto-australia\/#primaryimage\",\"url\":\"https:\/\/redfoxlotto.com\/image?size=8&amp;lottery=monday-wednesday-lotto-au\",\"contentUrl\":\"https:\/\/redfoxlotto.com\/image?size=8&amp;lottery=monday-wednesday-lotto-au\"},{\"@type\":\"BreadcrumbList\",\"@id\":\"https:\/\/onlinelotto365.com\/de\/spielen\/mon-wed-lotto-australia\/#breadcrumb\",\"itemListElement\":[{\"@type\":\"ListItem\",\"position\":1,\"name\":\"Home\",\"item\":\"https:\/\/onlinelotto365.com\/de\/\"},{\"@type\":\"ListItem\",\"position\":2,\"name\":\"Alles, was Sie wissen m\u00fcssen, um die besten Lotterien online zu spielen\",\"item\":\"https:\/\/onlinelotto365.com\/de\/spielen\/\"},{\"@type\":\"ListItem\",\"position\":3,\"name\":\"Mon &#038; Wed Lotto spielen Australien ist nur eine der Optionen f\u00fcr Lotterie-Fans aus Deutschland\"}]},{\"@type\":\"WebSite\",\"@id\":\"https:\/\/onlinelotto365.com\/de\/#website\",\"url\":\"https:\/\/onlinelotto365.com\/de\/\",\"name\":\"OnlineLotto365\",\"description\":\"\",\"potentialAction\":[{\"@type\":\"SearchAction\",\"target\":{\"@type\":\"EntryPoint\",\"urlTemplate\":\"https:\/\/onlinelotto365.com\/de\/?s={search_term_string}\"},\"query-input\":{\"@type\":\"PropertyValueSpecification\",\"valueRequired\":true,\"valueName\":\"search_term_string\"}}],\"inLanguage\":\"de\"}]}<\/script>\n<!-- \/ Yoast SEO plugin. -->","yoast_head_json":{"title":"Am Mon & Wed Lotto Australien auch von Deutschland aus teilnehmen","description":"Wollen Sie Australisches Mon & Wed-Lotto spielen? Holen Sie sich hier Lose!","robots":{"index":"index","follow":"follow","max-snippet":"max-snippet:-1","max-image-preview":"max-image-preview:large","max-video-preview":"max-video-preview:-1"},"canonical":"https:\/\/onlinelotto365.com\/de\/spielen\/mon-wed-lotto-australia\/","og_locale":"de_DE","og_type":"article","og_title":"Am Mon & Wed Lotto Australien auch von Deutschland aus teilnehmen","og_description":"Wollen Sie Australisches Mon & Wed-Lotto spielen? Holen Sie sich hier Lose!","og_url":"https:\/\/onlinelotto365.com\/de\/spielen\/mon-wed-lotto-australia\/","og_site_name":"OnlineLotto365","article_modified_time":"2021-01-06T10:41:56+00:00","og_image":[{"url":"https:\/\/redfoxlotto.com\/image?size=8&amp;lottery=monday-wednesday-lotto-au"}],"twitter_card":"summary_large_image","twitter_misc":{"Gesch\u00e4tzte Lesezeit":"4\u00a0Minuten"},"schema":{"@context":"https:\/\/schema.org","@graph":[{"@type":"WebPage","@id":"https:\/\/onlinelotto365.com\/de\/spielen\/mon-wed-lotto-australia\/","url":"https:\/\/onlinelotto365.com\/de\/spielen\/mon-wed-lotto-australia\/","name":"Am Mon & Wed Lotto Australien auch von Deutschland aus teilnehmen","isPartOf":{"@id":"https:\/\/onlinelotto365.com\/de\/#website"},"primaryImageOfPage":{"@id":"https:\/\/onlinelotto365.com\/de\/spielen\/mon-wed-lotto-australia\/#primaryimage"},"image":{"@id":"https:\/\/onlinelotto365.com\/de\/spielen\/mon-wed-lotto-australia\/#primaryimage"},"thumbnailUrl":"https:\/\/redfoxlotto.com\/image?size=8&amp;lottery=monday-wednesday-lotto-au","datePublished":"2020-12-19T08:32:32+00:00","dateModified":"2021-01-06T10:41:56+00:00","description":"Wollen Sie Australisches Mon & Wed-Lotto spielen? Holen Sie sich hier Lose!","breadcrumb":{"@id":"https:\/\/onlinelotto365.com\/de\/spielen\/mon-wed-lotto-australia\/#breadcrumb"},"inLanguage":"de","potentialAction":[{"@type":"ReadAction","target":["https:\/\/onlinelotto365.com\/de\/spielen\/mon-wed-lotto-australia\/"]}]},{"@type":"ImageObject","inLanguage":"de","@id":"https:\/\/onlinelotto365.com\/de\/spielen\/mon-wed-lotto-australia\/#primaryimage","url":"https:\/\/redfoxlotto.com\/image?size=8&amp;lottery=monday-wednesday-lotto-au","contentUrl":"https:\/\/redfoxlotto.com\/image?size=8&amp;lottery=monday-wednesday-lotto-au"},{"@type":"BreadcrumbList","@id":"https:\/\/onlinelotto365.com\/de\/spielen\/mon-wed-lotto-australia\/#breadcrumb","itemListElement":[{"@type":"ListItem","position":1,"name":"Home","item":"https:\/\/onlinelotto365.com\/de\/"},{"@type":"ListItem","position":2,"name":"Alles, was Sie wissen m\u00fcssen, um die besten Lotterien online zu spielen","item":"https:\/\/onlinelotto365.com\/de\/spielen\/"},{"@type":"ListItem","position":3,"name":"Mon &#038; Wed Lotto spielen Australien ist nur eine der Optionen f\u00fcr Lotterie-Fans aus Deutschland"}]},{"@type":"WebSite","@id":"https:\/\/onlinelotto365.com\/de\/#website","url":"https:\/\/onlinelotto365.com\/de\/","name":"OnlineLotto365","description":"","potentialAction":[{"@type":"SearchAction","target":{"@type":"EntryPoint","urlTemplate":"https:\/\/onlinelotto365.com\/de\/?s={search_term_string}"},"query-input":{"@type":"PropertyValueSpecification","valueRequired":true,"valueName":"search_term_string"}}],"inLanguage":"de"}]}},"_links":{"self":[{"href":"https:\/\/onlinelotto365.com\/de\/wp-json\/wp\/v2\/pages\/11301","targetHints":{"allow":["GET"]}}],"collection":[{"href":"https:\/\/onlinelotto365.com\/de\/wp-json\/wp\/v2\/pages"}],"about":[{"href":"https:\/\/onlinelotto365.com\/de\/wp-json\/wp\/v2\/types\/page"}],"author":[{"embeddable":true,"href":"https:\/\/onlinelotto365.com\/de\/wp-json\/wp\/v2\/users\/1"}],"replies":[{"embeddable":true,"href":"https:\/\/onlinelotto365.com\/de\/wp-json\/wp\/v2\/comments?post=11301"}],"version-history":[{"count":0,"href":"https:\/\/onlinelotto365.com\/de\/wp-json\/wp\/v2\/pages\/11301\/revisions"}],"up":[{"embeddable":true,"href":"https:\/\/onlinelotto365.com\/de\/wp-json\/wp\/v2\/pages\/5018"}],"wp:attachment":[{"href":"https:\/\/onlinelotto365.com\/de\/wp-json\/wp\/v2\/media?parent=11301"}],"curies":[{"name":"wp","href":"https:\/\/api.w.org\/{rel}","templated":true}]}}