{"id":11305,"date":"2020-12-19T09:34:00","date_gmt":"2020-12-19T08:34:00","guid":{"rendered":"http:\/\/onlinelotto365.net\/?page_id=11305"},"modified":"2022-11-10T10:12:45","modified_gmt":"2022-11-10T09:12:45","slug":"powerball","status":"publish","type":"page","link":"https:\/\/onlinelotto365.com\/de\/lose-kaufen\/powerball\/","title":{"rendered":"Wie man Powerball-Tickets aus Deutschland online kauft"},"content":{"rendered":"<p>Offensichtlich ist es das Internet, das es Ihnen erm\u00f6glicht, online ein Ticket f\u00fcr diese gro\u00dfen US-Lotterien zu erwerben. Sie m\u00fcssen nicht in den USA leben, um teilzunehmen und die Chance zu haben, diese unglaublichen Jackpots zu gewinnen. Sie k\u00f6nnen Ihr Los von Deutschland aus kaufen, indem Sie unseren Online-Service nutzen.<\/p>\n<p>Sie k\u00f6nnen zun\u00e4chst ein Konto bei uns er\u00f6ffnen und dann eine unserer Lotterien ausw\u00e4hlen und Ihre Zahlen ziehen. Sie k\u00f6nnen auch erst die Lotterien \u00fcberpr\u00fcfen und dann Lose mit Ihren Zahlen erstellen. Wenn Sie mit Ihrer Wahl zufrieden sind, k\u00f6nnen Sie zur Kasse gehen. Dann werden Sie aufgefordert, ein Konto einzurichten.<\/p>\n<p>In beiden F\u00e4llen m\u00fcssen Sie nach der Registrierung Ihres neuen Kontos Ihren E-Mail-Posteingang \u00fcberpr\u00fcfen. Sie erhalten eine Best\u00e4tigungs-E-Mail, die einen Link enth\u00e4lt. Klicken Sie auf diesen Link, um Ihre E-Mail-Adresse zu verifizieren. Sobald Sie dies getan haben, ist Ihr Konto aktiviert. Wenn Sie die Best\u00e4tigungs-E-Mail nicht finden k\u00f6nnen, \u00fcberpr\u00fcfen Sie bitte Ihren Spam-Ordner. Wenn Sie die E-Mail gefunden haben, ist es wichtig, dass Sie sie als &#8222;kein Spam&#8220; oder &#8222;kein Junk&#8220; markieren. So stellen Sie sicher, dass zuk\u00fcnftige E-Mails von uns nicht in Ihrem Spam-Ordner landen. Stellen Sie sich vor, Sie verpassen einen Gewinn, weil Sie die E-Mail-Benachrichtigung dar\u00fcber nicht erhalten haben!<br \/>\n<a href=\"https:\/\/redfoxlotto.com\/play\/powerball\/?ref=a8564250a2&amp;medium=ol365\" target=\"_blank\" rel=\"noopener noreferrer\"><img loading=\"lazy\" decoding=\"async\" class=\"aligncenter\" src=\"https:\/\/redfoxlotto.com\/image?size=8&amp;lottery=powerball\" alt=\"powerball\" width=\"793\" height=\"98\" \/><\/a><\/p>\n<h2>Wie Sie Ihren Powerball-Schein online bezahlen k\u00f6nnen<\/h2>\n<p>Es gibt zwei M\u00f6glichkeiten, die von Ihnen gew\u00fcnschten Lottoscheine online zu bezahlen.<\/p>\n<ul>\n<li>Zun\u00e4chst k\u00f6nnen Sie eine Einzahlung auf Ihr Konto vornehmen. Danach k\u00f6nnen Sie so viele Lose kaufen, wie Sie m\u00f6chten, und Ihr Guthaben zum Bezahlen verwenden.<\/li>\n<li>Zweitens: Sie w\u00e4hlen zuerst Ihre Lose aus und bezahlen dann den Betrag der Bestellung.<\/li>\n<\/ul>\n<p>Es stehen Ihnen eine Reihe von Zahlungsm\u00f6glichkeiten zur Verf\u00fcgung, die alle sicher verschl\u00fcsselt sind. Die beliebtesten Methoden sind Kreditkarte und Bitcoin.<\/p>\n<h2>Mehr Informationen \u00fcber Powerball<\/h2>\n<ul>\n<li>Die Lotterie wird wo veranstaltet: USA<\/li>\n<li>Wie viele Hauptzahlen zur Auswahl stehen: 69<\/li>\n<li>Sie m\u00fcssen w\u00e4hlen: 5<\/li>\n<li>Wie viele Zusatzzahlen zur Auswahl stehen: 26<\/li>\n<li>Sie m\u00fcssen w\u00e4hlen: 1<\/li>\n<li>Ziehungstage, Stunden: Mittwoch, Samstag, 21:00 EST, +1 Tag 3:00 CET<\/li>\n<li>Mindestjackpot: $ 40 Millionen<\/li>\n<li>Maximaler Jackpot-Betrag: keiner<\/li>\n<li>M\u00f6gliche Zahlenkombination f\u00fcr einen Jackpot-Gewinn: 1 aus 175.223.510<\/li>\n<li>M\u00f6gliche Zahlenkombination f\u00fcr einen Gewinn der Stufe 2: 1 zu 5.006.386<\/li>\n<li>Gewinnwahrscheinlichkeit in jeder Stufe: 1 zu 24,87<\/li>\n<li>Wie viele Gewinnstufen: 9<\/li>\n<\/ul>\n<p>Erst vor kurzem, am 13. Februar 2016, wurde der gr\u00f6\u00dfte US-Lotto-Jackpot der Geschichte von drei gl\u00fccklichen Spielern geknackt. Bei einer unglaublichen Jackpotgr\u00f6\u00dfe von insgesamt 1,5 Milliarden US-Dollar standen Lottofans in den ganzen USA stundenlang f\u00fcr einen Schein an. Doch was ist mit Lottospielern aus Deutschland? Waren sie vom Kauf eines Powerball-Scheins ausgeschlossen, es sei denn, sie befanden sich zu diesem Zeitpunkt tats\u00e4chlich in den USA? Nein, waren sie nicht &#8211; wenn sie gewusst h\u00e4tten, dass man Powerball oder Mega Millions auch von Deutschland aus spielen kann!<\/p>\n<h2>Vorteile des Online-Kaufs von Powerball-Scheinen<\/h2>\n<p>\u00dcber diesen Online-Lotterieschein-Kurierdienst k\u00f6nnen Sie Spielscheine f\u00fcr \u00fcber 20 der gr\u00f6\u00dften Lotterien der Welt kaufen. Auch wenn Sie in Deutschland leben, k\u00f6nnen Sie Lotterien w\u00e4hlen, die in anderen L\u00e4ndern gezogen werden. Wenn Sie nicht in Deutschland leben, aber einen Schein f\u00fcr die deutsche Lotterie erwerben m\u00f6chten, k\u00f6nnen Sie dies nat\u00fcrlich auch online tun!<\/p>\n<h2>Ist es legal, Powerball-Lose online zu kaufen?<\/h2>\n<p><img loading=\"lazy\" decoding=\"async\" class=\"size-medium wp-image-1356 alignright\" src=\"https:\/\/onlinelotto365.com\/wp-content\/uploads\/2020\/11\/online_lottery-117-300x217.jpg\" alt=\"Powerball online spielen\" width=\"300\" height=\"217\" \/><br \/>\nEs ist wichtig zu wissen, dass es sich um einen legalen und zuverl\u00e4ssigen Lottoschein-Boten handelt. Indem Sie einen Lottoschein online kaufen, gehen Sie einen Vertrag mit der Lotterie selbst ein &#8211; was sicherstellt, dass das Geld, das Sie vielleicht gewinnen, von ihnen kommt!<\/p>\n<h2>Wie werde ich ausgezahlt, wenn ich Powerball online gewinne?<\/h2>\n<p>Wenn Sie gewinnen, h\u00e4ngt das Verfahren f\u00fcr die Auszahlung von der H\u00f6he des Gewinns ab. Kleinere Betr\u00e4ge unter 2500 \u20ac werden Ihrem Online-Konto gutgeschrieben. Sie k\u00f6nnen sich dieses Geld entweder auszahlen lassen oder weitere Online-Lottoscheine damit kaufen. Sollten Sie einen h\u00f6heren Betrag gewinnen, senden wir Ihnen ein Formular, das Sie ausf\u00fcllen und per E-Mail an uns zur\u00fccksenden m\u00fcssen. Wir senden das Formular dann an die Lotteriekommission, die Sie dann auszahlt. Dieser Service ist f\u00fcr Sie kostenlos.<\/p>\n<p>Wenn Sie den Powerball-Jackpot mit Ihrem Online-Schein gewinnen, m\u00fcssen Sie sich entscheiden. Sie k\u00f6nnen entweder eine einmalige Auszahlung erhalten, die niedriger ist als der tats\u00e4chliche Jackpot, oder Sie k\u00f6nnen sich den Gewinn in 30 j\u00e4hrlichen Raten plus Zinsen auszahlen lassen.<\/p>\n","protected":false},"excerpt":{"rendered":"<p>Offensichtlich ist es das Internet, das es Ihnen erm\u00f6glicht, online ein Ticket f\u00fcr diese gro\u00dfen US-Lotterien zu erwerben. Sie m\u00fcssen nicht in den USA leben, um teilzunehmen und die Chance zu haben, diese unglaublichen Jackpots zu gewinnen. Sie k\u00f6nnen Ihr Los von Deutschland aus kaufen, indem Sie unseren Online-Service nutzen. Sie k\u00f6nnen zun\u00e4chst ein Konto [&hellip;]<\/p>\n","protected":false},"author":1,"featured_media":0,"parent":3805,"menu_order":0,"comment_status":"closed","ping_status":"closed","template":"powerball-usa-info.php","meta":{"_et_pb_use_builder":"","_et_pb_old_content":"","_et_gb_content_width":"","exclude_from_search":false,"footnotes":""},"class_list":["post-11305","page","type-page","status-publish","hentry"],"yoast_head":"<!-- This site is optimized with the Yoast SEO plugin v23.4 - https:\/\/yoast.com\/wordpress\/plugins\/seo\/ -->\n<title>Powerball-Spielscheine online aus Deutschland kaufen | \u00dcber Powerball, wie man Spielscheine online kauft<\/title>\n<meta name=\"description\" content=\"Der Kauf von Spielscheinen f\u00fcr die ber\u00fchmte Lotterie Powerball ist jetzt ganz einfach, erhalten Sie sie online aus Deutschland und anderswo\" \/>\n<meta name=\"robots\" content=\"index, follow, max-snippet:-1, max-image-preview:large, max-video-preview:-1\" \/>\n<link rel=\"canonical\" href=\"https:\/\/onlinelotto365.com\/de\/lose-kaufen\/powerball\/\" \/>\n<meta property=\"og:locale\" content=\"de_DE\" \/>\n<meta property=\"og:type\" content=\"article\" \/>\n<meta property=\"og:title\" content=\"Powerball-Spielscheine online aus Deutschland kaufen | \u00dcber Powerball, wie man Spielscheine online kauft\" \/>\n<meta property=\"og:description\" content=\"Der Kauf von Spielscheinen f\u00fcr die ber\u00fchmte Lotterie Powerball ist jetzt ganz einfach, erhalten Sie sie online aus Deutschland und anderswo\" \/>\n<meta property=\"og:url\" content=\"https:\/\/onlinelotto365.com\/de\/lose-kaufen\/powerball\/\" \/>\n<meta property=\"og:site_name\" content=\"OnlineLotto365\" \/>\n<meta property=\"article:modified_time\" content=\"2022-11-10T09:12:45+00:00\" \/>\n<meta property=\"og:image\" content=\"https:\/\/redfoxlotto.com\/image?size=8&amp;lottery=powerball\" \/>\n<meta name=\"twitter:card\" content=\"summary_large_image\" \/>\n<meta name=\"twitter:label1\" content=\"Gesch\u00e4tzte Lesezeit\" \/>\n\t<meta name=\"twitter:data1\" content=\"4\u00a0Minuten\" \/>\n<script type=\"application\/ld+json\" class=\"yoast-schema-graph\">{\"@context\":\"https:\/\/schema.org\",\"@graph\":[{\"@type\":\"WebPage\",\"@id\":\"https:\/\/onlinelotto365.com\/de\/lose-kaufen\/powerball\/\",\"url\":\"https:\/\/onlinelotto365.com\/de\/lose-kaufen\/powerball\/\",\"name\":\"Powerball-Spielscheine online aus Deutschland kaufen | \u00dcber Powerball, wie man Spielscheine online kauft\",\"isPartOf\":{\"@id\":\"https:\/\/onlinelotto365.com\/de\/#website\"},\"primaryImageOfPage\":{\"@id\":\"https:\/\/onlinelotto365.com\/de\/lose-kaufen\/powerball\/#primaryimage\"},\"image\":{\"@id\":\"https:\/\/onlinelotto365.com\/de\/lose-kaufen\/powerball\/#primaryimage\"},\"thumbnailUrl\":\"https:\/\/redfoxlotto.com\/image?size=8&amp;lottery=powerball\",\"datePublished\":\"2020-12-19T08:34:00+00:00\",\"dateModified\":\"2022-11-10T09:12:45+00:00\",\"description\":\"Der Kauf von Spielscheinen f\u00fcr die ber\u00fchmte Lotterie Powerball ist jetzt ganz einfach, erhalten Sie sie online aus Deutschland und anderswo\",\"breadcrumb\":{\"@id\":\"https:\/\/onlinelotto365.com\/de\/lose-kaufen\/powerball\/#breadcrumb\"},\"inLanguage\":\"de\",\"potentialAction\":[{\"@type\":\"ReadAction\",\"target\":[\"https:\/\/onlinelotto365.com\/de\/lose-kaufen\/powerball\/\"]}]},{\"@type\":\"ImageObject\",\"inLanguage\":\"de\",\"@id\":\"https:\/\/onlinelotto365.com\/de\/lose-kaufen\/powerball\/#primaryimage\",\"url\":\"https:\/\/redfoxlotto.com\/image?size=8&amp;lottery=powerball\",\"contentUrl\":\"https:\/\/redfoxlotto.com\/image?size=8&amp;lottery=powerball\"},{\"@type\":\"BreadcrumbList\",\"@id\":\"https:\/\/onlinelotto365.com\/de\/lose-kaufen\/powerball\/#breadcrumb\",\"itemListElement\":[{\"@type\":\"ListItem\",\"position\":1,\"name\":\"Home\",\"item\":\"https:\/\/onlinelotto365.com\/de\/\"},{\"@type\":\"ListItem\",\"position\":2,\"name\":\"Warum es sinnvoller ist, Lotterielose online zu kaufen\",\"item\":\"https:\/\/onlinelotto365.com\/de\/lose-kaufen\/\"},{\"@type\":\"ListItem\",\"position\":3,\"name\":\"Wie man Powerball-Tickets aus Deutschland online kauft\"}]},{\"@type\":\"WebSite\",\"@id\":\"https:\/\/onlinelotto365.com\/de\/#website\",\"url\":\"https:\/\/onlinelotto365.com\/de\/\",\"name\":\"OnlineLotto365\",\"description\":\"\",\"potentialAction\":[{\"@type\":\"SearchAction\",\"target\":{\"@type\":\"EntryPoint\",\"urlTemplate\":\"https:\/\/onlinelotto365.com\/de\/?s={search_term_string}\"},\"query-input\":{\"@type\":\"PropertyValueSpecification\",\"valueRequired\":true,\"valueName\":\"search_term_string\"}}],\"inLanguage\":\"de\"}]}<\/script>\n<!-- \/ Yoast SEO plugin. -->","yoast_head_json":{"title":"Powerball-Spielscheine online aus Deutschland kaufen | \u00dcber Powerball, wie man Spielscheine online kauft","description":"Der Kauf von Spielscheinen f\u00fcr die ber\u00fchmte Lotterie Powerball ist jetzt ganz einfach, erhalten Sie sie online aus Deutschland und anderswo","robots":{"index":"index","follow":"follow","max-snippet":"max-snippet:-1","max-image-preview":"max-image-preview:large","max-video-preview":"max-video-preview:-1"},"canonical":"https:\/\/onlinelotto365.com\/de\/lose-kaufen\/powerball\/","og_locale":"de_DE","og_type":"article","og_title":"Powerball-Spielscheine online aus Deutschland kaufen | \u00dcber Powerball, wie man Spielscheine online kauft","og_description":"Der Kauf von Spielscheinen f\u00fcr die ber\u00fchmte Lotterie Powerball ist jetzt ganz einfach, erhalten Sie sie online aus Deutschland und anderswo","og_url":"https:\/\/onlinelotto365.com\/de\/lose-kaufen\/powerball\/","og_site_name":"OnlineLotto365","article_modified_time":"2022-11-10T09:12:45+00:00","og_image":[{"url":"https:\/\/redfoxlotto.com\/image?size=8&amp;lottery=powerball"}],"twitter_card":"summary_large_image","twitter_misc":{"Gesch\u00e4tzte Lesezeit":"4\u00a0Minuten"},"schema":{"@context":"https:\/\/schema.org","@graph":[{"@type":"WebPage","@id":"https:\/\/onlinelotto365.com\/de\/lose-kaufen\/powerball\/","url":"https:\/\/onlinelotto365.com\/de\/lose-kaufen\/powerball\/","name":"Powerball-Spielscheine online aus Deutschland kaufen | \u00dcber Powerball, wie man Spielscheine online kauft","isPartOf":{"@id":"https:\/\/onlinelotto365.com\/de\/#website"},"primaryImageOfPage":{"@id":"https:\/\/onlinelotto365.com\/de\/lose-kaufen\/powerball\/#primaryimage"},"image":{"@id":"https:\/\/onlinelotto365.com\/de\/lose-kaufen\/powerball\/#primaryimage"},"thumbnailUrl":"https:\/\/redfoxlotto.com\/image?size=8&amp;lottery=powerball","datePublished":"2020-12-19T08:34:00+00:00","dateModified":"2022-11-10T09:12:45+00:00","description":"Der Kauf von Spielscheinen f\u00fcr die ber\u00fchmte Lotterie Powerball ist jetzt ganz einfach, erhalten Sie sie online aus Deutschland und anderswo","breadcrumb":{"@id":"https:\/\/onlinelotto365.com\/de\/lose-kaufen\/powerball\/#breadcrumb"},"inLanguage":"de","potentialAction":[{"@type":"ReadAction","target":["https:\/\/onlinelotto365.com\/de\/lose-kaufen\/powerball\/"]}]},{"@type":"ImageObject","inLanguage":"de","@id":"https:\/\/onlinelotto365.com\/de\/lose-kaufen\/powerball\/#primaryimage","url":"https:\/\/redfoxlotto.com\/image?size=8&amp;lottery=powerball","contentUrl":"https:\/\/redfoxlotto.com\/image?size=8&amp;lottery=powerball"},{"@type":"BreadcrumbList","@id":"https:\/\/onlinelotto365.com\/de\/lose-kaufen\/powerball\/#breadcrumb","itemListElement":[{"@type":"ListItem","position":1,"name":"Home","item":"https:\/\/onlinelotto365.com\/de\/"},{"@type":"ListItem","position":2,"name":"Warum es sinnvoller ist, Lotterielose online zu kaufen","item":"https:\/\/onlinelotto365.com\/de\/lose-kaufen\/"},{"@type":"ListItem","position":3,"name":"Wie man Powerball-Tickets aus Deutschland online kauft"}]},{"@type":"WebSite","@id":"https:\/\/onlinelotto365.com\/de\/#website","url":"https:\/\/onlinelotto365.com\/de\/","name":"OnlineLotto365","description":"","potentialAction":[{"@type":"SearchAction","target":{"@type":"EntryPoint","urlTemplate":"https:\/\/onlinelotto365.com\/de\/?s={search_term_string}"},"query-input":{"@type":"PropertyValueSpecification","valueRequired":true,"valueName":"search_term_string"}}],"inLanguage":"de"}]}},"_links":{"self":[{"href":"https:\/\/onlinelotto365.com\/de\/wp-json\/wp\/v2\/pages\/11305","targetHints":{"allow":["GET"]}}],"collection":[{"href":"https:\/\/onlinelotto365.com\/de\/wp-json\/wp\/v2\/pages"}],"about":[{"href":"https:\/\/onlinelotto365.com\/de\/wp-json\/wp\/v2\/types\/page"}],"author":[{"embeddable":true,"href":"https:\/\/onlinelotto365.com\/de\/wp-json\/wp\/v2\/users\/1"}],"replies":[{"embeddable":true,"href":"https:\/\/onlinelotto365.com\/de\/wp-json\/wp\/v2\/comments?post=11305"}],"version-history":[{"count":0,"href":"https:\/\/onlinelotto365.com\/de\/wp-json\/wp\/v2\/pages\/11305\/revisions"}],"up":[{"embeddable":true,"href":"https:\/\/onlinelotto365.com\/de\/wp-json\/wp\/v2\/pages\/3805"}],"wp:attachment":[{"href":"https:\/\/onlinelotto365.com\/de\/wp-json\/wp\/v2\/media?parent=11305"}],"curies":[{"name":"wp","href":"https:\/\/api.w.org\/{rel}","templated":true}]}}