{"id":11313,"date":"2020-12-19T09:37:10","date_gmt":"2020-12-19T08:37:10","guid":{"rendered":"http:\/\/onlinelotto365.net\/?page_id=11313"},"modified":"2021-01-07T15:06:36","modified_gmt":"2021-01-07T14:06:36","slug":"mega-millions","status":"publish","type":"page","link":"https:\/\/onlinelotto365.com\/de\/lose-kaufen\/mega-millions\/","title":{"rendered":"Mega Millions ist eine der besten Lotterien der Welt"},"content":{"rendered":"<h2>Sie k\u00f6nnen Mega Millions-Lottoscheine jetzt online kaufen<\/h2>\n<p>Sie m\u00fcssen sich nicht mehr auf den Weg machen, um <strong>Lottoscheine f\u00fcr Mega Millions<\/strong> zu kaufen. Dank der Bequemlichkeit des Internets k\u00f6nnen Sie jetzt einfach so viele Lottoscheine f\u00fcr diese Lotterie kaufen, wie Sie m\u00f6chten, und das jederzeit und in Deutschland direkt von Ihrem Computer aus.<\/p>\n<p>Sie m\u00fcssen nicht mehr in den Vereinigten Staaten leben, da Einwohner aus allen L\u00e4ndern der Welt, einschlie\u00dflich Deutschland, berechtigt sind, diesen gro\u00dfartigen Service zu nutzen <a href=\"https:\/\/onlinelotto365.com\/de\/news\/mindestalter-fuer-den-kauf-von-lottoscheinen\">wenn sie vollj\u00e4hrig sind<\/a>. Nach Jahren, in denen Lottospieler nur auf ihre lokalen Lotterien beschr\u00e4nkt waren, und mit dem Internet, das uns die ganze Welt er\u00f6ffnet, ist es definitiv eine Idee, deren Zeit gekommen ist.<\/p>\n<p>Wir bieten Ihnen die M\u00f6glichkeit, Tickets nicht nur f\u00fcr Mega Millions, sondern auch f\u00fcr alle anderen <a href=\"https:\/\/onlinelotto365.com\/de\/news\/die-besten-lotterien-der-welt\">gr\u00f6\u00dften und aufregendsten Lotterien der Welt<\/a> online zu kaufen. Alles, was Sie tun m\u00fcssen, ist ein kostenloses Konto einzurichten, auszuw\u00e4hlen, welche Lotterien Sie spielen m\u00f6chten, Ihre Zahlen auszuw\u00e4hlen oder sie vom Computer f\u00fcr Sie ausw\u00e4hlen zu lassen, Ihre Scheine durch eine unserer vielen bequemen Zahlungsoptionen zu bezahlen und schon sind Sie voll im Spiel.<\/p>\n<h2>Wir k\u00fcmmern uns bei jedem Schritt um Sie<\/h2>\n<p>Nachdem Sie Ihre Spielscheine f\u00fcr die Lotterie oder die Lotterien Ihrer Wahl gekauft haben, treten wir in Aktion und holen Ihre Spielscheine f\u00fcr Sie ab und verwahren sie f\u00fcr Sie. Sie m\u00fcssen nicht einmal den \u00dcberblick \u00fcber die Ziehungen oder <a href=\"https:\/\/onlinelotto365.com\/de\/gewinnzahlen\/mega-millions\">die gezogenen Zahlen<\/a> behalten, denn auch das erledigen wir f\u00fcr Sie. Obwohl es sicherlich einen gro\u00dfen Teil des Spa\u00dfes ausmacht, <a href=\"https:\/\/onlinelotto365.com\/de\/news\/lotto-los-online-pruefen\">die eigenen Zahlen zu \u00fcberpr\u00fcfen<\/a>, m\u00fcssen Sie sich nicht einmal damit besch\u00e4ftigen, wenn Sie das nicht m\u00f6chten, denn Sie werden dar\u00fcber informiert, ob und wie viel Sie gewonnen haben.<br \/>\n<a href=\"https:\/\/redfoxlotto.com\/de\/spielen\/mega-millions\/?ref=a8564250a2&amp;medium=ol365\" target=\"_blank\" rel=\"noopener noreferrer\"><img decoding=\"async\" class=\"aligncenter\" src=\"https:\/\/redfoxlotto.com\/image?size=8&amp;lottery=mega-millions\" alt=\"mega millions\" \/><\/a><\/p>\n<h2>Wie Sie Ihren Mega Millions-Schein online bezahlen<\/h2>\n<p>Sobald Sie Ihr Konto auf unserer Seite registriert haben, k\u00f6nnen Sie entweder zuerst etwas Geld f\u00fcr Ihre sp\u00e4teren Eink\u00e4ufe einzahlen. Oder Sie erstellen zuerst ein Ticket oder mehrere Tickets und bezahlen diese dann. Sie finden mehrere Optionen f\u00fcr die Bezahlung. Wenn Sie Probleme beim Bezahlen haben, lesen Sie bitte unsere FAQ. Dort finden Sie einige Tipps zum Bezahlen, aber auch zur Auszahlung von Gewinnen auf Ihr Bankkonto in Deutschland und viele weitere Themen.<\/p>\n<h2>Mehr Infos zu Mega Millions<\/h2>\n<ul>\n<li>Die Lotterie findet wo statt: USA<\/li>\n<li>Wie viele Hauptzahlen zur Auswahl stehen: 70<\/li>\n<li>Sie m\u00fcssen w\u00e4hlen: 5<\/li>\n<li>Wie viele Zusatzzahlen zur Auswahl stehen: 25<\/li>\n<li>Sie m\u00fcssen w\u00e4hlen: 1<\/li>\n<li>Ziehungstage, Stunden: Dienstag, Freitag, 21:00 EST, +1 Tag 3:00 CET<\/li>\n<li>Minimaler Jackpot: $ 40 Millionen<\/li>\n<li>Maximaler Jackpot-Betrag: keiner<\/li>\n<li>M\u00f6gliche Zahlenkombination f\u00fcr einen Jackpot-Gewinn: 1 zu 175.711.536<\/li>\n<li>M\u00f6gliche Zahlenkombination f\u00fcr einen Tier 2 Gewinn: 1 zu 3.819.816<\/li>\n<li>Wahrscheinlichkeit, in jeder Stufe zu gewinnen: 1 zu 24,12<\/li>\n<li>Wie viele Gewinnstufen: 9<\/li>\n<\/ul>\n<h2>Vorteile beim Online-Kauf von Mega Millions-Tickets<\/h2>\n<p>Mega Millions bietet zwei Ziehungen pro Woche, dienstags und freitags. \u00c4hnlich wie bei <a href=\"https:\/\/onlinelotto365.com\/de\/lose-kaufen\/powerball\">Powerball<\/a> tippen die Spieler 5 Hauptzahlen, jedoch gibt es bei Mega Millions statt der 59 Zahlen, die Sie bei der Powerball-Lotterie w\u00e4hlen, nur 56 Kugeln, wodurch Ihre Chancen, alle 5 Zahlen zu treffen, noch gr\u00f6\u00dfer sind.<\/p>\n<p>Auch bei dieser Lotterie gibt es einen zus\u00e4tzlichen Ball, den sogenannten Mega Ball, bei dem Sie aus 46 Zahlen w\u00e4hlen k\u00f6nnen. Wenn Sie alle 5 regul\u00e4ren Zahlen plus den Mega Ball treffen, dann haben Sie den riesigen Jackpot gewonnen, den Mega Millions immer bietet.<\/p>\n<p>Wie bei allen Lotterien, <strong>wenn es keinen Jackpot-Gewinner gibt, w\u00e4chst der Jackpot<\/strong> und w\u00e4chst, bis jemand gewinnt. Das macht die Sache noch spannender und erh\u00f6ht zus\u00e4tzlich den Wert der Lotterie jedes Mal, wenn <a href=\"https:\/\/onlinelotto365.com\/de\/news\/holen-sie-sich-tickets-fuer-die-usa-lotterie-online\">der Jackpotbetrag steigt<\/a>. Es kostet Sie den gleichen Geldbetrag, um zu spielen, aber je mehr Geld auf dem Spiel steht, desto besser ist das Gesch\u00e4ft f\u00fcr Sie.<\/p>\n<p>Das ist also einer der Gr\u00fcnde, warum so viele Leute mehr spielen, wenn die Jackpots wirklich in die H\u00f6he schnellen. Der andere Grund ist nat\u00fcrlich, dass es einfach spannender ist, um gr\u00f6\u00dfere Betr\u00e4ge zu spielen. Daher sorgen Lotterien wie Mega Millions oder Powerball daf\u00fcr, dass selbst ihr kleinster Jackpot riesig ist, so dass die Spieler nie warten m\u00fcssen, um in den Genuss der gro\u00dfen Lotterien zu kommen.<\/p>\n<h2>Ist es legal, Mega Millions-Lose online zu kaufen?<\/h2>\n<p>Es ist <strong>vollkommen legal, unseren <a href=\"https:\/\/onlinelotto365.com\/de\/news\/ticketservice-fuer-internationale-lotterien\">Ticket-Messenger-Service<\/a><\/strong> in Deutschland zu nutzen. Stellen Sie nur sicher, dass Sie vollj\u00e4hrig sind, d.h. Sie m\u00fcssen mindestens 18 Jahre alt sein, um Lottoscheine zu kaufen.<\/p>\n<h2>Wie werde ich bezahlt, wenn ich Mega Millions online gewinne?<\/h2>\n<p>Sobald Sie gewonnen haben, bieten wir Ihnen auch Unterst\u00fctzung bei der Abholung Ihres Geldes. Wenn es sich um einen kleineren Betrag handelt (unter 2500 \u20ac), m\u00fcssen Sie nicht einmal etwas tun &#8211; wir werden Ihr Geld einfach direkt auf Ihr Konto bei ihnen \u00fcberweisen. Bei gr\u00f6\u00dferen Gewinnen helfen wir Ihnen beim Ausf\u00fcllen einiger Papiere, um den Gewinn zu beanspruchen und die Auszahlung zu arrangieren. Und f\u00fcr die riesigen Preise (d.h. einen Jackpot), nun, Sie k\u00f6nnten sich einfach entscheiden, eine Reise zu machen, um all diese Millionen abzuholen, aber ich bin sicher, dass Ihnen das nichts ausmachen wird. Wenn Sie nicht verreisen m\u00f6chten, kein Problem. Wir k\u00f6nnen auch eine Bank\u00fcberweisung oder eine Scheckzahlung mit der Lotteriebeh\u00f6rde vereinbaren.<\/p>\n<h2>Werden Sie ein gro\u00dfer Mega-Millionen-Gewinner?<\/h2>\n<p>Es gibt nur einen Weg, um sicher zu sein, und das ist, <strong>die Mega Millions Lotterie zu spielen, sowie<\/strong> was auch immer f\u00fcr andere gro\u00dfe Lotterien, die Sie spielen m\u00f6chten. Allein die blo\u00dfe Chance, dass Sie gewinnen k\u00f6nnten, ist Grund genug, um zu spielen. Wenn Sie nicht spielen, k\u00f6nnen Sie sicher sein, dass Sie nicht gewinnen werden. Wenn Sie es tun, nun, wer wei\u00df?<\/p>\n<p>Wenn Sie also noch nie Mega Millions gespielt haben, wer wei\u00df dann wirklich, wie viel Geld Sie h\u00e4tten gewinnen k\u00f6nnen, wenn Sie die ganze Zeit gespielt h\u00e4tten? Die Zeit, sich dar\u00fcber Gedanken zu machen, ist jedoch vorbei. Der Ball liegt jetzt in Ihren H\u00e4nden und angesichts der Tatsache, <strong>wie einfach es ist <a href=\"https:\/\/onlinelotto365.com\/de\/lose-kaufen\">jetzt Lottoscheine online zu kaufen<\/a><\/strong>, ist es kein Wunder, warum so viele Menschen davon begeistert sind.<\/p>\n","protected":false},"excerpt":{"rendered":"<p>Sie k\u00f6nnen Mega Millions-Lottoscheine jetzt online kaufen Sie m\u00fcssen sich nicht mehr auf den Weg machen, um Lottoscheine f\u00fcr Mega Millions zu kaufen. Dank der Bequemlichkeit des Internets k\u00f6nnen Sie jetzt einfach so viele Lottoscheine f\u00fcr diese Lotterie kaufen, wie Sie m\u00f6chten, und das jederzeit und in Deutschland direkt von Ihrem Computer aus. Sie m\u00fcssen [&hellip;]<\/p>\n","protected":false},"author":1,"featured_media":0,"parent":3805,"menu_order":2,"comment_status":"closed","ping_status":"closed","template":"megamillion-info.php","meta":{"_et_pb_use_builder":"","_et_pb_old_content":"","_et_gb_content_width":"","exclude_from_search":false,"footnotes":""},"class_list":["post-11313","page","type-page","status-publish","hentry"],"yoast_head":"<!-- This site is optimized with the Yoast SEO plugin v23.4 - https:\/\/yoast.com\/wordpress\/plugins\/seo\/ -->\n<title>Lose f\u00fcr Mega Millions aus Deutschland online kaufen | Mega Millions info, Lose online kaufen<\/title>\n<meta name=\"description\" content=\"Mega Millions Lotto jetzt auch f\u00fcr Einwohner Deutschlands erh\u00e4ltlich - kaufen Sie hier legale Mega Millions Online-Scheine\" \/>\n<meta name=\"robots\" content=\"index, follow, max-snippet:-1, max-image-preview:large, max-video-preview:-1\" \/>\n<link rel=\"canonical\" href=\"https:\/\/onlinelotto365.com\/de\/lose-kaufen\/mega-millions\/\" \/>\n<meta property=\"og:locale\" content=\"de_DE\" \/>\n<meta property=\"og:type\" content=\"article\" \/>\n<meta property=\"og:title\" content=\"Lose f\u00fcr Mega Millions aus Deutschland online kaufen | Mega Millions info, Lose online kaufen\" \/>\n<meta property=\"og:description\" content=\"Mega Millions Lotto jetzt auch f\u00fcr Einwohner Deutschlands erh\u00e4ltlich - kaufen Sie hier legale Mega Millions Online-Scheine\" \/>\n<meta property=\"og:url\" content=\"https:\/\/onlinelotto365.com\/de\/lose-kaufen\/mega-millions\/\" \/>\n<meta property=\"og:site_name\" content=\"OnlineLotto365\" \/>\n<meta property=\"article:modified_time\" content=\"2021-01-07T14:06:36+00:00\" \/>\n<meta property=\"og:image\" content=\"https:\/\/redfoxlotto.com\/image?size=8&amp;lottery=mega-millions\" \/>\n<meta name=\"twitter:card\" content=\"summary_large_image\" \/>\n<meta name=\"twitter:label1\" content=\"Gesch\u00e4tzte Lesezeit\" \/>\n\t<meta name=\"twitter:data1\" content=\"5\u00a0Minuten\" \/>\n<script type=\"application\/ld+json\" class=\"yoast-schema-graph\">{\"@context\":\"https:\/\/schema.org\",\"@graph\":[{\"@type\":\"WebPage\",\"@id\":\"https:\/\/onlinelotto365.com\/de\/lose-kaufen\/mega-millions\/\",\"url\":\"https:\/\/onlinelotto365.com\/de\/lose-kaufen\/mega-millions\/\",\"name\":\"Lose f\u00fcr Mega Millions aus Deutschland online kaufen | Mega Millions info, Lose online kaufen\",\"isPartOf\":{\"@id\":\"https:\/\/onlinelotto365.com\/de\/#website\"},\"primaryImageOfPage\":{\"@id\":\"https:\/\/onlinelotto365.com\/de\/lose-kaufen\/mega-millions\/#primaryimage\"},\"image\":{\"@id\":\"https:\/\/onlinelotto365.com\/de\/lose-kaufen\/mega-millions\/#primaryimage\"},\"thumbnailUrl\":\"https:\/\/redfoxlotto.com\/image?size=8&amp;lottery=mega-millions\",\"datePublished\":\"2020-12-19T08:37:10+00:00\",\"dateModified\":\"2021-01-07T14:06:36+00:00\",\"description\":\"Mega Millions Lotto jetzt auch f\u00fcr Einwohner Deutschlands erh\u00e4ltlich - kaufen Sie hier legale Mega Millions Online-Scheine\",\"breadcrumb\":{\"@id\":\"https:\/\/onlinelotto365.com\/de\/lose-kaufen\/mega-millions\/#breadcrumb\"},\"inLanguage\":\"de\",\"potentialAction\":[{\"@type\":\"ReadAction\",\"target\":[\"https:\/\/onlinelotto365.com\/de\/lose-kaufen\/mega-millions\/\"]}]},{\"@type\":\"ImageObject\",\"inLanguage\":\"de\",\"@id\":\"https:\/\/onlinelotto365.com\/de\/lose-kaufen\/mega-millions\/#primaryimage\",\"url\":\"https:\/\/redfoxlotto.com\/image?size=8&amp;lottery=mega-millions\",\"contentUrl\":\"https:\/\/redfoxlotto.com\/image?size=8&amp;lottery=mega-millions\"},{\"@type\":\"BreadcrumbList\",\"@id\":\"https:\/\/onlinelotto365.com\/de\/lose-kaufen\/mega-millions\/#breadcrumb\",\"itemListElement\":[{\"@type\":\"ListItem\",\"position\":1,\"name\":\"Home\",\"item\":\"https:\/\/onlinelotto365.com\/de\/\"},{\"@type\":\"ListItem\",\"position\":2,\"name\":\"Warum es sinnvoller ist, Lotterielose online zu kaufen\",\"item\":\"https:\/\/onlinelotto365.com\/de\/lose-kaufen\/\"},{\"@type\":\"ListItem\",\"position\":3,\"name\":\"Mega Millions ist eine der besten Lotterien der Welt\"}]},{\"@type\":\"WebSite\",\"@id\":\"https:\/\/onlinelotto365.com\/de\/#website\",\"url\":\"https:\/\/onlinelotto365.com\/de\/\",\"name\":\"OnlineLotto365\",\"description\":\"\",\"potentialAction\":[{\"@type\":\"SearchAction\",\"target\":{\"@type\":\"EntryPoint\",\"urlTemplate\":\"https:\/\/onlinelotto365.com\/de\/?s={search_term_string}\"},\"query-input\":{\"@type\":\"PropertyValueSpecification\",\"valueRequired\":true,\"valueName\":\"search_term_string\"}}],\"inLanguage\":\"de\"}]}<\/script>\n<!-- \/ Yoast SEO plugin. -->","yoast_head_json":{"title":"Lose f\u00fcr Mega Millions aus Deutschland online kaufen | Mega Millions info, Lose online kaufen","description":"Mega Millions Lotto jetzt auch f\u00fcr Einwohner Deutschlands erh\u00e4ltlich - kaufen Sie hier legale Mega Millions Online-Scheine","robots":{"index":"index","follow":"follow","max-snippet":"max-snippet:-1","max-image-preview":"max-image-preview:large","max-video-preview":"max-video-preview:-1"},"canonical":"https:\/\/onlinelotto365.com\/de\/lose-kaufen\/mega-millions\/","og_locale":"de_DE","og_type":"article","og_title":"Lose f\u00fcr Mega Millions aus Deutschland online kaufen | Mega Millions info, Lose online kaufen","og_description":"Mega Millions Lotto jetzt auch f\u00fcr Einwohner Deutschlands erh\u00e4ltlich - kaufen Sie hier legale Mega Millions Online-Scheine","og_url":"https:\/\/onlinelotto365.com\/de\/lose-kaufen\/mega-millions\/","og_site_name":"OnlineLotto365","article_modified_time":"2021-01-07T14:06:36+00:00","og_image":[{"url":"https:\/\/redfoxlotto.com\/image?size=8&amp;lottery=mega-millions"}],"twitter_card":"summary_large_image","twitter_misc":{"Gesch\u00e4tzte Lesezeit":"5\u00a0Minuten"},"schema":{"@context":"https:\/\/schema.org","@graph":[{"@type":"WebPage","@id":"https:\/\/onlinelotto365.com\/de\/lose-kaufen\/mega-millions\/","url":"https:\/\/onlinelotto365.com\/de\/lose-kaufen\/mega-millions\/","name":"Lose f\u00fcr Mega Millions aus Deutschland online kaufen | Mega Millions info, Lose online kaufen","isPartOf":{"@id":"https:\/\/onlinelotto365.com\/de\/#website"},"primaryImageOfPage":{"@id":"https:\/\/onlinelotto365.com\/de\/lose-kaufen\/mega-millions\/#primaryimage"},"image":{"@id":"https:\/\/onlinelotto365.com\/de\/lose-kaufen\/mega-millions\/#primaryimage"},"thumbnailUrl":"https:\/\/redfoxlotto.com\/image?size=8&amp;lottery=mega-millions","datePublished":"2020-12-19T08:37:10+00:00","dateModified":"2021-01-07T14:06:36+00:00","description":"Mega Millions Lotto jetzt auch f\u00fcr Einwohner Deutschlands erh\u00e4ltlich - kaufen Sie hier legale Mega Millions Online-Scheine","breadcrumb":{"@id":"https:\/\/onlinelotto365.com\/de\/lose-kaufen\/mega-millions\/#breadcrumb"},"inLanguage":"de","potentialAction":[{"@type":"ReadAction","target":["https:\/\/onlinelotto365.com\/de\/lose-kaufen\/mega-millions\/"]}]},{"@type":"ImageObject","inLanguage":"de","@id":"https:\/\/onlinelotto365.com\/de\/lose-kaufen\/mega-millions\/#primaryimage","url":"https:\/\/redfoxlotto.com\/image?size=8&amp;lottery=mega-millions","contentUrl":"https:\/\/redfoxlotto.com\/image?size=8&amp;lottery=mega-millions"},{"@type":"BreadcrumbList","@id":"https:\/\/onlinelotto365.com\/de\/lose-kaufen\/mega-millions\/#breadcrumb","itemListElement":[{"@type":"ListItem","position":1,"name":"Home","item":"https:\/\/onlinelotto365.com\/de\/"},{"@type":"ListItem","position":2,"name":"Warum es sinnvoller ist, Lotterielose online zu kaufen","item":"https:\/\/onlinelotto365.com\/de\/lose-kaufen\/"},{"@type":"ListItem","position":3,"name":"Mega Millions ist eine der besten Lotterien der Welt"}]},{"@type":"WebSite","@id":"https:\/\/onlinelotto365.com\/de\/#website","url":"https:\/\/onlinelotto365.com\/de\/","name":"OnlineLotto365","description":"","potentialAction":[{"@type":"SearchAction","target":{"@type":"EntryPoint","urlTemplate":"https:\/\/onlinelotto365.com\/de\/?s={search_term_string}"},"query-input":{"@type":"PropertyValueSpecification","valueRequired":true,"valueName":"search_term_string"}}],"inLanguage":"de"}]}},"_links":{"self":[{"href":"https:\/\/onlinelotto365.com\/de\/wp-json\/wp\/v2\/pages\/11313","targetHints":{"allow":["GET"]}}],"collection":[{"href":"https:\/\/onlinelotto365.com\/de\/wp-json\/wp\/v2\/pages"}],"about":[{"href":"https:\/\/onlinelotto365.com\/de\/wp-json\/wp\/v2\/types\/page"}],"author":[{"embeddable":true,"href":"https:\/\/onlinelotto365.com\/de\/wp-json\/wp\/v2\/users\/1"}],"replies":[{"embeddable":true,"href":"https:\/\/onlinelotto365.com\/de\/wp-json\/wp\/v2\/comments?post=11313"}],"version-history":[{"count":0,"href":"https:\/\/onlinelotto365.com\/de\/wp-json\/wp\/v2\/pages\/11313\/revisions"}],"up":[{"embeddable":true,"href":"https:\/\/onlinelotto365.com\/de\/wp-json\/wp\/v2\/pages\/3805"}],"wp:attachment":[{"href":"https:\/\/onlinelotto365.com\/de\/wp-json\/wp\/v2\/media?parent=11313"}],"curies":[{"name":"wp","href":"https:\/\/api.w.org\/{rel}","templated":true}]}}