{"id":11316,"date":"2020-12-19T09:38:34","date_gmt":"2020-12-19T08:38:34","guid":{"rendered":"http:\/\/onlinelotto365.net\/?page_id=11316"},"modified":"2021-01-07T15:00:32","modified_gmt":"2021-01-07T14:00:32","slug":"euromillions","status":"publish","type":"page","link":"https:\/\/onlinelotto365.com\/de\/lose-kaufen\/euromillions\/","title":{"rendered":"Wie man Euromillions-Lose online kauft"},"content":{"rendered":"<p>M\u00f6chten Sie <strong>EuroMillions-Tickets f\u00fcr die n\u00e4chste Ziehung<\/strong> kaufen? M\u00f6chten Sie Ihre Scheine komplett online abholen? Sie <a href=\"https:\/\/onlinelotto365.com\/de\/spielen\">wollen Lotterien spielen, die in Deutschland nicht verf\u00fcgbar sind<\/a>? Dann sollten Sie sich das hier genauer ansehen, denn wir gehen die einzelnen Schritte durch. Und zum Gl\u00fcck f\u00fcr Sie ist es super einfach, damit anzufangen.<\/p>\n<ul>\n<li>W\u00e4hlen Sie die Lotterie, die Sie spielen m\u00f6chten, und w\u00e4hlen Sie die Zahlen aus, die Sie spielen m\u00f6chten, oder w\u00e4hlen Sie eine Schnellauswahl, damit der Computer sie f\u00fcr Sie ausw\u00e4hlt<\/li>\n<li>W\u00e4hlen Sie noch <a href=\"http:\/\/onlinelotto365.com\/de\">mehr Lottospiele<\/a> und weitere Scheine f\u00fcr beliebige Spiele auch au\u00dferhalb Deutschlands, so dass Ihre Bestellung die Gesamtzahl der Scheine widerspiegelt, die Sie w\u00fcnschen<\/li>\n<li>W\u00e4hlen Sie die Option &#8222;Jetzt bezahlen&#8220;<\/li>\n<li>Erstellen und registrieren Sie Ihr Konto oder loggen Sie sich in Ihr bestehendes Mitgliedskonto ein, um Ihre Tickets zu kaufen<\/li>\n<li>F\u00fcr diejenigen, die sich registrieren m\u00fcssen, suchen Sie nach einem Verifizierungslink in Ihrer E-Mail, damit Sie den Vorgang abschlie\u00dfen k\u00f6nnen<\/li>\n<li>\u00dcberwachen Sie Ihren Spam-Ordner, falls die E-Mail versehentlich dorthin gesendet wurde<\/li>\n<li>\u00dcberpr\u00fcfen Sie Ihre E-Mail und klicken Sie auf den Warenkorb auf der Website<\/li>\n<li>W\u00e4hlen Sie Ihre bevorzugte Zahlungsoption und folgen Sie dann den Anweisungen, um Ihre Tickets zu bezahlen<\/li>\n<\/ul>\n<p><a href=\"https:\/\/redfoxlotto.com\/de\/spielen\/euromillions\/?ref=a8564250a2&amp;medium=ol365\" target=\"_blank\" rel=\"noopener noreferrer\"><img decoding=\"async\" class=\"aligncenter\" src=\"https:\/\/redfoxlotto.com\/image?size=8&amp;lottery=euromillions\" alt=\"euromillions\" \/><\/a><\/p>\n<h2>Wie Sie Ihren EuroMillions Schein online bezahlen<\/h2>\n<p>Das Bezahlen Ihrer <a href=\"https:\/\/onlinelotto365.com\/de\/spielen\/euromillions\">EuroMillions<\/a> Tickets online ist einfach, denn es stehen viele verschiedene sichere Zahlungsmethoden zur Verf\u00fcgung. W\u00e4hlen Sie einfach diejenige, die Sie bevorzugen.<br \/>\nKaufen und bezahlen Sie Ihre Tickets mit einer der folgenden Methoden:<\/p>\n<ul>\n<li>Bezahlen Sie die Bestellung mit einem Zahlungskonto<\/li>\n<li>Geld auf Ihr Spielerkonto einzahlen und Tickets vom Spielerkonto kaufen<\/li>\n<\/ul>\n<p>Wer sich daf\u00fcr entscheidet, Geld direkt auf sein Spielerkonto einzuzahlen, muss nur sicherstellen, dass er mehr als genug Geld f\u00fcr die geplante Bestellung zur Verf\u00fcgung hat.<\/p>\n<h2>Mehr Informationen \u00fcber EuroMillions<\/h2>\n<ul>\n<li>Land: Sonstiges Europa<\/li>\n<li>Hauptnummernbereich: 50<\/li>\n<li>Sie w\u00e4hlen: 5<\/li>\n<li>Zusatzzahlenbereich: 12<\/li>\n<li>Sie w\u00e4hlen aus: 2<\/li>\n<li>Ziehungstage, Stunden: Dienstag, Freitag, 19:30 GMT, 20:30 CET<\/li>\n<li>Minimaler Jackpot: 17 Millionen \u20ac<\/li>\n<li>Maximaler Jackpot: 190 Millionen Euro<\/li>\n<li>Wahrscheinlichkeit, den Jackpot zu gewinnen: 1 zu 186450880<\/li>\n<li>Wahrscheinlichkeit eines Stufe-2-Gewinns: 1 zu 2118760<\/li>\n<li>Wahrscheinlichkeit, in jeder Stufe zu gewinnen: 1 zu 12,98<\/li>\n<li>Anzahl der Gewinnstufen: 13<\/li>\n<\/ul>\n<h2>Vorteile beim Online-Kauf von EuroMillions-Losen<\/h2>\n<ul>\n<li>Keine Notwendigkeit, das Haus zu verlassen, um die gew\u00fcnschten Tickets zu kaufen<img loading=\"lazy\" decoding=\"async\" class=\"alignright size-medium wp-image-3672\" src=\"https:\/\/onlinelotto365.com\/wp-content\/uploads\/2020\/11\/online_lottery-161-300x207.jpg\" alt=\"buy Euromillions Germany\" width=\"300\" height=\"207\" srcset=\"https:\/\/onlinelotto365.com\/wp-content\/uploads\/2020\/11\/online_lottery-161-300x207.jpg 300w, https:\/\/onlinelotto365.com\/wp-content\/uploads\/2020\/11\/online_lottery-161.jpg 320w\" sizes=\"auto, (max-width: 300px) 100vw, 300px\" \/><\/li>\n<li>W\u00e4hlen Sie aus <strong>mehreren verschiedenen Lotterien<\/strong><\/li>\n<li>Sichern Sie sich bessere Gewinnchancen durch die Auswahl von Spielen mit h\u00f6heren Jackpots<\/li>\n<li>Gelden Sie Geld direkt auf Ihr Konto und verwenden Sie es, um Lose zu kaufen<\/li>\n<li>Keine Chance, Ihr Ticket zu verlieren<\/li>\n<li>Sofortige Benachrichtigung bei Gewinn<\/li>\n<li>Einfache Auswahlm\u00f6glichkeiten f\u00fcr die Zufallszahlengenerierung<\/li>\n<\/ul>\n<h2>Ist es legal, EuroMillions-Scheine online zu kaufen?<\/h2>\n<p>Sie haben sich vielleicht gefragt, ob es \u00fcberhaupt legal ist, Lottoscheine online zu kaufen, besonders wenn Ihr Wohnsitzland strenge Regeln hat. Aber das Tolle ist, dass Sie sich mit unserem Service um nichts k\u00fcmmern m\u00fcssen. <strong>Wir f\u00fchren alles gem\u00e4\u00df den Vorschriften durch<\/strong> und stellen sicher, dass Sie, egal was oder wo Sie gewinnen, Ihren Gewinn erhalten und sogar den Jackpot knacken k\u00f6nnen.<br \/>\nDas Einzige, was Sie tun m\u00fcssen, ist <a href=\"https:\/\/onlinelotto365.com\/de\/news\/mindestalter-fuer-den-kauf-von-lottoscheinen\">sicherzustellen, dass Sie mindestens 18 Jahre alt sind.<\/a><\/p>\n<h2>Wie werde ich bezahlt, wenn ich EuroMillions online gewinne?<\/h2>\n<p>Wenn Sie Geld gewinnen, sorgen wir daf\u00fcr, dass Sie es so einfach wie m\u00f6glich erhalten. Alles, was Sie tun m\u00fcssen, ist Ihr Ticket bei uns zu kaufen und wir k\u00fcmmern uns darum, Ihren Gewinn einzufordern und Ihnen zukommen zu lassen. Wir nehmen keine Provision von Ihrem Gewinn, es sei denn, Sie entscheiden sich f\u00fcr eine <strong>Auszahlung per Bank\u00fcberweisung auf ein Bankkonto in Deutschland.<\/strong><\/p>\n<p>In diesem Fall erhebt die Bank eine Geb\u00fchr von uns und wir bitten Sie, diese Geb\u00fchr ebenfalls zu bezahlen. Diese variiert je nachdem, wohin das Geld \u00fcberwiesen wird. Ansonsten ist alles, was Sie \u00fcber Zahlungen wissen m\u00fcssen:<\/p>\n<ul>\n<li>Wenn Sie \u20ac2500 oder weniger gewinnen, wird das Geld automatisch und sofort direkt auf Ihr Spielerkonto \u00fcberwiesen.<\/li>\n<li>Wenn Sie mehr als 2500 \u20ac gewinnen, erhalten Sie eine E-Mail mit einem Antragsformular, das Sie an die Lotteriekommission senden m\u00fcssen. Darin wird angegeben, wie Sie ausgezahlt werden m\u00f6chten, einschlie\u00dflich Bank\u00fcberweisung oder Scheck. Ihr Antrag wird bearbeitet und es kann ein paar Tage dauern, bis Ihr Geld f\u00fcr Sie verf\u00fcgbar ist.<\/li>\n<\/ul>\n","protected":false},"excerpt":{"rendered":"<p>M\u00f6chten Sie EuroMillions-Tickets f\u00fcr die n\u00e4chste Ziehung kaufen? M\u00f6chten Sie Ihre Scheine komplett online abholen? Sie wollen Lotterien spielen, die in Deutschland nicht verf\u00fcgbar sind? Dann sollten Sie sich das hier genauer ansehen, denn wir gehen die einzelnen Schritte durch. Und zum Gl\u00fcck f\u00fcr Sie ist es super einfach, damit anzufangen. W\u00e4hlen Sie die Lotterie, [&hellip;]<\/p>\n","protected":false},"author":1,"featured_media":0,"parent":3805,"menu_order":3,"comment_status":"closed","ping_status":"closed","template":"euromillions-info.php","meta":{"_et_pb_use_builder":"","_et_pb_old_content":"","_et_gb_content_width":"","exclude_from_search":false,"footnotes":""},"class_list":["post-11316","page","type-page","status-publish","hentry"],"yoast_head":"<!-- This site is optimized with the Yoast SEO plugin v23.4 - https:\/\/yoast.com\/wordpress\/plugins\/seo\/ -->\n<title>Lose f\u00fcr Euromillions aus Deutschland online kaufen | Euromillions info, wie man Lose kauft<\/title>\n<meta name=\"description\" content=\"Lottofans aus allen L\u00e4ndern einschlie\u00dflich Deutschland k\u00f6nnen jetzt Euromillions-Scheine hier kaufen\" \/>\n<meta name=\"robots\" content=\"index, follow, max-snippet:-1, max-image-preview:large, max-video-preview:-1\" \/>\n<link rel=\"canonical\" href=\"https:\/\/onlinelotto365.com\/de\/lose-kaufen\/euromillions\/\" \/>\n<meta property=\"og:locale\" content=\"de_DE\" \/>\n<meta property=\"og:type\" content=\"article\" \/>\n<meta property=\"og:title\" content=\"Lose f\u00fcr Euromillions aus Deutschland online kaufen | Euromillions info, wie man Lose kauft\" \/>\n<meta property=\"og:description\" content=\"Lottofans aus allen L\u00e4ndern einschlie\u00dflich Deutschland k\u00f6nnen jetzt Euromillions-Scheine hier kaufen\" \/>\n<meta property=\"og:url\" content=\"https:\/\/onlinelotto365.com\/de\/lose-kaufen\/euromillions\/\" \/>\n<meta property=\"og:site_name\" content=\"OnlineLotto365\" \/>\n<meta property=\"article:modified_time\" content=\"2021-01-07T14:00:32+00:00\" \/>\n<meta property=\"og:image\" content=\"https:\/\/redfoxlotto.com\/image?size=8&amp;lottery=euromillions\" \/>\n<meta name=\"twitter:card\" content=\"summary_large_image\" \/>\n<meta name=\"twitter:label1\" content=\"Gesch\u00e4tzte Lesezeit\" \/>\n\t<meta name=\"twitter:data1\" content=\"4\u00a0Minuten\" \/>\n<script type=\"application\/ld+json\" class=\"yoast-schema-graph\">{\"@context\":\"https:\/\/schema.org\",\"@graph\":[{\"@type\":\"WebPage\",\"@id\":\"https:\/\/onlinelotto365.com\/de\/lose-kaufen\/euromillions\/\",\"url\":\"https:\/\/onlinelotto365.com\/de\/lose-kaufen\/euromillions\/\",\"name\":\"Lose f\u00fcr Euromillions aus Deutschland online kaufen | Euromillions info, wie man Lose kauft\",\"isPartOf\":{\"@id\":\"https:\/\/onlinelotto365.com\/de\/#website\"},\"primaryImageOfPage\":{\"@id\":\"https:\/\/onlinelotto365.com\/de\/lose-kaufen\/euromillions\/#primaryimage\"},\"image\":{\"@id\":\"https:\/\/onlinelotto365.com\/de\/lose-kaufen\/euromillions\/#primaryimage\"},\"thumbnailUrl\":\"https:\/\/redfoxlotto.com\/image?size=8&amp;lottery=euromillions\",\"datePublished\":\"2020-12-19T08:38:34+00:00\",\"dateModified\":\"2021-01-07T14:00:32+00:00\",\"description\":\"Lottofans aus allen L\u00e4ndern einschlie\u00dflich Deutschland k\u00f6nnen jetzt Euromillions-Scheine hier kaufen\",\"breadcrumb\":{\"@id\":\"https:\/\/onlinelotto365.com\/de\/lose-kaufen\/euromillions\/#breadcrumb\"},\"inLanguage\":\"de\",\"potentialAction\":[{\"@type\":\"ReadAction\",\"target\":[\"https:\/\/onlinelotto365.com\/de\/lose-kaufen\/euromillions\/\"]}]},{\"@type\":\"ImageObject\",\"inLanguage\":\"de\",\"@id\":\"https:\/\/onlinelotto365.com\/de\/lose-kaufen\/euromillions\/#primaryimage\",\"url\":\"https:\/\/redfoxlotto.com\/image?size=8&amp;lottery=euromillions\",\"contentUrl\":\"https:\/\/redfoxlotto.com\/image?size=8&amp;lottery=euromillions\"},{\"@type\":\"BreadcrumbList\",\"@id\":\"https:\/\/onlinelotto365.com\/de\/lose-kaufen\/euromillions\/#breadcrumb\",\"itemListElement\":[{\"@type\":\"ListItem\",\"position\":1,\"name\":\"Home\",\"item\":\"https:\/\/onlinelotto365.com\/de\/\"},{\"@type\":\"ListItem\",\"position\":2,\"name\":\"Warum es sinnvoller ist, Lotterielose online zu kaufen\",\"item\":\"https:\/\/onlinelotto365.com\/de\/lose-kaufen\/\"},{\"@type\":\"ListItem\",\"position\":3,\"name\":\"Wie man Euromillions-Lose online kauft\"}]},{\"@type\":\"WebSite\",\"@id\":\"https:\/\/onlinelotto365.com\/de\/#website\",\"url\":\"https:\/\/onlinelotto365.com\/de\/\",\"name\":\"OnlineLotto365\",\"description\":\"\",\"potentialAction\":[{\"@type\":\"SearchAction\",\"target\":{\"@type\":\"EntryPoint\",\"urlTemplate\":\"https:\/\/onlinelotto365.com\/de\/?s={search_term_string}\"},\"query-input\":{\"@type\":\"PropertyValueSpecification\",\"valueRequired\":true,\"valueName\":\"search_term_string\"}}],\"inLanguage\":\"de\"}]}<\/script>\n<!-- \/ Yoast SEO plugin. -->","yoast_head_json":{"title":"Lose f\u00fcr Euromillions aus Deutschland online kaufen | Euromillions info, wie man Lose kauft","description":"Lottofans aus allen L\u00e4ndern einschlie\u00dflich Deutschland k\u00f6nnen jetzt Euromillions-Scheine hier kaufen","robots":{"index":"index","follow":"follow","max-snippet":"max-snippet:-1","max-image-preview":"max-image-preview:large","max-video-preview":"max-video-preview:-1"},"canonical":"https:\/\/onlinelotto365.com\/de\/lose-kaufen\/euromillions\/","og_locale":"de_DE","og_type":"article","og_title":"Lose f\u00fcr Euromillions aus Deutschland online kaufen | Euromillions info, wie man Lose kauft","og_description":"Lottofans aus allen L\u00e4ndern einschlie\u00dflich Deutschland k\u00f6nnen jetzt Euromillions-Scheine hier kaufen","og_url":"https:\/\/onlinelotto365.com\/de\/lose-kaufen\/euromillions\/","og_site_name":"OnlineLotto365","article_modified_time":"2021-01-07T14:00:32+00:00","og_image":[{"url":"https:\/\/redfoxlotto.com\/image?size=8&amp;lottery=euromillions"}],"twitter_card":"summary_large_image","twitter_misc":{"Gesch\u00e4tzte Lesezeit":"4\u00a0Minuten"},"schema":{"@context":"https:\/\/schema.org","@graph":[{"@type":"WebPage","@id":"https:\/\/onlinelotto365.com\/de\/lose-kaufen\/euromillions\/","url":"https:\/\/onlinelotto365.com\/de\/lose-kaufen\/euromillions\/","name":"Lose f\u00fcr Euromillions aus Deutschland online kaufen | Euromillions info, wie man Lose kauft","isPartOf":{"@id":"https:\/\/onlinelotto365.com\/de\/#website"},"primaryImageOfPage":{"@id":"https:\/\/onlinelotto365.com\/de\/lose-kaufen\/euromillions\/#primaryimage"},"image":{"@id":"https:\/\/onlinelotto365.com\/de\/lose-kaufen\/euromillions\/#primaryimage"},"thumbnailUrl":"https:\/\/redfoxlotto.com\/image?size=8&amp;lottery=euromillions","datePublished":"2020-12-19T08:38:34+00:00","dateModified":"2021-01-07T14:00:32+00:00","description":"Lottofans aus allen L\u00e4ndern einschlie\u00dflich Deutschland k\u00f6nnen jetzt Euromillions-Scheine hier kaufen","breadcrumb":{"@id":"https:\/\/onlinelotto365.com\/de\/lose-kaufen\/euromillions\/#breadcrumb"},"inLanguage":"de","potentialAction":[{"@type":"ReadAction","target":["https:\/\/onlinelotto365.com\/de\/lose-kaufen\/euromillions\/"]}]},{"@type":"ImageObject","inLanguage":"de","@id":"https:\/\/onlinelotto365.com\/de\/lose-kaufen\/euromillions\/#primaryimage","url":"https:\/\/redfoxlotto.com\/image?size=8&amp;lottery=euromillions","contentUrl":"https:\/\/redfoxlotto.com\/image?size=8&amp;lottery=euromillions"},{"@type":"BreadcrumbList","@id":"https:\/\/onlinelotto365.com\/de\/lose-kaufen\/euromillions\/#breadcrumb","itemListElement":[{"@type":"ListItem","position":1,"name":"Home","item":"https:\/\/onlinelotto365.com\/de\/"},{"@type":"ListItem","position":2,"name":"Warum es sinnvoller ist, Lotterielose online zu kaufen","item":"https:\/\/onlinelotto365.com\/de\/lose-kaufen\/"},{"@type":"ListItem","position":3,"name":"Wie man Euromillions-Lose online kauft"}]},{"@type":"WebSite","@id":"https:\/\/onlinelotto365.com\/de\/#website","url":"https:\/\/onlinelotto365.com\/de\/","name":"OnlineLotto365","description":"","potentialAction":[{"@type":"SearchAction","target":{"@type":"EntryPoint","urlTemplate":"https:\/\/onlinelotto365.com\/de\/?s={search_term_string}"},"query-input":{"@type":"PropertyValueSpecification","valueRequired":true,"valueName":"search_term_string"}}],"inLanguage":"de"}]}},"_links":{"self":[{"href":"https:\/\/onlinelotto365.com\/de\/wp-json\/wp\/v2\/pages\/11316","targetHints":{"allow":["GET"]}}],"collection":[{"href":"https:\/\/onlinelotto365.com\/de\/wp-json\/wp\/v2\/pages"}],"about":[{"href":"https:\/\/onlinelotto365.com\/de\/wp-json\/wp\/v2\/types\/page"}],"author":[{"embeddable":true,"href":"https:\/\/onlinelotto365.com\/de\/wp-json\/wp\/v2\/users\/1"}],"replies":[{"embeddable":true,"href":"https:\/\/onlinelotto365.com\/de\/wp-json\/wp\/v2\/comments?post=11316"}],"version-history":[{"count":0,"href":"https:\/\/onlinelotto365.com\/de\/wp-json\/wp\/v2\/pages\/11316\/revisions"}],"up":[{"embeddable":true,"href":"https:\/\/onlinelotto365.com\/de\/wp-json\/wp\/v2\/pages\/3805"}],"wp:attachment":[{"href":"https:\/\/onlinelotto365.com\/de\/wp-json\/wp\/v2\/media?parent=11316"}],"curies":[{"name":"wp","href":"https:\/\/api.w.org\/{rel}","templated":true}]}}