{"id":11320,"date":"2020-12-19T09:40:07","date_gmt":"2020-12-19T08:40:07","guid":{"rendered":"http:\/\/onlinelotto365.net\/?page_id=11320"},"modified":"2021-01-11T10:32:24","modified_gmt":"2021-01-11T09:32:24","slug":"eurojackpot","status":"publish","type":"page","link":"https:\/\/onlinelotto365.com\/de\/lose-kaufen\/eurojackpot\/","title":{"rendered":"Wie man Eurojackpot-Lose online kauft"},"content":{"rendered":"<p>Falls Sie sich fragen, <strong>wie Sie Ihre Eurojackpot-Tickets online kaufen k\u00f6nnen<\/strong>, haben wir den Prozess in einfachen Schritten beschrieben. Aber eigentlich wird unsere Website Sie durch den gesamten Prozess f\u00fchren. Wir haben versucht, es so einfach wie m\u00f6glich zu halten.<\/p>\n<ul>\n<li style=\"list-style-type: none;\">\n<ul>\n<li>Wenn Sie auf der Eurojackpot-Seite sind, w\u00e4hlen Sie Ihre Zahlen aus oder lassen Sie den Computer die Zahlen f\u00fcr Sie ausw\u00e4hlen<\/li>\n<li>Sie k\u00f6nnen weitere Lotterien und weitere Scheine zu Ihrer Bestellung hinzuf\u00fcgen, wenn Sie m\u00f6chten<\/li>\n<li>Klicken Sie auf Jetzt bezahlen<\/li>\n<li>Registrieren Sie Ihr Konto auf unserer Website (wenn Sie das bereits getan haben, k\u00f6nnen Sie diesen Schritt \u00fcberspringen und sich einfach in Ihr bestehendes Konto einloggen<\/li>\n<li>Wenn Sie ein neues Konto registrieren, \u00fcberpr\u00fcfen Sie bitte <strong>Ihren E-Mail-Posteingang auf die Nachricht mit dem Verifizierungslink<\/strong><\/li>\n<li>Falls Sie die E-Mail nicht finden k\u00f6nnen, schauen Sie bitte in Ihrem Spam-Postfach nach, vielleicht ist sie dort gelandet<\/li>\n<li>Klicken Sie auf das Warenkorbsymbol<\/li>\n<li>W\u00e4hlen Sie eine Zahlungsmethode, klicken Sie auf &#8222;Bezahlen&#8220; und folgen Sie den Zahlungsanweisungen<\/li>\n<\/ul>\n<\/li>\n<\/ul>\n<p>.<\/p>\n<p><a href=\"https:\/\/redfoxlotto.com\/de\/spielen\/eurojackpot\/?ref=a8564250a2&amp;medium=ol365\" target=\"_blank\" rel=\"noopener noreferrer\"><img decoding=\"async\" class=\"aligncenter\" src=\"https:\/\/redfoxlotto.com\/image?size=8&amp;lottery=eurojackpot\" alt=\"eurojackpot\" \/><\/a><\/p>\n<h2>Wie Sie Ihr Eurojackpot-Ticket online bezahlen<\/h2>\n<p>Es gibt eine Reihe von sicheren Zahlungsmethoden, die unseren Kunden zur Verf\u00fcgung stehen. W\u00e4hlen Sie die Methode, die f\u00fcr Sie bequem ist.<\/p>\n<p><strong>Sie k\u00f6nnen Ihre Tickets online kaufen und auf zwei Arten bezahlen:<\/strong><\/p>\n<ul>\n<li>Bezahlen Sie Ihre Bestellung direkt<\/li>\n<li>Zahlen Sie Geld auf Ihr Spielerkonto ein und verwenden Sie dann Ihr Guthaben, um Lottoscheine zu kaufen<\/li>\n<\/ul>\n<p>Wenn Sie die zweite Methode verwenden, stellen Sie sicher, dass der Betrag Ihres Guthabens h\u00f6her ist als der Betrag der Losbestellung.<\/p>\n<h2>Mehr Informationen \u00fcber Eurojackpot<\/h2>\n<ul>\n<li>Land: diverse europ\u00e4ische L\u00e4nder<\/li>\n<li>Hauptnummernbereich: 50<\/li>\n<li>Sie w\u00e4hlen: 5<\/li>\n<li>Zusatzzahlenbereich: 10<\/li>\n<li>Sie w\u00e4hlen aus: 2<\/li>\n<li>Ziehungstage, Stunden: Freitag, 21:00 Uhr MEZ<\/li>\n<li>Minimaler Jackpot: 10 Millionen \u20ac<\/li>\n<li>Maximaler Jackpot: 90 Millionen Euro<\/li>\n<li>Wahrscheinlichkeit, den Jackpot zu gewinnen: 1 zu 135.600.640<\/li>\n<li>Wahrscheinlichkeit eines Stufe-2-Gewinns: 1 zu 2.118.760<\/li>\n<li>Wahrscheinlichkeit, in jeder Stufe zu gewinnen: 1 zu 26,39<\/li>\n<li>Anzahl der Gewinnstufen: 12<\/li>\n<\/ul>\n<h2>Vorteile beim Online-Kauf von Eurojackpot-Tickets<\/h2>\n<ul>\n<li style=\"list-style-type: none;\">\n<ul>\n<li>Kaufen Sie Ihre Lose bequem von zu Hause aus<\/li>\n<li>eine gr\u00f6\u00dfere Auswahl an Lotterien<\/li>\n<li><a href=\"https:\/\/onlinelotto365.com\/de\/news\/moeglichkeiten-lottozahlen-auszuwaehlen-die-gewinnen\">Verbessern Sie Ihre Gewinnchancen<\/a>, indem Sie sich f\u00fcr die <a href=\"https:\/\/onlinelotto365.com\/de\/news\/groesste-lotterie-jackpots-in-der-geschichte\">Lotterie mit den h\u00f6chsten Jackpots<\/a><\/li>\n<\/ul>\n<\/li>\n<\/ul>\n<p>entscheiden<\/p>\n<ul>\n<li>Option, zuerst Geld einzuzahlen und dann mit Ihrem Guthaben zu bezahlen<\/li>\n<li>Nie wieder ein Los verlieren<\/li>\n<li>Benachrichtigt werden, wenn Sie gewinnen<\/li>\n<li>Schnellauswahl-Option mit einem Zufallszahlengenerator<\/li>\n<\/ul>\n<h2>Ist es legal, Eurojackpot-Tickets online zu kaufen?<\/h2>\n<p>Sie m\u00fcssen sich keine Gedanken dar\u00fcber machen, ob der Kauf von Lottoscheinen online oder auf traditionelle Weise in Ihrem Wohnsitzland legal ist. Gleichzeitig m\u00fcssen Sie sich keine Gedanken dar\u00fcber machen, ob es legal ist, unseren Service zu nutzen, soweit es die Bestimmungen in dem Land betrifft, in dem die Lotterie stattfindet. Die Art und Weise, wie wir unseren Service betreiben, ist so konzipiert, dass <strong>Sie garantiert ausgezahlt werden, auch wenn Sie einen Jackpot gewinnen.<\/strong><\/p>\n<p><a href=\"https:\/\/onlinelotto365.com\/de\/news\/mindestalter-fuer-den-kauf-von-lottoscheinen\">Sie m\u00fcssen mindestens 18 Jahre alt sein, um unseren Service nutzen zu k\u00f6nnen.<\/a><\/p>\n<h2>Wie werde ich ausgezahlt, wenn ich Eurojackpot online gewinne?<\/h2>\n<p>Die Auszahlung von Gewinnen ist ein wichtiger Teil unseres Services f\u00fcr unsere Kunden. Es ist wichtig f\u00fcr Sie zu wissen, dass wir keine Art von Provision von Ihren Lotteriegewinnen abziehen. Es kann nur in einer einzigen Situation eine sehr geringe Geb\u00fchr anfallen, n\u00e4mlich dann, wenn Sie sich f\u00fcr eine Auszahlung per Bank\u00fcberweisung entscheiden. Das ist ungef\u00e4hr das, was die Bank uns berechnet, und wir sprechen hier von vielleicht $5 pro \u00dcberweisung, wenn es sich um eine internationale \u00dcberweisung handelt.<\/p>\n<p>Es gibt zwei verschiedene Situationen f\u00fcr die Auszahlung:<\/p>\n<ul>\n<li>Sie gewinnen einen Betrag von \u20ac2500 oder weniger. In diesem Fall wird der gewonnene Betrag auf Ihr Spielerkonto bei uns gutgeschrieben.<\/li>\n<li>Sie gewinnen einen Betrag von mehr als \u20ac2500. In diesem Fall senden wir Ihnen ein Formular zu, das Sie ausf\u00fcllen m\u00fcssen. Sie entscheiden, wie Sie die Auszahlung erhalten m\u00f6chten. In diesem Fall sind Bank\u00fcberweisung und Scheck die einzigen Optionen. Wir werden den Antrag f\u00fcr Sie bearbeiten, und ein paar Tage sp\u00e4ter haben Sie Ihr Geld auf Ihrem Bankkonto, oder Sie erhalten einen Scheck.<\/li>\n<\/ul>\n","protected":false},"excerpt":{"rendered":"<p>Falls Sie sich fragen, wie Sie Ihre Eurojackpot-Tickets online kaufen k\u00f6nnen, haben wir den Prozess in einfachen Schritten beschrieben. Aber eigentlich wird unsere Website Sie durch den gesamten Prozess f\u00fchren. Wir haben versucht, es so einfach wie m\u00f6glich zu halten. Wenn Sie auf der Eurojackpot-Seite sind, w\u00e4hlen Sie Ihre Zahlen aus oder lassen Sie den [&hellip;]<\/p>\n","protected":false},"author":1,"featured_media":0,"parent":3805,"menu_order":4,"comment_status":"closed","ping_status":"closed","template":"eurojackpot-info.php","meta":{"_et_pb_use_builder":"","_et_pb_old_content":"","_et_gb_content_width":"","exclude_from_search":false,"footnotes":""},"class_list":["post-11320","page","type-page","status-publish","hentry"],"yoast_head":"<!-- This site is optimized with the Yoast SEO plugin v23.4 - https:\/\/yoast.com\/wordpress\/plugins\/seo\/ -->\n<title>Lose f\u00fcr den Eurojackpot online kaufen<\/title>\n<meta name=\"description\" content=\"Sie leben in Deutschland, m\u00f6chten aber Lose f\u00fcr den Eurojackpot kaufen? Kaufen Sie sie hier online!\" \/>\n<meta name=\"robots\" content=\"index, follow, max-snippet:-1, max-image-preview:large, max-video-preview:-1\" \/>\n<link rel=\"canonical\" href=\"https:\/\/onlinelotto365.com\/de\/lose-kaufen\/eurojackpot\/\" \/>\n<meta property=\"og:locale\" content=\"de_DE\" \/>\n<meta property=\"og:type\" content=\"article\" \/>\n<meta property=\"og:title\" content=\"Lose f\u00fcr den Eurojackpot online kaufen\" \/>\n<meta property=\"og:description\" content=\"Sie leben in Deutschland, m\u00f6chten aber Lose f\u00fcr den Eurojackpot kaufen? Kaufen Sie sie hier online!\" \/>\n<meta property=\"og:url\" content=\"https:\/\/onlinelotto365.com\/de\/lose-kaufen\/eurojackpot\/\" \/>\n<meta property=\"og:site_name\" content=\"OnlineLotto365\" \/>\n<meta property=\"article:modified_time\" content=\"2021-01-11T09:32:24+00:00\" \/>\n<meta property=\"og:image\" content=\"https:\/\/redfoxlotto.com\/image?size=8&amp;lottery=eurojackpot\" \/>\n<meta name=\"twitter:card\" content=\"summary_large_image\" \/>\n<meta name=\"twitter:label1\" content=\"Gesch\u00e4tzte Lesezeit\" \/>\n\t<meta name=\"twitter:data1\" content=\"3\u00a0Minuten\" \/>\n<script type=\"application\/ld+json\" class=\"yoast-schema-graph\">{\"@context\":\"https:\/\/schema.org\",\"@graph\":[{\"@type\":\"WebPage\",\"@id\":\"https:\/\/onlinelotto365.com\/de\/lose-kaufen\/eurojackpot\/\",\"url\":\"https:\/\/onlinelotto365.com\/de\/lose-kaufen\/eurojackpot\/\",\"name\":\"Lose f\u00fcr den Eurojackpot online kaufen\",\"isPartOf\":{\"@id\":\"https:\/\/onlinelotto365.com\/de\/#website\"},\"primaryImageOfPage\":{\"@id\":\"https:\/\/onlinelotto365.com\/de\/lose-kaufen\/eurojackpot\/#primaryimage\"},\"image\":{\"@id\":\"https:\/\/onlinelotto365.com\/de\/lose-kaufen\/eurojackpot\/#primaryimage\"},\"thumbnailUrl\":\"https:\/\/redfoxlotto.com\/image?size=8&amp;lottery=eurojackpot\",\"datePublished\":\"2020-12-19T08:40:07+00:00\",\"dateModified\":\"2021-01-11T09:32:24+00:00\",\"description\":\"Sie leben in Deutschland, m\u00f6chten aber Lose f\u00fcr den Eurojackpot kaufen? Kaufen Sie sie hier online!\",\"breadcrumb\":{\"@id\":\"https:\/\/onlinelotto365.com\/de\/lose-kaufen\/eurojackpot\/#breadcrumb\"},\"inLanguage\":\"de\",\"potentialAction\":[{\"@type\":\"ReadAction\",\"target\":[\"https:\/\/onlinelotto365.com\/de\/lose-kaufen\/eurojackpot\/\"]}]},{\"@type\":\"ImageObject\",\"inLanguage\":\"de\",\"@id\":\"https:\/\/onlinelotto365.com\/de\/lose-kaufen\/eurojackpot\/#primaryimage\",\"url\":\"https:\/\/redfoxlotto.com\/image?size=8&amp;lottery=eurojackpot\",\"contentUrl\":\"https:\/\/redfoxlotto.com\/image?size=8&amp;lottery=eurojackpot\"},{\"@type\":\"BreadcrumbList\",\"@id\":\"https:\/\/onlinelotto365.com\/de\/lose-kaufen\/eurojackpot\/#breadcrumb\",\"itemListElement\":[{\"@type\":\"ListItem\",\"position\":1,\"name\":\"Home\",\"item\":\"https:\/\/onlinelotto365.com\/de\/\"},{\"@type\":\"ListItem\",\"position\":2,\"name\":\"Warum es sinnvoller ist, Lotterielose online zu kaufen\",\"item\":\"https:\/\/onlinelotto365.com\/de\/lose-kaufen\/\"},{\"@type\":\"ListItem\",\"position\":3,\"name\":\"Wie man Eurojackpot-Lose online kauft\"}]},{\"@type\":\"WebSite\",\"@id\":\"https:\/\/onlinelotto365.com\/de\/#website\",\"url\":\"https:\/\/onlinelotto365.com\/de\/\",\"name\":\"OnlineLotto365\",\"description\":\"\",\"potentialAction\":[{\"@type\":\"SearchAction\",\"target\":{\"@type\":\"EntryPoint\",\"urlTemplate\":\"https:\/\/onlinelotto365.com\/de\/?s={search_term_string}\"},\"query-input\":{\"@type\":\"PropertyValueSpecification\",\"valueRequired\":true,\"valueName\":\"search_term_string\"}}],\"inLanguage\":\"de\"}]}<\/script>\n<!-- \/ Yoast SEO plugin. -->","yoast_head_json":{"title":"Lose f\u00fcr den Eurojackpot online kaufen","description":"Sie leben in Deutschland, m\u00f6chten aber Lose f\u00fcr den Eurojackpot kaufen? Kaufen Sie sie hier online!","robots":{"index":"index","follow":"follow","max-snippet":"max-snippet:-1","max-image-preview":"max-image-preview:large","max-video-preview":"max-video-preview:-1"},"canonical":"https:\/\/onlinelotto365.com\/de\/lose-kaufen\/eurojackpot\/","og_locale":"de_DE","og_type":"article","og_title":"Lose f\u00fcr den Eurojackpot online kaufen","og_description":"Sie leben in Deutschland, m\u00f6chten aber Lose f\u00fcr den Eurojackpot kaufen? Kaufen Sie sie hier online!","og_url":"https:\/\/onlinelotto365.com\/de\/lose-kaufen\/eurojackpot\/","og_site_name":"OnlineLotto365","article_modified_time":"2021-01-11T09:32:24+00:00","og_image":[{"url":"https:\/\/redfoxlotto.com\/image?size=8&amp;lottery=eurojackpot"}],"twitter_card":"summary_large_image","twitter_misc":{"Gesch\u00e4tzte Lesezeit":"3\u00a0Minuten"},"schema":{"@context":"https:\/\/schema.org","@graph":[{"@type":"WebPage","@id":"https:\/\/onlinelotto365.com\/de\/lose-kaufen\/eurojackpot\/","url":"https:\/\/onlinelotto365.com\/de\/lose-kaufen\/eurojackpot\/","name":"Lose f\u00fcr den Eurojackpot online kaufen","isPartOf":{"@id":"https:\/\/onlinelotto365.com\/de\/#website"},"primaryImageOfPage":{"@id":"https:\/\/onlinelotto365.com\/de\/lose-kaufen\/eurojackpot\/#primaryimage"},"image":{"@id":"https:\/\/onlinelotto365.com\/de\/lose-kaufen\/eurojackpot\/#primaryimage"},"thumbnailUrl":"https:\/\/redfoxlotto.com\/image?size=8&amp;lottery=eurojackpot","datePublished":"2020-12-19T08:40:07+00:00","dateModified":"2021-01-11T09:32:24+00:00","description":"Sie leben in Deutschland, m\u00f6chten aber Lose f\u00fcr den Eurojackpot kaufen? Kaufen Sie sie hier online!","breadcrumb":{"@id":"https:\/\/onlinelotto365.com\/de\/lose-kaufen\/eurojackpot\/#breadcrumb"},"inLanguage":"de","potentialAction":[{"@type":"ReadAction","target":["https:\/\/onlinelotto365.com\/de\/lose-kaufen\/eurojackpot\/"]}]},{"@type":"ImageObject","inLanguage":"de","@id":"https:\/\/onlinelotto365.com\/de\/lose-kaufen\/eurojackpot\/#primaryimage","url":"https:\/\/redfoxlotto.com\/image?size=8&amp;lottery=eurojackpot","contentUrl":"https:\/\/redfoxlotto.com\/image?size=8&amp;lottery=eurojackpot"},{"@type":"BreadcrumbList","@id":"https:\/\/onlinelotto365.com\/de\/lose-kaufen\/eurojackpot\/#breadcrumb","itemListElement":[{"@type":"ListItem","position":1,"name":"Home","item":"https:\/\/onlinelotto365.com\/de\/"},{"@type":"ListItem","position":2,"name":"Warum es sinnvoller ist, Lotterielose online zu kaufen","item":"https:\/\/onlinelotto365.com\/de\/lose-kaufen\/"},{"@type":"ListItem","position":3,"name":"Wie man Eurojackpot-Lose online kauft"}]},{"@type":"WebSite","@id":"https:\/\/onlinelotto365.com\/de\/#website","url":"https:\/\/onlinelotto365.com\/de\/","name":"OnlineLotto365","description":"","potentialAction":[{"@type":"SearchAction","target":{"@type":"EntryPoint","urlTemplate":"https:\/\/onlinelotto365.com\/de\/?s={search_term_string}"},"query-input":{"@type":"PropertyValueSpecification","valueRequired":true,"valueName":"search_term_string"}}],"inLanguage":"de"}]}},"_links":{"self":[{"href":"https:\/\/onlinelotto365.com\/de\/wp-json\/wp\/v2\/pages\/11320","targetHints":{"allow":["GET"]}}],"collection":[{"href":"https:\/\/onlinelotto365.com\/de\/wp-json\/wp\/v2\/pages"}],"about":[{"href":"https:\/\/onlinelotto365.com\/de\/wp-json\/wp\/v2\/types\/page"}],"author":[{"embeddable":true,"href":"https:\/\/onlinelotto365.com\/de\/wp-json\/wp\/v2\/users\/1"}],"replies":[{"embeddable":true,"href":"https:\/\/onlinelotto365.com\/de\/wp-json\/wp\/v2\/comments?post=11320"}],"version-history":[{"count":0,"href":"https:\/\/onlinelotto365.com\/de\/wp-json\/wp\/v2\/pages\/11320\/revisions"}],"up":[{"embeddable":true,"href":"https:\/\/onlinelotto365.com\/de\/wp-json\/wp\/v2\/pages\/3805"}],"wp:attachment":[{"href":"https:\/\/onlinelotto365.com\/de\/wp-json\/wp\/v2\/media?parent=11320"}],"curies":[{"name":"wp","href":"https:\/\/api.w.org\/{rel}","templated":true}]}}