{"id":11326,"date":"2020-12-19T09:42:30","date_gmt":"2020-12-19T08:42:30","guid":{"rendered":"http:\/\/onlinelotto365.net\/?page_id=11326"},"modified":"2021-01-11T10:23:10","modified_gmt":"2021-01-11T09:23:10","slug":"superenalotto","status":"publish","type":"page","link":"https:\/\/onlinelotto365.com\/de\/lose-kaufen\/superenalotto\/","title":{"rendered":"Wie Sie Superenalotto-Lose online kaufen"},"content":{"rendered":"<p>Sie m\u00f6chten Superenalotto Tickets aus Deutschland online kaufen, wissen aber nicht genau wie? Dann sind Sie hier genau richtig, denn wir werden uns f\u00fcr Sie darum k\u00fcmmern. Alles, was Sie tun m\u00fcssen, ist den einfachen Schritten zu folgen, die wir unten besprechen, und Sie werden Ihre Tickets schnell haben.<\/p>\n<ul>\n<li>W\u00e4hlen Sie das Lottospiel aus, f\u00fcr das Sie <strong>Scheine kaufen m\u00f6chten, und w\u00e4hlen Sie die Zahlen<\/strong>, die Sie spielen m\u00f6chten, oder w\u00e4hlen Sie die Schnellwahl-Option, um den Computer f\u00fcr Sie w\u00e4hlen zu lassen<\/li>\n<li>F\u00fcgen Sie zus\u00e4tzliche Lose oder <a href=\"https:\/\/onlinelotto365.com\/de\/lose-kaufen\">zus\u00e4tzliche Lotterien<\/a> hinzu, um Ihre Bestellung zu erstellen<\/li>\n<li>W\u00e4hlen Sie die Option, jetzt zu bezahlen<\/li>\n<li>Erstellen Sie ein Konto bei uns oder loggen Sie sich in Ihr Konto ein, um Ihre Tickets zu kaufen<\/li>\n<li>Diejenigen, die ein Konto registrieren m\u00fcssen, m\u00fcssen nach einem Verifizierungslink in ihrer E-Mail suchen, um sicherzustellen, dass ihr Konto vollst\u00e4ndig eingerichtet ist<\/li>\n<li>Denken Sie daran, dass der Link in Ihrem Spam-Ordner landen kann, wenn unsere E-Mail-Adresse nicht zu Ihrem Adressbuch hinzugef\u00fcgt wurde, also \u00fcberpr\u00fcfen Sie das bitte noch einmal<\/li>\n<li>W\u00e4hlen Sie das Zahlungssymbol am oberen Rand Ihres Bildschirms<\/li>\n<li>W\u00e4hlen Sie Ihre Zahlungsmethode aus und folgen Sie den Anweisungen, um den Zahlungsvorgang abzuschlie\u00dfen<\/li>\n<\/ul>\n<p><a href=\"https:\/\/redfoxlotto.com\/de\/spielen\/superenalotto\/?ref=a8564250a2&amp;medium=ol365\" target=\"_blank\" rel=\"noopener noreferrer\"><img decoding=\"async\" class=\"aligncenter\" src=\"https:\/\/redfoxlotto.com\/image?size=8&amp;lottery=superenalotto\" alt=\"superenalotto\" \/><\/a><\/p>\n<h2>So bezahlen Sie Ihr Superenalotto-Ticket online<\/h2>\n<p>Wir machen die Bezahlung f\u00fcr Ihr <strong>Superenalotto-Ticket aus Deutschland so einfach wie m\u00f6glich<\/strong>, indem wir Ihnen eine gro\u00dfe Auswahl an Zahlungsarten anbieten. W\u00e4hlen Sie einfach die von Ihnen bevorzugte Zahlungsart aus und schon k\u00f6nnen Sie loslegen.<\/p>\n<p>Wenn Sie bereit sind, Ihre Tickets online zu kaufen, brauchen Sie nur zu w\u00e4hlen zwischen:<\/p>\n<ul>\n<li>Nutzen Sie eine bevorzugte Zahlungsmethode, um Tickets direkt zu bezahlen<\/li>\n<li>Geld auf Ihr Konto einzahlen und dieses Geld f\u00fcr den Kauf Ihrer Tickets verwenden<\/li>\n<\/ul>\n<p>Achten Sie nur darauf, dass Sie mehr als den Geldbetrag, den Sie f\u00fcr Ihre Tickets ben\u00f6tigen, auf Ihr Konto einzahlen, wenn Sie sich f\u00fcr diese Zahlungsart entscheiden.<\/p>\n<h2>Mehr Informationen \u00fcber Superenalotto<\/h2>\n<ul>\n<li>Land: Italien<\/li>\n<li>Hauptnummernbereich: 90<\/li>\n<li>Sie w\u00e4hlen: 6<\/li>\n<li>Ziehungstage, Zeiten: Dienstag, Donnerstag, Samstag, 19:00 GMT, 21:00 CET<\/li>\n<li>Minimaler Jackpot: 2 Millionen \u20ac<\/li>\n<li>Maximaler Jackpot: keiner<\/li>\n<li>Wahrscheinlichkeit, den Jackpot zu gewinnen: 1 zu 622614630<\/li>\n<li>Wahrscheinlichkeit eines Stufe-2-Gewinns: 1 zu 103769105<\/li>\n<li>Wahrscheinlichkeit, in jeder Stufe zu gewinnen: 1 zu 20,58<\/li>\n<li>Anzahl der Gewinnstufen: 6<\/li>\n<\/ul>\n<h2>Vorteile beim Online-Kauf von Superenalotto-Tickets<\/h2>\n<ul>\n<li><a href=\"https:\/\/onlinelotto365.com\/de\/lose-kaufen\">Ticketkauf<\/a> ist von \u00fcberall dort m\u00f6glich, wo Sie sich am wohlsten f\u00fchlen, auch in Deutschland<img loading=\"lazy\" decoding=\"async\" class=\"alignright size-medium wp-image-3615\" src=\"https:\/\/onlinelotto365.com\/wp-content\/uploads\/2020\/11\/online_lottery-52-300x169.jpg\" alt=\"play superenalotto online UK\" width=\"300\" height=\"169\" srcset=\"https:\/\/onlinelotto365.com\/wp-content\/uploads\/2020\/11\/online_lottery-52-300x169.jpg 300w, https:\/\/onlinelotto365.com\/wp-content\/uploads\/2020\/11\/online_lottery-52.jpg 462w\" sizes=\"auto, (max-width: 300px) 100vw, 300px\" \/><\/li>\n<li>W\u00e4hlen Sie aus mehreren verschiedenen Lotterien<\/li>\n<li>Sichern Sie sich die <a href=\"https:\/\/onlinelotto365.com\/de\/news\/moeglichkeiten-lottozahlen-auszuwaehlen-die-gewinnen\">besten Gewinnchancen<\/a> bei den Lotterien mit den besten Jackpots<\/li>\n<li>Geld auf Ihr Konto einzahlen, um direkt f\u00fcr Lose zu bezahlen<\/li>\n<li>Keine Sorgen \u00fcber den Verlust Ihres Scheins<\/li>\n<li>Sofortige Benachrichtigungen, wenn Sie gewinnen<\/li>\n<li>Zufallszahlengenerator f\u00fcr Schnellwahl-Ticketoptionen<\/li>\n<\/ul>\n<h2>Ist es legal, Superenalotto-Scheine online zu kaufen?<\/h2>\n<p>Was, wenn Sie sich \u00fcber die Legalit\u00e4t des Online-Kaufs von Lottoscheinen Gedanken machen? Oder sogar auf traditionelle Art und Weise? Wenn Ihr Wohnsitzland einige strenge Gesetze hat, k\u00f6nnten Sie besorgt sein, aber das m\u00fcssen Sie nicht. Denn unser Service h\u00e4lt sich an die Vorschriften und stellt sicher, dass Sie Ihre Gewinne erhalten, egal wie viel Sie gewinnen oder wo Sie wohnen. <a href=\"https:\/\/onlinelotto365.com\/de\/news\/mindestalter-fuer-den-kauf-von-lottoscheinen\">Sie m\u00fcssen nur 18 Jahre alt sein, um den Service zu nutzen.<\/a><\/p>\n<h2>Wie werde ich ausgezahlt, wenn ich Superenalotto online gewinne?<\/h2>\n<p>Wenn Sie gewinnen, ist der Auszahlungsprozess einfach, denn Sie m\u00fcssen nur sehr wenig tun. Und Sie m\u00fcssen sich auch keine Sorgen machen, dass Sie einen Teil Ihres Gewinns verlieren. Wir nehmen keine Provision, wenn Sie gewinnen, und wir berechnen Ihnen auch keine Geb\u00fchren, es sei denn, Sie entscheiden sich f\u00fcr eine Bank\u00fcberweisung. In diesem Fall, wenn die Bank uns Geb\u00fchren f\u00fcr die \u00dcberweisung berechnet, geben wir diese Geb\u00fchren weiter und es kann sein, dass Sie einen kleinen Betrag von Ihrem Gewinn abgezogen bekommen.<\/p>\n<p><strong>Ansonsten gibt es zwei Dinge, die Sie wissen sollten:<\/strong><\/p>\n<ul>\n<li>Gewonnene Betr\u00e4ge, die unter 2500 \u20ac liegen, werden sofort auf Ihr Spielerkonto \u00fcberwiesen, so dass Sie sie nach Belieben verwenden k\u00f6nnen.<\/li>\n<li>Betr\u00e4ge, die \u00fcber \u20ac2500 liegen, ben\u00f6tigen einen zus\u00e4tzlichen Schritt. Sie werden von unserem Support-Team mit einem Formular kontaktiert, das Sie f\u00fcr die Lotteriekommission ausf\u00fcllen m\u00fcssen. In dem Formular wird detailliert angegeben, wie Sie Ihre Zahlungen vornehmen m\u00f6chten, und Sie k\u00f6nnen eine Bank\u00fcberweisung oder einen Scheck f\u00fcr den Betrag, den Sie gewonnen haben, erhalten.<\/li>\n<\/ul>\n","protected":false},"excerpt":{"rendered":"<p>Sie m\u00f6chten Superenalotto Tickets aus Deutschland online kaufen, wissen aber nicht genau wie? Dann sind Sie hier genau richtig, denn wir werden uns f\u00fcr Sie darum k\u00fcmmern. Alles, was Sie tun m\u00fcssen, ist den einfachen Schritten zu folgen, die wir unten besprechen, und Sie werden Ihre Tickets schnell haben. W\u00e4hlen Sie das Lottospiel aus, f\u00fcr [&hellip;]<\/p>\n","protected":false},"author":1,"featured_media":0,"parent":3805,"menu_order":5,"comment_status":"closed","ping_status":"closed","template":"superenalotto-info.php","meta":{"_et_pb_use_builder":"","_et_pb_old_content":"","_et_gb_content_width":"","exclude_from_search":false,"footnotes":""},"class_list":["post-11326","page","type-page","status-publish","hentry"],"yoast_head":"<!-- This site is optimized with the Yoast SEO plugin v23.4 - https:\/\/yoast.com\/wordpress\/plugins\/seo\/ -->\n<title>\u00dcber den Online-Kauf von Eintrittskarten f\u00fcr Superenalotto aus Deutschland<\/title>\n<meta name=\"description\" content=\"Finden Sie heraus, wie Sie Superenalotto-Lose von \u00fcberall kaufen k\u00f6nnen, auch in Deutschland\" \/>\n<meta name=\"robots\" content=\"index, follow, max-snippet:-1, max-image-preview:large, max-video-preview:-1\" \/>\n<link rel=\"canonical\" href=\"https:\/\/onlinelotto365.com\/de\/lose-kaufen\/superenalotto\/\" \/>\n<meta property=\"og:locale\" content=\"de_DE\" \/>\n<meta property=\"og:type\" content=\"article\" \/>\n<meta property=\"og:title\" content=\"\u00dcber den Online-Kauf von Eintrittskarten f\u00fcr Superenalotto aus Deutschland\" \/>\n<meta property=\"og:description\" content=\"Finden Sie heraus, wie Sie Superenalotto-Lose von \u00fcberall kaufen k\u00f6nnen, auch in Deutschland\" \/>\n<meta property=\"og:url\" content=\"https:\/\/onlinelotto365.com\/de\/lose-kaufen\/superenalotto\/\" \/>\n<meta property=\"og:site_name\" content=\"OnlineLotto365\" \/>\n<meta property=\"article:modified_time\" content=\"2021-01-11T09:23:10+00:00\" \/>\n<meta property=\"og:image\" content=\"https:\/\/redfoxlotto.com\/image?size=8&amp;lottery=superenalotto\" \/>\n<meta name=\"twitter:card\" content=\"summary_large_image\" \/>\n<meta name=\"twitter:label1\" content=\"Gesch\u00e4tzte Lesezeit\" \/>\n\t<meta name=\"twitter:data1\" content=\"4\u00a0Minuten\" \/>\n<script type=\"application\/ld+json\" class=\"yoast-schema-graph\">{\"@context\":\"https:\/\/schema.org\",\"@graph\":[{\"@type\":\"WebPage\",\"@id\":\"https:\/\/onlinelotto365.com\/de\/lose-kaufen\/superenalotto\/\",\"url\":\"https:\/\/onlinelotto365.com\/de\/lose-kaufen\/superenalotto\/\",\"name\":\"\u00dcber den Online-Kauf von Eintrittskarten f\u00fcr Superenalotto aus Deutschland\",\"isPartOf\":{\"@id\":\"https:\/\/onlinelotto365.com\/de\/#website\"},\"primaryImageOfPage\":{\"@id\":\"https:\/\/onlinelotto365.com\/de\/lose-kaufen\/superenalotto\/#primaryimage\"},\"image\":{\"@id\":\"https:\/\/onlinelotto365.com\/de\/lose-kaufen\/superenalotto\/#primaryimage\"},\"thumbnailUrl\":\"https:\/\/redfoxlotto.com\/image?size=8&amp;lottery=superenalotto\",\"datePublished\":\"2020-12-19T08:42:30+00:00\",\"dateModified\":\"2021-01-11T09:23:10+00:00\",\"description\":\"Finden Sie heraus, wie Sie Superenalotto-Lose von \u00fcberall kaufen k\u00f6nnen, auch in Deutschland\",\"breadcrumb\":{\"@id\":\"https:\/\/onlinelotto365.com\/de\/lose-kaufen\/superenalotto\/#breadcrumb\"},\"inLanguage\":\"de\",\"potentialAction\":[{\"@type\":\"ReadAction\",\"target\":[\"https:\/\/onlinelotto365.com\/de\/lose-kaufen\/superenalotto\/\"]}]},{\"@type\":\"ImageObject\",\"inLanguage\":\"de\",\"@id\":\"https:\/\/onlinelotto365.com\/de\/lose-kaufen\/superenalotto\/#primaryimage\",\"url\":\"https:\/\/redfoxlotto.com\/image?size=8&amp;lottery=superenalotto\",\"contentUrl\":\"https:\/\/redfoxlotto.com\/image?size=8&amp;lottery=superenalotto\"},{\"@type\":\"BreadcrumbList\",\"@id\":\"https:\/\/onlinelotto365.com\/de\/lose-kaufen\/superenalotto\/#breadcrumb\",\"itemListElement\":[{\"@type\":\"ListItem\",\"position\":1,\"name\":\"Home\",\"item\":\"https:\/\/onlinelotto365.com\/de\/\"},{\"@type\":\"ListItem\",\"position\":2,\"name\":\"Warum es sinnvoller ist, Lotterielose online zu kaufen\",\"item\":\"https:\/\/onlinelotto365.com\/de\/lose-kaufen\/\"},{\"@type\":\"ListItem\",\"position\":3,\"name\":\"Wie Sie Superenalotto-Lose online kaufen\"}]},{\"@type\":\"WebSite\",\"@id\":\"https:\/\/onlinelotto365.com\/de\/#website\",\"url\":\"https:\/\/onlinelotto365.com\/de\/\",\"name\":\"OnlineLotto365\",\"description\":\"\",\"potentialAction\":[{\"@type\":\"SearchAction\",\"target\":{\"@type\":\"EntryPoint\",\"urlTemplate\":\"https:\/\/onlinelotto365.com\/de\/?s={search_term_string}\"},\"query-input\":{\"@type\":\"PropertyValueSpecification\",\"valueRequired\":true,\"valueName\":\"search_term_string\"}}],\"inLanguage\":\"de\"}]}<\/script>\n<!-- \/ Yoast SEO plugin. -->","yoast_head_json":{"title":"\u00dcber den Online-Kauf von Eintrittskarten f\u00fcr Superenalotto aus Deutschland","description":"Finden Sie heraus, wie Sie Superenalotto-Lose von \u00fcberall kaufen k\u00f6nnen, auch in Deutschland","robots":{"index":"index","follow":"follow","max-snippet":"max-snippet:-1","max-image-preview":"max-image-preview:large","max-video-preview":"max-video-preview:-1"},"canonical":"https:\/\/onlinelotto365.com\/de\/lose-kaufen\/superenalotto\/","og_locale":"de_DE","og_type":"article","og_title":"\u00dcber den Online-Kauf von Eintrittskarten f\u00fcr Superenalotto aus Deutschland","og_description":"Finden Sie heraus, wie Sie Superenalotto-Lose von \u00fcberall kaufen k\u00f6nnen, auch in Deutschland","og_url":"https:\/\/onlinelotto365.com\/de\/lose-kaufen\/superenalotto\/","og_site_name":"OnlineLotto365","article_modified_time":"2021-01-11T09:23:10+00:00","og_image":[{"url":"https:\/\/redfoxlotto.com\/image?size=8&amp;lottery=superenalotto"}],"twitter_card":"summary_large_image","twitter_misc":{"Gesch\u00e4tzte Lesezeit":"4\u00a0Minuten"},"schema":{"@context":"https:\/\/schema.org","@graph":[{"@type":"WebPage","@id":"https:\/\/onlinelotto365.com\/de\/lose-kaufen\/superenalotto\/","url":"https:\/\/onlinelotto365.com\/de\/lose-kaufen\/superenalotto\/","name":"\u00dcber den Online-Kauf von Eintrittskarten f\u00fcr Superenalotto aus Deutschland","isPartOf":{"@id":"https:\/\/onlinelotto365.com\/de\/#website"},"primaryImageOfPage":{"@id":"https:\/\/onlinelotto365.com\/de\/lose-kaufen\/superenalotto\/#primaryimage"},"image":{"@id":"https:\/\/onlinelotto365.com\/de\/lose-kaufen\/superenalotto\/#primaryimage"},"thumbnailUrl":"https:\/\/redfoxlotto.com\/image?size=8&amp;lottery=superenalotto","datePublished":"2020-12-19T08:42:30+00:00","dateModified":"2021-01-11T09:23:10+00:00","description":"Finden Sie heraus, wie Sie Superenalotto-Lose von \u00fcberall kaufen k\u00f6nnen, auch in Deutschland","breadcrumb":{"@id":"https:\/\/onlinelotto365.com\/de\/lose-kaufen\/superenalotto\/#breadcrumb"},"inLanguage":"de","potentialAction":[{"@type":"ReadAction","target":["https:\/\/onlinelotto365.com\/de\/lose-kaufen\/superenalotto\/"]}]},{"@type":"ImageObject","inLanguage":"de","@id":"https:\/\/onlinelotto365.com\/de\/lose-kaufen\/superenalotto\/#primaryimage","url":"https:\/\/redfoxlotto.com\/image?size=8&amp;lottery=superenalotto","contentUrl":"https:\/\/redfoxlotto.com\/image?size=8&amp;lottery=superenalotto"},{"@type":"BreadcrumbList","@id":"https:\/\/onlinelotto365.com\/de\/lose-kaufen\/superenalotto\/#breadcrumb","itemListElement":[{"@type":"ListItem","position":1,"name":"Home","item":"https:\/\/onlinelotto365.com\/de\/"},{"@type":"ListItem","position":2,"name":"Warum es sinnvoller ist, Lotterielose online zu kaufen","item":"https:\/\/onlinelotto365.com\/de\/lose-kaufen\/"},{"@type":"ListItem","position":3,"name":"Wie Sie Superenalotto-Lose online kaufen"}]},{"@type":"WebSite","@id":"https:\/\/onlinelotto365.com\/de\/#website","url":"https:\/\/onlinelotto365.com\/de\/","name":"OnlineLotto365","description":"","potentialAction":[{"@type":"SearchAction","target":{"@type":"EntryPoint","urlTemplate":"https:\/\/onlinelotto365.com\/de\/?s={search_term_string}"},"query-input":{"@type":"PropertyValueSpecification","valueRequired":true,"valueName":"search_term_string"}}],"inLanguage":"de"}]}},"_links":{"self":[{"href":"https:\/\/onlinelotto365.com\/de\/wp-json\/wp\/v2\/pages\/11326","targetHints":{"allow":["GET"]}}],"collection":[{"href":"https:\/\/onlinelotto365.com\/de\/wp-json\/wp\/v2\/pages"}],"about":[{"href":"https:\/\/onlinelotto365.com\/de\/wp-json\/wp\/v2\/types\/page"}],"author":[{"embeddable":true,"href":"https:\/\/onlinelotto365.com\/de\/wp-json\/wp\/v2\/users\/1"}],"replies":[{"embeddable":true,"href":"https:\/\/onlinelotto365.com\/de\/wp-json\/wp\/v2\/comments?post=11326"}],"version-history":[{"count":0,"href":"https:\/\/onlinelotto365.com\/de\/wp-json\/wp\/v2\/pages\/11326\/revisions"}],"up":[{"embeddable":true,"href":"https:\/\/onlinelotto365.com\/de\/wp-json\/wp\/v2\/pages\/3805"}],"wp:attachment":[{"href":"https:\/\/onlinelotto365.com\/de\/wp-json\/wp\/v2\/media?parent=11326"}],"curies":[{"name":"wp","href":"https:\/\/api.w.org\/{rel}","templated":true}]}}