{"id":11328,"date":"2020-12-19T09:43:46","date_gmt":"2020-12-19T08:43:46","guid":{"rendered":"http:\/\/onlinelotto365.net\/?page_id=11328"},"modified":"2021-01-07T15:01:08","modified_gmt":"2021-01-07T14:01:08","slug":"el-gordo","status":"publish","type":"page","link":"https:\/\/onlinelotto365.com\/de\/lose-kaufen\/el-gordo\/","title":{"rendered":"Wie man El Gordo-Lose online kauft"},"content":{"rendered":"<p>Sind Sie neugierig darauf, El Gordo Tickets online zu kaufen, w\u00e4hrend Sie in Deutschland leben? Dann sollten Sie sich diesen Artikel auf keinen Fall entgehen lassen, denn wir f\u00fchren Sie direkt durch den Prozess, damit Sie die gew\u00fcnschten Tickets ohne Probleme bekommen k\u00f6nnen, und ohne in ein Land reisen zu m\u00fcssen, in dem dieses Spiel normalerweise gespielt wird.<\/p>\n<ul>\n<li>Sehen Sie sich die Hauptseite der <strong>Lotterie, die Sie spielen m\u00f6chten, an und w\u00e4hlen Sie die Zahlen<\/strong>, die Sie auf Ihren Scheinen haben m\u00f6chten<\/li>\n<li>F\u00fcgen Sie noch mehr Scheine f\u00fcr dasselbe Spiel oder f\u00fcr <a href=\"https:\/\/onlinelotto365.com\/de\/spielen\">andere Spiele, die Sie spielen m\u00f6chten<\/a> hinzu, damit Sie eine vollst\u00e4ndige Bestellung haben<\/li>\n<li>W\u00e4hlen Sie die Option, jetzt zu bezahlen<\/li>\n<li>Durchlaufen Sie den Registrierungsprozess f\u00fcr Ihr Konto, wenn Sie noch nie bei uns gekauft haben, oder loggen Sie sich in Ihr bestehendes Konto ein, wenn Sie bereits eines haben.<\/li>\n<li>Pr\u00fcfen Sie Ihre E-Mail auf einen Verifizierungslink f\u00fcr Konten, die verifiziert und registriert werden m\u00fcssen<\/li>\n<li>Wenn die E-Mail nicht in Ihrem Posteingang auftaucht, sehen Sie in Ihrem Spam-Ordner nach, um sicherzustellen, dass sie nicht dort gelandet ist<\/li>\n<li>Klicken Sie auf den Einkaufswagen, um Ihre Bestellung zu bezahlen<\/li>\n<li>W\u00e4hlen Sie die gew\u00fcnschte Zahlungsoption aus und folgen Sie den Zahlungsanweisungen<\/li>\n<\/ul>\n<p><a href=\"https:\/\/redfoxlotto.com\/de\/spielen\/el-gordo-primitiva\/?ref=a8564250a2&amp;medium=ol365\" target=\"_blank\" rel=\"noopener noreferrer\"><img decoding=\"async\" class=\"aligncenter\" src=\"https:\/\/redfoxlotto.com\/image?size=8&amp;lottery=el-gordo-primitiva\" alt=\"el gordo\" \/><\/a><\/p>\n<h2>Wie Sie Ihr El Gordo-Ticket online bezahlen<\/h2>\n<p>Die Bezahlung Ihrer Tickets ist einfach und schnell, denn wir m\u00f6chten sicherstellen, dass unsere Kunden aus Deutschland die gew\u00fcnschten Tickets zum gew\u00fcnschten Zeitpunkt ausw\u00e4hlen k\u00f6nnen.<br \/>\nSie k\u00f6nnen Ihre Tickets auf eine der folgenden Arten bezahlen:<\/p>\n<ul>\n<li>Eine Zahlungsmethode eingeben, um einen Kauf direkt zu t\u00e4tigen<\/li>\n<li>Geld auf Ihr Konto einzahlen, um eine Zahlung direkt von dort aus vorzunehmen<\/li>\n<\/ul>\n<p>Stellen Sie sicher, dass Sie mehr als genug Geld auf Ihr Spielerkonto hinzuf\u00fcgen, wenn Sie einen Kauf direkt \u00fcber hier t\u00e4tigen m\u00f6chten.<\/p>\n<h2>Mehr Informationen \u00fcber El Gordo<\/h2>\n<ul>\n<li>Land: Spanien<\/li>\n<li>Hauptnummernbereich: 54<\/li>\n<li>Sie w\u00e4hlen: 5<\/li>\n<li>Zusatzzahlenbereich: keine<\/li>\n<li>Sie w\u00e4hlen: keine<\/li>\n<li>Ziehungstage, Stunden: Sonntag, 21:30 Uhr MEZ, 21:30 Uhr MEZ<\/li>\n<li>Minimaler Jackpot: 4 Millionen \u20ac<\/li>\n<li>Maximaler Jackpot: keiner<\/li>\n<li>Wahrscheinlichkeit, den Jackpot zu gewinnen: 1 zu 31625100<\/li>\n<li>Wahrscheinlichkeit eines Stufe-2-Gewinns: 1 zu 3513900<\/li>\n<li>Wahrscheinlichkeit, in jeder Stufe zu gewinnen: 1 zu 6,16<\/li>\n<li>Anzahl der Gewinnstufen: 9<\/li>\n<\/ul>\n<h2>Vorteile beim Online-Kauf von El Gordo-Tickets<\/h2>\n<ul>\n<li>Erwerben Sie die gew\u00fcnschten Tickets, ohne das Haus zu verlassen<img loading=\"lazy\" decoding=\"async\" class=\"alignright wp-image-3585\" src=\"https:\/\/onlinelotto365.com\/wp-content\/uploads\/2020\/11\/online_lottery-106.jpg\" alt=\"play el gordo online UK\" width=\"282\" height=\"169\" \/><\/li>\n<li>W\u00e4hlen Sie aus noch mehr Lotteriespielen<\/li>\n<li>Sichern Sie sich noch <a href=\"https:\/\/onlinelotto365.com\/de\/news\/berechnen-sie-die-gewinnchancen-fuer-jede-lotterie\">bessere Gewinnchancen<\/a>, indem Sie Lotteriespiele mit den besten Jackpots w\u00e4hlen<\/li>\n<li>Gelden Sie Geld auf Ihr Konto und bezahlen Sie Scheine mit Ihrem Lotterieguthaben<\/li>\n<li>Behalten Sie leicht den \u00dcberblick \u00fcber Ihre Scheine<\/li>\n<li>Sofortige Benachrichtigung f\u00fcr <a href=\"https:\/\/onlinelotto365.com\/de\/gewinnzahlen\">Gewinnscheine<\/a><\/li>\n<li>Lassen Sie den Computer die Losnummern ausw\u00e4hlen, die Sie verwenden<\/li>\n<\/ul>\n<h2>Ist es legal, El Gordo Tickets online zu kaufen?<\/h2>\n<p>Sie brauchen sich keine Sorgen zu machen, ob der Ticketkauf online oder auf traditionellem Weg f\u00fcr Sie in Deutschland legal ist. Unser System macht alles legal und vorschriftsm\u00e4\u00dfig. Ganz zu schweigen davon, dass Sie Ihre Auszahlung und Ihre Gewinne erhalten, egal was passiert. Wir sorgen daf\u00fcr, dass es so schnell wie m\u00f6glich auf Ihr Konto \u00fcberwiesen wird.<br \/>\nAlles, was Sie tun m\u00fcssen, ist 18 Jahre alt zu sein, um unsere Website zu nutzen.<\/p>\n<h2>Wie werde ich ausgezahlt, wenn ich El Gordo online gewinne?<\/h2>\n<p>Wir wissen, dass es f\u00fcr Sie extrem wichtig ist, bezahlt zu werden, weshalb wir eine Menge Zeit und M\u00fche in diesen Prozess stecken. Wir stellen sicher, dass <strong>Sie Ihren gesamten Gewinn erhalten, ohne dass wir Geb\u00fchren oder Provisionen f\u00fcr uns nehmen<\/strong>. Das einzige Mal, dass Sie etwas an uns zahlen, ist, wenn Sie eine Bank\u00fcberweisung als Zahlungsmethode w\u00e4hlen. In einigen Gebieten kann dies eine Geb\u00fchr von der <strong>Bank f\u00fcr eine \u00dcberweisung nach Deutschland<\/strong> erfordern und wir werden diese kleine Geb\u00fchr ebenfalls an Sie weitergeben.<\/p>\n<p>Andernfalls erfolgt die Zahlung auf eine von zwei Arten:<\/p>\n<ul>\n<li>Wenn Sie weniger als 2500 \u20ac gewinnen, zahlen wir es automatisch direkt auf Ihr Konto ein, sodass Sie nichts weiter tun m\u00fcssen.<\/li>\n<li>Wenn Sie mehr als \u20ac2500 gewinnen, dann m\u00fcssen Sie auf eine E-Mail von unserem Support-Team warten, damit Sie das Anspruchsformular ausf\u00fcllen k\u00f6nnen. So k\u00f6nnen Sie sich Ihren Gewinn direkt per Bank\u00fcberweisung oder per Scheck auszahlen lassen, der Ihnen zugeschickt wird.<\/li>\n<\/ul>\n","protected":false},"excerpt":{"rendered":"<p>Sind Sie neugierig darauf, El Gordo Tickets online zu kaufen, w\u00e4hrend Sie in Deutschland leben? Dann sollten Sie sich diesen Artikel auf keinen Fall entgehen lassen, denn wir f\u00fchren Sie direkt durch den Prozess, damit Sie die gew\u00fcnschten Tickets ohne Probleme bekommen k\u00f6nnen, und ohne in ein Land reisen zu m\u00fcssen, in dem dieses Spiel [&hellip;]<\/p>\n","protected":false},"author":1,"featured_media":0,"parent":3805,"menu_order":6,"comment_status":"closed","ping_status":"closed","template":"el-gordo-info.php","meta":{"_et_pb_use_builder":"","_et_pb_old_content":"","_et_gb_content_width":"","exclude_from_search":false,"footnotes":""},"class_list":["post-11328","page","type-page","status-publish","hentry"],"yoast_head":"<!-- This site is optimized with the Yoast SEO plugin v23.4 - https:\/\/yoast.com\/wordpress\/plugins\/seo\/ -->\n<title>El Gordo aus Deutschland - wie man Lose online kauft<\/title>\n<meta name=\"description\" content=\"Diese spanische Lotterie ist jetzt von Deutschland aus erh\u00e4ltlich - online Lose kaufen\" \/>\n<meta name=\"robots\" content=\"index, follow, max-snippet:-1, max-image-preview:large, max-video-preview:-1\" \/>\n<link rel=\"canonical\" href=\"https:\/\/onlinelotto365.com\/de\/lose-kaufen\/el-gordo\/\" \/>\n<meta property=\"og:locale\" content=\"de_DE\" \/>\n<meta property=\"og:type\" content=\"article\" \/>\n<meta property=\"og:title\" content=\"El Gordo aus Deutschland - wie man Lose online kauft\" \/>\n<meta property=\"og:description\" content=\"Diese spanische Lotterie ist jetzt von Deutschland aus erh\u00e4ltlich - online Lose kaufen\" \/>\n<meta property=\"og:url\" content=\"https:\/\/onlinelotto365.com\/de\/lose-kaufen\/el-gordo\/\" \/>\n<meta property=\"og:site_name\" content=\"OnlineLotto365\" \/>\n<meta property=\"article:modified_time\" content=\"2021-01-07T14:01:08+00:00\" \/>\n<meta property=\"og:image\" content=\"https:\/\/redfoxlotto.com\/image?size=8&amp;lottery=el-gordo-primitiva\" \/>\n<meta name=\"twitter:card\" content=\"summary_large_image\" \/>\n<meta name=\"twitter:label1\" content=\"Gesch\u00e4tzte Lesezeit\" \/>\n\t<meta name=\"twitter:data1\" content=\"4\u00a0Minuten\" \/>\n<script type=\"application\/ld+json\" class=\"yoast-schema-graph\">{\"@context\":\"https:\/\/schema.org\",\"@graph\":[{\"@type\":\"WebPage\",\"@id\":\"https:\/\/onlinelotto365.com\/de\/lose-kaufen\/el-gordo\/\",\"url\":\"https:\/\/onlinelotto365.com\/de\/lose-kaufen\/el-gordo\/\",\"name\":\"El Gordo aus Deutschland - wie man Lose online kauft\",\"isPartOf\":{\"@id\":\"https:\/\/onlinelotto365.com\/de\/#website\"},\"primaryImageOfPage\":{\"@id\":\"https:\/\/onlinelotto365.com\/de\/lose-kaufen\/el-gordo\/#primaryimage\"},\"image\":{\"@id\":\"https:\/\/onlinelotto365.com\/de\/lose-kaufen\/el-gordo\/#primaryimage\"},\"thumbnailUrl\":\"https:\/\/redfoxlotto.com\/image?size=8&amp;lottery=el-gordo-primitiva\",\"datePublished\":\"2020-12-19T08:43:46+00:00\",\"dateModified\":\"2021-01-07T14:01:08+00:00\",\"description\":\"Diese spanische Lotterie ist jetzt von Deutschland aus erh\u00e4ltlich - online Lose kaufen\",\"breadcrumb\":{\"@id\":\"https:\/\/onlinelotto365.com\/de\/lose-kaufen\/el-gordo\/#breadcrumb\"},\"inLanguage\":\"de\",\"potentialAction\":[{\"@type\":\"ReadAction\",\"target\":[\"https:\/\/onlinelotto365.com\/de\/lose-kaufen\/el-gordo\/\"]}]},{\"@type\":\"ImageObject\",\"inLanguage\":\"de\",\"@id\":\"https:\/\/onlinelotto365.com\/de\/lose-kaufen\/el-gordo\/#primaryimage\",\"url\":\"https:\/\/redfoxlotto.com\/image?size=8&amp;lottery=el-gordo-primitiva\",\"contentUrl\":\"https:\/\/redfoxlotto.com\/image?size=8&amp;lottery=el-gordo-primitiva\"},{\"@type\":\"BreadcrumbList\",\"@id\":\"https:\/\/onlinelotto365.com\/de\/lose-kaufen\/el-gordo\/#breadcrumb\",\"itemListElement\":[{\"@type\":\"ListItem\",\"position\":1,\"name\":\"Home\",\"item\":\"https:\/\/onlinelotto365.com\/de\/\"},{\"@type\":\"ListItem\",\"position\":2,\"name\":\"Warum es sinnvoller ist, Lotterielose online zu kaufen\",\"item\":\"https:\/\/onlinelotto365.com\/de\/lose-kaufen\/\"},{\"@type\":\"ListItem\",\"position\":3,\"name\":\"Wie man El Gordo-Lose online kauft\"}]},{\"@type\":\"WebSite\",\"@id\":\"https:\/\/onlinelotto365.com\/de\/#website\",\"url\":\"https:\/\/onlinelotto365.com\/de\/\",\"name\":\"OnlineLotto365\",\"description\":\"\",\"potentialAction\":[{\"@type\":\"SearchAction\",\"target\":{\"@type\":\"EntryPoint\",\"urlTemplate\":\"https:\/\/onlinelotto365.com\/de\/?s={search_term_string}\"},\"query-input\":{\"@type\":\"PropertyValueSpecification\",\"valueRequired\":true,\"valueName\":\"search_term_string\"}}],\"inLanguage\":\"de\"}]}<\/script>\n<!-- \/ Yoast SEO plugin. -->","yoast_head_json":{"title":"El Gordo aus Deutschland - wie man Lose online kauft","description":"Diese spanische Lotterie ist jetzt von Deutschland aus erh\u00e4ltlich - online Lose kaufen","robots":{"index":"index","follow":"follow","max-snippet":"max-snippet:-1","max-image-preview":"max-image-preview:large","max-video-preview":"max-video-preview:-1"},"canonical":"https:\/\/onlinelotto365.com\/de\/lose-kaufen\/el-gordo\/","og_locale":"de_DE","og_type":"article","og_title":"El Gordo aus Deutschland - wie man Lose online kauft","og_description":"Diese spanische Lotterie ist jetzt von Deutschland aus erh\u00e4ltlich - online Lose kaufen","og_url":"https:\/\/onlinelotto365.com\/de\/lose-kaufen\/el-gordo\/","og_site_name":"OnlineLotto365","article_modified_time":"2021-01-07T14:01:08+00:00","og_image":[{"url":"https:\/\/redfoxlotto.com\/image?size=8&amp;lottery=el-gordo-primitiva"}],"twitter_card":"summary_large_image","twitter_misc":{"Gesch\u00e4tzte Lesezeit":"4\u00a0Minuten"},"schema":{"@context":"https:\/\/schema.org","@graph":[{"@type":"WebPage","@id":"https:\/\/onlinelotto365.com\/de\/lose-kaufen\/el-gordo\/","url":"https:\/\/onlinelotto365.com\/de\/lose-kaufen\/el-gordo\/","name":"El Gordo aus Deutschland - wie man Lose online kauft","isPartOf":{"@id":"https:\/\/onlinelotto365.com\/de\/#website"},"primaryImageOfPage":{"@id":"https:\/\/onlinelotto365.com\/de\/lose-kaufen\/el-gordo\/#primaryimage"},"image":{"@id":"https:\/\/onlinelotto365.com\/de\/lose-kaufen\/el-gordo\/#primaryimage"},"thumbnailUrl":"https:\/\/redfoxlotto.com\/image?size=8&amp;lottery=el-gordo-primitiva","datePublished":"2020-12-19T08:43:46+00:00","dateModified":"2021-01-07T14:01:08+00:00","description":"Diese spanische Lotterie ist jetzt von Deutschland aus erh\u00e4ltlich - online Lose kaufen","breadcrumb":{"@id":"https:\/\/onlinelotto365.com\/de\/lose-kaufen\/el-gordo\/#breadcrumb"},"inLanguage":"de","potentialAction":[{"@type":"ReadAction","target":["https:\/\/onlinelotto365.com\/de\/lose-kaufen\/el-gordo\/"]}]},{"@type":"ImageObject","inLanguage":"de","@id":"https:\/\/onlinelotto365.com\/de\/lose-kaufen\/el-gordo\/#primaryimage","url":"https:\/\/redfoxlotto.com\/image?size=8&amp;lottery=el-gordo-primitiva","contentUrl":"https:\/\/redfoxlotto.com\/image?size=8&amp;lottery=el-gordo-primitiva"},{"@type":"BreadcrumbList","@id":"https:\/\/onlinelotto365.com\/de\/lose-kaufen\/el-gordo\/#breadcrumb","itemListElement":[{"@type":"ListItem","position":1,"name":"Home","item":"https:\/\/onlinelotto365.com\/de\/"},{"@type":"ListItem","position":2,"name":"Warum es sinnvoller ist, Lotterielose online zu kaufen","item":"https:\/\/onlinelotto365.com\/de\/lose-kaufen\/"},{"@type":"ListItem","position":3,"name":"Wie man El Gordo-Lose online kauft"}]},{"@type":"WebSite","@id":"https:\/\/onlinelotto365.com\/de\/#website","url":"https:\/\/onlinelotto365.com\/de\/","name":"OnlineLotto365","description":"","potentialAction":[{"@type":"SearchAction","target":{"@type":"EntryPoint","urlTemplate":"https:\/\/onlinelotto365.com\/de\/?s={search_term_string}"},"query-input":{"@type":"PropertyValueSpecification","valueRequired":true,"valueName":"search_term_string"}}],"inLanguage":"de"}]}},"_links":{"self":[{"href":"https:\/\/onlinelotto365.com\/de\/wp-json\/wp\/v2\/pages\/11328","targetHints":{"allow":["GET"]}}],"collection":[{"href":"https:\/\/onlinelotto365.com\/de\/wp-json\/wp\/v2\/pages"}],"about":[{"href":"https:\/\/onlinelotto365.com\/de\/wp-json\/wp\/v2\/types\/page"}],"author":[{"embeddable":true,"href":"https:\/\/onlinelotto365.com\/de\/wp-json\/wp\/v2\/users\/1"}],"replies":[{"embeddable":true,"href":"https:\/\/onlinelotto365.com\/de\/wp-json\/wp\/v2\/comments?post=11328"}],"version-history":[{"count":0,"href":"https:\/\/onlinelotto365.com\/de\/wp-json\/wp\/v2\/pages\/11328\/revisions"}],"up":[{"embeddable":true,"href":"https:\/\/onlinelotto365.com\/de\/wp-json\/wp\/v2\/pages\/3805"}],"wp:attachment":[{"href":"https:\/\/onlinelotto365.com\/de\/wp-json\/wp\/v2\/media?parent=11328"}],"curies":[{"name":"wp","href":"https:\/\/api.w.org\/{rel}","templated":true}]}}