{"id":11335,"date":"2020-12-19T09:46:49","date_gmt":"2020-12-19T08:46:49","guid":{"rendered":"http:\/\/onlinelotto365.net\/?page_id=11335"},"modified":"2021-01-07T15:00:16","modified_gmt":"2021-01-07T14:00:16","slug":"la-primitiva","status":"publish","type":"page","link":"https:\/\/onlinelotto365.com\/de\/lose-kaufen\/la-primitiva\/","title":{"rendered":"Wie man La Primitiva-Lose online kauft"},"content":{"rendered":"<p>Wenn Sie <strong>La Primitiva-Tickets online kaufen<\/strong> wollen, aber noch nicht ganz sicher sind, wie das geht, dann stellen Sie sicher, dass Sie einen Blick auf diesen Prozess werfen. F\u00fcr britische Lottofans ist es viel einfacher, als Sie vielleicht denken, und Sie k\u00f6nnten schneller auf die Ziehung warten, als Sie denken.<\/p>\n<ul>\n<li>W\u00e4hlen Sie das Lottospiel, das Sie spielen m\u00f6chten und <strong>w\u00e4hlen Sie die Zahlen f\u00fcr jeden Ihrer Scheine<\/strong>. Oder lassen Sie den Computer Ihre Losnummern f\u00fcr Sie ausw\u00e4hlen.<\/li>\n<li>F\u00fcgen Sie so viele <a href=\"https:\/\/onlinelotto365.com\/de\/spielen\">verschiedene Scheine und Lottospiele<\/a> zu Ihrer Bestellung hinzu, wie Sie m\u00f6chten, bevor Sie zur Kasse gehen<\/li>\n<li>W\u00e4hlen Sie die Option, jetzt zu bezahlen<\/li>\n<li>Registrieren Sie ein neues Konto, wenn Sie noch nie bei uns gekauft haben, oder melden Sie sich an, wenn Sie bereits Kunde sind<\/li>\n<li>Schlie\u00dfen Sie den Registrierungsprozess ab, indem Sie auf den Best\u00e4tigungslink klicken, der an Ihre E-Mail-Adresse gesendet wird<\/li>\n<li>Pr\u00fcfen Sie sowohl Ihren Posteingang als auch Ihren Spam-Ordner auf Ihre Best\u00e4tigungs-E-Mail<\/li>\n<li>Gehen Sie zum Einkaufswagen auf der Website<\/li>\n<li>Folgen Sie den Anweisungen, um eine Zahlungsoption auszuw\u00e4hlen und Ihre Tickets zu bezahlen<\/li>\n<\/ul>\n<p><a href=\"https:\/\/redfoxlotto.com\/de\/spielen\/la-primitiva\/?ref=a8564250a2&amp;medium=ol365\" target=\"_blank\" rel=\"noopener noreferrer\"><img decoding=\"async\" class=\"aligncenter\" src=\"https:\/\/redfoxlotto.com\/image?size=8&amp;lottery=la-primitiva\" alt=\" la primitiva\" \/><\/a><\/p>\n<h2>Wie Sie Ihr La Primitiva-Ticket online bezahlen k\u00f6nnen<\/h2>\n<p>Sie k\u00f6nnen zwischen verschiedenen Zahlungsm\u00f6glichkeiten w\u00e4hlen, die f\u00fcr unsere Benutzer sehr sicher sind. Wir lassen Sie die Option w\u00e4hlen, die am bequemsten ist.<br \/>\nW\u00e4hlen Sie eine der beiden Optionen, um loszulegen:<\/p>\n<ul>\n<li>Direkt mit einer Kreditkarte, einem Bankkonto oder einer anderen Zahlungsmethode bezahlen<\/li>\n<li>Gelden Sie Geld auf Ihr Konto und verwenden Sie es, um <a href=\"https:\/\/onlinelotto365.com\/de\/lose-kaufen\">Tickets von Ihrem Spielerkonto zu kaufen<\/a><\/li>\n<\/ul>\n<p>Diejenigen, die Geld auf ihr Spielerkonto hinzuf\u00fcgen, um einen Kauf zu t\u00e4tigen, m\u00fcssen mehr als genug Geld f\u00fcr den von ihnen gew\u00e4hlten Kauf einzahlen.<\/p>\n<h2>Mehr Infos \u00fcber La Primitiva<\/h2>\n<ul>\n<li>Land: Spanien<\/li>\n<li>Hauptnummernbereich: 49<\/li>\n<li>Sie w\u00e4hlen: 6<\/li>\n<li>Zusatzzahlenbereich:<\/li>\n<li>Sie w\u00e4hlen: 1<\/li>\n<li>Ziehungstage, Zeiten: Donnerstag, Samstag, 21:30 Uhr MEZ, 21:30 Uhr MEZ<\/li>\n<li>Minimaler Jackpot: 2 Millionen \u20ac<\/li>\n<li>Maximaler Jackpot: keiner<\/li>\n<li>Wahrscheinlichkeit, den Jackpot zu gewinnen: 1 zu 15537573<\/li>\n<li>Wahrscheinlichkeit f\u00fcr einen Stufe-2-Gewinn: 1 zu 542008<\/li>\n<li>Wahrscheinlichkeit, in jeder Stufe zu gewinnen: 1 zu 8,43<\/li>\n<li>Anzahl der Gewinnstufen: 9<\/li>\n<\/ul>\n<h2>Vorteile beim Online-Kauf von La Primitiva-Tickets<\/h2>\n<ul>\n<li>W\u00e4hlen Sie Ihre Tickets aus, ohne das Haus zu verlassen<img loading=\"lazy\" decoding=\"async\" class=\"alignright wp-image-3535\" src=\"https:\/\/onlinelotto365.com\/wp-content\/uploads\/2020\/11\/online_lottery-141-296x300.jpg\" alt=\"la primitiva online\" width=\"164\" height=\"166\" srcset=\"https:\/\/onlinelotto365.com\/wp-content\/uploads\/2020\/11\/online_lottery-141-296x300.jpg 296w, https:\/\/onlinelotto365.com\/wp-content\/uploads\/2020\/11\/online_lottery-141-100x100.jpg 100w, https:\/\/onlinelotto365.com\/wp-content\/uploads\/2020\/11\/online_lottery-141.jpg 491w\" sizes=\"auto, (max-width: 164px) 100vw, 164px\" \/><\/li>\n<li>W\u00e4hlen Sie aus noch mehr Gewinnspieloptionen<\/li>\n<li>Werfen Sie einen <strong>Blick auf verschiedene Jackpots<\/strong>, um zu sehen, wo Sie am meisten gewinnen k\u00f6nnen<\/li>\n<li>Geld auf Ihr Konto einzahlen, um Ihre Scheine zu bezahlen<\/li>\n<li>Keine Sorgen, Ihre Tickets zu verlieren<\/li>\n<li>Sie erhalten eine <a href=\"https:\/\/onlinelotto365.com\/de\/gewinnzahlen\">Benachrichtigung, wenn Sie gewinnen<\/a><\/li>\n<li>Sie k\u00f6nnen ein zuf\u00e4llig generiertes Ticket w\u00e4hlen<\/li>\n<\/ul>\n<h2>Ist es legal, La Primitiva-Scheine online zu kaufen?<\/h2>\n<p>Manche Leute machen sich Gedanken dar\u00fcber, ob der Online-Kauf von Lotteriescheinen in ihrem Wohnsitzland erlaubt ist. Oder sogar, ob sie die Scheine auf herk\u00f6mmliche Weise kaufen k\u00f6nnen. Aber Sie m\u00fcssen sich keine Sorgen dar\u00fcber machen, ob es legal ist, unser System zu benutzen, denn wir k\u00fcmmern uns um die Bestimmungen f\u00fcr das Gebiet, in dem die Lotterie stattfindet. Auf diese Weise erhalten Sie Ihre Gewinne, egal was los ist und egal wie viel Sie gewinnen.<br \/>\nSie m\u00fcssen nur mindestens 18 Jahre alt sein, um unseren Service nutzen zu k\u00f6nnen.<\/p>\n<h2>Wie werde ich ausgezahlt, wenn ich La Primitiva online gewinne?<\/h2>\n<p>Wenn es darum geht, bezahlt zu werden, wissen wir, wie wichtig das f\u00fcr Sie ist. Deshalb machen wir den Zahlungsprozess so einfach wie m\u00f6glich. Und das alles, ohne dass wir Ihnen irgendwelche Geb\u00fchren oder Provisionen berechnen. Es sei denn, <strong>Sie entscheiden sich f\u00fcr eine Zahlung per Bank\u00fcberweisung<\/strong>. In diesem Fall k\u00f6nnen wir von Ihrer Bank eine Geb\u00fchr verlangen. Wenn dies geschieht, geben wir diese Geb\u00fchr an Sie weiter.<br \/>\nAlles, was Sie tun m\u00fcssen, ist zu wissen, was passiert, wenn Sie gewinnen:<\/p>\n<ul>\n<li>Wenn Sie weniger als \u20ac2500 gewinnen, m\u00fcssen Sie nichts tun, weil wir uns um alles f\u00fcr Sie k\u00fcmmern. Wir sorgen daf\u00fcr, dass Sie Ihr gesamtes Geld direkt auf Ihr Spielerkonto erhalten<\/li>\n<li>Wenn Sie mehr als \u20ac2500 gewinnen, k\u00f6nnen Sie sich Ihr Geld per Scheck oder Bank\u00fcberweisung schicken lassen. In diesem Fall m\u00fcssen Sie ein Antragsformular ausf\u00fcllen, das Ihnen unser Support-Team zuschicken wird, und dann helfen wir Ihnen mit dem Rest<\/li>\n<\/ul>\n","protected":false},"excerpt":{"rendered":"<p>Wenn Sie La Primitiva-Tickets online kaufen wollen, aber noch nicht ganz sicher sind, wie das geht, dann stellen Sie sicher, dass Sie einen Blick auf diesen Prozess werfen. F\u00fcr britische Lottofans ist es viel einfacher, als Sie vielleicht denken, und Sie k\u00f6nnten schneller auf die Ziehung warten, als Sie denken. W\u00e4hlen Sie das Lottospiel, das [&hellip;]<\/p>\n","protected":false},"author":1,"featured_media":0,"parent":3805,"menu_order":7,"comment_status":"closed","ping_status":"closed","template":"la-primitiva-info.php","meta":{"_et_pb_use_builder":"","_et_pb_old_content":"","_et_gb_content_width":"","exclude_from_search":false,"footnotes":""},"class_list":["post-11335","page","type-page","status-publish","hentry"],"yoast_head":"<!-- This site is optimized with the Yoast SEO plugin v23.4 - https:\/\/yoast.com\/wordpress\/plugins\/seo\/ -->\n<title>Online-Dienst f\u00fcr La Primitiva-Lose | La Primitiva aus Deutschland<\/title>\n<meta name=\"description\" content=\"Finden Sie heraus, wie Sie von Deutschland aus Lose f\u00fcr die spanische Lotterie La Primitiva kaufen k\u00f6nnen\" \/>\n<meta name=\"robots\" content=\"index, follow, max-snippet:-1, max-image-preview:large, max-video-preview:-1\" \/>\n<link rel=\"canonical\" href=\"https:\/\/onlinelotto365.com\/de\/lose-kaufen\/la-primitiva\/\" \/>\n<meta property=\"og:locale\" content=\"de_DE\" \/>\n<meta property=\"og:type\" content=\"article\" \/>\n<meta property=\"og:title\" content=\"Online-Dienst f\u00fcr La Primitiva-Lose | La Primitiva aus Deutschland\" \/>\n<meta property=\"og:description\" content=\"Finden Sie heraus, wie Sie von Deutschland aus Lose f\u00fcr die spanische Lotterie La Primitiva kaufen k\u00f6nnen\" \/>\n<meta property=\"og:url\" content=\"https:\/\/onlinelotto365.com\/de\/lose-kaufen\/la-primitiva\/\" \/>\n<meta property=\"og:site_name\" content=\"OnlineLotto365\" \/>\n<meta property=\"article:modified_time\" content=\"2021-01-07T14:00:16+00:00\" \/>\n<meta property=\"og:image\" content=\"https:\/\/redfoxlotto.com\/image?size=8&amp;lottery=la-primitiva\" \/>\n<meta name=\"twitter:card\" content=\"summary_large_image\" \/>\n<meta name=\"twitter:label1\" content=\"Gesch\u00e4tzte Lesezeit\" \/>\n\t<meta name=\"twitter:data1\" content=\"4\u00a0Minuten\" \/>\n<script type=\"application\/ld+json\" class=\"yoast-schema-graph\">{\"@context\":\"https:\/\/schema.org\",\"@graph\":[{\"@type\":\"WebPage\",\"@id\":\"https:\/\/onlinelotto365.com\/de\/lose-kaufen\/la-primitiva\/\",\"url\":\"https:\/\/onlinelotto365.com\/de\/lose-kaufen\/la-primitiva\/\",\"name\":\"Online-Dienst f\u00fcr La Primitiva-Lose | La Primitiva aus Deutschland\",\"isPartOf\":{\"@id\":\"https:\/\/onlinelotto365.com\/de\/#website\"},\"primaryImageOfPage\":{\"@id\":\"https:\/\/onlinelotto365.com\/de\/lose-kaufen\/la-primitiva\/#primaryimage\"},\"image\":{\"@id\":\"https:\/\/onlinelotto365.com\/de\/lose-kaufen\/la-primitiva\/#primaryimage\"},\"thumbnailUrl\":\"https:\/\/redfoxlotto.com\/image?size=8&amp;lottery=la-primitiva\",\"datePublished\":\"2020-12-19T08:46:49+00:00\",\"dateModified\":\"2021-01-07T14:00:16+00:00\",\"description\":\"Finden Sie heraus, wie Sie von Deutschland aus Lose f\u00fcr die spanische Lotterie La Primitiva kaufen k\u00f6nnen\",\"breadcrumb\":{\"@id\":\"https:\/\/onlinelotto365.com\/de\/lose-kaufen\/la-primitiva\/#breadcrumb\"},\"inLanguage\":\"de\",\"potentialAction\":[{\"@type\":\"ReadAction\",\"target\":[\"https:\/\/onlinelotto365.com\/de\/lose-kaufen\/la-primitiva\/\"]}]},{\"@type\":\"ImageObject\",\"inLanguage\":\"de\",\"@id\":\"https:\/\/onlinelotto365.com\/de\/lose-kaufen\/la-primitiva\/#primaryimage\",\"url\":\"https:\/\/redfoxlotto.com\/image?size=8&amp;lottery=la-primitiva\",\"contentUrl\":\"https:\/\/redfoxlotto.com\/image?size=8&amp;lottery=la-primitiva\"},{\"@type\":\"BreadcrumbList\",\"@id\":\"https:\/\/onlinelotto365.com\/de\/lose-kaufen\/la-primitiva\/#breadcrumb\",\"itemListElement\":[{\"@type\":\"ListItem\",\"position\":1,\"name\":\"Home\",\"item\":\"https:\/\/onlinelotto365.com\/de\/\"},{\"@type\":\"ListItem\",\"position\":2,\"name\":\"Warum es sinnvoller ist, Lotterielose online zu kaufen\",\"item\":\"https:\/\/onlinelotto365.com\/de\/lose-kaufen\/\"},{\"@type\":\"ListItem\",\"position\":3,\"name\":\"Wie man La Primitiva-Lose online kauft\"}]},{\"@type\":\"WebSite\",\"@id\":\"https:\/\/onlinelotto365.com\/de\/#website\",\"url\":\"https:\/\/onlinelotto365.com\/de\/\",\"name\":\"OnlineLotto365\",\"description\":\"\",\"potentialAction\":[{\"@type\":\"SearchAction\",\"target\":{\"@type\":\"EntryPoint\",\"urlTemplate\":\"https:\/\/onlinelotto365.com\/de\/?s={search_term_string}\"},\"query-input\":{\"@type\":\"PropertyValueSpecification\",\"valueRequired\":true,\"valueName\":\"search_term_string\"}}],\"inLanguage\":\"de\"}]}<\/script>\n<!-- \/ Yoast SEO plugin. -->","yoast_head_json":{"title":"Online-Dienst f\u00fcr La Primitiva-Lose | La Primitiva aus Deutschland","description":"Finden Sie heraus, wie Sie von Deutschland aus Lose f\u00fcr die spanische Lotterie La Primitiva kaufen k\u00f6nnen","robots":{"index":"index","follow":"follow","max-snippet":"max-snippet:-1","max-image-preview":"max-image-preview:large","max-video-preview":"max-video-preview:-1"},"canonical":"https:\/\/onlinelotto365.com\/de\/lose-kaufen\/la-primitiva\/","og_locale":"de_DE","og_type":"article","og_title":"Online-Dienst f\u00fcr La Primitiva-Lose | La Primitiva aus Deutschland","og_description":"Finden Sie heraus, wie Sie von Deutschland aus Lose f\u00fcr die spanische Lotterie La Primitiva kaufen k\u00f6nnen","og_url":"https:\/\/onlinelotto365.com\/de\/lose-kaufen\/la-primitiva\/","og_site_name":"OnlineLotto365","article_modified_time":"2021-01-07T14:00:16+00:00","og_image":[{"url":"https:\/\/redfoxlotto.com\/image?size=8&amp;lottery=la-primitiva"}],"twitter_card":"summary_large_image","twitter_misc":{"Gesch\u00e4tzte Lesezeit":"4\u00a0Minuten"},"schema":{"@context":"https:\/\/schema.org","@graph":[{"@type":"WebPage","@id":"https:\/\/onlinelotto365.com\/de\/lose-kaufen\/la-primitiva\/","url":"https:\/\/onlinelotto365.com\/de\/lose-kaufen\/la-primitiva\/","name":"Online-Dienst f\u00fcr La Primitiva-Lose | La Primitiva aus Deutschland","isPartOf":{"@id":"https:\/\/onlinelotto365.com\/de\/#website"},"primaryImageOfPage":{"@id":"https:\/\/onlinelotto365.com\/de\/lose-kaufen\/la-primitiva\/#primaryimage"},"image":{"@id":"https:\/\/onlinelotto365.com\/de\/lose-kaufen\/la-primitiva\/#primaryimage"},"thumbnailUrl":"https:\/\/redfoxlotto.com\/image?size=8&amp;lottery=la-primitiva","datePublished":"2020-12-19T08:46:49+00:00","dateModified":"2021-01-07T14:00:16+00:00","description":"Finden Sie heraus, wie Sie von Deutschland aus Lose f\u00fcr die spanische Lotterie La Primitiva kaufen k\u00f6nnen","breadcrumb":{"@id":"https:\/\/onlinelotto365.com\/de\/lose-kaufen\/la-primitiva\/#breadcrumb"},"inLanguage":"de","potentialAction":[{"@type":"ReadAction","target":["https:\/\/onlinelotto365.com\/de\/lose-kaufen\/la-primitiva\/"]}]},{"@type":"ImageObject","inLanguage":"de","@id":"https:\/\/onlinelotto365.com\/de\/lose-kaufen\/la-primitiva\/#primaryimage","url":"https:\/\/redfoxlotto.com\/image?size=8&amp;lottery=la-primitiva","contentUrl":"https:\/\/redfoxlotto.com\/image?size=8&amp;lottery=la-primitiva"},{"@type":"BreadcrumbList","@id":"https:\/\/onlinelotto365.com\/de\/lose-kaufen\/la-primitiva\/#breadcrumb","itemListElement":[{"@type":"ListItem","position":1,"name":"Home","item":"https:\/\/onlinelotto365.com\/de\/"},{"@type":"ListItem","position":2,"name":"Warum es sinnvoller ist, Lotterielose online zu kaufen","item":"https:\/\/onlinelotto365.com\/de\/lose-kaufen\/"},{"@type":"ListItem","position":3,"name":"Wie man La Primitiva-Lose online kauft"}]},{"@type":"WebSite","@id":"https:\/\/onlinelotto365.com\/de\/#website","url":"https:\/\/onlinelotto365.com\/de\/","name":"OnlineLotto365","description":"","potentialAction":[{"@type":"SearchAction","target":{"@type":"EntryPoint","urlTemplate":"https:\/\/onlinelotto365.com\/de\/?s={search_term_string}"},"query-input":{"@type":"PropertyValueSpecification","valueRequired":true,"valueName":"search_term_string"}}],"inLanguage":"de"}]}},"_links":{"self":[{"href":"https:\/\/onlinelotto365.com\/de\/wp-json\/wp\/v2\/pages\/11335","targetHints":{"allow":["GET"]}}],"collection":[{"href":"https:\/\/onlinelotto365.com\/de\/wp-json\/wp\/v2\/pages"}],"about":[{"href":"https:\/\/onlinelotto365.com\/de\/wp-json\/wp\/v2\/types\/page"}],"author":[{"embeddable":true,"href":"https:\/\/onlinelotto365.com\/de\/wp-json\/wp\/v2\/users\/1"}],"replies":[{"embeddable":true,"href":"https:\/\/onlinelotto365.com\/de\/wp-json\/wp\/v2\/comments?post=11335"}],"version-history":[{"count":0,"href":"https:\/\/onlinelotto365.com\/de\/wp-json\/wp\/v2\/pages\/11335\/revisions"}],"up":[{"embeddable":true,"href":"https:\/\/onlinelotto365.com\/de\/wp-json\/wp\/v2\/pages\/3805"}],"wp:attachment":[{"href":"https:\/\/onlinelotto365.com\/de\/wp-json\/wp\/v2\/media?parent=11335"}],"curies":[{"name":"wp","href":"https:\/\/api.w.org\/{rel}","templated":true}]}}