{"id":11338,"date":"2020-12-19T09:48:24","date_gmt":"2020-12-19T08:48:24","guid":{"rendered":"http:\/\/onlinelotto365.net\/?page_id=11338"},"modified":"2021-01-07T15:02:32","modified_gmt":"2021-01-07T14:02:32","slug":"bonoloto","status":"publish","type":"page","link":"https:\/\/onlinelotto365.com\/de\/lose-kaufen\/bonoloto\/","title":{"rendered":"Wie kaufe ich BonoLoto-Lose online?"},"content":{"rendered":"<p>Wenn Sie in Deutschland leben und wissen wollen, wie Sie <strong>BonoLoto online spielen<\/strong> k\u00f6nnen und wie Sie Ihre Tickets bekommen, sind Sie hier richtig. Wir k\u00f6nnen Ihnen bei dem gesamten Prozess helfen, und es wird viel einfacher sein, als Sie vielleicht denken. Alles, was Sie tun m\u00fcssen, ist den Schritten zu folgen, die wir unten skizziert haben.<\/p>\n<ul>\n<li>Gehen Sie auf die Seite des Lottospiels, das Sie spielen m\u00f6chten, wie BonoLoto. W\u00e4hlen Sie dann <strong><a href=\"https:\/\/onlinelotto365.com\/de\/lose-kaufen\">alle gew\u00fcnschten Scheine<\/a><\/strong> aus, einschlie\u00dflich der Zahlen, die Sie spielen m\u00f6chten.<\/li>\n<li>H\u00e4ngen Sie weitere Tickets f\u00fcr BonoLoto oder f\u00fcr andere Spiele an Ihre Bestellung an, bis Sie zur Kasse gehen k\u00f6nnen.<\/li>\n<li>W\u00e4hlen Sie die Schaltfl\u00e4che, um jetzt zu bezahlen<\/li>\n<li>Loggen Sie sich in Ihr Konto ein oder w\u00e4hlen Sie die Option, ein brandneues Konto zu erstellen und gehen Sie durch den Anmeldeprozess.<\/li>\n<li>Wenn Sie ein neues Konto erstellen, m\u00fcssen Sie Ihre E-Mail aufrufen, um den Verifizierungslink zu erhalten, mit dem Sie den Vorgang abschlie\u00dfen k\u00f6nnen.<\/li>\n<li>Wenn Sie den Link nicht erhalten, \u00fcberpr\u00fcfen Sie Ihren Spam-Ordner, um zu sehen, ob er dort statt in Ihrem normalen Posteingang auftaucht.<\/li>\n<li>Gehen Sie zur Kassenseite auf der Website und starten Sie den Zahlungsvorgang.<\/li>\n<li>W\u00e4hlen Sie Ihre Zahlungsmethode und schlie\u00dfen Sie den Bezahlvorgang ab.<\/li>\n<\/ul>\n<p><a href=\"https:\/\/redfoxlotto.com\/de\/spielen\/bonoloto\/?ref=a8564250a2&amp;medium=ol365\" target=\"_blank\" rel=\"noopener noreferrer\"><img decoding=\"async\" class=\"aligncenter\" src=\"https:\/\/redfoxlotto.com\/image?size=8&amp;lottery=bonoloto\" alt=\"BonoLoto\" \/><\/a><\/p>\n<h2>Wie Sie Ihr BonoLoto-Ticket online bezahlen k\u00f6nnen<\/h2>\n<p>Sie haben viele verschiedene Zahlungsarten, mit denen Sie Ihre BonoLoto-Tickets und mehr kaufen k\u00f6nnen.<br \/>\nHolen Sie sich Ihre Tickets, indem Sie zwischen diesen beiden allgemeinen Optionen w\u00e4hlen, um loszulegen:<\/p>\n<ul>\n<li>Bezahlen Sie Ihre Bestellung direkt mit einer Kreditkarte oder einem Finanzkonto<\/li>\n<li>Zahlen Sie Geld auf Ihr Spielerkonto auf unserer Website ein und verwenden Sie Ihr Spielerkonto, um einen Kauf zu t\u00e4tigen<\/li>\n<\/ul>\n<p>Diejenigen, die sich daf\u00fcr entscheiden, Geld auf ihr Spielerkonto einzuzahlen, sollten darauf achten, dass sie mehr Geld einzahlen, als sie f\u00fcr ihre aktuelle Bestellung ben\u00f6tigen, um diese zu bearbeiten.<\/p>\n<h2>Mehr Infos \u00fcber BonoLoto<\/h2>\n<ul>\n<li>Land: Spanien<\/li>\n<li>Hauptnummernbereich: 49<\/li>\n<li>Sie w\u00e4hlen: 6<\/li>\n<li>Ziehungstage, -zeiten: t\u00e4glich au\u00dfer sonntags, 21:30 Uhr MEZ<\/li>\n<li>Minimaler Jackpot: 400000<\/li>\n<li>Maximaler Jackpot: keiner<\/li>\n<li>Wahrscheinlichkeit, den Jackpot zu gewinnen: 1 zu 13983816<\/li>\n<li>Wahrscheinlichkeit eines Stufe-2-Gewinns: 1 zu 2330636<\/li>\n<li>Wahrscheinlichkeit, in jeder Stufe zu gewinnen: 1 zu 8,43<\/li>\n<li>Anzahl der Gewinnstufen: 6<\/li>\n<\/ul>\n<h2>Vorteile beim Online-Kauf von BonoLoto-Tickets<\/h2>\n<ul>\n<li>Zuhause bleiben und trotzdem die gew\u00fcnschten Tickets aus Deutschland oder einem beliebigen Land erhalten<\/li>\n<li>W\u00e4hlen Sie aus einer breiten Palette verschiedener Lotteriespiele aus der ganzen Welt<\/li>\n<li>Sichern Sie sich bessere Chancen auf gro\u00dfe Gewinne, indem Sie die besten Jackpots ausw\u00e4hlen<\/li>\n<li>Gewinnen Sie Geld auf Ihrem Konto, um Ihre Tickets zu bezahlen<\/li>\n<li>Machen Sie sich keine Sorgen, jemals wieder ein Ticket zu verlieren<\/li>\n<li>Nie wieder einen Gewinn verpassen mit Sofortbenachrichtigungen<\/li>\n<li>Nutzen Sie den Zufallszahlengenerator, um Ihre Zahlen f\u00fcr Sie auszuw\u00e4hlen<\/li>\n<\/ul>\n<h2>Ist es legal, BonoLoto Tickets online zu kaufen?<\/h2>\n<p><img loading=\"lazy\" decoding=\"async\" class=\"alignright wp-image-3675\" src=\"https:\/\/onlinelotto365.com\/wp-content\/uploads\/2020\/11\/online_lottery-117-300x217.jpg\" alt=\"bonoloto tickets online kaufen\" width=\"195\" height=\"141\" srcset=\"https:\/\/onlinelotto365.com\/wp-content\/uploads\/2020\/11\/online_lottery-117-300x217.jpg 300w, https:\/\/onlinelotto365.com\/wp-content\/uploads\/2020\/11\/online_lottery-117.jpg 320w\" sizes=\"auto, (max-width: 195px) 100vw, 195px\" \/><br \/>\nVielleicht haben Sie ein wenig Bedenken, diese Art von Spiel zu spielen, wenn Sie nicht \u00fcber die <strong>Gesetzm\u00e4\u00dfigkeiten von Online-Lotto in Ihrem Wohnsitzland<\/strong> Bescheid wissen. Aber Sie k\u00f6nnen sich absolut darauf verlassen, dass unser Service Ihnen weiterhilft. Wir stellen sicher, dass alle Vorschriften f\u00fcr das Land, aus dem das Lotto kommt, eingehalten werden.<\/p>\n<p>Auf diese Weise m\u00fcssen Sie sich im Falle eines Gewinns, einschlie\u00dflich des Jackpots, keine Sorgen dar\u00fcber machen, ob Sie den Preis einfordern k\u00f6nnen. Sie erhalten garantiert den Preis, den Sie sich verdient haben.<br \/>\nDie einzige Regel ist, dass Sie <a href=\"https:\/\/onlinelotto365.com\/de\/news\/mindestalter-fuer-den-kauf-von-lottoscheinen\"><strong>mindestens 18 Jahre alt sein m\u00fcssen, um spielen zu k\u00f6nnen.<\/strong><\/a><\/p>\n<h2>Wie werde ich bezahlt, wenn ich BonoLoto online gewinne?<\/h2>\n<p>Auszahlungen sind wichtig und Sie wollen sichergehen, dass Sie das ganze Geld, das Ihnen zusteht, auch bekommen. Das ist bei uns kein Problem, denn wir berechnen Ihnen keine Provision auf Ihre Gewinne. Sie erhalten alles direkt auf Ihr Konto.<\/p>\n<p>Der einzige Fall, in dem wir Geb\u00fchren erheben, ist, wenn Sie Ihr Geld an Ihre Bank \u00fcberweisen lassen m\u00f6chten. Wenn Ihre Bank f\u00fcr diese \u00dcberweisung eine Geb\u00fchr erhebt, werden wir diese Geb\u00fchr auf Ihr Konto weiterleiten.<br \/>\nWenn Sie Anspruch auf eine Auszahlung haben, geschieht jedoch eines von zwei Dingen:<\/p>\n<ul>\n<li style=\"list-style-type: none;\">\n<ul>\n<li>Wenn Sie weniger als 2500 \u20ac gewinnen, erhalten Sie das Geld praktisch sofort auf Ihr Konto, so dass Sie damit tun k\u00f6nnen, was Sie wollen.<\/li>\n<li>Wenn Sie mehr als 2500 \u20ac gewinnen, wird Ihnen der Gewinnbetrag entweder als Bank\u00fcberweisung oder als Scheck zugeschickt. Sie k\u00f6nnen w\u00e4hlen, was Sie bevorzugen, wenn Sie das Antragsformular ausf\u00fcllen, das unsere Mitarbeiter Ihnen zusenden werden. Auf diese Weise erhalten Sie Ihr Geld in nur wenigen Tagen.<\/li>\n<\/ul>\n<\/li>\n<\/ul>\n","protected":false},"excerpt":{"rendered":"<p>Wenn Sie in Deutschland leben und wissen wollen, wie Sie BonoLoto online spielen k\u00f6nnen und wie Sie Ihre Tickets bekommen, sind Sie hier richtig. Wir k\u00f6nnen Ihnen bei dem gesamten Prozess helfen, und es wird viel einfacher sein, als Sie vielleicht denken. Alles, was Sie tun m\u00fcssen, ist den Schritten zu folgen, die wir unten [&hellip;]<\/p>\n","protected":false},"author":1,"featured_media":0,"parent":3805,"menu_order":8,"comment_status":"closed","ping_status":"closed","template":"template-rightsidebar.php","meta":{"_et_pb_use_builder":"","_et_pb_old_content":"","_et_gb_content_width":"","exclude_from_search":false,"footnotes":""},"class_list":["post-11338","page","type-page","status-publish","hentry"],"yoast_head":"<!-- This site is optimized with the Yoast SEO plugin v23.4 - https:\/\/yoast.com\/wordpress\/plugins\/seo\/ -->\n<title>BonoLoto-Lose online | Wie Sie Lose aus Deutschland kaufen<\/title>\n<meta name=\"description\" content=\"Auf unserer Website k\u00f6nnen Sie Bonoloto-Lose online und legal kaufen\" \/>\n<meta name=\"robots\" content=\"index, follow, max-snippet:-1, max-image-preview:large, max-video-preview:-1\" \/>\n<link rel=\"canonical\" href=\"https:\/\/onlinelotto365.com\/de\/lose-kaufen\/bonoloto\/\" \/>\n<meta property=\"og:locale\" content=\"de_DE\" \/>\n<meta property=\"og:type\" content=\"article\" \/>\n<meta property=\"og:title\" content=\"BonoLoto-Lose online | Wie Sie Lose aus Deutschland kaufen\" \/>\n<meta property=\"og:description\" content=\"Auf unserer Website k\u00f6nnen Sie Bonoloto-Lose online und legal kaufen\" \/>\n<meta property=\"og:url\" content=\"https:\/\/onlinelotto365.com\/de\/lose-kaufen\/bonoloto\/\" \/>\n<meta property=\"og:site_name\" content=\"OnlineLotto365\" \/>\n<meta property=\"article:modified_time\" content=\"2021-01-07T14:02:32+00:00\" \/>\n<meta property=\"og:image\" content=\"https:\/\/redfoxlotto.com\/image?size=8&amp;lottery=bonoloto\" \/>\n<meta name=\"twitter:card\" content=\"summary_large_image\" \/>\n<meta name=\"twitter:label1\" content=\"Gesch\u00e4tzte Lesezeit\" \/>\n\t<meta name=\"twitter:data1\" content=\"4\u00a0Minuten\" \/>\n<script type=\"application\/ld+json\" class=\"yoast-schema-graph\">{\"@context\":\"https:\/\/schema.org\",\"@graph\":[{\"@type\":\"WebPage\",\"@id\":\"https:\/\/onlinelotto365.com\/de\/lose-kaufen\/bonoloto\/\",\"url\":\"https:\/\/onlinelotto365.com\/de\/lose-kaufen\/bonoloto\/\",\"name\":\"BonoLoto-Lose online | Wie Sie Lose aus Deutschland kaufen\",\"isPartOf\":{\"@id\":\"https:\/\/onlinelotto365.com\/de\/#website\"},\"primaryImageOfPage\":{\"@id\":\"https:\/\/onlinelotto365.com\/de\/lose-kaufen\/bonoloto\/#primaryimage\"},\"image\":{\"@id\":\"https:\/\/onlinelotto365.com\/de\/lose-kaufen\/bonoloto\/#primaryimage\"},\"thumbnailUrl\":\"https:\/\/redfoxlotto.com\/image?size=8&amp;lottery=bonoloto\",\"datePublished\":\"2020-12-19T08:48:24+00:00\",\"dateModified\":\"2021-01-07T14:02:32+00:00\",\"description\":\"Auf unserer Website k\u00f6nnen Sie Bonoloto-Lose online und legal kaufen\",\"breadcrumb\":{\"@id\":\"https:\/\/onlinelotto365.com\/de\/lose-kaufen\/bonoloto\/#breadcrumb\"},\"inLanguage\":\"de\",\"potentialAction\":[{\"@type\":\"ReadAction\",\"target\":[\"https:\/\/onlinelotto365.com\/de\/lose-kaufen\/bonoloto\/\"]}]},{\"@type\":\"ImageObject\",\"inLanguage\":\"de\",\"@id\":\"https:\/\/onlinelotto365.com\/de\/lose-kaufen\/bonoloto\/#primaryimage\",\"url\":\"https:\/\/redfoxlotto.com\/image?size=8&amp;lottery=bonoloto\",\"contentUrl\":\"https:\/\/redfoxlotto.com\/image?size=8&amp;lottery=bonoloto\"},{\"@type\":\"BreadcrumbList\",\"@id\":\"https:\/\/onlinelotto365.com\/de\/lose-kaufen\/bonoloto\/#breadcrumb\",\"itemListElement\":[{\"@type\":\"ListItem\",\"position\":1,\"name\":\"Home\",\"item\":\"https:\/\/onlinelotto365.com\/de\/\"},{\"@type\":\"ListItem\",\"position\":2,\"name\":\"Warum es sinnvoller ist, Lotterielose online zu kaufen\",\"item\":\"https:\/\/onlinelotto365.com\/de\/lose-kaufen\/\"},{\"@type\":\"ListItem\",\"position\":3,\"name\":\"Wie kaufe ich BonoLoto-Lose online?\"}]},{\"@type\":\"WebSite\",\"@id\":\"https:\/\/onlinelotto365.com\/de\/#website\",\"url\":\"https:\/\/onlinelotto365.com\/de\/\",\"name\":\"OnlineLotto365\",\"description\":\"\",\"potentialAction\":[{\"@type\":\"SearchAction\",\"target\":{\"@type\":\"EntryPoint\",\"urlTemplate\":\"https:\/\/onlinelotto365.com\/de\/?s={search_term_string}\"},\"query-input\":{\"@type\":\"PropertyValueSpecification\",\"valueRequired\":true,\"valueName\":\"search_term_string\"}}],\"inLanguage\":\"de\"}]}<\/script>\n<!-- \/ Yoast SEO plugin. -->","yoast_head_json":{"title":"BonoLoto-Lose online | Wie Sie Lose aus Deutschland kaufen","description":"Auf unserer Website k\u00f6nnen Sie Bonoloto-Lose online und legal kaufen","robots":{"index":"index","follow":"follow","max-snippet":"max-snippet:-1","max-image-preview":"max-image-preview:large","max-video-preview":"max-video-preview:-1"},"canonical":"https:\/\/onlinelotto365.com\/de\/lose-kaufen\/bonoloto\/","og_locale":"de_DE","og_type":"article","og_title":"BonoLoto-Lose online | Wie Sie Lose aus Deutschland kaufen","og_description":"Auf unserer Website k\u00f6nnen Sie Bonoloto-Lose online und legal kaufen","og_url":"https:\/\/onlinelotto365.com\/de\/lose-kaufen\/bonoloto\/","og_site_name":"OnlineLotto365","article_modified_time":"2021-01-07T14:02:32+00:00","og_image":[{"url":"https:\/\/redfoxlotto.com\/image?size=8&amp;lottery=bonoloto"}],"twitter_card":"summary_large_image","twitter_misc":{"Gesch\u00e4tzte Lesezeit":"4\u00a0Minuten"},"schema":{"@context":"https:\/\/schema.org","@graph":[{"@type":"WebPage","@id":"https:\/\/onlinelotto365.com\/de\/lose-kaufen\/bonoloto\/","url":"https:\/\/onlinelotto365.com\/de\/lose-kaufen\/bonoloto\/","name":"BonoLoto-Lose online | Wie Sie Lose aus Deutschland kaufen","isPartOf":{"@id":"https:\/\/onlinelotto365.com\/de\/#website"},"primaryImageOfPage":{"@id":"https:\/\/onlinelotto365.com\/de\/lose-kaufen\/bonoloto\/#primaryimage"},"image":{"@id":"https:\/\/onlinelotto365.com\/de\/lose-kaufen\/bonoloto\/#primaryimage"},"thumbnailUrl":"https:\/\/redfoxlotto.com\/image?size=8&amp;lottery=bonoloto","datePublished":"2020-12-19T08:48:24+00:00","dateModified":"2021-01-07T14:02:32+00:00","description":"Auf unserer Website k\u00f6nnen Sie Bonoloto-Lose online und legal kaufen","breadcrumb":{"@id":"https:\/\/onlinelotto365.com\/de\/lose-kaufen\/bonoloto\/#breadcrumb"},"inLanguage":"de","potentialAction":[{"@type":"ReadAction","target":["https:\/\/onlinelotto365.com\/de\/lose-kaufen\/bonoloto\/"]}]},{"@type":"ImageObject","inLanguage":"de","@id":"https:\/\/onlinelotto365.com\/de\/lose-kaufen\/bonoloto\/#primaryimage","url":"https:\/\/redfoxlotto.com\/image?size=8&amp;lottery=bonoloto","contentUrl":"https:\/\/redfoxlotto.com\/image?size=8&amp;lottery=bonoloto"},{"@type":"BreadcrumbList","@id":"https:\/\/onlinelotto365.com\/de\/lose-kaufen\/bonoloto\/#breadcrumb","itemListElement":[{"@type":"ListItem","position":1,"name":"Home","item":"https:\/\/onlinelotto365.com\/de\/"},{"@type":"ListItem","position":2,"name":"Warum es sinnvoller ist, Lotterielose online zu kaufen","item":"https:\/\/onlinelotto365.com\/de\/lose-kaufen\/"},{"@type":"ListItem","position":3,"name":"Wie kaufe ich BonoLoto-Lose online?"}]},{"@type":"WebSite","@id":"https:\/\/onlinelotto365.com\/de\/#website","url":"https:\/\/onlinelotto365.com\/de\/","name":"OnlineLotto365","description":"","potentialAction":[{"@type":"SearchAction","target":{"@type":"EntryPoint","urlTemplate":"https:\/\/onlinelotto365.com\/de\/?s={search_term_string}"},"query-input":{"@type":"PropertyValueSpecification","valueRequired":true,"valueName":"search_term_string"}}],"inLanguage":"de"}]}},"_links":{"self":[{"href":"https:\/\/onlinelotto365.com\/de\/wp-json\/wp\/v2\/pages\/11338","targetHints":{"allow":["GET"]}}],"collection":[{"href":"https:\/\/onlinelotto365.com\/de\/wp-json\/wp\/v2\/pages"}],"about":[{"href":"https:\/\/onlinelotto365.com\/de\/wp-json\/wp\/v2\/types\/page"}],"author":[{"embeddable":true,"href":"https:\/\/onlinelotto365.com\/de\/wp-json\/wp\/v2\/users\/1"}],"replies":[{"embeddable":true,"href":"https:\/\/onlinelotto365.com\/de\/wp-json\/wp\/v2\/comments?post=11338"}],"version-history":[{"count":0,"href":"https:\/\/onlinelotto365.com\/de\/wp-json\/wp\/v2\/pages\/11338\/revisions"}],"up":[{"embeddable":true,"href":"https:\/\/onlinelotto365.com\/de\/wp-json\/wp\/v2\/pages\/3805"}],"wp:attachment":[{"href":"https:\/\/onlinelotto365.com\/de\/wp-json\/wp\/v2\/media?parent=11338"}],"curies":[{"name":"wp","href":"https:\/\/api.w.org\/{rel}","templated":true}]}}