{"id":11341,"date":"2020-12-19T09:49:28","date_gmt":"2020-12-19T08:49:28","guid":{"rendered":"http:\/\/onlinelotto365.net\/?page_id=11341"},"modified":"2021-01-07T14:58:18","modified_gmt":"2021-01-07T13:58:18","slug":"uk-lottery","status":"publish","type":"page","link":"https:\/\/onlinelotto365.com\/de\/lose-kaufen\/uk-lottery\/","title":{"rendered":"Wie man UK Lottery Lose online kauft"},"content":{"rendered":"<p>Wenn Sie <strong>Ihre Lottoscheine f\u00fcr die UK Lottery in Deutschland kaufen m\u00f6chten<\/strong>, brauchen Sie sich keine Sorgen zu machen, denn wir haben den gesamten Prozess schnell und einfach f\u00fcr Sie gestaltet. Sie m\u00fcssen nur einen Blick auf die einfachen Schritte unten werfen und Sie werden <strong>in k\u00fcrzester Zeit fertig sein.<\/strong><\/p>\n<ul>\n<li>Gehen Sie auf die richtige Seite f\u00fcr das Lotteriespiel, das Sie spielen m\u00f6chten, wie zum Beispiel die UK Lottery. Und w\u00e4hlen Sie dann die Zahlen, die Sie f\u00fcr Ihren Schein haben m\u00f6chten.<\/li>\n<li>W\u00e4hlen Sie alle zus\u00e4tzlichen Lottoscheine aus, die Sie f\u00fcr dieses oder andere Lotteriespiele, die Sie spielen m\u00f6chten, ben\u00f6tigen<\/li>\n<li>W\u00e4hlen Sie die Option, um f\u00fcr Ihre Scheine zu bezahlen<\/li>\n<li>Gehen Sie durch den Prozess der Registrierung eines Kontos, wenn Sie ein neuer Benutzer sind oder melden Sie sich bei Ihrem Konto an, wenn Sie bereits ein bestehender Benutzer sind<\/li>\n<li>F\u00fcr diejenigen, die sich noch registrieren m\u00fcssen, erhalten Sie innerhalb weniger Minuten eine Best\u00e4tigungs-E-Mail in Ihrem Posteingang oder Spam-Ordner<\/li>\n<li>Wenn Sie die E-Mail nicht innerhalb weniger Minuten erhalten haben, <strong>pr\u00fcfen Sie den Spam-Ordner, um sicherzugehen, dass Sie sie erhalten haben<\/strong><\/li>\n<li>Kehren Sie zur Website zur\u00fcck und w\u00e4hlen Sie den Einkaufswagen, um Ihre Tickets zu bezahlen<\/li>\n<li>W\u00e4hlen Sie Ihre Zahlungsmethode und gehen Sie durch die Zahlungsanweisungen<\/li>\n<\/ul>\n<p><a href=\"https:\/\/redfoxlotto.com\/de\/spielen\/lotto-uk\/?ref=a8564250a2&amp;medium=ol365\" target=\"_blank\" rel=\"noopener noreferrer\"><img decoding=\"async\" class=\"aligncenter\" src=\"https:\/\/redfoxlotto.com\/image?size=8&amp;lottery=lotto-uk\" alt=\"uk lottery\" \/><\/a><\/p>\n<h2>Wie Sie Ihren UK Lotterieschein online bezahlen<\/h2>\n<p>Wir bieten verschiedene <strong>vollst\u00e4ndig sichere Zahlungsmethoden<\/strong> f\u00fcr unsere Kunden aus Deutschland und anderen L\u00e4ndern an. So k\u00f6nnen Sie die Methode w\u00e4hlen, die f\u00fcr Sie am besten funktioniert.<br \/>\nW\u00e4hlen Sie aus zwei verschiedenen Gesamtzahlungsoptionen:<\/p>\n<ul>\n<li>Bezahlen Sie jede Bestellung mit der bevorzugten Zahlungsart Ihrer Wahl<\/li>\n<li>Zahlen Sie Geld auf Ihr Konto ein und verwenden Sie es, um <a href=\"https:\/\/onlinelotto365.com\/de\/lose-kaufen\">die gew\u00fcnschten Tickets zu kaufen<\/a><\/li>\n<\/ul>\n<p>Achten Sie darauf, dass Sie mehr als den Betrag einzahlen, den Sie f\u00fcr Ihre Tickets ben\u00f6tigen, wenn Sie sich daf\u00fcr entscheiden, Geld direkt auf Ihr Konto einzuzahlen.<\/p>\n<h2>Mehr Informationen \u00fcber UK Lottery<\/h2>\n<ul>\n<li>Land: Vereinigtes K\u00f6nigreich<\/li>\n<li>Hauptnummernbereich: 59<\/li>\n<li>Sie w\u00e4hlen: 6<\/li>\n<li>Zusatzzahlenbereich:<\/li>\n<li>Sie w\u00e4hlen aus:<\/li>\n<li>Ziehungstage, Stunden: Mittwoch, Samstag, , 19:30 UTC, 19:30 CET<\/li>\n<li>Minimaler Jackpot: GBP 2,5 Millionen<\/li>\n<li>Maximaler Jackpot: GBP 22 Millionen<\/li>\n<li>Wahrscheinlichkeit, den Jackpot zu gewinnen: 1 zu 45057474<\/li>\n<li>Wahrscheinlichkeit eines Stufe-2-Gewinns: 1 zu 7509579<\/li>\n<li>Wahrscheinlichkeit, in jeder Stufe zu gewinnen: 1 zu 9,27<\/li>\n<li>Anzahl der Gewinnstufen: 6<\/li>\n<\/ul>\n<h2>Vorteile beim Online-Kauf von UK-Lotteriescheinen<\/h2>\n<ul>\n<li>Erwerben Sie die gew\u00fcnschten Scheine, ohne das Haus zu verlassen<img loading=\"lazy\" decoding=\"async\" class=\"alignright size-medium wp-image-3655\" src=\"https:\/\/onlinelotto365.com\/wp-content\/uploads\/2020\/11\/online_lottery-59-300x182.jpg\" alt=\"play uk lottery online\" width=\"300\" height=\"182\" srcset=\"https:\/\/onlinelotto365.com\/wp-content\/uploads\/2020\/11\/online_lottery-59-300x182.jpg 300w, https:\/\/onlinelotto365.com\/wp-content\/uploads\/2020\/11\/online_lottery-59.jpg 320w\" sizes=\"auto, (max-width: 300px) 100vw, 300px\" \/><\/li>\n<li>W\u00e4hlen Sie aus einer <a href=\"https:\/\/onlinelotto365.com\/de\/news\/verwenden-sie-die-strategie-um-ihre-zahlen-fuer-das-lotto-auszuwaehlen\">gro\u00dfen Auswahl an verschiedenen Lotteriespielen<\/a><\/li>\n<li>Gewinnen Sie die <a href=\"https:\/\/onlinelotto365.com\/de\/news\/verwenden-sie-die-strategie-um-ihre-zahlen-fuer-das-lotto-auszuwaehlen\">besten Chancen auf einen gro\u00dfen Jackpot<\/a>, indem Sie zwischen verschiedenen Spielen w\u00e4hlen<\/li>\n<li>Zahlen Sie Geld direkt auf Ihr Zahlungskonto ein, um Tickets zu bezahlen<\/li>\n<li>Keine Sorgen mehr, dass Sie Ihre Tickets verlieren<\/li>\n<li>Benachrichtigungen \u00fcber Gewinne werden direkt an Sie gesendet<\/li>\n<li>Einfache Auswahlm\u00f6glichkeiten, wenn Sie Ihre Zahlen nicht selbst w\u00e4hlen m\u00f6chten<\/li>\n<\/ul>\n<h2>Ist es legal, UK Lotteriescheine online zu kaufen?<\/h2>\n<p>Es gibt keine Bedenken \u00fcber die Legalit\u00e4t des Kaufs von UK Lotteriescheinen online von Deutschland aus oder auf dem traditionelleren Weg. Sie k\u00f6nnen sicher sein, dass Sie Ihre Scheine auf jeden Fall bekommen und sich keine Sorgen machen m\u00fcssen, ob Sie \u00fcberhaupt einen Jackpot knacken.<\/p>\n<p>Wir k\u00fcmmern uns darum, Ihnen das Geld zu besorgen, ohne dass Sie sich Gedanken dar\u00fcber machen m\u00fcssen, ob der Service in Ihrem Wohnsitzland legal ist. Stellen Sie einfach sicher, dass Sie 18 oder \u00e4lter sind, um bei uns Tickets zu kaufen<\/p>\n<h2>Wie werde ich bezahlt, wenn ich die UK Lottery online gewinne?<\/h2>\n<p>Wir wissen, dass die Auszahlung einer der wichtigsten Teile f\u00fcr Sie ist und deshalb wollen wir <strong>sicherstellen, dass der Auszahlungsprozess so einfach wie m\u00f6glich ist<\/strong>. Wir nehmen auch keine Provisionen von Ihren Gewinnen, so dass Sie jedes bisschen von dem bekommen, was Sie gewonnen haben. Das einzige Mal, dass wir Geb\u00fchren verlangen, ist, wenn Sie eine Bank\u00fcberweisung anfordern und die Bank uns eine Geb\u00fchr berechnet. Dieser Betrag kann an Sie weitergegeben werden.<br \/>\nAnsonsten schauen Sie sich einfach hier an, was bei Ihren Zahlungen passiert:<\/p>\n<ul>\n<li>Zahlungen von weniger als 2500 \u20ac werden automatisch auf Ihr Konto \u00fcberwiesen. Sie m\u00fcssen nichts tun<\/li>\n<li>Bei Auszahlungen von mehr als 2500 \u20ac ben\u00f6tigen Sie ein Antragsformular, das Sie bei der Lotteriekommission einreichen k\u00f6nnen. Dieses wird Ihnen von unserem Support-Team zugesandt und l\u00e4sst Ihnen die Wahl, ob Sie Ihr Geld per Scheck oder Bank\u00fcberweisung erhalten m\u00f6chten<\/li>\n<\/ul>\n","protected":false},"excerpt":{"rendered":"<p>Wenn Sie Ihre Lottoscheine f\u00fcr die UK Lottery in Deutschland kaufen m\u00f6chten, brauchen Sie sich keine Sorgen zu machen, denn wir haben den gesamten Prozess schnell und einfach f\u00fcr Sie gestaltet. Sie m\u00fcssen nur einen Blick auf die einfachen Schritte unten werfen und Sie werden in k\u00fcrzester Zeit fertig sein. Gehen Sie auf die richtige [&hellip;]<\/p>\n","protected":false},"author":1,"featured_media":0,"parent":3805,"menu_order":9,"comment_status":"closed","ping_status":"closed","template":"lotto-uk-info.php","meta":{"_et_pb_use_builder":"","_et_pb_old_content":"","_et_gb_content_width":"","exclude_from_search":false,"footnotes":""},"class_list":["post-11341","page","type-page","status-publish","hentry"],"yoast_head":"<!-- This site is optimized with the Yoast SEO plugin v23.4 - https:\/\/yoast.com\/wordpress\/plugins\/seo\/ -->\n<title>Kaufen Sie Lose der UK Lottery online von Deutschland aus | UK Lottery info, wie man Lose kauft<\/title>\n<meta name=\"description\" content=\"Wir erm\u00f6glichen es Lottospielern aus Deutschland, Lose f\u00fcr die UK Lottery zu kaufen\" \/>\n<meta name=\"robots\" content=\"index, follow, max-snippet:-1, max-image-preview:large, max-video-preview:-1\" \/>\n<link rel=\"canonical\" href=\"https:\/\/onlinelotto365.com\/de\/lose-kaufen\/uk-lottery\/\" \/>\n<meta property=\"og:locale\" content=\"de_DE\" \/>\n<meta property=\"og:type\" content=\"article\" \/>\n<meta property=\"og:title\" content=\"Kaufen Sie Lose der UK Lottery online von Deutschland aus | UK Lottery info, wie man Lose kauft\" \/>\n<meta property=\"og:description\" content=\"Wir erm\u00f6glichen es Lottospielern aus Deutschland, Lose f\u00fcr die UK Lottery zu kaufen\" \/>\n<meta property=\"og:url\" content=\"https:\/\/onlinelotto365.com\/de\/lose-kaufen\/uk-lottery\/\" \/>\n<meta property=\"og:site_name\" content=\"OnlineLotto365\" \/>\n<meta property=\"article:modified_time\" content=\"2021-01-07T13:58:18+00:00\" \/>\n<meta property=\"og:image\" content=\"https:\/\/redfoxlotto.com\/image?size=8&amp;lottery=lotto-uk\" \/>\n<meta name=\"twitter:card\" content=\"summary_large_image\" \/>\n<meta name=\"twitter:label1\" content=\"Gesch\u00e4tzte Lesezeit\" \/>\n\t<meta name=\"twitter:data1\" content=\"4\u00a0Minuten\" \/>\n<script type=\"application\/ld+json\" class=\"yoast-schema-graph\">{\"@context\":\"https:\/\/schema.org\",\"@graph\":[{\"@type\":\"WebPage\",\"@id\":\"https:\/\/onlinelotto365.com\/de\/lose-kaufen\/uk-lottery\/\",\"url\":\"https:\/\/onlinelotto365.com\/de\/lose-kaufen\/uk-lottery\/\",\"name\":\"Kaufen Sie Lose der UK Lottery online von Deutschland aus | UK Lottery info, wie man Lose kauft\",\"isPartOf\":{\"@id\":\"https:\/\/onlinelotto365.com\/de\/#website\"},\"primaryImageOfPage\":{\"@id\":\"https:\/\/onlinelotto365.com\/de\/lose-kaufen\/uk-lottery\/#primaryimage\"},\"image\":{\"@id\":\"https:\/\/onlinelotto365.com\/de\/lose-kaufen\/uk-lottery\/#primaryimage\"},\"thumbnailUrl\":\"https:\/\/redfoxlotto.com\/image?size=8&amp;lottery=lotto-uk\",\"datePublished\":\"2020-12-19T08:49:28+00:00\",\"dateModified\":\"2021-01-07T13:58:18+00:00\",\"description\":\"Wir erm\u00f6glichen es Lottospielern aus Deutschland, Lose f\u00fcr die UK Lottery zu kaufen\",\"breadcrumb\":{\"@id\":\"https:\/\/onlinelotto365.com\/de\/lose-kaufen\/uk-lottery\/#breadcrumb\"},\"inLanguage\":\"de\",\"potentialAction\":[{\"@type\":\"ReadAction\",\"target\":[\"https:\/\/onlinelotto365.com\/de\/lose-kaufen\/uk-lottery\/\"]}]},{\"@type\":\"ImageObject\",\"inLanguage\":\"de\",\"@id\":\"https:\/\/onlinelotto365.com\/de\/lose-kaufen\/uk-lottery\/#primaryimage\",\"url\":\"https:\/\/redfoxlotto.com\/image?size=8&amp;lottery=lotto-uk\",\"contentUrl\":\"https:\/\/redfoxlotto.com\/image?size=8&amp;lottery=lotto-uk\"},{\"@type\":\"BreadcrumbList\",\"@id\":\"https:\/\/onlinelotto365.com\/de\/lose-kaufen\/uk-lottery\/#breadcrumb\",\"itemListElement\":[{\"@type\":\"ListItem\",\"position\":1,\"name\":\"Home\",\"item\":\"https:\/\/onlinelotto365.com\/de\/\"},{\"@type\":\"ListItem\",\"position\":2,\"name\":\"Warum es sinnvoller ist, Lotterielose online zu kaufen\",\"item\":\"https:\/\/onlinelotto365.com\/de\/lose-kaufen\/\"},{\"@type\":\"ListItem\",\"position\":3,\"name\":\"Wie man UK Lottery Lose online kauft\"}]},{\"@type\":\"WebSite\",\"@id\":\"https:\/\/onlinelotto365.com\/de\/#website\",\"url\":\"https:\/\/onlinelotto365.com\/de\/\",\"name\":\"OnlineLotto365\",\"description\":\"\",\"potentialAction\":[{\"@type\":\"SearchAction\",\"target\":{\"@type\":\"EntryPoint\",\"urlTemplate\":\"https:\/\/onlinelotto365.com\/de\/?s={search_term_string}\"},\"query-input\":{\"@type\":\"PropertyValueSpecification\",\"valueRequired\":true,\"valueName\":\"search_term_string\"}}],\"inLanguage\":\"de\"}]}<\/script>\n<!-- \/ Yoast SEO plugin. -->","yoast_head_json":{"title":"Kaufen Sie Lose der UK Lottery online von Deutschland aus | UK Lottery info, wie man Lose kauft","description":"Wir erm\u00f6glichen es Lottospielern aus Deutschland, Lose f\u00fcr die UK Lottery zu kaufen","robots":{"index":"index","follow":"follow","max-snippet":"max-snippet:-1","max-image-preview":"max-image-preview:large","max-video-preview":"max-video-preview:-1"},"canonical":"https:\/\/onlinelotto365.com\/de\/lose-kaufen\/uk-lottery\/","og_locale":"de_DE","og_type":"article","og_title":"Kaufen Sie Lose der UK Lottery online von Deutschland aus | UK Lottery info, wie man Lose kauft","og_description":"Wir erm\u00f6glichen es Lottospielern aus Deutschland, Lose f\u00fcr die UK Lottery zu kaufen","og_url":"https:\/\/onlinelotto365.com\/de\/lose-kaufen\/uk-lottery\/","og_site_name":"OnlineLotto365","article_modified_time":"2021-01-07T13:58:18+00:00","og_image":[{"url":"https:\/\/redfoxlotto.com\/image?size=8&amp;lottery=lotto-uk"}],"twitter_card":"summary_large_image","twitter_misc":{"Gesch\u00e4tzte Lesezeit":"4\u00a0Minuten"},"schema":{"@context":"https:\/\/schema.org","@graph":[{"@type":"WebPage","@id":"https:\/\/onlinelotto365.com\/de\/lose-kaufen\/uk-lottery\/","url":"https:\/\/onlinelotto365.com\/de\/lose-kaufen\/uk-lottery\/","name":"Kaufen Sie Lose der UK Lottery online von Deutschland aus | UK Lottery info, wie man Lose kauft","isPartOf":{"@id":"https:\/\/onlinelotto365.com\/de\/#website"},"primaryImageOfPage":{"@id":"https:\/\/onlinelotto365.com\/de\/lose-kaufen\/uk-lottery\/#primaryimage"},"image":{"@id":"https:\/\/onlinelotto365.com\/de\/lose-kaufen\/uk-lottery\/#primaryimage"},"thumbnailUrl":"https:\/\/redfoxlotto.com\/image?size=8&amp;lottery=lotto-uk","datePublished":"2020-12-19T08:49:28+00:00","dateModified":"2021-01-07T13:58:18+00:00","description":"Wir erm\u00f6glichen es Lottospielern aus Deutschland, Lose f\u00fcr die UK Lottery zu kaufen","breadcrumb":{"@id":"https:\/\/onlinelotto365.com\/de\/lose-kaufen\/uk-lottery\/#breadcrumb"},"inLanguage":"de","potentialAction":[{"@type":"ReadAction","target":["https:\/\/onlinelotto365.com\/de\/lose-kaufen\/uk-lottery\/"]}]},{"@type":"ImageObject","inLanguage":"de","@id":"https:\/\/onlinelotto365.com\/de\/lose-kaufen\/uk-lottery\/#primaryimage","url":"https:\/\/redfoxlotto.com\/image?size=8&amp;lottery=lotto-uk","contentUrl":"https:\/\/redfoxlotto.com\/image?size=8&amp;lottery=lotto-uk"},{"@type":"BreadcrumbList","@id":"https:\/\/onlinelotto365.com\/de\/lose-kaufen\/uk-lottery\/#breadcrumb","itemListElement":[{"@type":"ListItem","position":1,"name":"Home","item":"https:\/\/onlinelotto365.com\/de\/"},{"@type":"ListItem","position":2,"name":"Warum es sinnvoller ist, Lotterielose online zu kaufen","item":"https:\/\/onlinelotto365.com\/de\/lose-kaufen\/"},{"@type":"ListItem","position":3,"name":"Wie man UK Lottery Lose online kauft"}]},{"@type":"WebSite","@id":"https:\/\/onlinelotto365.com\/de\/#website","url":"https:\/\/onlinelotto365.com\/de\/","name":"OnlineLotto365","description":"","potentialAction":[{"@type":"SearchAction","target":{"@type":"EntryPoint","urlTemplate":"https:\/\/onlinelotto365.com\/de\/?s={search_term_string}"},"query-input":{"@type":"PropertyValueSpecification","valueRequired":true,"valueName":"search_term_string"}}],"inLanguage":"de"}]}},"_links":{"self":[{"href":"https:\/\/onlinelotto365.com\/de\/wp-json\/wp\/v2\/pages\/11341","targetHints":{"allow":["GET"]}}],"collection":[{"href":"https:\/\/onlinelotto365.com\/de\/wp-json\/wp\/v2\/pages"}],"about":[{"href":"https:\/\/onlinelotto365.com\/de\/wp-json\/wp\/v2\/types\/page"}],"author":[{"embeddable":true,"href":"https:\/\/onlinelotto365.com\/de\/wp-json\/wp\/v2\/users\/1"}],"replies":[{"embeddable":true,"href":"https:\/\/onlinelotto365.com\/de\/wp-json\/wp\/v2\/comments?post=11341"}],"version-history":[{"count":0,"href":"https:\/\/onlinelotto365.com\/de\/wp-json\/wp\/v2\/pages\/11341\/revisions"}],"up":[{"embeddable":true,"href":"https:\/\/onlinelotto365.com\/de\/wp-json\/wp\/v2\/pages\/3805"}],"wp:attachment":[{"href":"https:\/\/onlinelotto365.com\/de\/wp-json\/wp\/v2\/media?parent=11341"}],"curies":[{"name":"wp","href":"https:\/\/api.w.org\/{rel}","templated":true}]}}