{"id":11345,"date":"2020-12-19T09:52:12","date_gmt":"2020-12-19T08:52:12","guid":{"rendered":"http:\/\/onlinelotto365.net\/?page_id=11345"},"modified":"2021-01-07T15:00:01","modified_gmt":"2021-01-07T14:00:01","slug":"german-lotto","status":"publish","type":"page","link":"https:\/\/onlinelotto365.com\/de\/lose-kaufen\/german-lotto\/","title":{"rendered":"Wie man Lose f\u00fcr das deutsche Lotto online kauft"},"content":{"rendered":"<p>Sind Sie <strong>nicht ganz sicher, wie man deutsche Lottoscheine online kauft?<\/strong> Nun, dann sind Sie hier genau richtig, denn wir werden Sie durch den super-einfachen Prozess f\u00fchren, um vom Wunsch nach diesen Scheinen in Deutschland zum Warten auf die Ziehung zu kommen, um zu sehen, ob Sie etwas Gro\u00dfes gewonnen haben.<\/p>\n<ul>\n<li>Gehen Sie auf die Webseite des Lottospiels, das Sie spielen m\u00f6chten, und w\u00e4hlen Sie die Anzahl der Scheine und die Zahlen aus, die Sie spielen m\u00f6chten<\/li>\n<li><a href=\"https:\/\/onlinelotto365.com\/de\/lose-kaufen\">Sammeln Sie so viele Scheine, wie Sie m\u00f6chten<\/a> f\u00fcr dieses Spiel und alle anderen<\/li>\n<li>Klicken Sie auf die Schaltfl\u00e4che, um jetzt zu bezahlen<\/li>\n<li>Loggen Sie sich in Ihr aktuelles Konto ein, um Ihre Zahlung zu bearbeiten oder erstellen Sie ein neues Konto und schlie\u00dfen Sie den Registrierungsprozess ab<\/li>\n<li>Diejenigen, die ein Konto erstellen m\u00fcssen, m\u00fcssen dieses auch \u00fcber ihr E-Mail-Konto verifizieren<\/li>\n<li>Sehen Sie in Ihrem Posteingang sowie in Ihrem Spam-Ordner nach, ob die E-Mail dort angekommen ist und klicken Sie auf den Link<\/li>\n<li>Nachdem Sie Ihr Konto verifiziert haben, gehen Sie zum Einkaufswagen, um Ihre Artikel zu kaufen<\/li>\n<li>Gehen Sie durch den Zahlungsprozess gem\u00e4\u00df den Anweisungen, die bereitgestellt werden<\/li>\n<\/ul>\n<p>&nbsp;<\/p>\n<h2>Wie Sie Ihren deutschen Lottoschein online bezahlen<\/h2>\n<p>Wenn Sie Ihren Spielschein bezahlen m\u00f6chten, k\u00f6nnen Sie aus mehreren verschiedenen, absolut sicheren Zahlungsoptionen w\u00e4hlen.<br \/>\nJede dieser Optionen f\u00e4llt in eine von zwei verschiedenen Kategorien:<\/p>\n<ul>\n<li>Bezahlen Sie Ihre Tickets durch Angabe einer Zahlungsmethode zum Zeitpunkt des Kaufs<\/li>\n<li>Bezahlen Sie Ihre Tickets, indem Sie Geld auf Ihr Spielerkonto laden und es f\u00fcr den Kauf verwenden<\/li>\n<\/ul>\n<p>Achten Sie darauf, dass Sie so viel Geld auf Ihr Konto einzahlen, dass die Kosten der aktuellen Transaktion mehr als gedeckt sind, damit sie genehmigt wird.<\/p>\n<h2>Mehr Infos \u00fcber Deutsches Lotto<\/h2>\n<ul>\n<li>Land: Deutschland<img loading=\"lazy\" decoding=\"async\" class=\"alignright wp-image-3633\" src=\"https:\/\/onlinelotto365.com\/wp-content\/uploads\/2020\/11\/online_lottery-41-300x102.jpg\" alt=\"deutsches lotto online uk\" width=\"376\" height=\"128\" srcset=\"https:\/\/onlinelotto365.com\/wp-content\/uploads\/2020\/11\/online_lottery-41-300x102.jpg 300w, https:\/\/onlinelotto365.com\/wp-content\/uploads\/2020\/11\/online_lottery-41.jpg 593w\" sizes=\"auto, (max-width: 376px) 100vw, 376px\" \/><\/li>\n<li>Hauptnummernbereich: 49<\/li>\n<li>Sie w\u00e4hlen: 6<\/li>\n<li>Zusatzzahl wird automatisch f\u00fcr Sie gezogen<\/li>\n<li>Ziehungstage, Uhrzeiten: Samstag, 20:25 Uhr MEZ, 20:25 Uhr MEZ<\/li>\n<li>Minimaler Jackpot: 1 Million \u20ac<\/li>\n<li>Maximaler Jackpot: nach 12 Ziehungen<\/li>\n<li>Wahrscheinlichkeit, den Jackpot zu gewinnen: 1 zu 125854344<\/li>\n<li>Wahrscheinlichkeit eines Stufe-2-Gewinns: 1 zu 13983816<\/li>\n<li>Wahrscheinlichkeit, in jeder Stufe zu gewinnen: 1 zu 31<\/li>\n<li>Anzahl der Gewinnstufen: 9<\/li>\n<\/ul>\n<h2>Vorteile, wenn Sie deutsche Lottoscheine online kaufen<\/h2>\n<ul>\n<li>Scheine bequem von zu Hause aus kaufen<\/li>\n<li>Erhalten Sie alle Arten von Lottospielen, die Sie m\u00f6chten<\/li>\n<li>Gewinnen Sie <a href=\"https:\/\/onlinelotto365.com\/de\/news\/die-besten-lotterien-der-welt\">bessere Chancen auf die besten Jackpots<\/a> durch die richtige Auswahl Ihrer Spiele<\/li>\n<li>Erhalten Sie einfache Zahlungsoptionen, indem Sie Geld direkt auf Ihr Spielerkonto zum Kauf hinzuf\u00fcgen<\/li>\n<li>Speichern Sie einfach alle Ihre Lottoscheine<\/li>\n<li>Erhalten Sie eine sofortige Benachrichtigung bei Gewinnen<\/li>\n<li>Erhalten Sie einfache Auswahlm\u00f6glichkeiten, damit Sie die Zahlen nicht selbst ausw\u00e4hlen m\u00fcssen<\/li>\n<\/ul>\n<h2>Ist es legal, deutsche Lottoscheine online zu kaufen?<\/h2>\n<p>Wenn Sie Bedenken hatten, Spielscheine online zu kaufen, weil Sie sich in Deutschland befinden und die Regeln nicht kennen, m\u00fcssen Sie sich keine Sorgen machen. Wir k\u00f6nnen Ihnen einige der Sorgen abnehmen, denn wir stellen sicher, dass alle Vorschriften f\u00fcr das Land, aus dem die Lotterie stammt, eingehalten werden.<br \/>\nDies hilft Ihnen, sich sicherer zu f\u00fchlen, und es stellt sicher, dass jedes Geld, das Sie gewinnen, garantiert direkt an Sie geht.<br \/>\nDie einzige Regel ist, dass Sie 18 Jahre oder \u00e4lter sein m\u00fcssen, um spielen zu k\u00f6nnen.<\/p>\n<h2>Wie werde ich ausgezahlt, wenn ich deutsches Lotto online gewinne?<\/h2>\n<p>Wenn es darum geht, Ihren Gewinn zu erhalten, wissen wir bereits, dass Sie keine Abstriche machen wollen. Sie wollen das ganze Geld bekommen, das Ihnen zusteht, und wir k\u00f6nnen Ihnen dabei helfen. In der Tat k\u00f6nnen wir Ihnen sofort helfen, da wir keine Provision von Ihren Gewinnen nehmen werden.<\/p>\n<p>Wir werden Ihnen auch keine Geb\u00fchren berechnen. Das stimmt, au\u00dfer Sie entscheiden sich f\u00fcr eine \u00dcberweisung an Ihre Bank, berechnen wir Ihnen keine Geb\u00fchren f\u00fcr irgendetwas, was wir tun. Wenn Sie eine \u00dcberweisung w\u00e4hlen, berechnen wir eine Geb\u00fchr, weil Ihre Bank eine Geb\u00fchr erhebt.<\/p>\n<p><strong>Was passiert, wenn Sie gewinnen:<\/strong><\/p>\n<ul>\n<li>F\u00fcr diejenigen, die weniger als \u20ac2500 gewinnen, m\u00fcssen Sie nichts tun. Wir k\u00fcmmern uns um alles, indem wir das Geld auf Ihr Konto einzahlen.<\/li>\n<li>F\u00fcr diejenigen, die mehr als \u20ac2500 gewinnen, erhalten Sie ein Antragsformular von unserem Support-Team. In diesem Formular k\u00f6nnen Sie entscheiden, ob Sie per Scheck oder per Bank\u00fcberweisung bezahlt werden m\u00f6chten. Dann k\u00f6nnen Sie sich einfach zur\u00fccklehnen und darauf warten, dass das Geld in ein paar Tagen zu Ihnen kommt<\/li>\n<\/ul>\n","protected":false},"excerpt":{"rendered":"<p>Sind Sie nicht ganz sicher, wie man deutsche Lottoscheine online kauft? Nun, dann sind Sie hier genau richtig, denn wir werden Sie durch den super-einfachen Prozess f\u00fchren, um vom Wunsch nach diesen Scheinen in Deutschland zum Warten auf die Ziehung zu kommen, um zu sehen, ob Sie etwas Gro\u00dfes gewonnen haben. Gehen Sie auf die [&hellip;]<\/p>\n","protected":false},"author":1,"featured_media":0,"parent":3805,"menu_order":11,"comment_status":"closed","ping_status":"closed","template":"lotto-german-info.php","meta":{"_et_pb_use_builder":"","_et_pb_old_content":"","_et_gb_content_width":"","exclude_from_search":false,"footnotes":""},"class_list":["post-11345","page","type-page","status-publish","hentry"],"yoast_head":"<!-- This site is optimized with the Yoast SEO plugin v23.4 - https:\/\/yoast.com\/wordpress\/plugins\/seo\/ -->\n<title>Jetzt deutsche Lose von Deutschland aus online kaufen<\/title>\n<meta name=\"description\" content=\"Wenn Sie in Deutschland leben, k\u00f6nnen Sie immer noch deutsche Lose online kaufen\" \/>\n<meta name=\"robots\" content=\"index, follow, max-snippet:-1, max-image-preview:large, max-video-preview:-1\" \/>\n<link rel=\"canonical\" href=\"https:\/\/onlinelotto365.com\/de\/lose-kaufen\/german-lotto\/\" \/>\n<meta property=\"og:locale\" content=\"de_DE\" \/>\n<meta property=\"og:type\" content=\"article\" \/>\n<meta property=\"og:title\" content=\"Jetzt deutsche Lose von Deutschland aus online kaufen\" \/>\n<meta property=\"og:description\" content=\"Wenn Sie in Deutschland leben, k\u00f6nnen Sie immer noch deutsche Lose online kaufen\" \/>\n<meta property=\"og:url\" content=\"https:\/\/onlinelotto365.com\/de\/lose-kaufen\/german-lotto\/\" \/>\n<meta property=\"og:site_name\" content=\"OnlineLotto365\" \/>\n<meta property=\"article:modified_time\" content=\"2021-01-07T14:00:01+00:00\" \/>\n<meta property=\"og:image\" content=\"https:\/\/onlinelotto365.com\/wp-content\/uploads\/2020\/11\/online_lottery-41-300x102.jpg\" \/>\n<meta name=\"twitter:card\" content=\"summary_large_image\" \/>\n<meta name=\"twitter:label1\" content=\"Gesch\u00e4tzte Lesezeit\" \/>\n\t<meta name=\"twitter:data1\" content=\"4\u00a0Minuten\" \/>\n<script type=\"application\/ld+json\" class=\"yoast-schema-graph\">{\"@context\":\"https:\/\/schema.org\",\"@graph\":[{\"@type\":\"WebPage\",\"@id\":\"https:\/\/onlinelotto365.com\/de\/lose-kaufen\/german-lotto\/\",\"url\":\"https:\/\/onlinelotto365.com\/de\/lose-kaufen\/german-lotto\/\",\"name\":\"Jetzt deutsche Lose von Deutschland aus online kaufen\",\"isPartOf\":{\"@id\":\"https:\/\/onlinelotto365.com\/de\/#website\"},\"primaryImageOfPage\":{\"@id\":\"https:\/\/onlinelotto365.com\/de\/lose-kaufen\/german-lotto\/#primaryimage\"},\"image\":{\"@id\":\"https:\/\/onlinelotto365.com\/de\/lose-kaufen\/german-lotto\/#primaryimage\"},\"thumbnailUrl\":\"https:\/\/onlinelotto365.com\/wp-content\/uploads\/2020\/11\/online_lottery-41-300x102.jpg\",\"datePublished\":\"2020-12-19T08:52:12+00:00\",\"dateModified\":\"2021-01-07T14:00:01+00:00\",\"description\":\"Wenn Sie in Deutschland leben, k\u00f6nnen Sie immer noch deutsche Lose online kaufen\",\"breadcrumb\":{\"@id\":\"https:\/\/onlinelotto365.com\/de\/lose-kaufen\/german-lotto\/#breadcrumb\"},\"inLanguage\":\"de\",\"potentialAction\":[{\"@type\":\"ReadAction\",\"target\":[\"https:\/\/onlinelotto365.com\/de\/lose-kaufen\/german-lotto\/\"]}]},{\"@type\":\"ImageObject\",\"inLanguage\":\"de\",\"@id\":\"https:\/\/onlinelotto365.com\/de\/lose-kaufen\/german-lotto\/#primaryimage\",\"url\":\"https:\/\/onlinelotto365.com\/wp-content\/uploads\/2020\/11\/online_lottery-41-300x102.jpg\",\"contentUrl\":\"https:\/\/onlinelotto365.com\/wp-content\/uploads\/2020\/11\/online_lottery-41-300x102.jpg\"},{\"@type\":\"BreadcrumbList\",\"@id\":\"https:\/\/onlinelotto365.com\/de\/lose-kaufen\/german-lotto\/#breadcrumb\",\"itemListElement\":[{\"@type\":\"ListItem\",\"position\":1,\"name\":\"Home\",\"item\":\"https:\/\/onlinelotto365.com\/de\/\"},{\"@type\":\"ListItem\",\"position\":2,\"name\":\"Warum es sinnvoller ist, Lotterielose online zu kaufen\",\"item\":\"https:\/\/onlinelotto365.com\/de\/lose-kaufen\/\"},{\"@type\":\"ListItem\",\"position\":3,\"name\":\"Wie man Lose f\u00fcr das deutsche Lotto online kauft\"}]},{\"@type\":\"WebSite\",\"@id\":\"https:\/\/onlinelotto365.com\/de\/#website\",\"url\":\"https:\/\/onlinelotto365.com\/de\/\",\"name\":\"OnlineLotto365\",\"description\":\"\",\"potentialAction\":[{\"@type\":\"SearchAction\",\"target\":{\"@type\":\"EntryPoint\",\"urlTemplate\":\"https:\/\/onlinelotto365.com\/de\/?s={search_term_string}\"},\"query-input\":{\"@type\":\"PropertyValueSpecification\",\"valueRequired\":true,\"valueName\":\"search_term_string\"}}],\"inLanguage\":\"de\"}]}<\/script>\n<!-- \/ Yoast SEO plugin. -->","yoast_head_json":{"title":"Jetzt deutsche Lose von Deutschland aus online kaufen","description":"Wenn Sie in Deutschland leben, k\u00f6nnen Sie immer noch deutsche Lose online kaufen","robots":{"index":"index","follow":"follow","max-snippet":"max-snippet:-1","max-image-preview":"max-image-preview:large","max-video-preview":"max-video-preview:-1"},"canonical":"https:\/\/onlinelotto365.com\/de\/lose-kaufen\/german-lotto\/","og_locale":"de_DE","og_type":"article","og_title":"Jetzt deutsche Lose von Deutschland aus online kaufen","og_description":"Wenn Sie in Deutschland leben, k\u00f6nnen Sie immer noch deutsche Lose online kaufen","og_url":"https:\/\/onlinelotto365.com\/de\/lose-kaufen\/german-lotto\/","og_site_name":"OnlineLotto365","article_modified_time":"2021-01-07T14:00:01+00:00","og_image":[{"url":"https:\/\/onlinelotto365.com\/wp-content\/uploads\/2020\/11\/online_lottery-41-300x102.jpg"}],"twitter_card":"summary_large_image","twitter_misc":{"Gesch\u00e4tzte Lesezeit":"4\u00a0Minuten"},"schema":{"@context":"https:\/\/schema.org","@graph":[{"@type":"WebPage","@id":"https:\/\/onlinelotto365.com\/de\/lose-kaufen\/german-lotto\/","url":"https:\/\/onlinelotto365.com\/de\/lose-kaufen\/german-lotto\/","name":"Jetzt deutsche Lose von Deutschland aus online kaufen","isPartOf":{"@id":"https:\/\/onlinelotto365.com\/de\/#website"},"primaryImageOfPage":{"@id":"https:\/\/onlinelotto365.com\/de\/lose-kaufen\/german-lotto\/#primaryimage"},"image":{"@id":"https:\/\/onlinelotto365.com\/de\/lose-kaufen\/german-lotto\/#primaryimage"},"thumbnailUrl":"https:\/\/onlinelotto365.com\/wp-content\/uploads\/2020\/11\/online_lottery-41-300x102.jpg","datePublished":"2020-12-19T08:52:12+00:00","dateModified":"2021-01-07T14:00:01+00:00","description":"Wenn Sie in Deutschland leben, k\u00f6nnen Sie immer noch deutsche Lose online kaufen","breadcrumb":{"@id":"https:\/\/onlinelotto365.com\/de\/lose-kaufen\/german-lotto\/#breadcrumb"},"inLanguage":"de","potentialAction":[{"@type":"ReadAction","target":["https:\/\/onlinelotto365.com\/de\/lose-kaufen\/german-lotto\/"]}]},{"@type":"ImageObject","inLanguage":"de","@id":"https:\/\/onlinelotto365.com\/de\/lose-kaufen\/german-lotto\/#primaryimage","url":"https:\/\/onlinelotto365.com\/wp-content\/uploads\/2020\/11\/online_lottery-41-300x102.jpg","contentUrl":"https:\/\/onlinelotto365.com\/wp-content\/uploads\/2020\/11\/online_lottery-41-300x102.jpg"},{"@type":"BreadcrumbList","@id":"https:\/\/onlinelotto365.com\/de\/lose-kaufen\/german-lotto\/#breadcrumb","itemListElement":[{"@type":"ListItem","position":1,"name":"Home","item":"https:\/\/onlinelotto365.com\/de\/"},{"@type":"ListItem","position":2,"name":"Warum es sinnvoller ist, Lotterielose online zu kaufen","item":"https:\/\/onlinelotto365.com\/de\/lose-kaufen\/"},{"@type":"ListItem","position":3,"name":"Wie man Lose f\u00fcr das deutsche Lotto online kauft"}]},{"@type":"WebSite","@id":"https:\/\/onlinelotto365.com\/de\/#website","url":"https:\/\/onlinelotto365.com\/de\/","name":"OnlineLotto365","description":"","potentialAction":[{"@type":"SearchAction","target":{"@type":"EntryPoint","urlTemplate":"https:\/\/onlinelotto365.com\/de\/?s={search_term_string}"},"query-input":{"@type":"PropertyValueSpecification","valueRequired":true,"valueName":"search_term_string"}}],"inLanguage":"de"}]}},"_links":{"self":[{"href":"https:\/\/onlinelotto365.com\/de\/wp-json\/wp\/v2\/pages\/11345","targetHints":{"allow":["GET"]}}],"collection":[{"href":"https:\/\/onlinelotto365.com\/de\/wp-json\/wp\/v2\/pages"}],"about":[{"href":"https:\/\/onlinelotto365.com\/de\/wp-json\/wp\/v2\/types\/page"}],"author":[{"embeddable":true,"href":"https:\/\/onlinelotto365.com\/de\/wp-json\/wp\/v2\/users\/1"}],"replies":[{"embeddable":true,"href":"https:\/\/onlinelotto365.com\/de\/wp-json\/wp\/v2\/comments?post=11345"}],"version-history":[{"count":0,"href":"https:\/\/onlinelotto365.com\/de\/wp-json\/wp\/v2\/pages\/11345\/revisions"}],"up":[{"embeddable":true,"href":"https:\/\/onlinelotto365.com\/de\/wp-json\/wp\/v2\/pages\/3805"}],"wp:attachment":[{"href":"https:\/\/onlinelotto365.com\/de\/wp-json\/wp\/v2\/media?parent=11345"}],"curies":[{"name":"wp","href":"https:\/\/api.w.org\/{rel}","templated":true}]}}