{"id":11347,"date":"2020-12-19T09:53:42","date_gmt":"2020-12-19T08:53:42","guid":{"rendered":"http:\/\/onlinelotto365.net\/?page_id=11347"},"modified":"2021-01-07T14:57:58","modified_gmt":"2021-01-07T13:57:58","slug":"mega-sena","status":"publish","type":"page","link":"https:\/\/onlinelotto365.com\/de\/lose-kaufen\/mega-sena\/","title":{"rendered":"Wie Sie Lose f\u00fcr Mega-Sena Brasilien online kaufen k\u00f6nnen"},"content":{"rendered":"<p>Sie wollen wissen, <strong>wie Sie die Tickets f\u00fcr die Mega-Sena<\/strong> bekommen k\u00f6nnen, obwohl Sie in Deutschland oder einem anderen Land au\u00dferhalb Brasiliens leben? Dann sollten Sie ein wenig weiter lesen, denn wir k\u00f6nnen Ihnen bei dem gesamten Prozess helfen und sicherstellen, dass Sie auf dem besten Weg sind, <a href=\"https:\/\/onlinelotto365.com\/de\/lose-kaufen\"><strong>die gew\u00fcnschten Tickets f\u00fcr alle Spiele<\/strong><\/a> zu bekommen, die Sie spielen m\u00f6chten.<\/p>\n<ul>\n<li>Alles, was Sie tun m\u00fcssen, um loszulegen, ist, das Spiel auszuw\u00e4hlen, das Sie spielen m\u00f6chten, und die Ticketnummern auszuw\u00e4hlen, die Sie f\u00fcr dieses Spiel haben m\u00f6chten.<\/li>\n<li>F\u00fcgen Sie so viele Lose hinzu, wie Sie m\u00f6chten, f\u00fcr dieses Spiel oder jedes andere Spiel, das Sie spielen m\u00f6chten<\/li>\n<li>Klicken Sie auf die Schaltfl\u00e4che, um den Bezahlvorgang zu starten.<\/li>\n<li>Loggen Sie sich in Ihr aktuelles Konto ein oder erstellen Sie ein neues Konto, um Ihre Tickets zu kaufen.<\/li>\n<li>Wenn Sie ein neues Konto erstellen m\u00fcssen, m\u00fcssen Sie den Registrierungsprozess durchlaufen. Ihr Verifizierungslink wird an Ihre E-Mail gesendet.<\/li>\n<li>Wenn die E-Mail nicht in Ihrem Posteingang erscheint, sollten Sie den Spam-Ordner \u00fcberpr\u00fcfen, um sicherzugehen, dass Sie die E-Mail erhalten haben.<\/li>\n<li>Nachdem Sie Ihr Konto verifiziert haben, gehen Sie zum Einkaufswagen auf der Website.<\/li>\n<li>Befolgen Sie die Anweisungen, um Ihre Tickets mit der von Ihnen gew\u00e4hlten Zahlungsmethode zu bezahlen.<\/li>\n<\/ul>\n<p><a href=\"https:\/\/redfoxlotto.com\/de\/spielen\/mega-sena\/?ref=a8564250a2&amp;medium=ol365\" target=\"_blank\" rel=\"noopener noreferrer\"><img decoding=\"async\" class=\"aligncenter\" src=\"https:\/\/redfoxlotto.com\/image?size=8&amp;lottery=mega-sena\" alt=\"mega-sena\" \/><\/a><\/p>\n<h2>Wie Sie Ihr Mega-Sena-Ticket online bezahlen<\/h2>\n<p>Es ist wichtig f\u00fcr Sie, Ihre Tickets sicher zu bezahlen, und wir machen es Ihnen so einfach wie m\u00f6glich, indem wir Ihnen viele verschiedene direkte Zahlungsoptionen sowie eine zweite Option zum Kauf Ihrer Tickets anbieten. Beginnen Sie einfach mit einer der beiden unten genannten.<\/p>\n<ul>\n<li>Bezahlen Sie direkt mit Ihrer bevorzugten Zahlungsmethode<\/li>\n<li><a href=\"https:\/\/onlinelotto365.com\/de\/news\/wie-man-internationales-lotto-spielt\">Geld auf Ihr Spielerkonto einzahlen<\/a>, damit Sie Tickets direkt vom Konto kaufen k\u00f6nnen.<\/li>\n<\/ul>\n<p>Stellen Sie sicher, dass Sie etwas mehr Geld auf Ihr Spielerkonto einzahlen, wenn Sie diese Methode w\u00e4hlen werden. Auf diese Weise wird Ihr Kontostand in der Lage sein, den Kauf zu bezahlen.<\/p>\n<h2>Mehr Informationen \u00fcber Mega-Sena<\/h2>\n<ul>\n<li>Land: Brasilien<\/li>\n<li>Hauptnummernbereich: 60<\/li>\n<li>Sie w\u00e4hlen: 6<\/li>\n<li>Ziehungstage, Stunden: Mittwoch, Samstag, 20:00 GMT -3, 24:00 CET<\/li>\n<li>Minimaler Jackpot: R$ 2 Millionen<\/li>\n<li>Maximaler Jackpot: keiner<\/li>\n<li>Wahrscheinlichkeit, den Jackpot zu gewinnen: 1 zu 50063860<\/li>\n<li>Wahrscheinlichkeit eines Stufe-2-Gewinns: 1 zu 15451809<\/li>\n<li>Wahrscheinlichkeit, in jeder Stufe zu gewinnen: 1 in 2297,56<\/li>\n<li>Anzahl der Gewinnstufen: 3<\/li>\n<\/ul>\n<h2>Vorteile beim Online-Kauf von Mega-Sena-Tickets<\/h2>\n<ul>\n<li>Keine Reise n\u00f6tig &#8211; kaufen Sie die Scheine einfach von zu Hause aus<\/li>\n<li>W\u00e4hlen Sie aus <a href=\"http:\/\/onlinelotto365.com\/de\">verschiedenen Lottospielen<\/a><\/li>\n<li>Sichern Sie sich die besten Gewinnchancen bei Spielen mit hohen Jackpots<\/li>\n<li>Geld direkt auf Ihr Konto einzahlen, um es f\u00fcr Ihren Einkauf zu verwenden<\/li>\n<li>Behalten Sie ganz einfach den \u00dcberblick \u00fcber Ihre Tickets<\/li>\n<li>Erhalten Sie Benachrichtigungen, wenn Sie mit Ihren Tickets gewinnen<\/li>\n<li>Nutzen Sie die Quick Pick Option, um Tickets zu erhalten, ohne Nummern zu ziehen<\/li>\n<\/ul>\n<h2>Ist es legal, Mega-Sena-Tickets online zu kaufen?<\/h2>\n<p><img loading=\"lazy\" decoding=\"async\" class=\"alignright wp-image-3660\" src=\"https:\/\/onlinelotto365.com\/wp-content\/uploads\/2020\/11\/online_lottery-133-300x212.jpg\" alt=\"mega-sena online UK\" width=\"177\" height=\"125\" srcset=\"https:\/\/onlinelotto365.com\/wp-content\/uploads\/2020\/11\/online_lottery-133-300x212.jpg 300w, https:\/\/onlinelotto365.com\/wp-content\/uploads\/2020\/11\/online_lottery-133.jpg 320w\" sizes=\"auto, (max-width: 177px) 100vw, 177px\" \/>Viele Menschen machen sich Gedanken dar\u00fcber, ob sie Mega-Sena-Lottoscheine online kaufen k\u00f6nnen, weil sie in Deutschland wohnen. Oder vielleicht leben sie in einem anderen Land, aber nicht in Brasilien. Wir helfen Ihnen, einige dieser Bedenken aus dem Weg zu r\u00e4umen, indem wir sicherstellen, dass alles, was wir tun, auf den Bestimmungen des Landes basiert, in dem die Lotterie stattfindet. Das macht es f\u00fcr Sie einfacher, Ihre Scheine zu kaufen und sich mit dem Prozess wohl zu f\u00fchlen. Au\u00dferdem erhalten Sie garantiert jedes Geld, das Sie gewinnen, einschlie\u00dflich des Jackpots.<\/p>\n<h2>Wie werde ich bezahlt, wenn ich Mega-Sena online gewinne?<\/h2>\n<p>Wenn es um Auszahlungen an Gewinner geht, machen wir es auf die beste Art und Weise, indem wir Ihnen jeden Cent auszahlen. Sie m\u00fcssen uns keine Provision f\u00fcr jeden Betrag zahlen, den Sie gewinnen, egal ob es sich um einen kleinen Preis oder sogar einen Jackpot handelt. Sie m\u00fcssen auch keine Geb\u00fchren an uns zahlen, es sei denn, Sie w\u00e4hlen eine Bank\u00fcberweisung.<br \/>\nBei allen anderen Zahlungsmethoden erhalten Sie das gesamte Geld, das Sie gewonnen haben. Bei Bank\u00fcberweisungen bekommen wir manchmal Geb\u00fchren von der Bank und diese Geb\u00fchren werden w\u00e4hrend des \u00dcberweisungsvorgangs von Ihrem Gewinn abgezogen.<\/p>\n<p><strong>Wenn Sie gewinnen, sollten Sie jedoch den Prozess kennen, der passiert, um Ihnen das Geld zukommen zu lassen:<\/strong><\/p>\n<ul>\n<li>Jeder, der weniger als 2500 \u20ac gewinnt, bekommt das Geld direkt auf sein Konto \u00fcberwiesen, ohne etwas tun zu m\u00fcssen<\/li>\n<li>Jeder, der mehr als \u20ac2500 gewinnt, wird jedoch von unserem Support-Team gebeten, ein Antragsformular auszuf\u00fcllen. Dies erm\u00f6glicht es Ihnen, Ihr Geld auf eine von zwei Arten zu erhalten. Sie k\u00f6nnen w\u00e4hlen, ob Sie einen Scheck \u00fcber den vollen Betrag erhalten oder ob Sie eine Bank\u00fcberweisung durchf\u00fchren lassen. In beiden F\u00e4llen erhalten Sie Ihr Geld innerhalb weniger Tage in ein beliebiges Land, einschlie\u00dflich Deutschland, \u00fcberwiesen.<\/li>\n<\/ul>\n","protected":false},"excerpt":{"rendered":"<p>Sie wollen wissen, wie Sie die Tickets f\u00fcr die Mega-Sena bekommen k\u00f6nnen, obwohl Sie in Deutschland oder einem anderen Land au\u00dferhalb Brasiliens leben? Dann sollten Sie ein wenig weiter lesen, denn wir k\u00f6nnen Ihnen bei dem gesamten Prozess helfen und sicherstellen, dass Sie auf dem besten Weg sind, die gew\u00fcnschten Tickets f\u00fcr alle Spiele zu [&hellip;]<\/p>\n","protected":false},"author":1,"featured_media":0,"parent":3805,"menu_order":12,"comment_status":"closed","ping_status":"closed","template":"megasena-info.php","meta":{"_et_pb_use_builder":"","_et_pb_old_content":"","_et_gb_content_width":"","exclude_from_search":false,"footnotes":""},"class_list":["post-11347","page","type-page","status-publish","hentry"],"yoast_head":"<!-- This site is optimized with the Yoast SEO plugin v23.4 - https:\/\/yoast.com\/wordpress\/plugins\/seo\/ -->\n<title>Kaufen Sie Lose f\u00fcr Mega-Sena online aus Deutschland | \u00dcber Mega-Sena und wie Sie Lose bekommen<\/title>\n<meta name=\"description\" content=\"Dies ist eine gro\u00dfartige Lotterie aus Brasilien - und Sie k\u00f6nnen jetzt online Lose kaufen\" \/>\n<meta name=\"robots\" content=\"index, follow, max-snippet:-1, max-image-preview:large, max-video-preview:-1\" \/>\n<link rel=\"canonical\" href=\"https:\/\/onlinelotto365.com\/de\/lose-kaufen\/mega-sena\/\" \/>\n<meta property=\"og:locale\" content=\"de_DE\" \/>\n<meta property=\"og:type\" content=\"article\" \/>\n<meta property=\"og:title\" content=\"Kaufen Sie Lose f\u00fcr Mega-Sena online aus Deutschland | \u00dcber Mega-Sena und wie Sie Lose bekommen\" \/>\n<meta property=\"og:description\" content=\"Dies ist eine gro\u00dfartige Lotterie aus Brasilien - und Sie k\u00f6nnen jetzt online Lose kaufen\" \/>\n<meta property=\"og:url\" content=\"https:\/\/onlinelotto365.com\/de\/lose-kaufen\/mega-sena\/\" \/>\n<meta property=\"og:site_name\" content=\"OnlineLotto365\" \/>\n<meta property=\"article:modified_time\" content=\"2021-01-07T13:57:58+00:00\" \/>\n<meta property=\"og:image\" content=\"https:\/\/redfoxlotto.com\/image?size=8&amp;lottery=mega-sena\" \/>\n<meta name=\"twitter:card\" content=\"summary_large_image\" \/>\n<meta name=\"twitter:label1\" content=\"Gesch\u00e4tzte Lesezeit\" \/>\n\t<meta name=\"twitter:data1\" content=\"4\u00a0Minuten\" \/>\n<script type=\"application\/ld+json\" class=\"yoast-schema-graph\">{\"@context\":\"https:\/\/schema.org\",\"@graph\":[{\"@type\":\"WebPage\",\"@id\":\"https:\/\/onlinelotto365.com\/de\/lose-kaufen\/mega-sena\/\",\"url\":\"https:\/\/onlinelotto365.com\/de\/lose-kaufen\/mega-sena\/\",\"name\":\"Kaufen Sie Lose f\u00fcr Mega-Sena online aus Deutschland | \u00dcber Mega-Sena und wie Sie Lose bekommen\",\"isPartOf\":{\"@id\":\"https:\/\/onlinelotto365.com\/de\/#website\"},\"primaryImageOfPage\":{\"@id\":\"https:\/\/onlinelotto365.com\/de\/lose-kaufen\/mega-sena\/#primaryimage\"},\"image\":{\"@id\":\"https:\/\/onlinelotto365.com\/de\/lose-kaufen\/mega-sena\/#primaryimage\"},\"thumbnailUrl\":\"https:\/\/redfoxlotto.com\/image?size=8&amp;lottery=mega-sena\",\"datePublished\":\"2020-12-19T08:53:42+00:00\",\"dateModified\":\"2021-01-07T13:57:58+00:00\",\"description\":\"Dies ist eine gro\u00dfartige Lotterie aus Brasilien - und Sie k\u00f6nnen jetzt online Lose kaufen\",\"breadcrumb\":{\"@id\":\"https:\/\/onlinelotto365.com\/de\/lose-kaufen\/mega-sena\/#breadcrumb\"},\"inLanguage\":\"de\",\"potentialAction\":[{\"@type\":\"ReadAction\",\"target\":[\"https:\/\/onlinelotto365.com\/de\/lose-kaufen\/mega-sena\/\"]}]},{\"@type\":\"ImageObject\",\"inLanguage\":\"de\",\"@id\":\"https:\/\/onlinelotto365.com\/de\/lose-kaufen\/mega-sena\/#primaryimage\",\"url\":\"https:\/\/redfoxlotto.com\/image?size=8&amp;lottery=mega-sena\",\"contentUrl\":\"https:\/\/redfoxlotto.com\/image?size=8&amp;lottery=mega-sena\"},{\"@type\":\"BreadcrumbList\",\"@id\":\"https:\/\/onlinelotto365.com\/de\/lose-kaufen\/mega-sena\/#breadcrumb\",\"itemListElement\":[{\"@type\":\"ListItem\",\"position\":1,\"name\":\"Home\",\"item\":\"https:\/\/onlinelotto365.com\/de\/\"},{\"@type\":\"ListItem\",\"position\":2,\"name\":\"Warum es sinnvoller ist, Lotterielose online zu kaufen\",\"item\":\"https:\/\/onlinelotto365.com\/de\/lose-kaufen\/\"},{\"@type\":\"ListItem\",\"position\":3,\"name\":\"Wie Sie Lose f\u00fcr Mega-Sena Brasilien online kaufen k\u00f6nnen\"}]},{\"@type\":\"WebSite\",\"@id\":\"https:\/\/onlinelotto365.com\/de\/#website\",\"url\":\"https:\/\/onlinelotto365.com\/de\/\",\"name\":\"OnlineLotto365\",\"description\":\"\",\"potentialAction\":[{\"@type\":\"SearchAction\",\"target\":{\"@type\":\"EntryPoint\",\"urlTemplate\":\"https:\/\/onlinelotto365.com\/de\/?s={search_term_string}\"},\"query-input\":{\"@type\":\"PropertyValueSpecification\",\"valueRequired\":true,\"valueName\":\"search_term_string\"}}],\"inLanguage\":\"de\"}]}<\/script>\n<!-- \/ Yoast SEO plugin. -->","yoast_head_json":{"title":"Kaufen Sie Lose f\u00fcr Mega-Sena online aus Deutschland | \u00dcber Mega-Sena und wie Sie Lose bekommen","description":"Dies ist eine gro\u00dfartige Lotterie aus Brasilien - und Sie k\u00f6nnen jetzt online Lose kaufen","robots":{"index":"index","follow":"follow","max-snippet":"max-snippet:-1","max-image-preview":"max-image-preview:large","max-video-preview":"max-video-preview:-1"},"canonical":"https:\/\/onlinelotto365.com\/de\/lose-kaufen\/mega-sena\/","og_locale":"de_DE","og_type":"article","og_title":"Kaufen Sie Lose f\u00fcr Mega-Sena online aus Deutschland | \u00dcber Mega-Sena und wie Sie Lose bekommen","og_description":"Dies ist eine gro\u00dfartige Lotterie aus Brasilien - und Sie k\u00f6nnen jetzt online Lose kaufen","og_url":"https:\/\/onlinelotto365.com\/de\/lose-kaufen\/mega-sena\/","og_site_name":"OnlineLotto365","article_modified_time":"2021-01-07T13:57:58+00:00","og_image":[{"url":"https:\/\/redfoxlotto.com\/image?size=8&amp;lottery=mega-sena"}],"twitter_card":"summary_large_image","twitter_misc":{"Gesch\u00e4tzte Lesezeit":"4\u00a0Minuten"},"schema":{"@context":"https:\/\/schema.org","@graph":[{"@type":"WebPage","@id":"https:\/\/onlinelotto365.com\/de\/lose-kaufen\/mega-sena\/","url":"https:\/\/onlinelotto365.com\/de\/lose-kaufen\/mega-sena\/","name":"Kaufen Sie Lose f\u00fcr Mega-Sena online aus Deutschland | \u00dcber Mega-Sena und wie Sie Lose bekommen","isPartOf":{"@id":"https:\/\/onlinelotto365.com\/de\/#website"},"primaryImageOfPage":{"@id":"https:\/\/onlinelotto365.com\/de\/lose-kaufen\/mega-sena\/#primaryimage"},"image":{"@id":"https:\/\/onlinelotto365.com\/de\/lose-kaufen\/mega-sena\/#primaryimage"},"thumbnailUrl":"https:\/\/redfoxlotto.com\/image?size=8&amp;lottery=mega-sena","datePublished":"2020-12-19T08:53:42+00:00","dateModified":"2021-01-07T13:57:58+00:00","description":"Dies ist eine gro\u00dfartige Lotterie aus Brasilien - und Sie k\u00f6nnen jetzt online Lose kaufen","breadcrumb":{"@id":"https:\/\/onlinelotto365.com\/de\/lose-kaufen\/mega-sena\/#breadcrumb"},"inLanguage":"de","potentialAction":[{"@type":"ReadAction","target":["https:\/\/onlinelotto365.com\/de\/lose-kaufen\/mega-sena\/"]}]},{"@type":"ImageObject","inLanguage":"de","@id":"https:\/\/onlinelotto365.com\/de\/lose-kaufen\/mega-sena\/#primaryimage","url":"https:\/\/redfoxlotto.com\/image?size=8&amp;lottery=mega-sena","contentUrl":"https:\/\/redfoxlotto.com\/image?size=8&amp;lottery=mega-sena"},{"@type":"BreadcrumbList","@id":"https:\/\/onlinelotto365.com\/de\/lose-kaufen\/mega-sena\/#breadcrumb","itemListElement":[{"@type":"ListItem","position":1,"name":"Home","item":"https:\/\/onlinelotto365.com\/de\/"},{"@type":"ListItem","position":2,"name":"Warum es sinnvoller ist, Lotterielose online zu kaufen","item":"https:\/\/onlinelotto365.com\/de\/lose-kaufen\/"},{"@type":"ListItem","position":3,"name":"Wie Sie Lose f\u00fcr Mega-Sena Brasilien online kaufen k\u00f6nnen"}]},{"@type":"WebSite","@id":"https:\/\/onlinelotto365.com\/de\/#website","url":"https:\/\/onlinelotto365.com\/de\/","name":"OnlineLotto365","description":"","potentialAction":[{"@type":"SearchAction","target":{"@type":"EntryPoint","urlTemplate":"https:\/\/onlinelotto365.com\/de\/?s={search_term_string}"},"query-input":{"@type":"PropertyValueSpecification","valueRequired":true,"valueName":"search_term_string"}}],"inLanguage":"de"}]}},"_links":{"self":[{"href":"https:\/\/onlinelotto365.com\/de\/wp-json\/wp\/v2\/pages\/11347","targetHints":{"allow":["GET"]}}],"collection":[{"href":"https:\/\/onlinelotto365.com\/de\/wp-json\/wp\/v2\/pages"}],"about":[{"href":"https:\/\/onlinelotto365.com\/de\/wp-json\/wp\/v2\/types\/page"}],"author":[{"embeddable":true,"href":"https:\/\/onlinelotto365.com\/de\/wp-json\/wp\/v2\/users\/1"}],"replies":[{"embeddable":true,"href":"https:\/\/onlinelotto365.com\/de\/wp-json\/wp\/v2\/comments?post=11347"}],"version-history":[{"count":0,"href":"https:\/\/onlinelotto365.com\/de\/wp-json\/wp\/v2\/pages\/11347\/revisions"}],"up":[{"embeddable":true,"href":"https:\/\/onlinelotto365.com\/de\/wp-json\/wp\/v2\/pages\/3805"}],"wp:attachment":[{"href":"https:\/\/onlinelotto365.com\/de\/wp-json\/wp\/v2\/media?parent=11347"}],"curies":[{"name":"wp","href":"https:\/\/api.w.org\/{rel}","templated":true}]}}