{"id":11349,"date":"2020-12-19T09:54:56","date_gmt":"2020-12-19T08:54:56","guid":{"rendered":"http:\/\/onlinelotto365.net\/?page_id=11349"},"modified":"2021-01-11T10:23:10","modified_gmt":"2021-01-11T09:23:10","slug":"powerball-australia","status":"publish","type":"page","link":"https:\/\/onlinelotto365.com\/de\/lose-kaufen\/powerball-australia\/","title":{"rendered":"Wie man Powerball Australia-Lose online kauft"},"content":{"rendered":"<p><strong>Wollen Sie wissen, wie Sie Ihre Powerball Australia-Tickets online kaufen k\u00f6nnen<\/strong>? Nun, wir haben es f\u00fcr <strong>unsere Kunden aus Deutschland und aus anderen L\u00e4ndern<\/strong> in ein paar einfache Schritte unterteilt, damit Sie sofort mit dem Prozess beginnen k\u00f6nnen. Und das geht viel schneller und einfacher, als Sie vielleicht denken.<\/p>\n<ul>\n<li>Gehen Sie zur Powerball Australia Seite und w\u00e4hlen Sie die gew\u00fcnschten Tickets und die Zahlen f\u00fcr diese Tickets aus, oder lassen Sie den Computer f\u00fcr Sie ausw\u00e4hlen.<\/li>\n<li>F\u00fcgen Sie so viele <a href=\"https:\/\/onlinelotto365.com\/de\/lose-kaufen\">Tickets und Spiele<\/a> zu Ihrer Bestellung hinzu, wie Sie m\u00f6chten, bevor Sie fertig sind.<\/li>\n<li>Klicken Sie auf den Button um jetzt zu bezahlen<\/li>\n<li>Erstellen Sie ein Konto auf unserer Website oder loggen Sie sich in Ihr bestehendes Konto ein, wenn Sie bereits eines haben.<\/li>\n<li>F\u00fcr diejenigen, die ein Konto erstellen m\u00fcssen, m\u00fcssen Sie es mit Ihrer E-Mail-Adresse registrieren.<\/li>\n<li>\u00dcberpr\u00fcfen Sie Ihren Spam-Ordner sowie Ihren regul\u00e4ren Posteingang auf die Best\u00e4tigungs-E-Mail<\/li>\n<li>Gehen Sie zu Ihrem Warenkorb, um Ihren Kauf abzuschlie\u00dfen<\/li>\n<li><strong>W\u00e4hlen Sie die gew\u00fcnschte Zahlungsmethode<\/strong> und gehen Sie durch den Zahlungsvorgang<\/li>\n<\/ul>\n<p><a href=\"https:\/\/redfoxlotto.com\/de\/spielen\/powerball-au\/?ref=a8564250a2&amp;medium=ol365\" target=\"_blank\" rel=\"noopener noreferrer\"><img decoding=\"async\" class=\"aligncenter\" src=\"https:\/\/redfoxlotto.com\/image?size=8&amp;lottery=powerball-au\" alt=\"Powerball Australia\" \/><\/a><\/p>\n<h2>Wie Sie Ihren Powerball Australia-Schein online bezahlen<\/h2>\n<p>Sie k\u00f6nnen aus <strong>einer Reihe von verschiedenen Zahlungsoptionen<\/strong> w\u00e4hlen, die alle genauso sicher sind, wie Sie es erwarten w\u00fcrden, wenn Sie <strong>etwas aus Deutschland online kaufen w\u00fcrden.<\/strong><br \/>\nKaufen Sie Ihre Tickets per:<\/p>\n<ul>\n<li>Direkt mit Ihrer bevorzugten Zahlungsoption bezahlen<\/li>\n<li>Geld auf Ihr Spielerkonto einzahlen und es zum Kauf Ihrer Tickets verwenden<\/li>\n<\/ul>\n<p>Denken Sie daran, dass Sie mehr als genug Geld auf Ihr Spielerkonto einzahlen m\u00fcssen, um die gew\u00fcnschten Tickets zu kaufen, wenn Sie diese Option w\u00e4hlen.<\/p>\n<h2>Mehr Informationen \u00fcber Powerball Deutschland<\/h2>\n<ul>\n<li>Land: Australien<\/li>\n<li>Hauptnummernbereich: 35<\/li>\n<li>Sie w\u00e4hlen: 7<\/li>\n<li>Zusatzzahlenbereich: 20<\/li>\n<li>Sie w\u00e4hlen: 1<\/li>\n<li>Ziehungstage, Stunden: Do, 21:30 GMT+11, 10:30 CET<\/li>\n<li>Minimaler Jackpot: AU$ 3 Millionen<\/li>\n<li>Maximaler Jackpot: AU$ 150 Millionen<\/li>\n<li>Wahrscheinlichkeit, den Jackpot zu gewinnen: 1 zu 134490400<\/li>\n<li>Wahrscheinlichkeit eines Stufe-2-Gewinns: 1 zu 7078443<\/li>\n<li>Wahrscheinlichkeit, in jeder Stufe zu gewinnen: 1 zu 24,87<\/li>\n<li>Anzahl der Gewinnstufen: 7<\/li>\n<\/ul>\n<h2>Vorteile beim Online-Kauf von Powerball Australia-Tickets<\/h2>\n<ul>\n<li>Sie erhalten die gew\u00fcnschten Spielscheine, ohne das Haus verlassen zu m\u00fcssen<\/li>\n<li>Scheine f\u00fcr viele verschiedene Arten von Lotterien kaufen<\/li>\n<li>Sichern Sie sich eine <a href=\"https:\/\/onlinelotto365.com\/de\/news\/moeglichkeiten-lottozahlen-auszuwaehlen-die-gewinnen\"><strong>bessere Chance auf einen gro\u00dfen Jackpot<\/strong><\/a>, indem Sie die Top-Optionen w\u00e4hlen<\/li>\n<li>Geben Sie Geld auf Ihr Konto ein und verwenden Sie es, um Ihre Tickets zu kaufen<\/li>\n<li>Sorgen Sie sich nicht um den Verlust Ihrer Tickets<\/li>\n<li>Benachrichtigungen, wenn Ihr Ticket ein Gewinner ist<\/li>\n<li>W\u00e4hlen Sie zuf\u00e4llige Tickets mit dem Nummerngenerator<\/li>\n<\/ul>\n<h2>Ist es legal, Powerball Australia-Tickets in Deutschland online zu kaufen?<\/h2>\n<p>Sie brauchen sich keine Sorgen zu machen, ob Sie Ihre Spielscheine online oder auf herk\u00f6mmliche Weise kaufen, wenn es um die Bestimmungen Ihres Wohnsitzlandes geht. Wir k\u00fcmmern uns um die Einhaltung der Bestimmungen des Landes, in dem die Lotterie stattfindet, damit Sie Ihre Gewinne erhalten k\u00f6nnen. Selbst wenn Sie <a href=\"https:\/\/onlinelotto365.com\/de\/news\/tipps-wie-sie-im-lotto-gewinnen-koennen\">den Jackpot gewinnen<\/a>, werden Sie keine Probleme haben, das Geld zu erhalten.<br \/>\nJeder, der unseren Service nutzt, muss mindestens 18 Jahre alt sein.<\/p>\n<h2>Wie werde ich bezahlt, wenn ich Powerball Australia online gewinne?<\/h2>\n<p><img loading=\"lazy\" decoding=\"async\" class=\"alignright wp-image-3631\" src=\"https:\/\/onlinelotto365.com\/wp-content\/uploads\/2020\/11\/online_lottery-40-300x200.jpg\" alt=\"powerball Australia online\" width=\"252\" height=\"168\" srcset=\"https:\/\/onlinelotto365.com\/wp-content\/uploads\/2020\/11\/online_lottery-40-300x200.jpg 300w, https:\/\/onlinelotto365.com\/wp-content\/uploads\/2020\/11\/online_lottery-40.jpg 424w\" sizes=\"auto, (max-width: 252px) 100vw, 252px\" \/>Wir wissen, dass Sie <strong>Ihren Gewinn so schnell wie m\u00f6glich<\/strong> erhalten m\u00f6chten und Sie wollen auf keinen Fall jemand anderem Geld aus diesen Gewinnen zahlen. Deshalb nehmen wir niemals eine Provision von Ihren Gewinnen. Wenn Sie gewinnen, bekommen Sie das Geld. Das einzige Mal, dass wir eine Geb\u00fchr nehmen, ist, wenn Sie sich daf\u00fcr entscheiden, das Geld per Bank\u00fcberweisung an Ihre Bank zu \u00fcberweisen, die uns eine Geb\u00fchr berechnen w\u00fcrde, die wir an Sie weitergeben.<br \/>\nWenn Sie Geld gewinnen, m\u00fcssen Sie dies einfach im Hinterkopf behalten:<\/p>\n<ul>\n<li>Betr\u00e4ge unter \u20ac2500 werden automatisch auf Ihr Spielerkonto \u00fcberwiesen, ohne dass Sie etwas tun m\u00fcssen<\/li>\n<li>Betr\u00e4ge \u00fcber \u20ac2500 werden per Scheck oder Bank\u00fcberweisung ausgezahlt und erfordern, dass Sie ein Formular ausf\u00fcllen, das Ihnen vom Support-Team zugeschickt wird. Auf diese Weise k\u00f6nnen Sie das Geld \u00fcber die Lotteriekommission abwickeln lassen.<\/li>\n<\/ul>\n","protected":false},"excerpt":{"rendered":"<p>Wollen Sie wissen, wie Sie Ihre Powerball Australia-Tickets online kaufen k\u00f6nnen? Nun, wir haben es f\u00fcr unsere Kunden aus Deutschland und aus anderen L\u00e4ndern in ein paar einfache Schritte unterteilt, damit Sie sofort mit dem Prozess beginnen k\u00f6nnen. Und das geht viel schneller und einfacher, als Sie vielleicht denken. Gehen Sie zur Powerball Australia Seite [&hellip;]<\/p>\n","protected":false},"author":1,"featured_media":0,"parent":3805,"menu_order":13,"comment_status":"closed","ping_status":"closed","template":"powerball-au-info.php","meta":{"_et_pb_use_builder":"","_et_pb_old_content":"","_et_gb_content_width":"","exclude_from_search":false,"footnotes":""},"class_list":["post-11349","page","type-page","status-publish","hentry"],"yoast_head":"<!-- This site is optimized with the Yoast SEO plugin v23.4 - https:\/\/yoast.com\/wordpress\/plugins\/seo\/ -->\n<title>Kaufen Sie Lose f\u00fcr Powerball Australia von Deutschland aus \u00fcber den Online-Dienst<\/title>\n<meta name=\"description\" content=\"Powerball Australien-Lose online kaufen - wir machen es f\u00fcr Spieler in Deutschland m\u00f6glich\" \/>\n<meta name=\"robots\" content=\"index, follow, max-snippet:-1, max-image-preview:large, max-video-preview:-1\" \/>\n<link rel=\"canonical\" href=\"https:\/\/onlinelotto365.com\/de\/lose-kaufen\/powerball-australia\/\" \/>\n<meta property=\"og:locale\" content=\"de_DE\" \/>\n<meta property=\"og:type\" content=\"article\" \/>\n<meta property=\"og:title\" content=\"Kaufen Sie Lose f\u00fcr Powerball Australia von Deutschland aus \u00fcber den Online-Dienst\" \/>\n<meta property=\"og:description\" content=\"Powerball Australien-Lose online kaufen - wir machen es f\u00fcr Spieler in Deutschland m\u00f6glich\" \/>\n<meta property=\"og:url\" content=\"https:\/\/onlinelotto365.com\/de\/lose-kaufen\/powerball-australia\/\" \/>\n<meta property=\"og:site_name\" content=\"OnlineLotto365\" \/>\n<meta property=\"article:modified_time\" content=\"2021-01-11T09:23:10+00:00\" \/>\n<meta property=\"og:image\" content=\"https:\/\/redfoxlotto.com\/image?size=8&amp;lottery=powerball-au\" \/>\n<meta name=\"twitter:card\" content=\"summary_large_image\" \/>\n<meta name=\"twitter:label1\" content=\"Gesch\u00e4tzte Lesezeit\" \/>\n\t<meta name=\"twitter:data1\" content=\"3\u00a0Minuten\" \/>\n<script type=\"application\/ld+json\" class=\"yoast-schema-graph\">{\"@context\":\"https:\/\/schema.org\",\"@graph\":[{\"@type\":\"WebPage\",\"@id\":\"https:\/\/onlinelotto365.com\/de\/lose-kaufen\/powerball-australia\/\",\"url\":\"https:\/\/onlinelotto365.com\/de\/lose-kaufen\/powerball-australia\/\",\"name\":\"Kaufen Sie Lose f\u00fcr Powerball Australia von Deutschland aus \u00fcber den Online-Dienst\",\"isPartOf\":{\"@id\":\"https:\/\/onlinelotto365.com\/de\/#website\"},\"primaryImageOfPage\":{\"@id\":\"https:\/\/onlinelotto365.com\/de\/lose-kaufen\/powerball-australia\/#primaryimage\"},\"image\":{\"@id\":\"https:\/\/onlinelotto365.com\/de\/lose-kaufen\/powerball-australia\/#primaryimage\"},\"thumbnailUrl\":\"https:\/\/redfoxlotto.com\/image?size=8&amp;lottery=powerball-au\",\"datePublished\":\"2020-12-19T08:54:56+00:00\",\"dateModified\":\"2021-01-11T09:23:10+00:00\",\"description\":\"Powerball Australien-Lose online kaufen - wir machen es f\u00fcr Spieler in Deutschland m\u00f6glich\",\"breadcrumb\":{\"@id\":\"https:\/\/onlinelotto365.com\/de\/lose-kaufen\/powerball-australia\/#breadcrumb\"},\"inLanguage\":\"de\",\"potentialAction\":[{\"@type\":\"ReadAction\",\"target\":[\"https:\/\/onlinelotto365.com\/de\/lose-kaufen\/powerball-australia\/\"]}]},{\"@type\":\"ImageObject\",\"inLanguage\":\"de\",\"@id\":\"https:\/\/onlinelotto365.com\/de\/lose-kaufen\/powerball-australia\/#primaryimage\",\"url\":\"https:\/\/redfoxlotto.com\/image?size=8&amp;lottery=powerball-au\",\"contentUrl\":\"https:\/\/redfoxlotto.com\/image?size=8&amp;lottery=powerball-au\"},{\"@type\":\"BreadcrumbList\",\"@id\":\"https:\/\/onlinelotto365.com\/de\/lose-kaufen\/powerball-australia\/#breadcrumb\",\"itemListElement\":[{\"@type\":\"ListItem\",\"position\":1,\"name\":\"Home\",\"item\":\"https:\/\/onlinelotto365.com\/de\/\"},{\"@type\":\"ListItem\",\"position\":2,\"name\":\"Warum es sinnvoller ist, Lotterielose online zu kaufen\",\"item\":\"https:\/\/onlinelotto365.com\/de\/lose-kaufen\/\"},{\"@type\":\"ListItem\",\"position\":3,\"name\":\"Wie man Powerball Australia-Lose online kauft\"}]},{\"@type\":\"WebSite\",\"@id\":\"https:\/\/onlinelotto365.com\/de\/#website\",\"url\":\"https:\/\/onlinelotto365.com\/de\/\",\"name\":\"OnlineLotto365\",\"description\":\"\",\"potentialAction\":[{\"@type\":\"SearchAction\",\"target\":{\"@type\":\"EntryPoint\",\"urlTemplate\":\"https:\/\/onlinelotto365.com\/de\/?s={search_term_string}\"},\"query-input\":{\"@type\":\"PropertyValueSpecification\",\"valueRequired\":true,\"valueName\":\"search_term_string\"}}],\"inLanguage\":\"de\"}]}<\/script>\n<!-- \/ Yoast SEO plugin. -->","yoast_head_json":{"title":"Kaufen Sie Lose f\u00fcr Powerball Australia von Deutschland aus \u00fcber den Online-Dienst","description":"Powerball Australien-Lose online kaufen - wir machen es f\u00fcr Spieler in Deutschland m\u00f6glich","robots":{"index":"index","follow":"follow","max-snippet":"max-snippet:-1","max-image-preview":"max-image-preview:large","max-video-preview":"max-video-preview:-1"},"canonical":"https:\/\/onlinelotto365.com\/de\/lose-kaufen\/powerball-australia\/","og_locale":"de_DE","og_type":"article","og_title":"Kaufen Sie Lose f\u00fcr Powerball Australia von Deutschland aus \u00fcber den Online-Dienst","og_description":"Powerball Australien-Lose online kaufen - wir machen es f\u00fcr Spieler in Deutschland m\u00f6glich","og_url":"https:\/\/onlinelotto365.com\/de\/lose-kaufen\/powerball-australia\/","og_site_name":"OnlineLotto365","article_modified_time":"2021-01-11T09:23:10+00:00","og_image":[{"url":"https:\/\/redfoxlotto.com\/image?size=8&amp;lottery=powerball-au"}],"twitter_card":"summary_large_image","twitter_misc":{"Gesch\u00e4tzte Lesezeit":"3\u00a0Minuten"},"schema":{"@context":"https:\/\/schema.org","@graph":[{"@type":"WebPage","@id":"https:\/\/onlinelotto365.com\/de\/lose-kaufen\/powerball-australia\/","url":"https:\/\/onlinelotto365.com\/de\/lose-kaufen\/powerball-australia\/","name":"Kaufen Sie Lose f\u00fcr Powerball Australia von Deutschland aus \u00fcber den Online-Dienst","isPartOf":{"@id":"https:\/\/onlinelotto365.com\/de\/#website"},"primaryImageOfPage":{"@id":"https:\/\/onlinelotto365.com\/de\/lose-kaufen\/powerball-australia\/#primaryimage"},"image":{"@id":"https:\/\/onlinelotto365.com\/de\/lose-kaufen\/powerball-australia\/#primaryimage"},"thumbnailUrl":"https:\/\/redfoxlotto.com\/image?size=8&amp;lottery=powerball-au","datePublished":"2020-12-19T08:54:56+00:00","dateModified":"2021-01-11T09:23:10+00:00","description":"Powerball Australien-Lose online kaufen - wir machen es f\u00fcr Spieler in Deutschland m\u00f6glich","breadcrumb":{"@id":"https:\/\/onlinelotto365.com\/de\/lose-kaufen\/powerball-australia\/#breadcrumb"},"inLanguage":"de","potentialAction":[{"@type":"ReadAction","target":["https:\/\/onlinelotto365.com\/de\/lose-kaufen\/powerball-australia\/"]}]},{"@type":"ImageObject","inLanguage":"de","@id":"https:\/\/onlinelotto365.com\/de\/lose-kaufen\/powerball-australia\/#primaryimage","url":"https:\/\/redfoxlotto.com\/image?size=8&amp;lottery=powerball-au","contentUrl":"https:\/\/redfoxlotto.com\/image?size=8&amp;lottery=powerball-au"},{"@type":"BreadcrumbList","@id":"https:\/\/onlinelotto365.com\/de\/lose-kaufen\/powerball-australia\/#breadcrumb","itemListElement":[{"@type":"ListItem","position":1,"name":"Home","item":"https:\/\/onlinelotto365.com\/de\/"},{"@type":"ListItem","position":2,"name":"Warum es sinnvoller ist, Lotterielose online zu kaufen","item":"https:\/\/onlinelotto365.com\/de\/lose-kaufen\/"},{"@type":"ListItem","position":3,"name":"Wie man Powerball Australia-Lose online kauft"}]},{"@type":"WebSite","@id":"https:\/\/onlinelotto365.com\/de\/#website","url":"https:\/\/onlinelotto365.com\/de\/","name":"OnlineLotto365","description":"","potentialAction":[{"@type":"SearchAction","target":{"@type":"EntryPoint","urlTemplate":"https:\/\/onlinelotto365.com\/de\/?s={search_term_string}"},"query-input":{"@type":"PropertyValueSpecification","valueRequired":true,"valueName":"search_term_string"}}],"inLanguage":"de"}]}},"_links":{"self":[{"href":"https:\/\/onlinelotto365.com\/de\/wp-json\/wp\/v2\/pages\/11349","targetHints":{"allow":["GET"]}}],"collection":[{"href":"https:\/\/onlinelotto365.com\/de\/wp-json\/wp\/v2\/pages"}],"about":[{"href":"https:\/\/onlinelotto365.com\/de\/wp-json\/wp\/v2\/types\/page"}],"author":[{"embeddable":true,"href":"https:\/\/onlinelotto365.com\/de\/wp-json\/wp\/v2\/users\/1"}],"replies":[{"embeddable":true,"href":"https:\/\/onlinelotto365.com\/de\/wp-json\/wp\/v2\/comments?post=11349"}],"version-history":[{"count":0,"href":"https:\/\/onlinelotto365.com\/de\/wp-json\/wp\/v2\/pages\/11349\/revisions"}],"up":[{"embeddable":true,"href":"https:\/\/onlinelotto365.com\/de\/wp-json\/wp\/v2\/pages\/3805"}],"wp:attachment":[{"href":"https:\/\/onlinelotto365.com\/de\/wp-json\/wp\/v2\/media?parent=11349"}],"curies":[{"name":"wp","href":"https:\/\/api.w.org\/{rel}","templated":true}]}}