{"id":11351,"date":"2020-12-19T09:55:51","date_gmt":"2020-12-19T08:55:51","guid":{"rendered":"http:\/\/onlinelotto365.net\/?page_id=11351"},"modified":"2021-01-06T11:48:00","modified_gmt":"2021-01-06T10:48:00","slug":"oz-lotto","status":"publish","type":"page","link":"https:\/\/onlinelotto365.com\/de\/lose-kaufen\/oz-lotto\/","title":{"rendered":"Wie man Oz-Lose online kauft"},"content":{"rendered":"<p>Sie haben Gl\u00fcck, denn wir haben den Prozess durchlaufen, was Sie tun m\u00fcssen, um <strong>ihre Oz Lottoscheine genau hier<\/strong> zu bekommen, und <strong>auch von Deutschland aus.<\/strong> Sie k\u00f6nnen ganz einfach online kaufen, wenn Sie nur diesen einfachen Schritten folgen, die wir f\u00fcr Sie festgelegt haben.<\/p>\n<ul>\n<li>Gehen Sie auf die Seite der Lotterie, die Sie spielen m\u00f6chten, und w\u00e4hlen Sie die Zahlen aus, die Sie m\u00f6chten. Oder lassen Sie den Computer einige Zahlen f\u00fcr Sie aussuchen.<\/li>\n<li>Scheine f\u00fcr noch <a href=\"http:\/\/onlinelotto365.com\/de\">mehr Lotterien<\/a> und auch f\u00fcr dieses Spiel kaufen<\/li>\n<li>Sofort f\u00fcr Ihre Scheine bezahlen<\/li>\n<li>Registrieren Sie ein neues Konto oder melden Sie sich bei Ihrem aktuellen Konto an, um den Zahlungsprozess zu durchlaufen<\/li>\n<li>F\u00fcr Konten, die registriert werden m\u00fcssen, stellen Sie sicher, dass Sie Ihre E-Mail auf den Verifizierungslink \u00fcberpr\u00fcfen, um loszulegen<\/li>\n<li>Suchen Sie in Ihrem Spam-Ordner, wenn Sie die E-Mail nicht in Ihrem normalen Posteingang erhalten haben, und klicken Sie auf den Link zur Verifizierung<\/li>\n<li>Gehen Sie zu Ihrem Warenkorb, um Ihre Tickets zu kaufen<\/li>\n<li>Gehen Sie durch den Zahlungsprozess, um Ihre Tickets zu erhalten<\/li>\n<\/ul>\n<p><a href=\"https:\/\/redfoxlotto.com\/de\/spielen\/oz-lotto\/?ref=a8564250a2&amp;medium=ol365\" target=\"_blank\" rel=\"noopener noreferrer\"><img decoding=\"async\" class=\"aligncenter\" src=\"https:\/\/redfoxlotto.com\/image?size=8&amp;lottery=oz-lotto\" alt=\"Oz Lotto\" \/><\/a><\/p>\n<h2>Wie Sie Ihren Oz Lottoschein online bezahlen<\/h2>\n<p>Sie k\u00f6nnen aus mehreren verschiedenen, absolut sicheren Optionen w\u00e4hlen, wenn es darum geht, Ihren Oz Lottoschein zu bezahlen.<br \/>\nJede davon passt in zwei verschiedene Kategorien:<\/p>\n<ul>\n<li>Bezahlen Sie die Bestellung mit einer beliebigen Zahlungsmethode<\/li>\n<li>Geld auf Ihr aktuelles Spielerkonto einzahlen und dieses Geld f\u00fcr den Kauf verwenden<\/li>\n<\/ul>\n<p>Achten Sie darauf, dass Sie mehr Geld einzahlen, als Sie f\u00fcr den Kauf ben\u00f6tigen, wenn Sie Ihr Spielerkonto verwenden wollen.<\/p>\n<h2>Mehr Informationen \u00fcber Oz Lotto<\/h2>\n<ul>\n<li>Land: Australien<img loading=\"lazy\" decoding=\"async\" class=\"alignright wp-image-3659\" src=\"https:\/\/onlinelotto365.com\/wp-content\/uploads\/2020\/11\/online_lottery-4-300x300.jpg\" alt=\"Oz Lotto aus Deutschland\" width=\"246\" height=\"246\" srcset=\"https:\/\/onlinelotto365.com\/wp-content\/uploads\/2020\/11\/online_lottery-4-300x300.jpg 300w, https:\/\/onlinelotto365.com\/wp-content\/uploads\/2020\/11\/online_lottery-4-100x100.jpg 100w, https:\/\/onlinelotto365.com\/wp-content\/uploads\/2020\/11\/online_lottery-4-150x150.jpg 150w, https:\/\/onlinelotto365.com\/wp-content\/uploads\/2020\/11\/online_lottery-4.jpg 320w\" sizes=\"auto, (max-width: 246px) 100vw, 246px\" \/><\/li>\n<li>Hauptnummernbereich: 45<\/li>\n<li>Sie w\u00e4hlen: 7<\/li>\n<li>Ziehungstage, Stunden: Dienstag, 21:30 GMT+11, 10:30 CET<\/li>\n<li>Minimaler Jackpot: AU$ 2 Millionen<\/li>\n<li>Maximaler Jackpot: keiner<\/li>\n<li>Wahrscheinlichkeit, den Jackpot zu gewinnen: 1 zu 45379620<\/li>\n<li>Wahrscheinlichkeit f\u00fcr einen Stufe-2-Gewinn: 1 zu 3241401<\/li>\n<li>Wahrscheinlichkeit, in jeder Stufe zu gewinnen: 1 zu 54,59<\/li>\n<li>Anzahl der Gewinnstufen: 7<\/li>\n<\/ul>\n<h2>Vorteile des Online-Kaufs von Oz Lottoscheinen<\/h2>\n<ul>\n<li>Sie m\u00fcssen Ihr Haus nicht verlassen, um <a href=\"https:\/\/onlinelotto365.com\/de\/lose-kaufen\">Ihre Scheine auszusuchen<\/a><\/li>\n<li>Sie k\u00f6nnen zwischen vielen verschiedenen Optionen w\u00e4hlen<\/li>\n<li>Sehen Sie sich die Jackpot-Betr\u00e4ge an, um zu entscheiden, welche Lotterie Sie kaufen m\u00f6chten<\/li>\n<li>Gelden Sie Geld direkt auf Ihr Spielerkonto und verwenden Sie es, um Ihre Scheine zu kaufen<\/li>\n<li>Sorgen Sie sich niemals um den Verlust Ihrer Scheine<\/li>\n<li>Benachrichtigungen erhalten, wenn Sie etwas gewinnen<\/li>\n<li>Nutzen Sie die Schnellwahloption, um Tickets zu erhalten, ohne Ihre eigenen Zahlen auszuw\u00e4hlen<\/li>\n<\/ul>\n<h2>Ist es legal, Oz Lottoscheine online zu kaufen?<\/h2>\n<p>Vielleicht sind Sie sich unsicher, <strong>ob es in Ihrem Wohnsitzland erlaubt ist, Lottoscheine online<\/strong> oder sogar auf traditionelle Art und Weise zu kaufen. Nun, Sie brauchen sich keine Sorgen zu machen, ob in Deutschland oder anderswo, denn wir k\u00fcmmern uns um die Dinge, wenn es um die Bestimmungen f\u00fcr das Land geht, in dem das Spiel gespielt wird. Sie m\u00fcssen sich nicht darum k\u00fcmmern, ob es legal ist, den von uns angebotenen Service zu nutzen, solange Sie mindestens 18 Jahre alt sind. Wir stellen sicher, dass Sie bezahlt werden, egal was passiert.<\/p>\n<h2>Wie werde ich bezahlt, wenn ich Oz Lotto online gewinne?<\/h2>\n<p>Zahlungen sind ein wichtiger Teil des Prozesses, wenn es um Ihr Lottospiel geht. Wir wollen sicherstellen, dass Sie Ihr ganzes Geld bekommen und deshalb stellen wir sicher, dass Ihnen keine Provision berechnet wird, wenn Sie etwas gewinnen.<\/p>\n<p>Es werden Ihnen auch keine Geb\u00fchren in Rechnung gestellt, es sei denn, Sie entscheiden sich f\u00fcr eine Bank\u00fcberweisung, um Ihr Geld auf Ihr Konto zu bekommen. In diesem Fall wird Ihnen m\u00f6glicherweise eine Geb\u00fchr in H\u00f6he der von der Bank f\u00fcr die \u00dcberweisung erhobenen Geb\u00fchren berechnet.<\/p>\n<p>Ansonsten sollten Sie Folgendes beachten:<\/p>\n<ul>\n<li>Wenn Sie weniger als \u20ac2500 gewinnen, wird das Geld automatisch auf Ihr Konto eingezahlt. Sie m\u00fcssen sich dann um nichts k\u00fcmmern<\/li>\n<li>Wenn Sie mehr als \u20ac2500 gewinnen, muss das Geld durch die richtigen Kan\u00e4le gehen. Das bedeutet, dass Sie eine E-Mail von uns erhalten, in der wir Sie bitten, ein Antragsformular bei der Lotteriekommission auszuf\u00fcllen. Dann wird das Geld auf Ihr Bankkonto \u00fcberwiesen oder es wird per Scheck direkt an Sie geschickt.<\/li>\n<\/ul>\n","protected":false},"excerpt":{"rendered":"<p>Sie haben Gl\u00fcck, denn wir haben den Prozess durchlaufen, was Sie tun m\u00fcssen, um ihre Oz Lottoscheine genau hier zu bekommen, und auch von Deutschland aus. Sie k\u00f6nnen ganz einfach online kaufen, wenn Sie nur diesen einfachen Schritten folgen, die wir f\u00fcr Sie festgelegt haben. Gehen Sie auf die Seite der Lotterie, die Sie spielen [&hellip;]<\/p>\n","protected":false},"author":1,"featured_media":0,"parent":3805,"menu_order":14,"comment_status":"closed","ping_status":"closed","template":"template-rightsidebar.php","meta":{"_et_pb_use_builder":"","_et_pb_old_content":"","_et_gb_content_width":"","exclude_from_search":false,"footnotes":""},"class_list":["post-11351","page","type-page","status-publish","hentry"],"yoast_head":"<!-- This site is optimized with the Yoast SEO plugin v23.4 - https:\/\/yoast.com\/wordpress\/plugins\/seo\/ -->\n<title>Online-Scheine f\u00fcr Oz Lotto von Deutschland aus kaufen<\/title>\n<meta name=\"description\" content=\"Holen Sie sich Ihre Lose f\u00fcr das australische Oz-Lotto von Deutschland\" \/>\n<meta name=\"robots\" content=\"index, follow, max-snippet:-1, max-image-preview:large, max-video-preview:-1\" \/>\n<link rel=\"canonical\" href=\"https:\/\/onlinelotto365.com\/de\/lose-kaufen\/oz-lotto\/\" \/>\n<meta property=\"og:locale\" content=\"de_DE\" \/>\n<meta property=\"og:type\" content=\"article\" \/>\n<meta property=\"og:title\" content=\"Online-Scheine f\u00fcr Oz Lotto von Deutschland aus kaufen\" \/>\n<meta property=\"og:description\" content=\"Holen Sie sich Ihre Lose f\u00fcr das australische Oz-Lotto von Deutschland\" \/>\n<meta property=\"og:url\" content=\"https:\/\/onlinelotto365.com\/de\/lose-kaufen\/oz-lotto\/\" \/>\n<meta property=\"og:site_name\" content=\"OnlineLotto365\" \/>\n<meta property=\"article:modified_time\" content=\"2021-01-06T10:48:00+00:00\" \/>\n<meta property=\"og:image\" content=\"https:\/\/redfoxlotto.com\/image?size=8&amp;lottery=oz-lotto\" \/>\n<meta name=\"twitter:card\" content=\"summary_large_image\" \/>\n<meta name=\"twitter:label1\" content=\"Gesch\u00e4tzte Lesezeit\" \/>\n\t<meta name=\"twitter:data1\" content=\"3\u00a0Minuten\" \/>\n<script type=\"application\/ld+json\" class=\"yoast-schema-graph\">{\"@context\":\"https:\/\/schema.org\",\"@graph\":[{\"@type\":\"WebPage\",\"@id\":\"https:\/\/onlinelotto365.com\/de\/lose-kaufen\/oz-lotto\/\",\"url\":\"https:\/\/onlinelotto365.com\/de\/lose-kaufen\/oz-lotto\/\",\"name\":\"Online-Scheine f\u00fcr Oz Lotto von Deutschland aus kaufen\",\"isPartOf\":{\"@id\":\"https:\/\/onlinelotto365.com\/de\/#website\"},\"primaryImageOfPage\":{\"@id\":\"https:\/\/onlinelotto365.com\/de\/lose-kaufen\/oz-lotto\/#primaryimage\"},\"image\":{\"@id\":\"https:\/\/onlinelotto365.com\/de\/lose-kaufen\/oz-lotto\/#primaryimage\"},\"thumbnailUrl\":\"https:\/\/redfoxlotto.com\/image?size=8&amp;lottery=oz-lotto\",\"datePublished\":\"2020-12-19T08:55:51+00:00\",\"dateModified\":\"2021-01-06T10:48:00+00:00\",\"description\":\"Holen Sie sich Ihre Lose f\u00fcr das australische Oz-Lotto von Deutschland\",\"breadcrumb\":{\"@id\":\"https:\/\/onlinelotto365.com\/de\/lose-kaufen\/oz-lotto\/#breadcrumb\"},\"inLanguage\":\"de\",\"potentialAction\":[{\"@type\":\"ReadAction\",\"target\":[\"https:\/\/onlinelotto365.com\/de\/lose-kaufen\/oz-lotto\/\"]}]},{\"@type\":\"ImageObject\",\"inLanguage\":\"de\",\"@id\":\"https:\/\/onlinelotto365.com\/de\/lose-kaufen\/oz-lotto\/#primaryimage\",\"url\":\"https:\/\/redfoxlotto.com\/image?size=8&amp;lottery=oz-lotto\",\"contentUrl\":\"https:\/\/redfoxlotto.com\/image?size=8&amp;lottery=oz-lotto\"},{\"@type\":\"BreadcrumbList\",\"@id\":\"https:\/\/onlinelotto365.com\/de\/lose-kaufen\/oz-lotto\/#breadcrumb\",\"itemListElement\":[{\"@type\":\"ListItem\",\"position\":1,\"name\":\"Home\",\"item\":\"https:\/\/onlinelotto365.com\/de\/\"},{\"@type\":\"ListItem\",\"position\":2,\"name\":\"Warum es sinnvoller ist, Lotterielose online zu kaufen\",\"item\":\"https:\/\/onlinelotto365.com\/de\/lose-kaufen\/\"},{\"@type\":\"ListItem\",\"position\":3,\"name\":\"Wie man Oz-Lose online kauft\"}]},{\"@type\":\"WebSite\",\"@id\":\"https:\/\/onlinelotto365.com\/de\/#website\",\"url\":\"https:\/\/onlinelotto365.com\/de\/\",\"name\":\"OnlineLotto365\",\"description\":\"\",\"potentialAction\":[{\"@type\":\"SearchAction\",\"target\":{\"@type\":\"EntryPoint\",\"urlTemplate\":\"https:\/\/onlinelotto365.com\/de\/?s={search_term_string}\"},\"query-input\":{\"@type\":\"PropertyValueSpecification\",\"valueRequired\":true,\"valueName\":\"search_term_string\"}}],\"inLanguage\":\"de\"}]}<\/script>\n<!-- \/ Yoast SEO plugin. -->","yoast_head_json":{"title":"Online-Scheine f\u00fcr Oz Lotto von Deutschland aus kaufen","description":"Holen Sie sich Ihre Lose f\u00fcr das australische Oz-Lotto von Deutschland","robots":{"index":"index","follow":"follow","max-snippet":"max-snippet:-1","max-image-preview":"max-image-preview:large","max-video-preview":"max-video-preview:-1"},"canonical":"https:\/\/onlinelotto365.com\/de\/lose-kaufen\/oz-lotto\/","og_locale":"de_DE","og_type":"article","og_title":"Online-Scheine f\u00fcr Oz Lotto von Deutschland aus kaufen","og_description":"Holen Sie sich Ihre Lose f\u00fcr das australische Oz-Lotto von Deutschland","og_url":"https:\/\/onlinelotto365.com\/de\/lose-kaufen\/oz-lotto\/","og_site_name":"OnlineLotto365","article_modified_time":"2021-01-06T10:48:00+00:00","og_image":[{"url":"https:\/\/redfoxlotto.com\/image?size=8&amp;lottery=oz-lotto"}],"twitter_card":"summary_large_image","twitter_misc":{"Gesch\u00e4tzte Lesezeit":"3\u00a0Minuten"},"schema":{"@context":"https:\/\/schema.org","@graph":[{"@type":"WebPage","@id":"https:\/\/onlinelotto365.com\/de\/lose-kaufen\/oz-lotto\/","url":"https:\/\/onlinelotto365.com\/de\/lose-kaufen\/oz-lotto\/","name":"Online-Scheine f\u00fcr Oz Lotto von Deutschland aus kaufen","isPartOf":{"@id":"https:\/\/onlinelotto365.com\/de\/#website"},"primaryImageOfPage":{"@id":"https:\/\/onlinelotto365.com\/de\/lose-kaufen\/oz-lotto\/#primaryimage"},"image":{"@id":"https:\/\/onlinelotto365.com\/de\/lose-kaufen\/oz-lotto\/#primaryimage"},"thumbnailUrl":"https:\/\/redfoxlotto.com\/image?size=8&amp;lottery=oz-lotto","datePublished":"2020-12-19T08:55:51+00:00","dateModified":"2021-01-06T10:48:00+00:00","description":"Holen Sie sich Ihre Lose f\u00fcr das australische Oz-Lotto von Deutschland","breadcrumb":{"@id":"https:\/\/onlinelotto365.com\/de\/lose-kaufen\/oz-lotto\/#breadcrumb"},"inLanguage":"de","potentialAction":[{"@type":"ReadAction","target":["https:\/\/onlinelotto365.com\/de\/lose-kaufen\/oz-lotto\/"]}]},{"@type":"ImageObject","inLanguage":"de","@id":"https:\/\/onlinelotto365.com\/de\/lose-kaufen\/oz-lotto\/#primaryimage","url":"https:\/\/redfoxlotto.com\/image?size=8&amp;lottery=oz-lotto","contentUrl":"https:\/\/redfoxlotto.com\/image?size=8&amp;lottery=oz-lotto"},{"@type":"BreadcrumbList","@id":"https:\/\/onlinelotto365.com\/de\/lose-kaufen\/oz-lotto\/#breadcrumb","itemListElement":[{"@type":"ListItem","position":1,"name":"Home","item":"https:\/\/onlinelotto365.com\/de\/"},{"@type":"ListItem","position":2,"name":"Warum es sinnvoller ist, Lotterielose online zu kaufen","item":"https:\/\/onlinelotto365.com\/de\/lose-kaufen\/"},{"@type":"ListItem","position":3,"name":"Wie man Oz-Lose online kauft"}]},{"@type":"WebSite","@id":"https:\/\/onlinelotto365.com\/de\/#website","url":"https:\/\/onlinelotto365.com\/de\/","name":"OnlineLotto365","description":"","potentialAction":[{"@type":"SearchAction","target":{"@type":"EntryPoint","urlTemplate":"https:\/\/onlinelotto365.com\/de\/?s={search_term_string}"},"query-input":{"@type":"PropertyValueSpecification","valueRequired":true,"valueName":"search_term_string"}}],"inLanguage":"de"}]}},"_links":{"self":[{"href":"https:\/\/onlinelotto365.com\/de\/wp-json\/wp\/v2\/pages\/11351","targetHints":{"allow":["GET"]}}],"collection":[{"href":"https:\/\/onlinelotto365.com\/de\/wp-json\/wp\/v2\/pages"}],"about":[{"href":"https:\/\/onlinelotto365.com\/de\/wp-json\/wp\/v2\/types\/page"}],"author":[{"embeddable":true,"href":"https:\/\/onlinelotto365.com\/de\/wp-json\/wp\/v2\/users\/1"}],"replies":[{"embeddable":true,"href":"https:\/\/onlinelotto365.com\/de\/wp-json\/wp\/v2\/comments?post=11351"}],"version-history":[{"count":0,"href":"https:\/\/onlinelotto365.com\/de\/wp-json\/wp\/v2\/pages\/11351\/revisions"}],"up":[{"embeddable":true,"href":"https:\/\/onlinelotto365.com\/de\/wp-json\/wp\/v2\/pages\/3805"}],"wp:attachment":[{"href":"https:\/\/onlinelotto365.com\/de\/wp-json\/wp\/v2\/media?parent=11351"}],"curies":[{"name":"wp","href":"https:\/\/api.w.org\/{rel}","templated":true}]}}