{"id":11355,"date":"2020-12-19T09:59:07","date_gmt":"2020-12-19T08:59:07","guid":{"rendered":"http:\/\/onlinelotto365.net\/?page_id=11355"},"modified":"2021-01-11T10:23:11","modified_gmt":"2021-01-11T09:23:11","slug":"mon-wed-lotto-australia","status":"publish","type":"page","link":"https:\/\/onlinelotto365.com\/de\/lose-kaufen\/mon-wed-lotto-australia\/","title":{"rendered":"Wie man Mon &#038; Wed Lotto Australien Lose online kauft"},"content":{"rendered":"<p>Wir haben die verschiedenen Schritte aufgeschrieben, die Sie befolgen m\u00fcssen, wenn Sie <strong>Mon &amp; Wed Lotto Australia-Scheine<\/strong> auf unserer Website kaufen m\u00f6chten. Es ist einfach und leicht, und wenn Sie diese Schritte durchgehen, werden Sie feststellen, dass Sie Ihre Scheine schnell zur Hand haben.<\/p>\n<ul>\n<li>Gehen Sie auf die Seite der <a href=\"https:\/\/onlinelotto365.com\/de\/spielen\">Lotterie, die Sie spielen m\u00f6chten<\/a> und w\u00e4hlen Sie die Zahlen aus, die Sie auf den einzelnen Scheinen spielen m\u00f6chten<\/li>\n<li>F\u00fcgen Sie so viele Scheine f\u00fcr dieses oder ein anderes Spiel hinzu, wie Sie m\u00f6chten, um Ihre Bestellung zu erstellen<\/li>\n<li>W\u00e4hlen Sie die Option, jetzt zu bezahlen<\/li>\n<li>Loggen Sie sich in Ihr aktuelles Konto ein oder erstellen Sie ein neues Konto und registrieren Sie es<\/li>\n<li>Gehen Sie zu Ihrer E-Mail, um den Verifizierungslink zu erhalten, mit dem Sie Ihr Konto registrieren und einen Kauf t\u00e4tigen k\u00f6nnen<\/li>\n<li>\u00dcberpr\u00fcfen Sie Ihren Spam-Ordner, um zu sehen, ob die E-Mail versehentlich dorthin gesendet wurde, wenn Sie sie nicht in Ihrem Posteingang sehen<\/li>\n<li>Gehen Sie durch den Bestellvorgang in Ihrem Einkaufswagen<\/li>\n<li>W\u00e4hlen Sie die gew\u00fcnschte Zahlungsmethode und folgen Sie den Anweisungen, um Ihre Zahlung abzuwickeln<\/li>\n<\/ul>\n<p><a href=\"https:\/\/redfoxlotto.com\/de\/spielen\/monday-wednesday-lotto-au\/?ref=a8564250a2&amp;medium=ol365\" target=\"_blank\" rel=\"noopener noreferrer\"><img decoding=\"async\" class=\"aligncenter\" src=\"https:\/\/redfoxlotto.com\/image?size=8&amp;lottery=monday-wednesday-lotto-au\" alt=\"Mon &amp; Wed Lotto Australia\" \/><\/a><\/p>\n<h2>Wie Sie Ihren Mon &amp; Wed Lotto Australia Schein online bezahlen<\/h2>\n<p>Wenn es darum geht, eine Zahlung vorzunehmen, haben Sie mehrere verschiedene, v\u00f6llig sichere M\u00f6glichkeiten. Alles, was Sie tun m\u00fcssen, ist, sich hier umzuschauen und zu sehen, was einige dieser Optionen sein werden.<br \/>\nHolen Sie sich Ihre Scheine, indem Sie eine von zwei Optionen w\u00e4hlen:<\/p>\n<ul>\n<li>Direkt mit einer Zahlungsmethode Ihrer Wahl bezahlen<\/li>\n<li>Geld auf ein Spielerkonto einzahlen und dieses Konto zum Kauf Ihrer Tickets verwenden<\/li>\n<\/ul>\n<p>Machen Sie nicht den Fehler, zu wenig auf Ihr Konto einzuzahlen, um Ihre Tickets zu bezahlen. Sie brauchen etwas mehr als den Betrag Ihres Warenkorbs.<\/p>\n<h2>Mehr Informationen \u00fcber Mon &amp; Wed Lotto Australien<\/h2>\n<ul>\n<li>Land: Australien<\/li>\n<li>Hauptnummernbereich: 45<\/li>\n<li>Sie w\u00e4hlen: 6<\/li>\n<li>Ziehungstage, Stunden: Montag, Mittwoch, 21:30 GMT+11, 10:30 CET<\/li>\n<li>Minimaler Jackpot: AU$ 2,5 Millionen<\/li>\n<li>Maximaler Jackpot: fester Jackpot<\/li>\n<li>Wahrscheinlichkeit, den Jackpot zu gewinnen: 1 zu 8145060<\/li>\n<li>Wahrscheinlichkeit eines Stufe-2-Gewinns: 1 zu 678755<\/li>\n<li>Wahrscheinlichkeit, in jeder Stufe zu gewinnen: 1 zu 85,44<\/li>\n<li>Anzahl der Gewinnstufen: 6<\/li>\n<\/ul>\n<h2>Vorteile beim Kauf von Mon &amp; Wed Lotto Australia Scheinen online<\/h2>\n<ul>\n<li>Lottoscheine von zu Hause aus kaufen, ohne sich um das Ausgehen k\u00fcmmern zu m\u00fcssen<\/li>\n<li>W\u00e4hlen Sie aus all Ihren Lieblingsscheinen und noch einige mehr<\/li>\n<li>Gewinnen Sie <a href=\"https:\/\/onlinelotto365.com\/de\/news\/moeglichkeiten-lottozahlen-auszuwaehlen-die-gewinnen\">bessere Gewinnchancen, indem Sie Spiele mit den h\u00f6chsten Jackpotbetr\u00e4gen<\/a> ausw\u00e4hlen<\/li>\n<li>Nutzen Sie Ihr Kontoguthaben zum Kauf von Tickets durch Einzahlung von Geld<\/li>\n<li>Behalten Sie den \u00dcberblick \u00fcber Ihre Tickets durch ein Online-Konto<\/li>\n<li>Erhalten Sie Benachrichtigungen, wenn Sie einen Gewinnschein haben<\/li>\n<li>Nutzen Sie den Zufallszahlengenerator, um Tickets f\u00fcr Sie auszuw\u00e4hlen<\/li>\n<\/ul>\n<h2>Ist es legal, Mon &amp; Wed Lotto Australien Scheine online zu kaufen?<img loading=\"lazy\" decoding=\"async\" class=\"alignright wp-image-3685\" src=\"https:\/\/onlinelotto365.com\/wp-content\/uploads\/2020\/11\/online_lottery-4-300x192.jpeg\" alt=\"mon wed lotto Australia online\" width=\"255\" height=\"163\" srcset=\"https:\/\/onlinelotto365.com\/wp-content\/uploads\/2020\/11\/online_lottery-4-300x192.jpeg 300w, https:\/\/onlinelotto365.com\/wp-content\/uploads\/2020\/11\/online_lottery-4-600x383.jpeg 600w, https:\/\/onlinelotto365.com\/wp-content\/uploads\/2020\/11\/online_lottery-4.jpeg 751w\" sizes=\"auto, (max-width: 255px) 100vw, 255px\" \/><\/h2>\n<p>Viele Menschen machen sich Sorgen, dass der Online-Kauf von Lottoscheinen illegal ist oder dass der traditionelle Kauf von Lottoscheinen in ihrem Heimatland illegal sein k\u00f6nnte. Nun, wir stellen sicher, dass alle Vorschriften f\u00fcr das Land, aus dem die Lotterie selbst stammt, eingehalten werden. Wir stellen sicher, dass Sie Ihre Lotteriegewinne auch erhalten. Egal, ob Sie einen kleinen oder einen gro\u00dfen Preis gewinnen, wir helfen Ihnen, das zu bekommen, was Sie suchen und was Ihnen zusteht.<br \/>\nAlle Benutzer unserer Website m\u00fcssen <a href=\"https:\/\/onlinelotto365.com\/de\/news\/mindestalter-fuer-den-kauf-von-lottoscheinen\">mindestens 18 Jahre alt sein<\/a>.<\/p>\n<h2>Wie werde ich ausgezahlt, wenn ich Mon &amp; Wed Lotto Australia online gewinne?<\/h2>\n<p>Die Auszahlung von Gewinnen an unsere Kunden in Deutschland oder in anderen Teilen der Welt ist der wichtigste Teil des Prozesses und wir stellen sicher, dass es keine Provisionen gibt. Sie m\u00fcssen sich keine Sorgen machen, dass wir etwas von Ihren Gewinnen abziehen, es sei denn, Sie entscheiden sich f\u00fcr eine Bank\u00fcberweisung.<br \/>\nDiese Zahlungsmethode, besonders wenn es sich um eine internationale Transaktion handelt, k\u00f6nnte uns Kosten verursachen, wenn die Bank Geb\u00fchren erhebt. Wenn das passiert, k\u00f6nnen die Kosten an Sie weitergegeben und von Ihrem Gewinn abgezogen werden.<br \/>\nEs gibt zwei verschiedene M\u00f6glichkeiten, wie Zahlungen vorgenommen werden k\u00f6nnen.<\/p>\n<ul>\n<li>Auszahlungen, die unter \u20ac2500 liegen, werden ohne Ihr Zutun vorgenommen. Unser Team sorgt daf\u00fcr, dass das Geld direkt auf Ihr Konto \u00fcberwiesen wird.<\/li>\n<li>Gewinnbetr\u00e4ge, die mehr als 2500 \u20ac betragen, werden anders verarbeitet. <strong>Diese Betr\u00e4ge m\u00fcssen mit der Lotteriekommission abgewickelt werden<\/strong> und das bedeutet, dass wir ein Antragsformular ausf\u00fcllen m\u00fcssen. Wir schicken Ihnen das Formular zu und alles was Sie tun m\u00fcssen, ist es auszuf\u00fcllen und uns mitzuteilen, ob Sie Ihr Geld per Bank\u00fcberweisung oder Scheck nach Deutschland schicken m\u00f6chten.<\/li>\n<\/ul>\n","protected":false},"excerpt":{"rendered":"<p>Wir haben die verschiedenen Schritte aufgeschrieben, die Sie befolgen m\u00fcssen, wenn Sie Mon &amp; Wed Lotto Australia-Scheine auf unserer Website kaufen m\u00f6chten. Es ist einfach und leicht, und wenn Sie diese Schritte durchgehen, werden Sie feststellen, dass Sie Ihre Scheine schnell zur Hand haben. Gehen Sie auf die Seite der Lotterie, die Sie spielen m\u00f6chten [&hellip;]<\/p>\n","protected":false},"author":1,"featured_media":0,"parent":3805,"menu_order":16,"comment_status":"closed","ping_status":"closed","template":"template-rightsidebar.php","meta":{"_et_pb_use_builder":"","_et_pb_old_content":"","_et_gb_content_width":"","exclude_from_search":false,"footnotes":""},"class_list":["post-11355","page","type-page","status-publish","hentry"],"yoast_head":"<!-- This site is optimized with the Yoast SEO plugin v23.4 - https:\/\/yoast.com\/wordpress\/plugins\/seo\/ -->\n<title>Online-Scheinkauf f\u00fcr Mon &amp; Wed Lotto Australien<\/title>\n<meta name=\"description\" content=\"Egal, wo Sie leben, und egal, was Sie suchen, Sie k\u00f6nnen hier Mon &amp; Wed Lotto Australien Lose erwerben!\" \/>\n<meta name=\"robots\" content=\"index, follow, max-snippet:-1, max-image-preview:large, max-video-preview:-1\" \/>\n<link rel=\"canonical\" href=\"https:\/\/onlinelotto365.com\/de\/lose-kaufen\/mon-wed-lotto-australia\/\" \/>\n<meta property=\"og:locale\" content=\"de_DE\" \/>\n<meta property=\"og:type\" content=\"article\" \/>\n<meta property=\"og:title\" content=\"Online-Scheinkauf f\u00fcr Mon &amp; Wed Lotto Australien\" \/>\n<meta property=\"og:description\" content=\"Egal, wo Sie leben, und egal, was Sie suchen, Sie k\u00f6nnen hier Mon &amp; Wed Lotto Australien Lose erwerben!\" \/>\n<meta property=\"og:url\" content=\"https:\/\/onlinelotto365.com\/de\/lose-kaufen\/mon-wed-lotto-australia\/\" \/>\n<meta property=\"og:site_name\" content=\"OnlineLotto365\" \/>\n<meta property=\"article:modified_time\" content=\"2021-01-11T09:23:11+00:00\" \/>\n<meta property=\"og:image\" content=\"https:\/\/redfoxlotto.com\/image?size=8&amp;lottery=monday-wednesday-lotto-au\" \/>\n<meta name=\"twitter:card\" content=\"summary_large_image\" \/>\n<meta name=\"twitter:label1\" content=\"Gesch\u00e4tzte Lesezeit\" \/>\n\t<meta name=\"twitter:data1\" content=\"4\u00a0Minuten\" \/>\n<script type=\"application\/ld+json\" class=\"yoast-schema-graph\">{\"@context\":\"https:\/\/schema.org\",\"@graph\":[{\"@type\":\"WebPage\",\"@id\":\"https:\/\/onlinelotto365.com\/de\/lose-kaufen\/mon-wed-lotto-australia\/\",\"url\":\"https:\/\/onlinelotto365.com\/de\/lose-kaufen\/mon-wed-lotto-australia\/\",\"name\":\"Online-Scheinkauf f\u00fcr Mon & Wed Lotto Australien\",\"isPartOf\":{\"@id\":\"https:\/\/onlinelotto365.com\/de\/#website\"},\"primaryImageOfPage\":{\"@id\":\"https:\/\/onlinelotto365.com\/de\/lose-kaufen\/mon-wed-lotto-australia\/#primaryimage\"},\"image\":{\"@id\":\"https:\/\/onlinelotto365.com\/de\/lose-kaufen\/mon-wed-lotto-australia\/#primaryimage\"},\"thumbnailUrl\":\"https:\/\/redfoxlotto.com\/image?size=8&amp;lottery=monday-wednesday-lotto-au\",\"datePublished\":\"2020-12-19T08:59:07+00:00\",\"dateModified\":\"2021-01-11T09:23:11+00:00\",\"description\":\"Egal, wo Sie leben, und egal, was Sie suchen, Sie k\u00f6nnen hier Mon & Wed Lotto Australien Lose erwerben!\",\"breadcrumb\":{\"@id\":\"https:\/\/onlinelotto365.com\/de\/lose-kaufen\/mon-wed-lotto-australia\/#breadcrumb\"},\"inLanguage\":\"de\",\"potentialAction\":[{\"@type\":\"ReadAction\",\"target\":[\"https:\/\/onlinelotto365.com\/de\/lose-kaufen\/mon-wed-lotto-australia\/\"]}]},{\"@type\":\"ImageObject\",\"inLanguage\":\"de\",\"@id\":\"https:\/\/onlinelotto365.com\/de\/lose-kaufen\/mon-wed-lotto-australia\/#primaryimage\",\"url\":\"https:\/\/redfoxlotto.com\/image?size=8&amp;lottery=monday-wednesday-lotto-au\",\"contentUrl\":\"https:\/\/redfoxlotto.com\/image?size=8&amp;lottery=monday-wednesday-lotto-au\"},{\"@type\":\"BreadcrumbList\",\"@id\":\"https:\/\/onlinelotto365.com\/de\/lose-kaufen\/mon-wed-lotto-australia\/#breadcrumb\",\"itemListElement\":[{\"@type\":\"ListItem\",\"position\":1,\"name\":\"Home\",\"item\":\"https:\/\/onlinelotto365.com\/de\/\"},{\"@type\":\"ListItem\",\"position\":2,\"name\":\"Warum es sinnvoller ist, Lotterielose online zu kaufen\",\"item\":\"https:\/\/onlinelotto365.com\/de\/lose-kaufen\/\"},{\"@type\":\"ListItem\",\"position\":3,\"name\":\"Wie man Mon &#038; Wed Lotto Australien Lose online kauft\"}]},{\"@type\":\"WebSite\",\"@id\":\"https:\/\/onlinelotto365.com\/de\/#website\",\"url\":\"https:\/\/onlinelotto365.com\/de\/\",\"name\":\"OnlineLotto365\",\"description\":\"\",\"potentialAction\":[{\"@type\":\"SearchAction\",\"target\":{\"@type\":\"EntryPoint\",\"urlTemplate\":\"https:\/\/onlinelotto365.com\/de\/?s={search_term_string}\"},\"query-input\":{\"@type\":\"PropertyValueSpecification\",\"valueRequired\":true,\"valueName\":\"search_term_string\"}}],\"inLanguage\":\"de\"}]}<\/script>\n<!-- \/ Yoast SEO plugin. -->","yoast_head_json":{"title":"Online-Scheinkauf f\u00fcr Mon & Wed Lotto Australien","description":"Egal, wo Sie leben, und egal, was Sie suchen, Sie k\u00f6nnen hier Mon & Wed Lotto Australien Lose erwerben!","robots":{"index":"index","follow":"follow","max-snippet":"max-snippet:-1","max-image-preview":"max-image-preview:large","max-video-preview":"max-video-preview:-1"},"canonical":"https:\/\/onlinelotto365.com\/de\/lose-kaufen\/mon-wed-lotto-australia\/","og_locale":"de_DE","og_type":"article","og_title":"Online-Scheinkauf f\u00fcr Mon & Wed Lotto Australien","og_description":"Egal, wo Sie leben, und egal, was Sie suchen, Sie k\u00f6nnen hier Mon & Wed Lotto Australien Lose erwerben!","og_url":"https:\/\/onlinelotto365.com\/de\/lose-kaufen\/mon-wed-lotto-australia\/","og_site_name":"OnlineLotto365","article_modified_time":"2021-01-11T09:23:11+00:00","og_image":[{"url":"https:\/\/redfoxlotto.com\/image?size=8&amp;lottery=monday-wednesday-lotto-au"}],"twitter_card":"summary_large_image","twitter_misc":{"Gesch\u00e4tzte Lesezeit":"4\u00a0Minuten"},"schema":{"@context":"https:\/\/schema.org","@graph":[{"@type":"WebPage","@id":"https:\/\/onlinelotto365.com\/de\/lose-kaufen\/mon-wed-lotto-australia\/","url":"https:\/\/onlinelotto365.com\/de\/lose-kaufen\/mon-wed-lotto-australia\/","name":"Online-Scheinkauf f\u00fcr Mon & Wed Lotto Australien","isPartOf":{"@id":"https:\/\/onlinelotto365.com\/de\/#website"},"primaryImageOfPage":{"@id":"https:\/\/onlinelotto365.com\/de\/lose-kaufen\/mon-wed-lotto-australia\/#primaryimage"},"image":{"@id":"https:\/\/onlinelotto365.com\/de\/lose-kaufen\/mon-wed-lotto-australia\/#primaryimage"},"thumbnailUrl":"https:\/\/redfoxlotto.com\/image?size=8&amp;lottery=monday-wednesday-lotto-au","datePublished":"2020-12-19T08:59:07+00:00","dateModified":"2021-01-11T09:23:11+00:00","description":"Egal, wo Sie leben, und egal, was Sie suchen, Sie k\u00f6nnen hier Mon & Wed Lotto Australien Lose erwerben!","breadcrumb":{"@id":"https:\/\/onlinelotto365.com\/de\/lose-kaufen\/mon-wed-lotto-australia\/#breadcrumb"},"inLanguage":"de","potentialAction":[{"@type":"ReadAction","target":["https:\/\/onlinelotto365.com\/de\/lose-kaufen\/mon-wed-lotto-australia\/"]}]},{"@type":"ImageObject","inLanguage":"de","@id":"https:\/\/onlinelotto365.com\/de\/lose-kaufen\/mon-wed-lotto-australia\/#primaryimage","url":"https:\/\/redfoxlotto.com\/image?size=8&amp;lottery=monday-wednesday-lotto-au","contentUrl":"https:\/\/redfoxlotto.com\/image?size=8&amp;lottery=monday-wednesday-lotto-au"},{"@type":"BreadcrumbList","@id":"https:\/\/onlinelotto365.com\/de\/lose-kaufen\/mon-wed-lotto-australia\/#breadcrumb","itemListElement":[{"@type":"ListItem","position":1,"name":"Home","item":"https:\/\/onlinelotto365.com\/de\/"},{"@type":"ListItem","position":2,"name":"Warum es sinnvoller ist, Lotterielose online zu kaufen","item":"https:\/\/onlinelotto365.com\/de\/lose-kaufen\/"},{"@type":"ListItem","position":3,"name":"Wie man Mon &#038; Wed Lotto Australien Lose online kauft"}]},{"@type":"WebSite","@id":"https:\/\/onlinelotto365.com\/de\/#website","url":"https:\/\/onlinelotto365.com\/de\/","name":"OnlineLotto365","description":"","potentialAction":[{"@type":"SearchAction","target":{"@type":"EntryPoint","urlTemplate":"https:\/\/onlinelotto365.com\/de\/?s={search_term_string}"},"query-input":{"@type":"PropertyValueSpecification","valueRequired":true,"valueName":"search_term_string"}}],"inLanguage":"de"}]}},"_links":{"self":[{"href":"https:\/\/onlinelotto365.com\/de\/wp-json\/wp\/v2\/pages\/11355","targetHints":{"allow":["GET"]}}],"collection":[{"href":"https:\/\/onlinelotto365.com\/de\/wp-json\/wp\/v2\/pages"}],"about":[{"href":"https:\/\/onlinelotto365.com\/de\/wp-json\/wp\/v2\/types\/page"}],"author":[{"embeddable":true,"href":"https:\/\/onlinelotto365.com\/de\/wp-json\/wp\/v2\/users\/1"}],"replies":[{"embeddable":true,"href":"https:\/\/onlinelotto365.com\/de\/wp-json\/wp\/v2\/comments?post=11355"}],"version-history":[{"count":0,"href":"https:\/\/onlinelotto365.com\/de\/wp-json\/wp\/v2\/pages\/11355\/revisions"}],"up":[{"embeddable":true,"href":"https:\/\/onlinelotto365.com\/de\/wp-json\/wp\/v2\/pages\/3805"}],"wp:attachment":[{"href":"https:\/\/onlinelotto365.com\/de\/wp-json\/wp\/v2\/media?parent=11355"}],"curies":[{"name":"wp","href":"https:\/\/api.w.org\/{rel}","templated":true}]}}