{"id":11743,"date":"2020-12-20T16:49:01","date_gmt":"2020-12-20T15:49:01","guid":{"rendered":"http:\/\/onlinelotto365.net\/?page_id=11743"},"modified":"2021-01-11T10:23:12","modified_gmt":"2021-01-11T09:23:12","slug":"mega-sena","status":"publish","type":"page","link":"https:\/\/onlinelotto365.com\/de\/spielen\/mega-sena\/","title":{"rendered":"Wie man als Deutscher Mega Sena spielen kann"},"content":{"rendered":"<p>Unser Service erm\u00f6glicht es Ihnen derzeit, Lotteriescheine f\u00fcr 15 verschiedene gro\u00dfe Lotterien aus der ganzen Welt zu kaufen. Wir sind stolz darauf, unseren Spielern<strong> die M\u00f6glichkeit zu bieten, die brasilianische Mega Sena-Lotterie online zu spielen<\/strong>. Wie bei allen gro\u00dfen Lotterien mussten Sie bisher in dem Land oder Gebiet leben, in dem die jeweilige Lotterie durchgef\u00fchrt wurde, und zu einer dortigen Lottoannahmestelle reisen, um <a href=\"https:\/\/onlinelotto365.com\/de\/lose-kaufen\">Ihre Spielscheine<\/a> zu kaufen.<\/p>\n<p>Dies ist nun jedoch nicht mehr der Fall, da Sie auch von Deutschland aus spielen k\u00f6nnen und so viele Lottoscheine, wie Sie m\u00f6chten, und f\u00fcr so viele verschiedene Lotterien wie Sie m\u00f6chten, direkt von Ihrem eigenen Computer aus online kaufen k\u00f6nnen.<\/p>\n<p>Nun, da dieser neue Tag in der Welt des Lottospiels angebrochen ist, haben die Spieler gesprochen, und was sie sich gew\u00fcnscht haben, ist eine gro\u00dfe Auswahl an verschiedenen Lotterien. Also bringen wir Ihnen das Beste davon zu Ihnen nach Hause. Darunter ist auch das Mega-Sena Lotto, die gr\u00f6\u00dfte Lotterie Brasiliens.<\/p>\n<p><a href=\"https:\/\/redfoxlotto.com\/de\/spielen\/mega-sena\/?ref=a8564250a2&amp;medium=ol365\" target=\"_blank\" rel=\"noopener noreferrer\"><img decoding=\"async\" class=\"aligncenter\" src=\"https:\/\/redfoxlotto.com\/image?size=8&amp;lottery=mega-sena\" alt=\" mega-sena \" \/><\/a><\/p>\n<h2>\u00dcber Mega-Sena<\/h2>\n<ul>\n<li>Land: Brasilien<\/li>\n<li>Hauptnummernbereich: 60<\/li>\n<li>Sie w\u00e4hlen: 6<\/li>\n<li>Zusatzzahlenbereich: keine<\/li>\n<li>Sie w\u00e4hlen: keine<\/li>\n<li>Ziehungstage, Stunden: Mittwoch, Samstag, 20:00 GMT -3, 24:00 CET<\/li>\n<li>Minimaler Jackpot: R$ 2 Millionen<\/li>\n<li>Maximaler Jackpot: keine Kappung<\/li>\n<li>Wahrscheinlichkeit, den Jackpot zu gewinnen: 1 zu 50.063.860<\/li>\n<li>Wahrscheinlichkeit eines Stufe-2-Gewinns: 1 zu 15.451.809<\/li>\n<li>Wahrscheinlichkeit, in jeder Stufe zu gewinnen: 1 in 2297,56<\/li>\n<li>Anzahl der Gewinnstufen: 3<\/li>\n<\/ul>\n<p>Die Ziehungen f\u00fcr die Mega-Sena finden mittwochs und samstags statt. Damit haben Sie zwei <a href=\"https:\/\/onlinelotto365.com\/de\/news\/moeglichkeiten-lottozahlen-auszuwaehlen-die-gewinnen\">mehr Gewinnchancen als bei allen anderen Lotterien<\/a>, die Sie jetzt spielen. Bei uns haben Sie eine gro\u00dfe Auswahl, und alle sind es wert, gespielt zu werden, auch die Mega-Sena.<\/p>\n<p>Um das Mega-Sena-Lotto zu spielen, w\u00e4hlen die Spieler 6 Zahlen von 1 bis 60. Wenn man alle 6 Zahlen richtig hat, gewinnt man den Jackpot, der immer mindestens mehrere Millionen Dollar betr\u00e4gt und oft noch viel h\u00f6her ist.<br \/>\nAllerdings ist das Mega-Sena <strong>einzigartig von allen anderen Lotterien auf der Welt<\/strong>, da es nicht nur 60 Kugeln mit verschiedenen Zahlen darauf gibt. Es gibt zwei verschiedene Trommeln, eine mit 0 bis 5 und die zweite von 0 bis 9. Sie ziehen dann die Ziffern eine nach der anderen.<\/p>\n<p>Wenn sie z. B. eine 2 aus der ersten Trommel ziehen und dann eine 9 aus der zweiten Trommel ziehen, dann ist die gezogene Zahl 29. Sobald eine einstellige Zahl gezogen wird, wird sie nicht mehr in die Trommel zur\u00fcckgelegt. Wir wissen jetzt also, dass genau eine einstellige Zahl gezogen wird, es sei denn, 00 wird gezogen, was als 60 gilt, eine, die mit 1 beginnt, eine, die mit 2 beginnt, und so weiter. Dies ist also eine interessante Wendung und macht das Gewinnen tats\u00e4chlich einfacher, vorausgesetzt, Sie halten sich an diese Strategie.<\/p>\n<p>Wenn Sie alle 6 Zahlen richtig tippen, gewinnen Sie den Jackpot, w\u00e4hrend Sie mit 4 oder 5 richtigen Zahlen einen zweiten Preis gewinnen. Wie es bei nationalen Lotterien oft der Fall ist, gehen die <strong>Gewinne aus dem Mega-Sena Lotto an soziale Programme<\/strong>, und in der Tat ist das brasilianische Volk stark auf diese Spenden angewiesen. Obwohl wir also nicht aus Brasilien kommen und daher nicht direkt davon profitieren, ist es gro\u00dfartig zu wissen, dass wir definitiv etwas Gutes tun, indem wir das Mega-Sena spielen, zus\u00e4tzlich zu all dem Spa\u00df, den wir dabei haben.<\/p>\n<h2>Lotterien sind die weltweit beliebteste Form des Gl\u00fccksspiels<\/h2>\n<p>Es ist nicht sehr schwer, herauszufinden, warum Lotterien die weltweit beliebteste Form des Gl\u00fccksspiels sind. Es liegt nicht einmal daran, dass sie so leicht zug\u00e4nglich sind, obwohl das sicherlich hilfreich ist. Der wahre Grund ist die Aufregung, die die M\u00f6glichkeit, monstr\u00f6se Geldbetr\u00e4ge zu gewinnen, mit sich bringt.<\/p>\n<p>Es scheint auch, dass unser Appetit auf diese <strong>gro\u00dfen Jackpots<\/strong> in der Tat ziemlich gro\u00df ist. Wenn Sie jemals miterlebt haben, welche Begeisterung <a href=\"https:\/\/onlinelotto365.com\/de\/news\/groesste-lotterie-jackpots-in-der-geschichte\">wenn Jackpots auf enorme Betr\u00e4ge anwachsen<\/a>, erzeugt wird, und wie viel mehr Tickets f\u00fcr diese verkauft werden, mit den viel l\u00e4ngeren Warteschlangen, die damit einhergehen, dann wissen Sie, dass dies alles wahr ist.<\/p>\n<p>Warum sollten die Leute nicht begeistert sein, wenn sie die Chance haben, genug Geld zu gewinnen, um sich ein Leben in Luxus und Opulenz leisten zu k\u00f6nnen? F\u00fcr die \u00fcberw\u00e4ltigende Mehrheit von uns ist dies die einzige Chance, die wir jemals f\u00fcr diesen Lebensstil haben werden. Gew\u00f6hnliche Menschen wie wir gewinnen jedoch diese gigantischen Summen, und man wei\u00df nie, ob und wann man selbst an der Reihe ist.<\/p>\n<p><strong>Alleine der Akt des Spielens bereitet den Leuten eine Menge Freude<\/strong>, und auch wenn Ihre Chancen, auf diese Weise eine Menge Geld zu gewinnen, sehr gering sind, ist die Chance dennoch da. Wenn Sie nicht spielen, kommen Sie nicht zum Tr\u00e4umen, und Sie genie\u00dfen nicht den Gedanken, dass Ihnen das alles m\u00f6glicherweise passiert.<\/p>\n<p>Nat\u00fcrlich m\u00fcssen Sie nicht den Jackpot knacken, um bei Lotterien Geld zu gewinnen, und die Spieler gewinnen immer wieder kleinere Preise. Einige dieser kleineren Preise sind in der Tat gar nicht so klein. Es gibt <strong>viele verschiedene M\u00f6glichkeiten, beim Lottospielen Geld zu gewinnen<\/strong>, und jedes Mal, wenn Sie abkassieren, ist es immer sehr sch\u00f6n.<\/p>\n","protected":false},"excerpt":{"rendered":"<p>Unser Service erm\u00f6glicht es Ihnen derzeit, Lotteriescheine f\u00fcr 15 verschiedene gro\u00dfe Lotterien aus der ganzen Welt zu kaufen. Wir sind stolz darauf, unseren Spielern die M\u00f6glichkeit zu bieten, die brasilianische Mega Sena-Lotterie online zu spielen. Wie bei allen gro\u00dfen Lotterien mussten Sie bisher in dem Land oder Gebiet leben, in dem die jeweilige Lotterie durchgef\u00fchrt [&hellip;]<\/p>\n","protected":false},"author":1,"featured_media":0,"parent":5018,"menu_order":12,"comment_status":"closed","ping_status":"closed","template":"megasena.php","meta":{"_et_pb_use_builder":"","_et_pb_old_content":"","_et_gb_content_width":"","exclude_from_search":false,"footnotes":""},"class_list":["post-11743","page","type-page","status-publish","hentry"],"yoast_head":"<!-- This site is optimized with the Yoast SEO plugin v23.4 - https:\/\/yoast.com\/wordpress\/plugins\/seo\/ -->\n<title>Spielen Sie Mega-Sena online von Deutschland aus | Kann ich an Mega-Sena teilnehmen, wenn ich in Deutschland lebe?<\/title>\n<meta name=\"description\" content=\"Unser Online-Losdienst macht es Lottofans aus Deutschland leicht, Mega-Sena online zu spielen\" \/>\n<meta name=\"robots\" content=\"index, follow, max-snippet:-1, max-image-preview:large, max-video-preview:-1\" \/>\n<link rel=\"canonical\" href=\"https:\/\/onlinelotto365.com\/de\/spielen\/mega-sena\/\" \/>\n<meta property=\"og:locale\" content=\"de_DE\" \/>\n<meta property=\"og:type\" content=\"article\" \/>\n<meta property=\"og:title\" content=\"Spielen Sie Mega-Sena online von Deutschland aus | Kann ich an Mega-Sena teilnehmen, wenn ich in Deutschland lebe?\" \/>\n<meta property=\"og:description\" content=\"Unser Online-Losdienst macht es Lottofans aus Deutschland leicht, Mega-Sena online zu spielen\" \/>\n<meta property=\"og:url\" content=\"https:\/\/onlinelotto365.com\/de\/spielen\/mega-sena\/\" \/>\n<meta property=\"og:site_name\" content=\"OnlineLotto365\" \/>\n<meta property=\"article:modified_time\" content=\"2021-01-11T09:23:12+00:00\" \/>\n<meta property=\"og:image\" content=\"https:\/\/redfoxlotto.com\/image?size=8&amp;lottery=mega-sena\" \/>\n<meta name=\"twitter:card\" content=\"summary_large_image\" \/>\n<meta name=\"twitter:label1\" content=\"Gesch\u00e4tzte Lesezeit\" \/>\n\t<meta name=\"twitter:data1\" content=\"4\u00a0Minuten\" \/>\n<script type=\"application\/ld+json\" class=\"yoast-schema-graph\">{\"@context\":\"https:\/\/schema.org\",\"@graph\":[{\"@type\":\"WebPage\",\"@id\":\"https:\/\/onlinelotto365.com\/de\/spielen\/mega-sena\/\",\"url\":\"https:\/\/onlinelotto365.com\/de\/spielen\/mega-sena\/\",\"name\":\"Spielen Sie Mega-Sena online von Deutschland aus | Kann ich an Mega-Sena teilnehmen, wenn ich in Deutschland lebe?\",\"isPartOf\":{\"@id\":\"https:\/\/onlinelotto365.com\/de\/#website\"},\"primaryImageOfPage\":{\"@id\":\"https:\/\/onlinelotto365.com\/de\/spielen\/mega-sena\/#primaryimage\"},\"image\":{\"@id\":\"https:\/\/onlinelotto365.com\/de\/spielen\/mega-sena\/#primaryimage\"},\"thumbnailUrl\":\"https:\/\/redfoxlotto.com\/image?size=8&amp;lottery=mega-sena\",\"datePublished\":\"2020-12-20T15:49:01+00:00\",\"dateModified\":\"2021-01-11T09:23:12+00:00\",\"description\":\"Unser Online-Losdienst macht es Lottofans aus Deutschland leicht, Mega-Sena online zu spielen\",\"breadcrumb\":{\"@id\":\"https:\/\/onlinelotto365.com\/de\/spielen\/mega-sena\/#breadcrumb\"},\"inLanguage\":\"de\",\"potentialAction\":[{\"@type\":\"ReadAction\",\"target\":[\"https:\/\/onlinelotto365.com\/de\/spielen\/mega-sena\/\"]}]},{\"@type\":\"ImageObject\",\"inLanguage\":\"de\",\"@id\":\"https:\/\/onlinelotto365.com\/de\/spielen\/mega-sena\/#primaryimage\",\"url\":\"https:\/\/redfoxlotto.com\/image?size=8&amp;lottery=mega-sena\",\"contentUrl\":\"https:\/\/redfoxlotto.com\/image?size=8&amp;lottery=mega-sena\"},{\"@type\":\"BreadcrumbList\",\"@id\":\"https:\/\/onlinelotto365.com\/de\/spielen\/mega-sena\/#breadcrumb\",\"itemListElement\":[{\"@type\":\"ListItem\",\"position\":1,\"name\":\"Home\",\"item\":\"https:\/\/onlinelotto365.com\/de\/\"},{\"@type\":\"ListItem\",\"position\":2,\"name\":\"Alles, was Sie wissen m\u00fcssen, um die besten Lotterien online zu spielen\",\"item\":\"https:\/\/onlinelotto365.com\/de\/spielen\/\"},{\"@type\":\"ListItem\",\"position\":3,\"name\":\"Wie man als Deutscher Mega Sena spielen kann\"}]},{\"@type\":\"WebSite\",\"@id\":\"https:\/\/onlinelotto365.com\/de\/#website\",\"url\":\"https:\/\/onlinelotto365.com\/de\/\",\"name\":\"OnlineLotto365\",\"description\":\"\",\"potentialAction\":[{\"@type\":\"SearchAction\",\"target\":{\"@type\":\"EntryPoint\",\"urlTemplate\":\"https:\/\/onlinelotto365.com\/de\/?s={search_term_string}\"},\"query-input\":{\"@type\":\"PropertyValueSpecification\",\"valueRequired\":true,\"valueName\":\"search_term_string\"}}],\"inLanguage\":\"de\"}]}<\/script>\n<!-- \/ Yoast SEO plugin. -->","yoast_head_json":{"title":"Spielen Sie Mega-Sena online von Deutschland aus | Kann ich an Mega-Sena teilnehmen, wenn ich in Deutschland lebe?","description":"Unser Online-Losdienst macht es Lottofans aus Deutschland leicht, Mega-Sena online zu spielen","robots":{"index":"index","follow":"follow","max-snippet":"max-snippet:-1","max-image-preview":"max-image-preview:large","max-video-preview":"max-video-preview:-1"},"canonical":"https:\/\/onlinelotto365.com\/de\/spielen\/mega-sena\/","og_locale":"de_DE","og_type":"article","og_title":"Spielen Sie Mega-Sena online von Deutschland aus | Kann ich an Mega-Sena teilnehmen, wenn ich in Deutschland lebe?","og_description":"Unser Online-Losdienst macht es Lottofans aus Deutschland leicht, Mega-Sena online zu spielen","og_url":"https:\/\/onlinelotto365.com\/de\/spielen\/mega-sena\/","og_site_name":"OnlineLotto365","article_modified_time":"2021-01-11T09:23:12+00:00","og_image":[{"url":"https:\/\/redfoxlotto.com\/image?size=8&amp;lottery=mega-sena"}],"twitter_card":"summary_large_image","twitter_misc":{"Gesch\u00e4tzte Lesezeit":"4\u00a0Minuten"},"schema":{"@context":"https:\/\/schema.org","@graph":[{"@type":"WebPage","@id":"https:\/\/onlinelotto365.com\/de\/spielen\/mega-sena\/","url":"https:\/\/onlinelotto365.com\/de\/spielen\/mega-sena\/","name":"Spielen Sie Mega-Sena online von Deutschland aus | Kann ich an Mega-Sena teilnehmen, wenn ich in Deutschland lebe?","isPartOf":{"@id":"https:\/\/onlinelotto365.com\/de\/#website"},"primaryImageOfPage":{"@id":"https:\/\/onlinelotto365.com\/de\/spielen\/mega-sena\/#primaryimage"},"image":{"@id":"https:\/\/onlinelotto365.com\/de\/spielen\/mega-sena\/#primaryimage"},"thumbnailUrl":"https:\/\/redfoxlotto.com\/image?size=8&amp;lottery=mega-sena","datePublished":"2020-12-20T15:49:01+00:00","dateModified":"2021-01-11T09:23:12+00:00","description":"Unser Online-Losdienst macht es Lottofans aus Deutschland leicht, Mega-Sena online zu spielen","breadcrumb":{"@id":"https:\/\/onlinelotto365.com\/de\/spielen\/mega-sena\/#breadcrumb"},"inLanguage":"de","potentialAction":[{"@type":"ReadAction","target":["https:\/\/onlinelotto365.com\/de\/spielen\/mega-sena\/"]}]},{"@type":"ImageObject","inLanguage":"de","@id":"https:\/\/onlinelotto365.com\/de\/spielen\/mega-sena\/#primaryimage","url":"https:\/\/redfoxlotto.com\/image?size=8&amp;lottery=mega-sena","contentUrl":"https:\/\/redfoxlotto.com\/image?size=8&amp;lottery=mega-sena"},{"@type":"BreadcrumbList","@id":"https:\/\/onlinelotto365.com\/de\/spielen\/mega-sena\/#breadcrumb","itemListElement":[{"@type":"ListItem","position":1,"name":"Home","item":"https:\/\/onlinelotto365.com\/de\/"},{"@type":"ListItem","position":2,"name":"Alles, was Sie wissen m\u00fcssen, um die besten Lotterien online zu spielen","item":"https:\/\/onlinelotto365.com\/de\/spielen\/"},{"@type":"ListItem","position":3,"name":"Wie man als Deutscher Mega Sena spielen kann"}]},{"@type":"WebSite","@id":"https:\/\/onlinelotto365.com\/de\/#website","url":"https:\/\/onlinelotto365.com\/de\/","name":"OnlineLotto365","description":"","potentialAction":[{"@type":"SearchAction","target":{"@type":"EntryPoint","urlTemplate":"https:\/\/onlinelotto365.com\/de\/?s={search_term_string}"},"query-input":{"@type":"PropertyValueSpecification","valueRequired":true,"valueName":"search_term_string"}}],"inLanguage":"de"}]}},"_links":{"self":[{"href":"https:\/\/onlinelotto365.com\/de\/wp-json\/wp\/v2\/pages\/11743","targetHints":{"allow":["GET"]}}],"collection":[{"href":"https:\/\/onlinelotto365.com\/de\/wp-json\/wp\/v2\/pages"}],"about":[{"href":"https:\/\/onlinelotto365.com\/de\/wp-json\/wp\/v2\/types\/page"}],"author":[{"embeddable":true,"href":"https:\/\/onlinelotto365.com\/de\/wp-json\/wp\/v2\/users\/1"}],"replies":[{"embeddable":true,"href":"https:\/\/onlinelotto365.com\/de\/wp-json\/wp\/v2\/comments?post=11743"}],"version-history":[{"count":0,"href":"https:\/\/onlinelotto365.com\/de\/wp-json\/wp\/v2\/pages\/11743\/revisions"}],"up":[{"embeddable":true,"href":"https:\/\/onlinelotto365.com\/de\/wp-json\/wp\/v2\/pages\/5018"}],"wp:attachment":[{"href":"https:\/\/onlinelotto365.com\/de\/wp-json\/wp\/v2\/media?parent=11743"}],"curies":[{"name":"wp","href":"https:\/\/api.w.org\/{rel}","templated":true}]}}