{"id":3785,"date":"2020-11-16T15:23:25","date_gmt":"2020-11-16T15:23:25","guid":{"rendered":"http:\/\/onlinelotto365.net\/home"},"modified":"2023-10-04T09:13:29","modified_gmt":"2023-10-04T08:13:29","slug":"home","status":"publish","type":"page","link":"https:\/\/onlinelotto365.com\/de\/","title":{"rendered":"Willkommen bei OnlineLotto365!"},"content":{"rendered":"<p>Bis vor kurzem waren wir Lottofans darauf beschr\u00e4nkt, die Lotterie aus unserem eigenen Land oder unserer Region zu spielen. Wir h\u00f6rten anderswo von diesen gro\u00dfen aufregenden Jackpots, bei denen Dutzende oder sogar Hunderte von Millionen Dollar oder Euro oder der entsprechende Gegenwert auf dem Spiel stehen, und w\u00fcnschten uns, wir w\u00fcrden an Orten leben, wo man Lose f\u00fcr diese gro\u00dfen Megalotterien kaufen k\u00f6nnte.<\/p>\n<p><a href=\"https:\/\/redfoxlotto.com\/de\/?ref=a8564250a2&amp;medium=ol365\" target=\"_blank\" rel=\"noopener noreferrer\"><img loading=\"lazy\" decoding=\"async\" class=\"aligncenter\" src=\"https:\/\/redfoxlotto.com\/de\/image?size=8&amp;lottery=mega-millions\" alt=\"Mega Millions\" width=\"728\" height=\"90\" \/><\/a><\/p>\n<p>Ich wei\u00df, dass Sie sich so oft wie ich gew\u00fcnscht haben, Sie k\u00f6nnten bei dieser gro\u00dfartigen Aktion mitmachen. Wir sehen diese Menschen, die diese Megapreise einl\u00f6sen, und w\u00fcnschen uns, dass wir es w\u00e4ren. Wir haben sie nicht einmal durchspielen, geschweige denn gewinnen k\u00f6nnen.<\/p>\n<p>Nun, das wird sich jetzt \u00e4ndern. Nun, durch unseren neuen Lotto-Ticket-Service, macht es absolut keinen Unterschied, ob Sie in einem Land leben, in dem eine Lotterie stattfindet oder nicht. Schlie\u00dflich wachen die Menschen, die diese Lotterien betreiben, auf und stellen fest, dass es eine Menge potenzieller Kunden in anderen L\u00e4ndern gibt, die sich nach spannenderen Aktionen sehnen.<\/p>\n<h2>Bestellen Sie jetzt Lose online<\/h2>\n<p>Dies ist nicht mehr die alte Zeit, und wie wir wissen, hat das Internet die ganze Welt ge\u00f6ffnet, in der nun alles und alles online verf\u00fcgbar ist. Warum also nicht Zugang zu jeder gro\u00dfen Lotterie da drau\u00dfen haben? Es ist eine Idee, deren Zeit definitiv gekommen ist, und das Warten darauf ist jetzt vorbei.<\/p>\n<p>Wir haben den Zugang zu all dem so einfach gemacht, wie wir es m\u00f6glich machen konnten. Alles, was Sie tun m\u00fcssen, ist auf eine der Lotterien zu klicken, um sofortigen Zugang zu so vielen gro\u00dfen Jackpots zu erhalten. Dann brauchen Sie nur noch den einfachen Anweisungen zu folgen, die Ihnen zur Verf\u00fcgung gestellt werden, Ihre Zahlen auszuw\u00e4hlen und <a href=\"https:\/\/onlinelotto365.com\/de\/lose-kaufen\">Ihren Schein zu kaufen.<\/a><\/p>\n<h2>Sichere Zahlung f\u00fcr Lotto online<\/h2>\n<p>Dieser gro\u00dfartige neue Service bietet mehrere bequeme Zahlungsoptionen durch einen 100% sicheren, dem neuesten Stand der Technik entsprechenden Zahlungsabwickler. Sobald Sie Ihre Tickets gekauft haben, erhalten Sie eine Best\u00e4tigung per E-Mail, und Sie sehen Ihr Ticket in Ihrem Kundenkonto. Wir bieten Ihnen auch kostenlose Unterst\u00fctzung bei der Abholung Ihres <a href=\"https:\/\/onlinelotto365.com\/de\/gewinnzahlen\">Gewinnes<\/a>, etwas, das Sie ben\u00f6tigen werden, da Sie nicht in dem Land wohnen, in dem die Lotterie stattfindet. Wir brauchen uns hier um nichts zu k\u00fcmmern, da wir f\u00fcr unsere Kunden alles vollst\u00e4ndig abgedeckt haben.<\/p>\n<h2>Je h\u00f6her die Jackpots, desto besser sind Ihre Chancen<\/h2>\n<p><img loading=\"lazy\" decoding=\"async\" class=\" wp-image-1840 alignright\" src=\"https:\/\/onlinelotto365.com\/wp-content\/uploads\/2023\/10\/online_lottery-164-300x250-1.jpg\" alt=\"lotto online dienst\" width=\"248\" height=\"207\" \/>Es ist kein Geheimnis, dass der Wert von spielenden Lotterien weit nach oben geht, wenn die Jackpots ebenfalls weit nach oben gehen. Wenn Sie also feststecken und darauf warten m\u00fcssen, dass das gro\u00dfe Lotto in unserem Land sehr gro\u00df wird, werden Sie meistens warten m\u00fcssen. Sicher, es macht immer noch viel Spa\u00df, die kleineren Jackpots zu spielen, aber es gibt absolut nichts Besseres, als die gro\u00dfen Jackpots zu spielen. Es macht nicht nur viel mehr Spa\u00df, sich vorzustellen, dass wir einen dieser riesigen Preise gewinnen, mit denen wir sehen, wie andere \u00fcberh\u00e4uft werden, sondern die Chancen stehen bei den gro\u00dfen Preisen auch viel mehr zu unseren Gunsten.<\/p>\n<p>Es dauert seine Zeit, bis die Jackpots im Laufe der Zeit zu ihrer monumentalen Gr\u00f6\u00dfe heranwachsen, und das bedeutet, dass eine betr\u00e4chtliche Zeit verstrichen ist, ohne dass ein <a href=\"https:\/\/onlinelotto365.com\/de\/news\/wie-man-internationales-lotto-spielt\">Lotterie-Jackpot-Gewinner<\/a>. W\u00e4hrend dieser Zeit h\u00e4ufen sich also all diese kleineren Jackpots, die noch nicht gewonnen wurden, weiter an.<\/p>\n<p>Wir m\u00fcssen nicht n\u00e4her darauf eingehen, wie <strong>wie viel besser gr\u00f6\u00dfere Jackpots f\u00fcr Sie<\/strong> sind. Je mehr Zugang Sie also zu diesen gro\u00dfen Jackpots haben, desto besser. Wenn es also einen Internetdienst wie diesen gibt, mit dem Sie bei allen gro\u00dfen Jackpots mitspielen k\u00f6nnen, dann ist das f\u00fcr Sie das Beste, was das Spielen der Lotterie betrifft.<\/p>\n<p>Sie haben jetzt Zugang zu allen gro\u00dfen Anbietern da drau\u00dfen, darunter <a href=\"https:\/\/onlinelotto365.com\/de\/spielen\/powerball\">Powerball <\/a>und <a href=\"https:\/\/onlinelotto365.com\/de\/spielen\/mega-millions\">Megamillions<\/a>, El Gordo in Spanien, <a href=\"https:\/\/onlinelotto365.com\/de\/spielen\/superenalotto\">Superenalotto<\/a>, <a href=\"https:\/\/onlinelotto365.com\/de\/spielen\/euromillions\">EuroMillions<\/a>, die britische Lotterie, verschiedene australische Lotterien und vieles, vieles mehr.<\/p>\n<p>Selbst wenn Sie nur ein gelegentlicher Lottofan sind, warum sollten Sie sich auf die beschr\u00e4nken, f\u00fcr die Sie an einem Stand Lottoscheine kaufen k\u00f6nnen, wenn Sie Ihren Horizont durch diesen gro\u00dfartigen Online-Service auf die ganze Welt ausdehnen k\u00f6nnen? Noch einmal: Wir stellen uns all dies gegen eine Geb\u00fchr zur Verf\u00fcgung, aber sie werden uns nichts von unseren Gewinnen abziehen.<\/p>\n<h2>Die gr\u00f6\u00dften Zahltage der Geschichte<\/h2>\n<p>Hier ist eine Liste der gr\u00f6\u00dften Jackpots, die in den letzten Jahren gewonnen wurden. Es ist keine \u00dcberraschung, dass sie alle in den USA stattfanden. Die <a href=\"https:\/\/onlinelotto365.com\/de\/news\/holen-sie-sich-tickets-fuer-die-usa-lotterie-online\">gro\u00dfen US-Lotterien Powerball und Mega Millions<\/a> generieren regelm\u00e4\u00dfig riesige Auszahlungen. So ist es keine \u00dcberraschung, dass die meisten Online-K\u00e4ufe f\u00fcr Powerball und Mega Millions-Tickets sind.<\/p>\n<ul>\n<li>$ 1568 Millionen, der Powerball-Jackpot wurde am 13. Januar 2016 gewonnen. Dieser Jackpot wurde unter 3 Gewinnern aufgeteilt.<\/li>\n<li>$ 1537 Millionen, Mega-Millionen-Jackpot gewonnen von einem einzigen Gewinner am 23. Oktober 2018<\/li>\n<li>$ 768 Millionen, gewonnen in Powerball am 27. M\u00e4rz 2019<\/li>\n<li>$ 758 Millionen, im August 2017 von einem einzigen Sieger beim Powerball gewonnen<\/li>\n<li>$ 687 Millionen, die sich die beiden Powerball-Sieger am 27. Oktober 2018 teilen werden<\/li>\n<li>$ 656 Millionen, ein Mega-Millionen-Jackpot, der im M\u00e4rz 2016 unter drei Gewinnern aufgeteilt wurde<\/li>\n<\/ul>\n<p>Jetzt haben Sie die Chance auf einen gro\u00dfen Gewinn bei einer dieser Lotterien. Bereiten Sie sich darauf vor, mit dem Besten, was die Welt zu bieten hat, konfrontiert zu werden und, was noch wichtiger ist, Ihre Chancen, Reicht\u00fcmer zu gewinnen, erheblich zu erh\u00f6hen!<\/p>\n<h2>Evolution der Lotterie<\/h2>\n<p><img loading=\"lazy\" decoding=\"async\" class=\" wp-image-1840 alignright\" src=\"https:\/\/onlinelotto365.com\/wp-content\/uploads\/2021\/02\/international-lottery.jpg\" alt=\"internationale Lotterien\" width=\"250\" height=\"200\" \/><br \/>\nHistorisch gesehen scheinen die ersten Lotterien in China stattgefunden zu haben, und selbst damals dienten diese Lotterien haupts\u00e4chlich der Finanzierung \u00f6ffentlicher Projekte. Selbst die Chinesische Mauer mag eines dieser Projekte gewesen sein. Im alten Rom wurden Lotterien w\u00e4hrend Veranstaltungen f\u00fcr reiche B\u00fcrger abgehalten, und die Einnahmen wurden zur Finanzierung von Reparaturarbeiten in der Stadt verwendet. Im Januar 1449 wurde ein Krieg zwischen Mailand und Venedig durch eine Lotterie finanziert.<\/p>\n<p>Im Laufe der Jahrhunderte wurden die Lotterien meist sanktioniert und von Staaten und Regierungen betrieben, um Geld zu sammeln. In gewisser Weise dienten diese Lotterien als eine Form der freiwilligen <a href=\"https:\/\/onlinelotto365.com\/de\/news\/welche-lotterien-und-laender-erheben-steuern-auf-gewinne\">Besteuerung<\/a> der Massen. Aus diesem Grund ist und war der prozentuale Anteil der durch den Losverkauf erzielten Einnahmen an der Gewinnauszahlung oft recht gering.<\/p>\n<h2>Lotterie in der Neuzeit<\/h2>\n<p>Seit das Internet f\u00fcr viele von uns die Dinge einfacher gemacht hat, bieten die meisten nationalen Lotterien die M\u00f6glichkeit, Lose online zu kaufen. Der Online-Kauf von Lottoscheinen \u00fcber die Websites der nationalen Lotterien war jedoch auf Spieler aus dem Land der jeweiligen Lotterie beschr\u00e4nkt. Der Online-Kauf wurde zwar bequemer gestaltet, aber die Gewinnchancen verbesserten sich dadurch in keiner Weise. Dies w\u00fcrde erst durch den n\u00e4chsten Schritt in der Entwicklung der Lotterie erreicht werden.<\/p>\n<h2>Mehr Auswahl gibt Ihnen bessere Gewinnchancen<\/h2>\n<p>Die Idee eines Dienstes wie dem unseren, der es Lottofans erm\u00f6glicht, an Lotterien aus anderen Gerichtsbarkeiten teilzunehmen, war der n\u00e4chste logische Schritt in der Entwicklung. Jetzt k\u00f6nnen Lotto-Spieler aus einer Reihe von Lotterien ausw\u00e4hlen. Indem sie den derzeit h\u00f6chsten Jackpot anstreben, k\u00f6nnen sie ihre Gewinnerwartungen erheblich verbessern. Bei Lotterien wie Mega Millions, Powerball und Euromillions w\u00e4chst der Prozentsatz der <strong>Lottoscheine, die von Spielern aus der ganzen Welt online<\/strong> gekauft werden, von Monat zu Monat.<\/p>\n","protected":false},"excerpt":{"rendered":"<p>Bis vor kurzem waren wir Lottofans darauf beschr\u00e4nkt, die Lotterie aus unserem eigenen Land oder unserer Region zu spielen. Wir h\u00f6rten anderswo von diesen gro\u00dfen aufregenden Jackpots, bei denen Dutzende oder sogar Hunderte von Millionen Dollar oder Euro oder der entsprechende Gegenwert auf dem Spiel stehen, und w\u00fcnschten uns, wir w\u00fcrden an Orten leben, wo [&hellip;]<\/p>\n","protected":false},"author":1,"featured_media":0,"parent":0,"menu_order":1,"comment_status":"closed","ping_status":"closed","template":"lotto.php","meta":{"_et_pb_use_builder":"","_et_pb_old_content":"","_et_gb_content_width":"","exclude_from_search":false,"footnotes":""},"class_list":["post-3785","page","type-page","status-publish","hentry"],"yoast_head":"<!-- This site is optimized with the Yoast SEO plugin v23.4 - https:\/\/yoast.com\/wordpress\/plugins\/seo\/ -->\n<title>Lotto Online | Alle Lotto-Jackpots der Welt online zug\u00e4nglich<\/title>\n<meta name=\"description\" content=\"Online-Dienst f\u00fcr Lottolose, f\u00fcr jeden internationalen Jackpot. Holen Sie sich Lottoscheine f\u00fcr jede Lotterie der Welt, ganz gleich, wo Sie wohnen\" \/>\n<meta name=\"robots\" content=\"index, follow, max-snippet:-1, max-image-preview:large, max-video-preview:-1\" \/>\n<link rel=\"canonical\" href=\"https:\/\/onlinelotto365.com\/de\/\" \/>\n<meta property=\"og:locale\" content=\"de_DE\" \/>\n<meta property=\"og:type\" content=\"article\" \/>\n<meta property=\"og:title\" content=\"Lotto Online | Alle Lotto-Jackpots der Welt online zug\u00e4nglich\" \/>\n<meta property=\"og:description\" content=\"Online-Dienst f\u00fcr Lottolose, f\u00fcr jeden internationalen Jackpot. Holen Sie sich Lottoscheine f\u00fcr jede Lotterie der Welt, ganz gleich, wo Sie wohnen\" \/>\n<meta property=\"og:url\" content=\"https:\/\/onlinelotto365.com\/de\/\" \/>\n<meta property=\"og:site_name\" content=\"OnlineLotto365\" \/>\n<meta property=\"article:modified_time\" content=\"2023-10-04T08:13:29+00:00\" \/>\n<meta property=\"og:image\" content=\"https:\/\/redfoxlotto.com\/de\/image?size=8&amp;lottery=mega-millions\" \/>\n<meta name=\"twitter:card\" content=\"summary_large_image\" \/>\n<meta name=\"twitter:label1\" content=\"Gesch\u00e4tzte Lesezeit\" \/>\n\t<meta name=\"twitter:data1\" content=\"6\u00a0Minuten\" \/>\n<script type=\"application\/ld+json\" class=\"yoast-schema-graph\">{\"@context\":\"https:\/\/schema.org\",\"@graph\":[{\"@type\":\"WebPage\",\"@id\":\"https:\/\/onlinelotto365.com\/de\/\",\"url\":\"https:\/\/onlinelotto365.com\/de\/\",\"name\":\"Lotto Online | Alle Lotto-Jackpots der Welt online zug\u00e4nglich\",\"isPartOf\":{\"@id\":\"https:\/\/onlinelotto365.com\/de\/#website\"},\"primaryImageOfPage\":{\"@id\":\"https:\/\/onlinelotto365.com\/de\/#primaryimage\"},\"image\":{\"@id\":\"https:\/\/onlinelotto365.com\/de\/#primaryimage\"},\"thumbnailUrl\":\"https:\/\/redfoxlotto.com\/de\/image?size=8&amp;lottery=mega-millions\",\"datePublished\":\"2020-11-16T15:23:25+00:00\",\"dateModified\":\"2023-10-04T08:13:29+00:00\",\"description\":\"Online-Dienst f\u00fcr Lottolose, f\u00fcr jeden internationalen Jackpot. Holen Sie sich Lottoscheine f\u00fcr jede Lotterie der Welt, ganz gleich, wo Sie wohnen\",\"breadcrumb\":{\"@id\":\"https:\/\/onlinelotto365.com\/de\/#breadcrumb\"},\"inLanguage\":\"de\",\"potentialAction\":[{\"@type\":\"ReadAction\",\"target\":[\"https:\/\/onlinelotto365.com\/de\/\"]}]},{\"@type\":\"ImageObject\",\"inLanguage\":\"de\",\"@id\":\"https:\/\/onlinelotto365.com\/de\/#primaryimage\",\"url\":\"https:\/\/redfoxlotto.com\/de\/image?size=8&amp;lottery=mega-millions\",\"contentUrl\":\"https:\/\/redfoxlotto.com\/de\/image?size=8&amp;lottery=mega-millions\"},{\"@type\":\"BreadcrumbList\",\"@id\":\"https:\/\/onlinelotto365.com\/de\/#breadcrumb\",\"itemListElement\":[{\"@type\":\"ListItem\",\"position\":1,\"name\":\"Home\",\"item\":\"https:\/\/onlinelotto365.com\/de\/\"},{\"@type\":\"ListItem\",\"position\":2,\"name\":\"Willkommen bei OnlineLotto365!\"}]},{\"@type\":\"WebSite\",\"@id\":\"https:\/\/onlinelotto365.com\/de\/#website\",\"url\":\"https:\/\/onlinelotto365.com\/de\/\",\"name\":\"OnlineLotto365\",\"description\":\"\",\"potentialAction\":[{\"@type\":\"SearchAction\",\"target\":{\"@type\":\"EntryPoint\",\"urlTemplate\":\"https:\/\/onlinelotto365.com\/de\/?s={search_term_string}\"},\"query-input\":{\"@type\":\"PropertyValueSpecification\",\"valueRequired\":true,\"valueName\":\"search_term_string\"}}],\"inLanguage\":\"de\"}]}<\/script>\n<!-- \/ Yoast SEO plugin. -->","yoast_head_json":{"title":"Lotto Online | Alle Lotto-Jackpots der Welt online zug\u00e4nglich","description":"Online-Dienst f\u00fcr Lottolose, f\u00fcr jeden internationalen Jackpot. Holen Sie sich Lottoscheine f\u00fcr jede Lotterie der Welt, ganz gleich, wo Sie wohnen","robots":{"index":"index","follow":"follow","max-snippet":"max-snippet:-1","max-image-preview":"max-image-preview:large","max-video-preview":"max-video-preview:-1"},"canonical":"https:\/\/onlinelotto365.com\/de\/","og_locale":"de_DE","og_type":"article","og_title":"Lotto Online | Alle Lotto-Jackpots der Welt online zug\u00e4nglich","og_description":"Online-Dienst f\u00fcr Lottolose, f\u00fcr jeden internationalen Jackpot. Holen Sie sich Lottoscheine f\u00fcr jede Lotterie der Welt, ganz gleich, wo Sie wohnen","og_url":"https:\/\/onlinelotto365.com\/de\/","og_site_name":"OnlineLotto365","article_modified_time":"2023-10-04T08:13:29+00:00","og_image":[{"url":"https:\/\/redfoxlotto.com\/de\/image?size=8&amp;lottery=mega-millions"}],"twitter_card":"summary_large_image","twitter_misc":{"Gesch\u00e4tzte Lesezeit":"6\u00a0Minuten"},"schema":{"@context":"https:\/\/schema.org","@graph":[{"@type":"WebPage","@id":"https:\/\/onlinelotto365.com\/de\/","url":"https:\/\/onlinelotto365.com\/de\/","name":"Lotto Online | Alle Lotto-Jackpots der Welt online zug\u00e4nglich","isPartOf":{"@id":"https:\/\/onlinelotto365.com\/de\/#website"},"primaryImageOfPage":{"@id":"https:\/\/onlinelotto365.com\/de\/#primaryimage"},"image":{"@id":"https:\/\/onlinelotto365.com\/de\/#primaryimage"},"thumbnailUrl":"https:\/\/redfoxlotto.com\/de\/image?size=8&amp;lottery=mega-millions","datePublished":"2020-11-16T15:23:25+00:00","dateModified":"2023-10-04T08:13:29+00:00","description":"Online-Dienst f\u00fcr Lottolose, f\u00fcr jeden internationalen Jackpot. Holen Sie sich Lottoscheine f\u00fcr jede Lotterie der Welt, ganz gleich, wo Sie wohnen","breadcrumb":{"@id":"https:\/\/onlinelotto365.com\/de\/#breadcrumb"},"inLanguage":"de","potentialAction":[{"@type":"ReadAction","target":["https:\/\/onlinelotto365.com\/de\/"]}]},{"@type":"ImageObject","inLanguage":"de","@id":"https:\/\/onlinelotto365.com\/de\/#primaryimage","url":"https:\/\/redfoxlotto.com\/de\/image?size=8&amp;lottery=mega-millions","contentUrl":"https:\/\/redfoxlotto.com\/de\/image?size=8&amp;lottery=mega-millions"},{"@type":"BreadcrumbList","@id":"https:\/\/onlinelotto365.com\/de\/#breadcrumb","itemListElement":[{"@type":"ListItem","position":1,"name":"Home","item":"https:\/\/onlinelotto365.com\/de\/"},{"@type":"ListItem","position":2,"name":"Willkommen bei OnlineLotto365!"}]},{"@type":"WebSite","@id":"https:\/\/onlinelotto365.com\/de\/#website","url":"https:\/\/onlinelotto365.com\/de\/","name":"OnlineLotto365","description":"","potentialAction":[{"@type":"SearchAction","target":{"@type":"EntryPoint","urlTemplate":"https:\/\/onlinelotto365.com\/de\/?s={search_term_string}"},"query-input":{"@type":"PropertyValueSpecification","valueRequired":true,"valueName":"search_term_string"}}],"inLanguage":"de"}]}},"_links":{"self":[{"href":"https:\/\/onlinelotto365.com\/de\/wp-json\/wp\/v2\/pages\/3785","targetHints":{"allow":["GET"]}}],"collection":[{"href":"https:\/\/onlinelotto365.com\/de\/wp-json\/wp\/v2\/pages"}],"about":[{"href":"https:\/\/onlinelotto365.com\/de\/wp-json\/wp\/v2\/types\/page"}],"author":[{"embeddable":true,"href":"https:\/\/onlinelotto365.com\/de\/wp-json\/wp\/v2\/users\/1"}],"replies":[{"embeddable":true,"href":"https:\/\/onlinelotto365.com\/de\/wp-json\/wp\/v2\/comments?post=3785"}],"version-history":[{"count":0,"href":"https:\/\/onlinelotto365.com\/de\/wp-json\/wp\/v2\/pages\/3785\/revisions"}],"wp:attachment":[{"href":"https:\/\/onlinelotto365.com\/de\/wp-json\/wp\/v2\/media?parent=3785"}],"curies":[{"name":"wp","href":"https:\/\/api.w.org\/{rel}","templated":true}]}}