{"id":3795,"date":"2020-11-17T18:20:25","date_gmt":"2020-11-17T18:20:25","guid":{"rendered":"http:\/\/onlinelotto365.net\/winning-numbers"},"modified":"2021-01-07T15:08:15","modified_gmt":"2021-01-07T14:08:15","slug":"gewinnzahlen","status":"publish","type":"page","link":"https:\/\/onlinelotto365.com\/de\/gewinnzahlen\/","title":{"rendered":"Finden Sie Gewinnzahlen und Ergebnisse der letzten Lottoziehungen"},"content":{"rendered":"<p>Hier finden Sie die Gewinnzahlen f\u00fcr die gr\u00f6\u00dften internationalen Lotterien der Welt. Wir aktualisieren diese Seite st\u00e4ndig, also kommen Sie wieder, um die neuesten Ergebnisse zu erhalten, wann immer Sie sie brauchen. Wenn Sie in einer dieser internationalen Lotterien gespielt haben, hoffen wir, dass Ihr Schein die Gewinnzahlen enth\u00e4lt! \u00dcbrigens &#8211; sind Sie sich der Tatsache bewusst, dass Spieler in der Geschichte mehrmals gro\u00df gewonnen haben, indem sie <strong>die Gewinnzahlen einer ausl\u00e4ndischen Lotterie dazu benutzten, sie in ihrer eigenen lokalen Lotterie zu spielen?<\/strong><\/p>\n<p>Aber am wichtigsten ist, dass Sie wahrscheinlich nicht wussten, dass Sie jetzt die Wahl haben, an den gr\u00f6\u00dften Lotterien der Welt teilzunehmen &#8211; sogar an Lotterien in anderen L\u00e4ndern als Ihrem eigenen! Egal, ob Sie sich f\u00fcr Powerball, Mega Millions, Euromillions oder eine andere der hier angebotenen Lotterien interessieren, Sie k\u00f6nnen jetzt online Lose erwerben. Um teilzunehmen, klicken Sie einfach auf die Schaltfl\u00e4che &#8222;Spielen&#8220; f\u00fcr Ihre Lieblingslotterie neben den untenstehenden Ergebnissen. In wenigen Minuten haben Sie Ihre Scheine. Wir empfehlen Ihnen pers\u00f6nlich, sich die H\u00f6he der Jackpots anzuschauen und die Lotterie mit dem derzeit h\u00f6chsten Jackpot zu w\u00e4hlen!<\/p>\n<p><a href=\"https:\/\/redfoxlotto.com\/de\/?ref=a8564250a2&amp;medium=ol365\" target=\"_blank\" rel=\"noopener noreferrer\"><img loading=\"lazy\" decoding=\"async\" class=\"aligncenter\" src=\"https:\/\/redfoxlotto.com\/de\/image?size=8&amp;lottery=eurojackpot\" alt=\"eurojackpot\" width=\"720\" height=\"90\" \/><\/a><\/p>\n<h2>Wie man die heutigen Lottoergebnisse \u00fcberpr\u00fcft<\/h2>\n<p>Lieben Sie das Lotto spielen? Vielleicht spielen Sie mehrmals am Tag, oder Sie spielen jeden Tag, oder vielleicht spielen Sie auch nur ab und zu. Ganz gleich, wie oft Sie spielen, Sie m\u00f6chten jedoch sichergehen, dass Sie immer wissen, wie die Gewinnzahlen lauten. Sie wollen nie riskieren, eine Auszahlung zu verpassen, weil Sie die Zahlen nicht \u00fcberpr\u00fcft haben. Wie finden Sie also heute das Lottoergebnis heraus? Es ist eigentlich einfacher, als Sie vielleicht denken, denn es gibt eine ganze Reihe verschiedener M\u00f6glichkeiten.<\/p>\n<h2>Wo Sie das Lotterieergebnis heute finden<\/h2>\n<p>Wollen Sie sofort Ergebnisse erzielen? Sobald sie verf\u00fcgbar sind? Wenn ja, werden Sie <strong>zu Ihrem Online-Ticket-Service zur\u00fcckkehren wollen.<\/strong> Sie werden auf jeden Fall zufrieden sein, denn die Lottoergebnisse sind nicht nur am Tag der Ziehung, sondern sofort zum Zeitpunkt der Ziehung verf\u00fcgbar. Wenn Sie also von der ungeduldigen Sorte sind, werden Sie kein Problem haben, die Ergebnisse zu erhalten, sobald sie verf\u00fcgbar sind. Ganz zu schweigen davon, dass Sie bereit und in der Lage sein werden, Ihre n\u00e4chste Zahlenreihe zu spielen, sobald Sie wissen, ob Sie gewonnen haben oder nicht.<\/p>\n<h2>Loggen Sie sich ein und besuchen Sie den Abschnitt Meine Tickets<\/h2>\n<p>Der bequemste und sicherste Weg, um herauszufinden, ob Sie etwas gewonnen haben, besteht darin,<strong> sich in Ihr Konto einzuloggen und Ihre vorhandenen Tickets zu \u00fcberpr\u00fcfen<\/strong>. Sobald die Ziehungsergebnisse vorliegen, k\u00f6nnen Sie Ihre Scheine leicht mit den Gewinnzahlen vergleichen. Bei einem Online-Ticket besteht auch keine Gefahr, dass Sie das Los verlieren k\u00f6nnten. Es befindet sich immer hier, in Ihrem Konto. Und wir benachrichtigen Sie auch \u00fcber eventuelle Gewinne!<\/p>\n<p>Wenn Sie Tickets online \u00fcber uns gekauft haben, senden wir Ihnen immer eine <strong>E-Mail-Benachrichtigung, falls Sie<\/strong> etwas <strong>gewonnen haben<\/strong>. Nat\u00fcrlich ist es wichtig, dass Ihr E-Mail-Provider unsere E-Mails nicht in ein Spam- oder Junk-Verzeichnis verschiebt. Stellen Sie sicher, dass Sie uns zu Ihrer Liste vertrauensw\u00fcrdiger E-Mail-Absender hinzuf\u00fcgen.<\/p>\n<h2>Streamen der Auslosung<\/h2>\n<p>Es gibt tats\u00e4chlich einige Dienste, bei denen Sie die Lottoziehungsereignisse direkt auf Ihr mobiles Ger\u00e4t streamen k\u00f6nnen. Auf diese Weise haben Sie auch dann kein Problem damit, die Live-Ziehung zu streamen, wenn keiner Ihrer lokalen Fernsehsender die Ziehung \u00fcbertr\u00e4gt, an der Sie interessiert sind, so dass Sie bereit sind, wenn die Zahl herauskommt. Versuchen Sie, nach Ihrer Lieblingslotterie zu suchen <em><strong><a href=\"http:\/\/youtube.com\">Youtube<\/a><\/strong><\/em>. Die meisten Lottoziehungen werden jedoch nicht live auf Youtube gestreamt, aber Videos von der Ziehung k\u00f6nnen kurz nach der Ver\u00f6ffentlichung der Ergebnisse hochgeladen werden.<\/p>\n<h2>Sp\u00e4ter finden<\/h2>\n<p>Wenn Sie nicht so sehr darauf bedacht sind, sofort herauszufinden, was die Zeichnung war, k\u00f6nnen Sie verschiedene Optionen ausprobieren, um sie sp\u00e4ter wiederzufinden. Einige davon werden gleich nach der Ziehung stattfinden und andere vielleicht erst am n\u00e4chsten Tag, so dass es an Ihnen liegt, welche Methode Sie f\u00fcr die beste halten und wie Sie die Zahlen finden wollen. Wenn Sie bereit sind, l\u00e4nger zu warten, k\u00f6nnten Sie zum Beispiel am Tag nach der Ziehung in der Zeitung nachsehen. Wenn Sie es schnell wissen wollen, gibt es die offiziellen Websites, auf denen Sie direkt nach der Ziehung weitere Informationen finden k\u00f6nnen.<\/p>\n<p>Die Zeitung ist eine der <strong>gebr\u00e4uchlichsten Methoden, um die Lottozahlen zu \u00fcberpr\u00fcfen<\/strong>, und sie wird auch eine der einfachsten sein. Die Zeitung ver\u00f6ffentlicht alle Gewinnzahlen am Tag nach ihrem Erscheinen, und Sie k\u00f6nnen alle Ergebnisse des gesamten Tages an einem Ort einsehen. Auf diese Weise k\u00f6nnen Sie, wenn Sie mehr als eine Partie spielen, alle Zahlen auf einmal \u00fcberpr\u00fcfen. Sie m\u00fcssen lediglich ein Zeitungsabonnement haben oder in ein Gesch\u00e4ft oder einen Laden gehen, um sich am n\u00e4chsten Tag eine abzuholen.<\/p>\n<p>Wenn Sie es schnell wissen wollen, aber die Live-Zeichnung nicht sehen wollen oder k\u00f6nnen, ist es das N\u00e4chstbeste, wenn Sie online gehen. Das Tolle daran ist, dass Sie alle Lottoergebnisse f\u00fcr die gr\u00f6\u00dften Ziehungen und Jackpots direkt bei Red Fox Lotto finden k\u00f6nnen, so dass Sie immer das Lottoergebnis von heute kennen. Mit diesem Service k\u00f6nnen Sie sich einloggen und von der neuesten bis zur \u00e4ltesten Ziehung alles sehen, was auf der Homepage f\u00fcr Sie aufbereitet ist, so dass Sie durchbl\u00e4ttern k\u00f6nnen, was immer Sie wollen. Ganz zu schweigen davon, dass Sie sehen, wo gespielt wird und wie hoch die Gesamtauszahlung ist. So haben Sie alles, was Sie wissen m\u00fcssen.<\/p>\n<h2>Finden Sie die Auszahlungen<\/h2>\n<p>Was also, wenn Sie sich die Zahlen bereits angesehen haben, aber jetzt mehr <strong>\u00fcber die Auszahlungen<\/strong> wissen m\u00f6chten? Es ist eigentlich ganz einfach. Alles, was Sie tun m\u00fcssen, ist unsere Online-Ticket-Website zu besuchen. All diese Informationen finden Sie hier, und wir aktualisieren sie in Echtzeit.<\/p>\n<h2>Beantragung von Online-Preisen<\/h2>\n<p>Wenn Sie einen Online-Preis gewinnen, unterscheidet sich das Verfahren von dem, was Sie tun w\u00fcrden, wenn Sie mit einem im Gesch\u00e4ft gekauften Los gewinnen w\u00fcrden. Wenn Sie einen Betrag von mehr als \u20ac2500 gewinnen, m\u00fcssen Sie \u00fcber unsere Online-Plattform ein Formular ausf\u00fcllen, um Ihren Preis einzufordern. Alles Weitere erledigen wir f\u00fcr Sie.<\/p>\n<p>Gewinne unter \u20ac2500 werden Ihrem Spielerkonto auf unserer Website sofort gutgeschrieben. Von dort aus k\u00f6nnen Sie das Geld entweder f\u00fcr weitere Lose verwenden oder eine Abhebung von Geldern starten. Zur Abhebung k\u00f6nnen Sie jede Zahlungsmethode verwenden, die zuvor f\u00fcr einen Kauf oder eine Einzahlung verwendet wurde.<\/p>\n<h2>Zusammenfassung<\/h2>\n<p>Wenn Sie heute das Lottoergebnis finden wollen, geht es nur darum zu wissen, wo Sie suchen m\u00fcssen. Ob Sie nun online suchen, es sich live anschauen oder am n\u00e4chsten Tag nachschauen, Sie werden mit dem Vorgang kein Problem haben. Sie werden in der Lage sein, <strong>Ihre Zahlen und die Gewinnzahlen im Auge zu behalten<\/strong>. Und Sie k\u00f6nnen sofort Ihre Lieblings-Lottospiele spielen und sogar ein paar neue aus v\u00f6llig anderen Teilen der Welt entdecken. Was k\u00f6nnte besser sein als das?<\/p>\n","protected":false},"excerpt":{"rendered":"<p>Hier finden Sie die Gewinnzahlen f\u00fcr die gr\u00f6\u00dften internationalen Lotterien der Welt. Wir aktualisieren diese Seite st\u00e4ndig, also kommen Sie wieder, um die neuesten Ergebnisse zu erhalten, wann immer Sie sie brauchen. Wenn Sie in einer dieser internationalen Lotterien gespielt haben, hoffen wir, dass Ihr Schein die Gewinnzahlen enth\u00e4lt! \u00dcbrigens &#8211; sind Sie sich der [&hellip;]<\/p>\n","protected":false},"author":1,"featured_media":0,"parent":0,"menu_order":4,"comment_status":"closed","ping_status":"closed","template":"Results.php","meta":{"_et_pb_use_builder":"","_et_pb_old_content":"","_et_gb_content_width":"","exclude_from_search":false,"footnotes":""},"class_list":["post-3795","page","type-page","status-publish","hentry"],"yoast_head":"<!-- This site is optimized with the Yoast SEO plugin v23.4 - https:\/\/yoast.com\/wordpress\/plugins\/seo\/ -->\n<title>Gewinnzahlen Lotto und Ergebnisse f\u00fcr die gr\u00f6\u00dften Jackpots der Welt<\/title>\n<meta name=\"description\" content=\"Hier finden Sie die Lottoergebnisse und Gewinnzahlen dieser Woche f\u00fcr die gr\u00f6\u00dften Lotterien\" \/>\n<meta name=\"robots\" content=\"index, follow, max-snippet:-1, max-image-preview:large, max-video-preview:-1\" \/>\n<link rel=\"canonical\" href=\"https:\/\/onlinelotto365.com\/de\/gewinnzahlen\/\" \/>\n<meta property=\"og:locale\" content=\"de_DE\" \/>\n<meta property=\"og:type\" content=\"article\" \/>\n<meta property=\"og:title\" content=\"Gewinnzahlen Lotto und Ergebnisse f\u00fcr die gr\u00f6\u00dften Jackpots der Welt\" \/>\n<meta property=\"og:description\" content=\"Hier finden Sie die Lottoergebnisse und Gewinnzahlen dieser Woche f\u00fcr die gr\u00f6\u00dften Lotterien\" \/>\n<meta property=\"og:url\" content=\"https:\/\/onlinelotto365.com\/de\/gewinnzahlen\/\" \/>\n<meta property=\"og:site_name\" content=\"OnlineLotto365\" \/>\n<meta property=\"article:modified_time\" content=\"2021-01-07T14:08:15+00:00\" \/>\n<meta property=\"og:image\" content=\"https:\/\/redfoxlotto.com\/de\/image?size=8&amp;lottery=eurojackpot\" \/>\n<meta name=\"twitter:card\" content=\"summary_large_image\" \/>\n<meta name=\"twitter:label1\" content=\"Gesch\u00e4tzte Lesezeit\" \/>\n\t<meta name=\"twitter:data1\" content=\"6\u00a0Minuten\" \/>\n<script type=\"application\/ld+json\" class=\"yoast-schema-graph\">{\"@context\":\"https:\/\/schema.org\",\"@graph\":[{\"@type\":\"WebPage\",\"@id\":\"https:\/\/onlinelotto365.com\/de\/gewinnzahlen\/\",\"url\":\"https:\/\/onlinelotto365.com\/de\/gewinnzahlen\/\",\"name\":\"Gewinnzahlen Lotto und Ergebnisse f\u00fcr die gr\u00f6\u00dften Jackpots der Welt\",\"isPartOf\":{\"@id\":\"https:\/\/onlinelotto365.com\/de\/#website\"},\"primaryImageOfPage\":{\"@id\":\"https:\/\/onlinelotto365.com\/de\/gewinnzahlen\/#primaryimage\"},\"image\":{\"@id\":\"https:\/\/onlinelotto365.com\/de\/gewinnzahlen\/#primaryimage\"},\"thumbnailUrl\":\"https:\/\/redfoxlotto.com\/de\/image?size=8&amp;lottery=eurojackpot\",\"datePublished\":\"2020-11-17T18:20:25+00:00\",\"dateModified\":\"2021-01-07T14:08:15+00:00\",\"description\":\"Hier finden Sie die Lottoergebnisse und Gewinnzahlen dieser Woche f\u00fcr die gr\u00f6\u00dften Lotterien\",\"breadcrumb\":{\"@id\":\"https:\/\/onlinelotto365.com\/de\/gewinnzahlen\/#breadcrumb\"},\"inLanguage\":\"de\",\"potentialAction\":[{\"@type\":\"ReadAction\",\"target\":[\"https:\/\/onlinelotto365.com\/de\/gewinnzahlen\/\"]}]},{\"@type\":\"ImageObject\",\"inLanguage\":\"de\",\"@id\":\"https:\/\/onlinelotto365.com\/de\/gewinnzahlen\/#primaryimage\",\"url\":\"https:\/\/redfoxlotto.com\/de\/image?size=8&amp;lottery=eurojackpot\",\"contentUrl\":\"https:\/\/redfoxlotto.com\/de\/image?size=8&amp;lottery=eurojackpot\"},{\"@type\":\"BreadcrumbList\",\"@id\":\"https:\/\/onlinelotto365.com\/de\/gewinnzahlen\/#breadcrumb\",\"itemListElement\":[{\"@type\":\"ListItem\",\"position\":1,\"name\":\"Home\",\"item\":\"https:\/\/onlinelotto365.com\/de\/\"},{\"@type\":\"ListItem\",\"position\":2,\"name\":\"Finden Sie Gewinnzahlen und Ergebnisse der letzten Lottoziehungen\"}]},{\"@type\":\"WebSite\",\"@id\":\"https:\/\/onlinelotto365.com\/de\/#website\",\"url\":\"https:\/\/onlinelotto365.com\/de\/\",\"name\":\"OnlineLotto365\",\"description\":\"\",\"potentialAction\":[{\"@type\":\"SearchAction\",\"target\":{\"@type\":\"EntryPoint\",\"urlTemplate\":\"https:\/\/onlinelotto365.com\/de\/?s={search_term_string}\"},\"query-input\":{\"@type\":\"PropertyValueSpecification\",\"valueRequired\":true,\"valueName\":\"search_term_string\"}}],\"inLanguage\":\"de\"}]}<\/script>\n<!-- \/ Yoast SEO plugin. -->","yoast_head_json":{"title":"Gewinnzahlen Lotto und Ergebnisse f\u00fcr die gr\u00f6\u00dften Jackpots der Welt","description":"Hier finden Sie die Lottoergebnisse und Gewinnzahlen dieser Woche f\u00fcr die gr\u00f6\u00dften Lotterien","robots":{"index":"index","follow":"follow","max-snippet":"max-snippet:-1","max-image-preview":"max-image-preview:large","max-video-preview":"max-video-preview:-1"},"canonical":"https:\/\/onlinelotto365.com\/de\/gewinnzahlen\/","og_locale":"de_DE","og_type":"article","og_title":"Gewinnzahlen Lotto und Ergebnisse f\u00fcr die gr\u00f6\u00dften Jackpots der Welt","og_description":"Hier finden Sie die Lottoergebnisse und Gewinnzahlen dieser Woche f\u00fcr die gr\u00f6\u00dften Lotterien","og_url":"https:\/\/onlinelotto365.com\/de\/gewinnzahlen\/","og_site_name":"OnlineLotto365","article_modified_time":"2021-01-07T14:08:15+00:00","og_image":[{"url":"https:\/\/redfoxlotto.com\/de\/image?size=8&amp;lottery=eurojackpot"}],"twitter_card":"summary_large_image","twitter_misc":{"Gesch\u00e4tzte Lesezeit":"6\u00a0Minuten"},"schema":{"@context":"https:\/\/schema.org","@graph":[{"@type":"WebPage","@id":"https:\/\/onlinelotto365.com\/de\/gewinnzahlen\/","url":"https:\/\/onlinelotto365.com\/de\/gewinnzahlen\/","name":"Gewinnzahlen Lotto und Ergebnisse f\u00fcr die gr\u00f6\u00dften Jackpots der Welt","isPartOf":{"@id":"https:\/\/onlinelotto365.com\/de\/#website"},"primaryImageOfPage":{"@id":"https:\/\/onlinelotto365.com\/de\/gewinnzahlen\/#primaryimage"},"image":{"@id":"https:\/\/onlinelotto365.com\/de\/gewinnzahlen\/#primaryimage"},"thumbnailUrl":"https:\/\/redfoxlotto.com\/de\/image?size=8&amp;lottery=eurojackpot","datePublished":"2020-11-17T18:20:25+00:00","dateModified":"2021-01-07T14:08:15+00:00","description":"Hier finden Sie die Lottoergebnisse und Gewinnzahlen dieser Woche f\u00fcr die gr\u00f6\u00dften Lotterien","breadcrumb":{"@id":"https:\/\/onlinelotto365.com\/de\/gewinnzahlen\/#breadcrumb"},"inLanguage":"de","potentialAction":[{"@type":"ReadAction","target":["https:\/\/onlinelotto365.com\/de\/gewinnzahlen\/"]}]},{"@type":"ImageObject","inLanguage":"de","@id":"https:\/\/onlinelotto365.com\/de\/gewinnzahlen\/#primaryimage","url":"https:\/\/redfoxlotto.com\/de\/image?size=8&amp;lottery=eurojackpot","contentUrl":"https:\/\/redfoxlotto.com\/de\/image?size=8&amp;lottery=eurojackpot"},{"@type":"BreadcrumbList","@id":"https:\/\/onlinelotto365.com\/de\/gewinnzahlen\/#breadcrumb","itemListElement":[{"@type":"ListItem","position":1,"name":"Home","item":"https:\/\/onlinelotto365.com\/de\/"},{"@type":"ListItem","position":2,"name":"Finden Sie Gewinnzahlen und Ergebnisse der letzten Lottoziehungen"}]},{"@type":"WebSite","@id":"https:\/\/onlinelotto365.com\/de\/#website","url":"https:\/\/onlinelotto365.com\/de\/","name":"OnlineLotto365","description":"","potentialAction":[{"@type":"SearchAction","target":{"@type":"EntryPoint","urlTemplate":"https:\/\/onlinelotto365.com\/de\/?s={search_term_string}"},"query-input":{"@type":"PropertyValueSpecification","valueRequired":true,"valueName":"search_term_string"}}],"inLanguage":"de"}]}},"_links":{"self":[{"href":"https:\/\/onlinelotto365.com\/de\/wp-json\/wp\/v2\/pages\/3795","targetHints":{"allow":["GET"]}}],"collection":[{"href":"https:\/\/onlinelotto365.com\/de\/wp-json\/wp\/v2\/pages"}],"about":[{"href":"https:\/\/onlinelotto365.com\/de\/wp-json\/wp\/v2\/types\/page"}],"author":[{"embeddable":true,"href":"https:\/\/onlinelotto365.com\/de\/wp-json\/wp\/v2\/users\/1"}],"replies":[{"embeddable":true,"href":"https:\/\/onlinelotto365.com\/de\/wp-json\/wp\/v2\/comments?post=3795"}],"version-history":[{"count":0,"href":"https:\/\/onlinelotto365.com\/de\/wp-json\/wp\/v2\/pages\/3795\/revisions"}],"wp:attachment":[{"href":"https:\/\/onlinelotto365.com\/de\/wp-json\/wp\/v2\/media?parent=3795"}],"curies":[{"name":"wp","href":"https:\/\/api.w.org\/{rel}","templated":true}]}}