{"id":3805,"date":"2020-11-17T18:13:29","date_gmt":"2020-11-17T17:13:29","guid":{"rendered":"http:\/\/onlinelotto365.net\/buy-tickets"},"modified":"2021-01-07T15:02:47","modified_gmt":"2021-01-07T14:02:47","slug":"lose-kaufen","status":"publish","type":"page","link":"https:\/\/onlinelotto365.com\/de\/lose-kaufen\/","title":{"rendered":"Warum es sinnvoller ist, Lotterielose online zu kaufen"},"content":{"rendered":"<p>Im Allgemeinen ist es so viel bequemer, Dinge online zu kaufen. Das gilt <strong>auch<\/strong> f\u00fcr den <strong>Kauf von Lotterielosen<\/strong>. Man muss das Haus nicht verlassen, kein Geld f\u00fcr Benzin ausgeben und an der Lottoannahmestelle Schlange stehen.<\/p>\n<p>Wichtiger ist jedoch, dass Sie nicht mehr auf Ihre \u00f6rtliche Lotterie beschr\u00e4nkt sind. All diese <a href=\"http:\/\/onlinelotto365.com\/de\">Jackpots und Lotterien aus fernen L\u00e4ndern<\/a> stehen Ihnen jetzt online \u00fcber unseren Service zur Verf\u00fcgung. Sie m\u00fcssen sich nicht mehr mit kleinen Jackpots begn\u00fcgen. Sie m\u00fcssen nicht mehr warten, bis Ihr lokaler Jackpot gro\u00df genug ist.<\/p>\n<p>Lotterien wie <a href=\"https:\/\/onlinelotto365.com\/de\/lose-kaufen\/mega-millions\">Mega Millions<\/a>, <a href=\"https:\/\/onlinelotto365.com\/de\/lose-kaufen\/powerball\">Powerball<\/a>, <a href=\"https:\/\/onlinelotto365.com\/de\/lose-kaufen\/euromillions\">Euromillions<\/a>, <a href=\"https:\/\/onlinelotto365.com\/de\/lose-kaufen\/eurojackpot\">Eurojackpot<\/a> und <a href=\"https:\/\/onlinelotto365.com\/de\/lose-kaufen\/superenalotto\">Superenalotto<\/a> (um nur einige zu nennen) sind viel attraktiver als die Preise der durchschnittlichen nationalen Lotterie. <strong>Kaufen Sie online Lose f\u00fcr nur eine oder mehrere Lotterien<\/strong>, nehmen Sie an einer oder mehreren Ziehungen teil &#8211; das alles ist hier m\u00f6glich. Dies ist ein v\u00f6llig legaler Service &#8211; im Grunde ist es ein Botendienst f\u00fcr Lotterielose.<\/p>\n<p><a href=\"https:\/\/redfoxlotto.com\/de\/?ref=a8564250a2&amp;medium=ol365\" target=\"_blank\" rel=\"noopener noreferrer\"><img loading=\"lazy\" decoding=\"async\" class=\"aligncenter\" src=\"https:\/\/redfoxlotto.com\/de\/image?size=8&amp;lottery=euromillions\" alt=\"Euromillions\" width=\"720\" height=\"90\" \/><\/a><\/p>\n<h2>Wie funktioniert der Kaufprozess f\u00fcr Lotterielose?<\/h2>\n<p>Wir haben versucht, den gesamten Prozess f\u00fcr Sie so einfach und schnell wie m\u00f6glich zu gestalten. Unsere Plattform f\u00fchrt Sie durch die Schritte, die notwendig sind, um Ihre Lose zu kaufen, ein Kundenkonto zu registrieren und schlie\u00dflich online zu bezahlen. Wenn Sie Fragen haben, empfehlen wir Ihnen, zuerst unsere FAQ zu lesen. Die h\u00e4ufigsten Probleme werden durch das Lesen dieser Kommentare gel\u00f6st. Und wenn Sie immer noch ein Problem haben, k\u00f6nnen Sie sich an unser Support-Team wenden. Sie werden Ihre Fragen innerhalb von 24 Stunden beantworten.<\/p>\n<h2>\u00dcberpr\u00fcfen Sie Ihre Ergebnisse auf einfache Weise<\/h2>\n<p>Wenn Sie ein Ticket online kaufen, ist es<strong> sp\u00e4ter<\/strong> auch<strong> einfacher, <a href=\"https:\/\/onlinelotto365.com\/de\/news\/ueberpruefen-sie-meinen-euromillions-lottoschein\">die Ergebnisse zu \u00fcberpr\u00fcfen<\/a><\/strong>. Kommen Sie einfach hierher zur\u00fcck, loggen Sie sich in Ihr Konto ein und sehen Sie sich Ihre vorhandenen Tickets an. <strong><a href=\"https:\/\/onlinelotto365.com\/de\/gewinnzahlen\">Gewinnzahlen<\/a><\/strong> werden hervorgehoben, und die Ergebnisse der Ziehung werden direkt neben Ihrem Los angezeigt. Wir werden Ihnen auch mitteilen, wie viel Sie gewonnen haben.<\/p>\n<p>Hier finden Sie auch ein Archiv der bisherigen Auslosungsergebnisse. Viele unserer Spieler \u00fcberpr\u00fcfen gerne die bisherigen Ergebnisse und w\u00e4hlen dann auf der Grundlage der bisherigen Gewinnzahlen die Zahlen f\u00fcr ihr n\u00e4chstes Los aus.<\/p>\n<h2>Kaufen und bezahlen Sie Ihre Lottoscheine auf die sicherste Art und Weise<\/h2>\n<p>Sie brauchen sich keine Sorgen um die Sicherheit Ihrer Zahlungsdetails, wie Kreditkartendaten oder Bankkontonummern, zu machen. W\u00e4hrend des Zahlungsvorgangs verwenden wir die <strong>neueste und sicherste Verschl\u00fcsselungstechnologie<\/strong>. Und wir bieten eine Reihe von Zahlungsoptionen an. Die beliebteste Option ist die Zahlung per Kreditkarte, aber Sie k\u00f6nnen auch Bitcoin, Bank\u00fcberweisung (aus einigen L\u00e4ndern) und eine ganze Reihe anderer Optionen zum Kauf von Tickets verwenden.<\/p>\n","protected":false},"excerpt":{"rendered":"<p>Im Allgemeinen ist es so viel bequemer, Dinge online zu kaufen. Das gilt auch f\u00fcr den Kauf von Lotterielosen. Man muss das Haus nicht verlassen, kein Geld f\u00fcr Benzin ausgeben und an der Lottoannahmestelle Schlange stehen. Wichtiger ist jedoch, dass Sie nicht mehr auf Ihre \u00f6rtliche Lotterie beschr\u00e4nkt sind. All diese Jackpots und Lotterien aus [&hellip;]<\/p>\n","protected":false},"author":1,"featured_media":0,"parent":0,"menu_order":3,"comment_status":"closed","ping_status":"closed","template":"Information.php","meta":{"_et_pb_use_builder":"","_et_pb_old_content":"","_et_gb_content_width":"","exclude_from_search":false,"footnotes":""},"class_list":["post-3805","page","type-page","status-publish","hentry"],"yoast_head":"<!-- This site is optimized with the Yoast SEO plugin v23.4 - https:\/\/yoast.com\/wordpress\/plugins\/seo\/ -->\n<title>Kaufen Sie online Lose f\u00fcr die gr\u00f6\u00dften Lotterie-Jackpots der Welt<\/title>\n<meta name=\"description\" content=\"Kaufen Sie immer noch Lotterielose vor Ort? Es gibt viel bessere Lotto-Jackpots - kaufen Sie Ihre Lose einfach online!\" \/>\n<meta name=\"robots\" content=\"index, follow, max-snippet:-1, max-image-preview:large, max-video-preview:-1\" \/>\n<link rel=\"canonical\" href=\"https:\/\/onlinelotto365.com\/de\/lose-kaufen\/\" \/>\n<meta property=\"og:locale\" content=\"de_DE\" \/>\n<meta property=\"og:type\" content=\"article\" \/>\n<meta property=\"og:title\" content=\"Kaufen Sie online Lose f\u00fcr die gr\u00f6\u00dften Lotterie-Jackpots der Welt\" \/>\n<meta property=\"og:description\" content=\"Kaufen Sie immer noch Lotterielose vor Ort? Es gibt viel bessere Lotto-Jackpots - kaufen Sie Ihre Lose einfach online!\" \/>\n<meta property=\"og:url\" content=\"https:\/\/onlinelotto365.com\/de\/lose-kaufen\/\" \/>\n<meta property=\"og:site_name\" content=\"OnlineLotto365\" \/>\n<meta property=\"article:modified_time\" content=\"2021-01-07T14:02:47+00:00\" \/>\n<meta property=\"og:image\" content=\"https:\/\/redfoxlotto.com\/de\/image?size=8&amp;lottery=euromillions\" \/>\n<meta name=\"twitter:card\" content=\"summary_large_image\" \/>\n<meta name=\"twitter:label1\" content=\"Gesch\u00e4tzte Lesezeit\" \/>\n\t<meta name=\"twitter:data1\" content=\"2\u00a0Minuten\" \/>\n<script type=\"application\/ld+json\" class=\"yoast-schema-graph\">{\"@context\":\"https:\/\/schema.org\",\"@graph\":[{\"@type\":\"WebPage\",\"@id\":\"https:\/\/onlinelotto365.com\/de\/lose-kaufen\/\",\"url\":\"https:\/\/onlinelotto365.com\/de\/lose-kaufen\/\",\"name\":\"Kaufen Sie online Lose f\u00fcr die gr\u00f6\u00dften Lotterie-Jackpots der Welt\",\"isPartOf\":{\"@id\":\"https:\/\/onlinelotto365.com\/de\/#website\"},\"primaryImageOfPage\":{\"@id\":\"https:\/\/onlinelotto365.com\/de\/lose-kaufen\/#primaryimage\"},\"image\":{\"@id\":\"https:\/\/onlinelotto365.com\/de\/lose-kaufen\/#primaryimage\"},\"thumbnailUrl\":\"https:\/\/redfoxlotto.com\/de\/image?size=8&amp;lottery=euromillions\",\"datePublished\":\"2020-11-17T17:13:29+00:00\",\"dateModified\":\"2021-01-07T14:02:47+00:00\",\"description\":\"Kaufen Sie immer noch Lotterielose vor Ort? Es gibt viel bessere Lotto-Jackpots - kaufen Sie Ihre Lose einfach online!\",\"breadcrumb\":{\"@id\":\"https:\/\/onlinelotto365.com\/de\/lose-kaufen\/#breadcrumb\"},\"inLanguage\":\"de\",\"potentialAction\":[{\"@type\":\"ReadAction\",\"target\":[\"https:\/\/onlinelotto365.com\/de\/lose-kaufen\/\"]}]},{\"@type\":\"ImageObject\",\"inLanguage\":\"de\",\"@id\":\"https:\/\/onlinelotto365.com\/de\/lose-kaufen\/#primaryimage\",\"url\":\"https:\/\/redfoxlotto.com\/de\/image?size=8&amp;lottery=euromillions\",\"contentUrl\":\"https:\/\/redfoxlotto.com\/de\/image?size=8&amp;lottery=euromillions\"},{\"@type\":\"BreadcrumbList\",\"@id\":\"https:\/\/onlinelotto365.com\/de\/lose-kaufen\/#breadcrumb\",\"itemListElement\":[{\"@type\":\"ListItem\",\"position\":1,\"name\":\"Home\",\"item\":\"https:\/\/onlinelotto365.com\/de\/\"},{\"@type\":\"ListItem\",\"position\":2,\"name\":\"Warum es sinnvoller ist, Lotterielose online zu kaufen\"}]},{\"@type\":\"WebSite\",\"@id\":\"https:\/\/onlinelotto365.com\/de\/#website\",\"url\":\"https:\/\/onlinelotto365.com\/de\/\",\"name\":\"OnlineLotto365\",\"description\":\"\",\"potentialAction\":[{\"@type\":\"SearchAction\",\"target\":{\"@type\":\"EntryPoint\",\"urlTemplate\":\"https:\/\/onlinelotto365.com\/de\/?s={search_term_string}\"},\"query-input\":{\"@type\":\"PropertyValueSpecification\",\"valueRequired\":true,\"valueName\":\"search_term_string\"}}],\"inLanguage\":\"de\"}]}<\/script>\n<!-- \/ Yoast SEO plugin. -->","yoast_head_json":{"title":"Kaufen Sie online Lose f\u00fcr die gr\u00f6\u00dften Lotterie-Jackpots der Welt","description":"Kaufen Sie immer noch Lotterielose vor Ort? Es gibt viel bessere Lotto-Jackpots - kaufen Sie Ihre Lose einfach online!","robots":{"index":"index","follow":"follow","max-snippet":"max-snippet:-1","max-image-preview":"max-image-preview:large","max-video-preview":"max-video-preview:-1"},"canonical":"https:\/\/onlinelotto365.com\/de\/lose-kaufen\/","og_locale":"de_DE","og_type":"article","og_title":"Kaufen Sie online Lose f\u00fcr die gr\u00f6\u00dften Lotterie-Jackpots der Welt","og_description":"Kaufen Sie immer noch Lotterielose vor Ort? Es gibt viel bessere Lotto-Jackpots - kaufen Sie Ihre Lose einfach online!","og_url":"https:\/\/onlinelotto365.com\/de\/lose-kaufen\/","og_site_name":"OnlineLotto365","article_modified_time":"2021-01-07T14:02:47+00:00","og_image":[{"url":"https:\/\/redfoxlotto.com\/de\/image?size=8&amp;lottery=euromillions"}],"twitter_card":"summary_large_image","twitter_misc":{"Gesch\u00e4tzte Lesezeit":"2\u00a0Minuten"},"schema":{"@context":"https:\/\/schema.org","@graph":[{"@type":"WebPage","@id":"https:\/\/onlinelotto365.com\/de\/lose-kaufen\/","url":"https:\/\/onlinelotto365.com\/de\/lose-kaufen\/","name":"Kaufen Sie online Lose f\u00fcr die gr\u00f6\u00dften Lotterie-Jackpots der Welt","isPartOf":{"@id":"https:\/\/onlinelotto365.com\/de\/#website"},"primaryImageOfPage":{"@id":"https:\/\/onlinelotto365.com\/de\/lose-kaufen\/#primaryimage"},"image":{"@id":"https:\/\/onlinelotto365.com\/de\/lose-kaufen\/#primaryimage"},"thumbnailUrl":"https:\/\/redfoxlotto.com\/de\/image?size=8&amp;lottery=euromillions","datePublished":"2020-11-17T17:13:29+00:00","dateModified":"2021-01-07T14:02:47+00:00","description":"Kaufen Sie immer noch Lotterielose vor Ort? Es gibt viel bessere Lotto-Jackpots - kaufen Sie Ihre Lose einfach online!","breadcrumb":{"@id":"https:\/\/onlinelotto365.com\/de\/lose-kaufen\/#breadcrumb"},"inLanguage":"de","potentialAction":[{"@type":"ReadAction","target":["https:\/\/onlinelotto365.com\/de\/lose-kaufen\/"]}]},{"@type":"ImageObject","inLanguage":"de","@id":"https:\/\/onlinelotto365.com\/de\/lose-kaufen\/#primaryimage","url":"https:\/\/redfoxlotto.com\/de\/image?size=8&amp;lottery=euromillions","contentUrl":"https:\/\/redfoxlotto.com\/de\/image?size=8&amp;lottery=euromillions"},{"@type":"BreadcrumbList","@id":"https:\/\/onlinelotto365.com\/de\/lose-kaufen\/#breadcrumb","itemListElement":[{"@type":"ListItem","position":1,"name":"Home","item":"https:\/\/onlinelotto365.com\/de\/"},{"@type":"ListItem","position":2,"name":"Warum es sinnvoller ist, Lotterielose online zu kaufen"}]},{"@type":"WebSite","@id":"https:\/\/onlinelotto365.com\/de\/#website","url":"https:\/\/onlinelotto365.com\/de\/","name":"OnlineLotto365","description":"","potentialAction":[{"@type":"SearchAction","target":{"@type":"EntryPoint","urlTemplate":"https:\/\/onlinelotto365.com\/de\/?s={search_term_string}"},"query-input":{"@type":"PropertyValueSpecification","valueRequired":true,"valueName":"search_term_string"}}],"inLanguage":"de"}]}},"_links":{"self":[{"href":"https:\/\/onlinelotto365.com\/de\/wp-json\/wp\/v2\/pages\/3805","targetHints":{"allow":["GET"]}}],"collection":[{"href":"https:\/\/onlinelotto365.com\/de\/wp-json\/wp\/v2\/pages"}],"about":[{"href":"https:\/\/onlinelotto365.com\/de\/wp-json\/wp\/v2\/types\/page"}],"author":[{"embeddable":true,"href":"https:\/\/onlinelotto365.com\/de\/wp-json\/wp\/v2\/users\/1"}],"replies":[{"embeddable":true,"href":"https:\/\/onlinelotto365.com\/de\/wp-json\/wp\/v2\/comments?post=3805"}],"version-history":[{"count":0,"href":"https:\/\/onlinelotto365.com\/de\/wp-json\/wp\/v2\/pages\/3805\/revisions"}],"wp:attachment":[{"href":"https:\/\/onlinelotto365.com\/de\/wp-json\/wp\/v2\/media?parent=3805"}],"curies":[{"name":"wp","href":"https:\/\/api.w.org\/{rel}","templated":true}]}}