{"id":4367,"date":"2020-11-30T10:23:58","date_gmt":"2020-11-30T09:23:58","guid":{"rendered":"http:\/\/onlinelotto365.net\/winning-numbers\/ergebnisse-der-powerball-ziehung"},"modified":"2021-01-07T15:09:59","modified_gmt":"2021-01-07T14:09:59","slug":"powerball","status":"publish","type":"page","link":"https:\/\/onlinelotto365.com\/de\/gewinnzahlen\/powerball\/","title":{"rendered":"Ergebnisse der Powerball-Ziehung"},"content":{"rendered":"<h2>Pr\u00fcfen Sie hier die Powerball-Gewinnzahlen<\/h2>\n<p><a href=\"https:\/\/redfoxlotto.com\/de\/spielen\/powerball\/?ref=a8564250a2&amp;medium=ol365\" target=\"_blank\" rel=\"noopener noreferrer\"><img decoding=\"async\" class=\"aligncenter\" src=\"https:\/\/redfoxlotto.com\/image?size=8&amp;lottery=powerball\" alt=\"Powerball\" \/><\/a><br \/>\nDie Powerball-Gewinnzahlen zu finden ist einfach, wenn man in den USA lebt. Insbesondere bei sehr hohen Jackpots wird das <a href=\"https:\/\/onlinelotto365.com\/de\/gewinnzahlen\">Ergebnis<\/a> in den Nachrichten gesendet und in jeder Zeitung ver\u00f6ffentlicht.<\/p>\n<p>Aber was ist, wenn Sie nicht in den USA leben, wen bekommen Sie dann in die H\u00e4nde der Powerball-Gewinnzahlen? Wie finden Sie die Ergebnisse und sehen, wie viel Sie gewonnen haben?<\/p>\n<h2>So finden Sie heraus, ob Ihr Online-Ticket gewonnen hat<\/h2>\n<p>Nun, wenn Sie <a href=\"https:\/\/onlinelotto365.com\/de\/lose-kaufen\">ein Online-Ticket <\/a> gekauft haben, ist das eigentlich recht einfach. Gehen Sie zur\u00fcck zu unserer Website, loggen Sie sich mit Ihrem Benutzernamen und Passwort ein und gehen Sie dann zu dem Abschnitt, in dem Ihr Kaufticket digital gespeichert ist. Die Zahlen, die Sie gespielt haben, werden in einer anderen Farbe hervorgehoben, wenn sie mit den gezogenen Zahlen des Ziehungstages \u00fcbereinstimmen, f\u00fcr den Sie Ihr Los gekauft haben.<\/p>\n<p>Nat\u00fcrlich k\u00f6nnen Sie auch unsere Ergebnis\u00fcbersichtsseite \u00f6ffnen und auf diese Weise die Ziehungsergebnisse mit Ihrem Los vergleichen. Einige unserer Kunden drucken ihre Online-Tickets gerne aus und markieren dann die Gewinnzahlen auf dem Ausdruck, um zu sehen, ob sie gewonnen haben.<\/p>\n<h2>Archiv der Powerball-Ergebnisse<\/h2>\n<p>Auf unserer \u00dcbersichtsseite der Lotterieergebnisse k\u00f6nnen Sie sich auch die Gewinnzahlen der vergangenen Wochen ansehen. Dies kann Ihnen bei Ihrer Strategie zur Auswahl Ihrer Gl\u00fcckszahlen helfen. Sie k\u00f6nnten zum Beispiel versuchen, Zahlen zu finden, die l\u00e4ngst \u00fcberf\u00e4llig sind, und dann einen Lottoschein mit nur diesen Zahlen erstellen.<\/p>\n<p>Oder Sie k\u00f6nnen Ihre Powerball-Gewinnzahlen ausw\u00e4hlen, indem Sie herausfinden, welche Zahlen \u00f6fter als andere Zahlen aufgetaucht sind. Viele Spieler verwenden eine Mischung aus diesen beiden <a href=\"https:\/\/onlinelotto365.com\/de\/news\/moeglichkeiten-lottozahlen-auszuwaehlen-die-gewinnen\">Methoden, um ihre pers\u00f6nlichen Lottozahlen zu w\u00e4hlen.<\/a><\/p>\n<p>Wenn Sie sich nicht entscheiden k\u00f6nnen, welche Zahlen Sie f\u00fcr ein Gewinnlos w\u00e4hlen sollen, wie w\u00e4re es mit dieser Methode: \u00dcberpr\u00fcfen Sie die bisherigen Gewinnzahlen f\u00fcr eine andere Lotterie mit einem \u00e4hnlichen Zahlenbereich wie die Lotterie, die Sie zu spielen beabsichtigen. Finden Sie eine Gewinnkombination, die Ihnen in diesen fr\u00fcheren Ergebnissen gef\u00e4llt, und verwenden Sie dann diese \u00e4lteren Gewinnzahlen, um ein neues Powerball-Ticket zu spielen.<\/p>\n<h2>Mein Los hat gewonnen, wie geht es weiter?<\/h2>\n<p>Nun, herzlichen Gl\u00fcckwunsch, gut f\u00fcr Sie! Nat\u00fcrlich freuen wir uns immer, wenn einer unserer Kunden ein Ticket mit dem Powerball-Gewinnerticket darauf hat. Ob es sich um einen kleineren oder gr\u00f6\u00dferen Gewinn handelt, wir k\u00fcmmern uns f\u00fcr Sie um die Auszahlung, nat\u00fcrlich kostenlos!<\/p>\n<p>Gewinn von \u20ac2500 oder weniger &#8211; der gewonnene Betrag wird Ihrem Guthaben auf unserer Website gutgeschrieben. L\u00f6sen Sie es von dort aus ein, oder nehmen Sie den Restbetrag, um weitere Tickets zu kaufen.<\/p>\n<p>Gewinne von mehr als E2500 &#8211; unser Support-Team hilft Ihnen bei der Auszahlung. Nachdem Sie einige Angaben zu Ihrer Identit\u00e4t und Ihrer bevorzugten Zahlungsmethode (Bank\u00fcberweisung oder Scheck) gemacht haben, erhalten Sie die Zahlung direkt auf dem von Ihnen gew\u00e4hlten Weg.<\/p>\n","protected":false},"excerpt":{"rendered":"<p>Pr\u00fcfen Sie hier die Powerball-Gewinnzahlen Die Powerball-Gewinnzahlen zu finden ist einfach, wenn man in den USA lebt. Insbesondere bei sehr hohen Jackpots wird das Ergebnis in den Nachrichten gesendet und in jeder Zeitung ver\u00f6ffentlicht. Aber was ist, wenn Sie nicht in den USA leben, wen bekommen Sie dann in die H\u00e4nde der Powerball-Gewinnzahlen? Wie finden [&hellip;]<\/p>\n","protected":false},"author":1,"featured_media":0,"parent":3795,"menu_order":1,"comment_status":"closed","ping_status":"closed","template":"powerball-usa-info.php","meta":{"_et_pb_use_builder":"","_et_pb_old_content":"","_et_gb_content_width":"","exclude_from_search":false,"footnotes":""},"class_list":["post-4367","page","type-page","status-publish","hentry"],"yoast_head":"<!-- This site is optimized with the Yoast SEO plugin v23.4 - https:\/\/yoast.com\/wordpress\/plugins\/seo\/ -->\n<title>Powerball Gewinnzahlen | Ergebnisse und Gewinne f\u00fcr Powerball USA<\/title>\n<meta name=\"description\" content=\"M\u00f6chten Sie sehen, ob Ihr Powerball-Ticket ein Gewinner ist? Pr\u00fcfen Sie die Gewinnzahlen auf unserer Website!\" \/>\n<meta name=\"robots\" content=\"index, follow, max-snippet:-1, max-image-preview:large, max-video-preview:-1\" \/>\n<link rel=\"canonical\" href=\"https:\/\/onlinelotto365.com\/de\/gewinnzahlen\/powerball\/\" \/>\n<meta property=\"og:locale\" content=\"de_DE\" \/>\n<meta property=\"og:type\" content=\"article\" \/>\n<meta property=\"og:title\" content=\"Powerball Gewinnzahlen | Ergebnisse und Gewinne f\u00fcr Powerball USA\" \/>\n<meta property=\"og:description\" content=\"M\u00f6chten Sie sehen, ob Ihr Powerball-Ticket ein Gewinner ist? Pr\u00fcfen Sie die Gewinnzahlen auf unserer Website!\" \/>\n<meta property=\"og:url\" content=\"https:\/\/onlinelotto365.com\/de\/gewinnzahlen\/powerball\/\" \/>\n<meta property=\"og:site_name\" content=\"OnlineLotto365\" \/>\n<meta property=\"article:modified_time\" content=\"2021-01-07T14:09:59+00:00\" \/>\n<meta property=\"og:image\" content=\"https:\/\/redfoxlotto.com\/image?size=8&amp;lottery=powerball\" \/>\n<meta name=\"twitter:card\" content=\"summary_large_image\" \/>\n<meta name=\"twitter:label1\" content=\"Gesch\u00e4tzte Lesezeit\" \/>\n\t<meta name=\"twitter:data1\" content=\"2\u00a0Minuten\" \/>\n<script type=\"application\/ld+json\" class=\"yoast-schema-graph\">{\"@context\":\"https:\/\/schema.org\",\"@graph\":[{\"@type\":\"WebPage\",\"@id\":\"https:\/\/onlinelotto365.com\/de\/gewinnzahlen\/powerball\/\",\"url\":\"https:\/\/onlinelotto365.com\/de\/gewinnzahlen\/powerball\/\",\"name\":\"Powerball Gewinnzahlen | Ergebnisse und Gewinne f\u00fcr Powerball USA\",\"isPartOf\":{\"@id\":\"https:\/\/onlinelotto365.com\/de\/#website\"},\"primaryImageOfPage\":{\"@id\":\"https:\/\/onlinelotto365.com\/de\/gewinnzahlen\/powerball\/#primaryimage\"},\"image\":{\"@id\":\"https:\/\/onlinelotto365.com\/de\/gewinnzahlen\/powerball\/#primaryimage\"},\"thumbnailUrl\":\"https:\/\/redfoxlotto.com\/image?size=8&amp;lottery=powerball\",\"datePublished\":\"2020-11-30T09:23:58+00:00\",\"dateModified\":\"2021-01-07T14:09:59+00:00\",\"description\":\"M\u00f6chten Sie sehen, ob Ihr Powerball-Ticket ein Gewinner ist? Pr\u00fcfen Sie die Gewinnzahlen auf unserer Website!\",\"breadcrumb\":{\"@id\":\"https:\/\/onlinelotto365.com\/de\/gewinnzahlen\/powerball\/#breadcrumb\"},\"inLanguage\":\"de\",\"potentialAction\":[{\"@type\":\"ReadAction\",\"target\":[\"https:\/\/onlinelotto365.com\/de\/gewinnzahlen\/powerball\/\"]}]},{\"@type\":\"ImageObject\",\"inLanguage\":\"de\",\"@id\":\"https:\/\/onlinelotto365.com\/de\/gewinnzahlen\/powerball\/#primaryimage\",\"url\":\"https:\/\/redfoxlotto.com\/image?size=8&amp;lottery=powerball\",\"contentUrl\":\"https:\/\/redfoxlotto.com\/image?size=8&amp;lottery=powerball\"},{\"@type\":\"BreadcrumbList\",\"@id\":\"https:\/\/onlinelotto365.com\/de\/gewinnzahlen\/powerball\/#breadcrumb\",\"itemListElement\":[{\"@type\":\"ListItem\",\"position\":1,\"name\":\"Home\",\"item\":\"https:\/\/onlinelotto365.com\/de\/\"},{\"@type\":\"ListItem\",\"position\":2,\"name\":\"Finden Sie Gewinnzahlen und Ergebnisse der letzten Lottoziehungen\",\"item\":\"https:\/\/onlinelotto365.com\/de\/gewinnzahlen\/\"},{\"@type\":\"ListItem\",\"position\":3,\"name\":\"Ergebnisse der Powerball-Ziehung\"}]},{\"@type\":\"WebSite\",\"@id\":\"https:\/\/onlinelotto365.com\/de\/#website\",\"url\":\"https:\/\/onlinelotto365.com\/de\/\",\"name\":\"OnlineLotto365\",\"description\":\"\",\"potentialAction\":[{\"@type\":\"SearchAction\",\"target\":{\"@type\":\"EntryPoint\",\"urlTemplate\":\"https:\/\/onlinelotto365.com\/de\/?s={search_term_string}\"},\"query-input\":{\"@type\":\"PropertyValueSpecification\",\"valueRequired\":true,\"valueName\":\"search_term_string\"}}],\"inLanguage\":\"de\"}]}<\/script>\n<!-- \/ Yoast SEO plugin. -->","yoast_head_json":{"title":"Powerball Gewinnzahlen | Ergebnisse und Gewinne f\u00fcr Powerball USA","description":"M\u00f6chten Sie sehen, ob Ihr Powerball-Ticket ein Gewinner ist? Pr\u00fcfen Sie die Gewinnzahlen auf unserer Website!","robots":{"index":"index","follow":"follow","max-snippet":"max-snippet:-1","max-image-preview":"max-image-preview:large","max-video-preview":"max-video-preview:-1"},"canonical":"https:\/\/onlinelotto365.com\/de\/gewinnzahlen\/powerball\/","og_locale":"de_DE","og_type":"article","og_title":"Powerball Gewinnzahlen | Ergebnisse und Gewinne f\u00fcr Powerball USA","og_description":"M\u00f6chten Sie sehen, ob Ihr Powerball-Ticket ein Gewinner ist? Pr\u00fcfen Sie die Gewinnzahlen auf unserer Website!","og_url":"https:\/\/onlinelotto365.com\/de\/gewinnzahlen\/powerball\/","og_site_name":"OnlineLotto365","article_modified_time":"2021-01-07T14:09:59+00:00","og_image":[{"url":"https:\/\/redfoxlotto.com\/image?size=8&amp;lottery=powerball"}],"twitter_card":"summary_large_image","twitter_misc":{"Gesch\u00e4tzte Lesezeit":"2\u00a0Minuten"},"schema":{"@context":"https:\/\/schema.org","@graph":[{"@type":"WebPage","@id":"https:\/\/onlinelotto365.com\/de\/gewinnzahlen\/powerball\/","url":"https:\/\/onlinelotto365.com\/de\/gewinnzahlen\/powerball\/","name":"Powerball Gewinnzahlen | Ergebnisse und Gewinne f\u00fcr Powerball USA","isPartOf":{"@id":"https:\/\/onlinelotto365.com\/de\/#website"},"primaryImageOfPage":{"@id":"https:\/\/onlinelotto365.com\/de\/gewinnzahlen\/powerball\/#primaryimage"},"image":{"@id":"https:\/\/onlinelotto365.com\/de\/gewinnzahlen\/powerball\/#primaryimage"},"thumbnailUrl":"https:\/\/redfoxlotto.com\/image?size=8&amp;lottery=powerball","datePublished":"2020-11-30T09:23:58+00:00","dateModified":"2021-01-07T14:09:59+00:00","description":"M\u00f6chten Sie sehen, ob Ihr Powerball-Ticket ein Gewinner ist? Pr\u00fcfen Sie die Gewinnzahlen auf unserer Website!","breadcrumb":{"@id":"https:\/\/onlinelotto365.com\/de\/gewinnzahlen\/powerball\/#breadcrumb"},"inLanguage":"de","potentialAction":[{"@type":"ReadAction","target":["https:\/\/onlinelotto365.com\/de\/gewinnzahlen\/powerball\/"]}]},{"@type":"ImageObject","inLanguage":"de","@id":"https:\/\/onlinelotto365.com\/de\/gewinnzahlen\/powerball\/#primaryimage","url":"https:\/\/redfoxlotto.com\/image?size=8&amp;lottery=powerball","contentUrl":"https:\/\/redfoxlotto.com\/image?size=8&amp;lottery=powerball"},{"@type":"BreadcrumbList","@id":"https:\/\/onlinelotto365.com\/de\/gewinnzahlen\/powerball\/#breadcrumb","itemListElement":[{"@type":"ListItem","position":1,"name":"Home","item":"https:\/\/onlinelotto365.com\/de\/"},{"@type":"ListItem","position":2,"name":"Finden Sie Gewinnzahlen und Ergebnisse der letzten Lottoziehungen","item":"https:\/\/onlinelotto365.com\/de\/gewinnzahlen\/"},{"@type":"ListItem","position":3,"name":"Ergebnisse der Powerball-Ziehung"}]},{"@type":"WebSite","@id":"https:\/\/onlinelotto365.com\/de\/#website","url":"https:\/\/onlinelotto365.com\/de\/","name":"OnlineLotto365","description":"","potentialAction":[{"@type":"SearchAction","target":{"@type":"EntryPoint","urlTemplate":"https:\/\/onlinelotto365.com\/de\/?s={search_term_string}"},"query-input":{"@type":"PropertyValueSpecification","valueRequired":true,"valueName":"search_term_string"}}],"inLanguage":"de"}]}},"_links":{"self":[{"href":"https:\/\/onlinelotto365.com\/de\/wp-json\/wp\/v2\/pages\/4367","targetHints":{"allow":["GET"]}}],"collection":[{"href":"https:\/\/onlinelotto365.com\/de\/wp-json\/wp\/v2\/pages"}],"about":[{"href":"https:\/\/onlinelotto365.com\/de\/wp-json\/wp\/v2\/types\/page"}],"author":[{"embeddable":true,"href":"https:\/\/onlinelotto365.com\/de\/wp-json\/wp\/v2\/users\/1"}],"replies":[{"embeddable":true,"href":"https:\/\/onlinelotto365.com\/de\/wp-json\/wp\/v2\/comments?post=4367"}],"version-history":[{"count":0,"href":"https:\/\/onlinelotto365.com\/de\/wp-json\/wp\/v2\/pages\/4367\/revisions"}],"up":[{"embeddable":true,"href":"https:\/\/onlinelotto365.com\/de\/wp-json\/wp\/v2\/pages\/3795"}],"wp:attachment":[{"href":"https:\/\/onlinelotto365.com\/de\/wp-json\/wp\/v2\/media?parent=4367"}],"curies":[{"name":"wp","href":"https:\/\/api.w.org\/{rel}","templated":true}]}}