{"id":5018,"date":"2020-12-03T08:41:04","date_gmt":"2020-12-03T07:41:04","guid":{"rendered":"http:\/\/onlinelotto365.net\/?page_id=5018"},"modified":"2021-01-07T15:11:02","modified_gmt":"2021-01-07T14:11:02","slug":"spielen","status":"publish","type":"page","link":"https:\/\/onlinelotto365.com\/de\/spielen\/","title":{"rendered":"Alles, was Sie wissen m\u00fcssen, um die besten Lotterien online zu spielen"},"content":{"rendered":"<p>Wollen Sie mit dem Lotto spielen anfangen? Nun, wenn ja, dann sollten Sie sich auf jeden Fall Ihre Online-Optionen ansehen. Alle gro\u00dfen Lotto-Spiele, von fast \u00fcberall auf der Welt, sind f\u00fcr Sie online spielbar. Sie m\u00fcssen nur wissen, wo Sie suchen und wie Sie anfangen k\u00f6nnen. Zum Gl\u00fcck f\u00fcr Sie ist das eigentlich ganz einfach zu bewerkstelligen. Sie brauchen nur ein Lesezeichen f\u00fcr unsere Website zu setzen und zur\u00fcckzuschauen, um aktuelle Informationen zu erhalten. Sie finden zahlreiche M\u00f6glichkeiten, jedes der <a href=\"https:\/\/onlinelotto365.com\/de\/lose-kaufen\"> Lotteriespiele<\/a> zu spielen, die Sie aus jedem der aufgef\u00fchrten L\u00e4nder sehen.<\/p>\n<p><a href=\"https:\/\/redfoxlotto.com\/de\/spielen\/mega-millions\/?ref=a8564250a2&amp;medium=ol365\" target=\"_blank\" rel=\"noopener noreferrer\"><img loading=\"lazy\" decoding=\"async\" class=\"aligncenter\" src=\"https:\/\/redfoxlotto.com\/de\/image?size=7&amp;lottery=mega-millions\" alt=\"spielen mega millions\" width=\"841\" height=\"108\" \/><\/a><\/p>\n<p>Das Tolle an den Online-Optionen ist die Tatsache, dass man damit Spiele spielen kann, die sich \u00fcberall auf der Welt befinden. Sie werden nicht mehr nur auf die Spiele beschr\u00e4nkt sein, die Sie in Ihrem \u00f6rtlichen Gesch\u00e4ft spielen k\u00f6nnen. Stattdessen k\u00f6nnen Sie nachsehen, wie die Spiele in verschiedenen L\u00e4ndern gespielt werden, und Sie k\u00f6nnen Ihr Gl\u00fcck dabei versuchen.<\/p>\n<h2>Wenn Sie die Lotterie online spielen, haben Sie mehr Auswahlm\u00f6glichkeiten<\/h2>\n<p>Das Beste am Online-Spielen der Lotterie ist die Tatsache, dass Sie zu jedem beliebigen Zeitpunkt einen gro\u00dfen Jackpot gewinnen k\u00f6nnen. Wenn Sie sich darauf beschr\u00e4nken, Ihr lokales Lotto zu spielen, m\u00fcssen Sie unter Umst\u00e4nden lange warten, bis der Jackpot so gro\u00df ist, dass es sinnvoll ist, Geld in Lottoscheine zu investieren.<\/p>\n<p>Es ist klar, dass die <a href=\"https:\/\/onlinelotto365.com\/de\/news\/mega-millions-jackpot-heute\">Gr\u00f6\u00dfe des Jackpots<\/a> f\u00fcr Ihre Entscheidung wichtig ist. Ein gr\u00f6\u00dferer Gewinn bedeutet, dass Ihre mathematische Gewinnerwartung h\u00f6her ist. Aus diesem Grund geben die meisten unserer Kunden ihr Lottogeld f\u00fcr den derzeit h\u00f6chsten Jackpot aus.<\/p>\n<h2>Wie funktioniert der Online-Lotto-Service?<\/h2>\n<p><img loading=\"lazy\" decoding=\"async\" class=\"alignright wp-image-1862\" src=\"https:\/\/onlinelotto365.com\/wp-content\/uploads\/2020\/11\/online_lottery-166-200x300.jpg\" alt=\"online Lotto spielen\" width=\"104\" height=\"156\" \/> Am schnellsten beginnen Sie mit dem Online-Spiel der Lotterie, indem Sie auf einen der Lotterie-Buttons oder Banner klicken und Ihre Zahlen ausw\u00e4hlen, um einen Schein zu erstellen. Wenn Sie m\u00f6chten, k\u00f6nnen Sie mehr als eine Lotterie spielen. Legen Sie einfach so viele Lose in Ihren Einkaufswagen, wie Sie m\u00f6chten. Klicken Sie dann zum Auschecken und Bezahlen. Sie m\u00fcssen ein Konto bei uns erstellen. Vergessen Sie nicht, Ihr Konto zu verifizieren &#8211; suchen Sie nach der Best\u00e4tigungs-E-Mail in Ihrem Posteingang. Wenn es dort keine E-Mail gibt, finden Sie sie in Ihrem Ordner mit unbekannten Absendern oder vielleicht in Ihrer Spam-Box.<\/p>\n<h2>Kann ich von meinem Wohnsitzland aus spielen?<\/h2>\n<p>Es spielt wirklich keine Rolle, wo Sie wohnen. Online Lotto spielen &#8211; das geht von (fast) \u00fcberall. Die einzigen Ausnahmen sind, dass wir keine Kunden aus den USA und aus den Niederlanden akzeptieren k\u00f6nnen.<\/p>\n<h2>Wie bekomme ich meinen Gewinn?<\/h2>\n<p>Unser Lotteriescheinservice umfasst unsere Unterst\u00fctzung bei der Einl\u00f6sung Ihres <a href=\"https:\/\/onlinelotto365.com\/de\/gewinnzahlen\">Gewinns<\/a>. Hierf\u00fcr gibt es zwei verschiedene Verfahren:<\/p>\n<ul>\n<li>Gewinne von weniger als \u20ac2500: Der gewonnene Betrag wird Ihrem Benutzerkonto auf unserer Website gutgeschrieben. Von dort k\u00f6nnen Sie sich den Betrag auszahlen lassen, zum Beispiel auf Ihre Kreditkarte oder Ihr Bankkonto.<\/li>\n<li>Gewinne von mehr als \u20ac2500: Zahlungen von h\u00f6heren Betr\u00e4gen werden direkt von der Lotterie selbst vorgenommen. Wir werden Ihnen ein Formular zur Verf\u00fcgung stellen, das Sie ausf\u00fcllen und an uns zur\u00fcckschicken m\u00fcssen. Das Formular enth\u00e4lt Ihre Anweisungen f\u00fcr die Auszahlung, die entweder eine Bank\u00fcberweisung oder ein Scheck sein kann. All dies wird online abgewickelt. Wir schicken das Formular an die Lotterie, und die Lotterie \u00fcberweist das Geld auf Ihr Bankkonto oder schickt Ihnen einen Scheck &#8211; je nach Wunsch.<\/li>\n<\/ul>\n","protected":false},"excerpt":{"rendered":"<p>Wollen Sie mit dem Lotto spielen anfangen? Nun, wenn ja, dann sollten Sie sich auf jeden Fall Ihre Online-Optionen ansehen. Alle gro\u00dfen Lotto-Spiele, von fast \u00fcberall auf der Welt, sind f\u00fcr Sie online spielbar. Sie m\u00fcssen nur wissen, wo Sie suchen und wie Sie anfangen k\u00f6nnen. Zum Gl\u00fcck f\u00fcr Sie ist das eigentlich ganz einfach [&hellip;]<\/p>\n","protected":false},"author":1,"featured_media":0,"parent":0,"menu_order":2,"comment_status":"closed","ping_status":"closed","template":"Play-all.php","meta":{"_et_pb_use_builder":"","_et_pb_old_content":"","_et_gb_content_width":"","exclude_from_search":false,"footnotes":""},"class_list":["post-5018","page","type-page","status-publish","hentry"],"yoast_head":"<!-- This site is optimized with the Yoast SEO plugin v23.4 - https:\/\/yoast.com\/wordpress\/plugins\/seo\/ -->\n<title>Online Lotto spielen - mehr Jackpots f\u00fcr Lotterie-Fans aus der ganzen Welt<\/title>\n<meta name=\"description\" content=\"Wir machen es Ihnen leicht, ausl\u00e4ndische Lotterien online zu spielen - alle gro\u00dfen Jackpots sind hier\" \/>\n<meta name=\"robots\" content=\"index, follow, max-snippet:-1, max-image-preview:large, max-video-preview:-1\" \/>\n<link rel=\"canonical\" href=\"https:\/\/onlinelotto365.com\/de\/spielen\/\" \/>\n<meta property=\"og:locale\" content=\"de_DE\" \/>\n<meta property=\"og:type\" content=\"article\" \/>\n<meta property=\"og:title\" content=\"Online Lotto spielen - mehr Jackpots f\u00fcr Lotterie-Fans aus der ganzen Welt\" \/>\n<meta property=\"og:description\" content=\"Wir machen es Ihnen leicht, ausl\u00e4ndische Lotterien online zu spielen - alle gro\u00dfen Jackpots sind hier\" \/>\n<meta property=\"og:url\" content=\"https:\/\/onlinelotto365.com\/de\/spielen\/\" \/>\n<meta property=\"og:site_name\" content=\"OnlineLotto365\" \/>\n<meta property=\"article:modified_time\" content=\"2021-01-07T14:11:02+00:00\" \/>\n<meta property=\"og:image\" content=\"https:\/\/redfoxlotto.com\/de\/image?size=7&amp;lottery=mega-millions\" \/>\n<meta name=\"twitter:card\" content=\"summary_large_image\" \/>\n<meta name=\"twitter:label1\" content=\"Gesch\u00e4tzte Lesezeit\" \/>\n\t<meta name=\"twitter:data1\" content=\"3\u00a0Minuten\" \/>\n<script type=\"application\/ld+json\" class=\"yoast-schema-graph\">{\"@context\":\"https:\/\/schema.org\",\"@graph\":[{\"@type\":\"WebPage\",\"@id\":\"https:\/\/onlinelotto365.com\/de\/spielen\/\",\"url\":\"https:\/\/onlinelotto365.com\/de\/spielen\/\",\"name\":\"Online Lotto spielen - mehr Jackpots f\u00fcr Lotterie-Fans aus der ganzen Welt\",\"isPartOf\":{\"@id\":\"https:\/\/onlinelotto365.com\/de\/#website\"},\"primaryImageOfPage\":{\"@id\":\"https:\/\/onlinelotto365.com\/de\/spielen\/#primaryimage\"},\"image\":{\"@id\":\"https:\/\/onlinelotto365.com\/de\/spielen\/#primaryimage\"},\"thumbnailUrl\":\"https:\/\/redfoxlotto.com\/de\/image?size=7&amp;lottery=mega-millions\",\"datePublished\":\"2020-12-03T07:41:04+00:00\",\"dateModified\":\"2021-01-07T14:11:02+00:00\",\"description\":\"Wir machen es Ihnen leicht, ausl\u00e4ndische Lotterien online zu spielen - alle gro\u00dfen Jackpots sind hier\",\"breadcrumb\":{\"@id\":\"https:\/\/onlinelotto365.com\/de\/spielen\/#breadcrumb\"},\"inLanguage\":\"de\",\"potentialAction\":[{\"@type\":\"ReadAction\",\"target\":[\"https:\/\/onlinelotto365.com\/de\/spielen\/\"]}]},{\"@type\":\"ImageObject\",\"inLanguage\":\"de\",\"@id\":\"https:\/\/onlinelotto365.com\/de\/spielen\/#primaryimage\",\"url\":\"https:\/\/redfoxlotto.com\/de\/image?size=7&amp;lottery=mega-millions\",\"contentUrl\":\"https:\/\/redfoxlotto.com\/de\/image?size=7&amp;lottery=mega-millions\"},{\"@type\":\"BreadcrumbList\",\"@id\":\"https:\/\/onlinelotto365.com\/de\/spielen\/#breadcrumb\",\"itemListElement\":[{\"@type\":\"ListItem\",\"position\":1,\"name\":\"Home\",\"item\":\"https:\/\/onlinelotto365.com\/de\/\"},{\"@type\":\"ListItem\",\"position\":2,\"name\":\"Alles, was Sie wissen m\u00fcssen, um die besten Lotterien online zu spielen\"}]},{\"@type\":\"WebSite\",\"@id\":\"https:\/\/onlinelotto365.com\/de\/#website\",\"url\":\"https:\/\/onlinelotto365.com\/de\/\",\"name\":\"OnlineLotto365\",\"description\":\"\",\"potentialAction\":[{\"@type\":\"SearchAction\",\"target\":{\"@type\":\"EntryPoint\",\"urlTemplate\":\"https:\/\/onlinelotto365.com\/de\/?s={search_term_string}\"},\"query-input\":{\"@type\":\"PropertyValueSpecification\",\"valueRequired\":true,\"valueName\":\"search_term_string\"}}],\"inLanguage\":\"de\"}]}<\/script>\n<!-- \/ Yoast SEO plugin. -->","yoast_head_json":{"title":"Online Lotto spielen - mehr Jackpots f\u00fcr Lotterie-Fans aus der ganzen Welt","description":"Wir machen es Ihnen leicht, ausl\u00e4ndische Lotterien online zu spielen - alle gro\u00dfen Jackpots sind hier","robots":{"index":"index","follow":"follow","max-snippet":"max-snippet:-1","max-image-preview":"max-image-preview:large","max-video-preview":"max-video-preview:-1"},"canonical":"https:\/\/onlinelotto365.com\/de\/spielen\/","og_locale":"de_DE","og_type":"article","og_title":"Online Lotto spielen - mehr Jackpots f\u00fcr Lotterie-Fans aus der ganzen Welt","og_description":"Wir machen es Ihnen leicht, ausl\u00e4ndische Lotterien online zu spielen - alle gro\u00dfen Jackpots sind hier","og_url":"https:\/\/onlinelotto365.com\/de\/spielen\/","og_site_name":"OnlineLotto365","article_modified_time":"2021-01-07T14:11:02+00:00","og_image":[{"url":"https:\/\/redfoxlotto.com\/de\/image?size=7&amp;lottery=mega-millions"}],"twitter_card":"summary_large_image","twitter_misc":{"Gesch\u00e4tzte Lesezeit":"3\u00a0Minuten"},"schema":{"@context":"https:\/\/schema.org","@graph":[{"@type":"WebPage","@id":"https:\/\/onlinelotto365.com\/de\/spielen\/","url":"https:\/\/onlinelotto365.com\/de\/spielen\/","name":"Online Lotto spielen - mehr Jackpots f\u00fcr Lotterie-Fans aus der ganzen Welt","isPartOf":{"@id":"https:\/\/onlinelotto365.com\/de\/#website"},"primaryImageOfPage":{"@id":"https:\/\/onlinelotto365.com\/de\/spielen\/#primaryimage"},"image":{"@id":"https:\/\/onlinelotto365.com\/de\/spielen\/#primaryimage"},"thumbnailUrl":"https:\/\/redfoxlotto.com\/de\/image?size=7&amp;lottery=mega-millions","datePublished":"2020-12-03T07:41:04+00:00","dateModified":"2021-01-07T14:11:02+00:00","description":"Wir machen es Ihnen leicht, ausl\u00e4ndische Lotterien online zu spielen - alle gro\u00dfen Jackpots sind hier","breadcrumb":{"@id":"https:\/\/onlinelotto365.com\/de\/spielen\/#breadcrumb"},"inLanguage":"de","potentialAction":[{"@type":"ReadAction","target":["https:\/\/onlinelotto365.com\/de\/spielen\/"]}]},{"@type":"ImageObject","inLanguage":"de","@id":"https:\/\/onlinelotto365.com\/de\/spielen\/#primaryimage","url":"https:\/\/redfoxlotto.com\/de\/image?size=7&amp;lottery=mega-millions","contentUrl":"https:\/\/redfoxlotto.com\/de\/image?size=7&amp;lottery=mega-millions"},{"@type":"BreadcrumbList","@id":"https:\/\/onlinelotto365.com\/de\/spielen\/#breadcrumb","itemListElement":[{"@type":"ListItem","position":1,"name":"Home","item":"https:\/\/onlinelotto365.com\/de\/"},{"@type":"ListItem","position":2,"name":"Alles, was Sie wissen m\u00fcssen, um die besten Lotterien online zu spielen"}]},{"@type":"WebSite","@id":"https:\/\/onlinelotto365.com\/de\/#website","url":"https:\/\/onlinelotto365.com\/de\/","name":"OnlineLotto365","description":"","potentialAction":[{"@type":"SearchAction","target":{"@type":"EntryPoint","urlTemplate":"https:\/\/onlinelotto365.com\/de\/?s={search_term_string}"},"query-input":{"@type":"PropertyValueSpecification","valueRequired":true,"valueName":"search_term_string"}}],"inLanguage":"de"}]}},"_links":{"self":[{"href":"https:\/\/onlinelotto365.com\/de\/wp-json\/wp\/v2\/pages\/5018","targetHints":{"allow":["GET"]}}],"collection":[{"href":"https:\/\/onlinelotto365.com\/de\/wp-json\/wp\/v2\/pages"}],"about":[{"href":"https:\/\/onlinelotto365.com\/de\/wp-json\/wp\/v2\/types\/page"}],"author":[{"embeddable":true,"href":"https:\/\/onlinelotto365.com\/de\/wp-json\/wp\/v2\/users\/1"}],"replies":[{"embeddable":true,"href":"https:\/\/onlinelotto365.com\/de\/wp-json\/wp\/v2\/comments?post=5018"}],"version-history":[{"count":0,"href":"https:\/\/onlinelotto365.com\/de\/wp-json\/wp\/v2\/pages\/5018\/revisions"}],"wp:attachment":[{"href":"https:\/\/onlinelotto365.com\/de\/wp-json\/wp\/v2\/media?parent=5018"}],"curies":[{"name":"wp","href":"https:\/\/api.w.org\/{rel}","templated":true}]}}