{"id":6310,"date":"2020-12-06T20:08:47","date_gmt":"2020-12-06T19:08:47","guid":{"rendered":"http:\/\/onlinelotto365.net\/gewinnzahlen\/la-primitiva"},"modified":"2021-01-07T15:06:46","modified_gmt":"2021-01-07T14:06:46","slug":"la-primitiva","status":"publish","type":"page","link":"https:\/\/onlinelotto365.com\/de\/gewinnzahlen\/la-primitiva\/","title":{"rendered":"La Primitiva Ergebnisse"},"content":{"rendered":"<p>Wir bieten viele verschiedene internationale Lotteriespiele an und wir wissen, dass Sie die Gewinnzahlen schnell finden wollen. Deshalb suchen manche Leute nach den Zahlen in der Zeitung. <strong>Aber die Gewinnzahlen f\u00fcr La Primitiva in der Zeitung zu finden, kann schwierig sein.<\/strong> Das gilt auch f\u00fcr die Suche nach diesen Nummern im Fernsehen, da Sie Ihre Nachforschungen anstellen m\u00fcssen, um den richtigen Kanal zu finden.<\/p>\n<p>Eine andere M\u00f6glichkeit ist, dass Sie auf die Website von La Primitiva gehen und sehen k\u00f6nnen, ob sie die Live-Ziehung f\u00fcr ihr Spiel zeigen. Wenn sie das tun, kann es spannend sein, ihnen zuzusehen. Wenn sie es aber nicht tun, was bei vielen Lotteriespielen nicht der Fall ist, dann m\u00fcssen Sie noch l\u00e4nger warten.<\/p>\n<p>Nach der Zeichnung k\u00f6nnen Sie manchmal die letzte La Primitiva-Zeichnung auf YouTube finden. Aber dazu m\u00fcssten Sie nach der Zeichnung eine Weile warten.<br \/>\n<a href=\"https:\/\/redfoxlotto.com\/de\/spielen\/la-primitiva\/?ref=a8564250a2&amp;medium=ol365\" target=\"_blank\" rel=\"noopener noreferrer\"><img decoding=\"async\" class=\"aligncenter\" src=\"https:\/\/redfoxlotto.com\/image?size=8&amp;lottery=la-primitiva\" alt=\" la primitiva\" \/><\/a><\/p>\n<p>Die <strong>praktischste Methode, die Zahlen<\/strong> zu erhalten, ist jedoch, <strong>unsere Website<\/strong> zu besuchen. Wir bieten die Gewinnzahlen und Ergebnisse und sogar die Gewinnbetr\u00e4ge f\u00fcr La Primitiva direkt auf unserer Website an, und wir bieten auch <a href=\"https:\/\/onlinelotto365.com\/de\/spielen\">andere von uns angebotene Lotterien<\/a> an.<\/p>\n<h2>So finden Sie heraus, ob Ihr Online-Ticket gewonnen hat<img loading=\"lazy\" decoding=\"async\" class=\"alignright wp-image-3572\" src=\"https:\/\/onlinelotto365.com\/wp-content\/uploads\/2020\/11\/online_lottery-25-300x212.jpg\" alt=\"Gewinnzahlen La Primitiva\" width=\"232\" height=\"165\" srcset=\"https:\/\/onlinelotto365.com\/wp-content\/uploads\/2020\/11\/online_lottery-25-300x212.jpg 300w, https:\/\/onlinelotto365.com\/wp-content\/uploads\/2020\/11\/online_lottery-25.jpg 320w\" sizes=\"auto, (max-width: 232px) 100vw, 232px\" \/><\/h2>\n<p>Wenn Sie <a href=\"http:\/\/onlinelotto365.com\/buy-tickets\">Tickets<\/a> f\u00fcr La Primitiva gekauft haben, brauchen Sie nicht einmal zur Ergebnisseite zu gehen. Sie k\u00f6nnen direkt auf Ihr Konto gehen und sich Ihre Tickets ansehen. Direkt auf demselben Bildschirm sehen Sie die Gewinnzahlen f\u00fcr jedes Spiel, das Sie gespielt haben. Und Sie sehen hervorgehobene Zahlen f\u00fcr jede \u00dcbereinstimmung zwischen Ihrem Los und den Gewinnzahlen.<br \/>\nWenn Sie die richtige Zahl richtig gew\u00e4hlt haben, sind Sie ein Gewinner, und Sie k\u00f6nnen genau sehen, wie viel Sie gewonnen haben. Sie werden auch feststellen, dass die Gewinne (f\u00fcr jeden Betrag unter \u20ac2500) bereits auf Ihrem Konto verf\u00fcgbar sind, sobald die Ergebnisse \u00fcberpr\u00fcft wurden.<\/p>\n<h2>Archiv der La Primitiva-Ergebnisse<\/h2>\n<p>F\u00fcr diejenigen, die sich ihre Nummern f\u00fcr die n\u00e4chste Ziehung aussuchen wollen, wissen wir, dass es wichtig sein kann, sich \u00e4ltere Lose und \u00e4ltere Nummern anzusehen. So stellen wir sicher, dass jede Seite mit den neuesten Ergebnissen von La Primitiva auch Zugang zu \u00e4lteren Zahlen hat. Sie k\u00f6nnen sie jederzeit und aus jedem beliebigen Grund einsehen.<\/p>\n<h2>Mein Los hat gewonnen, wie geht es weiter?<\/h2>\n<p>Wenn Ihr Los ein Gewinner ist, brauchen Sie sich nur zur\u00fcckzulehnen und sich zu entspannen, denn wir k\u00fcmmern uns f\u00fcr Sie um die Dinge. Wir schreiben jeden Betrag unter \u20ac2500 direkt auf Ihrem Konto gut, so dass Sie ihn nicht einfordern oder zus\u00e4tzliche Schritte unternehmen m\u00fcssen. Dann k\u00f6nnen Sie, solange Sie mindestens 10 \u20ac auf Ihrem Konto haben, das Geld auf Ihr Bankkonto oder Ihre Kreditkarte abheben.<\/p>\n<p>Sie m\u00fcssen nur sicherstellen, dass Sie diese Karte oder dieses Konto bereits zuvor bei uns verwendet haben. Sie m\u00fcssen auch einige Dokumente ausf\u00fcllen, um sicherzustellen, dass wir die Vorschriften einhalten, die unser Zahlungsverarbeiter hat. Diese Dokumente sch\u00fctzen uns, aber sie sch\u00fctzen auch Sie, indem sie sicherstellen, dass Sie der Einzige sind, der Ihr Geld vom Konto abheben kann.<\/p>\n","protected":false},"excerpt":{"rendered":"<p>Wir bieten viele verschiedene internationale Lotteriespiele an und wir wissen, dass Sie die Gewinnzahlen schnell finden wollen. Deshalb suchen manche Leute nach den Zahlen in der Zeitung. Aber die Gewinnzahlen f\u00fcr La Primitiva in der Zeitung zu finden, kann schwierig sein. Das gilt auch f\u00fcr die Suche nach diesen Nummern im Fernsehen, da Sie Ihre [&hellip;]<\/p>\n","protected":false},"author":1,"featured_media":0,"parent":3795,"menu_order":7,"comment_status":"closed","ping_status":"closed","template":"la-primitiva-results.php","meta":{"_et_pb_use_builder":"","_et_pb_old_content":"","_et_gb_content_width":"","exclude_from_search":false,"footnotes":""},"class_list":["post-6310","page","type-page","status-publish","hentry"],"yoast_head":"<!-- This site is optimized with the Yoast SEO plugin v23.4 - https:\/\/yoast.com\/wordpress\/plugins\/seo\/ -->\n<title>J\u00fcngste Ziehungsergebnisse, Gewinnzahlen f\u00fcr La Primitiva<\/title>\n<meta name=\"description\" content=\"Erhalten Sie die neuesten Gewinnzahlen des spanischen La Primitiva sowie weitere Ergebnisse\" \/>\n<meta name=\"robots\" content=\"index, follow, max-snippet:-1, max-image-preview:large, max-video-preview:-1\" \/>\n<link rel=\"canonical\" href=\"https:\/\/onlinelotto365.com\/de\/gewinnzahlen\/la-primitiva\/\" \/>\n<meta property=\"og:locale\" content=\"de_DE\" \/>\n<meta property=\"og:type\" content=\"article\" \/>\n<meta property=\"og:title\" content=\"J\u00fcngste Ziehungsergebnisse, Gewinnzahlen f\u00fcr La Primitiva\" \/>\n<meta property=\"og:description\" content=\"Erhalten Sie die neuesten Gewinnzahlen des spanischen La Primitiva sowie weitere Ergebnisse\" \/>\n<meta property=\"og:url\" content=\"https:\/\/onlinelotto365.com\/de\/gewinnzahlen\/la-primitiva\/\" \/>\n<meta property=\"og:site_name\" content=\"OnlineLotto365\" \/>\n<meta property=\"article:modified_time\" content=\"2021-01-07T14:06:46+00:00\" \/>\n<meta property=\"og:image\" content=\"https:\/\/redfoxlotto.com\/image?size=8&amp;lottery=la-primitiva\" \/>\n<meta name=\"twitter:card\" content=\"summary_large_image\" \/>\n<meta name=\"twitter:label1\" content=\"Gesch\u00e4tzte Lesezeit\" \/>\n\t<meta name=\"twitter:data1\" content=\"3\u00a0Minuten\" \/>\n<script type=\"application\/ld+json\" class=\"yoast-schema-graph\">{\"@context\":\"https:\/\/schema.org\",\"@graph\":[{\"@type\":\"WebPage\",\"@id\":\"https:\/\/onlinelotto365.com\/de\/gewinnzahlen\/la-primitiva\/\",\"url\":\"https:\/\/onlinelotto365.com\/de\/gewinnzahlen\/la-primitiva\/\",\"name\":\"J\u00fcngste Ziehungsergebnisse, Gewinnzahlen f\u00fcr La Primitiva\",\"isPartOf\":{\"@id\":\"https:\/\/onlinelotto365.com\/de\/#website\"},\"primaryImageOfPage\":{\"@id\":\"https:\/\/onlinelotto365.com\/de\/gewinnzahlen\/la-primitiva\/#primaryimage\"},\"image\":{\"@id\":\"https:\/\/onlinelotto365.com\/de\/gewinnzahlen\/la-primitiva\/#primaryimage\"},\"thumbnailUrl\":\"https:\/\/redfoxlotto.com\/image?size=8&amp;lottery=la-primitiva\",\"datePublished\":\"2020-12-06T19:08:47+00:00\",\"dateModified\":\"2021-01-07T14:06:46+00:00\",\"description\":\"Erhalten Sie die neuesten Gewinnzahlen des spanischen La Primitiva sowie weitere Ergebnisse\",\"breadcrumb\":{\"@id\":\"https:\/\/onlinelotto365.com\/de\/gewinnzahlen\/la-primitiva\/#breadcrumb\"},\"inLanguage\":\"de\",\"potentialAction\":[{\"@type\":\"ReadAction\",\"target\":[\"https:\/\/onlinelotto365.com\/de\/gewinnzahlen\/la-primitiva\/\"]}]},{\"@type\":\"ImageObject\",\"inLanguage\":\"de\",\"@id\":\"https:\/\/onlinelotto365.com\/de\/gewinnzahlen\/la-primitiva\/#primaryimage\",\"url\":\"https:\/\/redfoxlotto.com\/image?size=8&amp;lottery=la-primitiva\",\"contentUrl\":\"https:\/\/redfoxlotto.com\/image?size=8&amp;lottery=la-primitiva\"},{\"@type\":\"BreadcrumbList\",\"@id\":\"https:\/\/onlinelotto365.com\/de\/gewinnzahlen\/la-primitiva\/#breadcrumb\",\"itemListElement\":[{\"@type\":\"ListItem\",\"position\":1,\"name\":\"Home\",\"item\":\"https:\/\/onlinelotto365.com\/de\/\"},{\"@type\":\"ListItem\",\"position\":2,\"name\":\"Finden Sie Gewinnzahlen und Ergebnisse der letzten Lottoziehungen\",\"item\":\"https:\/\/onlinelotto365.com\/de\/gewinnzahlen\/\"},{\"@type\":\"ListItem\",\"position\":3,\"name\":\"La Primitiva Ergebnisse\"}]},{\"@type\":\"WebSite\",\"@id\":\"https:\/\/onlinelotto365.com\/de\/#website\",\"url\":\"https:\/\/onlinelotto365.com\/de\/\",\"name\":\"OnlineLotto365\",\"description\":\"\",\"potentialAction\":[{\"@type\":\"SearchAction\",\"target\":{\"@type\":\"EntryPoint\",\"urlTemplate\":\"https:\/\/onlinelotto365.com\/de\/?s={search_term_string}\"},\"query-input\":{\"@type\":\"PropertyValueSpecification\",\"valueRequired\":true,\"valueName\":\"search_term_string\"}}],\"inLanguage\":\"de\"}]}<\/script>\n<!-- \/ Yoast SEO plugin. -->","yoast_head_json":{"title":"J\u00fcngste Ziehungsergebnisse, Gewinnzahlen f\u00fcr La Primitiva","description":"Erhalten Sie die neuesten Gewinnzahlen des spanischen La Primitiva sowie weitere Ergebnisse","robots":{"index":"index","follow":"follow","max-snippet":"max-snippet:-1","max-image-preview":"max-image-preview:large","max-video-preview":"max-video-preview:-1"},"canonical":"https:\/\/onlinelotto365.com\/de\/gewinnzahlen\/la-primitiva\/","og_locale":"de_DE","og_type":"article","og_title":"J\u00fcngste Ziehungsergebnisse, Gewinnzahlen f\u00fcr La Primitiva","og_description":"Erhalten Sie die neuesten Gewinnzahlen des spanischen La Primitiva sowie weitere Ergebnisse","og_url":"https:\/\/onlinelotto365.com\/de\/gewinnzahlen\/la-primitiva\/","og_site_name":"OnlineLotto365","article_modified_time":"2021-01-07T14:06:46+00:00","og_image":[{"url":"https:\/\/redfoxlotto.com\/image?size=8&amp;lottery=la-primitiva"}],"twitter_card":"summary_large_image","twitter_misc":{"Gesch\u00e4tzte Lesezeit":"3\u00a0Minuten"},"schema":{"@context":"https:\/\/schema.org","@graph":[{"@type":"WebPage","@id":"https:\/\/onlinelotto365.com\/de\/gewinnzahlen\/la-primitiva\/","url":"https:\/\/onlinelotto365.com\/de\/gewinnzahlen\/la-primitiva\/","name":"J\u00fcngste Ziehungsergebnisse, Gewinnzahlen f\u00fcr La Primitiva","isPartOf":{"@id":"https:\/\/onlinelotto365.com\/de\/#website"},"primaryImageOfPage":{"@id":"https:\/\/onlinelotto365.com\/de\/gewinnzahlen\/la-primitiva\/#primaryimage"},"image":{"@id":"https:\/\/onlinelotto365.com\/de\/gewinnzahlen\/la-primitiva\/#primaryimage"},"thumbnailUrl":"https:\/\/redfoxlotto.com\/image?size=8&amp;lottery=la-primitiva","datePublished":"2020-12-06T19:08:47+00:00","dateModified":"2021-01-07T14:06:46+00:00","description":"Erhalten Sie die neuesten Gewinnzahlen des spanischen La Primitiva sowie weitere Ergebnisse","breadcrumb":{"@id":"https:\/\/onlinelotto365.com\/de\/gewinnzahlen\/la-primitiva\/#breadcrumb"},"inLanguage":"de","potentialAction":[{"@type":"ReadAction","target":["https:\/\/onlinelotto365.com\/de\/gewinnzahlen\/la-primitiva\/"]}]},{"@type":"ImageObject","inLanguage":"de","@id":"https:\/\/onlinelotto365.com\/de\/gewinnzahlen\/la-primitiva\/#primaryimage","url":"https:\/\/redfoxlotto.com\/image?size=8&amp;lottery=la-primitiva","contentUrl":"https:\/\/redfoxlotto.com\/image?size=8&amp;lottery=la-primitiva"},{"@type":"BreadcrumbList","@id":"https:\/\/onlinelotto365.com\/de\/gewinnzahlen\/la-primitiva\/#breadcrumb","itemListElement":[{"@type":"ListItem","position":1,"name":"Home","item":"https:\/\/onlinelotto365.com\/de\/"},{"@type":"ListItem","position":2,"name":"Finden Sie Gewinnzahlen und Ergebnisse der letzten Lottoziehungen","item":"https:\/\/onlinelotto365.com\/de\/gewinnzahlen\/"},{"@type":"ListItem","position":3,"name":"La Primitiva Ergebnisse"}]},{"@type":"WebSite","@id":"https:\/\/onlinelotto365.com\/de\/#website","url":"https:\/\/onlinelotto365.com\/de\/","name":"OnlineLotto365","description":"","potentialAction":[{"@type":"SearchAction","target":{"@type":"EntryPoint","urlTemplate":"https:\/\/onlinelotto365.com\/de\/?s={search_term_string}"},"query-input":{"@type":"PropertyValueSpecification","valueRequired":true,"valueName":"search_term_string"}}],"inLanguage":"de"}]}},"_links":{"self":[{"href":"https:\/\/onlinelotto365.com\/de\/wp-json\/wp\/v2\/pages\/6310","targetHints":{"allow":["GET"]}}],"collection":[{"href":"https:\/\/onlinelotto365.com\/de\/wp-json\/wp\/v2\/pages"}],"about":[{"href":"https:\/\/onlinelotto365.com\/de\/wp-json\/wp\/v2\/types\/page"}],"author":[{"embeddable":true,"href":"https:\/\/onlinelotto365.com\/de\/wp-json\/wp\/v2\/users\/1"}],"replies":[{"embeddable":true,"href":"https:\/\/onlinelotto365.com\/de\/wp-json\/wp\/v2\/comments?post=6310"}],"version-history":[{"count":0,"href":"https:\/\/onlinelotto365.com\/de\/wp-json\/wp\/v2\/pages\/6310\/revisions"}],"up":[{"embeddable":true,"href":"https:\/\/onlinelotto365.com\/de\/wp-json\/wp\/v2\/pages\/3795"}],"wp:attachment":[{"href":"https:\/\/onlinelotto365.com\/de\/wp-json\/wp\/v2\/media?parent=6310"}],"curies":[{"name":"wp","href":"https:\/\/api.w.org\/{rel}","templated":true}]}}