{"id":7733,"date":"2020-12-08T14:10:25","date_gmt":"2020-12-08T13:10:25","guid":{"rendered":"http:\/\/onlinelotto365.net\/?page_id=7733"},"modified":"2020-12-30T10:32:44","modified_gmt":"2020-12-30T09:32:44","slug":"mega-millions","status":"publish","type":"page","link":"https:\/\/onlinelotto365.com\/de\/gewinnzahlen\/mega-millions\/","title":{"rendered":"Hier finden Sie die Gewinnzahlen von Mega Millions"},"content":{"rendered":"<p>Bei all den internationalen Lotterien, die Sie auf unserer Website spielen k\u00f6nnen, k\u00f6nnte es ein Problem sein, die Gewinnzahlen und die Ergebnisse zu erhalten. Wahrscheinlich werden Sie die Gewinnzahlen f\u00fcr Mega Millions nicht in Ihrer Zeitung finden. Sie k\u00f6nnten nach einem Fernsehsender suchen, der Ihnen zur Verf\u00fcgung steht und die Ergebnisse der Ziehung in seine Nachrichten aufnimmt, aber das w\u00fcrde einige Nachforschungen erfordern.<\/p>\n<p>Eine M\u00f6glichkeit w\u00e4re zu pr\u00fcfen, ob die offizielle Website der Mega Millions Lotterie einen <a href=\"https:\/\/onlinelotto365.com\/de\/news\/lotto-leben\">Livestream<\/a> des Ziehungsverfahrens ausstrahlt. Es ist nat\u00fcrlich sehr spannend, die gezogenen Zahlen live zu sehen. Es w\u00e4re auch der schnellste Weg, um herauszufinden, ob Ihre Zahlen gewonnen haben. Aber die meisten Lotterien bieten keine Live-\u00dcbertragung der Ziehung in Echtzeit an.<\/p>\n<p>Wenn die Ziehung zu dem Zeitpunkt, an dem Sie die Gewinnzahlen \u00fcberpr\u00fcfen m\u00f6chten, bereits stattgefunden hat, k\u00f6nnten Sie auf <a href=\"https:\/\/youtube.com\" target=\"_blank\" rel=\"noopener noreferrer\">Youtube<\/a> gehen und nach einem Video suchen, das die letzte Mega-Millions-Ziehung zeigt.<\/p>\n<p><a href=\"https:\/\/redfoxlotto.com\/de\/mega-millions\/?ref=a8564250a2&amp;medium=ol365\" target=\"_blank\" rel=\"noopener noreferrer\"><img decoding=\"async\" class=\"aligncenter\" src=\"https:\/\/redfoxlotto.com\/image?size=8&amp;lottery=mega-millions\" alt=\" mega millions \" \/><\/a><\/p>\n<p>Aber eine sehr bequeme Methode, die <a href=\"https:\/\/onlinelotto365.com\/de\/gewinnzahlen\">Gewinnzahlen<\/a>&lt; sowie die Ergebnisse und Preise von Mega Millions zu \u00fcberpr\u00fcfen, ist unsere eigene Lotterie-Ergebnisseite. Auf einer Seite finden Sie die Gewinnzahlen f\u00fcr alle von uns angebotenen Lotterien.<\/p>\n<h2>Wie Sie herausfinden k\u00f6nnen, ob Ihr Online-Schein gewonnen hat<\/h2>\n<p>Und es wird noch besser! Wenn Sie auf unserer Website ein Ticket f\u00fcr Mega Millions gekauft haben, k\u00f6nnen Sie einen Blick auf Ihr Konto (Sie m\u00fcssen sich nat\u00fcrlich zuerst einloggen) und den Abschnitt werfen, in dem Ihre Tickets gespeichert sind. F\u00fcr jede Lotterie, die Sie gespielt haben, werden die Gewinnzahlen direkt neben den von Ihnen gew\u00e4hlten Zahlen angezeigt. Alle Zahlen aus Ihrem Schein, die mit den Ziehungsergebnissen \u00fcbereinstimmen, werden ebenfalls farblich markiert. Sobald Sie wissen, wie viele Zahlen Sie richtig gew\u00e4hlt haben, k\u00f6nnen Sie <a href=\"https:\/\/onlinelotto365.com\/de\/news\/lotto-los-online-pruefen\">&lt;kontrollieren, wie viel Sie gewonnen haben<\/a>. Denken Sie auch daran, dass alle Gewinne von weniger als \u20ac2500 Ihrem Spielerkonto gutgeschrieben werden, sobald die Lotterie die offiziellen Ergebnisse best\u00e4tigt hat.<\/p>\n<h2>Mega-Millionen-Ergebnisarchiv<\/h2>\n<p>Die Seiten auf unserer Website, auf denen die neuesten Ergebnisse von Mega Millions angezeigt werden, bieten Ihnen auch die M\u00f6glichkeit, fr\u00fchere Ziehungsergebnisse zu \u00fcberpr\u00fcfen. Das ist etwas, das viele Spieler nutzen, um zu \u00fcberpr\u00fcfen, welche Zahlen in letzter Zeit gezogen wurden oder welche Zahlen in der Vergangenheit nicht gezogen wurden. Es ist eine <a href=\"https:\/\/onlinelotto365.com\/de\/news\/tipps-wie-sie-im-lotto-gewinnen-koennen\">sehr beliebte Lotterie-Strategie<\/a>, diese Informationen bei der Auswahl der Zahlen f\u00fcr Ihren n\u00e4chsten Schein zu verwenden.<\/p>\n<h2>Mein Los hat gewonnen, was passiert als n\u00e4chstes?<\/h2>\n<p>Wie wir bereits erw\u00e4hnt haben, werden Preise von weniger als \u20ac2500 direkt auf Ihrem Kundenkonto auf unserer Website gutgeschrieben. Von dort k\u00f6nnen Sie den gesamten Betrag oder einen Teil davon abheben, solange Sie ein Guthaben von mindestens 10 \u20ac haben. Oder Sie k\u00f6nnen einen Teil davon zum Kauf neuer Lose verwenden. Wenn Sie sich entscheiden, Geld auf Ihre Kreditkarte oder Ihr Bankkonto abzuheben, m\u00fcssen Sie uns einige Dokumente zur Identifizierung vorlegen. Dies ist eine Anforderung unserer Zahlungsverarbeiter aufgrund der Gesetze gegen Geldw\u00e4sche. Au\u00dferdem k\u00f6nnen Sie keine Abhebungsmethode verwenden, die nicht bereits zuvor f\u00fcr einen Kauf oder eine Einzahlung verwendet wurde.<\/p>\n","protected":false},"excerpt":{"rendered":"<p>Bei all den internationalen Lotterien, die Sie auf unserer Website spielen k\u00f6nnen, k\u00f6nnte es ein Problem sein, die Gewinnzahlen und die Ergebnisse zu erhalten. Wahrscheinlich werden Sie die Gewinnzahlen f\u00fcr Mega Millions nicht in Ihrer Zeitung finden. Sie k\u00f6nnten nach einem Fernsehsender suchen, der Ihnen zur Verf\u00fcgung steht und die Ergebnisse der Ziehung in seine [&hellip;]<\/p>\n","protected":false},"author":1,"featured_media":0,"parent":3795,"menu_order":2,"comment_status":"closed","ping_status":"closed","template":"megamillion-results.php","meta":{"_et_pb_use_builder":"","_et_pb_old_content":"","_et_gb_content_width":"","exclude_from_search":false,"footnotes":""},"class_list":["post-7733","page","type-page","status-publish","hentry"],"yoast_head":"<!-- This site is optimized with the Yoast SEO plugin v23.4 - https:\/\/yoast.com\/wordpress\/plugins\/seo\/ -->\n<title>Gewinnzahlen Mega Millions | Neueste Ziehungsergebnisse und Preise f\u00fcr Mega Millions<\/title>\n<meta name=\"description\" content=\"Wie Sie unsere Website nutzen k\u00f6nnen, um leicht Gewinnzahlen und Ergebnisse f\u00fcr Mega Millions zu finden\" \/>\n<meta name=\"robots\" content=\"index, follow, max-snippet:-1, max-image-preview:large, max-video-preview:-1\" \/>\n<link rel=\"canonical\" href=\"https:\/\/onlinelotto365.com\/de\/gewinnzahlen\/mega-millions\/\" \/>\n<meta property=\"og:locale\" content=\"de_DE\" \/>\n<meta property=\"og:type\" content=\"article\" \/>\n<meta property=\"og:title\" content=\"Gewinnzahlen Mega Millions | Neueste Ziehungsergebnisse und Preise f\u00fcr Mega Millions\" \/>\n<meta property=\"og:description\" content=\"Wie Sie unsere Website nutzen k\u00f6nnen, um leicht Gewinnzahlen und Ergebnisse f\u00fcr Mega Millions zu finden\" \/>\n<meta property=\"og:url\" content=\"https:\/\/onlinelotto365.com\/de\/gewinnzahlen\/mega-millions\/\" \/>\n<meta property=\"og:site_name\" content=\"OnlineLotto365\" \/>\n<meta property=\"article:modified_time\" content=\"2020-12-30T09:32:44+00:00\" \/>\n<meta property=\"og:image\" content=\"https:\/\/redfoxlotto.com\/image?size=8&amp;lottery=mega-millions\" \/>\n<meta name=\"twitter:card\" content=\"summary_large_image\" \/>\n<meta name=\"twitter:label1\" content=\"Gesch\u00e4tzte Lesezeit\" \/>\n\t<meta name=\"twitter:data1\" content=\"3\u00a0Minuten\" \/>\n<script type=\"application\/ld+json\" class=\"yoast-schema-graph\">{\"@context\":\"https:\/\/schema.org\",\"@graph\":[{\"@type\":\"WebPage\",\"@id\":\"https:\/\/onlinelotto365.com\/de\/gewinnzahlen\/mega-millions\/\",\"url\":\"https:\/\/onlinelotto365.com\/de\/gewinnzahlen\/mega-millions\/\",\"name\":\"Gewinnzahlen Mega Millions | Neueste Ziehungsergebnisse und Preise f\u00fcr Mega Millions\",\"isPartOf\":{\"@id\":\"https:\/\/onlinelotto365.com\/de\/#website\"},\"primaryImageOfPage\":{\"@id\":\"https:\/\/onlinelotto365.com\/de\/gewinnzahlen\/mega-millions\/#primaryimage\"},\"image\":{\"@id\":\"https:\/\/onlinelotto365.com\/de\/gewinnzahlen\/mega-millions\/#primaryimage\"},\"thumbnailUrl\":\"https:\/\/redfoxlotto.com\/image?size=8&amp;lottery=mega-millions\",\"datePublished\":\"2020-12-08T13:10:25+00:00\",\"dateModified\":\"2020-12-30T09:32:44+00:00\",\"description\":\"Wie Sie unsere Website nutzen k\u00f6nnen, um leicht Gewinnzahlen und Ergebnisse f\u00fcr Mega Millions zu finden\",\"breadcrumb\":{\"@id\":\"https:\/\/onlinelotto365.com\/de\/gewinnzahlen\/mega-millions\/#breadcrumb\"},\"inLanguage\":\"de\",\"potentialAction\":[{\"@type\":\"ReadAction\",\"target\":[\"https:\/\/onlinelotto365.com\/de\/gewinnzahlen\/mega-millions\/\"]}]},{\"@type\":\"ImageObject\",\"inLanguage\":\"de\",\"@id\":\"https:\/\/onlinelotto365.com\/de\/gewinnzahlen\/mega-millions\/#primaryimage\",\"url\":\"https:\/\/redfoxlotto.com\/image?size=8&amp;lottery=mega-millions\",\"contentUrl\":\"https:\/\/redfoxlotto.com\/image?size=8&amp;lottery=mega-millions\"},{\"@type\":\"BreadcrumbList\",\"@id\":\"https:\/\/onlinelotto365.com\/de\/gewinnzahlen\/mega-millions\/#breadcrumb\",\"itemListElement\":[{\"@type\":\"ListItem\",\"position\":1,\"name\":\"Home\",\"item\":\"https:\/\/onlinelotto365.com\/de\/\"},{\"@type\":\"ListItem\",\"position\":2,\"name\":\"Finden Sie Gewinnzahlen und Ergebnisse der letzten Lottoziehungen\",\"item\":\"https:\/\/onlinelotto365.com\/de\/gewinnzahlen\/\"},{\"@type\":\"ListItem\",\"position\":3,\"name\":\"Hier finden Sie die Gewinnzahlen von Mega Millions\"}]},{\"@type\":\"WebSite\",\"@id\":\"https:\/\/onlinelotto365.com\/de\/#website\",\"url\":\"https:\/\/onlinelotto365.com\/de\/\",\"name\":\"OnlineLotto365\",\"description\":\"\",\"potentialAction\":[{\"@type\":\"SearchAction\",\"target\":{\"@type\":\"EntryPoint\",\"urlTemplate\":\"https:\/\/onlinelotto365.com\/de\/?s={search_term_string}\"},\"query-input\":{\"@type\":\"PropertyValueSpecification\",\"valueRequired\":true,\"valueName\":\"search_term_string\"}}],\"inLanguage\":\"de\"}]}<\/script>\n<!-- \/ Yoast SEO plugin. -->","yoast_head_json":{"title":"Gewinnzahlen Mega Millions | Neueste Ziehungsergebnisse und Preise f\u00fcr Mega Millions","description":"Wie Sie unsere Website nutzen k\u00f6nnen, um leicht Gewinnzahlen und Ergebnisse f\u00fcr Mega Millions zu finden","robots":{"index":"index","follow":"follow","max-snippet":"max-snippet:-1","max-image-preview":"max-image-preview:large","max-video-preview":"max-video-preview:-1"},"canonical":"https:\/\/onlinelotto365.com\/de\/gewinnzahlen\/mega-millions\/","og_locale":"de_DE","og_type":"article","og_title":"Gewinnzahlen Mega Millions | Neueste Ziehungsergebnisse und Preise f\u00fcr Mega Millions","og_description":"Wie Sie unsere Website nutzen k\u00f6nnen, um leicht Gewinnzahlen und Ergebnisse f\u00fcr Mega Millions zu finden","og_url":"https:\/\/onlinelotto365.com\/de\/gewinnzahlen\/mega-millions\/","og_site_name":"OnlineLotto365","article_modified_time":"2020-12-30T09:32:44+00:00","og_image":[{"url":"https:\/\/redfoxlotto.com\/image?size=8&amp;lottery=mega-millions"}],"twitter_card":"summary_large_image","twitter_misc":{"Gesch\u00e4tzte Lesezeit":"3\u00a0Minuten"},"schema":{"@context":"https:\/\/schema.org","@graph":[{"@type":"WebPage","@id":"https:\/\/onlinelotto365.com\/de\/gewinnzahlen\/mega-millions\/","url":"https:\/\/onlinelotto365.com\/de\/gewinnzahlen\/mega-millions\/","name":"Gewinnzahlen Mega Millions | Neueste Ziehungsergebnisse und Preise f\u00fcr Mega Millions","isPartOf":{"@id":"https:\/\/onlinelotto365.com\/de\/#website"},"primaryImageOfPage":{"@id":"https:\/\/onlinelotto365.com\/de\/gewinnzahlen\/mega-millions\/#primaryimage"},"image":{"@id":"https:\/\/onlinelotto365.com\/de\/gewinnzahlen\/mega-millions\/#primaryimage"},"thumbnailUrl":"https:\/\/redfoxlotto.com\/image?size=8&amp;lottery=mega-millions","datePublished":"2020-12-08T13:10:25+00:00","dateModified":"2020-12-30T09:32:44+00:00","description":"Wie Sie unsere Website nutzen k\u00f6nnen, um leicht Gewinnzahlen und Ergebnisse f\u00fcr Mega Millions zu finden","breadcrumb":{"@id":"https:\/\/onlinelotto365.com\/de\/gewinnzahlen\/mega-millions\/#breadcrumb"},"inLanguage":"de","potentialAction":[{"@type":"ReadAction","target":["https:\/\/onlinelotto365.com\/de\/gewinnzahlen\/mega-millions\/"]}]},{"@type":"ImageObject","inLanguage":"de","@id":"https:\/\/onlinelotto365.com\/de\/gewinnzahlen\/mega-millions\/#primaryimage","url":"https:\/\/redfoxlotto.com\/image?size=8&amp;lottery=mega-millions","contentUrl":"https:\/\/redfoxlotto.com\/image?size=8&amp;lottery=mega-millions"},{"@type":"BreadcrumbList","@id":"https:\/\/onlinelotto365.com\/de\/gewinnzahlen\/mega-millions\/#breadcrumb","itemListElement":[{"@type":"ListItem","position":1,"name":"Home","item":"https:\/\/onlinelotto365.com\/de\/"},{"@type":"ListItem","position":2,"name":"Finden Sie Gewinnzahlen und Ergebnisse der letzten Lottoziehungen","item":"https:\/\/onlinelotto365.com\/de\/gewinnzahlen\/"},{"@type":"ListItem","position":3,"name":"Hier finden Sie die Gewinnzahlen von Mega Millions"}]},{"@type":"WebSite","@id":"https:\/\/onlinelotto365.com\/de\/#website","url":"https:\/\/onlinelotto365.com\/de\/","name":"OnlineLotto365","description":"","potentialAction":[{"@type":"SearchAction","target":{"@type":"EntryPoint","urlTemplate":"https:\/\/onlinelotto365.com\/de\/?s={search_term_string}"},"query-input":{"@type":"PropertyValueSpecification","valueRequired":true,"valueName":"search_term_string"}}],"inLanguage":"de"}]}},"_links":{"self":[{"href":"https:\/\/onlinelotto365.com\/de\/wp-json\/wp\/v2\/pages\/7733","targetHints":{"allow":["GET"]}}],"collection":[{"href":"https:\/\/onlinelotto365.com\/de\/wp-json\/wp\/v2\/pages"}],"about":[{"href":"https:\/\/onlinelotto365.com\/de\/wp-json\/wp\/v2\/types\/page"}],"author":[{"embeddable":true,"href":"https:\/\/onlinelotto365.com\/de\/wp-json\/wp\/v2\/users\/1"}],"replies":[{"embeddable":true,"href":"https:\/\/onlinelotto365.com\/de\/wp-json\/wp\/v2\/comments?post=7733"}],"version-history":[{"count":0,"href":"https:\/\/onlinelotto365.com\/de\/wp-json\/wp\/v2\/pages\/7733\/revisions"}],"up":[{"embeddable":true,"href":"https:\/\/onlinelotto365.com\/de\/wp-json\/wp\/v2\/pages\/3795"}],"wp:attachment":[{"href":"https:\/\/onlinelotto365.com\/de\/wp-json\/wp\/v2\/media?parent=7733"}],"curies":[{"name":"wp","href":"https:\/\/api.w.org\/{rel}","templated":true}]}}