{"id":7750,"date":"2020-12-08T14:15:30","date_gmt":"2020-12-08T13:15:30","guid":{"rendered":"http:\/\/onlinelotto365.net\/?page_id=7750"},"modified":"2021-01-07T15:10:08","modified_gmt":"2021-01-07T14:10:08","slug":"euromillions","status":"publish","type":"page","link":"https:\/\/onlinelotto365.com\/de\/gewinnzahlen\/euromillions\/","title":{"rendered":"Check die Euromillions Gewinnzahlen"},"content":{"rendered":"<p>Wir wissen, dass es eine <a href=\"https:\/\/onlinelotto365.com\/de\/spielen\">Vielzahl von internationalen Lotteriespielen auf unserer Website<\/a> gibt, und das kann f\u00fcr Sie etwas verwirrend sein. Aber es muss nicht so verwirrend sein, wie Sie denken. Und es muss f\u00fcr Sie nicht so schwierig sein, die Gewinnzahlen f\u00fcr das gew\u00fcnschte Spiel zu finden. Aber vielleicht haben Sie daran gedacht, es woanders zu \u00fcberpr\u00fcfen. Die Zeitung und das Fernsehen sind ein paar M\u00f6glichkeiten, aber wenn Sie nicht vor Ort sind, kann es schwierig sein, die Ergebnisse an einem dieser Orte zu finden.<\/p>\n<p>Sie k\u00f6nnen sich auch f\u00fcr die offizielle Website der EuroMillions Lotterie entscheiden. Dies ist einer der besten Orte, um die Ergebnisse zu erhalten, da es sich um verf\u00fcgbare Fakten handelt und Sie vielleicht sogar einen Live-Stream der Zeichnung sehen k\u00f6nnen. Es kann Spa\u00df machen und aufregend sein, <a href=\"https:\/\/onlinelotto365.com\/de\/news\/lotto-leben\"> diese Ziehung live zu verfolgen<\/a>, besonders wenn Sie derjenige sind, der gewinnt, und Sie k\u00f6nnen zusehen, wie Ihre Zahlen auftauchen. Aber das kann sehr viel Zeit in Anspruch nehmen, und nicht alle Lotteriespiele werden tats\u00e4chlich gestreamt.<\/p>\n<p>Nach der Ziehung der Lotterie besteht eine weitere M\u00f6glichkeit darin, sich auf YouTube anzuschauen, um zu sehen, ob Sie ein Video der Ziehung oder eine andere Person, die die Zahlen nachtr\u00e4glich preisgibt, erhalten k\u00f6nnen.<br \/>\n<a href=\"https:\/\/redfoxlotto.com\/de\/spielen\/euromillions\/?ref=a8564250a2&amp;medium=ol365\" target=\"_blank\" rel=\"noopener noreferrer\"><img decoding=\"async\" class=\"aligncenter\" src=\"https:\/\/redfoxlotto.com\/image?size=8&amp;lottery=euromillions\" alt=\"euromillions\" \/><\/a><\/p>\n<p>Der beste Weg, die Gewinnzahlen zu erhalten, ist jedoch, unsere Website zu besuchen und die Ergebnisse zu \u00fcberpr\u00fcfen. All dies finden Sie auf unserer Seite mit den Lotterieergebnissen, auf der Ihnen die Gewinnzahlen f\u00fcr jedes Lotto-Spiel angezeigt werden, das Sie auf unserer Website kaufen k\u00f6nnen.<\/p>\n<h2>Woher wissen Sie, ob Ihr Online-Ticket gewonnen hat<img loading=\"lazy\" decoding=\"async\" class=\"alignright wp-image-3645\" src=\"https:\/\/onlinelotto365.com\/wp-content\/uploads\/2020\/11\/online_lottery-129-300x300.jpg\" alt=\"Euromillions Gewinnzahlen\" width=\"210\" height=\"210\" srcset=\"https:\/\/onlinelotto365.com\/wp-content\/uploads\/2020\/11\/online_lottery-129-300x300.jpg 300w, https:\/\/onlinelotto365.com\/wp-content\/uploads\/2020\/11\/online_lottery-129-100x100.jpg 100w, https:\/\/onlinelotto365.com\/wp-content\/uploads\/2020\/11\/online_lottery-129-150x150.jpg 150w, https:\/\/onlinelotto365.com\/wp-content\/uploads\/2020\/11\/online_lottery-129.jpg 320w\" sizes=\"auto, (max-width: 210px) 100vw, 210px\" \/><\/h2>\n<p>.<br \/>\nNoch besser: Wenn Sie tats\u00e4chlich ein Ticket f\u00fcr dieses Spiel gekauft haben, m\u00fcssen Sie sich keine Sorgen machen, zur Ergebnisseite zu gehen. Sie k\u00f6nnen einfach direkt zu Ihrem Konto und zur Seite mit Ihren Tickets gehen.<\/p>\n<p>Von dort aus k\u00f6nnen Sie die Gewinnzahlen sehen und Ihre Zahlen vergleichen. Und wir werden die \u00fcbereinstimmenden Zahlen markieren, damit Sie sie nicht verpassen. Au\u00dferdem sorgen wir daf\u00fcr, dass Sie die Gewinne aus Ihren Zahlen erhalten, wenn Sie etwas unter \u20ac2500 haben. Wenn es vorbei ist, brauchen Sie nur noch ein Formular auszuf\u00fcllen, und wir helfen Ihnen immer noch, alles zu arrangieren.<\/p>\n<h2>EuroMillionen Ergebnisse Archiv<\/h2>\n<p>Wir haben mehrere Bereiche, in denen Sie die neuesten Gewinnzahlen f\u00fcr die EuroMillions und die<a href=\"https:\/\/onlinelotto365.com\/de\/gewinnzahlen\">\u00a0Ergebnisse aus anderen Spielen<\/a> einsehen k\u00f6nnen, aber wir haben auch die M\u00f6glichkeit, alte Gewinnzahlen einzusehen. Wenn Sie sichergehen wollen, dass Sie die richtigen Zahlen f\u00fcr das Nettospiel w\u00e4hlen, k\u00f6nnte es eine gute M\u00f6glichkeit sein, diese Wahl zu treffen, indem Sie sich die \u00e4lteren Spiele ansehen.<\/p>\n<h2>Mein Los hat gewonnen, was passiert jetzt?<\/h2>\n<p>Wir haben bereits erw\u00e4hnt, dass jeder Preis, den Sie gewinnen und der weniger als \u20ac2500 betr\u00e4gt, Ihrem Konto von unserem Kundendienstteam gutgeschrieben wird. Sobald das Geld auf Ihrem Konto ist, k\u00f6nnen Sie es abheben, verwenden oder was immer Sie wollen. Das macht es Ihnen leicht, weiter zu spielen oder Ihr Geld f\u00fcr was auch immer Sie wollen zu verwenden.<br \/>\nUnd nicht nur das, Sie k\u00f6nnen das Geld auch von jedem Konto abheben, das Sie bereits zum Kauf oder zur Einzahlung von zus\u00e4tzlichem Geld auf Ihr Konto verwendet haben. Dazu geh\u00f6ren Bankkonten, Kreditkarten und mehr.<\/p>\n","protected":false},"excerpt":{"rendered":"<p>Wir wissen, dass es eine Vielzahl von internationalen Lotteriespielen auf unserer Website gibt, und das kann f\u00fcr Sie etwas verwirrend sein. Aber es muss nicht so verwirrend sein, wie Sie denken. Und es muss f\u00fcr Sie nicht so schwierig sein, die Gewinnzahlen f\u00fcr das gew\u00fcnschte Spiel zu finden. Aber vielleicht haben Sie daran gedacht, es [&hellip;]<\/p>\n","protected":false},"author":1,"featured_media":0,"parent":3795,"menu_order":3,"comment_status":"closed","ping_status":"closed","template":"euromillions-results.php","meta":{"_et_pb_use_builder":"","_et_pb_old_content":"","_et_gb_content_width":"","exclude_from_search":false,"footnotes":""},"class_list":["post-7750","page","type-page","status-publish","hentry"],"yoast_head":"<!-- This site is optimized with the Yoast SEO plugin v23.4 - https:\/\/yoast.com\/wordpress\/plugins\/seo\/ -->\n<title>Gewinnzahlen Euromillions | Sehen Sie die neuesten Preise und Ergebnisse f\u00fcr Euromillions<\/title>\n<meta name=\"description\" content=\"Vergleichen Sie Ihren Euromillions-Schein mit den Gewinnzahlen - alle Lotterieergebnisse finden Sie hier\" \/>\n<meta name=\"robots\" content=\"index, follow, max-snippet:-1, max-image-preview:large, max-video-preview:-1\" \/>\n<link rel=\"canonical\" href=\"https:\/\/onlinelotto365.com\/de\/gewinnzahlen\/euromillions\/\" \/>\n<meta property=\"og:locale\" content=\"de_DE\" \/>\n<meta property=\"og:type\" content=\"article\" \/>\n<meta property=\"og:title\" content=\"Gewinnzahlen Euromillions | Sehen Sie die neuesten Preise und Ergebnisse f\u00fcr Euromillions\" \/>\n<meta property=\"og:description\" content=\"Vergleichen Sie Ihren Euromillions-Schein mit den Gewinnzahlen - alle Lotterieergebnisse finden Sie hier\" \/>\n<meta property=\"og:url\" content=\"https:\/\/onlinelotto365.com\/de\/gewinnzahlen\/euromillions\/\" \/>\n<meta property=\"og:site_name\" content=\"OnlineLotto365\" \/>\n<meta property=\"article:modified_time\" content=\"2021-01-07T14:10:08+00:00\" \/>\n<meta property=\"og:image\" content=\"https:\/\/redfoxlotto.com\/image?size=8&amp;lottery=euromillions\" \/>\n<meta name=\"twitter:card\" content=\"summary_large_image\" \/>\n<meta name=\"twitter:label1\" content=\"Gesch\u00e4tzte Lesezeit\" \/>\n\t<meta name=\"twitter:data1\" content=\"3\u00a0Minuten\" \/>\n<script type=\"application\/ld+json\" class=\"yoast-schema-graph\">{\"@context\":\"https:\/\/schema.org\",\"@graph\":[{\"@type\":\"WebPage\",\"@id\":\"https:\/\/onlinelotto365.com\/de\/gewinnzahlen\/euromillions\/\",\"url\":\"https:\/\/onlinelotto365.com\/de\/gewinnzahlen\/euromillions\/\",\"name\":\"Gewinnzahlen Euromillions | Sehen Sie die neuesten Preise und Ergebnisse f\u00fcr Euromillions\",\"isPartOf\":{\"@id\":\"https:\/\/onlinelotto365.com\/de\/#website\"},\"primaryImageOfPage\":{\"@id\":\"https:\/\/onlinelotto365.com\/de\/gewinnzahlen\/euromillions\/#primaryimage\"},\"image\":{\"@id\":\"https:\/\/onlinelotto365.com\/de\/gewinnzahlen\/euromillions\/#primaryimage\"},\"thumbnailUrl\":\"https:\/\/redfoxlotto.com\/image?size=8&amp;lottery=euromillions\",\"datePublished\":\"2020-12-08T13:15:30+00:00\",\"dateModified\":\"2021-01-07T14:10:08+00:00\",\"description\":\"Vergleichen Sie Ihren Euromillions-Schein mit den Gewinnzahlen - alle Lotterieergebnisse finden Sie hier\",\"breadcrumb\":{\"@id\":\"https:\/\/onlinelotto365.com\/de\/gewinnzahlen\/euromillions\/#breadcrumb\"},\"inLanguage\":\"de\",\"potentialAction\":[{\"@type\":\"ReadAction\",\"target\":[\"https:\/\/onlinelotto365.com\/de\/gewinnzahlen\/euromillions\/\"]}]},{\"@type\":\"ImageObject\",\"inLanguage\":\"de\",\"@id\":\"https:\/\/onlinelotto365.com\/de\/gewinnzahlen\/euromillions\/#primaryimage\",\"url\":\"https:\/\/redfoxlotto.com\/image?size=8&amp;lottery=euromillions\",\"contentUrl\":\"https:\/\/redfoxlotto.com\/image?size=8&amp;lottery=euromillions\"},{\"@type\":\"BreadcrumbList\",\"@id\":\"https:\/\/onlinelotto365.com\/de\/gewinnzahlen\/euromillions\/#breadcrumb\",\"itemListElement\":[{\"@type\":\"ListItem\",\"position\":1,\"name\":\"Home\",\"item\":\"https:\/\/onlinelotto365.com\/de\/\"},{\"@type\":\"ListItem\",\"position\":2,\"name\":\"Finden Sie Gewinnzahlen und Ergebnisse der letzten Lottoziehungen\",\"item\":\"https:\/\/onlinelotto365.com\/de\/gewinnzahlen\/\"},{\"@type\":\"ListItem\",\"position\":3,\"name\":\"Check die Euromillions Gewinnzahlen\"}]},{\"@type\":\"WebSite\",\"@id\":\"https:\/\/onlinelotto365.com\/de\/#website\",\"url\":\"https:\/\/onlinelotto365.com\/de\/\",\"name\":\"OnlineLotto365\",\"description\":\"\",\"potentialAction\":[{\"@type\":\"SearchAction\",\"target\":{\"@type\":\"EntryPoint\",\"urlTemplate\":\"https:\/\/onlinelotto365.com\/de\/?s={search_term_string}\"},\"query-input\":{\"@type\":\"PropertyValueSpecification\",\"valueRequired\":true,\"valueName\":\"search_term_string\"}}],\"inLanguage\":\"de\"}]}<\/script>\n<!-- \/ Yoast SEO plugin. -->","yoast_head_json":{"title":"Gewinnzahlen Euromillions | Sehen Sie die neuesten Preise und Ergebnisse f\u00fcr Euromillions","description":"Vergleichen Sie Ihren Euromillions-Schein mit den Gewinnzahlen - alle Lotterieergebnisse finden Sie hier","robots":{"index":"index","follow":"follow","max-snippet":"max-snippet:-1","max-image-preview":"max-image-preview:large","max-video-preview":"max-video-preview:-1"},"canonical":"https:\/\/onlinelotto365.com\/de\/gewinnzahlen\/euromillions\/","og_locale":"de_DE","og_type":"article","og_title":"Gewinnzahlen Euromillions | Sehen Sie die neuesten Preise und Ergebnisse f\u00fcr Euromillions","og_description":"Vergleichen Sie Ihren Euromillions-Schein mit den Gewinnzahlen - alle Lotterieergebnisse finden Sie hier","og_url":"https:\/\/onlinelotto365.com\/de\/gewinnzahlen\/euromillions\/","og_site_name":"OnlineLotto365","article_modified_time":"2021-01-07T14:10:08+00:00","og_image":[{"url":"https:\/\/redfoxlotto.com\/image?size=8&amp;lottery=euromillions"}],"twitter_card":"summary_large_image","twitter_misc":{"Gesch\u00e4tzte Lesezeit":"3\u00a0Minuten"},"schema":{"@context":"https:\/\/schema.org","@graph":[{"@type":"WebPage","@id":"https:\/\/onlinelotto365.com\/de\/gewinnzahlen\/euromillions\/","url":"https:\/\/onlinelotto365.com\/de\/gewinnzahlen\/euromillions\/","name":"Gewinnzahlen Euromillions | Sehen Sie die neuesten Preise und Ergebnisse f\u00fcr Euromillions","isPartOf":{"@id":"https:\/\/onlinelotto365.com\/de\/#website"},"primaryImageOfPage":{"@id":"https:\/\/onlinelotto365.com\/de\/gewinnzahlen\/euromillions\/#primaryimage"},"image":{"@id":"https:\/\/onlinelotto365.com\/de\/gewinnzahlen\/euromillions\/#primaryimage"},"thumbnailUrl":"https:\/\/redfoxlotto.com\/image?size=8&amp;lottery=euromillions","datePublished":"2020-12-08T13:15:30+00:00","dateModified":"2021-01-07T14:10:08+00:00","description":"Vergleichen Sie Ihren Euromillions-Schein mit den Gewinnzahlen - alle Lotterieergebnisse finden Sie hier","breadcrumb":{"@id":"https:\/\/onlinelotto365.com\/de\/gewinnzahlen\/euromillions\/#breadcrumb"},"inLanguage":"de","potentialAction":[{"@type":"ReadAction","target":["https:\/\/onlinelotto365.com\/de\/gewinnzahlen\/euromillions\/"]}]},{"@type":"ImageObject","inLanguage":"de","@id":"https:\/\/onlinelotto365.com\/de\/gewinnzahlen\/euromillions\/#primaryimage","url":"https:\/\/redfoxlotto.com\/image?size=8&amp;lottery=euromillions","contentUrl":"https:\/\/redfoxlotto.com\/image?size=8&amp;lottery=euromillions"},{"@type":"BreadcrumbList","@id":"https:\/\/onlinelotto365.com\/de\/gewinnzahlen\/euromillions\/#breadcrumb","itemListElement":[{"@type":"ListItem","position":1,"name":"Home","item":"https:\/\/onlinelotto365.com\/de\/"},{"@type":"ListItem","position":2,"name":"Finden Sie Gewinnzahlen und Ergebnisse der letzten Lottoziehungen","item":"https:\/\/onlinelotto365.com\/de\/gewinnzahlen\/"},{"@type":"ListItem","position":3,"name":"Check die Euromillions Gewinnzahlen"}]},{"@type":"WebSite","@id":"https:\/\/onlinelotto365.com\/de\/#website","url":"https:\/\/onlinelotto365.com\/de\/","name":"OnlineLotto365","description":"","potentialAction":[{"@type":"SearchAction","target":{"@type":"EntryPoint","urlTemplate":"https:\/\/onlinelotto365.com\/de\/?s={search_term_string}"},"query-input":{"@type":"PropertyValueSpecification","valueRequired":true,"valueName":"search_term_string"}}],"inLanguage":"de"}]}},"_links":{"self":[{"href":"https:\/\/onlinelotto365.com\/de\/wp-json\/wp\/v2\/pages\/7750","targetHints":{"allow":["GET"]}}],"collection":[{"href":"https:\/\/onlinelotto365.com\/de\/wp-json\/wp\/v2\/pages"}],"about":[{"href":"https:\/\/onlinelotto365.com\/de\/wp-json\/wp\/v2\/types\/page"}],"author":[{"embeddable":true,"href":"https:\/\/onlinelotto365.com\/de\/wp-json\/wp\/v2\/users\/1"}],"replies":[{"embeddable":true,"href":"https:\/\/onlinelotto365.com\/de\/wp-json\/wp\/v2\/comments?post=7750"}],"version-history":[{"count":0,"href":"https:\/\/onlinelotto365.com\/de\/wp-json\/wp\/v2\/pages\/7750\/revisions"}],"up":[{"embeddable":true,"href":"https:\/\/onlinelotto365.com\/de\/wp-json\/wp\/v2\/pages\/3795"}],"wp:attachment":[{"href":"https:\/\/onlinelotto365.com\/de\/wp-json\/wp\/v2\/media?parent=7750"}],"curies":[{"name":"wp","href":"https:\/\/api.w.org\/{rel}","templated":true}]}}