{"id":7809,"date":"2020-12-08T14:30:32","date_gmt":"2020-12-08T13:30:32","guid":{"rendered":"http:\/\/onlinelotto365.net\/?page_id=7809"},"modified":"2021-01-07T12:31:40","modified_gmt":"2021-01-07T11:31:40","slug":"superenalotto","status":"publish","type":"page","link":"https:\/\/onlinelotto365.com\/de\/gewinnzahlen\/superenalotto\/","title":{"rendered":"Hier finden Sie die Gewinnzahlen des Superenalotto"},"content":{"rendered":"<p>Wir bieten auf unserer Website viele verschiedene internationale Lotteriespiele an, aber wir wollen sicherstellen, dass das Auffinden der Ergebnisse kein Problem darstellt. Sicher, Sie k\u00f6nnten sich die Ergebnisse im Fernsehen ansehen, wenn Sie das Gl\u00fcck haben, die Ziehungsergebnisse in den Nachrichten zu finden. Oder Sie k\u00f6nnten sie in der Zeitung finden, wenn Sie in einer Gegend leben, in der die Spiele lokal stattfinden. Aber auch das kann schwierig sein.<\/p>\n<p>Sie k\u00f6nnen auch die Superenalotto-Website besuchen, um<a href=\"https:\/\/onlinelotto365.com\/de\/news\/lotto-leben\"> einen Live-Stream<\/a> des Zeichnungsprozesses<a href=\"https:\/\/onlinelotto365.com\/de\/news\/mega-millions-jackpot-heute\"> zu finden<\/a>, falls dieser angeboten wird. Dies kann bei Spielen, die es anbieten, Spa\u00df machen und Ihnen einen aufregenden Moment des Zuschauens geben, um zu sehen, ob Ihre Zahlen diejenigen sind, die gewonnen haben, aber nicht jedes Lotteriespiel bietet diese Option tats\u00e4chlich an.<\/p>\n<p>Nach der Ziehung k\u00f6nnen Sie manchmal <strong>Gewinnzahlen und Ziehungen f\u00fcr das Superenalotto<\/strong> <a href=\"https:\/\/youtube.com\/\">auf YouTube<\/a> finden, wenn Sie wissen, wie Sie Ihre Nachforschungen anstellen und wo Sie suchen m\u00fcssen. Aber das kann dauern.<br \/>\n<a href=\"https:\/\/redfoxlotto.com\/de\/spielen\/superenalotto\/?ref=a8564250a2&amp;medium=ol365\" target=\"_blank\" rel=\"noopener noreferrer\"><img decoding=\"async\" class=\"aligncenter\" src=\"https:\/\/redfoxlotto.com\/image?size=8&amp;lottery=superenalotto\" alt=\"superenalotto\" \/><\/a><\/p>\n<p>Am besten gehen Sie einfach auf unsere <a href=\"https:\/\/onlinelotto365.com\/de\/gewinnzahlen\">Lotterie-Ergebnisseite<\/a> und sehen sich dort alle Zahlen f\u00fcr jedes der <a href=\"http:\/\/onlinelotto365.com\/de\">verschiedenen Lotto-Spiele<\/a> an. Dazu geh\u00f6ren das Superenalotto und vieles mehr.<\/p>\n<h2>So finden Sie heraus, ob Ihr Online-Schein gewonnen hat<img loading=\"lazy\" decoding=\"async\" class=\"alignright size-full wp-image-3634\" src=\"https:\/\/onlinelotto365.com\/wp-content\/uploads\/2020\/11\/online_lottery-136.jpg\" alt=\"superenalotto winning numbers\" width=\"297\" height=\"101\" \/><\/h2>\n<p>Diejenigen, die \u00fcber unsere Website ein Los f\u00fcr das Superenalotto gekauft haben, k\u00f6nnen die Gewinnzahlen auf ihrem Konto leicht herausfinden. Es wird viel einfacher sein, als Sie vielleicht denken, und das Bessere ist, dass Sie die Zahlen nicht einmal vergleichen m\u00fcssen.<\/p>\n<p>Wir erledigen diesen Teil f\u00fcr Sie. Tats\u00e4chlich <strong>zeigen<\/strong> wir <strong>Ihnen, welche Ihrer Zahlen mit den Gewinnzahlen \u00fcbereinstimmen, indem wir sie hervorheben.<\/strong> Dann \u00fcberweisen wir das Geld, das Sie gewinnen, bis zu \u20ac2500 direkt auf Ihr Konto. Sie m\u00fcssen sich nicht darum k\u00fcmmern, es einzufordern oder daf\u00fcr zu sorgen, dass Sie alles \u00fcberpr\u00fcfen. Wir tun alles, damit Sie Ihre Gewinne genie\u00dfen k\u00f6nnen.<\/p>\n<h2>Archiv der Superenalotto-Ergebnisse<\/h2>\n<p>Jede Seite auf unserer Website, die die Gewinnzahlen f\u00fcr das Superenalotto anzeigt, zeigt Ihnen auch, wie Sie zu <strong>den vorherigen Ergebnissen zur\u00fcck<\/strong>kehren k\u00f6nnen <strong>, um fr\u00fchere Ziehungen zu \u00fcberpr\u00fcfen<\/strong>. Dies kann Ihnen helfen, die richtigen Zahlen auszuw\u00e4hlen, die Sie spielen m\u00f6chten, wenn es Zeit f\u00fcr die n\u00e4chste Ziehung ist. Es ist eine der beliebtesten Arten, Zahlen zu w\u00e4hlen.<\/p>\n<h2>Mein Los hat gewonnen, was passiert als N\u00e4chstes?<\/h2>\n<p>Jeder Gewinn, der weniger als \u20ac2500 betr\u00e4gt, wird sofort auf Ihr Spielerkonto \u00fcberwiesen. Auf diese Weise k\u00f6nnen Sie ihn abheben (jeden Betrag \u00fcber 10 \u20ac) oder Sie k\u00f6nnen ihn zum Kauf weiterer Lose verwenden. Denken Sie einfach daran, dass Sie Geld auf eine Kredit- oder Debitkarte oder auf ein Bankkonto abheben k\u00f6nnen. Auf welches Konto Sie das Geld auch immer abheben m\u00f6chten, Sie m\u00fcssen es auch bereits f\u00fcr Einzahlungen verwendet haben. Auf diese Weise helfen wir, Sie zu sch\u00fctzen, und wir erf\u00fcllen auch die Vorschriften zur Bek\u00e4mpfung der Geldw\u00e4sche und mehr.<\/p>\n","protected":false},"excerpt":{"rendered":"<p>Wir bieten auf unserer Website viele verschiedene internationale Lotteriespiele an, aber wir wollen sicherstellen, dass das Auffinden der Ergebnisse kein Problem darstellt. Sicher, Sie k\u00f6nnten sich die Ergebnisse im Fernsehen ansehen, wenn Sie das Gl\u00fcck haben, die Ziehungsergebnisse in den Nachrichten zu finden. Oder Sie k\u00f6nnten sie in der Zeitung finden, wenn Sie in einer [&hellip;]<\/p>\n","protected":false},"author":1,"featured_media":0,"parent":3795,"menu_order":5,"comment_status":"closed","ping_status":"closed","template":"superenalotto-results.php","meta":{"_et_pb_use_builder":"","_et_pb_old_content":"","_et_gb_content_width":"","exclude_from_search":false,"footnotes":""},"class_list":["post-7809","page","type-page","status-publish","hentry"],"yoast_head":"<!-- This site is optimized with the Yoast SEO plugin v23.4 - https:\/\/yoast.com\/wordpress\/plugins\/seo\/ -->\n<title>Neueste Gewinnzahlen f\u00fcr Superenalotto<\/title>\n<meta name=\"description\" content=\"M\u00f6chten Sie die Gewinnzahlen f\u00fcr Superenalotto wissen? Hier finden Sie die Ergebnisse und mehr!\" \/>\n<meta name=\"robots\" content=\"index, follow, max-snippet:-1, max-image-preview:large, max-video-preview:-1\" \/>\n<link rel=\"canonical\" href=\"https:\/\/onlinelotto365.com\/de\/gewinnzahlen\/superenalotto\/\" \/>\n<meta property=\"og:locale\" content=\"de_DE\" \/>\n<meta property=\"og:type\" content=\"article\" \/>\n<meta property=\"og:title\" content=\"Neueste Gewinnzahlen f\u00fcr Superenalotto\" \/>\n<meta property=\"og:description\" content=\"M\u00f6chten Sie die Gewinnzahlen f\u00fcr Superenalotto wissen? Hier finden Sie die Ergebnisse und mehr!\" \/>\n<meta property=\"og:url\" content=\"https:\/\/onlinelotto365.com\/de\/gewinnzahlen\/superenalotto\/\" \/>\n<meta property=\"og:site_name\" content=\"OnlineLotto365\" \/>\n<meta property=\"article:modified_time\" content=\"2021-01-07T11:31:40+00:00\" \/>\n<meta property=\"og:image\" content=\"https:\/\/redfoxlotto.com\/image?size=8&amp;lottery=superenalotto\" \/>\n<meta name=\"twitter:card\" content=\"summary_large_image\" \/>\n<meta name=\"twitter:label1\" content=\"Gesch\u00e4tzte Lesezeit\" \/>\n\t<meta name=\"twitter:data1\" content=\"2\u00a0Minuten\" \/>\n<script type=\"application\/ld+json\" class=\"yoast-schema-graph\">{\"@context\":\"https:\/\/schema.org\",\"@graph\":[{\"@type\":\"WebPage\",\"@id\":\"https:\/\/onlinelotto365.com\/de\/gewinnzahlen\/superenalotto\/\",\"url\":\"https:\/\/onlinelotto365.com\/de\/gewinnzahlen\/superenalotto\/\",\"name\":\"Neueste Gewinnzahlen f\u00fcr Superenalotto\",\"isPartOf\":{\"@id\":\"https:\/\/onlinelotto365.com\/de\/#website\"},\"primaryImageOfPage\":{\"@id\":\"https:\/\/onlinelotto365.com\/de\/gewinnzahlen\/superenalotto\/#primaryimage\"},\"image\":{\"@id\":\"https:\/\/onlinelotto365.com\/de\/gewinnzahlen\/superenalotto\/#primaryimage\"},\"thumbnailUrl\":\"https:\/\/redfoxlotto.com\/image?size=8&amp;lottery=superenalotto\",\"datePublished\":\"2020-12-08T13:30:32+00:00\",\"dateModified\":\"2021-01-07T11:31:40+00:00\",\"description\":\"M\u00f6chten Sie die Gewinnzahlen f\u00fcr Superenalotto wissen? Hier finden Sie die Ergebnisse und mehr!\",\"breadcrumb\":{\"@id\":\"https:\/\/onlinelotto365.com\/de\/gewinnzahlen\/superenalotto\/#breadcrumb\"},\"inLanguage\":\"de\",\"potentialAction\":[{\"@type\":\"ReadAction\",\"target\":[\"https:\/\/onlinelotto365.com\/de\/gewinnzahlen\/superenalotto\/\"]}]},{\"@type\":\"ImageObject\",\"inLanguage\":\"de\",\"@id\":\"https:\/\/onlinelotto365.com\/de\/gewinnzahlen\/superenalotto\/#primaryimage\",\"url\":\"https:\/\/redfoxlotto.com\/image?size=8&amp;lottery=superenalotto\",\"contentUrl\":\"https:\/\/redfoxlotto.com\/image?size=8&amp;lottery=superenalotto\"},{\"@type\":\"BreadcrumbList\",\"@id\":\"https:\/\/onlinelotto365.com\/de\/gewinnzahlen\/superenalotto\/#breadcrumb\",\"itemListElement\":[{\"@type\":\"ListItem\",\"position\":1,\"name\":\"Home\",\"item\":\"https:\/\/onlinelotto365.com\/de\/\"},{\"@type\":\"ListItem\",\"position\":2,\"name\":\"Finden Sie Gewinnzahlen und Ergebnisse der letzten Lottoziehungen\",\"item\":\"https:\/\/onlinelotto365.com\/de\/gewinnzahlen\/\"},{\"@type\":\"ListItem\",\"position\":3,\"name\":\"Hier finden Sie die Gewinnzahlen des Superenalotto\"}]},{\"@type\":\"WebSite\",\"@id\":\"https:\/\/onlinelotto365.com\/de\/#website\",\"url\":\"https:\/\/onlinelotto365.com\/de\/\",\"name\":\"OnlineLotto365\",\"description\":\"\",\"potentialAction\":[{\"@type\":\"SearchAction\",\"target\":{\"@type\":\"EntryPoint\",\"urlTemplate\":\"https:\/\/onlinelotto365.com\/de\/?s={search_term_string}\"},\"query-input\":{\"@type\":\"PropertyValueSpecification\",\"valueRequired\":true,\"valueName\":\"search_term_string\"}}],\"inLanguage\":\"de\"}]}<\/script>\n<!-- \/ Yoast SEO plugin. -->","yoast_head_json":{"title":"Neueste Gewinnzahlen f\u00fcr Superenalotto","description":"M\u00f6chten Sie die Gewinnzahlen f\u00fcr Superenalotto wissen? Hier finden Sie die Ergebnisse und mehr!","robots":{"index":"index","follow":"follow","max-snippet":"max-snippet:-1","max-image-preview":"max-image-preview:large","max-video-preview":"max-video-preview:-1"},"canonical":"https:\/\/onlinelotto365.com\/de\/gewinnzahlen\/superenalotto\/","og_locale":"de_DE","og_type":"article","og_title":"Neueste Gewinnzahlen f\u00fcr Superenalotto","og_description":"M\u00f6chten Sie die Gewinnzahlen f\u00fcr Superenalotto wissen? Hier finden Sie die Ergebnisse und mehr!","og_url":"https:\/\/onlinelotto365.com\/de\/gewinnzahlen\/superenalotto\/","og_site_name":"OnlineLotto365","article_modified_time":"2021-01-07T11:31:40+00:00","og_image":[{"url":"https:\/\/redfoxlotto.com\/image?size=8&amp;lottery=superenalotto"}],"twitter_card":"summary_large_image","twitter_misc":{"Gesch\u00e4tzte Lesezeit":"2\u00a0Minuten"},"schema":{"@context":"https:\/\/schema.org","@graph":[{"@type":"WebPage","@id":"https:\/\/onlinelotto365.com\/de\/gewinnzahlen\/superenalotto\/","url":"https:\/\/onlinelotto365.com\/de\/gewinnzahlen\/superenalotto\/","name":"Neueste Gewinnzahlen f\u00fcr Superenalotto","isPartOf":{"@id":"https:\/\/onlinelotto365.com\/de\/#website"},"primaryImageOfPage":{"@id":"https:\/\/onlinelotto365.com\/de\/gewinnzahlen\/superenalotto\/#primaryimage"},"image":{"@id":"https:\/\/onlinelotto365.com\/de\/gewinnzahlen\/superenalotto\/#primaryimage"},"thumbnailUrl":"https:\/\/redfoxlotto.com\/image?size=8&amp;lottery=superenalotto","datePublished":"2020-12-08T13:30:32+00:00","dateModified":"2021-01-07T11:31:40+00:00","description":"M\u00f6chten Sie die Gewinnzahlen f\u00fcr Superenalotto wissen? Hier finden Sie die Ergebnisse und mehr!","breadcrumb":{"@id":"https:\/\/onlinelotto365.com\/de\/gewinnzahlen\/superenalotto\/#breadcrumb"},"inLanguage":"de","potentialAction":[{"@type":"ReadAction","target":["https:\/\/onlinelotto365.com\/de\/gewinnzahlen\/superenalotto\/"]}]},{"@type":"ImageObject","inLanguage":"de","@id":"https:\/\/onlinelotto365.com\/de\/gewinnzahlen\/superenalotto\/#primaryimage","url":"https:\/\/redfoxlotto.com\/image?size=8&amp;lottery=superenalotto","contentUrl":"https:\/\/redfoxlotto.com\/image?size=8&amp;lottery=superenalotto"},{"@type":"BreadcrumbList","@id":"https:\/\/onlinelotto365.com\/de\/gewinnzahlen\/superenalotto\/#breadcrumb","itemListElement":[{"@type":"ListItem","position":1,"name":"Home","item":"https:\/\/onlinelotto365.com\/de\/"},{"@type":"ListItem","position":2,"name":"Finden Sie Gewinnzahlen und Ergebnisse der letzten Lottoziehungen","item":"https:\/\/onlinelotto365.com\/de\/gewinnzahlen\/"},{"@type":"ListItem","position":3,"name":"Hier finden Sie die Gewinnzahlen des Superenalotto"}]},{"@type":"WebSite","@id":"https:\/\/onlinelotto365.com\/de\/#website","url":"https:\/\/onlinelotto365.com\/de\/","name":"OnlineLotto365","description":"","potentialAction":[{"@type":"SearchAction","target":{"@type":"EntryPoint","urlTemplate":"https:\/\/onlinelotto365.com\/de\/?s={search_term_string}"},"query-input":{"@type":"PropertyValueSpecification","valueRequired":true,"valueName":"search_term_string"}}],"inLanguage":"de"}]}},"_links":{"self":[{"href":"https:\/\/onlinelotto365.com\/de\/wp-json\/wp\/v2\/pages\/7809","targetHints":{"allow":["GET"]}}],"collection":[{"href":"https:\/\/onlinelotto365.com\/de\/wp-json\/wp\/v2\/pages"}],"about":[{"href":"https:\/\/onlinelotto365.com\/de\/wp-json\/wp\/v2\/types\/page"}],"author":[{"embeddable":true,"href":"https:\/\/onlinelotto365.com\/de\/wp-json\/wp\/v2\/users\/1"}],"replies":[{"embeddable":true,"href":"https:\/\/onlinelotto365.com\/de\/wp-json\/wp\/v2\/comments?post=7809"}],"version-history":[{"count":0,"href":"https:\/\/onlinelotto365.com\/de\/wp-json\/wp\/v2\/pages\/7809\/revisions"}],"up":[{"embeddable":true,"href":"https:\/\/onlinelotto365.com\/de\/wp-json\/wp\/v2\/pages\/3795"}],"wp:attachment":[{"href":"https:\/\/onlinelotto365.com\/de\/wp-json\/wp\/v2\/media?parent=7809"}],"curies":[{"name":"wp","href":"https:\/\/api.w.org\/{rel}","templated":true}]}}