{"id":7837,"date":"2020-12-08T14:34:28","date_gmt":"2020-12-08T13:34:28","guid":{"rendered":"http:\/\/onlinelotto365.net\/?page_id=7837"},"modified":"2021-01-06T11:50:05","modified_gmt":"2021-01-06T10:50:05","slug":"el-gordo","status":"publish","type":"page","link":"https:\/\/onlinelotto365.com\/de\/gewinnzahlen\/el-gordo\/","title":{"rendered":"Hier finden Sie die Ergebnisse und Gewinne von El Gordo"},"content":{"rendered":"<p>Wir wissen, dass wir eine ganze Reihe verschiedener <a href=\"http:\/\/onlinelotto365.com\/de\">internationaler Lotterien<\/a> anbieten, und es kann etwas verwirrend sein, wenn man versucht, die Gewinnzahlen herauszufinden. Viele Leute suchen in der Zeitung nach Gewinnzahlen f\u00fcr ihre Lieblingsspiele, aber wenn man nicht in der Gegend wohnt, <strong>kann es schwierig sein, die Gewinnzahlen f\u00fcr El Gordo herauszufinden.<\/strong> Dasselbe gilt f\u00fcr den Versuch, sich die Ziehung anzusehen oder die Gewinnzahlen im Fernsehen zu sehen.<\/p>\n<p>Eine andere M\u00f6glichkeit besteht darin, auf der offiziellen Website von El Gordo nachzusehen, ob sie eine <a href=\"https:\/\/onlinelotto365.com\/de\/news\/lotto-leben\"><strong>live-Stream des Ziehungsprozesses<\/strong><\/a>. F\u00fcr die Spiele, die dies tun, kann dies eine lustige und interessante Gelegenheit f\u00fcr jeden sein.<\/p>\n<p>Aber es gibt viele Spiele, die dies eigentlich nicht bieten. Stattdessen m\u00fcsste man warten, bis die Auslosung vorbei ist und alles gemeldet wurde, um die Ergebnisse zu sehen.<br \/>\nWenn die Auslosung bereits vorbei ist, k\u00f6nnen Sie schlie\u00dflich vielleicht zu YouTube gehen und dort die Auslosung von El Gordo finden. Aber dies ist ein weiterer Bereich, in dem Sie m\u00f6glicherweise nicht erfolgreich sein werden. M\u00f6glicherweise ist f\u00fcr Ihre Auslosung nichts verf\u00fcgbar.<br \/>\n<a href=\"https:\/\/redfoxlotto.com\/de\/spielen\/el-gordo-primitiva\/?ref=a8564250a2&amp;medium=ol365\" target=\"_blank\" rel=\"noopener noreferrer\"><img decoding=\"async\" class=\"aligncenter\" src=\"https:\/\/redfoxlotto.com\/image?size=8&amp;lottery=el-gordo-primitiva\" alt=\"el gordo\" \/><\/a><br \/>\nEine der besten und einfachsten M\u00f6glichkeiten, die Gewinnzahlen zu finden, ist jedoch unsere Website. Auf unseren Seiten mit den Gewinnzahlen und Ergebnissen finden Sie die Ergebnisse f\u00fcr El Gordo und alle anderen Lotteriespiele, die wir zur Verf\u00fcgung haben.<\/p>\n<h2>So finden Sie heraus, ob Ihr Online-Schein gewonnen hat<img loading=\"lazy\" decoding=\"async\" class=\"alignright wp-image-3573\" src=\"https:\/\/onlinelotto365.com\/wp-content\/uploads\/2020\/11\/online_lottery-96-300x212.jpg\" alt=\"El Gordo results\" width=\"166\" height=\"117\" srcset=\"https:\/\/onlinelotto365.com\/wp-content\/uploads\/2020\/11\/online_lottery-96-300x212.jpg 300w, https:\/\/onlinelotto365.com\/wp-content\/uploads\/2020\/11\/online_lottery-96.jpg 320w\" sizes=\"auto, (max-width: 166px) 100vw, 166px\" \/><\/h2>\n<p>Der noch bessere Teil ist, dass Sie nicht einmal auf die Lotterie-Ergebnisseite gehen m\u00fcssen. Sie k\u00f6nnen direkt zu Ihrem Konto gehen, wenn Sie Lose gekauft haben. Von dort aus k\u00f6nnen Sie nicht nur die Gewinnzahlen sehen, sondern auch, wie sich Ihre Zahlen aneinanderreihen. Sie k\u00f6nnen die verglichenen Zahlen sehen, und dann k\u00f6nnen Sie sehen, welche Zahlen \u00fcbereinstimmen und wie viel Sie tats\u00e4chlich gewonnen haben. Wenn Sie weniger als \u20ac2500 gewonnen haben, brauchen Sie gar nichts zu tun, denn der Gewinn wird direkt auf Ihrem Konto gutgeschrieben.<\/p>\n<h2>El Gordo-Ergebnisarchiv<\/h2>\n<p>Wenn Sie alte Zahlen nachschlagen und sehen wollen, was sie waren, k\u00f6nnen Sie dies ebenfalls leicht tun. Tats\u00e4chlich k\u00f6nnen Sie auf jeder Seite unserer Website, auf der Sie die neuesten Ergebnisse von El Gordo einsehen k\u00f6nnen, auch einige der \u00e4lteren Zahlen nachschlagen. Das erleichtert es Ihnen, herauszufinden, welche Zahlen Sie beim n\u00e4chsten Mal spielen wollen.<\/p>\n<h2>Mein Los hat gewonnen, wie geht es weiter?<\/h2>\n<p>Wenn Sie gewinnen, haben Sie es leicht, Ihr Geld zu bekommen, denn wir \u00fcberweisen es direkt auf Ihr Konto, sobald die Ergebnisse best\u00e4tigt sind. Wenn es weniger als \u20ac2500 ist, haben Sie das Geld so schnell. Wenn es mehr als 10 \u20ac sind, k\u00f6nnen Sie das Geld dann auf Ihr Konto abheben.<br \/>\nOder Sie k\u00f6nnen das Geld auf Ihrem Spielerkonto belassen und es verwenden, um <a href=\"https:\/\/onlinelotto365.com\/de\/lose-kaufen\">noch mehr Karten f\u00fcr weitere Spiele zu kaufen<\/a>. Denken Sie nur daran, dass f\u00fcr die Abhebung Ihres Geldes einige Unterlagen erforderlich sind, um die Bundesbestimmungen einzuhalten. Sie m\u00fcssen auch eine Methode verwenden, die Sie bereits f\u00fcr eine Einzahlung verwendet haben.<\/p>\n","protected":false},"excerpt":{"rendered":"<p>Wir wissen, dass wir eine ganze Reihe verschiedener internationaler Lotterien anbieten, und es kann etwas verwirrend sein, wenn man versucht, die Gewinnzahlen herauszufinden. Viele Leute suchen in der Zeitung nach Gewinnzahlen f\u00fcr ihre Lieblingsspiele, aber wenn man nicht in der Gegend wohnt, kann es schwierig sein, die Gewinnzahlen f\u00fcr El Gordo herauszufinden. Dasselbe gilt f\u00fcr [&hellip;]<\/p>\n","protected":false},"author":1,"featured_media":0,"parent":3795,"menu_order":6,"comment_status":"closed","ping_status":"closed","template":"el-gordo-results.php","meta":{"_et_pb_use_builder":"","_et_pb_old_content":"","_et_gb_content_width":"","exclude_from_search":false,"footnotes":""},"class_list":["post-7837","page","type-page","status-publish","hentry"],"yoast_head":"<!-- This site is optimized with the Yoast SEO plugin v23.4 - https:\/\/yoast.com\/wordpress\/plugins\/seo\/ -->\n<title>El Gordo Gewinnzahlen | El Gordo zieht Ergebnisse und Preise<\/title>\n<meta name=\"description\" content=\"Gewinnzahlen, Ergebnisse, Preise f\u00fcr El Gordo und viele andere Lotterien, immer aktualisiert auf unserer Website\" \/>\n<meta name=\"robots\" content=\"index, follow, max-snippet:-1, max-image-preview:large, max-video-preview:-1\" \/>\n<link rel=\"canonical\" href=\"https:\/\/onlinelotto365.com\/de\/gewinnzahlen\/el-gordo\/\" \/>\n<meta property=\"og:locale\" content=\"de_DE\" \/>\n<meta property=\"og:type\" content=\"article\" \/>\n<meta property=\"og:title\" content=\"El Gordo Gewinnzahlen | El Gordo zieht Ergebnisse und Preise\" \/>\n<meta property=\"og:description\" content=\"Gewinnzahlen, Ergebnisse, Preise f\u00fcr El Gordo und viele andere Lotterien, immer aktualisiert auf unserer Website\" \/>\n<meta property=\"og:url\" content=\"https:\/\/onlinelotto365.com\/de\/gewinnzahlen\/el-gordo\/\" \/>\n<meta property=\"og:site_name\" content=\"OnlineLotto365\" \/>\n<meta property=\"article:modified_time\" content=\"2021-01-06T10:50:05+00:00\" \/>\n<meta property=\"og:image\" content=\"https:\/\/redfoxlotto.com\/image?size=8&amp;lottery=el-gordo-primitiva\" \/>\n<meta name=\"twitter:card\" content=\"summary_large_image\" \/>\n<meta name=\"twitter:label1\" content=\"Gesch\u00e4tzte Lesezeit\" \/>\n\t<meta name=\"twitter:data1\" content=\"3\u00a0Minuten\" \/>\n<script type=\"application\/ld+json\" class=\"yoast-schema-graph\">{\"@context\":\"https:\/\/schema.org\",\"@graph\":[{\"@type\":\"WebPage\",\"@id\":\"https:\/\/onlinelotto365.com\/de\/gewinnzahlen\/el-gordo\/\",\"url\":\"https:\/\/onlinelotto365.com\/de\/gewinnzahlen\/el-gordo\/\",\"name\":\"El Gordo Gewinnzahlen | El Gordo zieht Ergebnisse und Preise\",\"isPartOf\":{\"@id\":\"https:\/\/onlinelotto365.com\/de\/#website\"},\"primaryImageOfPage\":{\"@id\":\"https:\/\/onlinelotto365.com\/de\/gewinnzahlen\/el-gordo\/#primaryimage\"},\"image\":{\"@id\":\"https:\/\/onlinelotto365.com\/de\/gewinnzahlen\/el-gordo\/#primaryimage\"},\"thumbnailUrl\":\"https:\/\/redfoxlotto.com\/image?size=8&amp;lottery=el-gordo-primitiva\",\"datePublished\":\"2020-12-08T13:34:28+00:00\",\"dateModified\":\"2021-01-06T10:50:05+00:00\",\"description\":\"Gewinnzahlen, Ergebnisse, Preise f\u00fcr El Gordo und viele andere Lotterien, immer aktualisiert auf unserer Website\",\"breadcrumb\":{\"@id\":\"https:\/\/onlinelotto365.com\/de\/gewinnzahlen\/el-gordo\/#breadcrumb\"},\"inLanguage\":\"de\",\"potentialAction\":[{\"@type\":\"ReadAction\",\"target\":[\"https:\/\/onlinelotto365.com\/de\/gewinnzahlen\/el-gordo\/\"]}]},{\"@type\":\"ImageObject\",\"inLanguage\":\"de\",\"@id\":\"https:\/\/onlinelotto365.com\/de\/gewinnzahlen\/el-gordo\/#primaryimage\",\"url\":\"https:\/\/redfoxlotto.com\/image?size=8&amp;lottery=el-gordo-primitiva\",\"contentUrl\":\"https:\/\/redfoxlotto.com\/image?size=8&amp;lottery=el-gordo-primitiva\"},{\"@type\":\"BreadcrumbList\",\"@id\":\"https:\/\/onlinelotto365.com\/de\/gewinnzahlen\/el-gordo\/#breadcrumb\",\"itemListElement\":[{\"@type\":\"ListItem\",\"position\":1,\"name\":\"Home\",\"item\":\"https:\/\/onlinelotto365.com\/de\/\"},{\"@type\":\"ListItem\",\"position\":2,\"name\":\"Finden Sie Gewinnzahlen und Ergebnisse der letzten Lottoziehungen\",\"item\":\"https:\/\/onlinelotto365.com\/de\/gewinnzahlen\/\"},{\"@type\":\"ListItem\",\"position\":3,\"name\":\"Hier finden Sie die Ergebnisse und Gewinne von El Gordo\"}]},{\"@type\":\"WebSite\",\"@id\":\"https:\/\/onlinelotto365.com\/de\/#website\",\"url\":\"https:\/\/onlinelotto365.com\/de\/\",\"name\":\"OnlineLotto365\",\"description\":\"\",\"potentialAction\":[{\"@type\":\"SearchAction\",\"target\":{\"@type\":\"EntryPoint\",\"urlTemplate\":\"https:\/\/onlinelotto365.com\/de\/?s={search_term_string}\"},\"query-input\":{\"@type\":\"PropertyValueSpecification\",\"valueRequired\":true,\"valueName\":\"search_term_string\"}}],\"inLanguage\":\"de\"}]}<\/script>\n<!-- \/ Yoast SEO plugin. -->","yoast_head_json":{"title":"El Gordo Gewinnzahlen | El Gordo zieht Ergebnisse und Preise","description":"Gewinnzahlen, Ergebnisse, Preise f\u00fcr El Gordo und viele andere Lotterien, immer aktualisiert auf unserer Website","robots":{"index":"index","follow":"follow","max-snippet":"max-snippet:-1","max-image-preview":"max-image-preview:large","max-video-preview":"max-video-preview:-1"},"canonical":"https:\/\/onlinelotto365.com\/de\/gewinnzahlen\/el-gordo\/","og_locale":"de_DE","og_type":"article","og_title":"El Gordo Gewinnzahlen | El Gordo zieht Ergebnisse und Preise","og_description":"Gewinnzahlen, Ergebnisse, Preise f\u00fcr El Gordo und viele andere Lotterien, immer aktualisiert auf unserer Website","og_url":"https:\/\/onlinelotto365.com\/de\/gewinnzahlen\/el-gordo\/","og_site_name":"OnlineLotto365","article_modified_time":"2021-01-06T10:50:05+00:00","og_image":[{"url":"https:\/\/redfoxlotto.com\/image?size=8&amp;lottery=el-gordo-primitiva"}],"twitter_card":"summary_large_image","twitter_misc":{"Gesch\u00e4tzte Lesezeit":"3\u00a0Minuten"},"schema":{"@context":"https:\/\/schema.org","@graph":[{"@type":"WebPage","@id":"https:\/\/onlinelotto365.com\/de\/gewinnzahlen\/el-gordo\/","url":"https:\/\/onlinelotto365.com\/de\/gewinnzahlen\/el-gordo\/","name":"El Gordo Gewinnzahlen | El Gordo zieht Ergebnisse und Preise","isPartOf":{"@id":"https:\/\/onlinelotto365.com\/de\/#website"},"primaryImageOfPage":{"@id":"https:\/\/onlinelotto365.com\/de\/gewinnzahlen\/el-gordo\/#primaryimage"},"image":{"@id":"https:\/\/onlinelotto365.com\/de\/gewinnzahlen\/el-gordo\/#primaryimage"},"thumbnailUrl":"https:\/\/redfoxlotto.com\/image?size=8&amp;lottery=el-gordo-primitiva","datePublished":"2020-12-08T13:34:28+00:00","dateModified":"2021-01-06T10:50:05+00:00","description":"Gewinnzahlen, Ergebnisse, Preise f\u00fcr El Gordo und viele andere Lotterien, immer aktualisiert auf unserer Website","breadcrumb":{"@id":"https:\/\/onlinelotto365.com\/de\/gewinnzahlen\/el-gordo\/#breadcrumb"},"inLanguage":"de","potentialAction":[{"@type":"ReadAction","target":["https:\/\/onlinelotto365.com\/de\/gewinnzahlen\/el-gordo\/"]}]},{"@type":"ImageObject","inLanguage":"de","@id":"https:\/\/onlinelotto365.com\/de\/gewinnzahlen\/el-gordo\/#primaryimage","url":"https:\/\/redfoxlotto.com\/image?size=8&amp;lottery=el-gordo-primitiva","contentUrl":"https:\/\/redfoxlotto.com\/image?size=8&amp;lottery=el-gordo-primitiva"},{"@type":"BreadcrumbList","@id":"https:\/\/onlinelotto365.com\/de\/gewinnzahlen\/el-gordo\/#breadcrumb","itemListElement":[{"@type":"ListItem","position":1,"name":"Home","item":"https:\/\/onlinelotto365.com\/de\/"},{"@type":"ListItem","position":2,"name":"Finden Sie Gewinnzahlen und Ergebnisse der letzten Lottoziehungen","item":"https:\/\/onlinelotto365.com\/de\/gewinnzahlen\/"},{"@type":"ListItem","position":3,"name":"Hier finden Sie die Ergebnisse und Gewinne von El Gordo"}]},{"@type":"WebSite","@id":"https:\/\/onlinelotto365.com\/de\/#website","url":"https:\/\/onlinelotto365.com\/de\/","name":"OnlineLotto365","description":"","potentialAction":[{"@type":"SearchAction","target":{"@type":"EntryPoint","urlTemplate":"https:\/\/onlinelotto365.com\/de\/?s={search_term_string}"},"query-input":{"@type":"PropertyValueSpecification","valueRequired":true,"valueName":"search_term_string"}}],"inLanguage":"de"}]}},"_links":{"self":[{"href":"https:\/\/onlinelotto365.com\/de\/wp-json\/wp\/v2\/pages\/7837","targetHints":{"allow":["GET"]}}],"collection":[{"href":"https:\/\/onlinelotto365.com\/de\/wp-json\/wp\/v2\/pages"}],"about":[{"href":"https:\/\/onlinelotto365.com\/de\/wp-json\/wp\/v2\/types\/page"}],"author":[{"embeddable":true,"href":"https:\/\/onlinelotto365.com\/de\/wp-json\/wp\/v2\/users\/1"}],"replies":[{"embeddable":true,"href":"https:\/\/onlinelotto365.com\/de\/wp-json\/wp\/v2\/comments?post=7837"}],"version-history":[{"count":0,"href":"https:\/\/onlinelotto365.com\/de\/wp-json\/wp\/v2\/pages\/7837\/revisions"}],"up":[{"embeddable":true,"href":"https:\/\/onlinelotto365.com\/de\/wp-json\/wp\/v2\/pages\/3795"}],"wp:attachment":[{"href":"https:\/\/onlinelotto365.com\/de\/wp-json\/wp\/v2\/media?parent=7837"}],"curies":[{"name":"wp","href":"https:\/\/api.w.org\/{rel}","templated":true}]}}