{"id":7876,"date":"2020-12-08T14:36:45","date_gmt":"2020-12-08T13:36:45","guid":{"rendered":"http:\/\/onlinelotto365.net\/?page_id=7876"},"modified":"2021-01-07T15:03:07","modified_gmt":"2021-01-07T14:03:07","slug":"bonoloto","status":"publish","type":"page","link":"https:\/\/onlinelotto365.com\/de\/gewinnzahlen\/bonoloto\/","title":{"rendered":"Spanische Bonoloto-Ergebnisse"},"content":{"rendered":"<p>Internationale Lotteriespiele k\u00f6nnen eine ganze Menge Spa\u00df machen, aber man muss wissen, wie man die Gewinnzahlen \u00fcberpr\u00fcfen kann. Eine M\u00f6glichkeit, <strong>die BonoLoto-Zahlen zu \u00fcberpr\u00fcfen<\/strong>, besteht darin, zur Zeitung zu gehen. Aber in der Regel werden nur Lokalzeitungen die Ergebnisse haben, die Sie suchen.<\/p>\n<p>Eine andere M\u00f6glichkeit ist es, sich Fernsehsender anzusehen, aber vielleicht finden Sie auch dort nicht die Informationen, nach denen Sie suchen. Sie m\u00fcssen in genau der richtigen Gegend wohnen und wissen, wann Sie nach den <a href=\"https:\/\/onlinelotto365.com\/de\/news\/lotto-los-online-pruefen\">Nummern suchen m\u00fcssen.<\/a><\/p>\n<p>Als n\u00e4chstes k\u00f6nnen Sie auf der offiziellen Website von BonoLoto nachsehen, ob sie eine Live-Zeichnung online anbieten. Bei Spielen, bei denen dies m\u00f6glich ist, kann es f\u00fcr jeden spannend sein, weil man sich in dem Moment, in dem man sich die sofort auftauchenden Zahlen ansieht, verfangen kann. Aber denken Sie daran, dass nicht alle <a href=\"http:\/\/onlinelotto365.com\/de\">Lotteriespiele<\/a> diese M\u00f6glichkeit tats\u00e4chlich bieten.<\/p>\n<p>Schlie\u00dflich k\u00f6nnen Sie einen Blick auf YouTube werfen, um zu sehen, ob jemand ein Live-Video der Ziehung gepostet hat oder ob er die Gewinnzahlen auf andere Weise aufgezeichnet hat, um die BonoLoto-Ziehung mit anderen zu teilen.<br \/>\n<a href=\"https:\/\/redfoxlotto.com\/de\/spielen\/bonoloto\/?ref=a8564250a2&amp;medium=ol365\" target=\"_blank\" rel=\"noopener noreferrer\"><img decoding=\"async\" class=\"aligncenter\" src=\"https:\/\/redfoxlotto.com\/image?size=8&amp;lottery=bonoloto\" alt=\"BonoLoto\" \/><\/a><\/p>\n<p>Der bequemste Weg, um die Gewinnzahlen zu erhalten, ist jedoch sicherlich ein Besuch unserer Website. <strong>Wir geben Ihnen alle Gewinnzahlen f\u00fcr BonoLoto und alle anderen Spiele<\/strong>, die wir auf unserer Website anbieten, damit Sie an einem Ort den \u00dcberblick behalten k\u00f6nnen.<\/p>\n<h2>So finden Sie heraus, ob Ihr Online-Ticket gewonnen hat<img loading=\"lazy\" decoding=\"async\" class=\"alignright wp-image-3651\" src=\"https:\/\/onlinelotto365.com\/wp-content\/uploads\/2020\/11\/online_lottery-79-300x292.jpg\" alt=\"bonoloto winning numbers\" width=\"148\" height=\"145\" srcset=\"https:\/\/onlinelotto365.com\/wp-content\/uploads\/2020\/11\/online_lottery-79-300x292.jpg 300w, https:\/\/onlinelotto365.com\/wp-content\/uploads\/2020\/11\/online_lottery-79.jpg 320w\" sizes=\"auto, (max-width: 148px) 100vw, 148px\" \/><\/h2>\n<p>F\u00fcr diejenigen, die bereits <a href=\"https:\/\/onlinelotto365.com\/de\/lose-kaufen\/superenalotto\">ein Ticket f\u00fcr BonoLoto gekauft<\/a> haben, k\u00f6nnen Sie direkt auf Ihr Konto gehen. Loggen Sie sich ein und gehen Sie zu der Seite mit Ihren Tickets darauf. Sobald Sie dort sind, k\u00f6nnen Sie die Ergebnisse aller Spiele sehen, f\u00fcr die Sie Tickets gekauft haben. Das wird es f\u00fcr Sie sehr viel einfacher machen, <strong>zu sehen, welche Zahlen Sie haben, die \u00fcbereinstimmen<\/strong> und welche nicht. Sie k\u00f6nnen auch sofort Ihr Geld bekommen, wenn Sie weniger als \u20ac2500 gewonnen haben. Denn diese Betr\u00e4ge werden direkt auf Ihr Konto eingezahlt, ohne dass Sie irgendetwas tun m\u00fcssen.<\/p>\n<h2>Archiv der BonoLoto-Ergebnisse<\/h2>\n<p>Wenn Sie nach alten Zahlen f\u00fcr das BonoLoto suchen, brauchen Sie nicht weit zu suchen. Denn wir haben uns f\u00fcr Sie um alles gek\u00fcmmert. Wir haben sogar alle alten Zahlen an die gleiche Stelle wie die neuesten gesetzt, so dass Sie sich keine Sorgen machen m\u00fcssen, sie aufzusp\u00fcren. Denn wir wissen, wie wichtig es f\u00fcr Sie ist, dass Sie diese Zahlen finden k\u00f6nnen, wenn Sie sie brauchen.<\/p>\n<h2>Mein Los hat gewonnen, wie geht es weiter?<\/h2>\n<p>Wir haben bereits dar\u00fcber gesprochen, dass Sie sich keine Sorgen um Ihr Geld machen m\u00fcssen, wenn Sie einige der kleinen Preise f\u00fcr irgendein Lotto-Spiel gewinnen. Denn wir k\u00fcmmern uns f\u00fcr Sie darum, dass es direkt auf Ihr Konto eingezahlt wird. Jeder Betrag unter \u20ac2500 wird Ihrem Konto automatisch gutgeschrieben, so dass es jederzeit bereit steht, wenn Sie es w\u00fcnschen.<br \/>\nDas ist auf jeden Fall bequem f\u00fcr Sie, und es wird Ihnen helfen, mit diesem Geld zu beginnen. Sie k\u00f6nnen es n\u00e4mlich verwenden, um weitere Tickets zu kaufen, wann immer Sie wollen. Wenn es mehr als 10 Euro sind, k\u00f6nnen Sie das Geld sogar auf jedes beliebige Konto abheben, das Sie schon einmal auf unserer Website benutzt haben.<\/p>\n","protected":false},"excerpt":{"rendered":"<p>Internationale Lotteriespiele k\u00f6nnen eine ganze Menge Spa\u00df machen, aber man muss wissen, wie man die Gewinnzahlen \u00fcberpr\u00fcfen kann. Eine M\u00f6glichkeit, die BonoLoto-Zahlen zu \u00fcberpr\u00fcfen, besteht darin, zur Zeitung zu gehen. Aber in der Regel werden nur Lokalzeitungen die Ergebnisse haben, die Sie suchen. Eine andere M\u00f6glichkeit ist es, sich Fernsehsender anzusehen, aber vielleicht finden Sie [&hellip;]<\/p>\n","protected":false},"author":1,"featured_media":0,"parent":3795,"menu_order":8,"comment_status":"closed","ping_status":"closed","template":"template-rightsidebar.php","meta":{"_et_pb_use_builder":"","_et_pb_old_content":"","_et_gb_content_width":"","exclude_from_search":false,"footnotes":""},"class_list":["post-7876","page","type-page","status-publish","hentry"],"yoast_head":"<!-- This site is optimized with the Yoast SEO plugin v23.4 - https:\/\/yoast.com\/wordpress\/plugins\/seo\/ -->\n<title>Ergebnisse und Preise f\u00fcr das spanische BonoLoto<\/title>\n<meta name=\"description\" content=\"Sehen Sie hier, um herauszufinden, ob Ihr Bonoloto-Ticket gewonnen hat\" \/>\n<meta name=\"robots\" content=\"index, follow, max-snippet:-1, max-image-preview:large, max-video-preview:-1\" \/>\n<link rel=\"canonical\" href=\"https:\/\/onlinelotto365.com\/de\/gewinnzahlen\/bonoloto\/\" \/>\n<meta property=\"og:locale\" content=\"de_DE\" \/>\n<meta property=\"og:type\" content=\"article\" \/>\n<meta property=\"og:title\" content=\"Ergebnisse und Preise f\u00fcr das spanische BonoLoto\" \/>\n<meta property=\"og:description\" content=\"Sehen Sie hier, um herauszufinden, ob Ihr Bonoloto-Ticket gewonnen hat\" \/>\n<meta property=\"og:url\" content=\"https:\/\/onlinelotto365.com\/de\/gewinnzahlen\/bonoloto\/\" \/>\n<meta property=\"og:site_name\" content=\"OnlineLotto365\" \/>\n<meta property=\"article:modified_time\" content=\"2021-01-07T14:03:07+00:00\" \/>\n<meta property=\"og:image\" content=\"https:\/\/redfoxlotto.com\/image?size=8&amp;lottery=bonoloto\" \/>\n<meta name=\"twitter:card\" content=\"summary_large_image\" \/>\n<meta name=\"twitter:label1\" content=\"Gesch\u00e4tzte Lesezeit\" \/>\n\t<meta name=\"twitter:data1\" content=\"3\u00a0Minuten\" \/>\n<script type=\"application\/ld+json\" class=\"yoast-schema-graph\">{\"@context\":\"https:\/\/schema.org\",\"@graph\":[{\"@type\":\"WebPage\",\"@id\":\"https:\/\/onlinelotto365.com\/de\/gewinnzahlen\/bonoloto\/\",\"url\":\"https:\/\/onlinelotto365.com\/de\/gewinnzahlen\/bonoloto\/\",\"name\":\"Ergebnisse und Preise f\u00fcr das spanische BonoLoto\",\"isPartOf\":{\"@id\":\"https:\/\/onlinelotto365.com\/de\/#website\"},\"primaryImageOfPage\":{\"@id\":\"https:\/\/onlinelotto365.com\/de\/gewinnzahlen\/bonoloto\/#primaryimage\"},\"image\":{\"@id\":\"https:\/\/onlinelotto365.com\/de\/gewinnzahlen\/bonoloto\/#primaryimage\"},\"thumbnailUrl\":\"https:\/\/redfoxlotto.com\/image?size=8&amp;lottery=bonoloto\",\"datePublished\":\"2020-12-08T13:36:45+00:00\",\"dateModified\":\"2021-01-07T14:03:07+00:00\",\"description\":\"Sehen Sie hier, um herauszufinden, ob Ihr Bonoloto-Ticket gewonnen hat\",\"breadcrumb\":{\"@id\":\"https:\/\/onlinelotto365.com\/de\/gewinnzahlen\/bonoloto\/#breadcrumb\"},\"inLanguage\":\"de\",\"potentialAction\":[{\"@type\":\"ReadAction\",\"target\":[\"https:\/\/onlinelotto365.com\/de\/gewinnzahlen\/bonoloto\/\"]}]},{\"@type\":\"ImageObject\",\"inLanguage\":\"de\",\"@id\":\"https:\/\/onlinelotto365.com\/de\/gewinnzahlen\/bonoloto\/#primaryimage\",\"url\":\"https:\/\/redfoxlotto.com\/image?size=8&amp;lottery=bonoloto\",\"contentUrl\":\"https:\/\/redfoxlotto.com\/image?size=8&amp;lottery=bonoloto\"},{\"@type\":\"BreadcrumbList\",\"@id\":\"https:\/\/onlinelotto365.com\/de\/gewinnzahlen\/bonoloto\/#breadcrumb\",\"itemListElement\":[{\"@type\":\"ListItem\",\"position\":1,\"name\":\"Home\",\"item\":\"https:\/\/onlinelotto365.com\/de\/\"},{\"@type\":\"ListItem\",\"position\":2,\"name\":\"Finden Sie Gewinnzahlen und Ergebnisse der letzten Lottoziehungen\",\"item\":\"https:\/\/onlinelotto365.com\/de\/gewinnzahlen\/\"},{\"@type\":\"ListItem\",\"position\":3,\"name\":\"Spanische Bonoloto-Ergebnisse\"}]},{\"@type\":\"WebSite\",\"@id\":\"https:\/\/onlinelotto365.com\/de\/#website\",\"url\":\"https:\/\/onlinelotto365.com\/de\/\",\"name\":\"OnlineLotto365\",\"description\":\"\",\"potentialAction\":[{\"@type\":\"SearchAction\",\"target\":{\"@type\":\"EntryPoint\",\"urlTemplate\":\"https:\/\/onlinelotto365.com\/de\/?s={search_term_string}\"},\"query-input\":{\"@type\":\"PropertyValueSpecification\",\"valueRequired\":true,\"valueName\":\"search_term_string\"}}],\"inLanguage\":\"de\"}]}<\/script>\n<!-- \/ Yoast SEO plugin. -->","yoast_head_json":{"title":"Ergebnisse und Preise f\u00fcr das spanische BonoLoto","description":"Sehen Sie hier, um herauszufinden, ob Ihr Bonoloto-Ticket gewonnen hat","robots":{"index":"index","follow":"follow","max-snippet":"max-snippet:-1","max-image-preview":"max-image-preview:large","max-video-preview":"max-video-preview:-1"},"canonical":"https:\/\/onlinelotto365.com\/de\/gewinnzahlen\/bonoloto\/","og_locale":"de_DE","og_type":"article","og_title":"Ergebnisse und Preise f\u00fcr das spanische BonoLoto","og_description":"Sehen Sie hier, um herauszufinden, ob Ihr Bonoloto-Ticket gewonnen hat","og_url":"https:\/\/onlinelotto365.com\/de\/gewinnzahlen\/bonoloto\/","og_site_name":"OnlineLotto365","article_modified_time":"2021-01-07T14:03:07+00:00","og_image":[{"url":"https:\/\/redfoxlotto.com\/image?size=8&amp;lottery=bonoloto"}],"twitter_card":"summary_large_image","twitter_misc":{"Gesch\u00e4tzte Lesezeit":"3\u00a0Minuten"},"schema":{"@context":"https:\/\/schema.org","@graph":[{"@type":"WebPage","@id":"https:\/\/onlinelotto365.com\/de\/gewinnzahlen\/bonoloto\/","url":"https:\/\/onlinelotto365.com\/de\/gewinnzahlen\/bonoloto\/","name":"Ergebnisse und Preise f\u00fcr das spanische BonoLoto","isPartOf":{"@id":"https:\/\/onlinelotto365.com\/de\/#website"},"primaryImageOfPage":{"@id":"https:\/\/onlinelotto365.com\/de\/gewinnzahlen\/bonoloto\/#primaryimage"},"image":{"@id":"https:\/\/onlinelotto365.com\/de\/gewinnzahlen\/bonoloto\/#primaryimage"},"thumbnailUrl":"https:\/\/redfoxlotto.com\/image?size=8&amp;lottery=bonoloto","datePublished":"2020-12-08T13:36:45+00:00","dateModified":"2021-01-07T14:03:07+00:00","description":"Sehen Sie hier, um herauszufinden, ob Ihr Bonoloto-Ticket gewonnen hat","breadcrumb":{"@id":"https:\/\/onlinelotto365.com\/de\/gewinnzahlen\/bonoloto\/#breadcrumb"},"inLanguage":"de","potentialAction":[{"@type":"ReadAction","target":["https:\/\/onlinelotto365.com\/de\/gewinnzahlen\/bonoloto\/"]}]},{"@type":"ImageObject","inLanguage":"de","@id":"https:\/\/onlinelotto365.com\/de\/gewinnzahlen\/bonoloto\/#primaryimage","url":"https:\/\/redfoxlotto.com\/image?size=8&amp;lottery=bonoloto","contentUrl":"https:\/\/redfoxlotto.com\/image?size=8&amp;lottery=bonoloto"},{"@type":"BreadcrumbList","@id":"https:\/\/onlinelotto365.com\/de\/gewinnzahlen\/bonoloto\/#breadcrumb","itemListElement":[{"@type":"ListItem","position":1,"name":"Home","item":"https:\/\/onlinelotto365.com\/de\/"},{"@type":"ListItem","position":2,"name":"Finden Sie Gewinnzahlen und Ergebnisse der letzten Lottoziehungen","item":"https:\/\/onlinelotto365.com\/de\/gewinnzahlen\/"},{"@type":"ListItem","position":3,"name":"Spanische Bonoloto-Ergebnisse"}]},{"@type":"WebSite","@id":"https:\/\/onlinelotto365.com\/de\/#website","url":"https:\/\/onlinelotto365.com\/de\/","name":"OnlineLotto365","description":"","potentialAction":[{"@type":"SearchAction","target":{"@type":"EntryPoint","urlTemplate":"https:\/\/onlinelotto365.com\/de\/?s={search_term_string}"},"query-input":{"@type":"PropertyValueSpecification","valueRequired":true,"valueName":"search_term_string"}}],"inLanguage":"de"}]}},"_links":{"self":[{"href":"https:\/\/onlinelotto365.com\/de\/wp-json\/wp\/v2\/pages\/7876","targetHints":{"allow":["GET"]}}],"collection":[{"href":"https:\/\/onlinelotto365.com\/de\/wp-json\/wp\/v2\/pages"}],"about":[{"href":"https:\/\/onlinelotto365.com\/de\/wp-json\/wp\/v2\/types\/page"}],"author":[{"embeddable":true,"href":"https:\/\/onlinelotto365.com\/de\/wp-json\/wp\/v2\/users\/1"}],"replies":[{"embeddable":true,"href":"https:\/\/onlinelotto365.com\/de\/wp-json\/wp\/v2\/comments?post=7876"}],"version-history":[{"count":0,"href":"https:\/\/onlinelotto365.com\/de\/wp-json\/wp\/v2\/pages\/7876\/revisions"}],"up":[{"embeddable":true,"href":"https:\/\/onlinelotto365.com\/de\/wp-json\/wp\/v2\/pages\/3795"}],"wp:attachment":[{"href":"https:\/\/onlinelotto365.com\/de\/wp-json\/wp\/v2\/media?parent=7876"}],"curies":[{"name":"wp","href":"https:\/\/api.w.org\/{rel}","templated":true}]}}