{"id":7933,"date":"2020-12-08T14:41:13","date_gmt":"2020-12-08T13:41:13","guid":{"rendered":"http:\/\/onlinelotto365.net\/?page_id=7933"},"modified":"2020-12-30T10:36:16","modified_gmt":"2020-12-30T09:36:16","slug":"uk-lottery","status":"publish","type":"page","link":"https:\/\/onlinelotto365.com\/de\/gewinnzahlen\/uk-lottery\/","title":{"rendered":"Ergebnisse der UK-Lotterie"},"content":{"rendered":"<p>Es gibt viele verschiedene internationale Spiele, und wir bieten eine ganze Menge davon an. Das kann bedeuten, dass Sie eine schwere Zeit haben <a href=\"https:\/\/onlinelotto365.com\/de\/gewinnzahlen\"><strong>finden der Ergebnisse<\/strong><\/a> nach der Zeichnung. Manche wollen in die Zeitung schauen, aber Ihre Lokalzeitung <strong>hat vielleicht nicht die Ergebnisse der UK Lottery.<\/strong> Andererseits kann es sein, dass die Fernsehsender diese Ergebnisse auch nicht haben, oder es k\u00f6nnte einige Zeit dauern, den richtigen Sender zu finden, der diese Ergebnisse hat.<\/p>\n<p>Eine weitere M\u00f6glichkeit besteht darin, die offizielle Website der UK Lottery zu besuchen, auf der m\u00f6glicherweise ein <a href=\"https:\/\/onlinelotto365.com\/de\/news\/lotto-leben\">Live-Stream des Ziehungsprozesses<\/a> zu sehen ist. Aber nicht alle Lotteriespiele bieten diese Art von Live-Stream-System an, und selbst wenn dies der Fall ist, m\u00fcssen Sie zur richtigen Zeit vor Ort sein. Welchen Weg k\u00f6nnen Sie also nutzen, um die Ergebnisse der UK Lottery zu finden?<br \/>\nEine andere M\u00f6glichkeit besteht darin, auf YouTube nach der letzten Ziehung der UK Lottery zu suchen, wenn diese bereits vorbei ist. Manchmal werden Leute die Aufzeichnung hochladen oder die Gewinnzahlen auf irgendeine Weise ver\u00f6ffentlichen.<br \/>\n<a href=\"https:\/\/redfoxlotto.com\/de\/spielen\/lotto-uk\/?ref=a8564250a2&amp;medium=ol365\" target=\"_blank\" rel=\"noopener noreferrer\"><img decoding=\"async\" class=\"aligncenter\" src=\"https:\/\/redfoxlotto.com\/image?size=8&amp;lottery=lotto-uk\" alt=\"uk lottery\" \/><\/a><\/p>\n<p>Die einfachste Methode f\u00fcr Sie, die Gewinnzahlen zu erhalten, ist jedoch ein Blick auf unsere Website. Unsere Seite mit den Lotterieergebnissen zeigt Ihnen die Ergebnisse und Preise der britischen Lotterie sowie aller anderen Lotteriespiele, die wir zur Verf\u00fcgung haben.<\/p>\n<h2>So finden Sie heraus, ob Ihr Online-Schein gewonnen hat<\/h2>\n<p><img loading=\"lazy\" decoding=\"async\" class=\"alignright wp-image-3550\" src=\"https:\/\/onlinelotto365.com\/wp-content\/uploads\/2020\/11\/online_lottery-108-300x232.jpg\" alt=\"uk lottery results\" width=\"146\" height=\"113\" srcset=\"https:\/\/onlinelotto365.com\/wp-content\/uploads\/2020\/11\/online_lottery-108-300x232.jpg 300w, https:\/\/onlinelotto365.com\/wp-content\/uploads\/2020\/11\/online_lottery-108.jpg 320w\" sizes=\"auto, (max-width: 146px) 100vw, 146px\" \/> Was f\u00fcr Sie noch besser ist, ist, dass Sie Ihre Kontoseite \u00fcberpr\u00fcfen k\u00f6nnen, wenn Sie bereits Tickets gekauft haben. Auf Ihrer Kontoseite zeigen wir Ihnen die Gewinnzahlen f\u00fcr jedes Los, das Sie haben, und vergleichen sie mit Ihrem eigenen Los. Wir werden sogar die Zahlen hervorheben, die \u00fcbereinstimmen.<br \/>\nUnd wenn Sie weniger als \u20ac2500 gewinnen, brauchen Sie nichts zu tun, denn das Geld wird bereits direkt auf Ihr Spielerkonto \u00fcberwiesen, sobald die Ergebnisse verifiziert sind. Das macht es f\u00fcr Sie einfacher, mehr Karten f\u00fcr die n\u00e4chste Ziehung zu kaufen.<\/p>\n<h2>Archiv der Ergebnisse der UK Lottery<\/h2>\n<p>Jede der Seiten auf unserer Website, die Ihnen die aktuellen Gewinnzahlen zeigen, werden <strong>Ihnen auch die alten Ergebnisse der UK Lottery zeigen<\/strong>. Sie k\u00f6nnen fr\u00fchere Ziehungen f\u00fcr alte Lose \u00fcberpr\u00fcfen oder die Zahlen herausfinden, die Sie beim n\u00e4chsten Mal spielen m\u00f6chten. Schlie\u00dflich sehen sich viele Leute gerne die alten Zahlen an, um ihre eigenen zu ziehen.<\/p>\n<h2>Mein Los hat gewonnen, wie geht es weiter?<\/h2>\n<p>Wenn Sie ein Gewinnlos haben und Ihnen weniger als \u20ac2500 zustehen, brauchen Sie gar nichts zu tun. Wir k\u00fcmmern uns um alles f\u00fcr Sie und sorgen daf\u00fcr, dass Sie Ihren Gewinn direkt auf Ihr Konto \u00fcberwiesen bekommen. Wenn Sie dieses Geld verwenden m\u00f6chten, k\u00f6nnen Sie es f\u00fcr den Kauf von noch mehr Losen verwenden. Wenn Sie das nicht tun, k\u00f6nnen Sie das Geld abheben, solange Sie mindestens 10 \u20ac zur Verf\u00fcgung haben. Dieses Geld muss mit einer Zahlungsmethode abgehoben werden, die bereits auf unserer Website verwendet wurde, und m\u00f6glicherweise m\u00fcssen Sie Ihre Identit\u00e4t \u00fcberpr\u00fcfen, um die Bundesvorschriften einzuhalten.<\/p>\n","protected":false},"excerpt":{"rendered":"<p>Es gibt viele verschiedene internationale Spiele, und wir bieten eine ganze Menge davon an. Das kann bedeuten, dass Sie eine schwere Zeit haben finden der Ergebnisse nach der Zeichnung. Manche wollen in die Zeitung schauen, aber Ihre Lokalzeitung hat vielleicht nicht die Ergebnisse der UK Lottery. Andererseits kann es sein, dass die Fernsehsender diese Ergebnisse [&hellip;]<\/p>\n","protected":false},"author":1,"featured_media":0,"parent":3795,"menu_order":9,"comment_status":"closed","ping_status":"closed","template":"lotto-uk-results.php","meta":{"_et_pb_use_builder":"","_et_pb_old_content":"","_et_gb_content_width":"","exclude_from_search":false,"footnotes":""},"class_list":["post-7933","page","type-page","status-publish","hentry"],"yoast_head":"<!-- This site is optimized with the Yoast SEO plugin v23.4 - https:\/\/yoast.com\/wordpress\/plugins\/seo\/ -->\n<title>Ergebnisse, Gewinnzahlen f\u00fcr die UK Lottery<\/title>\n<meta name=\"description\" content=\"Gleich nach der Ziehung k\u00f6nnen Sie hier die Ergebnisse und Zahlen der britischen Lotterie einsehen\" \/>\n<meta name=\"robots\" content=\"index, follow, max-snippet:-1, max-image-preview:large, max-video-preview:-1\" \/>\n<link rel=\"canonical\" href=\"https:\/\/onlinelotto365.com\/de\/gewinnzahlen\/uk-lottery\/\" \/>\n<meta property=\"og:locale\" content=\"de_DE\" \/>\n<meta property=\"og:type\" content=\"article\" \/>\n<meta property=\"og:title\" content=\"Ergebnisse, Gewinnzahlen f\u00fcr die UK Lottery\" \/>\n<meta property=\"og:description\" content=\"Gleich nach der Ziehung k\u00f6nnen Sie hier die Ergebnisse und Zahlen der britischen Lotterie einsehen\" \/>\n<meta property=\"og:url\" content=\"https:\/\/onlinelotto365.com\/de\/gewinnzahlen\/uk-lottery\/\" \/>\n<meta property=\"og:site_name\" content=\"OnlineLotto365\" \/>\n<meta property=\"article:modified_time\" content=\"2020-12-30T09:36:16+00:00\" \/>\n<meta property=\"og:image\" content=\"https:\/\/redfoxlotto.com\/image?size=8&amp;lottery=lotto-uk\" \/>\n<meta name=\"twitter:card\" content=\"summary_large_image\" \/>\n<meta name=\"twitter:label1\" content=\"Gesch\u00e4tzte Lesezeit\" \/>\n\t<meta name=\"twitter:data1\" content=\"3\u00a0Minuten\" \/>\n<script type=\"application\/ld+json\" class=\"yoast-schema-graph\">{\"@context\":\"https:\/\/schema.org\",\"@graph\":[{\"@type\":\"WebPage\",\"@id\":\"https:\/\/onlinelotto365.com\/de\/gewinnzahlen\/uk-lottery\/\",\"url\":\"https:\/\/onlinelotto365.com\/de\/gewinnzahlen\/uk-lottery\/\",\"name\":\"Ergebnisse, Gewinnzahlen f\u00fcr die UK Lottery\",\"isPartOf\":{\"@id\":\"https:\/\/onlinelotto365.com\/de\/#website\"},\"primaryImageOfPage\":{\"@id\":\"https:\/\/onlinelotto365.com\/de\/gewinnzahlen\/uk-lottery\/#primaryimage\"},\"image\":{\"@id\":\"https:\/\/onlinelotto365.com\/de\/gewinnzahlen\/uk-lottery\/#primaryimage\"},\"thumbnailUrl\":\"https:\/\/redfoxlotto.com\/image?size=8&amp;lottery=lotto-uk\",\"datePublished\":\"2020-12-08T13:41:13+00:00\",\"dateModified\":\"2020-12-30T09:36:16+00:00\",\"description\":\"Gleich nach der Ziehung k\u00f6nnen Sie hier die Ergebnisse und Zahlen der britischen Lotterie einsehen\",\"breadcrumb\":{\"@id\":\"https:\/\/onlinelotto365.com\/de\/gewinnzahlen\/uk-lottery\/#breadcrumb\"},\"inLanguage\":\"de\",\"potentialAction\":[{\"@type\":\"ReadAction\",\"target\":[\"https:\/\/onlinelotto365.com\/de\/gewinnzahlen\/uk-lottery\/\"]}]},{\"@type\":\"ImageObject\",\"inLanguage\":\"de\",\"@id\":\"https:\/\/onlinelotto365.com\/de\/gewinnzahlen\/uk-lottery\/#primaryimage\",\"url\":\"https:\/\/redfoxlotto.com\/image?size=8&amp;lottery=lotto-uk\",\"contentUrl\":\"https:\/\/redfoxlotto.com\/image?size=8&amp;lottery=lotto-uk\"},{\"@type\":\"BreadcrumbList\",\"@id\":\"https:\/\/onlinelotto365.com\/de\/gewinnzahlen\/uk-lottery\/#breadcrumb\",\"itemListElement\":[{\"@type\":\"ListItem\",\"position\":1,\"name\":\"Home\",\"item\":\"https:\/\/onlinelotto365.com\/de\/\"},{\"@type\":\"ListItem\",\"position\":2,\"name\":\"Finden Sie Gewinnzahlen und Ergebnisse der letzten Lottoziehungen\",\"item\":\"https:\/\/onlinelotto365.com\/de\/gewinnzahlen\/\"},{\"@type\":\"ListItem\",\"position\":3,\"name\":\"Ergebnisse der UK-Lotterie\"}]},{\"@type\":\"WebSite\",\"@id\":\"https:\/\/onlinelotto365.com\/de\/#website\",\"url\":\"https:\/\/onlinelotto365.com\/de\/\",\"name\":\"OnlineLotto365\",\"description\":\"\",\"potentialAction\":[{\"@type\":\"SearchAction\",\"target\":{\"@type\":\"EntryPoint\",\"urlTemplate\":\"https:\/\/onlinelotto365.com\/de\/?s={search_term_string}\"},\"query-input\":{\"@type\":\"PropertyValueSpecification\",\"valueRequired\":true,\"valueName\":\"search_term_string\"}}],\"inLanguage\":\"de\"}]}<\/script>\n<!-- \/ Yoast SEO plugin. -->","yoast_head_json":{"title":"Ergebnisse, Gewinnzahlen f\u00fcr die UK Lottery","description":"Gleich nach der Ziehung k\u00f6nnen Sie hier die Ergebnisse und Zahlen der britischen Lotterie einsehen","robots":{"index":"index","follow":"follow","max-snippet":"max-snippet:-1","max-image-preview":"max-image-preview:large","max-video-preview":"max-video-preview:-1"},"canonical":"https:\/\/onlinelotto365.com\/de\/gewinnzahlen\/uk-lottery\/","og_locale":"de_DE","og_type":"article","og_title":"Ergebnisse, Gewinnzahlen f\u00fcr die UK Lottery","og_description":"Gleich nach der Ziehung k\u00f6nnen Sie hier die Ergebnisse und Zahlen der britischen Lotterie einsehen","og_url":"https:\/\/onlinelotto365.com\/de\/gewinnzahlen\/uk-lottery\/","og_site_name":"OnlineLotto365","article_modified_time":"2020-12-30T09:36:16+00:00","og_image":[{"url":"https:\/\/redfoxlotto.com\/image?size=8&amp;lottery=lotto-uk"}],"twitter_card":"summary_large_image","twitter_misc":{"Gesch\u00e4tzte Lesezeit":"3\u00a0Minuten"},"schema":{"@context":"https:\/\/schema.org","@graph":[{"@type":"WebPage","@id":"https:\/\/onlinelotto365.com\/de\/gewinnzahlen\/uk-lottery\/","url":"https:\/\/onlinelotto365.com\/de\/gewinnzahlen\/uk-lottery\/","name":"Ergebnisse, Gewinnzahlen f\u00fcr die UK Lottery","isPartOf":{"@id":"https:\/\/onlinelotto365.com\/de\/#website"},"primaryImageOfPage":{"@id":"https:\/\/onlinelotto365.com\/de\/gewinnzahlen\/uk-lottery\/#primaryimage"},"image":{"@id":"https:\/\/onlinelotto365.com\/de\/gewinnzahlen\/uk-lottery\/#primaryimage"},"thumbnailUrl":"https:\/\/redfoxlotto.com\/image?size=8&amp;lottery=lotto-uk","datePublished":"2020-12-08T13:41:13+00:00","dateModified":"2020-12-30T09:36:16+00:00","description":"Gleich nach der Ziehung k\u00f6nnen Sie hier die Ergebnisse und Zahlen der britischen Lotterie einsehen","breadcrumb":{"@id":"https:\/\/onlinelotto365.com\/de\/gewinnzahlen\/uk-lottery\/#breadcrumb"},"inLanguage":"de","potentialAction":[{"@type":"ReadAction","target":["https:\/\/onlinelotto365.com\/de\/gewinnzahlen\/uk-lottery\/"]}]},{"@type":"ImageObject","inLanguage":"de","@id":"https:\/\/onlinelotto365.com\/de\/gewinnzahlen\/uk-lottery\/#primaryimage","url":"https:\/\/redfoxlotto.com\/image?size=8&amp;lottery=lotto-uk","contentUrl":"https:\/\/redfoxlotto.com\/image?size=8&amp;lottery=lotto-uk"},{"@type":"BreadcrumbList","@id":"https:\/\/onlinelotto365.com\/de\/gewinnzahlen\/uk-lottery\/#breadcrumb","itemListElement":[{"@type":"ListItem","position":1,"name":"Home","item":"https:\/\/onlinelotto365.com\/de\/"},{"@type":"ListItem","position":2,"name":"Finden Sie Gewinnzahlen und Ergebnisse der letzten Lottoziehungen","item":"https:\/\/onlinelotto365.com\/de\/gewinnzahlen\/"},{"@type":"ListItem","position":3,"name":"Ergebnisse der UK-Lotterie"}]},{"@type":"WebSite","@id":"https:\/\/onlinelotto365.com\/de\/#website","url":"https:\/\/onlinelotto365.com\/de\/","name":"OnlineLotto365","description":"","potentialAction":[{"@type":"SearchAction","target":{"@type":"EntryPoint","urlTemplate":"https:\/\/onlinelotto365.com\/de\/?s={search_term_string}"},"query-input":{"@type":"PropertyValueSpecification","valueRequired":true,"valueName":"search_term_string"}}],"inLanguage":"de"}]}},"_links":{"self":[{"href":"https:\/\/onlinelotto365.com\/de\/wp-json\/wp\/v2\/pages\/7933","targetHints":{"allow":["GET"]}}],"collection":[{"href":"https:\/\/onlinelotto365.com\/de\/wp-json\/wp\/v2\/pages"}],"about":[{"href":"https:\/\/onlinelotto365.com\/de\/wp-json\/wp\/v2\/types\/page"}],"author":[{"embeddable":true,"href":"https:\/\/onlinelotto365.com\/de\/wp-json\/wp\/v2\/users\/1"}],"replies":[{"embeddable":true,"href":"https:\/\/onlinelotto365.com\/de\/wp-json\/wp\/v2\/comments?post=7933"}],"version-history":[{"count":0,"href":"https:\/\/onlinelotto365.com\/de\/wp-json\/wp\/v2\/pages\/7933\/revisions"}],"up":[{"embeddable":true,"href":"https:\/\/onlinelotto365.com\/de\/wp-json\/wp\/v2\/pages\/3795"}],"wp:attachment":[{"href":"https:\/\/onlinelotto365.com\/de\/wp-json\/wp\/v2\/media?parent=7933"}],"curies":[{"name":"wp","href":"https:\/\/api.w.org\/{rel}","templated":true}]}}